{"id":9991,"date":"2016-08-03T15:35:53","date_gmt":"2016-08-03T13:35:53","guid":{"rendered":"https:\/\/www.nooteboom.com\/?page_id=9991&#038;lang=pl"},"modified":"2021-10-12T09:37:22","modified_gmt":"2021-10-12T07:37:22","slug":"2012-dzis-v-pokolenie-marinka-nooteboom","status":"publish","type":"page","link":"https:\/\/www.nooteboom.com\/pl\/kim-jestesmy\/historia\/2012-dzis-v-pokolenie-marinka-nooteboom\/","title":{"rendered":"2012 \u2013 do dzi\u015b: V pokolenie : Marinka Nooteboom"},"content":{"rendered":"<div class=\"wpb-content-wrapper\"><p>[vc_row][vc_column][vc_column_text]W 2012 roku Marinka Nooteboom, c\u00f3rka Henka Nootebooma, zostaje powo\u0142ana na Dyrektora Generalnego Koninklijke Nooteboom Group, firmy zatrudniaj\u0105cej 500 pracownik\u00f3w. Ma ona za sob\u0105 udan\u0105 karier\u0119 w bankowo\u015bci. Wydajne zarz\u0105dzanie i optymalizacja proces\u00f3w produkcji s\u0105 wa\u017cnymi obszarami wymagaj\u0105cymi szczeg\u00f3lnej uwagi, jako \u017ce Marinka Nooteboom przejmuje stery w trakcie recesji w Europie.<\/p>\n<p>Jednak w czasach, w kt\u00f3rych trzeba oszcz\u0119dza\u0107, firma Nooteboom wci\u0105\u017c b\u0119dzie inwestowa\u0107 w\u00a0jako\u015b\u0107, us\u0142ugi i innowacyjno\u015b\u0107.\u00a0Jednocze\u015bnie gwarantuj\u0105c, \u017ce cena wysokiej jako\u015bci pojazd\u00f3w pozostanie konkurencyjna.[\/vc_column_text][\/vc_column][\/vc_row][vc_row][vc_column width=&#8221;1\/2&#8243;][vc_single_image image=&#8221;1165&#8243; img_size=&#8221;large&#8221;][\/vc_column][vc_column width=&#8221;1\/2&#8243;][vc_column_text]Po najni\u017cszym punkcie og\u00f3lnoeuropejskiego kryzysu nast\u0105pi\u0142o o\u017cywienie w latach 2013 i 2014. Ob\u0142o\u017cenie lini produkcyjnych jest na poziomie standardowym, a liczba zam\u00f3wie\u0144 sukcesywnie ro\u015bnie. Po latach ci\u0119\u0107 firmy transportowe s\u0105 gotowe do wymiany taboru. Inwestycje w innowacje produktowe, nawet w czasach kryzysu, przynosz\u0105 pozytywne rezultaty. W 2013 roku najnowszy model, naczepa niskopodwoziowa PXE z 9 liniami osi, okaza\u0142 si\u0119 strza\u0142em w dziesi\u0105tk\u0119. Cenna okazuje si\u0119 r\u00f3wnie\u017c czo\u0142owa pozycja w rozwi\u0105zaniach transportowych dla turbin wiatrowych. W 2015 roku Nooteboom prezentuje naczep\u0119 semi-niskopodwoziow\u0105 Manoovr na targach Bedrijfsauto RAI w Amsterdamie. Dzi\u0119ki tej prze\u0142omowej innowacji Nooteboom zdobywa wiele mi\u0119dzynarodowych nagr\u00f3d za innowacje. W nast\u0119pnych latach pojawia si\u0119 kilka innowacji, w tym Longrunner czyli seria rozci\u0105ganych naczep d\u0142u\u017cycowych, najwi\u0119ksza naczepa niskopodwoziowa 4+6 Euro-PX oraz lekka, rozci\u0105gana naczepa semi-niskopodwoziowa z zag\u0142\u0119bieniami pod ko\u0142a. Opr\u00f3cz innowacji produktowych coraz wi\u0119ksz\u0105 rol\u0119 odgrywaj\u0105 r\u00f3wnie\u017c innowacje procesowe, a na linie produkcyjne wdra\u017cane s\u0105 pierwsze roboty. Efektywne operacje biznesowe i optymalizacja procesu produkcyjnego to wa\u017cne obszary, na kt\u00f3re nale\u017cy zwr\u00f3ci\u0107 uwag\u0119. Pomimo pandemii koronawirusa, Nooteboom jest w stanie zamkn\u0105\u0107 rok 2020 z dobrym wynikiem, a portfolio zam\u00f3wie\u0144 jest bardzo dobrze wype\u0142nione. Aby sprosta\u0107 rosn\u0105cemu mi\u0119dzynarodowemu popytowi na pojazdy Nooteboom, moce produkcyjne zostan\u0105 jeszcze bardziej zwi\u0119kszone w 2021 roku.[\/vc_column_text][\/vc_column][\/vc_row][vc_row full_width=&#8221;stretch_row_content_no_spaces&#8221; row_class=&#8221;&#8221;][vc_column]\n\t<div id=\"slider-69eb9ed8ded20\" class=\"vc_timeline timeline centered\">\n\n\t\t<ul class=\"slides\">\n\t\t\t\t\t\t\t<li>\n\t\t\t\t\t\t\t\t\t\t<a class=\"timeline__inner\" target=\"\" href=\"https:\/\/www.nooteboom.com\/pl\/kim-jestesmy\/historia\/1881-1921-pokolenie\/\">\n\t\t\t\t\t\t\t\t\t\t\t\t\t\t\t\t\t\t<img decoding=\"async\" src=\"https:\/\/www.nooteboom.com\/wp-content\/uploads\/Nooteboom-horseshoes-fitting-275x165.jpg\" alt=\"1st generation\">\n\t\t\t\t\t\t\t\t\t\t\t\t\t\t\t\t\t\t\t<p class=\"timeline__title\">1881-1921: I pokolenie<\/p>\n\t\t\t\t\t\t\t\t\t\t\t\t\t\t\t\t\t\t\t<p>W 1881 roku 26-letni Willem Nooteboom (zdj\u0119cie poni\u017cej), syn kowala z Schiebroek, otwiera swoj\u0105 w\u0142asn\u0105 ku\u017ani\u0119 w wiosce Kethel, o rzut beretem od Rotterdamu.<\/p>\n\t\t\t\t\t\t\t\t\t\t\t\t\t\t\t\t\t<\/a>\n\t\t\t\t\t\t\t\t\t<\/li>\n\t\t\t\t\t\t\t<li>\n\t\t\t\t\t\t\t\t\t\t<a class=\"timeline__inner\" target=\"\" href=\"https:\/\/www.nooteboom.com\/pl\/kim-jestesmy\/historia\/1921-1939-ii-pokolenie\/\">\n\t\t\t\t\t\t\t\t\t\t\t\t\t\t\t\t\t\t<img decoding=\"async\" src=\"https:\/\/www.nooteboom.com\/wp-content\/uploads\/Henk-Jan-Nooteboom-275x165.jpg\" alt=\"Henk Jan Nooteboom\">\n\t\t\t\t\t\t\t\t\t\t\t\t\t\t\t\t\t\t\t<p class=\"timeline__title\">1921-1939: II pokolenie<\/p>\n\t\t\t\t\t\t\t\t\t\t\t\t\t\t\t\t\t\t\t<p>Do\u0142\u0105czaj\u0105c do firmy w 1921 roku, Henk Jan Nooteboom (zdj\u0119cie poni\u017cej) przewiduje rozw\u00f3j pojazd\u00f3w.\n<\/p>\n\t\t\t\t\t\t\t\t\t\t\t\t\t\t\t\t\t<\/a>\n\t\t\t\t\t\t\t\t\t<\/li>\n\t\t\t\t\t\t\t<li>\n\t\t\t\t\t\t\t\t\t\t<a class=\"timeline__inner\" target=\"\" href=\"https:\/\/www.nooteboom.com\/pl\/kim-jestesmy\/historia\/1939-1953-iii-pokolenie\/\">\n\t\t\t\t\t\t\t\t\t\t\t\t\t\t\t\t\t\t<img decoding=\"async\" src=\"https:\/\/www.nooteboom.com\/wp-content\/uploads\/Nooteboom-Tipper-275x165.jpg\" alt=\"Nooteboom Tipper\">\n\t\t\t\t\t\t\t\t\t\t\t\t\t\t\t\t\t\t\t<p class=\"timeline__title\">1939-1953: III pokolenie<\/p>\n\t\t\t\t\t\t\t\t\t\t\t\t\t\t\t\t\t\t\t<p>W 1939 roku Anton Nooteboom do\u0142\u0105cza do firmy, w kt\u00f3ra w ci\u0105gu nast\u0119pnych kilku lat z powodzeniem zostanie producentem nowoczesnych pojazd\u00f3w transportowych.\n<\/p>\n\t\t\t\t\t\t\t\t\t\t\t\t\t\t\t\t\t<\/a>\n\t\t\t\t\t\t\t\t\t<\/li>\n\t\t\t\t\t\t\t<li>\n\t\t\t\t\t\t\t\t\t\t<a class=\"timeline__inner\" target=\"\" href=\"https:\/\/www.nooteboom.com\/pl\/kim-jestesmy\/historia\/1953-1979-iii-pokolenie\/\">\n\t\t\t\t\t\t\t\t\t\t\t\t\t\t\t\t\t\t<img decoding=\"async\" src=\"https:\/\/www.nooteboom.com\/wp-content\/uploads\/Nooteboom-Utrecht-275x165.jpg\" alt=\"Nooteboom Utrecht\">\n\t\t\t\t\t\t\t\t\t\t\t\t\t\t\t\t\t\t\t<p class=\"timeline__title\">1953-1979: III pokolenie<\/p>\n\t\t\t\t\t\t\t\t\t\t\t\t\t\t\t\t\t\t\t<p>Po katastrofalnej powodzi w Zelandii w 1953 roku rozpoczyna si\u0119 odbudowa regionu; pojawia si\u0119 wielkie zapotrzebowanie na naczepy niskopodwoziowe i koparki.<\/p>\n\t\t\t\t\t\t\t\t\t\t\t\t\t\t\t\t\t<\/a>\n\t\t\t\t\t\t\t\t\t<\/li>\n\t\t\t\t\t\t\t<li>\n\t\t\t\t\t\t\t\t\t\t<a class=\"timeline__inner\" target=\"\" href=\"https:\/\/www.nooteboom.com\/pl\/kim-jestesmy\/historia\/1967-1979-iv-pokolenie\/\">\n\t\t\t\t\t\t\t\t\t\t\t\t\t\t\t\t\t\t<img decoding=\"async\" src=\"https:\/\/www.nooteboom.com\/wp-content\/uploads\/Nooteboom-ODU-low-loader-275x165.png\" alt=\"Nooteboom ODU low-loader\">\n\t\t\t\t\t\t\t\t\t\t\t\t\t\t\t\t\t\t\t<p class=\"timeline__title\">1967-1979: IV pokolenie<\/p>\n\t\t\t\t\t\t\t\t\t\t\t\t\t\t\t\t\t\t\t<p>Anton Nooteboom jest zaanga\u017cowany w dzia\u0142alno\u015b\u0107 rodzinnej firmy do 1979 roku, ale w 1967 roku otrzymuje wsparcie. Po powrocie z pracy za granic\u0105 Dick Nooteboom jest pierwszym synem, kt\u00f3ry do\u0142\u0105cza do firmy.\n\n<\/p>\n\t\t\t\t\t\t\t\t\t\t\t\t\t\t\t\t\t<\/a>\n\t\t\t\t\t\t\t\t\t<\/li>\n\t\t\t\t\t\t\t<li>\n\t\t\t\t\t\t\t\t\t\t<a class=\"timeline__inner\" target=\"\" href=\"https:\/\/www.nooteboom.com\/pl\/kim-jestesmy\/historia\/1979-2012-iv-pokolenie\/\">\n\t\t\t\t\t\t\t\t\t\t\t\t\t\t\t\t\t\t<img decoding=\"async\" src=\"https:\/\/www.nooteboom.com\/wp-content\/uploads\/Opening-Nooteboom-Wijchen-with-Neelie-Smit-Kroes-275x165.jpg\" alt=\"Opening Nooteboom Wijchen with Neelie Smit Kroes\">\n\t\t\t\t\t\t\t\t\t\t\t\t\t\t\t\t\t\t\t<p class=\"timeline__title\">1979-2012: IV pokolenie<\/p>\n\t\t\t\t\t\t\t\t\t\t\t\t\t\t\t\t\t\t\t<p>Przej\u0119cie przedsi\u0119biorstwa C.M.K. w Wijchen prowadzi do za\u0142o\u017cenia firmy Nooteboom Trailers B.V. w Wijchen. Znacznie wzrasta poziom eksportu; zostaje ustanowiony mi\u0119dzynarodowy system dystrybucji cz\u0119\u015bci. <\/p>\n\t\t\t\t\t\t\t\t\t\t\t\t\t\t\t\t\t<\/a>\n\t\t\t\t\t\t\t\t\t<\/li>\n\t\t\t\t\t\t\t<li>\n\t\t\t\t\t\t\t\t\t\t<a class=\"timeline__inner\" target=\"\" href=\"https:\/\/www.nooteboom.com\/pl\/kim-jestesmy\/historia\/2012-dzis-v-pokolenie-marinka-nooteboom\/\">\n\t\t\t\t\t\t\t\t\t\t\t\t\t\t\t\t\t\t<img decoding=\"async\" src=\"https:\/\/www.nooteboom.com\/wp-content\/uploads\/Marinka-Nooteboom-1-275x165.jpg\" alt=\"Marinka Nooteboom\">\n\t\t\t\t\t\t\t\t\t\t\t\t\t\t\t\t\t\t\t<p class=\"timeline__title\">2012 do dzi\u015b V pokolenie: Marinka Nooteboom<\/p>\n\t\t\t\t\t\t\t\t\t\t\t\t\t\t\t\t\t\t\t<p>W 2012 roku Marinka Nooteboom, c\u00f3rka Henka Nootebooma, zostaje powo\u0142ana na Dyrektora Generalnego Koninklijke Nooteboom Group, firmy zatrudniaj\u0105cej 350 pracownik\u00f3w.<\/p>\n\t\t\t\t\t\t\t\t\t\t\t\t\t\t\t\t\t<\/a>\n\t\t\t\t\t\t\t\t\t<\/li>\n\t\t\t\t\t<\/ul>\n\n\t<\/div>\n\n\t<script type=\"text\/javascript\">\n\t\tjQuery( document ).ready( function( $ ) {\n\n\t\t\t$( '#slider-69eb9ed8ded20' ).flexslider( {\n\t\t\t\tanimation: 'slide',\n\t\t\t\tanimationLoop: false,\n\t\t\t\titemWidth: 295,\n\t\t\t\titemMargin: 0,\n\t\t\t\tminItems: 1,\n\t\t\t\tmaxItems: 4,\n\t\t\t\tmove: 1,\n\t\t\t\tdirectionNav: true,\n\t\t\t\tcontrolNav: false\n\t\t\t} );\n\n\t\t\t$( '#slider-69eb9ed8ded20 .timeline__prev' ).on( 'click', function( event ) {\n\n\t\t\t\tevent.preventDefault();\n\t\t\t\t$( '#slider-69eb9ed8ded20' ).flexslider( 'prev' )\n\n\t\t\t} );\n\n\t\t\t$( '#slider-69eb9ed8ded20 .timeline__next' ).on( 'click', function( event ) {\n\n\t\t\t\tevent.preventDefault();\n\t\t\t\t$( '#slider-69eb9ed8ded20' ).flexslider( 'next' )\n\n\t\t\t} );\n\n\t\t} );\n\t<\/script>\n\n[\/vc_column][\/vc_row]<\/p>\n<\/div>","protected":false},"excerpt":{"rendered":"[vc_row][vc_column][vc_column_text]W 2012 roku Marinka Nooteboom, c\u00f3rka Henka Nootebooma, zostaje powo\u0142ana na Dyrektora Generalnego Koninklijke Nooteboom Group, firmy zatrudniaj\u0105cej 500 pracownik\u00f3w&#8230;.","protected":false},"author":45,"featured_media":1875807,"parent":9977,"menu_order":7,"comment_status":"closed","ping_status":"closed","template":"","meta":{"_acf_changed":false,"inline_featured_image":false,"footnotes":""},"class_list":["post-9991","page","type-page","status-publish","has-post-thumbnail","hentry"],"acf":[],"yoast_head":"<!-- This site is optimized with the Yoast SEO Premium plugin v25.7.1 (Yoast SEO v25.7) - https:\/\/yoast.com\/wordpress\/plugins\/seo\/ -->\n<title>2012 \u2013 do dzi\u015b: V pokolenie : Marinka Nooteboom | Nooteboom Trailers<\/title>\n<meta name=\"description\" content=\"W 2012 roku Marinka Nooteboom, c\u00f3rka Henka Nootebooma, zostaje powo\u0142ana na Dyrektora Generalnego Nooteboom Group, firmy zatrudniaj\u0105cej 350 pracownik\u00f3w.\" \/>\n<meta name=\"robots\" content=\"index, follow, max-snippet:-1, max-image-preview:large, max-video-preview:-1\" \/>\n<link rel=\"canonical\" href=\"https:\/\/www.nooteboom.com\/pl\/kim-jestesmy\/historia\/2012-dzis-v-pokolenie-marinka-nooteboom\/\" \/>\n<meta property=\"og:locale\" content=\"pl_PL\" \/>\n<meta property=\"og:type\" content=\"article\" \/>\n<meta property=\"og:title\" content=\"2012 \u2013 do dzi\u015b: V pokolenie : Marinka Nooteboom\" \/>\n<meta property=\"og:description\" content=\"W 2012 roku Marinka Nooteboom, c\u00f3rka Henka Nootebooma, zostaje powo\u0142ana na Dyrektora Generalnego Nooteboom Group, firmy zatrudniaj\u0105cej 350 pracownik\u00f3w.\" \/>\n<meta property=\"og:url\" content=\"https:\/\/www.nooteboom.com\/pl\/kim-jestesmy\/historia\/2012-dzis-v-pokolenie-marinka-nooteboom\/\" \/>\n<meta property=\"og:site_name\" content=\"Nooteboom Trailers\" \/>\n<meta property=\"article:publisher\" content=\"https:\/\/nl-nl.facebook.com\/nooteboomtrailers\/\" \/>\n<meta property=\"article:modified_time\" content=\"2021-10-12T07:37:22+00:00\" \/>\n<meta property=\"og:image\" content=\"https:\/\/www.nooteboom.com\/wp-content\/uploads\/Marinka-Nooteboom_over_Nooteboom.jpg\" \/>\n\t<meta property=\"og:image:width\" content=\"1920\" \/>\n\t<meta property=\"og:image:height\" content=\"819\" \/>\n\t<meta property=\"og:image:type\" content=\"image\/jpeg\" \/>\n<meta name=\"twitter:card\" content=\"summary_large_image\" \/>\n<meta name=\"twitter:label1\" content=\"Szacowany czas czytania\" \/>\n\t<meta name=\"twitter:data1\" content=\"4 minuty\" \/>\n<script type=\"application\/ld+json\" class=\"yoast-schema-graph\">{\"@context\":\"https:\/\/schema.org\",\"@graph\":[{\"@type\":\"WebPage\",\"@id\":\"https:\/\/www.nooteboom.com\/pl\/kim-jestesmy\/historia\/2012-dzis-v-pokolenie-marinka-nooteboom\/\",\"url\":\"https:\/\/www.nooteboom.com\/pl\/kim-jestesmy\/historia\/2012-dzis-v-pokolenie-marinka-nooteboom\/\",\"name\":\"2012 \u2013 do dzi\u015b: V pokolenie : Marinka Nooteboom | Nooteboom Trailers\",\"isPartOf\":{\"@id\":\"https:\/\/www.nooteboom.com\/pl\/#website\"},\"primaryImageOfPage\":{\"@id\":\"https:\/\/www.nooteboom.com\/pl\/kim-jestesmy\/historia\/2012-dzis-v-pokolenie-marinka-nooteboom\/#primaryimage\"},\"image\":{\"@id\":\"https:\/\/www.nooteboom.com\/pl\/kim-jestesmy\/historia\/2012-dzis-v-pokolenie-marinka-nooteboom\/#primaryimage\"},\"thumbnailUrl\":\"https:\/\/www.nooteboom.com\/wp-content\/uploads\/Marinka-Nooteboom_over_Nooteboom.jpg\",\"datePublished\":\"2016-08-03T13:35:53+00:00\",\"dateModified\":\"2021-10-12T07:37:22+00:00\",\"description\":\"W 2012 roku Marinka Nooteboom, c\u00f3rka Henka Nootebooma, zostaje powo\u0142ana na Dyrektora Generalnego Nooteboom Group, firmy zatrudniaj\u0105cej 350 pracownik\u00f3w.\",\"breadcrumb\":{\"@id\":\"https:\/\/www.nooteboom.com\/pl\/kim-jestesmy\/historia\/2012-dzis-v-pokolenie-marinka-nooteboom\/#breadcrumb\"},\"inLanguage\":\"pl-PL\",\"potentialAction\":[{\"@type\":\"ReadAction\",\"target\":[\"https:\/\/www.nooteboom.com\/pl\/kim-jestesmy\/historia\/2012-dzis-v-pokolenie-marinka-nooteboom\/\"]}]},{\"@type\":\"ImageObject\",\"inLanguage\":\"pl-PL\",\"@id\":\"https:\/\/www.nooteboom.com\/pl\/kim-jestesmy\/historia\/2012-dzis-v-pokolenie-marinka-nooteboom\/#primaryimage\",\"url\":\"https:\/\/www.nooteboom.com\/wp-content\/uploads\/Marinka-Nooteboom_over_Nooteboom.jpg\",\"contentUrl\":\"https:\/\/www.nooteboom.com\/wp-content\/uploads\/Marinka-Nooteboom_over_Nooteboom.jpg\",\"width\":1920,\"height\":819},{\"@type\":\"BreadcrumbList\",\"@id\":\"https:\/\/www.nooteboom.com\/pl\/kim-jestesmy\/historia\/2012-dzis-v-pokolenie-marinka-nooteboom\/#breadcrumb\",\"itemListElement\":[{\"@type\":\"ListItem\",\"position\":1,\"name\":\"Home\",\"item\":\"https:\/\/www.nooteboom.com\/pl\/\"},{\"@type\":\"ListItem\",\"position\":2,\"name\":\"Kim jeste\u015bmy\",\"item\":\"https:\/\/www.nooteboom.com\/pl\/kim-jestesmy\/\"},{\"@type\":\"ListItem\",\"position\":3,\"name\":\"Historia\",\"item\":\"https:\/\/www.nooteboom.com\/pl\/kim-jestesmy\/historia\/\"},{\"@type\":\"ListItem\",\"position\":4,\"name\":\"2012 \u2013 do dzi\u015b: V pokolenie : Marinka Nooteboom\"}]},{\"@type\":\"WebSite\",\"@id\":\"https:\/\/www.nooteboom.com\/pl\/#website\",\"url\":\"https:\/\/www.nooteboom.com\/pl\/\",\"name\":\"Nooteboom Trailers\",\"description\":\"Gets you there.\",\"publisher\":{\"@id\":\"https:\/\/www.nooteboom.com\/pl\/#organization\"},\"potentialAction\":[{\"@type\":\"SearchAction\",\"target\":{\"@type\":\"EntryPoint\",\"urlTemplate\":\"https:\/\/www.nooteboom.com\/pl\/?s={search_term_string}\"},\"query-input\":{\"@type\":\"PropertyValueSpecification\",\"valueRequired\":true,\"valueName\":\"search_term_string\"}}],\"inLanguage\":\"pl-PL\"},{\"@type\":\"Organization\",\"@id\":\"https:\/\/www.nooteboom.com\/pl\/#organization\",\"name\":\"Nooteboom Trailers\",\"url\":\"https:\/\/www.nooteboom.com\/pl\/\",\"logo\":{\"@type\":\"ImageObject\",\"inLanguage\":\"pl-PL\",\"@id\":\"https:\/\/www.nooteboom.com\/pl\/#\/schema\/logo\/image\/\",\"url\":\"https:\/\/www.nooteboom.com\/wp-content\/uploads\/logo.png\",\"contentUrl\":\"https:\/\/www.nooteboom.com\/wp-content\/uploads\/logo.png\",\"width\":111,\"height\":66,\"caption\":\"Nooteboom Trailers\"},\"image\":{\"@id\":\"https:\/\/www.nooteboom.com\/pl\/#\/schema\/logo\/image\/\"},\"sameAs\":[\"https:\/\/nl-nl.facebook.com\/nooteboomtrailers\/\",\"https:\/\/nl.linkedin.com\/company\/nooteboom-trailers\",\"https:\/\/www.youtube.com\/user\/Nooteboomtrailers\"]}]}<\/script>\n<!-- \/ Yoast SEO Premium plugin. -->","yoast_head_json":{"title":"2012 \u2013 do dzi\u015b: V pokolenie : Marinka Nooteboom | Nooteboom Trailers","description":"W 2012 roku Marinka Nooteboom, c\u00f3rka Henka Nootebooma, zostaje powo\u0142ana na Dyrektora Generalnego Nooteboom Group, firmy zatrudniaj\u0105cej 350 pracownik\u00f3w.","robots":{"index":"index","follow":"follow","max-snippet":"max-snippet:-1","max-image-preview":"max-image-preview:large","max-video-preview":"max-video-preview:-1"},"canonical":"https:\/\/www.nooteboom.com\/pl\/kim-jestesmy\/historia\/2012-dzis-v-pokolenie-marinka-nooteboom\/","og_locale":"pl_PL","og_type":"article","og_title":"2012 \u2013 do dzi\u015b: V pokolenie : Marinka Nooteboom","og_description":"W 2012 roku Marinka Nooteboom, c\u00f3rka Henka Nootebooma, zostaje powo\u0142ana na Dyrektora Generalnego Nooteboom Group, firmy zatrudniaj\u0105cej 350 pracownik\u00f3w.","og_url":"https:\/\/www.nooteboom.com\/pl\/kim-jestesmy\/historia\/2012-dzis-v-pokolenie-marinka-nooteboom\/","og_site_name":"Nooteboom Trailers","article_publisher":"https:\/\/nl-nl.facebook.com\/nooteboomtrailers\/","article_modified_time":"2021-10-12T07:37:22+00:00","og_image":[{"width":1920,"height":819,"url":"https:\/\/www.nooteboom.com\/wp-content\/uploads\/Marinka-Nooteboom_over_Nooteboom.jpg","type":"image\/jpeg"}],"twitter_card":"summary_large_image","twitter_misc":{"Szacowany czas czytania":"4 minuty"},"schema":{"@context":"https:\/\/schema.org","@graph":[{"@type":"WebPage","@id":"https:\/\/www.nooteboom.com\/pl\/kim-jestesmy\/historia\/2012-dzis-v-pokolenie-marinka-nooteboom\/","url":"https:\/\/www.nooteboom.com\/pl\/kim-jestesmy\/historia\/2012-dzis-v-pokolenie-marinka-nooteboom\/","name":"2012 \u2013 do dzi\u015b: V pokolenie : Marinka Nooteboom | Nooteboom Trailers","isPartOf":{"@id":"https:\/\/www.nooteboom.com\/pl\/#website"},"primaryImageOfPage":{"@id":"https:\/\/www.nooteboom.com\/pl\/kim-jestesmy\/historia\/2012-dzis-v-pokolenie-marinka-nooteboom\/#primaryimage"},"image":{"@id":"https:\/\/www.nooteboom.com\/pl\/kim-jestesmy\/historia\/2012-dzis-v-pokolenie-marinka-nooteboom\/#primaryimage"},"thumbnailUrl":"https:\/\/www.nooteboom.com\/wp-content\/uploads\/Marinka-Nooteboom_over_Nooteboom.jpg","datePublished":"2016-08-03T13:35:53+00:00","dateModified":"2021-10-12T07:37:22+00:00","description":"W 2012 roku Marinka Nooteboom, c\u00f3rka Henka Nootebooma, zostaje powo\u0142ana na Dyrektora Generalnego Nooteboom Group, firmy zatrudniaj\u0105cej 350 pracownik\u00f3w.","breadcrumb":{"@id":"https:\/\/www.nooteboom.com\/pl\/kim-jestesmy\/historia\/2012-dzis-v-pokolenie-marinka-nooteboom\/#breadcrumb"},"inLanguage":"pl-PL","potentialAction":[{"@type":"ReadAction","target":["https:\/\/www.nooteboom.com\/pl\/kim-jestesmy\/historia\/2012-dzis-v-pokolenie-marinka-nooteboom\/"]}]},{"@type":"ImageObject","inLanguage":"pl-PL","@id":"https:\/\/www.nooteboom.com\/pl\/kim-jestesmy\/historia\/2012-dzis-v-pokolenie-marinka-nooteboom\/#primaryimage","url":"https:\/\/www.nooteboom.com\/wp-content\/uploads\/Marinka-Nooteboom_over_Nooteboom.jpg","contentUrl":"https:\/\/www.nooteboom.com\/wp-content\/uploads\/Marinka-Nooteboom_over_Nooteboom.jpg","width":1920,"height":819},{"@type":"BreadcrumbList","@id":"https:\/\/www.nooteboom.com\/pl\/kim-jestesmy\/historia\/2012-dzis-v-pokolenie-marinka-nooteboom\/#breadcrumb","itemListElement":[{"@type":"ListItem","position":1,"name":"Home","item":"https:\/\/www.nooteboom.com\/pl\/"},{"@type":"ListItem","position":2,"name":"Kim jeste\u015bmy","item":"https:\/\/www.nooteboom.com\/pl\/kim-jestesmy\/"},{"@type":"ListItem","position":3,"name":"Historia","item":"https:\/\/www.nooteboom.com\/pl\/kim-jestesmy\/historia\/"},{"@type":"ListItem","position":4,"name":"2012 \u2013 do dzi\u015b: V pokolenie : Marinka Nooteboom"}]},{"@type":"WebSite","@id":"https:\/\/www.nooteboom.com\/pl\/#website","url":"https:\/\/www.nooteboom.com\/pl\/","name":"Nooteboom Trailers","description":"Gets you there.","publisher":{"@id":"https:\/\/www.nooteboom.com\/pl\/#organization"},"potentialAction":[{"@type":"SearchAction","target":{"@type":"EntryPoint","urlTemplate":"https:\/\/www.nooteboom.com\/pl\/?s={search_term_string}"},"query-input":{"@type":"PropertyValueSpecification","valueRequired":true,"valueName":"search_term_string"}}],"inLanguage":"pl-PL"},{"@type":"Organization","@id":"https:\/\/www.nooteboom.com\/pl\/#organization","name":"Nooteboom Trailers","url":"https:\/\/www.nooteboom.com\/pl\/","logo":{"@type":"ImageObject","inLanguage":"pl-PL","@id":"https:\/\/www.nooteboom.com\/pl\/#\/schema\/logo\/image\/","url":"https:\/\/www.nooteboom.com\/wp-content\/uploads\/logo.png","contentUrl":"https:\/\/www.nooteboom.com\/wp-content\/uploads\/logo.png","width":111,"height":66,"caption":"Nooteboom Trailers"},"image":{"@id":"https:\/\/www.nooteboom.com\/pl\/#\/schema\/logo\/image\/"},"sameAs":["https:\/\/nl-nl.facebook.com\/nooteboomtrailers\/","https:\/\/nl.linkedin.com\/company\/nooteboom-trailers","https:\/\/www.youtube.com\/user\/Nooteboomtrailers"]}]}},"_links":{"self":[{"href":"https:\/\/www.nooteboom.com\/pl\/wp-json\/wp\/v2\/pages\/9991","targetHints":{"allow":["GET"]}}],"collection":[{"href":"https:\/\/www.nooteboom.com\/pl\/wp-json\/wp\/v2\/pages"}],"about":[{"href":"https:\/\/www.nooteboom.com\/pl\/wp-json\/wp\/v2\/types\/page"}],"author":[{"embeddable":true,"href":"https:\/\/www.nooteboom.com\/pl\/wp-json\/wp\/v2\/users\/45"}],"replies":[{"embeddable":true,"href":"https:\/\/www.nooteboom.com\/pl\/wp-json\/wp\/v2\/comments?post=9991"}],"version-history":[{"count":7,"href":"https:\/\/www.nooteboom.com\/pl\/wp-json\/wp\/v2\/pages\/9991\/revisions"}],"predecessor-version":[{"id":1872336,"href":"https:\/\/www.nooteboom.com\/pl\/wp-json\/wp\/v2\/pages\/9991\/revisions\/1872336"}],"up":[{"embeddable":true,"href":"https:\/\/www.nooteboom.com\/pl\/wp-json\/wp\/v2\/pages\/9977"}],"wp:featuredmedia":[{"embeddable":true,"href":"https:\/\/www.nooteboom.com\/pl\/wp-json\/wp\/v2\/media\/1875807"}],"wp:attachment":[{"href":"https:\/\/www.nooteboom.com\/pl\/wp-json\/wp\/v2\/media?parent=9991"}],"curies":[{"name":"wp","href":"https:\/\/api.w.org\/{rel}","templated":true}]}}