{"id":9987,"date":"2016-08-03T15:33:48","date_gmt":"2016-08-03T13:33:48","guid":{"rendered":"https:\/\/www.nooteboom.com\/?page_id=9987&#038;lang=pl"},"modified":"2016-08-10T14:18:07","modified_gmt":"2016-08-10T12:18:07","slug":"1967-1979-iv-pokolenie","status":"publish","type":"page","link":"https:\/\/www.nooteboom.com\/pl\/kim-jestesmy\/historia\/1967-1979-iv-pokolenie\/","title":{"rendered":"1967-1979: IV pokolenie"},"content":{"rendered":"<div class=\"wpb-content-wrapper\"><p>[vc_row][vc_column][vc_column_text]Anton Nooteboom jest zaanga\u017cowany w dzia\u0142alno\u015b\u0107 rodzinnej firmy do 1979 roku, ale w 1967 roku otrzymuje wsparcie.\u00a0Po powrocie z pracy za granic\u0105 Dick Nooteboom jest pierwszym synem, kt\u00f3ry do\u0142\u0105cza do firmy.<\/p>\n<p>W 1970 roku do\u0142\u0105czaj\u0105 do niego jego bracia, Henk i Ton Nooteboom.[\/vc_column_text][\/vc_column][\/vc_row][vc_row][vc_column width=&#8221;1\/2&#8243;][vc_single_image image=&#8221;1157&#8243; img_size=&#8221;large&#8221;][\/vc_column][vc_column width=&#8221;1\/2&#8243;][vc_column_text]W 1975 roku trzej synowie Antona zajmuj\u0105 miejsca w radzie dyrektor\u00f3w..<\/p>\n<p>Henk zajmuje stanowisko Dyrektora Generalnego, Tom \u2013 Dyrektora ds. Zakup\u00f3w, a Dick \u2013 Dyrektora ds. Sprzeda\u017cy.<\/p>\n<p>W 1976 roku dzia\u0142alno\u015b\u0107 prowadzona w Schiedam zostaje w\u0142\u0105czona w zakres dzia\u0142alno\u015bci prowadzonej w siedzibie g\u0142\u00f3wnej w Utrecht. Zak\u0142ad w Schiedam zostaje zamkni\u0119ty.<\/p>\n<p><a class=\"button\" href=\"https:\/\/www.nooteboom.com\/pl\/kim-jestesmy\/historia\/\">Powr\u00f3t do widoku og\u00f3lnego<\/a>\u00a0<a class=\"button\" href=\"https:\/\/www.nooteboom.com\/pl\/kim-jestesmy\/historia\/1979-2012-iv-pokolenie\/\">1979-2012: IV pokolenie<\/a>[\/vc_column_text][\/vc_column][\/vc_row][vc_row full_width=&#8221;stretch_row_content_no_spaces&#8221; row_class=&#8221;&#8221;][vc_column]\n\t<div id=\"slider-69e262b03f18e\" class=\"vc_timeline timeline centered\">\n\n\t\t<ul class=\"slides\">\n\t\t\t\t\t\t\t<li>\n\t\t\t\t\t\t\t\t\t\t<a class=\"timeline__inner\" target=\"\" href=\"https:\/\/www.nooteboom.com\/pl\/kim-jestesmy\/historia\/1881-1921-pokolenie\/\">\n\t\t\t\t\t\t\t\t\t\t\t\t\t\t\t\t\t\t<img decoding=\"async\" src=\"https:\/\/www.nooteboom.com\/wp-content\/uploads\/Nooteboom-horseshoes-fitting-275x165.jpg\" alt=\"1st generation\">\n\t\t\t\t\t\t\t\t\t\t\t\t\t\t\t\t\t\t\t<p class=\"timeline__title\">1881-1921: I pokolenie<\/p>\n\t\t\t\t\t\t\t\t\t\t\t\t\t\t\t\t\t\t\t<p>W 1881 roku 26-letni Willem Nooteboom (zdj\u0119cie poni\u017cej), syn kowala z Schiebroek, otwiera swoj\u0105 w\u0142asn\u0105 ku\u017ani\u0119 w wiosce Kethel, o rzut beretem od Rotterdamu.<\/p>\n\t\t\t\t\t\t\t\t\t\t\t\t\t\t\t\t\t<\/a>\n\t\t\t\t\t\t\t\t\t<\/li>\n\t\t\t\t\t\t\t<li>\n\t\t\t\t\t\t\t\t\t\t<a class=\"timeline__inner\" target=\"\" href=\"https:\/\/www.nooteboom.com\/pl\/kim-jestesmy\/historia\/1921-1939-ii-pokolenie\/\">\n\t\t\t\t\t\t\t\t\t\t\t\t\t\t\t\t\t\t<img decoding=\"async\" src=\"https:\/\/www.nooteboom.com\/wp-content\/uploads\/Henk-Jan-Nooteboom-275x165.jpg\" alt=\"Henk Jan Nooteboom\">\n\t\t\t\t\t\t\t\t\t\t\t\t\t\t\t\t\t\t\t<p class=\"timeline__title\">1921-1939: II pokolenie<\/p>\n\t\t\t\t\t\t\t\t\t\t\t\t\t\t\t\t\t\t\t<p>Do\u0142\u0105czaj\u0105c do firmy w 1921 roku, Henk Jan Nooteboom (zdj\u0119cie poni\u017cej) przewiduje rozw\u00f3j pojazd\u00f3w.\n<\/p>\n\t\t\t\t\t\t\t\t\t\t\t\t\t\t\t\t\t<\/a>\n\t\t\t\t\t\t\t\t\t<\/li>\n\t\t\t\t\t\t\t<li>\n\t\t\t\t\t\t\t\t\t\t<a class=\"timeline__inner\" target=\"\" href=\"https:\/\/www.nooteboom.com\/pl\/kim-jestesmy\/historia\/1939-1953-iii-pokolenie\/\">\n\t\t\t\t\t\t\t\t\t\t\t\t\t\t\t\t\t\t<img decoding=\"async\" src=\"https:\/\/www.nooteboom.com\/wp-content\/uploads\/Nooteboom-Tipper-275x165.jpg\" alt=\"Nooteboom Tipper\">\n\t\t\t\t\t\t\t\t\t\t\t\t\t\t\t\t\t\t\t<p class=\"timeline__title\">1939-1953: III pokolenie<\/p>\n\t\t\t\t\t\t\t\t\t\t\t\t\t\t\t\t\t\t\t<p>W 1939 roku Anton Nooteboom do\u0142\u0105cza do firmy, w kt\u00f3ra w ci\u0105gu nast\u0119pnych kilku lat z powodzeniem zostanie producentem nowoczesnych pojazd\u00f3w transportowych.\n<\/p>\n\t\t\t\t\t\t\t\t\t\t\t\t\t\t\t\t\t<\/a>\n\t\t\t\t\t\t\t\t\t<\/li>\n\t\t\t\t\t\t\t<li>\n\t\t\t\t\t\t\t\t\t\t<a class=\"timeline__inner\" target=\"\" href=\"https:\/\/www.nooteboom.com\/pl\/kim-jestesmy\/historia\/1953-1979-iii-pokolenie\/\">\n\t\t\t\t\t\t\t\t\t\t\t\t\t\t\t\t\t\t<img decoding=\"async\" src=\"https:\/\/www.nooteboom.com\/wp-content\/uploads\/Nooteboom-Utrecht-275x165.jpg\" alt=\"Nooteboom Utrecht\">\n\t\t\t\t\t\t\t\t\t\t\t\t\t\t\t\t\t\t\t<p class=\"timeline__title\">1953-1979: III pokolenie<\/p>\n\t\t\t\t\t\t\t\t\t\t\t\t\t\t\t\t\t\t\t<p>Po katastrofalnej powodzi w Zelandii w 1953 roku rozpoczyna si\u0119 odbudowa regionu; pojawia si\u0119 wielkie zapotrzebowanie na naczepy niskopodwoziowe i koparki.<\/p>\n\t\t\t\t\t\t\t\t\t\t\t\t\t\t\t\t\t<\/a>\n\t\t\t\t\t\t\t\t\t<\/li>\n\t\t\t\t\t\t\t<li>\n\t\t\t\t\t\t\t\t\t\t<a class=\"timeline__inner\" target=\"\" href=\"https:\/\/www.nooteboom.com\/pl\/kim-jestesmy\/historia\/1967-1979-iv-pokolenie\/\">\n\t\t\t\t\t\t\t\t\t\t\t\t\t\t\t\t\t\t<img decoding=\"async\" src=\"https:\/\/www.nooteboom.com\/wp-content\/uploads\/Nooteboom-ODU-low-loader-275x165.png\" alt=\"Nooteboom ODU low-loader\">\n\t\t\t\t\t\t\t\t\t\t\t\t\t\t\t\t\t\t\t<p class=\"timeline__title\">1967-1979: IV pokolenie<\/p>\n\t\t\t\t\t\t\t\t\t\t\t\t\t\t\t\t\t\t\t<p>Anton Nooteboom jest zaanga\u017cowany w dzia\u0142alno\u015b\u0107 rodzinnej firmy do 1979 roku, ale w 1967 roku otrzymuje wsparcie. Po powrocie z pracy za granic\u0105 Dick Nooteboom jest pierwszym synem, kt\u00f3ry do\u0142\u0105cza do firmy.\n\n<\/p>\n\t\t\t\t\t\t\t\t\t\t\t\t\t\t\t\t\t<\/a>\n\t\t\t\t\t\t\t\t\t<\/li>\n\t\t\t\t\t\t\t<li>\n\t\t\t\t\t\t\t\t\t\t<a class=\"timeline__inner\" target=\"\" href=\"https:\/\/www.nooteboom.com\/pl\/kim-jestesmy\/historia\/1979-2012-iv-pokolenie\/\">\n\t\t\t\t\t\t\t\t\t\t\t\t\t\t\t\t\t\t<img decoding=\"async\" src=\"https:\/\/www.nooteboom.com\/wp-content\/uploads\/Opening-Nooteboom-Wijchen-with-Neelie-Smit-Kroes-275x165.jpg\" alt=\"Opening Nooteboom Wijchen with Neelie Smit Kroes\">\n\t\t\t\t\t\t\t\t\t\t\t\t\t\t\t\t\t\t\t<p class=\"timeline__title\">1979-2012: IV pokolenie<\/p>\n\t\t\t\t\t\t\t\t\t\t\t\t\t\t\t\t\t\t\t<p>Przej\u0119cie przedsi\u0119biorstwa C.M.K. w Wijchen prowadzi do za\u0142o\u017cenia firmy Nooteboom Trailers B.V. w Wijchen. Znacznie wzrasta poziom eksportu; zostaje ustanowiony mi\u0119dzynarodowy system dystrybucji cz\u0119\u015bci. <\/p>\n\t\t\t\t\t\t\t\t\t\t\t\t\t\t\t\t\t<\/a>\n\t\t\t\t\t\t\t\t\t<\/li>\n\t\t\t\t\t\t\t<li>\n\t\t\t\t\t\t\t\t\t\t<a class=\"timeline__inner\" target=\"\" href=\"https:\/\/www.nooteboom.com\/pl\/kim-jestesmy\/historia\/2012-dzis-v-pokolenie-marinka-nooteboom\/\">\n\t\t\t\t\t\t\t\t\t\t\t\t\t\t\t\t\t\t<img decoding=\"async\" src=\"https:\/\/www.nooteboom.com\/wp-content\/uploads\/Marinka-Nooteboom-1-275x165.jpg\" alt=\"Marinka Nooteboom\">\n\t\t\t\t\t\t\t\t\t\t\t\t\t\t\t\t\t\t\t<p class=\"timeline__title\">2012 do dzi\u015b V pokolenie: Marinka Nooteboom<\/p>\n\t\t\t\t\t\t\t\t\t\t\t\t\t\t\t\t\t\t\t<p>W 2012 roku Marinka Nooteboom, c\u00f3rka Henka Nootebooma, zostaje powo\u0142ana na Dyrektora Generalnego Koninklijke Nooteboom Group, firmy zatrudniaj\u0105cej 350 pracownik\u00f3w.<\/p>\n\t\t\t\t\t\t\t\t\t\t\t\t\t\t\t\t\t<\/a>\n\t\t\t\t\t\t\t\t\t<\/li>\n\t\t\t\t\t<\/ul>\n\n\t<\/div>\n\n\t<script type=\"text\/javascript\">\n\t\tjQuery( document ).ready( function( $ ) {\n\n\t\t\t$( '#slider-69e262b03f18e' ).flexslider( {\n\t\t\t\tanimation: 'slide',\n\t\t\t\tanimationLoop: false,\n\t\t\t\titemWidth: 295,\n\t\t\t\titemMargin: 0,\n\t\t\t\tminItems: 1,\n\t\t\t\tmaxItems: 4,\n\t\t\t\tmove: 1,\n\t\t\t\tdirectionNav: true,\n\t\t\t\tcontrolNav: false\n\t\t\t} );\n\n\t\t\t$( '#slider-69e262b03f18e .timeline__prev' ).on( 'click', function( event ) {\n\n\t\t\t\tevent.preventDefault();\n\t\t\t\t$( '#slider-69e262b03f18e' ).flexslider( 'prev' )\n\n\t\t\t} );\n\n\t\t\t$( '#slider-69e262b03f18e .timeline__next' ).on( 'click', function( event ) {\n\n\t\t\t\tevent.preventDefault();\n\t\t\t\t$( '#slider-69e262b03f18e' ).flexslider( 'next' )\n\n\t\t\t} );\n\n\t\t} );\n\t<\/script>\n\n[\/vc_column][\/vc_row]<\/p>\n<\/div>","protected":false},"excerpt":{"rendered":"[vc_row][vc_column][vc_column_text]Anton Nooteboom jest zaanga\u017cowany w dzia\u0142alno\u015b\u0107 rodzinnej firmy do 1979 roku, ale w 1967 roku otrzymuje wsparcie.\u00a0Po powrocie z pracy&#8230;","protected":false},"author":45,"featured_media":4118,"parent":9977,"menu_order":5,"comment_status":"closed","ping_status":"closed","template":"","meta":{"_acf_changed":false,"inline_featured_image":false,"footnotes":""},"class_list":["post-9987","page","type-page","status-publish","has-post-thumbnail","hentry"],"acf":[],"yoast_head":"<!-- This site is optimized with the Yoast SEO Premium plugin v25.7.1 (Yoast SEO v25.7) - https:\/\/yoast.com\/wordpress\/plugins\/seo\/ -->\n<title>1967-1979: IV pokolenie | Nooteboom Trailers<\/title>\n<meta name=\"description\" content=\"Anton Nooteboom jest zaanga\u017cowany w dzia\u0142alno\u015b\u0107 rodzinnej firmy do 1979 roku, ale w 1967 roku otrzymuje wsparcie.\" \/>\n<meta name=\"robots\" content=\"index, follow, max-snippet:-1, max-image-preview:large, max-video-preview:-1\" \/>\n<link rel=\"canonical\" href=\"https:\/\/www.nooteboom.com\/pl\/kim-jestesmy\/historia\/1967-1979-iv-pokolenie\/\" \/>\n<meta property=\"og:locale\" content=\"pl_PL\" \/>\n<meta property=\"og:type\" content=\"article\" \/>\n<meta property=\"og:title\" content=\"1967-1979: IV pokolenie\" \/>\n<meta property=\"og:description\" content=\"Anton Nooteboom jest zaanga\u017cowany w dzia\u0142alno\u015b\u0107 rodzinnej firmy do 1979 roku, ale w 1967 roku otrzymuje wsparcie.\" \/>\n<meta property=\"og:url\" content=\"https:\/\/www.nooteboom.com\/pl\/kim-jestesmy\/historia\/1967-1979-iv-pokolenie\/\" \/>\n<meta property=\"og:site_name\" content=\"Nooteboom Trailers\" \/>\n<meta property=\"article:publisher\" content=\"https:\/\/nl-nl.facebook.com\/nooteboomtrailers\/\" \/>\n<meta property=\"article:modified_time\" content=\"2016-08-10T12:18:07+00:00\" \/>\n<meta property=\"og:image\" content=\"https:\/\/www.nooteboom.com\/wp-content\/uploads\/history-main.jpg\" \/>\n\t<meta property=\"og:image:width\" content=\"1845\" \/>\n\t<meta property=\"og:image:height\" content=\"839\" \/>\n\t<meta property=\"og:image:type\" content=\"image\/jpeg\" \/>\n<meta name=\"twitter:card\" content=\"summary_large_image\" \/>\n<meta name=\"twitter:label1\" content=\"Szacowany czas czytania\" \/>\n\t<meta name=\"twitter:data1\" content=\"3 minuty\" \/>\n<script type=\"application\/ld+json\" class=\"yoast-schema-graph\">{\"@context\":\"https:\/\/schema.org\",\"@graph\":[{\"@type\":\"WebPage\",\"@id\":\"https:\/\/www.nooteboom.com\/pl\/kim-jestesmy\/historia\/1967-1979-iv-pokolenie\/\",\"url\":\"https:\/\/www.nooteboom.com\/pl\/kim-jestesmy\/historia\/1967-1979-iv-pokolenie\/\",\"name\":\"1967-1979: IV pokolenie | Nooteboom Trailers\",\"isPartOf\":{\"@id\":\"https:\/\/www.nooteboom.com\/pl\/#website\"},\"primaryImageOfPage\":{\"@id\":\"https:\/\/www.nooteboom.com\/pl\/kim-jestesmy\/historia\/1967-1979-iv-pokolenie\/#primaryimage\"},\"image\":{\"@id\":\"https:\/\/www.nooteboom.com\/pl\/kim-jestesmy\/historia\/1967-1979-iv-pokolenie\/#primaryimage\"},\"thumbnailUrl\":\"https:\/\/www.nooteboom.com\/wp-content\/uploads\/history-main.jpg\",\"datePublished\":\"2016-08-03T13:33:48+00:00\",\"dateModified\":\"2016-08-10T12:18:07+00:00\",\"description\":\"Anton Nooteboom jest zaanga\u017cowany w dzia\u0142alno\u015b\u0107 rodzinnej firmy do 1979 roku, ale w 1967 roku otrzymuje wsparcie.\",\"breadcrumb\":{\"@id\":\"https:\/\/www.nooteboom.com\/pl\/kim-jestesmy\/historia\/1967-1979-iv-pokolenie\/#breadcrumb\"},\"inLanguage\":\"pl-PL\",\"potentialAction\":[{\"@type\":\"ReadAction\",\"target\":[\"https:\/\/www.nooteboom.com\/pl\/kim-jestesmy\/historia\/1967-1979-iv-pokolenie\/\"]}]},{\"@type\":\"ImageObject\",\"inLanguage\":\"pl-PL\",\"@id\":\"https:\/\/www.nooteboom.com\/pl\/kim-jestesmy\/historia\/1967-1979-iv-pokolenie\/#primaryimage\",\"url\":\"https:\/\/www.nooteboom.com\/wp-content\/uploads\/history-main.jpg\",\"contentUrl\":\"https:\/\/www.nooteboom.com\/wp-content\/uploads\/history-main.jpg\",\"width\":1845,\"height\":839,\"caption\":\"1967-1979: IV pokolenie\"},{\"@type\":\"BreadcrumbList\",\"@id\":\"https:\/\/www.nooteboom.com\/pl\/kim-jestesmy\/historia\/1967-1979-iv-pokolenie\/#breadcrumb\",\"itemListElement\":[{\"@type\":\"ListItem\",\"position\":1,\"name\":\"Home\",\"item\":\"https:\/\/www.nooteboom.com\/pl\/\"},{\"@type\":\"ListItem\",\"position\":2,\"name\":\"Kim jeste\u015bmy\",\"item\":\"https:\/\/www.nooteboom.com\/pl\/kim-jestesmy\/\"},{\"@type\":\"ListItem\",\"position\":3,\"name\":\"Historia\",\"item\":\"https:\/\/www.nooteboom.com\/pl\/kim-jestesmy\/historia\/\"},{\"@type\":\"ListItem\",\"position\":4,\"name\":\"1967-1979: IV pokolenie\"}]},{\"@type\":\"WebSite\",\"@id\":\"https:\/\/www.nooteboom.com\/pl\/#website\",\"url\":\"https:\/\/www.nooteboom.com\/pl\/\",\"name\":\"Nooteboom Trailers\",\"description\":\"Gets you there.\",\"publisher\":{\"@id\":\"https:\/\/www.nooteboom.com\/pl\/#organization\"},\"potentialAction\":[{\"@type\":\"SearchAction\",\"target\":{\"@type\":\"EntryPoint\",\"urlTemplate\":\"https:\/\/www.nooteboom.com\/pl\/?s={search_term_string}\"},\"query-input\":{\"@type\":\"PropertyValueSpecification\",\"valueRequired\":true,\"valueName\":\"search_term_string\"}}],\"inLanguage\":\"pl-PL\"},{\"@type\":\"Organization\",\"@id\":\"https:\/\/www.nooteboom.com\/pl\/#organization\",\"name\":\"Nooteboom Trailers\",\"url\":\"https:\/\/www.nooteboom.com\/pl\/\",\"logo\":{\"@type\":\"ImageObject\",\"inLanguage\":\"pl-PL\",\"@id\":\"https:\/\/www.nooteboom.com\/pl\/#\/schema\/logo\/image\/\",\"url\":\"https:\/\/www.nooteboom.com\/wp-content\/uploads\/logo.png\",\"contentUrl\":\"https:\/\/www.nooteboom.com\/wp-content\/uploads\/logo.png\",\"width\":111,\"height\":66,\"caption\":\"Nooteboom Trailers\"},\"image\":{\"@id\":\"https:\/\/www.nooteboom.com\/pl\/#\/schema\/logo\/image\/\"},\"sameAs\":[\"https:\/\/nl-nl.facebook.com\/nooteboomtrailers\/\",\"https:\/\/nl.linkedin.com\/company\/nooteboom-trailers\",\"https:\/\/www.youtube.com\/user\/Nooteboomtrailers\"]}]}<\/script>\n<!-- \/ Yoast SEO Premium plugin. -->","yoast_head_json":{"title":"1967-1979: IV pokolenie | Nooteboom Trailers","description":"Anton Nooteboom jest zaanga\u017cowany w dzia\u0142alno\u015b\u0107 rodzinnej firmy do 1979 roku, ale w 1967 roku otrzymuje wsparcie.","robots":{"index":"index","follow":"follow","max-snippet":"max-snippet:-1","max-image-preview":"max-image-preview:large","max-video-preview":"max-video-preview:-1"},"canonical":"https:\/\/www.nooteboom.com\/pl\/kim-jestesmy\/historia\/1967-1979-iv-pokolenie\/","og_locale":"pl_PL","og_type":"article","og_title":"1967-1979: IV pokolenie","og_description":"Anton Nooteboom jest zaanga\u017cowany w dzia\u0142alno\u015b\u0107 rodzinnej firmy do 1979 roku, ale w 1967 roku otrzymuje wsparcie.","og_url":"https:\/\/www.nooteboom.com\/pl\/kim-jestesmy\/historia\/1967-1979-iv-pokolenie\/","og_site_name":"Nooteboom Trailers","article_publisher":"https:\/\/nl-nl.facebook.com\/nooteboomtrailers\/","article_modified_time":"2016-08-10T12:18:07+00:00","og_image":[{"width":1845,"height":839,"url":"https:\/\/www.nooteboom.com\/wp-content\/uploads\/history-main.jpg","type":"image\/jpeg"}],"twitter_card":"summary_large_image","twitter_misc":{"Szacowany czas czytania":"3 minuty"},"schema":{"@context":"https:\/\/schema.org","@graph":[{"@type":"WebPage","@id":"https:\/\/www.nooteboom.com\/pl\/kim-jestesmy\/historia\/1967-1979-iv-pokolenie\/","url":"https:\/\/www.nooteboom.com\/pl\/kim-jestesmy\/historia\/1967-1979-iv-pokolenie\/","name":"1967-1979: IV pokolenie | Nooteboom Trailers","isPartOf":{"@id":"https:\/\/www.nooteboom.com\/pl\/#website"},"primaryImageOfPage":{"@id":"https:\/\/www.nooteboom.com\/pl\/kim-jestesmy\/historia\/1967-1979-iv-pokolenie\/#primaryimage"},"image":{"@id":"https:\/\/www.nooteboom.com\/pl\/kim-jestesmy\/historia\/1967-1979-iv-pokolenie\/#primaryimage"},"thumbnailUrl":"https:\/\/www.nooteboom.com\/wp-content\/uploads\/history-main.jpg","datePublished":"2016-08-03T13:33:48+00:00","dateModified":"2016-08-10T12:18:07+00:00","description":"Anton Nooteboom jest zaanga\u017cowany w dzia\u0142alno\u015b\u0107 rodzinnej firmy do 1979 roku, ale w 1967 roku otrzymuje wsparcie.","breadcrumb":{"@id":"https:\/\/www.nooteboom.com\/pl\/kim-jestesmy\/historia\/1967-1979-iv-pokolenie\/#breadcrumb"},"inLanguage":"pl-PL","potentialAction":[{"@type":"ReadAction","target":["https:\/\/www.nooteboom.com\/pl\/kim-jestesmy\/historia\/1967-1979-iv-pokolenie\/"]}]},{"@type":"ImageObject","inLanguage":"pl-PL","@id":"https:\/\/www.nooteboom.com\/pl\/kim-jestesmy\/historia\/1967-1979-iv-pokolenie\/#primaryimage","url":"https:\/\/www.nooteboom.com\/wp-content\/uploads\/history-main.jpg","contentUrl":"https:\/\/www.nooteboom.com\/wp-content\/uploads\/history-main.jpg","width":1845,"height":839,"caption":"1967-1979: IV pokolenie"},{"@type":"BreadcrumbList","@id":"https:\/\/www.nooteboom.com\/pl\/kim-jestesmy\/historia\/1967-1979-iv-pokolenie\/#breadcrumb","itemListElement":[{"@type":"ListItem","position":1,"name":"Home","item":"https:\/\/www.nooteboom.com\/pl\/"},{"@type":"ListItem","position":2,"name":"Kim jeste\u015bmy","item":"https:\/\/www.nooteboom.com\/pl\/kim-jestesmy\/"},{"@type":"ListItem","position":3,"name":"Historia","item":"https:\/\/www.nooteboom.com\/pl\/kim-jestesmy\/historia\/"},{"@type":"ListItem","position":4,"name":"1967-1979: IV pokolenie"}]},{"@type":"WebSite","@id":"https:\/\/www.nooteboom.com\/pl\/#website","url":"https:\/\/www.nooteboom.com\/pl\/","name":"Nooteboom Trailers","description":"Gets you there.","publisher":{"@id":"https:\/\/www.nooteboom.com\/pl\/#organization"},"potentialAction":[{"@type":"SearchAction","target":{"@type":"EntryPoint","urlTemplate":"https:\/\/www.nooteboom.com\/pl\/?s={search_term_string}"},"query-input":{"@type":"PropertyValueSpecification","valueRequired":true,"valueName":"search_term_string"}}],"inLanguage":"pl-PL"},{"@type":"Organization","@id":"https:\/\/www.nooteboom.com\/pl\/#organization","name":"Nooteboom Trailers","url":"https:\/\/www.nooteboom.com\/pl\/","logo":{"@type":"ImageObject","inLanguage":"pl-PL","@id":"https:\/\/www.nooteboom.com\/pl\/#\/schema\/logo\/image\/","url":"https:\/\/www.nooteboom.com\/wp-content\/uploads\/logo.png","contentUrl":"https:\/\/www.nooteboom.com\/wp-content\/uploads\/logo.png","width":111,"height":66,"caption":"Nooteboom Trailers"},"image":{"@id":"https:\/\/www.nooteboom.com\/pl\/#\/schema\/logo\/image\/"},"sameAs":["https:\/\/nl-nl.facebook.com\/nooteboomtrailers\/","https:\/\/nl.linkedin.com\/company\/nooteboom-trailers","https:\/\/www.youtube.com\/user\/Nooteboomtrailers"]}]}},"_links":{"self":[{"href":"https:\/\/www.nooteboom.com\/pl\/wp-json\/wp\/v2\/pages\/9987","targetHints":{"allow":["GET"]}}],"collection":[{"href":"https:\/\/www.nooteboom.com\/pl\/wp-json\/wp\/v2\/pages"}],"about":[{"href":"https:\/\/www.nooteboom.com\/pl\/wp-json\/wp\/v2\/types\/page"}],"author":[{"embeddable":true,"href":"https:\/\/www.nooteboom.com\/pl\/wp-json\/wp\/v2\/users\/45"}],"replies":[{"embeddable":true,"href":"https:\/\/www.nooteboom.com\/pl\/wp-json\/wp\/v2\/comments?post=9987"}],"version-history":[{"count":5,"href":"https:\/\/www.nooteboom.com\/pl\/wp-json\/wp\/v2\/pages\/9987\/revisions"}],"predecessor-version":[{"id":11007,"href":"https:\/\/www.nooteboom.com\/pl\/wp-json\/wp\/v2\/pages\/9987\/revisions\/11007"}],"up":[{"embeddable":true,"href":"https:\/\/www.nooteboom.com\/pl\/wp-json\/wp\/v2\/pages\/9977"}],"wp:featuredmedia":[{"embeddable":true,"href":"https:\/\/www.nooteboom.com\/pl\/wp-json\/wp\/v2\/media\/4118"}],"wp:attachment":[{"href":"https:\/\/www.nooteboom.com\/pl\/wp-json\/wp\/v2\/media?parent=9987"}],"curies":[{"name":"wp","href":"https:\/\/api.w.org\/{rel}","templated":true}]}}