{"id":9981,"date":"2016-08-03T15:31:04","date_gmt":"2016-08-03T13:31:04","guid":{"rendered":"https:\/\/www.nooteboom.com\/?page_id=9981&#038;lang=pl"},"modified":"2016-08-10T14:15:30","modified_gmt":"2016-08-10T12:15:30","slug":"1921-1939-ii-pokolenie","status":"publish","type":"page","link":"https:\/\/www.nooteboom.com\/pl\/kim-jestesmy\/historia\/1921-1939-ii-pokolenie\/","title":{"rendered":"1921-1939: II pokolenie"},"content":{"rendered":"<div class=\"wpb-content-wrapper\"><p>[vc_row][vc_column][vc_column_text]Do\u0142\u0105czaj\u0105c do firmy w 1921 roku, Henk Jan Nooteboom (zdj\u0119cie poni\u017cej) przewiduje rozw\u00f3j pojazd\u00f3w.\u00a0Po przej\u0119ciu szablon\u00f3w firmy zajmuj\u0105cej si\u0119 budow\u0105 powoz\u00f3w zostaje za\u0142o\u017cona Nooteboom Fabriek van Wegtransportmiddelen (Fabryka Pojazd\u00f3w do transportu drogowego rodziny Nooteboom).\u00a0Jest to wa\u017cny etap w przemianie firmy z dostawcy na producenta produkt\u00f3w ko\u0144cowych.[\/vc_column_text][\/vc_column][\/vc_row][vc_row][vc_column width=&#8221;1\/2&#8243;][vc_single_image image=&#8221;1105&#8243; img_size=&#8221;large&#8221;][vc_single_image image=&#8221;1130&#8243; img_size=&#8221;large&#8221;][\/vc_column][vc_column width=&#8221;1\/2&#8243;][vc_column_text]Przedsi\u0119biorstwo zajmuje si\u0119 g\u0142\u00f3wnie produkcj\u0105 pojazd\u00f3w rolniczych dla hodowc\u00f3w byd\u0142a, ale\u00a0i\u00a0powoz\u00f3w do transportu osobowego.\u00a0Produkcja ta ma miejsce w czasach, w kt\u00f3rych pojazdy mechaniczne staj\u0105 si\u0119 coraz bardziej popularne.\u00a0W 1929 roku do firmy do\u0142\u0105cza syn Anton.\u00a0Zaczyna on naprawia\u0107 pojazdy samochodowe.\u00a0W 1933 roku 18-letni Anton postanawia poszerzy\u0107 swoj\u0105 wiedz\u0119 z zakresu konstrukcji samochod\u00f3w. Zostaje zatrudniony przez \u201eAutohandel Pietersen\u201c, przedsi\u0119biorstwo zajmuj\u0105ce si\u0119 handlem samochodami.<\/p>\n<p>Dwa lata p\u00f3\u017aniej Anton prowadzi w\u0142asn\u0105 firm\u0119: \u201eGarage de Toekomst\u201c.\u00a0Kiedy Henk Jan Nooteboom umiera w 1939 roku, Toon Nooteboom przejmuje zarz\u0105dzanie nad\u00a0rodzinn\u0105 firm\u0105.<\/p>\n<p><a class=\"button\" href=\"https:\/\/www.nooteboom.com\/pl\/kim-jestesmy\/historia\/\">Powr\u00f3t do widoku og\u00f3lnego<\/a>\u00a0<a class=\"button\" href=\"https:\/\/www.nooteboom.com\/pl\/kim-jestesmy\/historia\/1939-1953-iii-pokolenie\/\">1939-1953: III pokolenie<\/a>[\/vc_column_text][\/vc_column][\/vc_row][vc_row full_width=&#8221;stretch_row_content_no_spaces&#8221; row_class=&#8221;&#8221;][vc_column]\n\t<div id=\"slider-69e63e050acdb\" class=\"vc_timeline timeline centered\">\n\n\t\t<ul class=\"slides\">\n\t\t\t\t\t\t\t<li>\n\t\t\t\t\t\t\t\t\t\t<a class=\"timeline__inner\" target=\"\" href=\"https:\/\/www.nooteboom.com\/pl\/kim-jestesmy\/historia\/1881-1921-pokolenie\/\">\n\t\t\t\t\t\t\t\t\t\t\t\t\t\t\t\t\t\t<img decoding=\"async\" src=\"https:\/\/www.nooteboom.com\/wp-content\/uploads\/Nooteboom-horseshoes-fitting-275x165.jpg\" alt=\"1st generation\">\n\t\t\t\t\t\t\t\t\t\t\t\t\t\t\t\t\t\t\t<p class=\"timeline__title\">1881-1921: I pokolenie<\/p>\n\t\t\t\t\t\t\t\t\t\t\t\t\t\t\t\t\t\t\t<p>W 1881 roku 26-letni Willem Nooteboom (zdj\u0119cie poni\u017cej), syn kowala z Schiebroek, otwiera swoj\u0105 w\u0142asn\u0105 ku\u017ani\u0119 w wiosce Kethel, o rzut beretem od Rotterdamu.<\/p>\n\t\t\t\t\t\t\t\t\t\t\t\t\t\t\t\t\t<\/a>\n\t\t\t\t\t\t\t\t\t<\/li>\n\t\t\t\t\t\t\t<li>\n\t\t\t\t\t\t\t\t\t\t<a class=\"timeline__inner\" target=\"\" href=\"https:\/\/www.nooteboom.com\/pl\/kim-jestesmy\/historia\/1921-1939-ii-pokolenie\/\">\n\t\t\t\t\t\t\t\t\t\t\t\t\t\t\t\t\t\t<img decoding=\"async\" src=\"https:\/\/www.nooteboom.com\/wp-content\/uploads\/Henk-Jan-Nooteboom-275x165.jpg\" alt=\"Henk Jan Nooteboom\">\n\t\t\t\t\t\t\t\t\t\t\t\t\t\t\t\t\t\t\t<p class=\"timeline__title\">1921-1939: II pokolenie<\/p>\n\t\t\t\t\t\t\t\t\t\t\t\t\t\t\t\t\t\t\t<p>Do\u0142\u0105czaj\u0105c do firmy w 1921 roku, Henk Jan Nooteboom (zdj\u0119cie poni\u017cej) przewiduje rozw\u00f3j pojazd\u00f3w.\n<\/p>\n\t\t\t\t\t\t\t\t\t\t\t\t\t\t\t\t\t<\/a>\n\t\t\t\t\t\t\t\t\t<\/li>\n\t\t\t\t\t\t\t<li>\n\t\t\t\t\t\t\t\t\t\t<a class=\"timeline__inner\" target=\"\" href=\"https:\/\/www.nooteboom.com\/pl\/kim-jestesmy\/historia\/1939-1953-iii-pokolenie\/\">\n\t\t\t\t\t\t\t\t\t\t\t\t\t\t\t\t\t\t<img decoding=\"async\" src=\"https:\/\/www.nooteboom.com\/wp-content\/uploads\/Nooteboom-Tipper-275x165.jpg\" alt=\"Nooteboom Tipper\">\n\t\t\t\t\t\t\t\t\t\t\t\t\t\t\t\t\t\t\t<p class=\"timeline__title\">1939-1953: III pokolenie<\/p>\n\t\t\t\t\t\t\t\t\t\t\t\t\t\t\t\t\t\t\t<p>W 1939 roku Anton Nooteboom do\u0142\u0105cza do firmy, w kt\u00f3ra w ci\u0105gu nast\u0119pnych kilku lat z powodzeniem zostanie producentem nowoczesnych pojazd\u00f3w transportowych.\n<\/p>\n\t\t\t\t\t\t\t\t\t\t\t\t\t\t\t\t\t<\/a>\n\t\t\t\t\t\t\t\t\t<\/li>\n\t\t\t\t\t\t\t<li>\n\t\t\t\t\t\t\t\t\t\t<a class=\"timeline__inner\" target=\"\" href=\"https:\/\/www.nooteboom.com\/pl\/kim-jestesmy\/historia\/1953-1979-iii-pokolenie\/\">\n\t\t\t\t\t\t\t\t\t\t\t\t\t\t\t\t\t\t<img decoding=\"async\" src=\"https:\/\/www.nooteboom.com\/wp-content\/uploads\/Nooteboom-Utrecht-275x165.jpg\" alt=\"Nooteboom Utrecht\">\n\t\t\t\t\t\t\t\t\t\t\t\t\t\t\t\t\t\t\t<p class=\"timeline__title\">1953-1979: III pokolenie<\/p>\n\t\t\t\t\t\t\t\t\t\t\t\t\t\t\t\t\t\t\t<p>Po katastrofalnej powodzi w Zelandii w 1953 roku rozpoczyna si\u0119 odbudowa regionu; pojawia si\u0119 wielkie zapotrzebowanie na naczepy niskopodwoziowe i koparki.<\/p>\n\t\t\t\t\t\t\t\t\t\t\t\t\t\t\t\t\t<\/a>\n\t\t\t\t\t\t\t\t\t<\/li>\n\t\t\t\t\t\t\t<li>\n\t\t\t\t\t\t\t\t\t\t<a class=\"timeline__inner\" target=\"\" href=\"https:\/\/www.nooteboom.com\/pl\/kim-jestesmy\/historia\/1967-1979-iv-pokolenie\/\">\n\t\t\t\t\t\t\t\t\t\t\t\t\t\t\t\t\t\t<img decoding=\"async\" src=\"https:\/\/www.nooteboom.com\/wp-content\/uploads\/Nooteboom-ODU-low-loader-275x165.png\" alt=\"Nooteboom ODU low-loader\">\n\t\t\t\t\t\t\t\t\t\t\t\t\t\t\t\t\t\t\t<p class=\"timeline__title\">1967-1979: IV pokolenie<\/p>\n\t\t\t\t\t\t\t\t\t\t\t\t\t\t\t\t\t\t\t<p>Anton Nooteboom jest zaanga\u017cowany w dzia\u0142alno\u015b\u0107 rodzinnej firmy do 1979 roku, ale w 1967 roku otrzymuje wsparcie. Po powrocie z pracy za granic\u0105 Dick Nooteboom jest pierwszym synem, kt\u00f3ry do\u0142\u0105cza do firmy.\n\n<\/p>\n\t\t\t\t\t\t\t\t\t\t\t\t\t\t\t\t\t<\/a>\n\t\t\t\t\t\t\t\t\t<\/li>\n\t\t\t\t\t\t\t<li>\n\t\t\t\t\t\t\t\t\t\t<a class=\"timeline__inner\" target=\"\" href=\"https:\/\/www.nooteboom.com\/pl\/kim-jestesmy\/historia\/1979-2012-iv-pokolenie\/\">\n\t\t\t\t\t\t\t\t\t\t\t\t\t\t\t\t\t\t<img decoding=\"async\" src=\"https:\/\/www.nooteboom.com\/wp-content\/uploads\/Opening-Nooteboom-Wijchen-with-Neelie-Smit-Kroes-275x165.jpg\" alt=\"Opening Nooteboom Wijchen with Neelie Smit Kroes\">\n\t\t\t\t\t\t\t\t\t\t\t\t\t\t\t\t\t\t\t<p class=\"timeline__title\">1979-2012: IV pokolenie<\/p>\n\t\t\t\t\t\t\t\t\t\t\t\t\t\t\t\t\t\t\t<p>Przej\u0119cie przedsi\u0119biorstwa C.M.K. w Wijchen prowadzi do za\u0142o\u017cenia firmy Nooteboom Trailers B.V. w Wijchen. Znacznie wzrasta poziom eksportu; zostaje ustanowiony mi\u0119dzynarodowy system dystrybucji cz\u0119\u015bci. <\/p>\n\t\t\t\t\t\t\t\t\t\t\t\t\t\t\t\t\t<\/a>\n\t\t\t\t\t\t\t\t\t<\/li>\n\t\t\t\t\t\t\t<li>\n\t\t\t\t\t\t\t\t\t\t<a class=\"timeline__inner\" target=\"\" href=\"https:\/\/www.nooteboom.com\/pl\/kim-jestesmy\/historia\/2012-dzis-v-pokolenie-marinka-nooteboom\/\">\n\t\t\t\t\t\t\t\t\t\t\t\t\t\t\t\t\t\t<img decoding=\"async\" src=\"https:\/\/www.nooteboom.com\/wp-content\/uploads\/Marinka-Nooteboom-1-275x165.jpg\" alt=\"Marinka Nooteboom\">\n\t\t\t\t\t\t\t\t\t\t\t\t\t\t\t\t\t\t\t<p class=\"timeline__title\">2012 do dzi\u015b V pokolenie: Marinka Nooteboom<\/p>\n\t\t\t\t\t\t\t\t\t\t\t\t\t\t\t\t\t\t\t<p>W 2012 roku Marinka Nooteboom, c\u00f3rka Henka Nootebooma, zostaje powo\u0142ana na Dyrektora Generalnego Koninklijke Nooteboom Group, firmy zatrudniaj\u0105cej 350 pracownik\u00f3w.<\/p>\n\t\t\t\t\t\t\t\t\t\t\t\t\t\t\t\t\t<\/a>\n\t\t\t\t\t\t\t\t\t<\/li>\n\t\t\t\t\t<\/ul>\n\n\t<\/div>\n\n\t<script type=\"text\/javascript\">\n\t\tjQuery( document ).ready( function( $ ) {\n\n\t\t\t$( '#slider-69e63e050acdb' ).flexslider( {\n\t\t\t\tanimation: 'slide',\n\t\t\t\tanimationLoop: false,\n\t\t\t\titemWidth: 295,\n\t\t\t\titemMargin: 0,\n\t\t\t\tminItems: 1,\n\t\t\t\tmaxItems: 4,\n\t\t\t\tmove: 1,\n\t\t\t\tdirectionNav: true,\n\t\t\t\tcontrolNav: false\n\t\t\t} );\n\n\t\t\t$( '#slider-69e63e050acdb .timeline__prev' ).on( 'click', function( event ) {\n\n\t\t\t\tevent.preventDefault();\n\t\t\t\t$( '#slider-69e63e050acdb' ).flexslider( 'prev' )\n\n\t\t\t} );\n\n\t\t\t$( '#slider-69e63e050acdb .timeline__next' ).on( 'click', function( event ) {\n\n\t\t\t\tevent.preventDefault();\n\t\t\t\t$( '#slider-69e63e050acdb' ).flexslider( 'next' )\n\n\t\t\t} );\n\n\t\t} );\n\t<\/script>\n\n[\/vc_column][\/vc_row]<\/p>\n<\/div>","protected":false},"excerpt":{"rendered":"[vc_row][vc_column][vc_column_text]Do\u0142\u0105czaj\u0105c do firmy w 1921 roku, Henk Jan Nooteboom (zdj\u0119cie poni\u017cej) przewiduje rozw\u00f3j pojazd\u00f3w.\u00a0Po przej\u0119ciu szablon\u00f3w firmy zajmuj\u0105cej si\u0119 budow\u0105&#8230;","protected":false},"author":45,"featured_media":4168,"parent":9977,"menu_order":2,"comment_status":"closed","ping_status":"closed","template":"","meta":{"_acf_changed":false,"inline_featured_image":false,"footnotes":""},"class_list":["post-9981","page","type-page","status-publish","has-post-thumbnail","hentry"],"acf":[],"yoast_head":"<!-- This site is optimized with the Yoast SEO Premium plugin v25.7.1 (Yoast SEO v25.7) - https:\/\/yoast.com\/wordpress\/plugins\/seo\/ -->\n<title>1921-1939: II pokolenie | Nooteboom Trailers<\/title>\n<meta name=\"description\" content=\"Do\u0142\u0105czaj\u0105c do firmy w 1921 roku, Henk Jan Nooteboom (zdj\u0119cie po prawej) przewiduje rozw\u00f3j pojazd\u00f3w.\" \/>\n<meta name=\"robots\" content=\"index, follow, max-snippet:-1, max-image-preview:large, max-video-preview:-1\" \/>\n<link rel=\"canonical\" href=\"https:\/\/www.nooteboom.com\/pl\/kim-jestesmy\/historia\/1921-1939-ii-pokolenie\/\" \/>\n<meta property=\"og:locale\" content=\"pl_PL\" \/>\n<meta property=\"og:type\" content=\"article\" \/>\n<meta property=\"og:title\" content=\"1921-1939: II pokolenie\" \/>\n<meta property=\"og:description\" content=\"Do\u0142\u0105czaj\u0105c do firmy w 1921 roku, Henk Jan Nooteboom (zdj\u0119cie po prawej) przewiduje rozw\u00f3j pojazd\u00f3w.\" \/>\n<meta property=\"og:url\" content=\"https:\/\/www.nooteboom.com\/pl\/kim-jestesmy\/historia\/1921-1939-ii-pokolenie\/\" \/>\n<meta property=\"og:site_name\" content=\"Nooteboom Trailers\" \/>\n<meta property=\"article:publisher\" content=\"https:\/\/nl-nl.facebook.com\/nooteboomtrailers\/\" \/>\n<meta property=\"article:modified_time\" content=\"2016-08-10T12:15:30+00:00\" \/>\n<meta property=\"og:image\" content=\"https:\/\/www.nooteboom.com\/wp-content\/uploads\/Nooteboom-aanhangwagen-1.jpg\" \/>\n\t<meta property=\"og:image:width\" content=\"719\" \/>\n\t<meta property=\"og:image:height\" content=\"288\" \/>\n\t<meta property=\"og:image:type\" content=\"image\/jpeg\" \/>\n<meta name=\"twitter:card\" content=\"summary_large_image\" \/>\n<meta name=\"twitter:label1\" content=\"Szacowany czas czytania\" \/>\n\t<meta name=\"twitter:data1\" content=\"4 minuty\" \/>\n<script type=\"application\/ld+json\" class=\"yoast-schema-graph\">{\"@context\":\"https:\/\/schema.org\",\"@graph\":[{\"@type\":\"WebPage\",\"@id\":\"https:\/\/www.nooteboom.com\/pl\/kim-jestesmy\/historia\/1921-1939-ii-pokolenie\/\",\"url\":\"https:\/\/www.nooteboom.com\/pl\/kim-jestesmy\/historia\/1921-1939-ii-pokolenie\/\",\"name\":\"1921-1939: II pokolenie | Nooteboom Trailers\",\"isPartOf\":{\"@id\":\"https:\/\/www.nooteboom.com\/pl\/#website\"},\"primaryImageOfPage\":{\"@id\":\"https:\/\/www.nooteboom.com\/pl\/kim-jestesmy\/historia\/1921-1939-ii-pokolenie\/#primaryimage\"},\"image\":{\"@id\":\"https:\/\/www.nooteboom.com\/pl\/kim-jestesmy\/historia\/1921-1939-ii-pokolenie\/#primaryimage\"},\"thumbnailUrl\":\"https:\/\/www.nooteboom.com\/wp-content\/uploads\/Nooteboom-aanhangwagen-1.jpg\",\"datePublished\":\"2016-08-03T13:31:04+00:00\",\"dateModified\":\"2016-08-10T12:15:30+00:00\",\"description\":\"Do\u0142\u0105czaj\u0105c do firmy w 1921 roku, Henk Jan Nooteboom (zdj\u0119cie po prawej) przewiduje rozw\u00f3j pojazd\u00f3w.\",\"breadcrumb\":{\"@id\":\"https:\/\/www.nooteboom.com\/pl\/kim-jestesmy\/historia\/1921-1939-ii-pokolenie\/#breadcrumb\"},\"inLanguage\":\"pl-PL\",\"potentialAction\":[{\"@type\":\"ReadAction\",\"target\":[\"https:\/\/www.nooteboom.com\/pl\/kim-jestesmy\/historia\/1921-1939-ii-pokolenie\/\"]}]},{\"@type\":\"ImageObject\",\"inLanguage\":\"pl-PL\",\"@id\":\"https:\/\/www.nooteboom.com\/pl\/kim-jestesmy\/historia\/1921-1939-ii-pokolenie\/#primaryimage\",\"url\":\"https:\/\/www.nooteboom.com\/wp-content\/uploads\/Nooteboom-aanhangwagen-1.jpg\",\"contentUrl\":\"https:\/\/www.nooteboom.com\/wp-content\/uploads\/Nooteboom-aanhangwagen-1.jpg\",\"width\":719,\"height\":288},{\"@type\":\"BreadcrumbList\",\"@id\":\"https:\/\/www.nooteboom.com\/pl\/kim-jestesmy\/historia\/1921-1939-ii-pokolenie\/#breadcrumb\",\"itemListElement\":[{\"@type\":\"ListItem\",\"position\":1,\"name\":\"Home\",\"item\":\"https:\/\/www.nooteboom.com\/pl\/\"},{\"@type\":\"ListItem\",\"position\":2,\"name\":\"Kim jeste\u015bmy\",\"item\":\"https:\/\/www.nooteboom.com\/pl\/kim-jestesmy\/\"},{\"@type\":\"ListItem\",\"position\":3,\"name\":\"Historia\",\"item\":\"https:\/\/www.nooteboom.com\/pl\/kim-jestesmy\/historia\/\"},{\"@type\":\"ListItem\",\"position\":4,\"name\":\"1921-1939: II pokolenie\"}]},{\"@type\":\"WebSite\",\"@id\":\"https:\/\/www.nooteboom.com\/pl\/#website\",\"url\":\"https:\/\/www.nooteboom.com\/pl\/\",\"name\":\"Nooteboom Trailers\",\"description\":\"Gets you there.\",\"publisher\":{\"@id\":\"https:\/\/www.nooteboom.com\/pl\/#organization\"},\"potentialAction\":[{\"@type\":\"SearchAction\",\"target\":{\"@type\":\"EntryPoint\",\"urlTemplate\":\"https:\/\/www.nooteboom.com\/pl\/?s={search_term_string}\"},\"query-input\":{\"@type\":\"PropertyValueSpecification\",\"valueRequired\":true,\"valueName\":\"search_term_string\"}}],\"inLanguage\":\"pl-PL\"},{\"@type\":\"Organization\",\"@id\":\"https:\/\/www.nooteboom.com\/pl\/#organization\",\"name\":\"Nooteboom Trailers\",\"url\":\"https:\/\/www.nooteboom.com\/pl\/\",\"logo\":{\"@type\":\"ImageObject\",\"inLanguage\":\"pl-PL\",\"@id\":\"https:\/\/www.nooteboom.com\/pl\/#\/schema\/logo\/image\/\",\"url\":\"https:\/\/www.nooteboom.com\/wp-content\/uploads\/logo.png\",\"contentUrl\":\"https:\/\/www.nooteboom.com\/wp-content\/uploads\/logo.png\",\"width\":111,\"height\":66,\"caption\":\"Nooteboom Trailers\"},\"image\":{\"@id\":\"https:\/\/www.nooteboom.com\/pl\/#\/schema\/logo\/image\/\"},\"sameAs\":[\"https:\/\/nl-nl.facebook.com\/nooteboomtrailers\/\",\"https:\/\/nl.linkedin.com\/company\/nooteboom-trailers\",\"https:\/\/www.youtube.com\/user\/Nooteboomtrailers\"]}]}<\/script>\n<!-- \/ Yoast SEO Premium plugin. -->","yoast_head_json":{"title":"1921-1939: II pokolenie | Nooteboom Trailers","description":"Do\u0142\u0105czaj\u0105c do firmy w 1921 roku, Henk Jan Nooteboom (zdj\u0119cie po prawej) przewiduje rozw\u00f3j pojazd\u00f3w.","robots":{"index":"index","follow":"follow","max-snippet":"max-snippet:-1","max-image-preview":"max-image-preview:large","max-video-preview":"max-video-preview:-1"},"canonical":"https:\/\/www.nooteboom.com\/pl\/kim-jestesmy\/historia\/1921-1939-ii-pokolenie\/","og_locale":"pl_PL","og_type":"article","og_title":"1921-1939: II pokolenie","og_description":"Do\u0142\u0105czaj\u0105c do firmy w 1921 roku, Henk Jan Nooteboom (zdj\u0119cie po prawej) przewiduje rozw\u00f3j pojazd\u00f3w.","og_url":"https:\/\/www.nooteboom.com\/pl\/kim-jestesmy\/historia\/1921-1939-ii-pokolenie\/","og_site_name":"Nooteboom Trailers","article_publisher":"https:\/\/nl-nl.facebook.com\/nooteboomtrailers\/","article_modified_time":"2016-08-10T12:15:30+00:00","og_image":[{"width":719,"height":288,"url":"https:\/\/www.nooteboom.com\/wp-content\/uploads\/Nooteboom-aanhangwagen-1.jpg","type":"image\/jpeg"}],"twitter_card":"summary_large_image","twitter_misc":{"Szacowany czas czytania":"4 minuty"},"schema":{"@context":"https:\/\/schema.org","@graph":[{"@type":"WebPage","@id":"https:\/\/www.nooteboom.com\/pl\/kim-jestesmy\/historia\/1921-1939-ii-pokolenie\/","url":"https:\/\/www.nooteboom.com\/pl\/kim-jestesmy\/historia\/1921-1939-ii-pokolenie\/","name":"1921-1939: II pokolenie | Nooteboom Trailers","isPartOf":{"@id":"https:\/\/www.nooteboom.com\/pl\/#website"},"primaryImageOfPage":{"@id":"https:\/\/www.nooteboom.com\/pl\/kim-jestesmy\/historia\/1921-1939-ii-pokolenie\/#primaryimage"},"image":{"@id":"https:\/\/www.nooteboom.com\/pl\/kim-jestesmy\/historia\/1921-1939-ii-pokolenie\/#primaryimage"},"thumbnailUrl":"https:\/\/www.nooteboom.com\/wp-content\/uploads\/Nooteboom-aanhangwagen-1.jpg","datePublished":"2016-08-03T13:31:04+00:00","dateModified":"2016-08-10T12:15:30+00:00","description":"Do\u0142\u0105czaj\u0105c do firmy w 1921 roku, Henk Jan Nooteboom (zdj\u0119cie po prawej) przewiduje rozw\u00f3j pojazd\u00f3w.","breadcrumb":{"@id":"https:\/\/www.nooteboom.com\/pl\/kim-jestesmy\/historia\/1921-1939-ii-pokolenie\/#breadcrumb"},"inLanguage":"pl-PL","potentialAction":[{"@type":"ReadAction","target":["https:\/\/www.nooteboom.com\/pl\/kim-jestesmy\/historia\/1921-1939-ii-pokolenie\/"]}]},{"@type":"ImageObject","inLanguage":"pl-PL","@id":"https:\/\/www.nooteboom.com\/pl\/kim-jestesmy\/historia\/1921-1939-ii-pokolenie\/#primaryimage","url":"https:\/\/www.nooteboom.com\/wp-content\/uploads\/Nooteboom-aanhangwagen-1.jpg","contentUrl":"https:\/\/www.nooteboom.com\/wp-content\/uploads\/Nooteboom-aanhangwagen-1.jpg","width":719,"height":288},{"@type":"BreadcrumbList","@id":"https:\/\/www.nooteboom.com\/pl\/kim-jestesmy\/historia\/1921-1939-ii-pokolenie\/#breadcrumb","itemListElement":[{"@type":"ListItem","position":1,"name":"Home","item":"https:\/\/www.nooteboom.com\/pl\/"},{"@type":"ListItem","position":2,"name":"Kim jeste\u015bmy","item":"https:\/\/www.nooteboom.com\/pl\/kim-jestesmy\/"},{"@type":"ListItem","position":3,"name":"Historia","item":"https:\/\/www.nooteboom.com\/pl\/kim-jestesmy\/historia\/"},{"@type":"ListItem","position":4,"name":"1921-1939: II pokolenie"}]},{"@type":"WebSite","@id":"https:\/\/www.nooteboom.com\/pl\/#website","url":"https:\/\/www.nooteboom.com\/pl\/","name":"Nooteboom Trailers","description":"Gets you there.","publisher":{"@id":"https:\/\/www.nooteboom.com\/pl\/#organization"},"potentialAction":[{"@type":"SearchAction","target":{"@type":"EntryPoint","urlTemplate":"https:\/\/www.nooteboom.com\/pl\/?s={search_term_string}"},"query-input":{"@type":"PropertyValueSpecification","valueRequired":true,"valueName":"search_term_string"}}],"inLanguage":"pl-PL"},{"@type":"Organization","@id":"https:\/\/www.nooteboom.com\/pl\/#organization","name":"Nooteboom Trailers","url":"https:\/\/www.nooteboom.com\/pl\/","logo":{"@type":"ImageObject","inLanguage":"pl-PL","@id":"https:\/\/www.nooteboom.com\/pl\/#\/schema\/logo\/image\/","url":"https:\/\/www.nooteboom.com\/wp-content\/uploads\/logo.png","contentUrl":"https:\/\/www.nooteboom.com\/wp-content\/uploads\/logo.png","width":111,"height":66,"caption":"Nooteboom Trailers"},"image":{"@id":"https:\/\/www.nooteboom.com\/pl\/#\/schema\/logo\/image\/"},"sameAs":["https:\/\/nl-nl.facebook.com\/nooteboomtrailers\/","https:\/\/nl.linkedin.com\/company\/nooteboom-trailers","https:\/\/www.youtube.com\/user\/Nooteboomtrailers"]}]}},"_links":{"self":[{"href":"https:\/\/www.nooteboom.com\/pl\/wp-json\/wp\/v2\/pages\/9981","targetHints":{"allow":["GET"]}}],"collection":[{"href":"https:\/\/www.nooteboom.com\/pl\/wp-json\/wp\/v2\/pages"}],"about":[{"href":"https:\/\/www.nooteboom.com\/pl\/wp-json\/wp\/v2\/types\/page"}],"author":[{"embeddable":true,"href":"https:\/\/www.nooteboom.com\/pl\/wp-json\/wp\/v2\/users\/45"}],"replies":[{"embeddable":true,"href":"https:\/\/www.nooteboom.com\/pl\/wp-json\/wp\/v2\/comments?post=9981"}],"version-history":[{"count":4,"href":"https:\/\/www.nooteboom.com\/pl\/wp-json\/wp\/v2\/pages\/9981\/revisions"}],"predecessor-version":[{"id":11004,"href":"https:\/\/www.nooteboom.com\/pl\/wp-json\/wp\/v2\/pages\/9981\/revisions\/11004"}],"up":[{"embeddable":true,"href":"https:\/\/www.nooteboom.com\/pl\/wp-json\/wp\/v2\/pages\/9977"}],"wp:featuredmedia":[{"embeddable":true,"href":"https:\/\/www.nooteboom.com\/pl\/wp-json\/wp\/v2\/media\/4168"}],"wp:attachment":[{"href":"https:\/\/www.nooteboom.com\/pl\/wp-json\/wp\/v2\/media?parent=9981"}],"curies":[{"name":"wp","href":"https:\/\/api.w.org\/{rel}","templated":true}]}}