{"id":9944,"date":"2016-08-03T14:59:51","date_gmt":"2016-08-03T12:59:51","guid":{"rendered":"https:\/\/www.nooteboom.com\/?page_id=9944&#038;lang=pl"},"modified":"2026-03-12T15:44:06","modified_gmt":"2026-03-12T14:44:06","slug":"kontakt-dla-mediow-oraz-serwis","status":"publish","type":"page","link":"https:\/\/www.nooteboom.com\/pl\/media\/kontakt-dla-mediow-oraz-serwis\/","title":{"rendered":"Kontakt dla medi\u00f3w oraz serwis"},"content":{"rendered":"<div class=\"wpb-content-wrapper\"><p>[vc_row][vc_column width=&#8221;2\/3&#8243;][vc_column_text]Jeste\u015bmy dumni z tego, \u017ce wyznaczamy trendy je\u015bli chodzi o naczepy w mi\u0119dzynarodowym nienormatywnym transporcie drogowym. Regularnie wprowadzamy nowo\u015bci i innowacje, kt\u00f3re nadaj\u0105 nowy wymiar operacjom transportu ci\u0119\u017ckiego i specjalnego.[\/vc_column_text][vc_column_text]<\/p>\n<h2>Najnowsze informacje prasowe w naszym biurze prasowym<\/h2>\n<p>[\/vc_column_text][vc_raw_html]JTNDc2NyaXB0JTIwc3JjJTNEJTIyaHR0cHMlM0ElMkYlMkZwcmVzcy5ub290ZWJvb20uY29tJTJGd2lkZ2V0JTJGamF2YXNjcmlwdCUzRmN1bHR1cmUlM0RwbF9QTCUyNiUyNmRhdGVfZm9ybWF0JTNEeS1tLWQlMjZsaW1pdCUzRCU1Qm9iamVjdCUyMEhUTUxJbnB1dEVsZW1lbnQlNUQlMjZ0YXJnZXQlM0RibGFuayUyMiUyMHR5cGUlM0QlMjJ0ZXh0JTJGamF2YXNjcmlwdCUyMiUzRSUzQyUyRnNjcmlwdCUzRSUyMCUwQSUzQ2RpdiUyMGlkJTNEJTIycHJlemx5LXByZXNzcm9vbS1jb250YWluZXIlMjIlM0UlM0MlMkZkaXYlM0U=[\/vc_raw_html][\/vc_column][vc_column width=&#8221;1\/3&#8243;]<div class=\"vc_contact\">\n\n\t\t\t<h3>Press Contact<\/h3>\n\t\n\t<\/p>\n<div><img loading=\"lazy\" decoding=\"async\" class=\"alignnone size-medium wp-image-3172791\" src=\"https:\/\/www.nooteboom.com\/wp-content\/uploads\/Denise-Janssen-300x297.png\" alt=\"Denise-Janssen\" width=\"300\" height=\"297\" srcset=\"https:\/\/www.nooteboom.com\/wp-content\/uploads\/Denise-Janssen-300x297.png 300w, https:\/\/www.nooteboom.com\/wp-content\/uploads\/Denise-Janssen-150x150.png 150w, https:\/\/www.nooteboom.com\/wp-content\/uploads\/Denise-Janssen-768x761.png 768w, https:\/\/www.nooteboom.com\/wp-content\/uploads\/Denise-Janssen.png 800w\" sizes=\"auto, (max-width: 300px) 100vw, 300px\" \/><\/div>\n<div class=\"ContentPasted0\"><strong><br \/>\nNooteboom Trailers B.V.<\/strong><\/div>\n<div>Denise Janssen<\/div>\n<div class=\"ContentPasted0\">Marketing &amp; Communications<\/div>\n<div class=\"ContentPasted0\"><strong>T<\/strong>: <span data-slate-fragment=\"JTVCJTdCJTIydHlwZSUyMiUzQSUyMnBhcmFncmFwaCUyMiUyQyUyMmNoaWxkcmVuJTIyJTNBJTVCJTdCJTIydGV4dCUyMiUzQSUyMiUyQjMxJTIwNjg5JTIwOTM1OTQwJTIyJTdEJTVEJTJDJTIyaWQlMjIlM0ElMjJjZWE0ZWUxYS0zOGZhLTRmOTgtODdiNC1jMzA5NzAyMzAzYTIlMjIlN0QlNUQ=\">+31 689 935940<\/span><\/div>\n<div class=\"ContentPasted0\"><strong>E<\/strong>: <a title=\"mailto:press@nooteboom.com\" contenteditable=\"false\" href=\"mailto:press@nooteboom.com\">press@nooteboom.com<\/a><\/div>\n<p>\n\n\t\n<\/div>[\/vc_column][\/vc_row][vc_row][vc_column][vc_column_text]<\/p>\n<p style=\"text-align: left;\"><a class=\"button\" href=\"https:\/\/press.nooteboom.com\/pl\" target=\"_blank\" rel=\"noopener\">Nooteboom Pressroom<\/a><\/p>\n<p>[\/vc_column_text][\/vc_column][\/vc_row]<\/p>\n<\/div>","protected":false},"excerpt":{"rendered":"[vc_row][vc_column width=&#8221;2\/3&#8243;][vc_column_text]Jeste\u015bmy dumni z tego, \u017ce wyznaczamy trendy je\u015bli chodzi o naczepy w mi\u0119dzynarodowym nienormatywnym transporcie drogowym. Regularnie wprowadzamy nowo\u015bci&#8230;","protected":false},"author":45,"featured_media":2023214,"parent":9914,"menu_order":4,"comment_status":"closed","ping_status":"closed","template":"","meta":{"_acf_changed":false,"inline_featured_image":false,"footnotes":""},"class_list":["post-9944","page","type-page","status-publish","has-post-thumbnail","hentry"],"acf":[],"yoast_head":"<!-- This site is optimized with the Yoast SEO Premium plugin v25.7.1 (Yoast SEO v25.7) - https:\/\/yoast.com\/wordpress\/plugins\/seo\/ -->\n<title>Kontakt dla medi\u00f3w oraz serwis | Nooteboom Trailers<\/title>\n<meta name=\"description\" content=\"Jeste\u015bmy dumni z tego, \u017ce wyznaczamy trendy je\u015bli chodzi o naczepy w mi\u0119dzynarodowym nienormatywnym transporcie drogowym.\" \/>\n<meta name=\"robots\" content=\"index, follow, max-snippet:-1, max-image-preview:large, max-video-preview:-1\" \/>\n<link rel=\"canonical\" href=\"https:\/\/www.nooteboom.com\/pl\/media\/kontakt-dla-mediow-oraz-serwis\/\" \/>\n<meta property=\"og:locale\" content=\"pl_PL\" \/>\n<meta property=\"og:type\" content=\"article\" \/>\n<meta property=\"og:title\" content=\"Kontakt dla medi\u00f3w oraz serwis\" \/>\n<meta property=\"og:description\" content=\"Jeste\u015bmy dumni z tego, \u017ce wyznaczamy trendy je\u015bli chodzi o naczepy w mi\u0119dzynarodowym nienormatywnym transporcie drogowym.\" \/>\n<meta property=\"og:url\" content=\"https:\/\/www.nooteboom.com\/pl\/media\/kontakt-dla-mediow-oraz-serwis\/\" \/>\n<meta property=\"og:site_name\" content=\"Nooteboom Trailers\" \/>\n<meta property=\"article:publisher\" content=\"https:\/\/nl-nl.facebook.com\/nooteboomtrailers\/\" \/>\n<meta property=\"article:modified_time\" content=\"2026-03-12T14:44:06+00:00\" \/>\n<meta property=\"og:image\" content=\"https:\/\/www.nooteboom.com\/wp-content\/uploads\/presscontact_and_service.-1-scaled.jpg\" \/>\n\t<meta property=\"og:image:width\" content=\"2048\" \/>\n\t<meta property=\"og:image:height\" content=\"871\" \/>\n\t<meta property=\"og:image:type\" content=\"image\/jpeg\" \/>\n<meta name=\"twitter:card\" content=\"summary_large_image\" \/>\n<meta name=\"twitter:label1\" content=\"Szacowany czas czytania\" \/>\n\t<meta name=\"twitter:data1\" content=\"1 minuta\" \/>\n<script type=\"application\/ld+json\" class=\"yoast-schema-graph\">{\"@context\":\"https:\/\/schema.org\",\"@graph\":[{\"@type\":\"WebPage\",\"@id\":\"https:\/\/www.nooteboom.com\/pl\/media\/kontakt-dla-mediow-oraz-serwis\/\",\"url\":\"https:\/\/www.nooteboom.com\/pl\/media\/kontakt-dla-mediow-oraz-serwis\/\",\"name\":\"Kontakt dla medi\u00f3w oraz serwis | Nooteboom Trailers\",\"isPartOf\":{\"@id\":\"https:\/\/www.nooteboom.com\/pl\/#website\"},\"primaryImageOfPage\":{\"@id\":\"https:\/\/www.nooteboom.com\/pl\/media\/kontakt-dla-mediow-oraz-serwis\/#primaryimage\"},\"image\":{\"@id\":\"https:\/\/www.nooteboom.com\/pl\/media\/kontakt-dla-mediow-oraz-serwis\/#primaryimage\"},\"thumbnailUrl\":\"https:\/\/www.nooteboom.com\/wp-content\/uploads\/presscontact_and_service.-1-scaled.jpg\",\"datePublished\":\"2016-08-03T12:59:51+00:00\",\"dateModified\":\"2026-03-12T14:44:06+00:00\",\"description\":\"Jeste\u015bmy dumni z tego, \u017ce wyznaczamy trendy je\u015bli chodzi o naczepy w mi\u0119dzynarodowym nienormatywnym transporcie drogowym.\",\"breadcrumb\":{\"@id\":\"https:\/\/www.nooteboom.com\/pl\/media\/kontakt-dla-mediow-oraz-serwis\/#breadcrumb\"},\"inLanguage\":\"pl-PL\",\"potentialAction\":[{\"@type\":\"ReadAction\",\"target\":[\"https:\/\/www.nooteboom.com\/pl\/media\/kontakt-dla-mediow-oraz-serwis\/\"]}]},{\"@type\":\"ImageObject\",\"inLanguage\":\"pl-PL\",\"@id\":\"https:\/\/www.nooteboom.com\/pl\/media\/kontakt-dla-mediow-oraz-serwis\/#primaryimage\",\"url\":\"https:\/\/www.nooteboom.com\/wp-content\/uploads\/presscontact_and_service.-1-scaled.jpg\",\"contentUrl\":\"https:\/\/www.nooteboom.com\/wp-content\/uploads\/presscontact_and_service.-1-scaled.jpg\",\"width\":2048,\"height\":871,\"caption\":\"presscontact_and_service.\"},{\"@type\":\"BreadcrumbList\",\"@id\":\"https:\/\/www.nooteboom.com\/pl\/media\/kontakt-dla-mediow-oraz-serwis\/#breadcrumb\",\"itemListElement\":[{\"@type\":\"ListItem\",\"position\":1,\"name\":\"Home\",\"item\":\"https:\/\/www.nooteboom.com\/pl\/\"},{\"@type\":\"ListItem\",\"position\":2,\"name\":\"Media\",\"item\":\"https:\/\/www.nooteboom.com\/pl\/media\/\"},{\"@type\":\"ListItem\",\"position\":3,\"name\":\"Kontakt dla medi\u00f3w oraz serwis\"}]},{\"@type\":\"WebSite\",\"@id\":\"https:\/\/www.nooteboom.com\/pl\/#website\",\"url\":\"https:\/\/www.nooteboom.com\/pl\/\",\"name\":\"Nooteboom Trailers\",\"description\":\"Gets you there.\",\"publisher\":{\"@id\":\"https:\/\/www.nooteboom.com\/pl\/#organization\"},\"potentialAction\":[{\"@type\":\"SearchAction\",\"target\":{\"@type\":\"EntryPoint\",\"urlTemplate\":\"https:\/\/www.nooteboom.com\/pl\/?s={search_term_string}\"},\"query-input\":{\"@type\":\"PropertyValueSpecification\",\"valueRequired\":true,\"valueName\":\"search_term_string\"}}],\"inLanguage\":\"pl-PL\"},{\"@type\":\"Organization\",\"@id\":\"https:\/\/www.nooteboom.com\/pl\/#organization\",\"name\":\"Nooteboom Trailers\",\"url\":\"https:\/\/www.nooteboom.com\/pl\/\",\"logo\":{\"@type\":\"ImageObject\",\"inLanguage\":\"pl-PL\",\"@id\":\"https:\/\/www.nooteboom.com\/pl\/#\/schema\/logo\/image\/\",\"url\":\"https:\/\/www.nooteboom.com\/wp-content\/uploads\/logo.png\",\"contentUrl\":\"https:\/\/www.nooteboom.com\/wp-content\/uploads\/logo.png\",\"width\":111,\"height\":66,\"caption\":\"Nooteboom Trailers\"},\"image\":{\"@id\":\"https:\/\/www.nooteboom.com\/pl\/#\/schema\/logo\/image\/\"},\"sameAs\":[\"https:\/\/nl-nl.facebook.com\/nooteboomtrailers\/\",\"https:\/\/nl.linkedin.com\/company\/nooteboom-trailers\",\"https:\/\/www.youtube.com\/user\/Nooteboomtrailers\"]}]}<\/script>\n<!-- \/ Yoast SEO Premium plugin. -->","yoast_head_json":{"title":"Kontakt dla medi\u00f3w oraz serwis | Nooteboom Trailers","description":"Jeste\u015bmy dumni z tego, \u017ce wyznaczamy trendy je\u015bli chodzi o naczepy w mi\u0119dzynarodowym nienormatywnym transporcie drogowym.","robots":{"index":"index","follow":"follow","max-snippet":"max-snippet:-1","max-image-preview":"max-image-preview:large","max-video-preview":"max-video-preview:-1"},"canonical":"https:\/\/www.nooteboom.com\/pl\/media\/kontakt-dla-mediow-oraz-serwis\/","og_locale":"pl_PL","og_type":"article","og_title":"Kontakt dla medi\u00f3w oraz serwis","og_description":"Jeste\u015bmy dumni z tego, \u017ce wyznaczamy trendy je\u015bli chodzi o naczepy w mi\u0119dzynarodowym nienormatywnym transporcie drogowym.","og_url":"https:\/\/www.nooteboom.com\/pl\/media\/kontakt-dla-mediow-oraz-serwis\/","og_site_name":"Nooteboom Trailers","article_publisher":"https:\/\/nl-nl.facebook.com\/nooteboomtrailers\/","article_modified_time":"2026-03-12T14:44:06+00:00","og_image":[{"width":2048,"height":871,"url":"https:\/\/www.nooteboom.com\/wp-content\/uploads\/presscontact_and_service.-1-scaled.jpg","type":"image\/jpeg"}],"twitter_card":"summary_large_image","twitter_misc":{"Szacowany czas czytania":"1 minuta"},"schema":{"@context":"https:\/\/schema.org","@graph":[{"@type":"WebPage","@id":"https:\/\/www.nooteboom.com\/pl\/media\/kontakt-dla-mediow-oraz-serwis\/","url":"https:\/\/www.nooteboom.com\/pl\/media\/kontakt-dla-mediow-oraz-serwis\/","name":"Kontakt dla medi\u00f3w oraz serwis | Nooteboom Trailers","isPartOf":{"@id":"https:\/\/www.nooteboom.com\/pl\/#website"},"primaryImageOfPage":{"@id":"https:\/\/www.nooteboom.com\/pl\/media\/kontakt-dla-mediow-oraz-serwis\/#primaryimage"},"image":{"@id":"https:\/\/www.nooteboom.com\/pl\/media\/kontakt-dla-mediow-oraz-serwis\/#primaryimage"},"thumbnailUrl":"https:\/\/www.nooteboom.com\/wp-content\/uploads\/presscontact_and_service.-1-scaled.jpg","datePublished":"2016-08-03T12:59:51+00:00","dateModified":"2026-03-12T14:44:06+00:00","description":"Jeste\u015bmy dumni z tego, \u017ce wyznaczamy trendy je\u015bli chodzi o naczepy w mi\u0119dzynarodowym nienormatywnym transporcie drogowym.","breadcrumb":{"@id":"https:\/\/www.nooteboom.com\/pl\/media\/kontakt-dla-mediow-oraz-serwis\/#breadcrumb"},"inLanguage":"pl-PL","potentialAction":[{"@type":"ReadAction","target":["https:\/\/www.nooteboom.com\/pl\/media\/kontakt-dla-mediow-oraz-serwis\/"]}]},{"@type":"ImageObject","inLanguage":"pl-PL","@id":"https:\/\/www.nooteboom.com\/pl\/media\/kontakt-dla-mediow-oraz-serwis\/#primaryimage","url":"https:\/\/www.nooteboom.com\/wp-content\/uploads\/presscontact_and_service.-1-scaled.jpg","contentUrl":"https:\/\/www.nooteboom.com\/wp-content\/uploads\/presscontact_and_service.-1-scaled.jpg","width":2048,"height":871,"caption":"presscontact_and_service."},{"@type":"BreadcrumbList","@id":"https:\/\/www.nooteboom.com\/pl\/media\/kontakt-dla-mediow-oraz-serwis\/#breadcrumb","itemListElement":[{"@type":"ListItem","position":1,"name":"Home","item":"https:\/\/www.nooteboom.com\/pl\/"},{"@type":"ListItem","position":2,"name":"Media","item":"https:\/\/www.nooteboom.com\/pl\/media\/"},{"@type":"ListItem","position":3,"name":"Kontakt dla medi\u00f3w oraz serwis"}]},{"@type":"WebSite","@id":"https:\/\/www.nooteboom.com\/pl\/#website","url":"https:\/\/www.nooteboom.com\/pl\/","name":"Nooteboom Trailers","description":"Gets you there.","publisher":{"@id":"https:\/\/www.nooteboom.com\/pl\/#organization"},"potentialAction":[{"@type":"SearchAction","target":{"@type":"EntryPoint","urlTemplate":"https:\/\/www.nooteboom.com\/pl\/?s={search_term_string}"},"query-input":{"@type":"PropertyValueSpecification","valueRequired":true,"valueName":"search_term_string"}}],"inLanguage":"pl-PL"},{"@type":"Organization","@id":"https:\/\/www.nooteboom.com\/pl\/#organization","name":"Nooteboom Trailers","url":"https:\/\/www.nooteboom.com\/pl\/","logo":{"@type":"ImageObject","inLanguage":"pl-PL","@id":"https:\/\/www.nooteboom.com\/pl\/#\/schema\/logo\/image\/","url":"https:\/\/www.nooteboom.com\/wp-content\/uploads\/logo.png","contentUrl":"https:\/\/www.nooteboom.com\/wp-content\/uploads\/logo.png","width":111,"height":66,"caption":"Nooteboom Trailers"},"image":{"@id":"https:\/\/www.nooteboom.com\/pl\/#\/schema\/logo\/image\/"},"sameAs":["https:\/\/nl-nl.facebook.com\/nooteboomtrailers\/","https:\/\/nl.linkedin.com\/company\/nooteboom-trailers","https:\/\/www.youtube.com\/user\/Nooteboomtrailers"]}]}},"_links":{"self":[{"href":"https:\/\/www.nooteboom.com\/pl\/wp-json\/wp\/v2\/pages\/9944","targetHints":{"allow":["GET"]}}],"collection":[{"href":"https:\/\/www.nooteboom.com\/pl\/wp-json\/wp\/v2\/pages"}],"about":[{"href":"https:\/\/www.nooteboom.com\/pl\/wp-json\/wp\/v2\/types\/page"}],"author":[{"embeddable":true,"href":"https:\/\/www.nooteboom.com\/pl\/wp-json\/wp\/v2\/users\/45"}],"replies":[{"embeddable":true,"href":"https:\/\/www.nooteboom.com\/pl\/wp-json\/wp\/v2\/comments?post=9944"}],"version-history":[{"count":13,"href":"https:\/\/www.nooteboom.com\/pl\/wp-json\/wp\/v2\/pages\/9944\/revisions"}],"predecessor-version":[{"id":3172807,"href":"https:\/\/www.nooteboom.com\/pl\/wp-json\/wp\/v2\/pages\/9944\/revisions\/3172807"}],"up":[{"embeddable":true,"href":"https:\/\/www.nooteboom.com\/pl\/wp-json\/wp\/v2\/pages\/9914"}],"wp:featuredmedia":[{"embeddable":true,"href":"https:\/\/www.nooteboom.com\/pl\/wp-json\/wp\/v2\/media\/2023214"}],"wp:attachment":[{"href":"https:\/\/www.nooteboom.com\/pl\/wp-json\/wp\/v2\/media?parent=9944"}],"curies":[{"name":"wp","href":"https:\/\/api.w.org\/{rel}","templated":true}]}}