{"id":9929,"date":"2016-08-03T14:38:13","date_gmt":"2016-08-03T12:38:13","guid":{"rendered":"https:\/\/www.nooteboom.com\/?page_id=9929&#038;lang=pl"},"modified":"2025-02-13T15:39:27","modified_gmt":"2025-02-13T14:39:27","slug":"aktualnosci","status":"publish","type":"page","link":"https:\/\/www.nooteboom.com\/pl\/media\/aktualnosci\/","title":{"rendered":"Aktualno\u015bci"},"content":{"rendered":"<div class=\"wpb-content-wrapper\"><p>[vc_row][vc_column]<div class=\"vc_latest_news_v2 news news-v2 centered\">\n\n\t\t\t<h2>Latest News<\/h2>\n\t\n\t\n        <div class=\"wrapper\">\n\n            <div class=\"news__item content\">\n\n\t<p class=\"news__title\">\n\t\t<a href=\"https:\/\/www.nooteboom.com\/pl\/silvasti-o-nowej-mega-windmill-trailer-xxl-stabilnosc-na-poziomie-ktory-wyznacza-nowe-standardy\/\">Silvasti o nowej Mega Windmill Trailer XXL: \u201eStabilno\u015b\u0107 na poziomie, kt\u00f3ry wyznacza nowe standardy\u201d<\/a>\n\t<\/p>\n\n\t\t\t<figure class=\"align-left\">\n\t\t\t<a href=\"https:\/\/www.nooteboom.com\/pl\/silvasti-o-nowej-mega-windmill-trailer-xxl-stabilnosc-na-poziomie-ktory-wyznacza-nowe-standardy\/\">\n\t\t\t\t<img decoding=\"async\" src=\"https:\/\/www.nooteboom.com\/wp-content\/uploads\/Silvasti-MWT1-240x120.jpg\"\n\t\t\t\t     alt=\"Silvasti o nowej Mega Windmill Trailer XXL: \u201eStabilno\u015b\u0107 na poziomie, kt\u00f3ry wyznacza nowe standardy\u201d\"\n\t\t\t\t\t\t\t\t\t\t\tsrcset=\"https:\/\/www.nooteboom.com\/wp-content\/uploads\/Silvasti-MWT1-300x150.jpg 300w,https:\/\/www.nooteboom.com\/wp-content\/uploads\/Silvasti-MWT1-768x384.jpg 768w,https:\/\/www.nooteboom.com\/wp-content\/uploads\/Silvasti-MWT1-1024x512.jpg 1024w\"\n\t\t\t\t\t\tsizes=\"(max-width: 500px) 100vw, 500px\"\n\t\t\t\t\t\t\t\t\t>\n\t\t\t<\/a>\n\t\t<\/figure>\n\t\n\t<p>09-04-2026 - W styczniu 2025 roku firma Nooteboom zaprezentowa\u0142a Mega Windmill Trailer XXL (MWT\u2011XXL), najnowsze rozszerzenie uznanej serii naczep przeznaczonych do transportu element\u00f3w wie\u017c wiatrowych. Po premierze na targach Bauma w Monachium pierwsze dwie naczepy trafi\u0142y do firmy Silvasti, jednego z najbardziej do\u015bwiadczonych europejskich przewo\u017anik\u00f3w w zakresie transportu ponadnormatywnego. Silvasti od wielu lat korzysta z wcze\u015bniejszych generacji naczep Mega Windmill Trailer, a wersja XXL jest ju\u017c aktywnie wykorzystywana w projektach. CEO Ville Silvasti dzieli si\u0119 swoimi obserwacjami.\t\t<a href=\"https:\/\/www.nooteboom.com\/pl\/silvasti-o-nowej-mega-windmill-trailer-xxl-stabilnosc-na-poziomie-ktory-wyznacza-nowe-standardy\/\">Rozwi\u0144<\/a>\n\t<\/p>\n\n<\/div><div class=\"news__item content\">\n\n\t<p class=\"news__title\">\n\t\t<a href=\"https:\/\/www.nooteboom.com\/pl\/strategiczna-wspolpraca-rheinmetall-i-nooteboom-trailers-b-v-wspolnie-opracowuja-i-wprowadzaja-na-rynek-naczepy-do-ciezkiego-transportu-militarnego\/\">Strategiczna wsp\u00f3\u0142praca: Rheinmetall i Nooteboom Trailers B.V. wsp\u00f3lnie opracowuj\u0105 i wprowadzaj\u0105 na rynek naczepy do ci\u0119\u017ckiego transportu militarnego<\/a>\n\t<\/p>\n\n\t\t\t<figure class=\"align-left\">\n\t\t\t<a href=\"https:\/\/www.nooteboom.com\/pl\/strategiczna-wspolpraca-rheinmetall-i-nooteboom-trailers-b-v-wspolnie-opracowuja-i-wprowadzaja-na-rynek-naczepy-do-ciezkiego-transportu-militarnego\/\">\n\t\t\t\t<img decoding=\"async\" src=\"https:\/\/www.nooteboom.com\/wp-content\/uploads\/samenwerkingvisual-240x120.png\"\n\t\t\t\t     alt=\"Strategiczna wsp\u00f3\u0142praca: Rheinmetall i Nooteboom Trailers B.V. wsp\u00f3lnie opracowuj\u0105 i wprowadzaj\u0105 na rynek naczepy do ci\u0119\u017ckiego transportu militarnego\"\n\t\t\t\t\t\t\t\t\t\t\tsrcset=\"https:\/\/www.nooteboom.com\/wp-content\/uploads\/samenwerkingvisual-300x150.png 300w,https:\/\/www.nooteboom.com\/wp-content\/uploads\/samenwerkingvisual-768x384.png 768w,https:\/\/www.nooteboom.com\/wp-content\/uploads\/samenwerkingvisual-1024x512.png 1024w\"\n\t\t\t\t\t\tsizes=\"(max-width: 500px) 100vw, 500px\"\n\t\t\t\t\t\t\t\t\t>\n\t\t\t<\/a>\n\t\t<\/figure>\n\t\n\t<p>12-03-2026 - Grupa technologiczna Rheinmetall i holenderski producent specjalistycznych rozwi\u0105za\u0144 transportowych Nooteboom Trailers B.V. podpisali umow\u0119 o wsp\u00f3\u0142pracy w celu opracowania i dystrybucji naczep do ci\u0119\u017ckiego transportu militarnego (HET \u2013 Heavy Equipment  Trailers). Wsp\u00f3\u0142praca obejmuje wzajemny rozw\u00f3j, industrializacj\u0119 i marketing tych system\u00f3w.\t\t<a href=\"https:\/\/www.nooteboom.com\/pl\/strategiczna-wspolpraca-rheinmetall-i-nooteboom-trailers-b-v-wspolnie-opracowuja-i-wprowadzaja-na-rynek-naczepy-do-ciezkiego-transportu-militarnego\/\">Rozwi\u0144<\/a>\n\t<\/p>\n\n<\/div><div class=\"news__item content\">\n\n\t<p class=\"news__title\">\n\t\t<a href=\"https:\/\/www.nooteboom.com\/pl\/nooteboom-wprowadza-nowa-euro-px3-nastepna-generacja-naczep-zaglebionych\/\">Nooteboom wprowadza now\u0105 euro-px3: nast\u0119pna generacja naczep zag\u0142\u0119bionych<\/a>\n\t<\/p>\n\n\t\t\t<figure class=\"align-left\">\n\t\t\t<a href=\"https:\/\/www.nooteboom.com\/pl\/nooteboom-wprowadza-nowa-euro-px3-nastepna-generacja-naczep-zaglebionych\/\">\n\t\t\t\t<img decoding=\"async\" src=\"https:\/\/www.nooteboom.com\/wp-content\/uploads\/Nooteboom_Euro-PX3-05-240x120.jpg\"\n\t\t\t\t     alt=\"Nooteboom wprowadza now\u0105 euro-px3: nast\u0119pna generacja naczep zag\u0142\u0119bionych\"\n\t\t\t\t\t\t\t\t\t\t\tsrcset=\"https:\/\/www.nooteboom.com\/wp-content\/uploads\/Nooteboom_Euro-PX3-05-300x150.jpg 300w,https:\/\/www.nooteboom.com\/wp-content\/uploads\/Nooteboom_Euro-PX3-05-768x384.jpg 768w,https:\/\/www.nooteboom.com\/wp-content\/uploads\/Nooteboom_Euro-PX3-05-1024x512.jpg 1024w\"\n\t\t\t\t\t\tsizes=\"(max-width: 500px) 100vw, 500px\"\n\t\t\t\t\t\t\t\t\t>\n\t\t\t<\/a>\n\t\t<\/figure>\n\t\n\t<p>03-04-2025 - Od wielu dekad Nooteboom Trailers jest pionierem w projektowaniu wysokiej jako\u015bci innowacyjnych rozwi\u0105za\u0144 transportowych. Teraz z dum\u0105 prezentujemy EURO-PX3, trzeci\u0105 generacj\u0119 naczep zag\u0142\u0119bionych EURO-PX wyposa\u017conych w osie wahliwe Pendel. Ten najnowszy model zosta\u0142 zaprojektowany tak, aby przesuwa\u0107 granice wydajno\u015bci, efektywno\u015bci i trwa\u0142o\u015bci, zapewniaj\u0105c firmom transportowym najnowocze\u015bniejsze rozwi\u0105zanie dla przwo\u017cenia ci\u0119\u017ckich \u0142adunk\u00f3w.\t\t<a href=\"https:\/\/www.nooteboom.com\/pl\/nooteboom-wprowadza-nowa-euro-px3-nastepna-generacja-naczep-zaglebionych\/\">Rozwi\u0144<\/a>\n\t<\/p>\n\n<\/div>\n        <\/div>\n\n\t\n<\/div>\n[\/vc_column][\/vc_row][vc_row][vc_column width=&#8221;1\/2&#8243;][vc_column_text]<a class=\"button\" href=\"https:\/\/www.nooteboom.com\/pl\/aktualnosci-i-media\/archiwum-aktualnosci\/\" target=\"_blank\" rel=\"noopener\">Wi\u0119cej aktualno\u015bci<\/a>[\/vc_column_text][\/vc_column][vc_column width=&#8221;1\/2&#8243;][\/vc_column][\/vc_row]<\/p>\n<\/div>","protected":false},"excerpt":{"rendered":"[vc_row][vc_column][\/vc_column][\/vc_row][vc_row][vc_column width=&#8221;1\/2&#8243;][vc_column_text]Wi\u0119cej aktualno\u015bci[\/vc_column_text][\/vc_column][vc_column width=&#8221;1\/2&#8243;][\/vc_column][\/vc_row]","protected":false},"author":45,"featured_media":0,"parent":9914,"menu_order":1,"comment_status":"closed","ping_status":"closed","template":"","meta":{"_acf_changed":false,"inline_featured_image":false,"footnotes":""},"class_list":["post-9929","page","type-page","status-publish","hentry"],"acf":[],"yoast_head":"<!-- This site is optimized with the Yoast SEO Premium plugin v25.7.1 (Yoast SEO v25.7) - https:\/\/yoast.com\/wordpress\/plugins\/seo\/ -->\n<title>Aktualno\u015bci | Nooteboom Trailers<\/title>\n<meta name=\"robots\" content=\"index, follow, max-snippet:-1, max-image-preview:large, max-video-preview:-1\" \/>\n<link rel=\"canonical\" href=\"https:\/\/www.nooteboom.com\/pl\/media\/aktualnosci\/\" \/>\n<meta property=\"og:locale\" content=\"pl_PL\" \/>\n<meta property=\"og:type\" content=\"article\" \/>\n<meta property=\"og:title\" content=\"Aktualno\u015bci\" \/>\n<meta property=\"og:description\" content=\"[vc_row][vc_column][\/vc_column][\/vc_row][vc_row][vc_column width=&#8221;1\/2&#8243;][vc_column_text]Wi\u0119cej aktualno\u015bci[\/vc_column_text][\/vc_column][vc_column width=&#8221;1\/2&#8243;][\/vc_column][\/vc_row]\" \/>\n<meta property=\"og:url\" content=\"https:\/\/www.nooteboom.com\/pl\/media\/aktualnosci\/\" \/>\n<meta property=\"og:site_name\" content=\"Nooteboom Trailers\" \/>\n<meta property=\"article:publisher\" content=\"https:\/\/nl-nl.facebook.com\/nooteboomtrailers\/\" \/>\n<meta property=\"article:modified_time\" content=\"2025-02-13T14:39:27+00:00\" \/>\n<meta property=\"og:image\" content=\"https:\/\/www.nooteboom.com\/wp-content\/uploads\/splashnooteboom-square-1.jpg\" \/>\n\t<meta property=\"og:image:width\" content=\"757\" \/>\n\t<meta property=\"og:image:height\" content=\"757\" \/>\n\t<meta property=\"og:image:type\" content=\"image\/jpeg\" \/>\n<meta name=\"twitter:card\" content=\"summary_large_image\" \/>\n<meta name=\"twitter:label1\" content=\"Szacowany czas czytania\" \/>\n\t<meta name=\"twitter:data1\" content=\"1 minuta\" \/>\n<script type=\"application\/ld+json\" class=\"yoast-schema-graph\">{\"@context\":\"https:\/\/schema.org\",\"@graph\":[{\"@type\":\"WebPage\",\"@id\":\"https:\/\/www.nooteboom.com\/pl\/media\/aktualnosci\/\",\"url\":\"https:\/\/www.nooteboom.com\/pl\/media\/aktualnosci\/\",\"name\":\"Aktualno\u015bci | Nooteboom Trailers\",\"isPartOf\":{\"@id\":\"https:\/\/www.nooteboom.com\/pl\/#website\"},\"datePublished\":\"2016-08-03T12:38:13+00:00\",\"dateModified\":\"2025-02-13T14:39:27+00:00\",\"breadcrumb\":{\"@id\":\"https:\/\/www.nooteboom.com\/pl\/media\/aktualnosci\/#breadcrumb\"},\"inLanguage\":\"pl-PL\",\"potentialAction\":[{\"@type\":\"ReadAction\",\"target\":[\"https:\/\/www.nooteboom.com\/pl\/media\/aktualnosci\/\"]}]},{\"@type\":\"BreadcrumbList\",\"@id\":\"https:\/\/www.nooteboom.com\/pl\/media\/aktualnosci\/#breadcrumb\",\"itemListElement\":[{\"@type\":\"ListItem\",\"position\":1,\"name\":\"Home\",\"item\":\"https:\/\/www.nooteboom.com\/pl\/\"},{\"@type\":\"ListItem\",\"position\":2,\"name\":\"Media\",\"item\":\"https:\/\/www.nooteboom.com\/pl\/media\/\"},{\"@type\":\"ListItem\",\"position\":3,\"name\":\"Aktualno\u015bci\"}]},{\"@type\":\"WebSite\",\"@id\":\"https:\/\/www.nooteboom.com\/pl\/#website\",\"url\":\"https:\/\/www.nooteboom.com\/pl\/\",\"name\":\"Nooteboom Trailers\",\"description\":\"Gets you there.\",\"publisher\":{\"@id\":\"https:\/\/www.nooteboom.com\/pl\/#organization\"},\"potentialAction\":[{\"@type\":\"SearchAction\",\"target\":{\"@type\":\"EntryPoint\",\"urlTemplate\":\"https:\/\/www.nooteboom.com\/pl\/?s={search_term_string}\"},\"query-input\":{\"@type\":\"PropertyValueSpecification\",\"valueRequired\":true,\"valueName\":\"search_term_string\"}}],\"inLanguage\":\"pl-PL\"},{\"@type\":\"Organization\",\"@id\":\"https:\/\/www.nooteboom.com\/pl\/#organization\",\"name\":\"Nooteboom Trailers\",\"url\":\"https:\/\/www.nooteboom.com\/pl\/\",\"logo\":{\"@type\":\"ImageObject\",\"inLanguage\":\"pl-PL\",\"@id\":\"https:\/\/www.nooteboom.com\/pl\/#\/schema\/logo\/image\/\",\"url\":\"https:\/\/www.nooteboom.com\/wp-content\/uploads\/logo.png\",\"contentUrl\":\"https:\/\/www.nooteboom.com\/wp-content\/uploads\/logo.png\",\"width\":111,\"height\":66,\"caption\":\"Nooteboom Trailers\"},\"image\":{\"@id\":\"https:\/\/www.nooteboom.com\/pl\/#\/schema\/logo\/image\/\"},\"sameAs\":[\"https:\/\/nl-nl.facebook.com\/nooteboomtrailers\/\",\"https:\/\/nl.linkedin.com\/company\/nooteboom-trailers\",\"https:\/\/www.youtube.com\/user\/Nooteboomtrailers\"]}]}<\/script>\n<!-- \/ Yoast SEO Premium plugin. -->","yoast_head_json":{"title":"Aktualno\u015bci | Nooteboom Trailers","robots":{"index":"index","follow":"follow","max-snippet":"max-snippet:-1","max-image-preview":"max-image-preview:large","max-video-preview":"max-video-preview:-1"},"canonical":"https:\/\/www.nooteboom.com\/pl\/media\/aktualnosci\/","og_locale":"pl_PL","og_type":"article","og_title":"Aktualno\u015bci","og_description":"[vc_row][vc_column][\/vc_column][\/vc_row][vc_row][vc_column width=&#8221;1\/2&#8243;][vc_column_text]Wi\u0119cej aktualno\u015bci[\/vc_column_text][\/vc_column][vc_column width=&#8221;1\/2&#8243;][\/vc_column][\/vc_row]","og_url":"https:\/\/www.nooteboom.com\/pl\/media\/aktualnosci\/","og_site_name":"Nooteboom Trailers","article_publisher":"https:\/\/nl-nl.facebook.com\/nooteboomtrailers\/","article_modified_time":"2025-02-13T14:39:27+00:00","og_image":[{"width":757,"height":757,"url":"https:\/\/www.nooteboom.com\/wp-content\/uploads\/splashnooteboom-square-1.jpg","type":"image\/jpeg"}],"twitter_card":"summary_large_image","twitter_misc":{"Szacowany czas czytania":"1 minuta"},"schema":{"@context":"https:\/\/schema.org","@graph":[{"@type":"WebPage","@id":"https:\/\/www.nooteboom.com\/pl\/media\/aktualnosci\/","url":"https:\/\/www.nooteboom.com\/pl\/media\/aktualnosci\/","name":"Aktualno\u015bci | Nooteboom Trailers","isPartOf":{"@id":"https:\/\/www.nooteboom.com\/pl\/#website"},"datePublished":"2016-08-03T12:38:13+00:00","dateModified":"2025-02-13T14:39:27+00:00","breadcrumb":{"@id":"https:\/\/www.nooteboom.com\/pl\/media\/aktualnosci\/#breadcrumb"},"inLanguage":"pl-PL","potentialAction":[{"@type":"ReadAction","target":["https:\/\/www.nooteboom.com\/pl\/media\/aktualnosci\/"]}]},{"@type":"BreadcrumbList","@id":"https:\/\/www.nooteboom.com\/pl\/media\/aktualnosci\/#breadcrumb","itemListElement":[{"@type":"ListItem","position":1,"name":"Home","item":"https:\/\/www.nooteboom.com\/pl\/"},{"@type":"ListItem","position":2,"name":"Media","item":"https:\/\/www.nooteboom.com\/pl\/media\/"},{"@type":"ListItem","position":3,"name":"Aktualno\u015bci"}]},{"@type":"WebSite","@id":"https:\/\/www.nooteboom.com\/pl\/#website","url":"https:\/\/www.nooteboom.com\/pl\/","name":"Nooteboom Trailers","description":"Gets you there.","publisher":{"@id":"https:\/\/www.nooteboom.com\/pl\/#organization"},"potentialAction":[{"@type":"SearchAction","target":{"@type":"EntryPoint","urlTemplate":"https:\/\/www.nooteboom.com\/pl\/?s={search_term_string}"},"query-input":{"@type":"PropertyValueSpecification","valueRequired":true,"valueName":"search_term_string"}}],"inLanguage":"pl-PL"},{"@type":"Organization","@id":"https:\/\/www.nooteboom.com\/pl\/#organization","name":"Nooteboom Trailers","url":"https:\/\/www.nooteboom.com\/pl\/","logo":{"@type":"ImageObject","inLanguage":"pl-PL","@id":"https:\/\/www.nooteboom.com\/pl\/#\/schema\/logo\/image\/","url":"https:\/\/www.nooteboom.com\/wp-content\/uploads\/logo.png","contentUrl":"https:\/\/www.nooteboom.com\/wp-content\/uploads\/logo.png","width":111,"height":66,"caption":"Nooteboom Trailers"},"image":{"@id":"https:\/\/www.nooteboom.com\/pl\/#\/schema\/logo\/image\/"},"sameAs":["https:\/\/nl-nl.facebook.com\/nooteboomtrailers\/","https:\/\/nl.linkedin.com\/company\/nooteboom-trailers","https:\/\/www.youtube.com\/user\/Nooteboomtrailers"]}]}},"_links":{"self":[{"href":"https:\/\/www.nooteboom.com\/pl\/wp-json\/wp\/v2\/pages\/9929","targetHints":{"allow":["GET"]}}],"collection":[{"href":"https:\/\/www.nooteboom.com\/pl\/wp-json\/wp\/v2\/pages"}],"about":[{"href":"https:\/\/www.nooteboom.com\/pl\/wp-json\/wp\/v2\/types\/page"}],"author":[{"embeddable":true,"href":"https:\/\/www.nooteboom.com\/pl\/wp-json\/wp\/v2\/users\/45"}],"replies":[{"embeddable":true,"href":"https:\/\/www.nooteboom.com\/pl\/wp-json\/wp\/v2\/comments?post=9929"}],"version-history":[{"count":5,"href":"https:\/\/www.nooteboom.com\/pl\/wp-json\/wp\/v2\/pages\/9929\/revisions"}],"predecessor-version":[{"id":2383463,"href":"https:\/\/www.nooteboom.com\/pl\/wp-json\/wp\/v2\/pages\/9929\/revisions\/2383463"}],"up":[{"embeddable":true,"href":"https:\/\/www.nooteboom.com\/pl\/wp-json\/wp\/v2\/pages\/9914"}],"wp:attachment":[{"href":"https:\/\/www.nooteboom.com\/pl\/wp-json\/wp\/v2\/media?parent=9929"}],"curies":[{"name":"wp","href":"https:\/\/api.w.org\/{rel}","templated":true}]}}