{"id":9927,"date":"2016-08-03T14:37:18","date_gmt":"2016-08-03T12:37:18","guid":{"rendered":"https:\/\/www.nooteboom.com\/?page_id=9927&#038;lang=pl"},"modified":"2017-11-17T10:46:45","modified_gmt":"2017-11-17T09:46:45","slug":"filmy-youtube","status":"publish","type":"page","link":"https:\/\/www.nooteboom.com\/pl\/media\/media-center\/filmy-youtube\/","title":{"rendered":"Filmy (Youtube)"},"content":{"rendered":"<div class=\"wpb-content-wrapper\"><p>[vc_row][vc_column][vc_column_text]<img loading=\"lazy\" decoding=\"async\" class=\"wp-image-1714 alignright\" src=\"https:\/\/www.nooteboom.com\/wp-content\/uploads\/youtube_logo_detail-300x300.png\" alt=\"Youtube\" width=\"89\" height=\"89\" srcset=\"https:\/\/www.nooteboom.com\/wp-content\/uploads\/youtube_logo_detail-300x300.png 300w, https:\/\/www.nooteboom.com\/wp-content\/uploads\/youtube_logo_detail-150x150.png 150w, https:\/\/www.nooteboom.com\/wp-content\/uploads\/youtube_logo_detail-768x768.png 768w, https:\/\/www.nooteboom.com\/wp-content\/uploads\/youtube_logo_detail.png 800w\" sizes=\"auto, (max-width: 89px) 100vw, 89px\" \/><\/p>\n<p>Odwied\u017acie Pa\u0144stwo nasz kana\u0142 na Youtube aby obejrze\u0107 nasze najnowsze filmy.<\/p>\n<p><a class=\"button\" href=\"https:\/\/www.youtube.com\/nooteboomtrailers\">Nooteboom Youtube Channel<\/a>[\/vc_column_text][\/vc_column][\/vc_row][vc_row][vc_column][vc_video link=&#8221;https:\/\/youtu.be\/VzCl9Y2YYMc&#8221;][\/vc_column][\/vc_row]<\/p>\n<\/div>","protected":false},"excerpt":{"rendered":"[vc_row][vc_column][vc_column_text] Odwied\u017acie Pa\u0144stwo nasz kana\u0142 na Youtube aby obejrze\u0107 nasze najnowsze filmy. Nooteboom Youtube Channel[\/vc_column_text][\/vc_column][\/vc_row][vc_row][vc_column][vc_video link=&#8221;https:\/\/youtu.be\/VzCl9Y2YYMc&#8221;][\/vc_column][\/vc_row]","protected":false},"author":45,"featured_media":0,"parent":9918,"menu_order":0,"comment_status":"closed","ping_status":"closed","template":"","meta":{"_acf_changed":false,"inline_featured_image":false,"footnotes":""},"class_list":["post-9927","page","type-page","status-publish","hentry"],"acf":[],"yoast_head":"<!-- This site is optimized with the Yoast SEO Premium plugin v25.7.1 (Yoast SEO v25.7) - https:\/\/yoast.com\/wordpress\/plugins\/seo\/ -->\n<title>Filmy (Youtube) | Nooteboom Trailers<\/title>\n<meta name=\"description\" content=\"Odwied\u017acie Pa\u0144stwo nasz kana\u0142 na Youtube aby obejrze\u0107 nasze najnowsze filmy.\" \/>\n<meta name=\"robots\" content=\"index, follow, max-snippet:-1, max-image-preview:large, max-video-preview:-1\" \/>\n<link rel=\"canonical\" href=\"https:\/\/www.nooteboom.com\/pl\/media\/media-center\/filmy-youtube\/\" \/>\n<meta property=\"og:locale\" content=\"pl_PL\" \/>\n<meta property=\"og:type\" content=\"article\" \/>\n<meta property=\"og:title\" content=\"Filmy (Youtube)\" \/>\n<meta property=\"og:description\" content=\"Odwied\u017acie Pa\u0144stwo nasz kana\u0142 na Youtube aby obejrze\u0107 nasze najnowsze filmy.\" \/>\n<meta property=\"og:url\" content=\"https:\/\/www.nooteboom.com\/pl\/media\/media-center\/filmy-youtube\/\" \/>\n<meta property=\"og:site_name\" content=\"Nooteboom Trailers\" \/>\n<meta property=\"article:publisher\" content=\"https:\/\/nl-nl.facebook.com\/nooteboomtrailers\/\" \/>\n<meta property=\"article:modified_time\" content=\"2017-11-17T09:46:45+00:00\" \/>\n<meta property=\"og:image\" content=\"https:\/\/www.nooteboom.com\/wp-content\/uploads\/youtube_logo_detail-300x300.png\" \/>\n<meta name=\"twitter:card\" content=\"summary_large_image\" \/>\n<script type=\"application\/ld+json\" class=\"yoast-schema-graph\">{\"@context\":\"https:\/\/schema.org\",\"@graph\":[{\"@type\":\"WebPage\",\"@id\":\"https:\/\/www.nooteboom.com\/pl\/media\/media-center\/filmy-youtube\/\",\"url\":\"https:\/\/www.nooteboom.com\/pl\/media\/media-center\/filmy-youtube\/\",\"name\":\"Filmy (Youtube) | Nooteboom Trailers\",\"isPartOf\":{\"@id\":\"https:\/\/www.nooteboom.com\/pl\/#website\"},\"primaryImageOfPage\":{\"@id\":\"https:\/\/www.nooteboom.com\/pl\/media\/media-center\/filmy-youtube\/#primaryimage\"},\"image\":{\"@id\":\"https:\/\/www.nooteboom.com\/pl\/media\/media-center\/filmy-youtube\/#primaryimage\"},\"thumbnailUrl\":\"https:\/\/www.nooteboom.com\/wp-content\/uploads\/youtube_logo_detail-300x300.png\",\"datePublished\":\"2016-08-03T12:37:18+00:00\",\"dateModified\":\"2017-11-17T09:46:45+00:00\",\"description\":\"Odwied\u017acie Pa\u0144stwo nasz kana\u0142 na Youtube aby obejrze\u0107 nasze najnowsze filmy.\",\"breadcrumb\":{\"@id\":\"https:\/\/www.nooteboom.com\/pl\/media\/media-center\/filmy-youtube\/#breadcrumb\"},\"inLanguage\":\"pl-PL\",\"potentialAction\":[{\"@type\":\"ReadAction\",\"target\":[\"https:\/\/www.nooteboom.com\/pl\/media\/media-center\/filmy-youtube\/\"]}]},{\"@type\":\"ImageObject\",\"inLanguage\":\"pl-PL\",\"@id\":\"https:\/\/www.nooteboom.com\/pl\/media\/media-center\/filmy-youtube\/#primaryimage\",\"url\":\"https:\/\/www.nooteboom.com\/wp-content\/uploads\/youtube_logo_detail-300x300.png\",\"contentUrl\":\"https:\/\/www.nooteboom.com\/wp-content\/uploads\/youtube_logo_detail-300x300.png\"},{\"@type\":\"BreadcrumbList\",\"@id\":\"https:\/\/www.nooteboom.com\/pl\/media\/media-center\/filmy-youtube\/#breadcrumb\",\"itemListElement\":[{\"@type\":\"ListItem\",\"position\":1,\"name\":\"Home\",\"item\":\"https:\/\/www.nooteboom.com\/pl\/\"},{\"@type\":\"ListItem\",\"position\":2,\"name\":\"Media\",\"item\":\"https:\/\/www.nooteboom.com\/pl\/media\/\"},{\"@type\":\"ListItem\",\"position\":3,\"name\":\"Media center\",\"item\":\"https:\/\/www.nooteboom.com\/pl\/media\/media-center\/\"},{\"@type\":\"ListItem\",\"position\":4,\"name\":\"Filmy (Youtube)\"}]},{\"@type\":\"WebSite\",\"@id\":\"https:\/\/www.nooteboom.com\/pl\/#website\",\"url\":\"https:\/\/www.nooteboom.com\/pl\/\",\"name\":\"Nooteboom Trailers\",\"description\":\"Gets you there.\",\"publisher\":{\"@id\":\"https:\/\/www.nooteboom.com\/pl\/#organization\"},\"potentialAction\":[{\"@type\":\"SearchAction\",\"target\":{\"@type\":\"EntryPoint\",\"urlTemplate\":\"https:\/\/www.nooteboom.com\/pl\/?s={search_term_string}\"},\"query-input\":{\"@type\":\"PropertyValueSpecification\",\"valueRequired\":true,\"valueName\":\"search_term_string\"}}],\"inLanguage\":\"pl-PL\"},{\"@type\":\"Organization\",\"@id\":\"https:\/\/www.nooteboom.com\/pl\/#organization\",\"name\":\"Nooteboom Trailers\",\"url\":\"https:\/\/www.nooteboom.com\/pl\/\",\"logo\":{\"@type\":\"ImageObject\",\"inLanguage\":\"pl-PL\",\"@id\":\"https:\/\/www.nooteboom.com\/pl\/#\/schema\/logo\/image\/\",\"url\":\"https:\/\/www.nooteboom.com\/wp-content\/uploads\/logo.png\",\"contentUrl\":\"https:\/\/www.nooteboom.com\/wp-content\/uploads\/logo.png\",\"width\":111,\"height\":66,\"caption\":\"Nooteboom Trailers\"},\"image\":{\"@id\":\"https:\/\/www.nooteboom.com\/pl\/#\/schema\/logo\/image\/\"},\"sameAs\":[\"https:\/\/nl-nl.facebook.com\/nooteboomtrailers\/\",\"https:\/\/nl.linkedin.com\/company\/nooteboom-trailers\",\"https:\/\/www.youtube.com\/user\/Nooteboomtrailers\"]}]}<\/script>\n<!-- \/ Yoast SEO Premium plugin. -->","yoast_head_json":{"title":"Filmy (Youtube) | Nooteboom Trailers","description":"Odwied\u017acie Pa\u0144stwo nasz kana\u0142 na Youtube aby obejrze\u0107 nasze najnowsze filmy.","robots":{"index":"index","follow":"follow","max-snippet":"max-snippet:-1","max-image-preview":"max-image-preview:large","max-video-preview":"max-video-preview:-1"},"canonical":"https:\/\/www.nooteboom.com\/pl\/media\/media-center\/filmy-youtube\/","og_locale":"pl_PL","og_type":"article","og_title":"Filmy (Youtube)","og_description":"Odwied\u017acie Pa\u0144stwo nasz kana\u0142 na Youtube aby obejrze\u0107 nasze najnowsze filmy.","og_url":"https:\/\/www.nooteboom.com\/pl\/media\/media-center\/filmy-youtube\/","og_site_name":"Nooteboom Trailers","article_publisher":"https:\/\/nl-nl.facebook.com\/nooteboomtrailers\/","article_modified_time":"2017-11-17T09:46:45+00:00","og_image":[{"url":"https:\/\/www.nooteboom.com\/wp-content\/uploads\/youtube_logo_detail-300x300.png","type":"","width":"","height":""}],"twitter_card":"summary_large_image","schema":{"@context":"https:\/\/schema.org","@graph":[{"@type":"WebPage","@id":"https:\/\/www.nooteboom.com\/pl\/media\/media-center\/filmy-youtube\/","url":"https:\/\/www.nooteboom.com\/pl\/media\/media-center\/filmy-youtube\/","name":"Filmy (Youtube) | Nooteboom Trailers","isPartOf":{"@id":"https:\/\/www.nooteboom.com\/pl\/#website"},"primaryImageOfPage":{"@id":"https:\/\/www.nooteboom.com\/pl\/media\/media-center\/filmy-youtube\/#primaryimage"},"image":{"@id":"https:\/\/www.nooteboom.com\/pl\/media\/media-center\/filmy-youtube\/#primaryimage"},"thumbnailUrl":"https:\/\/www.nooteboom.com\/wp-content\/uploads\/youtube_logo_detail-300x300.png","datePublished":"2016-08-03T12:37:18+00:00","dateModified":"2017-11-17T09:46:45+00:00","description":"Odwied\u017acie Pa\u0144stwo nasz kana\u0142 na Youtube aby obejrze\u0107 nasze najnowsze filmy.","breadcrumb":{"@id":"https:\/\/www.nooteboom.com\/pl\/media\/media-center\/filmy-youtube\/#breadcrumb"},"inLanguage":"pl-PL","potentialAction":[{"@type":"ReadAction","target":["https:\/\/www.nooteboom.com\/pl\/media\/media-center\/filmy-youtube\/"]}]},{"@type":"ImageObject","inLanguage":"pl-PL","@id":"https:\/\/www.nooteboom.com\/pl\/media\/media-center\/filmy-youtube\/#primaryimage","url":"https:\/\/www.nooteboom.com\/wp-content\/uploads\/youtube_logo_detail-300x300.png","contentUrl":"https:\/\/www.nooteboom.com\/wp-content\/uploads\/youtube_logo_detail-300x300.png"},{"@type":"BreadcrumbList","@id":"https:\/\/www.nooteboom.com\/pl\/media\/media-center\/filmy-youtube\/#breadcrumb","itemListElement":[{"@type":"ListItem","position":1,"name":"Home","item":"https:\/\/www.nooteboom.com\/pl\/"},{"@type":"ListItem","position":2,"name":"Media","item":"https:\/\/www.nooteboom.com\/pl\/media\/"},{"@type":"ListItem","position":3,"name":"Media center","item":"https:\/\/www.nooteboom.com\/pl\/media\/media-center\/"},{"@type":"ListItem","position":4,"name":"Filmy (Youtube)"}]},{"@type":"WebSite","@id":"https:\/\/www.nooteboom.com\/pl\/#website","url":"https:\/\/www.nooteboom.com\/pl\/","name":"Nooteboom Trailers","description":"Gets you there.","publisher":{"@id":"https:\/\/www.nooteboom.com\/pl\/#organization"},"potentialAction":[{"@type":"SearchAction","target":{"@type":"EntryPoint","urlTemplate":"https:\/\/www.nooteboom.com\/pl\/?s={search_term_string}"},"query-input":{"@type":"PropertyValueSpecification","valueRequired":true,"valueName":"search_term_string"}}],"inLanguage":"pl-PL"},{"@type":"Organization","@id":"https:\/\/www.nooteboom.com\/pl\/#organization","name":"Nooteboom Trailers","url":"https:\/\/www.nooteboom.com\/pl\/","logo":{"@type":"ImageObject","inLanguage":"pl-PL","@id":"https:\/\/www.nooteboom.com\/pl\/#\/schema\/logo\/image\/","url":"https:\/\/www.nooteboom.com\/wp-content\/uploads\/logo.png","contentUrl":"https:\/\/www.nooteboom.com\/wp-content\/uploads\/logo.png","width":111,"height":66,"caption":"Nooteboom Trailers"},"image":{"@id":"https:\/\/www.nooteboom.com\/pl\/#\/schema\/logo\/image\/"},"sameAs":["https:\/\/nl-nl.facebook.com\/nooteboomtrailers\/","https:\/\/nl.linkedin.com\/company\/nooteboom-trailers","https:\/\/www.youtube.com\/user\/Nooteboomtrailers"]}]}},"_links":{"self":[{"href":"https:\/\/www.nooteboom.com\/pl\/wp-json\/wp\/v2\/pages\/9927","targetHints":{"allow":["GET"]}}],"collection":[{"href":"https:\/\/www.nooteboom.com\/pl\/wp-json\/wp\/v2\/pages"}],"about":[{"href":"https:\/\/www.nooteboom.com\/pl\/wp-json\/wp\/v2\/types\/page"}],"author":[{"embeddable":true,"href":"https:\/\/www.nooteboom.com\/pl\/wp-json\/wp\/v2\/users\/45"}],"replies":[{"embeddable":true,"href":"https:\/\/www.nooteboom.com\/pl\/wp-json\/wp\/v2\/comments?post=9927"}],"version-history":[{"count":3,"href":"https:\/\/www.nooteboom.com\/pl\/wp-json\/wp\/v2\/pages\/9927\/revisions"}],"predecessor-version":[{"id":1223385,"href":"https:\/\/www.nooteboom.com\/pl\/wp-json\/wp\/v2\/pages\/9927\/revisions\/1223385"}],"up":[{"embeddable":true,"href":"https:\/\/www.nooteboom.com\/pl\/wp-json\/wp\/v2\/pages\/9918"}],"wp:attachment":[{"href":"https:\/\/www.nooteboom.com\/pl\/wp-json\/wp\/v2\/media?parent=9927"}],"curies":[{"name":"wp","href":"https:\/\/api.w.org\/{rel}","templated":true}]}}