{"id":9912,"date":"2016-08-03T14:29:11","date_gmt":"2016-08-03T12:29:11","guid":{"rendered":"https:\/\/www.nooteboom.com\/?page_id=9912&#038;lang=pl"},"modified":"2016-08-18T08:18:32","modified_gmt":"2016-08-18T06:18:32","slug":"akcesoria-dodatkowe-promocyjne","status":"publish","type":"page","link":"https:\/\/www.nooteboom.com\/pl\/akcesoria-dodatkowe-promocyjne\/","title":{"rendered":"Akcesoria dodatkowe i promocyjne"},"content":{"rendered":"<div class=\"wpb-content-wrapper\"><p>[vc_row][vc_column width=&#8221;1\/2&#8243;][vc_column_text]Odwied\u017a nasz sklep internetowy i zapoznaj si\u0119 z nasz\u0105 ofert\u0105 realistycznych modeli Noteboom (w skali 1:50 i 1:87), ksi\u0105\u017cek, DVD, przedmiot\u00f3w kolekcjonerskich oraz odzie\u017cy. Dla kolekcjoner\u00f3w i fan\u00f3w transportu nienormatywnego.<\/p>\n<p>Solidno\u015b\u0107 i trwa\u0142o\u015b\u0107. Dostawa w ci\u0105gu dw\u00f3ch dni z mo\u017cliwo\u015bci\u0105 \u015bledzenia przesy\u0142ki. Bezpieczna p\u0142atno\u015b\u0107 kart\u0105 kredytow\u0105, iDeal, PayPal lub przelewem bankowym.<\/p>\n<p><a class=\"button\" href=\"https:\/\/www.nooteboomshop.com\">www.nooteboomshop.com<\/a>[\/vc_column_text][\/vc_column][vc_column width=&#8221;1\/2&#8243;][vc_single_image image=&#8221;1603&#8243; img_size=&#8221;large&#8221;][\/vc_column][\/vc_row][vc_row][vc_column width=&#8221;1\/4&#8243;]<div class=\"vc_teaser\">\n\n\t\n\t\t<div onclick=\"window.location.href='https:\/\/www.nooteboomshop.com\/en\/scale-models';\" class=\"vc_teaser__inner clickable\">\n\n\t\t\t\t\t\t\t<figure>\n\t\t\t\t\t<img\n\t\t\t\t\t\t\tsrc=\"https:\/\/www.nooteboom.com\/wp-content\/uploads\/Scalemodels-500x333.jpg\"\n\t\t\t\t\t\t\talt=\"Akcesoria dodatkowe i promocyjne\"\n\t\t\t\t\t\t\t\t\t\t\t\t\tsrcset=\"https:\/\/www.nooteboom.com\/wp-content\/uploads\/Scalemodels-300x199.jpg 300w,https:\/\/www.nooteboom.com\/wp-content\/uploads\/Scalemodels-768x511.jpg 768w,https:\/\/www.nooteboom.com\/wp-content\/uploads\/Scalemodels-1024x681.jpg 1024w\"\n\t\t\t\t\t\t\tsizes=\"(max-width: 500px) 100vw, 500px\"\n\t\t\t\t\t\t\t\t\t\t\t>\n\t\t\t\t<\/figure>\n\t\t\t\n\t\t\t\t\t\t\t<a href=\"https:\/\/www.nooteboomshop.com\/en\/scale-models\" target=\"\"\n\t\t\t\t   title=\"Scale Models\" class=\"button red\">\n\t\t\t\t\tModele\t\t\t\t\t<span class=\"fa fa-chevron-right\"><\/span>\n\t\t\t\t<\/a>\n\t\t\t\n\t\t<\/div>\n\n\t\n<\/div>[vc_column_text]Wszystkie modele Nooteboom zrobione s\u0105 w skali 1:50 lub 1:87. Zawiera Nooteboom Red Line i Edycje Limitowane, dost\u0119pne z realistycznymi narz\u0119dziami i \u0142adunkami.\u00a0Modele s\u0105 bardzo szczeg\u00f3\u0142owe. Dostarczane w luksusowych opakowaniach ozdobnych.[\/vc_column_text][\/vc_column][vc_column width=&#8221;1\/4&#8243;]<div class=\"vc_teaser\">\n\n\t\n\t\t<div onclick=\"window.location.href='https:\/\/www.nooteboomshop.com\/en\/books-movies';\" class=\"vc_teaser__inner clickable\">\n\n\t\t\t\t\t\t\t<figure>\n\t\t\t\t\t<img\n\t\t\t\t\t\t\tsrc=\"https:\/\/www.nooteboom.com\/wp-content\/uploads\/books-500x333.jpg\"\n\t\t\t\t\t\t\talt=\"Akcesoria dodatkowe i promocyjne\"\n\t\t\t\t\t\t\t\t\t\t\t\t\tsrcset=\"https:\/\/www.nooteboom.com\/wp-content\/uploads\/books-300x199.jpg 300w,https:\/\/www.nooteboom.com\/wp-content\/uploads\/books-768x511.jpg 768w,https:\/\/www.nooteboom.com\/wp-content\/uploads\/books-1024x681.jpg 1024w\"\n\t\t\t\t\t\t\tsizes=\"(max-width: 500px) 100vw, 500px\"\n\t\t\t\t\t\t\t\t\t\t\t>\n\t\t\t\t<\/figure>\n\t\t\t\n\t\t\t\t\t\t\t<a href=\"https:\/\/www.nooteboomshop.com\/en\/books-movies\" target=\"\"\n\t\t\t\t   title=\"Books & DVD's\" class=\"button red\">\n\t\t\t\t\tKsi\u0105\u017cki i DVD\t\t\t\t\t<span class=\"fa fa-chevron-right\"><\/span>\n\t\t\t\t<\/a>\n\t\t\t\n\t\t<\/div>\n\n\t\n<\/div>[vc_column_text]Poznaj \u015bwiat transportu nienormatywnego. Chcesz wiedzie\u0107 wi\u0119cej na temat przyczep i \u0142adunk\u00f3w, kt\u00f3re mog\u0105 transportowa\u0107? Dowiedz si\u0119 wi\u0119cej z naszych DVD i ksi\u0105\u017cek, w tym serii Giants on the Road.[\/vc_column_text][\/vc_column][vc_column width=&#8221;1\/4&#8243;]<div class=\"vc_teaser\">\n\n\t\n\t\t<div onclick=\"window.location.href='https:\/\/www.nooteboomshop.com\/en\/leisure-wear';\" class=\"vc_teaser__inner clickable\">\n\n\t\t\t\t\t\t\t<figure>\n\t\t\t\t\t<img\n\t\t\t\t\t\t\tsrc=\"https:\/\/www.nooteboom.com\/wp-content\/uploads\/Leisurewear-500x333.jpg\"\n\t\t\t\t\t\t\talt=\"Akcesoria dodatkowe i promocyjne\"\n\t\t\t\t\t\t\t\t\t\t\t\t\tsrcset=\"https:\/\/www.nooteboom.com\/wp-content\/uploads\/Leisurewear-300x199.jpg 300w,https:\/\/www.nooteboom.com\/wp-content\/uploads\/Leisurewear-768x511.jpg 768w,https:\/\/www.nooteboom.com\/wp-content\/uploads\/Leisurewear-1024x681.jpg 1024w\"\n\t\t\t\t\t\t\tsizes=\"(max-width: 500px) 100vw, 500px\"\n\t\t\t\t\t\t\t\t\t\t\t>\n\t\t\t\t<\/figure>\n\t\t\t\n\t\t\t\t\t\t\t<a href=\"https:\/\/www.nooteboomshop.com\/en\/leisure-wear\" target=\"\"\n\t\t\t\t   title=\"Casual wear\" class=\"button red\">\n\t\t\t\t\tOdzie\u017c\t\t\t\t\t<span class=\"fa fa-chevron-right\"><\/span>\n\t\t\t\t<\/a>\n\t\t\t\n\t\t<\/div>\n\n\t\n<\/div>[vc_column_text]W sk\u0142ad kolekcji odzie\u017cy Nooteboom wchodz\u0105 p\u0142aszcze, spodnie, koszulki polo i t-shirty.\u00a0 Wytrzyma\u0142e i u\u017cyteczne. Wygodne, komfortowe i rozpoznawalne.[\/vc_column_text][\/vc_column][vc_column width=&#8221;1\/4&#8243;]<div class=\"vc_teaser\">\n\n\t\n\t\t<div onclick=\"window.location.href='https:\/\/www.nooteboomshop.com\/en\/accessories';\" class=\"vc_teaser__inner clickable\">\n\n\t\t\t\t\t\t\t<figure>\n\t\t\t\t\t<img\n\t\t\t\t\t\t\tsrc=\"https:\/\/www.nooteboom.com\/wp-content\/uploads\/collectibles-500x333.jpg\"\n\t\t\t\t\t\t\talt=\"Akcesoria dodatkowe i promocyjne\"\n\t\t\t\t\t\t\t\t\t\t\t\t\tsrcset=\"https:\/\/www.nooteboom.com\/wp-content\/uploads\/collectibles-300x199.jpg 300w,https:\/\/www.nooteboom.com\/wp-content\/uploads\/collectibles-768x511.jpg 768w,https:\/\/www.nooteboom.com\/wp-content\/uploads\/collectibles-1024x681.jpg 1024w\"\n\t\t\t\t\t\t\tsizes=\"(max-width: 500px) 100vw, 500px\"\n\t\t\t\t\t\t\t\t\t\t\t>\n\t\t\t\t<\/figure>\n\t\t\t\n\t\t\t\t\t\t\t<a href=\"https:\/\/www.nooteboomshop.com\/en\/accessories\" target=\"\"\n\t\t\t\t   title=\"Collectibles\" class=\"button red\">\n\t\t\t\t\tKolekcjonerskie\t\t\t\t\t<span class=\"fa fa-chevron-right\"><\/span>\n\t\t\t\t<\/a>\n\t\t\t\n\t\t<\/div>\n\n\t\n<\/div>[vc_column_text]Szukasz zaskakuj\u0105cych i unikalnych produkt\u00f3w, kt\u00f3rymi mo\u017cesz uzupe\u0142ni\u0107 swoj\u0105 Kolekcj\u0119 Nooteboom? Znajdziesz je tutaj. Od podk\u0142adek pod mysz do kubk\u00f3w na kaw\u0119, od pami\u0119ci USB do parasoli.[\/vc_column_text][\/vc_column][\/vc_row]<\/p>\n<\/div>","protected":false},"excerpt":{"rendered":"[vc_row][vc_column width=&#8221;1\/2&#8243;][vc_column_text]Odwied\u017a nasz sklep internetowy i zapoznaj si\u0119 z nasz\u0105 ofert\u0105 realistycznych modeli Noteboom (w skali 1:50 i 1:87), ksi\u0105\u017cek,&#8230;","protected":false},"author":45,"featured_media":12416,"parent":0,"menu_order":0,"comment_status":"closed","ping_status":"closed","template":"","meta":{"_acf_changed":false,"inline_featured_image":false,"footnotes":""},"class_list":["post-9912","page","type-page","status-publish","has-post-thumbnail","hentry"],"acf":[],"yoast_head":"<!-- This site is optimized with the Yoast SEO Premium plugin v25.7.1 (Yoast SEO v25.7) - https:\/\/yoast.com\/wordpress\/plugins\/seo\/ -->\n<title>Akcesoria dodatkowe i promocyjne | Nooteboom Trailers<\/title>\n<meta name=\"description\" content=\"Odwied\u017a nasz sklep internetowy i zapoznaj si\u0119 z nasz\u0105 ofert\u0105 realistycznych modeli Noteboom (w skali 1:50 i 1:87)\" \/>\n<meta name=\"robots\" content=\"index, follow, max-snippet:-1, max-image-preview:large, max-video-preview:-1\" \/>\n<link rel=\"canonical\" href=\"https:\/\/www.nooteboom.com\/pl\/akcesoria-dodatkowe-promocyjne\/\" \/>\n<meta property=\"og:locale\" content=\"pl_PL\" \/>\n<meta property=\"og:type\" content=\"article\" \/>\n<meta property=\"og:title\" content=\"Akcesoria dodatkowe i promocyjne\" \/>\n<meta property=\"og:description\" content=\"Odwied\u017a nasz sklep internetowy i zapoznaj si\u0119 z nasz\u0105 ofert\u0105 realistycznych modeli Noteboom (w skali 1:50 i 1:87)\" \/>\n<meta property=\"og:url\" content=\"https:\/\/www.nooteboom.com\/pl\/akcesoria-dodatkowe-promocyjne\/\" \/>\n<meta property=\"og:site_name\" content=\"Nooteboom Trailers\" \/>\n<meta property=\"article:publisher\" content=\"https:\/\/nl-nl.facebook.com\/nooteboomtrailers\/\" \/>\n<meta property=\"article:modified_time\" content=\"2016-08-18T06:18:32+00:00\" \/>\n<meta property=\"og:image\" content=\"https:\/\/www.nooteboom.com\/wp-content\/uploads\/MPL-scalemodel.jpg\" \/>\n\t<meta property=\"og:image:width\" content=\"1400\" \/>\n\t<meta property=\"og:image:height\" content=\"693\" \/>\n\t<meta property=\"og:image:type\" content=\"image\/jpeg\" \/>\n<meta name=\"twitter:card\" content=\"summary_large_image\" \/>\n<meta name=\"twitter:label1\" content=\"Szacowany czas czytania\" \/>\n\t<meta name=\"twitter:data1\" content=\"2 minuty\" \/>\n<script type=\"application\/ld+json\" class=\"yoast-schema-graph\">{\"@context\":\"https:\/\/schema.org\",\"@graph\":[{\"@type\":\"WebPage\",\"@id\":\"https:\/\/www.nooteboom.com\/pl\/akcesoria-dodatkowe-promocyjne\/\",\"url\":\"https:\/\/www.nooteboom.com\/pl\/akcesoria-dodatkowe-promocyjne\/\",\"name\":\"Akcesoria dodatkowe i promocyjne | Nooteboom Trailers\",\"isPartOf\":{\"@id\":\"https:\/\/www.nooteboom.com\/pl\/#website\"},\"primaryImageOfPage\":{\"@id\":\"https:\/\/www.nooteboom.com\/pl\/akcesoria-dodatkowe-promocyjne\/#primaryimage\"},\"image\":{\"@id\":\"https:\/\/www.nooteboom.com\/pl\/akcesoria-dodatkowe-promocyjne\/#primaryimage\"},\"thumbnailUrl\":\"https:\/\/www.nooteboom.com\/wp-content\/uploads\/MPL-scalemodel.jpg\",\"datePublished\":\"2016-08-03T12:29:11+00:00\",\"dateModified\":\"2016-08-18T06:18:32+00:00\",\"description\":\"Odwied\u017a nasz sklep internetowy i zapoznaj si\u0119 z nasz\u0105 ofert\u0105 realistycznych modeli Noteboom (w skali 1:50 i 1:87)\",\"breadcrumb\":{\"@id\":\"https:\/\/www.nooteboom.com\/pl\/akcesoria-dodatkowe-promocyjne\/#breadcrumb\"},\"inLanguage\":\"pl-PL\",\"potentialAction\":[{\"@type\":\"ReadAction\",\"target\":[\"https:\/\/www.nooteboom.com\/pl\/akcesoria-dodatkowe-promocyjne\/\"]}]},{\"@type\":\"ImageObject\",\"inLanguage\":\"pl-PL\",\"@id\":\"https:\/\/www.nooteboom.com\/pl\/akcesoria-dodatkowe-promocyjne\/#primaryimage\",\"url\":\"https:\/\/www.nooteboom.com\/wp-content\/uploads\/MPL-scalemodel.jpg\",\"contentUrl\":\"https:\/\/www.nooteboom.com\/wp-content\/uploads\/MPL-scalemodel.jpg\",\"width\":1400,\"height\":693},{\"@type\":\"BreadcrumbList\",\"@id\":\"https:\/\/www.nooteboom.com\/pl\/akcesoria-dodatkowe-promocyjne\/#breadcrumb\",\"itemListElement\":[{\"@type\":\"ListItem\",\"position\":1,\"name\":\"Home\",\"item\":\"https:\/\/www.nooteboom.com\/pl\/\"},{\"@type\":\"ListItem\",\"position\":2,\"name\":\"Akcesoria dodatkowe i promocyjne\"}]},{\"@type\":\"WebSite\",\"@id\":\"https:\/\/www.nooteboom.com\/pl\/#website\",\"url\":\"https:\/\/www.nooteboom.com\/pl\/\",\"name\":\"Nooteboom Trailers\",\"description\":\"Gets you there.\",\"publisher\":{\"@id\":\"https:\/\/www.nooteboom.com\/pl\/#organization\"},\"potentialAction\":[{\"@type\":\"SearchAction\",\"target\":{\"@type\":\"EntryPoint\",\"urlTemplate\":\"https:\/\/www.nooteboom.com\/pl\/?s={search_term_string}\"},\"query-input\":{\"@type\":\"PropertyValueSpecification\",\"valueRequired\":true,\"valueName\":\"search_term_string\"}}],\"inLanguage\":\"pl-PL\"},{\"@type\":\"Organization\",\"@id\":\"https:\/\/www.nooteboom.com\/pl\/#organization\",\"name\":\"Nooteboom Trailers\",\"url\":\"https:\/\/www.nooteboom.com\/pl\/\",\"logo\":{\"@type\":\"ImageObject\",\"inLanguage\":\"pl-PL\",\"@id\":\"https:\/\/www.nooteboom.com\/pl\/#\/schema\/logo\/image\/\",\"url\":\"https:\/\/www.nooteboom.com\/wp-content\/uploads\/logo.png\",\"contentUrl\":\"https:\/\/www.nooteboom.com\/wp-content\/uploads\/logo.png\",\"width\":111,\"height\":66,\"caption\":\"Nooteboom Trailers\"},\"image\":{\"@id\":\"https:\/\/www.nooteboom.com\/pl\/#\/schema\/logo\/image\/\"},\"sameAs\":[\"https:\/\/nl-nl.facebook.com\/nooteboomtrailers\/\",\"https:\/\/nl.linkedin.com\/company\/nooteboom-trailers\",\"https:\/\/www.youtube.com\/user\/Nooteboomtrailers\"]}]}<\/script>\n<!-- \/ Yoast SEO Premium plugin. -->","yoast_head_json":{"title":"Akcesoria dodatkowe i promocyjne | Nooteboom Trailers","description":"Odwied\u017a nasz sklep internetowy i zapoznaj si\u0119 z nasz\u0105 ofert\u0105 realistycznych modeli Noteboom (w skali 1:50 i 1:87)","robots":{"index":"index","follow":"follow","max-snippet":"max-snippet:-1","max-image-preview":"max-image-preview:large","max-video-preview":"max-video-preview:-1"},"canonical":"https:\/\/www.nooteboom.com\/pl\/akcesoria-dodatkowe-promocyjne\/","og_locale":"pl_PL","og_type":"article","og_title":"Akcesoria dodatkowe i promocyjne","og_description":"Odwied\u017a nasz sklep internetowy i zapoznaj si\u0119 z nasz\u0105 ofert\u0105 realistycznych modeli Noteboom (w skali 1:50 i 1:87)","og_url":"https:\/\/www.nooteboom.com\/pl\/akcesoria-dodatkowe-promocyjne\/","og_site_name":"Nooteboom Trailers","article_publisher":"https:\/\/nl-nl.facebook.com\/nooteboomtrailers\/","article_modified_time":"2016-08-18T06:18:32+00:00","og_image":[{"width":1400,"height":693,"url":"https:\/\/www.nooteboom.com\/wp-content\/uploads\/MPL-scalemodel.jpg","type":"image\/jpeg"}],"twitter_card":"summary_large_image","twitter_misc":{"Szacowany czas czytania":"2 minuty"},"schema":{"@context":"https:\/\/schema.org","@graph":[{"@type":"WebPage","@id":"https:\/\/www.nooteboom.com\/pl\/akcesoria-dodatkowe-promocyjne\/","url":"https:\/\/www.nooteboom.com\/pl\/akcesoria-dodatkowe-promocyjne\/","name":"Akcesoria dodatkowe i promocyjne | Nooteboom Trailers","isPartOf":{"@id":"https:\/\/www.nooteboom.com\/pl\/#website"},"primaryImageOfPage":{"@id":"https:\/\/www.nooteboom.com\/pl\/akcesoria-dodatkowe-promocyjne\/#primaryimage"},"image":{"@id":"https:\/\/www.nooteboom.com\/pl\/akcesoria-dodatkowe-promocyjne\/#primaryimage"},"thumbnailUrl":"https:\/\/www.nooteboom.com\/wp-content\/uploads\/MPL-scalemodel.jpg","datePublished":"2016-08-03T12:29:11+00:00","dateModified":"2016-08-18T06:18:32+00:00","description":"Odwied\u017a nasz sklep internetowy i zapoznaj si\u0119 z nasz\u0105 ofert\u0105 realistycznych modeli Noteboom (w skali 1:50 i 1:87)","breadcrumb":{"@id":"https:\/\/www.nooteboom.com\/pl\/akcesoria-dodatkowe-promocyjne\/#breadcrumb"},"inLanguage":"pl-PL","potentialAction":[{"@type":"ReadAction","target":["https:\/\/www.nooteboom.com\/pl\/akcesoria-dodatkowe-promocyjne\/"]}]},{"@type":"ImageObject","inLanguage":"pl-PL","@id":"https:\/\/www.nooteboom.com\/pl\/akcesoria-dodatkowe-promocyjne\/#primaryimage","url":"https:\/\/www.nooteboom.com\/wp-content\/uploads\/MPL-scalemodel.jpg","contentUrl":"https:\/\/www.nooteboom.com\/wp-content\/uploads\/MPL-scalemodel.jpg","width":1400,"height":693},{"@type":"BreadcrumbList","@id":"https:\/\/www.nooteboom.com\/pl\/akcesoria-dodatkowe-promocyjne\/#breadcrumb","itemListElement":[{"@type":"ListItem","position":1,"name":"Home","item":"https:\/\/www.nooteboom.com\/pl\/"},{"@type":"ListItem","position":2,"name":"Akcesoria dodatkowe i promocyjne"}]},{"@type":"WebSite","@id":"https:\/\/www.nooteboom.com\/pl\/#website","url":"https:\/\/www.nooteboom.com\/pl\/","name":"Nooteboom Trailers","description":"Gets you there.","publisher":{"@id":"https:\/\/www.nooteboom.com\/pl\/#organization"},"potentialAction":[{"@type":"SearchAction","target":{"@type":"EntryPoint","urlTemplate":"https:\/\/www.nooteboom.com\/pl\/?s={search_term_string}"},"query-input":{"@type":"PropertyValueSpecification","valueRequired":true,"valueName":"search_term_string"}}],"inLanguage":"pl-PL"},{"@type":"Organization","@id":"https:\/\/www.nooteboom.com\/pl\/#organization","name":"Nooteboom Trailers","url":"https:\/\/www.nooteboom.com\/pl\/","logo":{"@type":"ImageObject","inLanguage":"pl-PL","@id":"https:\/\/www.nooteboom.com\/pl\/#\/schema\/logo\/image\/","url":"https:\/\/www.nooteboom.com\/wp-content\/uploads\/logo.png","contentUrl":"https:\/\/www.nooteboom.com\/wp-content\/uploads\/logo.png","width":111,"height":66,"caption":"Nooteboom Trailers"},"image":{"@id":"https:\/\/www.nooteboom.com\/pl\/#\/schema\/logo\/image\/"},"sameAs":["https:\/\/nl-nl.facebook.com\/nooteboomtrailers\/","https:\/\/nl.linkedin.com\/company\/nooteboom-trailers","https:\/\/www.youtube.com\/user\/Nooteboomtrailers"]}]}},"_links":{"self":[{"href":"https:\/\/www.nooteboom.com\/pl\/wp-json\/wp\/v2\/pages\/9912","targetHints":{"allow":["GET"]}}],"collection":[{"href":"https:\/\/www.nooteboom.com\/pl\/wp-json\/wp\/v2\/pages"}],"about":[{"href":"https:\/\/www.nooteboom.com\/pl\/wp-json\/wp\/v2\/types\/page"}],"author":[{"embeddable":true,"href":"https:\/\/www.nooteboom.com\/pl\/wp-json\/wp\/v2\/users\/45"}],"replies":[{"embeddable":true,"href":"https:\/\/www.nooteboom.com\/pl\/wp-json\/wp\/v2\/comments?post=9912"}],"version-history":[{"count":9,"href":"https:\/\/www.nooteboom.com\/pl\/wp-json\/wp\/v2\/pages\/9912\/revisions"}],"predecessor-version":[{"id":12184,"href":"https:\/\/www.nooteboom.com\/pl\/wp-json\/wp\/v2\/pages\/9912\/revisions\/12184"}],"wp:featuredmedia":[{"embeddable":true,"href":"https:\/\/www.nooteboom.com\/pl\/wp-json\/wp\/v2\/media\/12416"}],"wp:attachment":[{"href":"https:\/\/www.nooteboom.com\/pl\/wp-json\/wp\/v2\/media?parent=9912"}],"curies":[{"name":"wp","href":"https:\/\/api.w.org\/{rel}","templated":true}]}}