{"id":9910,"date":"2016-08-03T14:28:13","date_gmt":"2016-08-03T12:28:13","guid":{"rendered":"https:\/\/www.nooteboom.com\/?page_id=9910&#038;lang=pl"},"modified":"2016-08-10T14:27:56","modified_gmt":"2016-08-10T12:27:56","slug":"naczepy-semi-niskopodwoziowe-mcos-ze-sterowaniem-hydraulicznym","status":"publish","type":"page","link":"https:\/\/www.nooteboom.com\/pl\/naczepy-semi-niskopodwoziowe-mcos-ze-sterowaniem-hydraulicznym\/","title":{"rendered":"Naczepy semi-niskopodwoziowe MCOS ze sterowaniem hydraulicznym"},"content":{"rendered":"<div class=\"wpb-content-wrapper\"><p>[vc_row][vc_column][vc_column_text]<img loading=\"lazy\" decoding=\"async\" class=\"size-full wp-image-1448 alignright\" src=\"https:\/\/www.nooteboom.com\/wp-content\/uploads\/Multitrailers.png\" alt=\"Multitrailers\" width=\"115\" height=\"115\" \/><\/p>\n<p>Przez lata, Nooteboom zbudowa\u0142 bardzo przekonuj\u0105cy mi\u0119dzynarodowy program SMART 3-osiowych i 4-osiowych samoskr\u0119tnych naczep semi-niskopodwoziowych OSDS.<\/p>\n<p>Aby zaoferowa\u0107 przewo\u017anikom dodatkowe korzy\u015bci, Nooteboom wprowadzi\u0142 teraz do oferty sterowanie hydrauliczne we wszystkich naczepach semi-niskopodwoziowych w obr\u0119bie programu SMART, pod nazw\u0105 MCOS.<\/p>\n<h2>Geniusz tkwi w prostocie<\/h2>\n<p>Hydrauliczny uk\u0142ad sterowania naczep semi-niskopodwoziowych MCOS jest tak prosty, jak to tylko mo\u017cliwe, a jednocze\u015bnie nadal reprezentuje wszystkie zalety systemu sterowania Nooteboom. Hydraulicznie sterowane osie o maksymalnym k\u0105cie skr\u0119tu 45 stopni sprawiaj\u0105, \u017ce naczepa jest niezwykle manewrowa i mo\u017ce dotrze\u0107 do trudno dost\u0119pnych miejsc za\u0142adunku\/roz\u0142adunku. Uk\u0142ad sterowania gwarantuje r\u00f3wnie\u017c znaczne oszcz\u0119dno\u015bci dzi\u0119ki maksymalnej redukcji zu\u017cycia opon. Dodatkowo, niewielki ci\u0119\u017car w\u0142asny oznacza bardzo du\u017c\u0105 \u0142adowno\u015b\u0107 w transporcie w ramach zgodnych z prawem granic wagowych oraz w transporcie wykraczaj\u0105cym poza te granice.[\/vc_column_text][\/vc_column][\/vc_row][vc_row][vc_column width=&#8221;1\/2&#8243;][vc_column_text]<\/p>\n<h2>Dost\u0119pne dla ka\u017cdego<\/h2>\n<p>Ju\u017c teraz wiele tysi\u0119cy naczep semi-niskopod\u0142ogowych Nooteboom SMART u\u017cywa si\u0119 w transporcie sprz\u0119tu budowlanego, podno\u015bnik\u00f3w teleskopowych, sprz\u0119tu drogowego, maszyn rolniczych i ci\u0119\u017car\u00f3w \u0142adowanych d\u017awigiem. Dzi\u0119ki naczepie semi-niskopod\u0142ogowej Nooteboom MCOS, sterowanie hydrauliczne jest teraz w zasi\u0119gu r\u0119ki jeszcze wi\u0119kszej liczby przewo\u017anik\u00f3w. Naczepy semi-niskopodwoziowe MCOS s\u0105 niezwykle przyjazne w u\u017cytkowaniu i gwarantuj\u0105 zwi\u0119kszon\u0105 wydajno\u015b\u0107 transportu.<\/p>\n<p>&nbsp;<\/p>\n<h2>M\u0105dra inwestycja<\/h2>\n<p>Naczepy semi-niskopodwoziowe MCOS cechuje doskona\u0142y stosunek ceny do jako\u015bci dzi\u0119ki rozleg\u0142ej, zorientowanej na rynek koncepcji i wyrafinowanym metodom produkcyjnym. Wyko\u0144czenie i konserwacja odznaczaj\u0105 si\u0119 szczeg\u00f3lnie wysok\u0105 jako\u015bci\u0105, podwozie jest w pe\u0142ni ocynkowane w drodze natryskiwania cieplnego. Trwa\u0142o\u015b\u0107, niskie koszty utrzymania i konkurencyjna cena zakupu sprawiaj\u0105, \u017ce naczepy semi-niskopodwoziowe MCOS to doskona\u0142a inwestycja.[\/vc_column_text][\/vc_column][vc_column width=&#8221;1\/2&#8243;][vc_single_image image=&#8221;1641&#8243; img_size=&#8221;large&#8221;][vc_single_image image=&#8221;1639&#8243; img_size=&#8221;large&#8221;][\/vc_column][\/vc_row][vc_row][vc_column]<div class=\"content hidden\">\n\n\t<\/p>\n<div class=\"wrapper\">\n<div class=\"more-detail__col more-detail__co--img\">\n<p>Naczepa semi-niskopodwoziowa MCOS jest dost\u0119pna mi\u0119dzy innymi z:<\/p>\n<ul>\n<li>3 lub 4 osiami<\/li>\n<li>Tylnymi 2, 3 lub 4 osiami ze sterowaniem hydraulicznym<\/li>\n<li>Sterowaniem nadrz\u0119dnym z pilotem<\/li>\n<li>Cienk\u0105, ale niezwykle wytrzyma\u0142\u0105 \u0142ab\u0119dzi\u0105 szyj\u0105<\/li>\n<li>Sta\u0142ym lub rozci\u0105ganym pok\u0142adem \u0142adunkowym<\/li>\n<li>Zawieszeniem pneumatycznym z funkcj\u0105 podnoszenia\/opuszczania<\/li>\n<li>Technicznym obci\u0105\u017ceniem osi 9 t\/o\u015b lub 10 t\/o\u015b przy 80 km\/h<\/li>\n<li>Osiami SAF<\/li>\n<li>Oponami 235\/75R17.5 lub 245\/70R17.5<\/li>\n<li>Rozstawem osi 1360 mm<\/li>\n<li>Szeroko\u015bci\u0105 pok\u0142adu \u0142adunkowego 2520 mm<\/li>\n<li>Wysoko\u015bci\u0105 za\u0142adowanego pok\u0142adu \u0142adunkowego ok. 860 mm w pozycji wysoko\u015bci do jazdy<\/li>\n<li>Wysuwanymi poszerzeniami<\/li>\n<li>Pok\u0142adem \u0142adunkowym z twardego drewna lub galwanizowanej stalowej kratownicy<\/li>\n<li>Szerokim wyborem ramp najazdowych do r\u00f3\u017cnych zastosowa\u0144 \u2013 o niskim k\u0105cie natarcia i jednolitym po\u0142\u0105czeniu z pok\u0142adem \u0142adunkowym bez przeskoku<\/li>\n<li>Wyborem r\u00f3\u017cnych skrzyni \u0142adunkowych<\/li>\n<\/ul>\n<\/div>\n<\/div>\n<p>\n\n<\/div>\n\n<div class=\"vc_read_more print more\">\n\n\t\t\t<p>Naczepa semi-niskopodwoziowa MCOS jest dost\u0119pna mi\u0119dzy innymi z:<\/p>\n\t\n\t<a href=\"#readmore\" data-less=\"Zwi\u0144\" data-more=\"Rozwi\u0144\" class=\"button\">\n\t\t<em>Rozwi\u0144<\/em>\n\t\t<span class=\"fa fa-chevron-right\"><\/span>\n\t<\/a>\n\n<\/div>[vc_video link=&#8221;https:\/\/youtu.be\/fGZTHd3pnv0&#8243;][\/vc_column][\/vc_row][vc_row][vc_column width=&#8221;1\/2&#8243;]<div class=\"vc_contact\">\n\n\t\t\t<h3>Pytania lub wi\u0119cej informacji?<\/h3>\n\t\n\t<p><a href=\"https:\/\/www.nooteboom.com\/pl\/pl\/kontakt\/\">Skontaktuj si\u0119 z nami.<\/a><\/p>\n\n\t\t\t<a target=\"\" href=\"https:\/\/www.nooteboom.com\/pl\/kontakt\/\" class=\"button\">\n\t\t\tKontakt\t\t\t<span class=\"fa fa-chevron-right\"><\/span>\n\t\t<\/a>\n\t\n<\/div>[\/vc_column][vc_column width=&#8221;1\/2&#8243;][\/vc_column][\/vc_row]<\/p>\n<\/div>","protected":false},"excerpt":{"rendered":"[vc_row][vc_column][vc_column_text] Przez lata, Nooteboom zbudowa\u0142 bardzo przekonuj\u0105cy mi\u0119dzynarodowy program SMART 3-osiowych i 4-osiowych samoskr\u0119tnych naczep semi-niskopodwoziowych OSDS. Aby zaoferowa\u0107 przewo\u017anikom&#8230;","protected":false},"author":45,"featured_media":2699408,"parent":0,"menu_order":0,"comment_status":"closed","ping_status":"closed","template":"","meta":{"_acf_changed":false,"inline_featured_image":false,"footnotes":""},"class_list":["post-9910","page","type-page","status-publish","has-post-thumbnail","hentry"],"acf":[],"yoast_head":"<!-- This site is optimized with the Yoast SEO Premium plugin v25.7.1 (Yoast SEO v25.7) - https:\/\/yoast.com\/wordpress\/plugins\/seo\/ -->\n<title>Naczepy semi-niskopodwoziowe MCOS ze sterowaniem hydraulicznym | Nooteboom Trailers<\/title>\n<meta name=\"description\" content=\"Przez lata, Nooteboom zbudowa\u0142 bardzo przekonuj\u0105cy mi\u0119dzynarodowy program SMART 3-osiowych i 4-osiowych samoskr\u0119tnych naczep semi-niskopodwoziowych OSDS.\" \/>\n<meta name=\"robots\" content=\"index, follow, max-snippet:-1, max-image-preview:large, max-video-preview:-1\" \/>\n<link rel=\"canonical\" href=\"https:\/\/www.nooteboom.com\/pl\/naczepy-semi-niskopodwoziowe-mcos-ze-sterowaniem-hydraulicznym\/\" \/>\n<meta property=\"og:locale\" content=\"pl_PL\" \/>\n<meta property=\"og:type\" content=\"article\" \/>\n<meta property=\"og:title\" content=\"Naczepy semi-niskopodwoziowe MCOS ze sterowaniem hydraulicznym\" \/>\n<meta property=\"og:description\" content=\"Przez lata, Nooteboom zbudowa\u0142 bardzo przekonuj\u0105cy mi\u0119dzynarodowy program SMART 3-osiowych i 4-osiowych samoskr\u0119tnych naczep semi-niskopodwoziowych OSDS.\" \/>\n<meta property=\"og:url\" content=\"https:\/\/www.nooteboom.com\/pl\/naczepy-semi-niskopodwoziowe-mcos-ze-sterowaniem-hydraulicznym\/\" \/>\n<meta property=\"og:site_name\" content=\"Nooteboom Trailers\" \/>\n<meta property=\"article:publisher\" content=\"https:\/\/nl-nl.facebook.com\/nooteboomtrailers\/\" \/>\n<meta property=\"article:modified_time\" content=\"2016-08-10T12:27:56+00:00\" \/>\n<meta property=\"og:image\" content=\"https:\/\/www.nooteboom.com\/wp-content\/uploads\/05-03-14-052-1.jpg\" \/>\n\t<meta property=\"og:image:width\" content=\"2500\" \/>\n\t<meta property=\"og:image:height\" content=\"1283\" \/>\n\t<meta property=\"og:image:type\" content=\"image\/jpeg\" \/>\n<meta name=\"twitter:card\" content=\"summary_large_image\" \/>\n<meta name=\"twitter:label1\" content=\"Szacowany czas czytania\" \/>\n\t<meta name=\"twitter:data1\" content=\"3 minuty\" \/>\n<script type=\"application\/ld+json\" class=\"yoast-schema-graph\">{\"@context\":\"https:\/\/schema.org\",\"@graph\":[{\"@type\":\"WebPage\",\"@id\":\"https:\/\/www.nooteboom.com\/pl\/naczepy-semi-niskopodwoziowe-mcos-ze-sterowaniem-hydraulicznym\/\",\"url\":\"https:\/\/www.nooteboom.com\/pl\/naczepy-semi-niskopodwoziowe-mcos-ze-sterowaniem-hydraulicznym\/\",\"name\":\"Naczepy semi-niskopodwoziowe MCOS ze sterowaniem hydraulicznym | Nooteboom Trailers\",\"isPartOf\":{\"@id\":\"https:\/\/www.nooteboom.com\/pl\/#website\"},\"primaryImageOfPage\":{\"@id\":\"https:\/\/www.nooteboom.com\/pl\/naczepy-semi-niskopodwoziowe-mcos-ze-sterowaniem-hydraulicznym\/#primaryimage\"},\"image\":{\"@id\":\"https:\/\/www.nooteboom.com\/pl\/naczepy-semi-niskopodwoziowe-mcos-ze-sterowaniem-hydraulicznym\/#primaryimage\"},\"thumbnailUrl\":\"https:\/\/www.nooteboom.com\/wp-content\/uploads\/Mateco-MULTITRAILER-1-1.jpg\",\"datePublished\":\"2016-08-03T12:28:13+00:00\",\"dateModified\":\"2016-08-10T12:27:56+00:00\",\"description\":\"Przez lata, Nooteboom zbudowa\u0142 bardzo przekonuj\u0105cy mi\u0119dzynarodowy program SMART 3-osiowych i 4-osiowych samoskr\u0119tnych naczep semi-niskopodwoziowych OSDS.\",\"breadcrumb\":{\"@id\":\"https:\/\/www.nooteboom.com\/pl\/naczepy-semi-niskopodwoziowe-mcos-ze-sterowaniem-hydraulicznym\/#breadcrumb\"},\"inLanguage\":\"pl-PL\",\"potentialAction\":[{\"@type\":\"ReadAction\",\"target\":[\"https:\/\/www.nooteboom.com\/pl\/naczepy-semi-niskopodwoziowe-mcos-ze-sterowaniem-hydraulicznym\/\"]}]},{\"@type\":\"ImageObject\",\"inLanguage\":\"pl-PL\",\"@id\":\"https:\/\/www.nooteboom.com\/pl\/naczepy-semi-niskopodwoziowe-mcos-ze-sterowaniem-hydraulicznym\/#primaryimage\",\"url\":\"https:\/\/www.nooteboom.com\/wp-content\/uploads\/Mateco-MULTITRAILER-1-1.jpg\",\"contentUrl\":\"https:\/\/www.nooteboom.com\/wp-content\/uploads\/Mateco-MULTITRAILER-1-1.jpg\",\"width\":1920,\"height\":1134,\"caption\":\"filter: 0; jpegRotation: 0; fileterIntensity: 0.000000; filterMask: 0; module:29facing:0; hw-remosaic: 0; touch: (-1.0, -1.0); modeInfo: ; sceneMode: Night; cct_value: 5714; AI_Scene: (-1, -1); aec_lux: 97.0; hist255: 0.0; hist252~255: 0.0; hist0~15: 0.0;\"},{\"@type\":\"BreadcrumbList\",\"@id\":\"https:\/\/www.nooteboom.com\/pl\/naczepy-semi-niskopodwoziowe-mcos-ze-sterowaniem-hydraulicznym\/#breadcrumb\",\"itemListElement\":[{\"@type\":\"ListItem\",\"position\":1,\"name\":\"Home\",\"item\":\"https:\/\/www.nooteboom.com\/pl\/\"},{\"@type\":\"ListItem\",\"position\":2,\"name\":\"Naczepy semi-niskopodwoziowe MCOS ze sterowaniem hydraulicznym\"}]},{\"@type\":\"WebSite\",\"@id\":\"https:\/\/www.nooteboom.com\/pl\/#website\",\"url\":\"https:\/\/www.nooteboom.com\/pl\/\",\"name\":\"Nooteboom Trailers\",\"description\":\"Gets you there.\",\"publisher\":{\"@id\":\"https:\/\/www.nooteboom.com\/pl\/#organization\"},\"potentialAction\":[{\"@type\":\"SearchAction\",\"target\":{\"@type\":\"EntryPoint\",\"urlTemplate\":\"https:\/\/www.nooteboom.com\/pl\/?s={search_term_string}\"},\"query-input\":{\"@type\":\"PropertyValueSpecification\",\"valueRequired\":true,\"valueName\":\"search_term_string\"}}],\"inLanguage\":\"pl-PL\"},{\"@type\":\"Organization\",\"@id\":\"https:\/\/www.nooteboom.com\/pl\/#organization\",\"name\":\"Nooteboom Trailers\",\"url\":\"https:\/\/www.nooteboom.com\/pl\/\",\"logo\":{\"@type\":\"ImageObject\",\"inLanguage\":\"pl-PL\",\"@id\":\"https:\/\/www.nooteboom.com\/pl\/#\/schema\/logo\/image\/\",\"url\":\"https:\/\/www.nooteboom.com\/wp-content\/uploads\/logo.png\",\"contentUrl\":\"https:\/\/www.nooteboom.com\/wp-content\/uploads\/logo.png\",\"width\":111,\"height\":66,\"caption\":\"Nooteboom Trailers\"},\"image\":{\"@id\":\"https:\/\/www.nooteboom.com\/pl\/#\/schema\/logo\/image\/\"},\"sameAs\":[\"https:\/\/nl-nl.facebook.com\/nooteboomtrailers\/\",\"https:\/\/nl.linkedin.com\/company\/nooteboom-trailers\",\"https:\/\/www.youtube.com\/user\/Nooteboomtrailers\"]}]}<\/script>\n<!-- \/ Yoast SEO Premium plugin. -->","yoast_head_json":{"title":"Naczepy semi-niskopodwoziowe MCOS ze sterowaniem hydraulicznym | Nooteboom Trailers","description":"Przez lata, Nooteboom zbudowa\u0142 bardzo przekonuj\u0105cy mi\u0119dzynarodowy program SMART 3-osiowych i 4-osiowych samoskr\u0119tnych naczep semi-niskopodwoziowych OSDS.","robots":{"index":"index","follow":"follow","max-snippet":"max-snippet:-1","max-image-preview":"max-image-preview:large","max-video-preview":"max-video-preview:-1"},"canonical":"https:\/\/www.nooteboom.com\/pl\/naczepy-semi-niskopodwoziowe-mcos-ze-sterowaniem-hydraulicznym\/","og_locale":"pl_PL","og_type":"article","og_title":"Naczepy semi-niskopodwoziowe MCOS ze sterowaniem hydraulicznym","og_description":"Przez lata, Nooteboom zbudowa\u0142 bardzo przekonuj\u0105cy mi\u0119dzynarodowy program SMART 3-osiowych i 4-osiowych samoskr\u0119tnych naczep semi-niskopodwoziowych OSDS.","og_url":"https:\/\/www.nooteboom.com\/pl\/naczepy-semi-niskopodwoziowe-mcos-ze-sterowaniem-hydraulicznym\/","og_site_name":"Nooteboom Trailers","article_publisher":"https:\/\/nl-nl.facebook.com\/nooteboomtrailers\/","article_modified_time":"2016-08-10T12:27:56+00:00","og_image":[{"width":2500,"height":1283,"url":"https:\/\/www.nooteboom.com\/wp-content\/uploads\/05-03-14-052-1.jpg","type":"image\/jpeg"}],"twitter_card":"summary_large_image","twitter_misc":{"Szacowany czas czytania":"3 minuty"},"schema":{"@context":"https:\/\/schema.org","@graph":[{"@type":"WebPage","@id":"https:\/\/www.nooteboom.com\/pl\/naczepy-semi-niskopodwoziowe-mcos-ze-sterowaniem-hydraulicznym\/","url":"https:\/\/www.nooteboom.com\/pl\/naczepy-semi-niskopodwoziowe-mcos-ze-sterowaniem-hydraulicznym\/","name":"Naczepy semi-niskopodwoziowe MCOS ze sterowaniem hydraulicznym | Nooteboom Trailers","isPartOf":{"@id":"https:\/\/www.nooteboom.com\/pl\/#website"},"primaryImageOfPage":{"@id":"https:\/\/www.nooteboom.com\/pl\/naczepy-semi-niskopodwoziowe-mcos-ze-sterowaniem-hydraulicznym\/#primaryimage"},"image":{"@id":"https:\/\/www.nooteboom.com\/pl\/naczepy-semi-niskopodwoziowe-mcos-ze-sterowaniem-hydraulicznym\/#primaryimage"},"thumbnailUrl":"https:\/\/www.nooteboom.com\/wp-content\/uploads\/Mateco-MULTITRAILER-1-1.jpg","datePublished":"2016-08-03T12:28:13+00:00","dateModified":"2016-08-10T12:27:56+00:00","description":"Przez lata, Nooteboom zbudowa\u0142 bardzo przekonuj\u0105cy mi\u0119dzynarodowy program SMART 3-osiowych i 4-osiowych samoskr\u0119tnych naczep semi-niskopodwoziowych OSDS.","breadcrumb":{"@id":"https:\/\/www.nooteboom.com\/pl\/naczepy-semi-niskopodwoziowe-mcos-ze-sterowaniem-hydraulicznym\/#breadcrumb"},"inLanguage":"pl-PL","potentialAction":[{"@type":"ReadAction","target":["https:\/\/www.nooteboom.com\/pl\/naczepy-semi-niskopodwoziowe-mcos-ze-sterowaniem-hydraulicznym\/"]}]},{"@type":"ImageObject","inLanguage":"pl-PL","@id":"https:\/\/www.nooteboom.com\/pl\/naczepy-semi-niskopodwoziowe-mcos-ze-sterowaniem-hydraulicznym\/#primaryimage","url":"https:\/\/www.nooteboom.com\/wp-content\/uploads\/Mateco-MULTITRAILER-1-1.jpg","contentUrl":"https:\/\/www.nooteboom.com\/wp-content\/uploads\/Mateco-MULTITRAILER-1-1.jpg","width":1920,"height":1134,"caption":"filter: 0; jpegRotation: 0; fileterIntensity: 0.000000; filterMask: 0; module:29facing:0; hw-remosaic: 0; touch: (-1.0, -1.0); modeInfo: ; sceneMode: Night; cct_value: 5714; AI_Scene: (-1, -1); aec_lux: 97.0; hist255: 0.0; hist252~255: 0.0; hist0~15: 0.0;"},{"@type":"BreadcrumbList","@id":"https:\/\/www.nooteboom.com\/pl\/naczepy-semi-niskopodwoziowe-mcos-ze-sterowaniem-hydraulicznym\/#breadcrumb","itemListElement":[{"@type":"ListItem","position":1,"name":"Home","item":"https:\/\/www.nooteboom.com\/pl\/"},{"@type":"ListItem","position":2,"name":"Naczepy semi-niskopodwoziowe MCOS ze sterowaniem hydraulicznym"}]},{"@type":"WebSite","@id":"https:\/\/www.nooteboom.com\/pl\/#website","url":"https:\/\/www.nooteboom.com\/pl\/","name":"Nooteboom Trailers","description":"Gets you there.","publisher":{"@id":"https:\/\/www.nooteboom.com\/pl\/#organization"},"potentialAction":[{"@type":"SearchAction","target":{"@type":"EntryPoint","urlTemplate":"https:\/\/www.nooteboom.com\/pl\/?s={search_term_string}"},"query-input":{"@type":"PropertyValueSpecification","valueRequired":true,"valueName":"search_term_string"}}],"inLanguage":"pl-PL"},{"@type":"Organization","@id":"https:\/\/www.nooteboom.com\/pl\/#organization","name":"Nooteboom Trailers","url":"https:\/\/www.nooteboom.com\/pl\/","logo":{"@type":"ImageObject","inLanguage":"pl-PL","@id":"https:\/\/www.nooteboom.com\/pl\/#\/schema\/logo\/image\/","url":"https:\/\/www.nooteboom.com\/wp-content\/uploads\/logo.png","contentUrl":"https:\/\/www.nooteboom.com\/wp-content\/uploads\/logo.png","width":111,"height":66,"caption":"Nooteboom Trailers"},"image":{"@id":"https:\/\/www.nooteboom.com\/pl\/#\/schema\/logo\/image\/"},"sameAs":["https:\/\/nl-nl.facebook.com\/nooteboomtrailers\/","https:\/\/nl.linkedin.com\/company\/nooteboom-trailers","https:\/\/www.youtube.com\/user\/Nooteboomtrailers"]}]}},"_links":{"self":[{"href":"https:\/\/www.nooteboom.com\/pl\/wp-json\/wp\/v2\/pages\/9910","targetHints":{"allow":["GET"]}}],"collection":[{"href":"https:\/\/www.nooteboom.com\/pl\/wp-json\/wp\/v2\/pages"}],"about":[{"href":"https:\/\/www.nooteboom.com\/pl\/wp-json\/wp\/v2\/types\/page"}],"author":[{"embeddable":true,"href":"https:\/\/www.nooteboom.com\/pl\/wp-json\/wp\/v2\/users\/45"}],"replies":[{"embeddable":true,"href":"https:\/\/www.nooteboom.com\/pl\/wp-json\/wp\/v2\/comments?post=9910"}],"version-history":[{"count":4,"href":"https:\/\/www.nooteboom.com\/pl\/wp-json\/wp\/v2\/pages\/9910\/revisions"}],"predecessor-version":[{"id":11012,"href":"https:\/\/www.nooteboom.com\/pl\/wp-json\/wp\/v2\/pages\/9910\/revisions\/11012"}],"wp:featuredmedia":[{"embeddable":true,"href":"https:\/\/www.nooteboom.com\/pl\/wp-json\/wp\/v2\/media\/2699408"}],"wp:attachment":[{"href":"https:\/\/www.nooteboom.com\/pl\/wp-json\/wp\/v2\/media?parent=9910"}],"curies":[{"name":"wp","href":"https:\/\/api.w.org\/{rel}","templated":true}]}}