{"id":9892,"date":"2016-08-03T14:17:24","date_gmt":"2016-08-03T12:17:24","guid":{"rendered":"https:\/\/www.nooteboom.com\/?page_id=9892&#038;lang=pl"},"modified":"2016-12-06T13:32:16","modified_gmt":"2016-12-06T12:32:16","slug":"wiedza-i-doswiadczenie","status":"publish","type":"page","link":"https:\/\/www.nooteboom.com\/pl\/kariera\/wiedza-i-doswiadczenie\/","title":{"rendered":"Wiedza i do\u015bwiadczenie"},"content":{"rendered":"<div class=\"wpb-content-wrapper\"><p>[vc_row][vc_column width=&#8221;1\/2&#8243;][vc_column_text]Nooteboom dostarcza wa\u017cny wk\u0142ad w szkolenia oparte na praktycznych treningach dla uczni\u00f3w szk\u00f3\u0142 i kolegi\u00f3w technicznych. Obecnie w holenderskim przemy\u015ble produkcyjnym ma miejsce strukturalny niedob\u00f3r wyszkolonego personelu technicznego.<\/p>\n<p>Nooteboom nie czeka na rz\u0105dowe rozwi\u0105zania, lecz inwestuje w treningi i samych ludzi. Lokalnie, na terenie okr\u0119gu Nijmegen, Nooteboom mocno pomaga w opartych na praktyce treningach student\u00f3w z uczelni i kolegi\u00f3w technicznych.\u00a0Nooteboom pracuje blisko z wieloma instytucjami technicznymi, wliczaj\u0105c w to Uniwersytet z Arnhem oraz Nijmegen (HAN) oraz Regionalne Centrum Szkoleniowe (ROC).<\/p>\n<p>Nooteboom jest tak\u017ce inicjatorem za\u0142o\u017cenia Lektoratu Produkcyjnego na HAN i wspomaga go poprzez odpowiednie dotowanie.[\/vc_column_text][\/vc_column][vc_column width=&#8221;1\/2&#8243;][vc_single_image image=&#8221;26412&#8243; img_size=&#8221;large&#8221;][\/vc_column][\/vc_row][vc_row][vc_column]<div class=\"content hidden\">\n\n\t<p>Lektorat skupia si\u0119 na optymalizacji czas\u00f3w dostaw, koszt\u00f3w i jako\u015bci. To wpasowuje si\u0119 dokonale w przejrzysty system produkcyjny Nooteboom, kt\u00f3ry opiera si\u0119 na zasadzie dostarczania maksymalnej warto\u015bci dla klienta.\u00a0Lektorat jest per\u0142\u0105 w koronie bliskiej wsp\u00f3\u0142pracy uniwersytetu, student\u00f3w oraz firmy Nooteboom.<\/p>\n<p>Nooteboom zawsze oferuje miejsce praktyk, pracy, sta\u017cu oraz wyspecjalizowanych trening\u00f3w takich, jak technologia, nadz\u00f3r produkcyjny, informatyka, marketing i adnministracja.\u00a0Oczywi\u015bcie inwestycja w wiedz\u0119 i ekspertyz\u0119 maj\u0105 na celu zapewnienie w przysz\u0142o\u015bci sytuacji, w kt\u00f3rej nie zabraknie wysoko wykwalifikowanych pracownik\u00f3w.<\/p>\n\n<\/div>\n\n<div class=\"vc_read_more print more\">\n\n\t\n\t<a href=\"#readmore\" data-less=\"Zwi\u0144\" data-more=\"Rozwi\u0144\" class=\"button\">\n\t\t<em>Rozwi\u0144<\/em>\n\t\t<span class=\"fa fa-chevron-right\"><\/span>\n\t<\/a>\n\n<\/div>[\/vc_column][\/vc_row]<\/p>\n<\/div>","protected":false},"excerpt":{"rendered":"[vc_row][vc_column width=&#8221;1\/2&#8243;][vc_column_text]Nooteboom dostarcza wa\u017cny wk\u0142ad w szkolenia oparte na praktycznych treningach dla uczni\u00f3w szk\u00f3\u0142 i kolegi\u00f3w technicznych. Obecnie w holenderskim&#8230;","protected":false},"author":45,"featured_media":26406,"parent":9883,"menu_order":0,"comment_status":"closed","ping_status":"closed","template":"","meta":{"_acf_changed":false,"inline_featured_image":false,"footnotes":""},"class_list":["post-9892","page","type-page","status-publish","has-post-thumbnail","hentry"],"acf":[],"yoast_head":"<!-- This site is optimized with the Yoast SEO Premium plugin v25.7.1 (Yoast SEO v25.7) - https:\/\/yoast.com\/wordpress\/plugins\/seo\/ -->\n<title>Wiedza i do\u015bwiadczenie | Nooteboom Trailers<\/title>\n<meta name=\"description\" content=\"Nooteboom dostarcza wa\u017cny wk\u0142ad w szkolenia oparte na praktycznych treningach dla uczni\u00f3w szk\u00f3\u0142 i kolegi\u00f3w technicznych.\" \/>\n<meta name=\"robots\" content=\"index, follow, max-snippet:-1, max-image-preview:large, max-video-preview:-1\" \/>\n<link rel=\"canonical\" href=\"https:\/\/www.nooteboom.com\/pl\/kariera\/wiedza-i-doswiadczenie\/\" \/>\n<meta property=\"og:locale\" content=\"pl_PL\" \/>\n<meta property=\"og:type\" content=\"article\" \/>\n<meta property=\"og:title\" content=\"Wiedza i do\u015bwiadczenie\" \/>\n<meta property=\"og:description\" content=\"Nooteboom dostarcza wa\u017cny wk\u0142ad w szkolenia oparte na praktycznych treningach dla uczni\u00f3w szk\u00f3\u0142 i kolegi\u00f3w technicznych.\" \/>\n<meta property=\"og:url\" content=\"https:\/\/www.nooteboom.com\/pl\/kariera\/wiedza-i-doswiadczenie\/\" \/>\n<meta property=\"og:site_name\" content=\"Nooteboom Trailers\" \/>\n<meta property=\"article:publisher\" content=\"https:\/\/nl-nl.facebook.com\/nooteboomtrailers\/\" \/>\n<meta property=\"article:modified_time\" content=\"2016-12-06T12:32:16+00:00\" \/>\n<meta property=\"og:image\" content=\"https:\/\/www.nooteboom.com\/wp-content\/uploads\/Remco-Derks-en-Ruben-Fortuin-IMG_9907.jpg\" \/>\n\t<meta property=\"og:image:width\" content=\"1080\" \/>\n\t<meta property=\"og:image:height\" content=\"720\" \/>\n\t<meta property=\"og:image:type\" content=\"image\/jpeg\" \/>\n<meta name=\"twitter:card\" content=\"summary_large_image\" \/>\n<meta name=\"twitter:label1\" content=\"Szacowany czas czytania\" \/>\n\t<meta name=\"twitter:data1\" content=\"1 minuta\" \/>\n<script type=\"application\/ld+json\" class=\"yoast-schema-graph\">{\"@context\":\"https:\/\/schema.org\",\"@graph\":[{\"@type\":\"WebPage\",\"@id\":\"https:\/\/www.nooteboom.com\/pl\/kariera\/wiedza-i-doswiadczenie\/\",\"url\":\"https:\/\/www.nooteboom.com\/pl\/kariera\/wiedza-i-doswiadczenie\/\",\"name\":\"Wiedza i do\u015bwiadczenie | Nooteboom Trailers\",\"isPartOf\":{\"@id\":\"https:\/\/www.nooteboom.com\/pl\/#website\"},\"primaryImageOfPage\":{\"@id\":\"https:\/\/www.nooteboom.com\/pl\/kariera\/wiedza-i-doswiadczenie\/#primaryimage\"},\"image\":{\"@id\":\"https:\/\/www.nooteboom.com\/pl\/kariera\/wiedza-i-doswiadczenie\/#primaryimage\"},\"thumbnailUrl\":\"https:\/\/www.nooteboom.com\/wp-content\/uploads\/Remco-Derks-en-Ruben-Fortuin-IMG_9907.jpg\",\"datePublished\":\"2016-08-03T12:17:24+00:00\",\"dateModified\":\"2016-12-06T12:32:16+00:00\",\"description\":\"Nooteboom dostarcza wa\u017cny wk\u0142ad w szkolenia oparte na praktycznych treningach dla uczni\u00f3w szk\u00f3\u0142 i kolegi\u00f3w technicznych.\",\"breadcrumb\":{\"@id\":\"https:\/\/www.nooteboom.com\/pl\/kariera\/wiedza-i-doswiadczenie\/#breadcrumb\"},\"inLanguage\":\"pl-PL\",\"potentialAction\":[{\"@type\":\"ReadAction\",\"target\":[\"https:\/\/www.nooteboom.com\/pl\/kariera\/wiedza-i-doswiadczenie\/\"]}]},{\"@type\":\"ImageObject\",\"inLanguage\":\"pl-PL\",\"@id\":\"https:\/\/www.nooteboom.com\/pl\/kariera\/wiedza-i-doswiadczenie\/#primaryimage\",\"url\":\"https:\/\/www.nooteboom.com\/wp-content\/uploads\/Remco-Derks-en-Ruben-Fortuin-IMG_9907.jpg\",\"contentUrl\":\"https:\/\/www.nooteboom.com\/wp-content\/uploads\/Remco-Derks-en-Ruben-Fortuin-IMG_9907.jpg\",\"width\":1080,\"height\":720},{\"@type\":\"BreadcrumbList\",\"@id\":\"https:\/\/www.nooteboom.com\/pl\/kariera\/wiedza-i-doswiadczenie\/#breadcrumb\",\"itemListElement\":[{\"@type\":\"ListItem\",\"position\":1,\"name\":\"Home\",\"item\":\"https:\/\/www.nooteboom.com\/pl\/\"},{\"@type\":\"ListItem\",\"position\":2,\"name\":\"Kariera\",\"item\":\"https:\/\/www.nooteboom.com\/pl\/kariera\/\"},{\"@type\":\"ListItem\",\"position\":3,\"name\":\"Wiedza i do\u015bwiadczenie\"}]},{\"@type\":\"WebSite\",\"@id\":\"https:\/\/www.nooteboom.com\/pl\/#website\",\"url\":\"https:\/\/www.nooteboom.com\/pl\/\",\"name\":\"Nooteboom Trailers\",\"description\":\"Gets you there.\",\"publisher\":{\"@id\":\"https:\/\/www.nooteboom.com\/pl\/#organization\"},\"potentialAction\":[{\"@type\":\"SearchAction\",\"target\":{\"@type\":\"EntryPoint\",\"urlTemplate\":\"https:\/\/www.nooteboom.com\/pl\/?s={search_term_string}\"},\"query-input\":{\"@type\":\"PropertyValueSpecification\",\"valueRequired\":true,\"valueName\":\"search_term_string\"}}],\"inLanguage\":\"pl-PL\"},{\"@type\":\"Organization\",\"@id\":\"https:\/\/www.nooteboom.com\/pl\/#organization\",\"name\":\"Nooteboom Trailers\",\"url\":\"https:\/\/www.nooteboom.com\/pl\/\",\"logo\":{\"@type\":\"ImageObject\",\"inLanguage\":\"pl-PL\",\"@id\":\"https:\/\/www.nooteboom.com\/pl\/#\/schema\/logo\/image\/\",\"url\":\"https:\/\/www.nooteboom.com\/wp-content\/uploads\/logo.png\",\"contentUrl\":\"https:\/\/www.nooteboom.com\/wp-content\/uploads\/logo.png\",\"width\":111,\"height\":66,\"caption\":\"Nooteboom Trailers\"},\"image\":{\"@id\":\"https:\/\/www.nooteboom.com\/pl\/#\/schema\/logo\/image\/\"},\"sameAs\":[\"https:\/\/nl-nl.facebook.com\/nooteboomtrailers\/\",\"https:\/\/nl.linkedin.com\/company\/nooteboom-trailers\",\"https:\/\/www.youtube.com\/user\/Nooteboomtrailers\"]}]}<\/script>\n<!-- \/ Yoast SEO Premium plugin. -->","yoast_head_json":{"title":"Wiedza i do\u015bwiadczenie | Nooteboom Trailers","description":"Nooteboom dostarcza wa\u017cny wk\u0142ad w szkolenia oparte na praktycznych treningach dla uczni\u00f3w szk\u00f3\u0142 i kolegi\u00f3w technicznych.","robots":{"index":"index","follow":"follow","max-snippet":"max-snippet:-1","max-image-preview":"max-image-preview:large","max-video-preview":"max-video-preview:-1"},"canonical":"https:\/\/www.nooteboom.com\/pl\/kariera\/wiedza-i-doswiadczenie\/","og_locale":"pl_PL","og_type":"article","og_title":"Wiedza i do\u015bwiadczenie","og_description":"Nooteboom dostarcza wa\u017cny wk\u0142ad w szkolenia oparte na praktycznych treningach dla uczni\u00f3w szk\u00f3\u0142 i kolegi\u00f3w technicznych.","og_url":"https:\/\/www.nooteboom.com\/pl\/kariera\/wiedza-i-doswiadczenie\/","og_site_name":"Nooteboom Trailers","article_publisher":"https:\/\/nl-nl.facebook.com\/nooteboomtrailers\/","article_modified_time":"2016-12-06T12:32:16+00:00","og_image":[{"width":1080,"height":720,"url":"https:\/\/www.nooteboom.com\/wp-content\/uploads\/Remco-Derks-en-Ruben-Fortuin-IMG_9907.jpg","type":"image\/jpeg"}],"twitter_card":"summary_large_image","twitter_misc":{"Szacowany czas czytania":"1 minuta"},"schema":{"@context":"https:\/\/schema.org","@graph":[{"@type":"WebPage","@id":"https:\/\/www.nooteboom.com\/pl\/kariera\/wiedza-i-doswiadczenie\/","url":"https:\/\/www.nooteboom.com\/pl\/kariera\/wiedza-i-doswiadczenie\/","name":"Wiedza i do\u015bwiadczenie | Nooteboom Trailers","isPartOf":{"@id":"https:\/\/www.nooteboom.com\/pl\/#website"},"primaryImageOfPage":{"@id":"https:\/\/www.nooteboom.com\/pl\/kariera\/wiedza-i-doswiadczenie\/#primaryimage"},"image":{"@id":"https:\/\/www.nooteboom.com\/pl\/kariera\/wiedza-i-doswiadczenie\/#primaryimage"},"thumbnailUrl":"https:\/\/www.nooteboom.com\/wp-content\/uploads\/Remco-Derks-en-Ruben-Fortuin-IMG_9907.jpg","datePublished":"2016-08-03T12:17:24+00:00","dateModified":"2016-12-06T12:32:16+00:00","description":"Nooteboom dostarcza wa\u017cny wk\u0142ad w szkolenia oparte na praktycznych treningach dla uczni\u00f3w szk\u00f3\u0142 i kolegi\u00f3w technicznych.","breadcrumb":{"@id":"https:\/\/www.nooteboom.com\/pl\/kariera\/wiedza-i-doswiadczenie\/#breadcrumb"},"inLanguage":"pl-PL","potentialAction":[{"@type":"ReadAction","target":["https:\/\/www.nooteboom.com\/pl\/kariera\/wiedza-i-doswiadczenie\/"]}]},{"@type":"ImageObject","inLanguage":"pl-PL","@id":"https:\/\/www.nooteboom.com\/pl\/kariera\/wiedza-i-doswiadczenie\/#primaryimage","url":"https:\/\/www.nooteboom.com\/wp-content\/uploads\/Remco-Derks-en-Ruben-Fortuin-IMG_9907.jpg","contentUrl":"https:\/\/www.nooteboom.com\/wp-content\/uploads\/Remco-Derks-en-Ruben-Fortuin-IMG_9907.jpg","width":1080,"height":720},{"@type":"BreadcrumbList","@id":"https:\/\/www.nooteboom.com\/pl\/kariera\/wiedza-i-doswiadczenie\/#breadcrumb","itemListElement":[{"@type":"ListItem","position":1,"name":"Home","item":"https:\/\/www.nooteboom.com\/pl\/"},{"@type":"ListItem","position":2,"name":"Kariera","item":"https:\/\/www.nooteboom.com\/pl\/kariera\/"},{"@type":"ListItem","position":3,"name":"Wiedza i do\u015bwiadczenie"}]},{"@type":"WebSite","@id":"https:\/\/www.nooteboom.com\/pl\/#website","url":"https:\/\/www.nooteboom.com\/pl\/","name":"Nooteboom Trailers","description":"Gets you there.","publisher":{"@id":"https:\/\/www.nooteboom.com\/pl\/#organization"},"potentialAction":[{"@type":"SearchAction","target":{"@type":"EntryPoint","urlTemplate":"https:\/\/www.nooteboom.com\/pl\/?s={search_term_string}"},"query-input":{"@type":"PropertyValueSpecification","valueRequired":true,"valueName":"search_term_string"}}],"inLanguage":"pl-PL"},{"@type":"Organization","@id":"https:\/\/www.nooteboom.com\/pl\/#organization","name":"Nooteboom Trailers","url":"https:\/\/www.nooteboom.com\/pl\/","logo":{"@type":"ImageObject","inLanguage":"pl-PL","@id":"https:\/\/www.nooteboom.com\/pl\/#\/schema\/logo\/image\/","url":"https:\/\/www.nooteboom.com\/wp-content\/uploads\/logo.png","contentUrl":"https:\/\/www.nooteboom.com\/wp-content\/uploads\/logo.png","width":111,"height":66,"caption":"Nooteboom Trailers"},"image":{"@id":"https:\/\/www.nooteboom.com\/pl\/#\/schema\/logo\/image\/"},"sameAs":["https:\/\/nl-nl.facebook.com\/nooteboomtrailers\/","https:\/\/nl.linkedin.com\/company\/nooteboom-trailers","https:\/\/www.youtube.com\/user\/Nooteboomtrailers"]}]}},"_links":{"self":[{"href":"https:\/\/www.nooteboom.com\/pl\/wp-json\/wp\/v2\/pages\/9892","targetHints":{"allow":["GET"]}}],"collection":[{"href":"https:\/\/www.nooteboom.com\/pl\/wp-json\/wp\/v2\/pages"}],"about":[{"href":"https:\/\/www.nooteboom.com\/pl\/wp-json\/wp\/v2\/types\/page"}],"author":[{"embeddable":true,"href":"https:\/\/www.nooteboom.com\/pl\/wp-json\/wp\/v2\/users\/45"}],"replies":[{"embeddable":true,"href":"https:\/\/www.nooteboom.com\/pl\/wp-json\/wp\/v2\/comments?post=9892"}],"version-history":[{"count":4,"href":"https:\/\/www.nooteboom.com\/pl\/wp-json\/wp\/v2\/pages\/9892\/revisions"}],"predecessor-version":[{"id":26419,"href":"https:\/\/www.nooteboom.com\/pl\/wp-json\/wp\/v2\/pages\/9892\/revisions\/26419"}],"up":[{"embeddable":true,"href":"https:\/\/www.nooteboom.com\/pl\/wp-json\/wp\/v2\/pages\/9883"}],"wp:featuredmedia":[{"embeddable":true,"href":"https:\/\/www.nooteboom.com\/pl\/wp-json\/wp\/v2\/media\/26406"}],"wp:attachment":[{"href":"https:\/\/www.nooteboom.com\/pl\/wp-json\/wp\/v2\/media?parent=9892"}],"curies":[{"name":"wp","href":"https:\/\/api.w.org\/{rel}","templated":true}]}}