{"id":9888,"date":"2016-08-03T14:08:29","date_gmt":"2016-08-03T12:08:29","guid":{"rendered":"https:\/\/www.nooteboom.com\/?page_id=9888&#038;lang=pl"},"modified":"2021-05-12T13:37:42","modified_gmt":"2021-05-12T11:37:42","slug":"podania-o-prace","status":"publish","type":"page","link":"https:\/\/www.nooteboom.com\/pl\/kariera\/podania-o-prace\/","title":{"rendered":"Podania o prac\u0119"},"content":{"rendered":"<div class=\"wpb-content-wrapper\"><p>[vc_row][vc_column][vc_column_text]Czy szukacie Pa\u0144stwo pe\u0142nej wyzwa\u0144 i zr\u00f3\u017cnicowanej pracy w przyjaznej atmosferze?\u00a0W Nooteboom jest wiele mo\u017cliwo\u015bci. Nooteboom regularnie poszukuje mechanik\u00f3w, spawaczy, monter\u00f3w, lakiernik\u00f3w, in\u017cynier\u00f3w&#8230; Zmotywowani ludzie o wysokich kwalifikacjach, do\u015bwiadczeni robotnicy oraz absolwenci uczelni technicznych s\u0105 gor\u0105co zaproszeni do wys\u0142ania nam swojej aplikacji o prac\u0119.[\/vc_column_text][\/vc_column][\/vc_row][vc_row][vc_column width=&#8221;1\/2&#8243;][vc_column_text]<strong>Zainteresowani?<\/strong><\/p>\n<p>Chcieliby\u015bmy otrzyma\u0107 otwart\u0105 aplikacj\u0119. Wype\u0142nij poni\u017cszy formularz, a my jak najszybciej skontaktujemy si\u0119 z Tob\u0105 w celu om\u00f3wienia mo\u017cliwo\u015bci<\/p>\n<p><a href=\"https:\/\/www.nooteboom.com\/pl\/kariera\/podania-o-prace\/otwarte-aplikacje\/\">Formularz<\/a>.[\/vc_column_text][vc_text_separator title=&#8221;&#8222;Nooteboom zapewnia doskona\u0142e mo\u017cliwo\u015bci rozwoju dla zmotywowanych i wykszta\u0142conych pracownik\u00f3w, wykwalifikowanych robotnik\u00f3w oraz absolwent\u00f3w uczelni technicznych.&#8222;&#8221;][\/vc_column][vc_column width=&#8221;1\/2&#8243;][vc_single_image image=&#8221;1366&#8243; img_size=&#8221;large&#8221;][\/vc_column][\/vc_row]<\/p>\n<\/div>","protected":false},"excerpt":{"rendered":"[vc_row][vc_column][vc_column_text]Czy szukacie Pa\u0144stwo pe\u0142nej wyzwa\u0144 i zr\u00f3\u017cnicowanej pracy w przyjaznej atmosferze?\u00a0W Nooteboom jest wiele mo\u017cliwo\u015bci. Nooteboom regularnie poszukuje mechanik\u00f3w, spawaczy,&#8230;","protected":false},"author":45,"featured_media":13612,"parent":9883,"menu_order":0,"comment_status":"closed","ping_status":"closed","template":"","meta":{"_acf_changed":false,"inline_featured_image":false,"footnotes":""},"class_list":["post-9888","page","type-page","status-publish","has-post-thumbnail","hentry"],"acf":[],"yoast_head":"<!-- This site is optimized with the Yoast SEO Premium plugin v25.7.1 (Yoast SEO v25.7) - https:\/\/yoast.com\/wordpress\/plugins\/seo\/ -->\n<title>Podania o prac\u0119 | Nooteboom Trailers<\/title>\n<meta name=\"description\" content=\"Czy szukacie Pa\u0144stwo pe\u0142nej wyzwa\u0144 i zr\u00f3\u017cnicowanej pracy w przyjaznej atmosferze?\" \/>\n<meta name=\"robots\" content=\"index, follow, max-snippet:-1, max-image-preview:large, max-video-preview:-1\" \/>\n<link rel=\"canonical\" href=\"https:\/\/www.nooteboom.com\/pl\/kariera\/podania-o-prace\/\" \/>\n<meta property=\"og:locale\" content=\"pl_PL\" \/>\n<meta property=\"og:type\" content=\"article\" \/>\n<meta property=\"og:title\" content=\"Podania o prac\u0119\" \/>\n<meta property=\"og:description\" content=\"Czy szukacie Pa\u0144stwo pe\u0142nej wyzwa\u0144 i zr\u00f3\u017cnicowanej pracy w przyjaznej atmosferze?\" \/>\n<meta property=\"og:url\" content=\"https:\/\/www.nooteboom.com\/pl\/kariera\/podania-o-prace\/\" \/>\n<meta property=\"og:site_name\" content=\"Nooteboom Trailers\" \/>\n<meta property=\"article:publisher\" content=\"https:\/\/nl-nl.facebook.com\/nooteboomtrailers\/\" \/>\n<meta property=\"article:modified_time\" content=\"2021-05-12T11:37:42+00:00\" \/>\n<meta property=\"og:image\" content=\"https:\/\/www.nooteboom.com\/wp-content\/uploads\/Lars-Jeroen-Pascal-Wim-en-Max-IMG_5157.jpg\" \/>\n\t<meta property=\"og:image:width\" content=\"2500\" \/>\n\t<meta property=\"og:image:height\" content=\"1406\" \/>\n\t<meta property=\"og:image:type\" content=\"image\/jpeg\" \/>\n<meta name=\"twitter:card\" content=\"summary_large_image\" \/>\n<meta name=\"twitter:label1\" content=\"Szacowany czas czytania\" \/>\n\t<meta name=\"twitter:data1\" content=\"1 minuta\" \/>\n<script type=\"application\/ld+json\" class=\"yoast-schema-graph\">{\"@context\":\"https:\/\/schema.org\",\"@graph\":[{\"@type\":\"WebPage\",\"@id\":\"https:\/\/www.nooteboom.com\/pl\/kariera\/podania-o-prace\/\",\"url\":\"https:\/\/www.nooteboom.com\/pl\/kariera\/podania-o-prace\/\",\"name\":\"Podania o prac\u0119 | Nooteboom Trailers\",\"isPartOf\":{\"@id\":\"https:\/\/www.nooteboom.com\/pl\/#website\"},\"primaryImageOfPage\":{\"@id\":\"https:\/\/www.nooteboom.com\/pl\/kariera\/podania-o-prace\/#primaryimage\"},\"image\":{\"@id\":\"https:\/\/www.nooteboom.com\/pl\/kariera\/podania-o-prace\/#primaryimage\"},\"thumbnailUrl\":\"https:\/\/www.nooteboom.com\/wp-content\/uploads\/Lars-Jeroen-Pascal-Wim-en-Max-IMG_5157.jpg\",\"datePublished\":\"2016-08-03T12:08:29+00:00\",\"dateModified\":\"2021-05-12T11:37:42+00:00\",\"description\":\"Czy szukacie Pa\u0144stwo pe\u0142nej wyzwa\u0144 i zr\u00f3\u017cnicowanej pracy w przyjaznej atmosferze?\",\"breadcrumb\":{\"@id\":\"https:\/\/www.nooteboom.com\/pl\/kariera\/podania-o-prace\/#breadcrumb\"},\"inLanguage\":\"pl-PL\",\"potentialAction\":[{\"@type\":\"ReadAction\",\"target\":[\"https:\/\/www.nooteboom.com\/pl\/kariera\/podania-o-prace\/\"]}]},{\"@type\":\"ImageObject\",\"inLanguage\":\"pl-PL\",\"@id\":\"https:\/\/www.nooteboom.com\/pl\/kariera\/podania-o-prace\/#primaryimage\",\"url\":\"https:\/\/www.nooteboom.com\/wp-content\/uploads\/Lars-Jeroen-Pascal-Wim-en-Max-IMG_5157.jpg\",\"contentUrl\":\"https:\/\/www.nooteboom.com\/wp-content\/uploads\/Lars-Jeroen-Pascal-Wim-en-Max-IMG_5157.jpg\",\"width\":2500,\"height\":1406},{\"@type\":\"BreadcrumbList\",\"@id\":\"https:\/\/www.nooteboom.com\/pl\/kariera\/podania-o-prace\/#breadcrumb\",\"itemListElement\":[{\"@type\":\"ListItem\",\"position\":1,\"name\":\"Home\",\"item\":\"https:\/\/www.nooteboom.com\/pl\/\"},{\"@type\":\"ListItem\",\"position\":2,\"name\":\"Kariera\",\"item\":\"https:\/\/www.nooteboom.com\/pl\/kariera\/\"},{\"@type\":\"ListItem\",\"position\":3,\"name\":\"Podania o prac\u0119\"}]},{\"@type\":\"WebSite\",\"@id\":\"https:\/\/www.nooteboom.com\/pl\/#website\",\"url\":\"https:\/\/www.nooteboom.com\/pl\/\",\"name\":\"Nooteboom Trailers\",\"description\":\"Gets you there.\",\"publisher\":{\"@id\":\"https:\/\/www.nooteboom.com\/pl\/#organization\"},\"potentialAction\":[{\"@type\":\"SearchAction\",\"target\":{\"@type\":\"EntryPoint\",\"urlTemplate\":\"https:\/\/www.nooteboom.com\/pl\/?s={search_term_string}\"},\"query-input\":{\"@type\":\"PropertyValueSpecification\",\"valueRequired\":true,\"valueName\":\"search_term_string\"}}],\"inLanguage\":\"pl-PL\"},{\"@type\":\"Organization\",\"@id\":\"https:\/\/www.nooteboom.com\/pl\/#organization\",\"name\":\"Nooteboom Trailers\",\"url\":\"https:\/\/www.nooteboom.com\/pl\/\",\"logo\":{\"@type\":\"ImageObject\",\"inLanguage\":\"pl-PL\",\"@id\":\"https:\/\/www.nooteboom.com\/pl\/#\/schema\/logo\/image\/\",\"url\":\"https:\/\/www.nooteboom.com\/wp-content\/uploads\/logo.png\",\"contentUrl\":\"https:\/\/www.nooteboom.com\/wp-content\/uploads\/logo.png\",\"width\":111,\"height\":66,\"caption\":\"Nooteboom Trailers\"},\"image\":{\"@id\":\"https:\/\/www.nooteboom.com\/pl\/#\/schema\/logo\/image\/\"},\"sameAs\":[\"https:\/\/nl-nl.facebook.com\/nooteboomtrailers\/\",\"https:\/\/nl.linkedin.com\/company\/nooteboom-trailers\",\"https:\/\/www.youtube.com\/user\/Nooteboomtrailers\"]}]}<\/script>\n<!-- \/ Yoast SEO Premium plugin. -->","yoast_head_json":{"title":"Podania o prac\u0119 | Nooteboom Trailers","description":"Czy szukacie Pa\u0144stwo pe\u0142nej wyzwa\u0144 i zr\u00f3\u017cnicowanej pracy w przyjaznej atmosferze?","robots":{"index":"index","follow":"follow","max-snippet":"max-snippet:-1","max-image-preview":"max-image-preview:large","max-video-preview":"max-video-preview:-1"},"canonical":"https:\/\/www.nooteboom.com\/pl\/kariera\/podania-o-prace\/","og_locale":"pl_PL","og_type":"article","og_title":"Podania o prac\u0119","og_description":"Czy szukacie Pa\u0144stwo pe\u0142nej wyzwa\u0144 i zr\u00f3\u017cnicowanej pracy w przyjaznej atmosferze?","og_url":"https:\/\/www.nooteboom.com\/pl\/kariera\/podania-o-prace\/","og_site_name":"Nooteboom Trailers","article_publisher":"https:\/\/nl-nl.facebook.com\/nooteboomtrailers\/","article_modified_time":"2021-05-12T11:37:42+00:00","og_image":[{"width":2500,"height":1406,"url":"https:\/\/www.nooteboom.com\/wp-content\/uploads\/Lars-Jeroen-Pascal-Wim-en-Max-IMG_5157.jpg","type":"image\/jpeg"}],"twitter_card":"summary_large_image","twitter_misc":{"Szacowany czas czytania":"1 minuta"},"schema":{"@context":"https:\/\/schema.org","@graph":[{"@type":"WebPage","@id":"https:\/\/www.nooteboom.com\/pl\/kariera\/podania-o-prace\/","url":"https:\/\/www.nooteboom.com\/pl\/kariera\/podania-o-prace\/","name":"Podania o prac\u0119 | Nooteboom Trailers","isPartOf":{"@id":"https:\/\/www.nooteboom.com\/pl\/#website"},"primaryImageOfPage":{"@id":"https:\/\/www.nooteboom.com\/pl\/kariera\/podania-o-prace\/#primaryimage"},"image":{"@id":"https:\/\/www.nooteboom.com\/pl\/kariera\/podania-o-prace\/#primaryimage"},"thumbnailUrl":"https:\/\/www.nooteboom.com\/wp-content\/uploads\/Lars-Jeroen-Pascal-Wim-en-Max-IMG_5157.jpg","datePublished":"2016-08-03T12:08:29+00:00","dateModified":"2021-05-12T11:37:42+00:00","description":"Czy szukacie Pa\u0144stwo pe\u0142nej wyzwa\u0144 i zr\u00f3\u017cnicowanej pracy w przyjaznej atmosferze?","breadcrumb":{"@id":"https:\/\/www.nooteboom.com\/pl\/kariera\/podania-o-prace\/#breadcrumb"},"inLanguage":"pl-PL","potentialAction":[{"@type":"ReadAction","target":["https:\/\/www.nooteboom.com\/pl\/kariera\/podania-o-prace\/"]}]},{"@type":"ImageObject","inLanguage":"pl-PL","@id":"https:\/\/www.nooteboom.com\/pl\/kariera\/podania-o-prace\/#primaryimage","url":"https:\/\/www.nooteboom.com\/wp-content\/uploads\/Lars-Jeroen-Pascal-Wim-en-Max-IMG_5157.jpg","contentUrl":"https:\/\/www.nooteboom.com\/wp-content\/uploads\/Lars-Jeroen-Pascal-Wim-en-Max-IMG_5157.jpg","width":2500,"height":1406},{"@type":"BreadcrumbList","@id":"https:\/\/www.nooteboom.com\/pl\/kariera\/podania-o-prace\/#breadcrumb","itemListElement":[{"@type":"ListItem","position":1,"name":"Home","item":"https:\/\/www.nooteboom.com\/pl\/"},{"@type":"ListItem","position":2,"name":"Kariera","item":"https:\/\/www.nooteboom.com\/pl\/kariera\/"},{"@type":"ListItem","position":3,"name":"Podania o prac\u0119"}]},{"@type":"WebSite","@id":"https:\/\/www.nooteboom.com\/pl\/#website","url":"https:\/\/www.nooteboom.com\/pl\/","name":"Nooteboom Trailers","description":"Gets you there.","publisher":{"@id":"https:\/\/www.nooteboom.com\/pl\/#organization"},"potentialAction":[{"@type":"SearchAction","target":{"@type":"EntryPoint","urlTemplate":"https:\/\/www.nooteboom.com\/pl\/?s={search_term_string}"},"query-input":{"@type":"PropertyValueSpecification","valueRequired":true,"valueName":"search_term_string"}}],"inLanguage":"pl-PL"},{"@type":"Organization","@id":"https:\/\/www.nooteboom.com\/pl\/#organization","name":"Nooteboom Trailers","url":"https:\/\/www.nooteboom.com\/pl\/","logo":{"@type":"ImageObject","inLanguage":"pl-PL","@id":"https:\/\/www.nooteboom.com\/pl\/#\/schema\/logo\/image\/","url":"https:\/\/www.nooteboom.com\/wp-content\/uploads\/logo.png","contentUrl":"https:\/\/www.nooteboom.com\/wp-content\/uploads\/logo.png","width":111,"height":66,"caption":"Nooteboom Trailers"},"image":{"@id":"https:\/\/www.nooteboom.com\/pl\/#\/schema\/logo\/image\/"},"sameAs":["https:\/\/nl-nl.facebook.com\/nooteboomtrailers\/","https:\/\/nl.linkedin.com\/company\/nooteboom-trailers","https:\/\/www.youtube.com\/user\/Nooteboomtrailers"]}]}},"_links":{"self":[{"href":"https:\/\/www.nooteboom.com\/pl\/wp-json\/wp\/v2\/pages\/9888","targetHints":{"allow":["GET"]}}],"collection":[{"href":"https:\/\/www.nooteboom.com\/pl\/wp-json\/wp\/v2\/pages"}],"about":[{"href":"https:\/\/www.nooteboom.com\/pl\/wp-json\/wp\/v2\/types\/page"}],"author":[{"embeddable":true,"href":"https:\/\/www.nooteboom.com\/pl\/wp-json\/wp\/v2\/users\/45"}],"replies":[{"embeddable":true,"href":"https:\/\/www.nooteboom.com\/pl\/wp-json\/wp\/v2\/comments?post=9888"}],"version-history":[{"count":5,"href":"https:\/\/www.nooteboom.com\/pl\/wp-json\/wp\/v2\/pages\/9888\/revisions"}],"predecessor-version":[{"id":1872739,"href":"https:\/\/www.nooteboom.com\/pl\/wp-json\/wp\/v2\/pages\/9888\/revisions\/1872739"}],"up":[{"embeddable":true,"href":"https:\/\/www.nooteboom.com\/pl\/wp-json\/wp\/v2\/pages\/9883"}],"wp:featuredmedia":[{"embeddable":true,"href":"https:\/\/www.nooteboom.com\/pl\/wp-json\/wp\/v2\/media\/13612"}],"wp:attachment":[{"href":"https:\/\/www.nooteboom.com\/pl\/wp-json\/wp\/v2\/media?parent=9888"}],"curies":[{"name":"wp","href":"https:\/\/api.w.org\/{rel}","templated":true}]}}