{"id":9885,"date":"2016-08-03T14:07:32","date_gmt":"2016-08-03T12:07:32","guid":{"rendered":"https:\/\/www.nooteboom.com\/?page_id=9885&#038;lang=pl"},"modified":"2016-08-05T10:18:55","modified_gmt":"2016-08-05T08:18:55","slug":"zatwierdzone-praktyki","status":"publish","type":"page","link":"https:\/\/www.nooteboom.com\/pl\/kariera\/zatwierdzone-praktyki\/","title":{"rendered":"Zatwierdzone praktyki"},"content":{"rendered":"<div class=\"wpb-content-wrapper\"><p>[vc_row][vc_column width=&#8221;1\/2&#8243;][vc_column_text]Wraz z uczelni\u0105 techniczn\u0105 ROC, Nooteboom rozwin\u0105\u0142 wewn\u0119trzny program treningowy dla spawaczy i mechanik\u00f3w. Nooteboom jest certyfikowan\u0105 firm\u0105 treningow\u0105 dla spawaczy\/monter\u00f3w oraz mechatronik\u00f3w.\u00a0Dzia\u0142 kadr, wraz z ROC, r\u00f3wnie\u017c opracowa\u0142 sw\u00f3j w\u0142asny program treningowy.<\/p>\n<p>Ten 2-letni kurs dla spawaczy i mechanik\u00f3w odbywa si\u0119 w Nooteboom. Uczniowie sp\u0119dzaj\u0105 jeden dzie\u0144 w tygodniu szkolnym na terenie budynk\u00f3w Nooteboom, gdzie nauczyciel techniczny z ROC szkoli ich ca\u0142y dzie\u0144.<\/p>\n<p>Pozosta\u0142e cztery dni robocze uczniowie sp\u0119dzaj\u0105 na dzia\u0142ach produkcyjnych, zbieraj\u0105c praktyczne do\u015bwiadczenie w produkcji. Nooteboom posiada r\u00f3wnie\u017c w\u0142asn\u0105 szko\u0142\u0119 spawania, gdzie uczniowie pracuj\u0105 nad zadaniami podobnymi do produkcji naczepy.\u00a0Poza dostarczaniem wiedzy i do\u015bwiadczenia, szko\u0142a sprawania jest r\u00f3wnie\u017c przydatnym \u0142\u0105cznikiem pomi\u0119dzy szko\u0142\u0105 a prac\u0105.<\/p>\n<p>Uczniowie ucz\u0105 si\u0119 przestrzegania zasad firmy i doceniania istotno\u015bci zgodnej wsp\u00f3\u0142pracy i odpowiedzialno\u015bci.[\/vc_column_text][\/vc_column][vc_column width=&#8221;1\/2&#8243;][vc_single_image image=&#8221;1359&#8243; img_size=&#8221;large&#8221;][\/vc_column][\/vc_row][vc_row][vc_column][\/vc_column][\/vc_row]<\/p>\n<\/div>","protected":false},"excerpt":{"rendered":"[vc_row][vc_column width=&#8221;1\/2&#8243;][vc_column_text]Wraz z uczelni\u0105 techniczn\u0105 ROC, Nooteboom rozwin\u0105\u0142 wewn\u0119trzny program treningowy dla spawaczy i mechanik\u00f3w. Nooteboom jest certyfikowan\u0105 firm\u0105 treningow\u0105&#8230;","protected":false},"author":45,"featured_media":13624,"parent":9883,"menu_order":0,"comment_status":"closed","ping_status":"closed","template":"","meta":{"_acf_changed":false,"inline_featured_image":false,"footnotes":""},"class_list":["post-9885","page","type-page","status-publish","has-post-thumbnail","hentry"],"acf":[],"yoast_head":"<!-- This site is optimized with the Yoast SEO Premium plugin v25.7.1 (Yoast SEO v25.7) - https:\/\/yoast.com\/wordpress\/plugins\/seo\/ -->\n<title>Zatwierdzone praktyki | Nooteboom Trailers<\/title>\n<meta name=\"description\" content=\"Wraz z uczelni\u0105 techniczn\u0105 ROC, Nooteboom rozwin\u0105\u0142 wewn\u0119trzny program treningowy dla spawaczy i mechanik\u00f3w.\" \/>\n<meta name=\"robots\" content=\"index, follow, max-snippet:-1, max-image-preview:large, max-video-preview:-1\" \/>\n<link rel=\"canonical\" href=\"https:\/\/www.nooteboom.com\/pl\/kariera\/zatwierdzone-praktyki\/\" \/>\n<meta property=\"og:locale\" content=\"pl_PL\" \/>\n<meta property=\"og:type\" content=\"article\" \/>\n<meta property=\"og:title\" content=\"Zatwierdzone praktyki\" \/>\n<meta property=\"og:description\" content=\"Wraz z uczelni\u0105 techniczn\u0105 ROC, Nooteboom rozwin\u0105\u0142 wewn\u0119trzny program treningowy dla spawaczy i mechanik\u00f3w.\" \/>\n<meta property=\"og:url\" content=\"https:\/\/www.nooteboom.com\/pl\/kariera\/zatwierdzone-praktyki\/\" \/>\n<meta property=\"og:site_name\" content=\"Nooteboom Trailers\" \/>\n<meta property=\"article:publisher\" content=\"https:\/\/nl-nl.facebook.com\/nooteboomtrailers\/\" \/>\n<meta property=\"article:modified_time\" content=\"2016-08-05T08:18:55+00:00\" \/>\n<meta property=\"og:image\" content=\"https:\/\/www.nooteboom.com\/wp-content\/uploads\/DJP_6081.jpg\" \/>\n\t<meta property=\"og:image:width\" content=\"2500\" \/>\n\t<meta property=\"og:image:height\" content=\"1664\" \/>\n\t<meta property=\"og:image:type\" content=\"image\/jpeg\" \/>\n<meta name=\"twitter:card\" content=\"summary_large_image\" \/>\n<meta name=\"twitter:label1\" content=\"Szacowany czas czytania\" \/>\n\t<meta name=\"twitter:data1\" content=\"1 minuta\" \/>\n<script type=\"application\/ld+json\" class=\"yoast-schema-graph\">{\"@context\":\"https:\/\/schema.org\",\"@graph\":[{\"@type\":\"WebPage\",\"@id\":\"https:\/\/www.nooteboom.com\/pl\/kariera\/zatwierdzone-praktyki\/\",\"url\":\"https:\/\/www.nooteboom.com\/pl\/kariera\/zatwierdzone-praktyki\/\",\"name\":\"Zatwierdzone praktyki | Nooteboom Trailers\",\"isPartOf\":{\"@id\":\"https:\/\/www.nooteboom.com\/pl\/#website\"},\"primaryImageOfPage\":{\"@id\":\"https:\/\/www.nooteboom.com\/pl\/kariera\/zatwierdzone-praktyki\/#primaryimage\"},\"image\":{\"@id\":\"https:\/\/www.nooteboom.com\/pl\/kariera\/zatwierdzone-praktyki\/#primaryimage\"},\"thumbnailUrl\":\"https:\/\/www.nooteboom.com\/wp-content\/uploads\/DJP_6081.jpg\",\"datePublished\":\"2016-08-03T12:07:32+00:00\",\"dateModified\":\"2016-08-05T08:18:55+00:00\",\"description\":\"Wraz z uczelni\u0105 techniczn\u0105 ROC, Nooteboom rozwin\u0105\u0142 wewn\u0119trzny program treningowy dla spawaczy i mechanik\u00f3w.\",\"breadcrumb\":{\"@id\":\"https:\/\/www.nooteboom.com\/pl\/kariera\/zatwierdzone-praktyki\/#breadcrumb\"},\"inLanguage\":\"pl-PL\",\"potentialAction\":[{\"@type\":\"ReadAction\",\"target\":[\"https:\/\/www.nooteboom.com\/pl\/kariera\/zatwierdzone-praktyki\/\"]}]},{\"@type\":\"ImageObject\",\"inLanguage\":\"pl-PL\",\"@id\":\"https:\/\/www.nooteboom.com\/pl\/kariera\/zatwierdzone-praktyki\/#primaryimage\",\"url\":\"https:\/\/www.nooteboom.com\/wp-content\/uploads\/DJP_6081.jpg\",\"contentUrl\":\"https:\/\/www.nooteboom.com\/wp-content\/uploads\/DJP_6081.jpg\",\"width\":2500,\"height\":1664},{\"@type\":\"BreadcrumbList\",\"@id\":\"https:\/\/www.nooteboom.com\/pl\/kariera\/zatwierdzone-praktyki\/#breadcrumb\",\"itemListElement\":[{\"@type\":\"ListItem\",\"position\":1,\"name\":\"Home\",\"item\":\"https:\/\/www.nooteboom.com\/pl\/\"},{\"@type\":\"ListItem\",\"position\":2,\"name\":\"Kariera\",\"item\":\"https:\/\/www.nooteboom.com\/pl\/kariera\/\"},{\"@type\":\"ListItem\",\"position\":3,\"name\":\"Zatwierdzone praktyki\"}]},{\"@type\":\"WebSite\",\"@id\":\"https:\/\/www.nooteboom.com\/pl\/#website\",\"url\":\"https:\/\/www.nooteboom.com\/pl\/\",\"name\":\"Nooteboom Trailers\",\"description\":\"Gets you there.\",\"publisher\":{\"@id\":\"https:\/\/www.nooteboom.com\/pl\/#organization\"},\"potentialAction\":[{\"@type\":\"SearchAction\",\"target\":{\"@type\":\"EntryPoint\",\"urlTemplate\":\"https:\/\/www.nooteboom.com\/pl\/?s={search_term_string}\"},\"query-input\":{\"@type\":\"PropertyValueSpecification\",\"valueRequired\":true,\"valueName\":\"search_term_string\"}}],\"inLanguage\":\"pl-PL\"},{\"@type\":\"Organization\",\"@id\":\"https:\/\/www.nooteboom.com\/pl\/#organization\",\"name\":\"Nooteboom Trailers\",\"url\":\"https:\/\/www.nooteboom.com\/pl\/\",\"logo\":{\"@type\":\"ImageObject\",\"inLanguage\":\"pl-PL\",\"@id\":\"https:\/\/www.nooteboom.com\/pl\/#\/schema\/logo\/image\/\",\"url\":\"https:\/\/www.nooteboom.com\/wp-content\/uploads\/logo.png\",\"contentUrl\":\"https:\/\/www.nooteboom.com\/wp-content\/uploads\/logo.png\",\"width\":111,\"height\":66,\"caption\":\"Nooteboom Trailers\"},\"image\":{\"@id\":\"https:\/\/www.nooteboom.com\/pl\/#\/schema\/logo\/image\/\"},\"sameAs\":[\"https:\/\/nl-nl.facebook.com\/nooteboomtrailers\/\",\"https:\/\/nl.linkedin.com\/company\/nooteboom-trailers\",\"https:\/\/www.youtube.com\/user\/Nooteboomtrailers\"]}]}<\/script>\n<!-- \/ Yoast SEO Premium plugin. -->","yoast_head_json":{"title":"Zatwierdzone praktyki | Nooteboom Trailers","description":"Wraz z uczelni\u0105 techniczn\u0105 ROC, Nooteboom rozwin\u0105\u0142 wewn\u0119trzny program treningowy dla spawaczy i mechanik\u00f3w.","robots":{"index":"index","follow":"follow","max-snippet":"max-snippet:-1","max-image-preview":"max-image-preview:large","max-video-preview":"max-video-preview:-1"},"canonical":"https:\/\/www.nooteboom.com\/pl\/kariera\/zatwierdzone-praktyki\/","og_locale":"pl_PL","og_type":"article","og_title":"Zatwierdzone praktyki","og_description":"Wraz z uczelni\u0105 techniczn\u0105 ROC, Nooteboom rozwin\u0105\u0142 wewn\u0119trzny program treningowy dla spawaczy i mechanik\u00f3w.","og_url":"https:\/\/www.nooteboom.com\/pl\/kariera\/zatwierdzone-praktyki\/","og_site_name":"Nooteboom Trailers","article_publisher":"https:\/\/nl-nl.facebook.com\/nooteboomtrailers\/","article_modified_time":"2016-08-05T08:18:55+00:00","og_image":[{"width":2500,"height":1664,"url":"https:\/\/www.nooteboom.com\/wp-content\/uploads\/DJP_6081.jpg","type":"image\/jpeg"}],"twitter_card":"summary_large_image","twitter_misc":{"Szacowany czas czytania":"1 minuta"},"schema":{"@context":"https:\/\/schema.org","@graph":[{"@type":"WebPage","@id":"https:\/\/www.nooteboom.com\/pl\/kariera\/zatwierdzone-praktyki\/","url":"https:\/\/www.nooteboom.com\/pl\/kariera\/zatwierdzone-praktyki\/","name":"Zatwierdzone praktyki | Nooteboom Trailers","isPartOf":{"@id":"https:\/\/www.nooteboom.com\/pl\/#website"},"primaryImageOfPage":{"@id":"https:\/\/www.nooteboom.com\/pl\/kariera\/zatwierdzone-praktyki\/#primaryimage"},"image":{"@id":"https:\/\/www.nooteboom.com\/pl\/kariera\/zatwierdzone-praktyki\/#primaryimage"},"thumbnailUrl":"https:\/\/www.nooteboom.com\/wp-content\/uploads\/DJP_6081.jpg","datePublished":"2016-08-03T12:07:32+00:00","dateModified":"2016-08-05T08:18:55+00:00","description":"Wraz z uczelni\u0105 techniczn\u0105 ROC, Nooteboom rozwin\u0105\u0142 wewn\u0119trzny program treningowy dla spawaczy i mechanik\u00f3w.","breadcrumb":{"@id":"https:\/\/www.nooteboom.com\/pl\/kariera\/zatwierdzone-praktyki\/#breadcrumb"},"inLanguage":"pl-PL","potentialAction":[{"@type":"ReadAction","target":["https:\/\/www.nooteboom.com\/pl\/kariera\/zatwierdzone-praktyki\/"]}]},{"@type":"ImageObject","inLanguage":"pl-PL","@id":"https:\/\/www.nooteboom.com\/pl\/kariera\/zatwierdzone-praktyki\/#primaryimage","url":"https:\/\/www.nooteboom.com\/wp-content\/uploads\/DJP_6081.jpg","contentUrl":"https:\/\/www.nooteboom.com\/wp-content\/uploads\/DJP_6081.jpg","width":2500,"height":1664},{"@type":"BreadcrumbList","@id":"https:\/\/www.nooteboom.com\/pl\/kariera\/zatwierdzone-praktyki\/#breadcrumb","itemListElement":[{"@type":"ListItem","position":1,"name":"Home","item":"https:\/\/www.nooteboom.com\/pl\/"},{"@type":"ListItem","position":2,"name":"Kariera","item":"https:\/\/www.nooteboom.com\/pl\/kariera\/"},{"@type":"ListItem","position":3,"name":"Zatwierdzone praktyki"}]},{"@type":"WebSite","@id":"https:\/\/www.nooteboom.com\/pl\/#website","url":"https:\/\/www.nooteboom.com\/pl\/","name":"Nooteboom Trailers","description":"Gets you there.","publisher":{"@id":"https:\/\/www.nooteboom.com\/pl\/#organization"},"potentialAction":[{"@type":"SearchAction","target":{"@type":"EntryPoint","urlTemplate":"https:\/\/www.nooteboom.com\/pl\/?s={search_term_string}"},"query-input":{"@type":"PropertyValueSpecification","valueRequired":true,"valueName":"search_term_string"}}],"inLanguage":"pl-PL"},{"@type":"Organization","@id":"https:\/\/www.nooteboom.com\/pl\/#organization","name":"Nooteboom Trailers","url":"https:\/\/www.nooteboom.com\/pl\/","logo":{"@type":"ImageObject","inLanguage":"pl-PL","@id":"https:\/\/www.nooteboom.com\/pl\/#\/schema\/logo\/image\/","url":"https:\/\/www.nooteboom.com\/wp-content\/uploads\/logo.png","contentUrl":"https:\/\/www.nooteboom.com\/wp-content\/uploads\/logo.png","width":111,"height":66,"caption":"Nooteboom Trailers"},"image":{"@id":"https:\/\/www.nooteboom.com\/pl\/#\/schema\/logo\/image\/"},"sameAs":["https:\/\/nl-nl.facebook.com\/nooteboomtrailers\/","https:\/\/nl.linkedin.com\/company\/nooteboom-trailers","https:\/\/www.youtube.com\/user\/Nooteboomtrailers"]}]}},"_links":{"self":[{"href":"https:\/\/www.nooteboom.com\/pl\/wp-json\/wp\/v2\/pages\/9885","targetHints":{"allow":["GET"]}}],"collection":[{"href":"https:\/\/www.nooteboom.com\/pl\/wp-json\/wp\/v2\/pages"}],"about":[{"href":"https:\/\/www.nooteboom.com\/pl\/wp-json\/wp\/v2\/types\/page"}],"author":[{"embeddable":true,"href":"https:\/\/www.nooteboom.com\/pl\/wp-json\/wp\/v2\/users\/45"}],"replies":[{"embeddable":true,"href":"https:\/\/www.nooteboom.com\/pl\/wp-json\/wp\/v2\/comments?post=9885"}],"version-history":[{"count":3,"href":"https:\/\/www.nooteboom.com\/pl\/wp-json\/wp\/v2\/pages\/9885\/revisions"}],"predecessor-version":[{"id":10198,"href":"https:\/\/www.nooteboom.com\/pl\/wp-json\/wp\/v2\/pages\/9885\/revisions\/10198"}],"up":[{"embeddable":true,"href":"https:\/\/www.nooteboom.com\/pl\/wp-json\/wp\/v2\/pages\/9883"}],"wp:featuredmedia":[{"embeddable":true,"href":"https:\/\/www.nooteboom.com\/pl\/wp-json\/wp\/v2\/media\/13624"}],"wp:attachment":[{"href":"https:\/\/www.nooteboom.com\/pl\/wp-json\/wp\/v2\/media?parent=9885"}],"curies":[{"name":"wp","href":"https:\/\/api.w.org\/{rel}","templated":true}]}}