{"id":9883,"date":"2016-08-03T14:06:57","date_gmt":"2016-08-03T12:06:57","guid":{"rendered":"https:\/\/www.nooteboom.com\/?page_id=9883&#038;lang=pl"},"modified":"2024-10-15T12:06:15","modified_gmt":"2024-10-15T10:06:15","slug":"kariera","status":"publish","type":"page","link":"https:\/\/www.nooteboom.com\/pl\/kariera\/","title":{"rendered":"Kariera"},"content":{"rendered":"<div class=\"wpb-content-wrapper\"><p>[vc_row][vc_column width=&#8221;1\/2&#8243;][vc_column_text]W Europie Nooteboom jest naturalnym miejscem wybieranym dla kariery w przemy\u015ble naczep do transportu specjalnego. Lokalnie Nooteboom jest cenionym pracodawc\u0105 dla wi\u0119cej ni\u017c500 wyszkolonych pracownik\u00f3w, pochodz\u0105cych z Holandii, jak i spoza jej granic. Wszystkich pracownik\u00f3w Nooteboom \u0142\u0105czy jedna cecha: s\u0105 oddani naczepom i wyj\u0105tkowo zainteresowani produktami, kt\u00f3re tworz\u0105.<\/p>\n<p>Szacunek dla pracy i jej jako\u015bci s\u0105 wsp\u00f3lnym mianownikiem w ca\u0142ej firmie. Ch\u0119\u0107 do indywidualnego przyczyniania si\u0119 do innowacji oraz tworzenia produkt\u00f3w najwy\u017cszej jako\u015bci jest tym, co nas \u0142\u0105czy. Ambitni ludzie z przyjemno\u015bci\u0105 pracuj\u0105 dla naszej ustanawiaj\u0105cej trendy i wysoko cenionej firmy. Poniewa\u017c w Nooteboom jest mn\u00f3stwo mo\u017cliwo\u015bci rozwoju i przej\u015bcia ca\u0142ej \u015bcie\u017cki kariery.\u00a0Cech\u0105 charakterystyczn\u0105 pracy w Nooteboom jest p\u0142aska struktura organizacyjna oraz przypisywanie kompetencji i odpowiedzialno\u015bci odpowiednim pracownikom. Skrupulatne prace spawalnicze s\u0105 tak samo wa\u017cne, jak efektywne zakupy materia\u0142\u00f3w i cz\u0119\u015bci.[\/vc_column_text][\/vc_column][vc_column width=&#8221;1\/2&#8243;]<div class=\"vc_calltoaction newsletter centered\">\n\n\t\n\t\t\t<a target=\"\" href=\"https:\/\/www.nooteboom.com\/career\/vacancies-internships\/\" class=\"button\">\n\t\t\tVacancies & Internships\t\t\t<span class=\"fa fa-chevron-right\"><\/span>\n\t\t<\/a>\n\t\n<\/div>[vc_single_image image=&#8221;1354&#8243; img_size=&#8221;large&#8221;][\/vc_column][\/vc_row][vc_row][vc_column]<div class=\"content hidden\">\n\n\t<p>Praca zespo\u0142owa, otwarto\u015b\u0107, wzajemna pomoc, poczucie odpowiedzialno\u015bci oraz mocne kompetencje s\u0105 wysoko cenione w ka\u017cdym departamencie. Nasi pracownicy s\u0105 cz\u0119\u015bci\u0105 zgranego zespo\u0142u o zdrowej atmosferze, a taki biznes przynosi najlepsze wyniki.<\/p>\n<p>Z aprobat\u0105 dla osobistych dokona\u0144 oraz skupieniem si\u0119 na indywidualnym rozwoju. \u00a0Od wszystkich pracownik\u00f3w Nooteboom oczekujemy przestrzegania kilku wa\u017cnych podstawowych warto\u015bci.<\/p>\n<h2>Pracownicy Nooteboom:<\/h2>\n<ul>\n<li>dostarczaj\u0105 osobisty wk\u0142ad dla produktu satysfakcjonuj\u0105cego klienta<\/li>\n<li>lubi\u0105 pracowa\u0107 w zespole i osobi\u015bcie przyczynia\u0107 si\u0119 do jako\u015bci produktu ko\u0144cowego<\/li>\n<li>nie boj\u0105 si\u0119 wzi\u0119cia odpowiedzialno\u015bci oraz pokazania swojego po\u015bwi\u0119cenia<\/li>\n<li>m\u00f3wi\u0105, co robi\u0105 oraz robi\u0105 tak, jak m\u00f3wi\u0105<\/li>\n<li>za cel maj\u0105 traktowanie koleg\u00f3w z szacunkiem, bycie otwartym i uczciwym<\/li>\n<li>pasjonuj\u0105 si\u0119 naczepami i wykazuj\u0105 inicjatyw\u0119 w celu doskonalenia produkt\u00f3w i proces\u00f3w<\/li>\n<li>s\u0105 \u015bwiadomi, i\u017c skrupulatna praca ma pierwszorz\u0119dne znaczenie dla efektu ko\u0144cowego ca\u0142ego produktu<\/li>\n<li>s\u0105 ambasadorami marki Nooteboom<\/li>\n<\/ul>\n<p>\n\n<\/div>\n\n<div class=\"vc_read_more print more\">\n\n\t\n\t<a href=\"#readmore\" data-less=\"Zwi\u0144\" data-more=\"Rozwi\u0144\" class=\"button\">\n\t\t<em>Rozwi\u0144<\/em>\n\t\t<span class=\"fa fa-chevron-right\"><\/span>\n\t<\/a>\n\n<\/div><div class=\"vc_calltoaction newsletter centered\">\n\n\t\n\t\t\t<a target=\"\" href=\"https:\/\/www.nooteboom.com\/pl\/kariera\/oferty-pracy-staze\/\" class=\"button\">\n\t\t\tOferty pracy i sta\u017ce\t\t\t<span class=\"fa fa-chevron-right\"><\/span>\n\t\t<\/a>\n\t\n<\/div>[\/vc_column][\/vc_row][vc_row][vc_column][vc_column_text]<\/p>\n<h2>Kontakt<\/h2>\n<p>[\/vc_column_text][\/vc_column][\/vc_row][vc_row][vc_column width=&#8221;1\/3&#8243;]<div class=\"vc_teaser\">\n\n\t\n\t\t<div onclick=\"window.location.href='mailto:a.kroef@nooteboom.com';\" class=\"vc_teaser__inner clickable\">\n\n\t\t\t\t\t\t\t<figure>\n\t\t\t\t\t<img\n\t\t\t\t\t\t\tsrc=\"https:\/\/www.nooteboom.com\/wp-content\/uploads\/Anke-Kroef-IMG_8111-500x333.jpg\"\n\t\t\t\t\t\t\talt=\"Kariera\"\n\t\t\t\t\t\t\t\t\t\t\t\t\tsrcset=\"https:\/\/www.nooteboom.com\/wp-content\/uploads\/Anke-Kroef-IMG_8111-300x199.jpg 300w,https:\/\/www.nooteboom.com\/wp-content\/uploads\/Anke-Kroef-IMG_8111-768x511.jpg 768w,https:\/\/www.nooteboom.com\/wp-content\/uploads\/Anke-Kroef-IMG_8111-1024x681.jpg 1024w\"\n\t\t\t\t\t\t\tsizes=\"(max-width: 400px) 100vw, 400px\"\n\t\t\t\t\t\t\t\t\t\t\t>\n\t\t\t\t<\/figure>\n\t\t\t\n\t\t\t\t\t\t\t<a href=\"mailto:a.kroef@nooteboom.com\" target=\"\"\n\t\t\t\t   title=\"a.kroef@nooteboom.com\" class=\"button red\">\n\t\t\t\t\tAnke Kroef\t\t\t\t\t<span class=\"fa fa-chevron-right\"><\/span>\n\t\t\t\t<\/a>\n\t\t\t\n\t\t<\/div>\n\n\t\n<\/div>[vc_column_text]<\/p>\n<table style=\"border-collapse: collapse; width: 100%;\">\n<tbody>\n<tr>\n<td style=\"width: 100%; text-align: center;\">\n<address>Manager HR<\/address>\n<address><strong>E<\/strong>\u00a0<a href=\"mailto:a.kroef@nooteboom.com\">a.kroef@nooteboom.com<\/a><\/address>\n<address><span style=\"color: #ffffff;\">|<\/span><\/address>\n<\/td>\n<\/tr>\n<\/tbody>\n<\/table>\n<p>[\/vc_column_text][\/vc_column][vc_column width=&#8221;1\/3&#8243;]<div class=\"vc_teaser\">\n\n\t\n\t\t<div onclick=\"window.location.href='mailto:l.steur@nooteboom.com';\" class=\"vc_teaser__inner clickable\">\n\n\t\t\t\t\t\t\t<figure>\n\t\t\t\t\t<img\n\t\t\t\t\t\t\tsrc=\"https:\/\/www.nooteboom.com\/wp-content\/uploads\/liekesteur-500x333.jpg\"\n\t\t\t\t\t\t\talt=\"Kariera\"\n\t\t\t\t\t\t\t\t\t\t\t\t\tsrcset=\"https:\/\/www.nooteboom.com\/wp-content\/uploads\/liekesteur-300x199.jpg 300w,https:\/\/www.nooteboom.com\/wp-content\/uploads\/liekesteur-768x511.jpg 768w,https:\/\/www.nooteboom.com\/wp-content\/uploads\/liekesteur-1024x681.jpg 1024w\"\n\t\t\t\t\t\t\tsizes=\"(max-width: 500px) 100vw, 500px\"\n\t\t\t\t\t\t\t\t\t\t\t>\n\t\t\t\t<\/figure>\n\t\t\t\n\t\t\t\t\t\t\t<a href=\"mailto:l.steur@nooteboom.com\" target=\"\"\n\t\t\t\t   title=\"l.steur@nooteboom.com\" class=\"button red\">\n\t\t\t\t\tGlenn Uijt den Boogaard\t\t\t\t\t<span class=\"fa fa-chevron-right\"><\/span>\n\t\t\t\t<\/a>\n\t\t\t\n\t\t<\/div>\n\n\t\n<\/div>[vc_column_text]<\/p>\n<table style=\"border-collapse: collapse; width: 100%;\">\n<tbody>\n<tr>\n<td style=\"width: 100%; text-align: center;\">\n<address>Recruiter<\/address>\n<address><strong>E<\/strong>\u00a0<a class=\"\" href=\"l.steur@nooteboom.com\">l.steur@nooteboom.com<\/a><\/address>\n<address><strong>T<\/strong> +31 641 68 0523<\/address>\n<\/td>\n<\/tr>\n<\/tbody>\n<\/table>\n<p>[\/vc_column_text][\/vc_column][vc_column width=&#8221;1\/3&#8243;]<div class=\"vc_teaser\">\n\n\t\n\t\t<div onclick=\"window.location.href='mailto:m.verstegen@nooteboom.com';\" class=\"vc_teaser__inner clickable\">\n\n\t\t\t\t\t\t\t<figure>\n\t\t\t\t\t<img\n\t\t\t\t\t\t\tsrc=\"https:\/\/www.nooteboom.com\/wp-content\/uploads\/Marc-verstegen-500x333.jpg\"\n\t\t\t\t\t\t\talt=\"Kariera\"\n\t\t\t\t\t\t\t\t\t\t\t\t\tsrcset=\"https:\/\/www.nooteboom.com\/wp-content\/uploads\/Marc-verstegen-300x199.jpg 300w,https:\/\/www.nooteboom.com\/wp-content\/uploads\/Marc-verstegen-768x511.jpg 768w,https:\/\/www.nooteboom.com\/wp-content\/uploads\/Marc-verstegen-1024x681.jpg 1024w\"\n\t\t\t\t\t\t\tsizes=\"(max-width: 400px) 100vw, 400px\"\n\t\t\t\t\t\t\t\t\t\t\t>\n\t\t\t\t<\/figure>\n\t\t\t\n\t\t\t\t\t\t\t<a href=\"mailto:m.verstegen@nooteboom.com\" target=\"\"\n\t\t\t\t   title=\"Marc Verstegen\" class=\"button red\">\n\t\t\t\t\tMarc Verstegen\t\t\t\t\t<span class=\"fa fa-chevron-right\"><\/span>\n\t\t\t\t<\/a>\n\t\t\t\n\t\t<\/div>\n\n\t\n<\/div>[vc_column_text]<\/p>\n<table style=\"border-collapse: collapse; width: 100%;\">\n<tbody>\n<tr>\n<td style=\"width: 100%; text-align: center;\">\n<address>HR adviseur<\/address>\n<address><strong>E<\/strong>\u00a0<a class=\"\" href=\"mailto:m.verstegen@nooteboom.com\">m.verstegen@nooteboom.com<\/a><\/address>\n<\/td>\n<\/tr>\n<\/tbody>\n<\/table>\n<p>[\/vc_column_text][\/vc_column][\/vc_row][vc_row][vc_column][vc_separator][\/vc_column][\/vc_row][vc_row][vc_column width=&#8221;1\/2&#8243;][vc_column_text]<\/p>\n<h3><a href=\"https:\/\/www.linkedin.com\/company\/1385240\/\">FOLLOW US<\/a><img loading=\"lazy\" decoding=\"async\" class=\"wp-image-1079528 alignleft\" src=\"https:\/\/www.nooteboom.com\/wp-content\/uploads\/linkedin-300x300.png\" alt=\"linkedin\" width=\"43\" height=\"42\" srcset=\"https:\/\/www.nooteboom.com\/wp-content\/uploads\/linkedin-300x300.png 300w, https:\/\/www.nooteboom.com\/wp-content\/uploads\/linkedin-150x150.png 150w, https:\/\/www.nooteboom.com\/wp-content\/uploads\/linkedin.png 500w\" sizes=\"auto, (max-width: 43px) 100vw, 43px\" \/><\/h3>\n<p>[\/vc_column_text][vc_raw_html]JTNDc2NyaXB0JTIwc3JjJTNEJTIyJTJGJTJGcGxhdGZvcm0ubGlua2VkaW4uY29tJTJGaW4uanMlMjIlMjB0eXBlJTNEJTIydGV4dCUyRmphdmFzY3JpcHQlMjIlM0UlM0MlMkZzY3JpcHQlM0UlMEElM0NzY3JpcHQlMjB0eXBlJTNEJTIySU4lMkZDb21wYW55UHJvZmlsZSUyMiUyMGRhdGEtaWQlM0QlMjIxMzg1MjQwJTIyJTIwZGF0YS1mb3JtYXQlM0QlMjJpbmxpbmUlMjIlMjBkYXRhLXJlbGF0ZWQlM0QlMjJmYWxzZSUyMiUzRSUzQyUyRnNjcmlwdCUzRQ==[\/vc_raw_html][\/vc_column][vc_column width=&#8221;1\/2&#8243;][\/vc_column][\/vc_row]<\/p>\n<\/div>","protected":false},"excerpt":{"rendered":"[vc_row][vc_column width=&#8221;1\/2&#8243;][vc_column_text]W Europie Nooteboom jest naturalnym miejscem wybieranym dla kariery w przemy\u015ble naczep do transportu specjalnego. Lokalnie Nooteboom jest cenionym&#8230;","protected":false},"author":45,"featured_media":0,"parent":0,"menu_order":0,"comment_status":"closed","ping_status":"closed","template":"templates\/template-career.php","meta":{"_acf_changed":false,"inline_featured_image":false,"footnotes":""},"class_list":["post-9883","page","type-page","status-publish","hentry"],"acf":[],"yoast_head":"<!-- This site is optimized with the Yoast SEO Premium plugin v25.7.1 (Yoast SEO v25.7) - https:\/\/yoast.com\/wordpress\/plugins\/seo\/ -->\n<title>Kariera | Nooteboom Trailers<\/title>\n<meta name=\"description\" content=\"W Europie Nooteboom jest naturalnym miejscem wybieranym dla kariery w przemy\u015ble naczep do transportu specjalnego.\" \/>\n<meta name=\"robots\" content=\"index, follow, max-snippet:-1, max-image-preview:large, max-video-preview:-1\" \/>\n<link rel=\"canonical\" href=\"https:\/\/www.nooteboom.com\/pl\/kariera\/\" \/>\n<meta property=\"og:locale\" content=\"pl_PL\" \/>\n<meta property=\"og:type\" content=\"article\" \/>\n<meta property=\"og:title\" content=\"Kariera\" \/>\n<meta property=\"og:description\" content=\"W Europie Nooteboom jest naturalnym miejscem wybieranym dla kariery w przemy\u015ble naczep do transportu specjalnego.\" \/>\n<meta property=\"og:url\" content=\"https:\/\/www.nooteboom.com\/pl\/kariera\/\" \/>\n<meta property=\"og:site_name\" content=\"Nooteboom Trailers\" \/>\n<meta property=\"article:publisher\" content=\"https:\/\/nl-nl.facebook.com\/nooteboomtrailers\/\" \/>\n<meta property=\"article:modified_time\" content=\"2024-10-15T10:06:15+00:00\" \/>\n<meta property=\"og:image\" content=\"https:\/\/www.nooteboom.com\/wp-content\/uploads\/linkedin-300x300.png\" \/>\n<meta name=\"twitter:card\" content=\"summary_large_image\" \/>\n<meta name=\"twitter:label1\" content=\"Szacowany czas czytania\" \/>\n\t<meta name=\"twitter:data1\" content=\"3 minuty\" \/>\n<script type=\"application\/ld+json\" class=\"yoast-schema-graph\">{\"@context\":\"https:\/\/schema.org\",\"@graph\":[{\"@type\":\"WebPage\",\"@id\":\"https:\/\/www.nooteboom.com\/pl\/kariera\/\",\"url\":\"https:\/\/www.nooteboom.com\/pl\/kariera\/\",\"name\":\"Kariera | Nooteboom Trailers\",\"isPartOf\":{\"@id\":\"https:\/\/www.nooteboom.com\/pl\/#website\"},\"primaryImageOfPage\":{\"@id\":\"https:\/\/www.nooteboom.com\/pl\/kariera\/#primaryimage\"},\"image\":{\"@id\":\"https:\/\/www.nooteboom.com\/pl\/kariera\/#primaryimage\"},\"thumbnailUrl\":\"https:\/\/www.nooteboom.com\/wp-content\/uploads\/linkedin-300x300.png\",\"datePublished\":\"2016-08-03T12:06:57+00:00\",\"dateModified\":\"2024-10-15T10:06:15+00:00\",\"description\":\"W Europie Nooteboom jest naturalnym miejscem wybieranym dla kariery w przemy\u015ble naczep do transportu specjalnego.\",\"breadcrumb\":{\"@id\":\"https:\/\/www.nooteboom.com\/pl\/kariera\/#breadcrumb\"},\"inLanguage\":\"pl-PL\",\"potentialAction\":[{\"@type\":\"ReadAction\",\"target\":[\"https:\/\/www.nooteboom.com\/pl\/kariera\/\"]}]},{\"@type\":\"ImageObject\",\"inLanguage\":\"pl-PL\",\"@id\":\"https:\/\/www.nooteboom.com\/pl\/kariera\/#primaryimage\",\"url\":\"https:\/\/www.nooteboom.com\/wp-content\/uploads\/linkedin-300x300.png\",\"contentUrl\":\"https:\/\/www.nooteboom.com\/wp-content\/uploads\/linkedin-300x300.png\"},{\"@type\":\"BreadcrumbList\",\"@id\":\"https:\/\/www.nooteboom.com\/pl\/kariera\/#breadcrumb\",\"itemListElement\":[{\"@type\":\"ListItem\",\"position\":1,\"name\":\"Home\",\"item\":\"https:\/\/www.nooteboom.com\/pl\/\"},{\"@type\":\"ListItem\",\"position\":2,\"name\":\"Kariera\"}]},{\"@type\":\"WebSite\",\"@id\":\"https:\/\/www.nooteboom.com\/pl\/#website\",\"url\":\"https:\/\/www.nooteboom.com\/pl\/\",\"name\":\"Nooteboom Trailers\",\"description\":\"Gets you there.\",\"publisher\":{\"@id\":\"https:\/\/www.nooteboom.com\/pl\/#organization\"},\"potentialAction\":[{\"@type\":\"SearchAction\",\"target\":{\"@type\":\"EntryPoint\",\"urlTemplate\":\"https:\/\/www.nooteboom.com\/pl\/?s={search_term_string}\"},\"query-input\":{\"@type\":\"PropertyValueSpecification\",\"valueRequired\":true,\"valueName\":\"search_term_string\"}}],\"inLanguage\":\"pl-PL\"},{\"@type\":\"Organization\",\"@id\":\"https:\/\/www.nooteboom.com\/pl\/#organization\",\"name\":\"Nooteboom Trailers\",\"url\":\"https:\/\/www.nooteboom.com\/pl\/\",\"logo\":{\"@type\":\"ImageObject\",\"inLanguage\":\"pl-PL\",\"@id\":\"https:\/\/www.nooteboom.com\/pl\/#\/schema\/logo\/image\/\",\"url\":\"https:\/\/www.nooteboom.com\/wp-content\/uploads\/logo.png\",\"contentUrl\":\"https:\/\/www.nooteboom.com\/wp-content\/uploads\/logo.png\",\"width\":111,\"height\":66,\"caption\":\"Nooteboom Trailers\"},\"image\":{\"@id\":\"https:\/\/www.nooteboom.com\/pl\/#\/schema\/logo\/image\/\"},\"sameAs\":[\"https:\/\/nl-nl.facebook.com\/nooteboomtrailers\/\",\"https:\/\/nl.linkedin.com\/company\/nooteboom-trailers\",\"https:\/\/www.youtube.com\/user\/Nooteboomtrailers\"]}]}<\/script>\n<!-- \/ Yoast SEO Premium plugin. -->","yoast_head_json":{"title":"Kariera | Nooteboom Trailers","description":"W Europie Nooteboom jest naturalnym miejscem wybieranym dla kariery w przemy\u015ble naczep do transportu specjalnego.","robots":{"index":"index","follow":"follow","max-snippet":"max-snippet:-1","max-image-preview":"max-image-preview:large","max-video-preview":"max-video-preview:-1"},"canonical":"https:\/\/www.nooteboom.com\/pl\/kariera\/","og_locale":"pl_PL","og_type":"article","og_title":"Kariera","og_description":"W Europie Nooteboom jest naturalnym miejscem wybieranym dla kariery w przemy\u015ble naczep do transportu specjalnego.","og_url":"https:\/\/www.nooteboom.com\/pl\/kariera\/","og_site_name":"Nooteboom Trailers","article_publisher":"https:\/\/nl-nl.facebook.com\/nooteboomtrailers\/","article_modified_time":"2024-10-15T10:06:15+00:00","og_image":[{"url":"https:\/\/www.nooteboom.com\/wp-content\/uploads\/linkedin-300x300.png","type":"","width":"","height":""}],"twitter_card":"summary_large_image","twitter_misc":{"Szacowany czas czytania":"3 minuty"},"schema":{"@context":"https:\/\/schema.org","@graph":[{"@type":"WebPage","@id":"https:\/\/www.nooteboom.com\/pl\/kariera\/","url":"https:\/\/www.nooteboom.com\/pl\/kariera\/","name":"Kariera | Nooteboom Trailers","isPartOf":{"@id":"https:\/\/www.nooteboom.com\/pl\/#website"},"primaryImageOfPage":{"@id":"https:\/\/www.nooteboom.com\/pl\/kariera\/#primaryimage"},"image":{"@id":"https:\/\/www.nooteboom.com\/pl\/kariera\/#primaryimage"},"thumbnailUrl":"https:\/\/www.nooteboom.com\/wp-content\/uploads\/linkedin-300x300.png","datePublished":"2016-08-03T12:06:57+00:00","dateModified":"2024-10-15T10:06:15+00:00","description":"W Europie Nooteboom jest naturalnym miejscem wybieranym dla kariery w przemy\u015ble naczep do transportu specjalnego.","breadcrumb":{"@id":"https:\/\/www.nooteboom.com\/pl\/kariera\/#breadcrumb"},"inLanguage":"pl-PL","potentialAction":[{"@type":"ReadAction","target":["https:\/\/www.nooteboom.com\/pl\/kariera\/"]}]},{"@type":"ImageObject","inLanguage":"pl-PL","@id":"https:\/\/www.nooteboom.com\/pl\/kariera\/#primaryimage","url":"https:\/\/www.nooteboom.com\/wp-content\/uploads\/linkedin-300x300.png","contentUrl":"https:\/\/www.nooteboom.com\/wp-content\/uploads\/linkedin-300x300.png"},{"@type":"BreadcrumbList","@id":"https:\/\/www.nooteboom.com\/pl\/kariera\/#breadcrumb","itemListElement":[{"@type":"ListItem","position":1,"name":"Home","item":"https:\/\/www.nooteboom.com\/pl\/"},{"@type":"ListItem","position":2,"name":"Kariera"}]},{"@type":"WebSite","@id":"https:\/\/www.nooteboom.com\/pl\/#website","url":"https:\/\/www.nooteboom.com\/pl\/","name":"Nooteboom Trailers","description":"Gets you there.","publisher":{"@id":"https:\/\/www.nooteboom.com\/pl\/#organization"},"potentialAction":[{"@type":"SearchAction","target":{"@type":"EntryPoint","urlTemplate":"https:\/\/www.nooteboom.com\/pl\/?s={search_term_string}"},"query-input":{"@type":"PropertyValueSpecification","valueRequired":true,"valueName":"search_term_string"}}],"inLanguage":"pl-PL"},{"@type":"Organization","@id":"https:\/\/www.nooteboom.com\/pl\/#organization","name":"Nooteboom Trailers","url":"https:\/\/www.nooteboom.com\/pl\/","logo":{"@type":"ImageObject","inLanguage":"pl-PL","@id":"https:\/\/www.nooteboom.com\/pl\/#\/schema\/logo\/image\/","url":"https:\/\/www.nooteboom.com\/wp-content\/uploads\/logo.png","contentUrl":"https:\/\/www.nooteboom.com\/wp-content\/uploads\/logo.png","width":111,"height":66,"caption":"Nooteboom Trailers"},"image":{"@id":"https:\/\/www.nooteboom.com\/pl\/#\/schema\/logo\/image\/"},"sameAs":["https:\/\/nl-nl.facebook.com\/nooteboomtrailers\/","https:\/\/nl.linkedin.com\/company\/nooteboom-trailers","https:\/\/www.youtube.com\/user\/Nooteboomtrailers"]}]}},"_links":{"self":[{"href":"https:\/\/www.nooteboom.com\/pl\/wp-json\/wp\/v2\/pages\/9883","targetHints":{"allow":["GET"]}}],"collection":[{"href":"https:\/\/www.nooteboom.com\/pl\/wp-json\/wp\/v2\/pages"}],"about":[{"href":"https:\/\/www.nooteboom.com\/pl\/wp-json\/wp\/v2\/types\/page"}],"author":[{"embeddable":true,"href":"https:\/\/www.nooteboom.com\/pl\/wp-json\/wp\/v2\/users\/45"}],"replies":[{"embeddable":true,"href":"https:\/\/www.nooteboom.com\/pl\/wp-json\/wp\/v2\/comments?post=9883"}],"version-history":[{"count":10,"href":"https:\/\/www.nooteboom.com\/pl\/wp-json\/wp\/v2\/pages\/9883\/revisions"}],"predecessor-version":[{"id":2267462,"href":"https:\/\/www.nooteboom.com\/pl\/wp-json\/wp\/v2\/pages\/9883\/revisions\/2267462"}],"wp:attachment":[{"href":"https:\/\/www.nooteboom.com\/pl\/wp-json\/wp\/v2\/media?parent=9883"}],"curies":[{"name":"wp","href":"https:\/\/api.w.org\/{rel}","templated":true}]}}