{"id":9881,"date":"2016-08-03T14:06:17","date_gmt":"2016-08-03T12:06:17","guid":{"rendered":"https:\/\/www.nooteboom.com\/?page_id=9881&#038;lang=pl"},"modified":"2023-02-08T10:27:51","modified_gmt":"2023-02-08T09:27:51","slug":"o-nooteboom-used-trailer-center","status":"publish","type":"page","link":"https:\/\/www.nooteboom.com\/pl\/o-nooteboom-used-trailer-center\/","title":{"rendered":"O Nooteboom Used Trailer Center"},"content":{"rendered":"<div class=\"wpb-content-wrapper\"><p>[vc_row][vc_column][vc_column_text]<\/p>\n<h2>Nooteboom i handel u\u017cywanymi pojazdami w skali \u015bwiatowej<\/h2>\n<p>[\/vc_column_text]<div class=\"vc_intro\">\n\n\t<p>U\u017cywane naczepy r\u00f3\u017cnych marek i rocznik\u00f3w znajduj\u0105 si\u0119 w Nooteboom Used Trailers &#8211; jednym z wiod\u0105cych europejskich dostawc\u00f3w u\u017cywanych rozwi\u0105za\u0144 transportowych dla ponadnormatywnego transportu drogowego. Zawsze posiadamy obszerny raport z kontroli wszystkich pojazd\u00f3w, aby\u015bcie Pa\u0144stwo dok\u0142adnie wiedzieli, co kupujecie. W porozumieniu z Pa\u0144stwem i wed\u0142ug Pa\u0144stwa \u017cycze\u0144 mo\u017cemy r\u00f3wnie\u017c wprowadzi\u0107 modyfikacje naczepy.<\/p>\n\n<\/div>[vc_empty_space][\/vc_column][\/vc_row][vc_row][vc_column width=&#8221;1\/2&#8243;][vc_column_text]To wszystko z najwy\u017csz\u0105 jako\u015bci\u0105, kt\u00f3rej mo\u017cecie od nas oczekiwa\u0107. W naszym salonie online mo\u017cecie Pa\u0144stwo zobaczy\u0107 nasz\u0105 aktualn\u0105 ofert\u0119 rozwi\u0105za\u0144 transportowych, kt\u00f3re s\u0105 dost\u0119pne na stocku w Wijchen. Wszystkie pojazdy maj\u0105 obszerne specyfikacje, zdj\u0119cia i \/ lub filmy. Dzi\u0119ki naszym naszym du\u017cym i r\u00f3\u017cnorodnym zapasom, mamy odpowiednie rozwi\u0105zanie dla ka\u017cdego klienta &#8211; w najlepszej cenie. Oczywi\u015bcie zapraszamy do obejrzenia naszego asortymentu w Wijchen.\u00a0Pozw\u00f3lcie Pa\u0144stwo naszemu zespo\u0142owi doradzi\u0107 w sprawie niezawodnej u\u017cywanej naczepy niskopodwoziowej, naczepy semi-niskopodwoziowej, tele-naczepy, przyczepy z dyszlem, przyczepy modu\u0142owej lub ci\u0105gnika do transportu ci\u0119\u017ckiego.[\/vc_column_text][\/vc_column][vc_column width=&#8221;1\/4&#8243;]<div class=\"vc_teaser\">\n\n\t\n\t\t<div onclick=\"window.location.href='https:\/\/www.nooteboom.com\/pl\/stock\/naczepy-uzywane\/';\" class=\"vc_teaser__inner clickable\">\n\n\t\t\t\t\t\t\t<figure>\n\t\t\t\t\t<img\n\t\t\t\t\t\t\tsrc=\"https:\/\/www.nooteboom.com\/wp-content\/uploads\/used-trailer-500x333.png\"\n\t\t\t\t\t\t\talt=\"O Nooteboom Used Trailer Center\"\n\t\t\t\t\t\t\t\t\t\t\t\t\tsrcset=\"https:\/\/www.nooteboom.com\/wp-content\/uploads\/used-trailer-300x199.png 300w,https:\/\/www.nooteboom.com\/wp-content\/uploads\/used-trailer-768x511.png 768w,https:\/\/www.nooteboom.com\/wp-content\/uploads\/used-trailer-1024x681.png 1024w\"\n\t\t\t\t\t\t\tsizes=\"(max-width: 500px) 100vw, 500px\"\n\t\t\t\t\t\t\t\t\t\t\t>\n\t\t\t\t<\/figure>\n\t\t\t\n\t\t\t\t\t\t\t<a href=\"https:\/\/www.nooteboom.com\/pl\/stock\/naczepy-uzywane\/\" target=\"\"\n\t\t\t\t   title=\"Naczepy u\u017cywane\" class=\"button red\">\n\t\t\t\t\tNaczepy u\u017cywane\t\t\t\t\t<span class=\"fa fa-chevron-right\"><\/span>\n\t\t\t\t<\/a>\n\t\t\t\n\t\t<\/div>\n\n\t\n<\/div>[\/vc_column][vc_column width=&#8221;1\/4&#8243;]<div class=\"vc_teaser\">\n\n\t\n\t\t<div onclick=\"window.location.href='https:\/\/www.nooteboom.com\/pl\/kupimy-twoja-naczepe\/';\" class=\"vc_teaser__inner clickable\">\n\n\t\t\t\t\t\t\t<figure>\n\t\t\t\t\t<img\n\t\t\t\t\t\t\tsrc=\"https:\/\/www.nooteboom.com\/wp-content\/uploads\/13798-500x333.jpg\"\n\t\t\t\t\t\t\talt=\"O Nooteboom Used Trailer Center\"\n\t\t\t\t\t\t\t\t\t\t\t\t\tsrcset=\"https:\/\/www.nooteboom.com\/wp-content\/uploads\/13798-300x199.jpg 300w,https:\/\/www.nooteboom.com\/wp-content\/uploads\/13798-768x511.jpg 768w,https:\/\/www.nooteboom.com\/wp-content\/uploads\/13798-1024x681.jpg 1024w\"\n\t\t\t\t\t\t\tsizes=\"(max-width: 500px) 100vw, 500px\"\n\t\t\t\t\t\t\t\t\t\t\t>\n\t\t\t\t<\/figure>\n\t\t\t\n\t\t\t\t\t\t\t<a href=\"https:\/\/www.nooteboom.com\/pl\/kupimy-twoja-naczepe\/\" target=\"\"\n\t\t\t\t   title=\"Kupimy Twoj\u0105 naczep\u0119\" class=\"button red\">\n\t\t\t\t\tKupimy Twoj\u0105 naczep\u0119\t\t\t\t\t<span class=\"fa fa-chevron-right\"><\/span>\n\t\t\t\t<\/a>\n\t\t\t\n\t\t<\/div>\n\n\t\n<\/div>[\/vc_column][\/vc_row][vc_row][vc_column][vc_separator color=&#8221;custom&#8221; accent_color=&#8221;#d6002a&#8221;][\/vc_column][\/vc_row][vc_row][vc_column width=&#8221;1\/2&#8243;][vc_column_text]<strong>Zalety Centrum Naczep U\u017cywanych Nooteboom<\/strong><\/p>\n<ul>\n<li>Og\u00f3lno\u015bwiatowa wysy\u0142ka naczep i cz\u0119\u015bci<\/li>\n<li>Know-how mi\u0119dzynarodowego rynku transportu ci\u0119\u017ckiego<\/li>\n<li>Pe\u0142ny raport z kontroli naczepy<\/li>\n<li>Demonstracja funkcjonalno\u015bci i stanu przyczepy przed zakupem<\/li>\n<li>W\u0142asny specjalistyczny warsztat do napraw i remont\u00f3w<\/li>\n<li>Naczepy dost\u0119pne bezpo\u015brednio ze stocku<\/li>\n<li>Szkolenie fizyczne przy odbiorze i instrukta\u017c<\/li>\n<\/ul>\n<p>[\/vc_column_text][\/vc_column][vc_column width=&#8221;1\/2&#8243;][vc_single_image image=&#8221;1824379&#8243; img_size=&#8221;large&#8221; alignment=&#8221;right&#8221; onclick=&#8221;link_image&#8221; css_animation=&#8221;fadeInRight&#8221;][\/vc_column][\/vc_row][vc_row][vc_column][vc_separator color=&#8221;custom&#8221; accent_color=&#8221;#d6002a&#8221;][\/vc_column][\/vc_row][vc_row][vc_column width=&#8221;1\/2&#8243;][vc_single_image image=&#8221;1824385&#8243; img_size=&#8221;large&#8221; onclick=&#8221;link_image&#8221; css_animation=&#8221;fadeInLeft&#8221;][\/vc_column][vc_column width=&#8221;1\/2&#8243;][vc_column_text]<\/p>\n<h2>U\u017cywany pojazd w rozliczeniu<\/h2>\n<p>Ka\u017cdy, kto kupuje now\u0105 naczep\u0119 od Nooteboom, mo\u017ce zaoferowa\u0107 sw\u00f3j u\u017cywany pojazd w rozliczeniu. Przedmiotem rozliczenia mo\u017ce by\u0107 ka\u017cda marka &#8211; o ile jest to pojazd do ponadnormatywnego transportu. Naczepy produkowane przez Nooteboom lub inne znane marki s\u0105 wystawione na sprzeda\u017c na naszej stronie internetowej <a href=\"https:\/\/www.nooteboom.com\">www.nooteboom.com<\/a> i mo\u017cna je ogl\u0105da\u0107 w Wijchen w Holandii. Aby utrzymywa\u0107 du\u017cy stock pojazd\u00f3w, prowadzimy aktywn\u0105 polityk\u0119 zakupow\u0105. Oczywi\u015bcie bardzo wa\u017cne jest, aby wiedzie\u0107, co si\u0119 kupuje. Znajomo\u015b\u0107 stanu technicznego i pe\u0142en przegl\u0105d rynku w celu ustalenia w\u0142a\u015bciwej ceny zakupu i sprzeda\u017cy &#8211; to jest w\u0142a\u015bnie specjalizacja Centrum U\u017cywanych naczep Nooteboom.<\/p>\n<p>Chcesz sprzeda\u0107 swoj\u0105 naczep\u0119? Skontaktuj si\u0119 z nami\u00a0<a href=\"https:\/\/www.nooteboom.com\/pl\/kupimy-twoja-naczepe\/\">tutaj<\/a>.[\/vc_column_text][\/vc_column][\/vc_row][vc_row][vc_column][vc_separator color=&#8221;custom&#8221;][\/vc_column][\/vc_row][vc_row][vc_column width=&#8221;1\/2&#8243;][vc_column_text]<\/p>\n<h2>Wysy\u0142ka i dokumentacja<\/h2>\n<p>Potrzeba zezwole\u0144 na transport i deklaracji celnych sprawia, \u017ce \u200b\u200btransport drogowy naczepy staje si\u0119 do\u015b\u0107 skomplikowany. Oferujemy us\u0142ugi do\u015bwiadczonego personelu, kt\u00f3ry dok\u0142adnie wie, jakiego rodzaju dokument\u00f3w potrzebujesz, aby oficjalnie zarejestrowa\u0107 naczep\u0119. Dla dalekich destynacji coraz popularniejsze staje si\u0119 transportowanie naczep statkiem. W przypadku wysy\u0142ki do odleg\u0142ych cz\u0119\u015bci \u015bwiata naczepy s\u0105 dostarczane do dowolnego holenderskiego, belgijskiego lub niemieckiego portu, a tak\u017ce wielu innych po wcze\u015bniejszym uzgodnieniu.[\/vc_column_text][\/vc_column][vc_column width=&#8221;1\/2&#8243;][vc_single_image image=&#8221;1824403&#8243; img_size=&#8221;large&#8221; alignment=&#8221;right&#8221; onclick=&#8221;link_image&#8221; css_animation=&#8221;fadeInRight&#8221;][\/vc_column][\/vc_row][vc_row][vc_column][vc_separator color=&#8221;custom&#8221;][\/vc_column][\/vc_row][vc_row][vc_column width=&#8221;1\/2&#8243;][vc_single_image image=&#8221;1824409&#8243; img_size=&#8221;large&#8221; onclick=&#8221;link_image&#8221; css_animation=&#8221;fadeInLeft&#8221;][\/vc_column][vc_column width=&#8221;1\/2&#8243;][vc_column_text]<\/p>\n<h2><strong>Przegl\u0105d, naprawa i cz\u0119\u015bci<\/strong><\/h2>\n<p>Nasz profesjonalny zesp\u00f3\u0142 ch\u0119tnie udzieli cennych porad na temat konserwacji zapobiegawczej, okres\u00f3w konserwacji, akcesori\u00f3w oraz sposob\u00f3w podj\u0119cia w\u0142a\u015bciwych dzia\u0142a\u0144 serwisowych w odpowiednim momencie. Doradztwo to, w po\u0142\u0105czeniu z prawid\u0142ow\u0105 konserwacj\u0105 i wysokiej jako\u015bci cz\u0119\u015bciami zamiennymi, zrobi\u0105 ogromny skok jako\u015bciowy stanu pojazdu i zapobiegn\u0105 niespodziewanym, drogim i czasoch\u0142onnym awariom oraz nieplanowanym przestojom. W centrum logistycznym w Wijchen mamy ponad 4000 artyku\u0142\u00f3w w magazynie. Wszystkie cz\u0119\u015bci s\u0105 dystrybuowane na ca\u0142ym \u015bwiecie.[\/vc_column_text][\/vc_column][\/vc_row][vc_row][vc_column][vc_separator color=&#8221;custom&#8221;][\/vc_column][\/vc_row][vc_row][vc_column width=&#8221;1\/2&#8243;][vc_column_text]<\/p>\n<h2><strong>Szkolenie i instrukta\u017c<\/strong><\/h2>\n<p>Poniewa\u017c istnieje wiele r\u00f3\u017cnych marek i funkcji, obs\u0142uga naczepy ze skr\u0119tem hydraulicznym osi lub wielokrotnie rozci\u0105ganej mo\u017ce by\u0107 do\u015b\u0107 skomplikowana. Dlatego nasi do\u015bwiadczeni szkoleniowcy s\u0105 w stanie przeprowadzi\u0107 pe\u0142ny instrukta\u017c Pa\u0144stwa kierowc\u00f3w. Ponadto mo\u017cemy dostarczy\u0107 instrukcje i ksi\u0105\u017cki obs\u0142ugi dotycz\u0105ce cz\u0119\u015bci zamiennych do naczep w r\u00f3\u017cnych j\u0119zykach.[\/vc_column_text][\/vc_column][vc_column width=&#8221;1\/2&#8243;][vc_single_image image=&#8221;1824395&#8243; img_size=&#8221;large&#8221; alignment=&#8221;right&#8221; onclick=&#8221;link_image&#8221; css_animation=&#8221;fadeInRight&#8221;][\/vc_column][\/vc_row][vc_row][vc_column][vc_separator color=&#8221;custom&#8221;][\/vc_column][\/vc_row][vc_row][vc_column width=&#8221;1\/2&#8243;][vc_single_image image=&#8221;1824433&#8243; img_size=&#8221;large&#8221; onclick=&#8221;link_image&#8221; css_animation=&#8221;fadeInLeft&#8221;][\/vc_column][vc_column width=&#8221;1\/2&#8243;][vc_column_text]<\/p>\n<h2><strong>Demonstracja<\/strong><\/h2>\n<p>Wszystkie u\u017cywane naczepy oferowane przez Nooteboom znajduj\u0105 si\u0119 na stocku. Ka\u017cda naczepa mo\u017ce zosta\u0107 w pe\u0142ni zaprezentowana na placu demonstracyjnym Nooteboom, dzi\u0119ki czemu mo\u017cecie Pa\u0144stwo pozna\u0107 jej funkcjonalno\u015b\u0107 i stan. Wraz z raportem z inspekcji wiecie dok\u0142adnie, czego mo\u017cecie si\u0119 spodziewa\u0107, wi\u0119c nie b\u0119dziecie potem zaskoczeni. To sprawia, \u017ce Nooteboom jest solidnym i niezawodnym partnerem jako dostawca u\u017cywanych pojazd\u00f3w.[\/vc_column_text][\/vc_column][\/vc_row][vc_row][vc_column][vc_separator color=&#8221;custom&#8221;][\/vc_column][\/vc_row][vc_row][vc_column width=&#8221;1\/4&#8243;]<div class=\"vc_teaser\">\n\n\t\n\t\t<div onclick=\"window.location.href='https:\/\/www.nooteboom.com\/pl\/stock\/naczepy-uzywane\/';\" class=\"vc_teaser__inner clickable\">\n\n\t\t\t\t\t\t\t<figure>\n\t\t\t\t\t<img\n\t\t\t\t\t\t\tsrc=\"https:\/\/www.nooteboom.com\/wp-content\/uploads\/used-trailer-500x333.png\"\n\t\t\t\t\t\t\talt=\"O Nooteboom Used Trailer Center\"\n\t\t\t\t\t\t\t\t\t\t\t\t\tsrcset=\"https:\/\/www.nooteboom.com\/wp-content\/uploads\/used-trailer-300x199.png 300w,https:\/\/www.nooteboom.com\/wp-content\/uploads\/used-trailer-768x511.png 768w,https:\/\/www.nooteboom.com\/wp-content\/uploads\/used-trailer-1024x681.png 1024w\"\n\t\t\t\t\t\t\tsizes=\"(max-width: 500px) 100vw, 500px\"\n\t\t\t\t\t\t\t\t\t\t\t>\n\t\t\t\t<\/figure>\n\t\t\t\n\t\t\t\t\t\t\t<a href=\"https:\/\/www.nooteboom.com\/pl\/stock\/naczepy-uzywane\/\" target=\"\"\n\t\t\t\t   title=\"Naczepy u\u017cywane\" class=\"button red\">\n\t\t\t\t\tNaczepy u\u017cywane\t\t\t\t\t<span class=\"fa fa-chevron-right\"><\/span>\n\t\t\t\t<\/a>\n\t\t\t\n\t\t<\/div>\n\n\t\n<\/div>[\/vc_column][vc_column width=&#8221;1\/4&#8243;]<div class=\"vc_teaser\">\n\n\t\n\t\t<div onclick=\"window.location.href='https:\/\/www.nooteboom.com\/pl\/kupimy-twoja-naczepe\/';\" class=\"vc_teaser__inner clickable\">\n\n\t\t\t\t\t\t\t<figure>\n\t\t\t\t\t<img\n\t\t\t\t\t\t\tsrc=\"https:\/\/www.nooteboom.com\/wp-content\/uploads\/13798-500x333.jpg\"\n\t\t\t\t\t\t\talt=\"O Nooteboom Used Trailer Center\"\n\t\t\t\t\t\t\t\t\t\t\t\t\tsrcset=\"https:\/\/www.nooteboom.com\/wp-content\/uploads\/13798-300x199.jpg 300w,https:\/\/www.nooteboom.com\/wp-content\/uploads\/13798-768x511.jpg 768w,https:\/\/www.nooteboom.com\/wp-content\/uploads\/13798-1024x681.jpg 1024w\"\n\t\t\t\t\t\t\tsizes=\"(max-width: 500px) 100vw, 500px\"\n\t\t\t\t\t\t\t\t\t\t\t>\n\t\t\t\t<\/figure>\n\t\t\t\n\t\t\t\t\t\t\t<a href=\"https:\/\/www.nooteboom.com\/pl\/kupimy-twoja-naczepe\/\" target=\"\"\n\t\t\t\t   title=\"Kupimy Twoj\u0105 naczep\u0119\" class=\"button red\">\n\t\t\t\t\tKupimy Twoj\u0105 naczep\u0119\t\t\t\t\t<span class=\"fa fa-chevron-right\"><\/span>\n\t\t\t\t<\/a>\n\t\t\t\n\t\t<\/div>\n\n\t\n<\/div>[\/vc_column][vc_column width=&#8221;1\/2&#8243;]<div class=\"vc_contact\">\n\n\t\t\t<h3>Skontaktuj si\u0119 z nami<\/h3>\n\t\n\t<p>Prosimy o kontakt z naszym zespo\u0142em w sprawie wszystkich pyta\u0144 dotycz\u0105cych u\u017cywanych pojazd\u00f3w i innych powi\u0105zanych us\u0142ug.<\/p>\n<p><span style=\"color: #ededed;\">|<br \/>\n<span style=\"font-size: 22pt;\">|<\/span><br \/>\n<\/span><\/p>\n\n\t\t\t<a target=\"\" href=\"https:\/\/www.nooteboom.com\/pl\/kontakt\/contacts\/?team_department=Trailer+Sales&team_country=Netherlands&hilite=covers#13399\" class=\"button\">\n\t\t\tNooteboom Used Trailer Center Team\t\t\t<span class=\"fa fa-chevron-right\"><\/span>\n\t\t<\/a>\n\t\n<\/div>[\/vc_column][\/vc_row]<\/p>\n<\/div>","protected":false},"excerpt":{"rendered":"Ka\u017cdy, kto kupuje now\u0105 naczep\u0119 od Nooteboom, mo\u017ce zaoferowa\u0107 sw\u00f3j u\u017cywany pojazd w rozliczeniu. Przedmiotem rozliczenia mo\u017ce by\u0107 ka\u017cda marka &#8211; o ile jest to pojazd do ponadnormatywnego transportu. Naczepy produkowane przez Nooteboom lub inne znane marki s\u0105 wystawione na sprzeda\u017c na naszej stronie internetowej www.nooteboom.com i mo\u017cna je ogl\u0105da\u0107 w Wijchen w Holandii. ","protected":false},"author":45,"featured_media":6953,"parent":0,"menu_order":0,"comment_status":"closed","ping_status":"closed","template":"","meta":{"_acf_changed":false,"inline_featured_image":false,"footnotes":""},"class_list":["post-9881","page","type-page","status-publish","has-post-thumbnail","hentry"],"acf":[],"yoast_head":"<!-- This site is optimized with the Yoast SEO Premium plugin v25.7.1 (Yoast SEO v25.7) - https:\/\/yoast.com\/wordpress\/plugins\/seo\/ -->\n<title>O Nooteboom Used Trailer Center | Nooteboom Trailers<\/title>\n<meta name=\"description\" content=\"Ka\u017cdy, kto kupuje now\u0105 naczep\u0119 od Nooteboom, mo\u017ce zaoferowa\u0107 sw\u00f3j u\u017cywany pojazd w rozliczeniu. Przedmiotem rozliczenia mo\u017ce by\u0107 ka\u017cda marka - o ile jest to pojazd do ponadnormatywnego transportu. Naczepy produkowane przez Nooteboom lub inne znane marki s\u0105 wystawione na sprzeda\u017c na naszej stronie internetowej www.nooteboom.com i mo\u017cna je ogl\u0105da\u0107 w Wijchen w Holandii.\" \/>\n<meta name=\"robots\" content=\"index, follow, max-snippet:-1, max-image-preview:large, max-video-preview:-1\" \/>\n<link rel=\"canonical\" href=\"https:\/\/www.nooteboom.com\/pl\/o-nooteboom-used-trailer-center\/\" \/>\n<meta property=\"og:locale\" content=\"pl_PL\" \/>\n<meta property=\"og:type\" content=\"article\" \/>\n<meta property=\"og:title\" content=\"O Nooteboom Used Trailer Center\" \/>\n<meta property=\"og:description\" content=\"Ka\u017cdy, kto kupuje now\u0105 naczep\u0119 od Nooteboom, mo\u017ce zaoferowa\u0107 sw\u00f3j u\u017cywany pojazd w rozliczeniu. Przedmiotem rozliczenia mo\u017ce by\u0107 ka\u017cda marka - o ile jest to pojazd do ponadnormatywnego transportu. Naczepy produkowane przez Nooteboom lub inne znane marki s\u0105 wystawione na sprzeda\u017c na naszej stronie internetowej www.nooteboom.com i mo\u017cna je ogl\u0105da\u0107 w Wijchen w Holandii.\" \/>\n<meta property=\"og:url\" content=\"https:\/\/www.nooteboom.com\/pl\/o-nooteboom-used-trailer-center\/\" \/>\n<meta property=\"og:site_name\" content=\"Nooteboom Trailers\" \/>\n<meta property=\"article:publisher\" content=\"https:\/\/nl-nl.facebook.com\/nooteboomtrailers\/\" \/>\n<meta property=\"article:modified_time\" content=\"2023-02-08T09:27:51+00:00\" \/>\n<meta property=\"og:image\" content=\"https:\/\/www.nooteboom.com\/wp-content\/uploads\/DJI_0016.jpg\" \/>\n\t<meta property=\"og:image:width\" content=\"2500\" \/>\n\t<meta property=\"og:image:height\" content=\"780\" \/>\n\t<meta property=\"og:image:type\" content=\"image\/jpeg\" \/>\n<meta name=\"twitter:card\" content=\"summary_large_image\" \/>\n<meta name=\"twitter:label1\" content=\"Szacowany czas czytania\" \/>\n\t<meta name=\"twitter:data1\" content=\"6 minut\" \/>\n<script type=\"application\/ld+json\" class=\"yoast-schema-graph\">{\"@context\":\"https:\/\/schema.org\",\"@graph\":[{\"@type\":\"WebPage\",\"@id\":\"https:\/\/www.nooteboom.com\/pl\/o-nooteboom-used-trailer-center\/\",\"url\":\"https:\/\/www.nooteboom.com\/pl\/o-nooteboom-used-trailer-center\/\",\"name\":\"O Nooteboom Used Trailer Center | Nooteboom Trailers\",\"isPartOf\":{\"@id\":\"https:\/\/www.nooteboom.com\/pl\/#website\"},\"primaryImageOfPage\":{\"@id\":\"https:\/\/www.nooteboom.com\/pl\/o-nooteboom-used-trailer-center\/#primaryimage\"},\"image\":{\"@id\":\"https:\/\/www.nooteboom.com\/pl\/o-nooteboom-used-trailer-center\/#primaryimage\"},\"thumbnailUrl\":\"https:\/\/www.nooteboom.com\/wp-content\/uploads\/DJI_0016.jpg\",\"datePublished\":\"2016-08-03T12:06:17+00:00\",\"dateModified\":\"2023-02-08T09:27:51+00:00\",\"description\":\"Ka\u017cdy, kto kupuje now\u0105 naczep\u0119 od Nooteboom, mo\u017ce zaoferowa\u0107 sw\u00f3j u\u017cywany pojazd w rozliczeniu. Przedmiotem rozliczenia mo\u017ce by\u0107 ka\u017cda marka - o ile jest to pojazd do ponadnormatywnego transportu. Naczepy produkowane przez Nooteboom lub inne znane marki s\u0105 wystawione na sprzeda\u017c na naszej stronie internetowej www.nooteboom.com i mo\u017cna je ogl\u0105da\u0107 w Wijchen w Holandii.\",\"breadcrumb\":{\"@id\":\"https:\/\/www.nooteboom.com\/pl\/o-nooteboom-used-trailer-center\/#breadcrumb\"},\"inLanguage\":\"pl-PL\",\"potentialAction\":[{\"@type\":\"ReadAction\",\"target\":[\"https:\/\/www.nooteboom.com\/pl\/o-nooteboom-used-trailer-center\/\"]}]},{\"@type\":\"ImageObject\",\"inLanguage\":\"pl-PL\",\"@id\":\"https:\/\/www.nooteboom.com\/pl\/o-nooteboom-used-trailer-center\/#primaryimage\",\"url\":\"https:\/\/www.nooteboom.com\/wp-content\/uploads\/DJI_0016.jpg\",\"contentUrl\":\"https:\/\/www.nooteboom.com\/wp-content\/uploads\/DJI_0016.jpg\",\"width\":2500,\"height\":780},{\"@type\":\"BreadcrumbList\",\"@id\":\"https:\/\/www.nooteboom.com\/pl\/o-nooteboom-used-trailer-center\/#breadcrumb\",\"itemListElement\":[{\"@type\":\"ListItem\",\"position\":1,\"name\":\"Home\",\"item\":\"https:\/\/www.nooteboom.com\/pl\/\"},{\"@type\":\"ListItem\",\"position\":2,\"name\":\"O Nooteboom Used Trailer Center\"}]},{\"@type\":\"WebSite\",\"@id\":\"https:\/\/www.nooteboom.com\/pl\/#website\",\"url\":\"https:\/\/www.nooteboom.com\/pl\/\",\"name\":\"Nooteboom Trailers\",\"description\":\"Gets you there.\",\"publisher\":{\"@id\":\"https:\/\/www.nooteboom.com\/pl\/#organization\"},\"potentialAction\":[{\"@type\":\"SearchAction\",\"target\":{\"@type\":\"EntryPoint\",\"urlTemplate\":\"https:\/\/www.nooteboom.com\/pl\/?s={search_term_string}\"},\"query-input\":{\"@type\":\"PropertyValueSpecification\",\"valueRequired\":true,\"valueName\":\"search_term_string\"}}],\"inLanguage\":\"pl-PL\"},{\"@type\":\"Organization\",\"@id\":\"https:\/\/www.nooteboom.com\/pl\/#organization\",\"name\":\"Nooteboom Trailers\",\"url\":\"https:\/\/www.nooteboom.com\/pl\/\",\"logo\":{\"@type\":\"ImageObject\",\"inLanguage\":\"pl-PL\",\"@id\":\"https:\/\/www.nooteboom.com\/pl\/#\/schema\/logo\/image\/\",\"url\":\"https:\/\/www.nooteboom.com\/wp-content\/uploads\/logo.png\",\"contentUrl\":\"https:\/\/www.nooteboom.com\/wp-content\/uploads\/logo.png\",\"width\":111,\"height\":66,\"caption\":\"Nooteboom Trailers\"},\"image\":{\"@id\":\"https:\/\/www.nooteboom.com\/pl\/#\/schema\/logo\/image\/\"},\"sameAs\":[\"https:\/\/nl-nl.facebook.com\/nooteboomtrailers\/\",\"https:\/\/nl.linkedin.com\/company\/nooteboom-trailers\",\"https:\/\/www.youtube.com\/user\/Nooteboomtrailers\"]}]}<\/script>\n<!-- \/ Yoast SEO Premium plugin. -->","yoast_head_json":{"title":"O Nooteboom Used Trailer Center | Nooteboom Trailers","description":"Ka\u017cdy, kto kupuje now\u0105 naczep\u0119 od Nooteboom, mo\u017ce zaoferowa\u0107 sw\u00f3j u\u017cywany pojazd w rozliczeniu. Przedmiotem rozliczenia mo\u017ce by\u0107 ka\u017cda marka - o ile jest to pojazd do ponadnormatywnego transportu. Naczepy produkowane przez Nooteboom lub inne znane marki s\u0105 wystawione na sprzeda\u017c na naszej stronie internetowej www.nooteboom.com i mo\u017cna je ogl\u0105da\u0107 w Wijchen w Holandii.","robots":{"index":"index","follow":"follow","max-snippet":"max-snippet:-1","max-image-preview":"max-image-preview:large","max-video-preview":"max-video-preview:-1"},"canonical":"https:\/\/www.nooteboom.com\/pl\/o-nooteboom-used-trailer-center\/","og_locale":"pl_PL","og_type":"article","og_title":"O Nooteboom Used Trailer Center","og_description":"Ka\u017cdy, kto kupuje now\u0105 naczep\u0119 od Nooteboom, mo\u017ce zaoferowa\u0107 sw\u00f3j u\u017cywany pojazd w rozliczeniu. Przedmiotem rozliczenia mo\u017ce by\u0107 ka\u017cda marka - o ile jest to pojazd do ponadnormatywnego transportu. Naczepy produkowane przez Nooteboom lub inne znane marki s\u0105 wystawione na sprzeda\u017c na naszej stronie internetowej www.nooteboom.com i mo\u017cna je ogl\u0105da\u0107 w Wijchen w Holandii.","og_url":"https:\/\/www.nooteboom.com\/pl\/o-nooteboom-used-trailer-center\/","og_site_name":"Nooteboom Trailers","article_publisher":"https:\/\/nl-nl.facebook.com\/nooteboomtrailers\/","article_modified_time":"2023-02-08T09:27:51+00:00","og_image":[{"width":2500,"height":780,"url":"https:\/\/www.nooteboom.com\/wp-content\/uploads\/DJI_0016.jpg","type":"image\/jpeg"}],"twitter_card":"summary_large_image","twitter_misc":{"Szacowany czas czytania":"6 minut"},"schema":{"@context":"https:\/\/schema.org","@graph":[{"@type":"WebPage","@id":"https:\/\/www.nooteboom.com\/pl\/o-nooteboom-used-trailer-center\/","url":"https:\/\/www.nooteboom.com\/pl\/o-nooteboom-used-trailer-center\/","name":"O Nooteboom Used Trailer Center | Nooteboom Trailers","isPartOf":{"@id":"https:\/\/www.nooteboom.com\/pl\/#website"},"primaryImageOfPage":{"@id":"https:\/\/www.nooteboom.com\/pl\/o-nooteboom-used-trailer-center\/#primaryimage"},"image":{"@id":"https:\/\/www.nooteboom.com\/pl\/o-nooteboom-used-trailer-center\/#primaryimage"},"thumbnailUrl":"https:\/\/www.nooteboom.com\/wp-content\/uploads\/DJI_0016.jpg","datePublished":"2016-08-03T12:06:17+00:00","dateModified":"2023-02-08T09:27:51+00:00","description":"Ka\u017cdy, kto kupuje now\u0105 naczep\u0119 od Nooteboom, mo\u017ce zaoferowa\u0107 sw\u00f3j u\u017cywany pojazd w rozliczeniu. Przedmiotem rozliczenia mo\u017ce by\u0107 ka\u017cda marka - o ile jest to pojazd do ponadnormatywnego transportu. Naczepy produkowane przez Nooteboom lub inne znane marki s\u0105 wystawione na sprzeda\u017c na naszej stronie internetowej www.nooteboom.com i mo\u017cna je ogl\u0105da\u0107 w Wijchen w Holandii.","breadcrumb":{"@id":"https:\/\/www.nooteboom.com\/pl\/o-nooteboom-used-trailer-center\/#breadcrumb"},"inLanguage":"pl-PL","potentialAction":[{"@type":"ReadAction","target":["https:\/\/www.nooteboom.com\/pl\/o-nooteboom-used-trailer-center\/"]}]},{"@type":"ImageObject","inLanguage":"pl-PL","@id":"https:\/\/www.nooteboom.com\/pl\/o-nooteboom-used-trailer-center\/#primaryimage","url":"https:\/\/www.nooteboom.com\/wp-content\/uploads\/DJI_0016.jpg","contentUrl":"https:\/\/www.nooteboom.com\/wp-content\/uploads\/DJI_0016.jpg","width":2500,"height":780},{"@type":"BreadcrumbList","@id":"https:\/\/www.nooteboom.com\/pl\/o-nooteboom-used-trailer-center\/#breadcrumb","itemListElement":[{"@type":"ListItem","position":1,"name":"Home","item":"https:\/\/www.nooteboom.com\/pl\/"},{"@type":"ListItem","position":2,"name":"O Nooteboom Used Trailer Center"}]},{"@type":"WebSite","@id":"https:\/\/www.nooteboom.com\/pl\/#website","url":"https:\/\/www.nooteboom.com\/pl\/","name":"Nooteboom Trailers","description":"Gets you there.","publisher":{"@id":"https:\/\/www.nooteboom.com\/pl\/#organization"},"potentialAction":[{"@type":"SearchAction","target":{"@type":"EntryPoint","urlTemplate":"https:\/\/www.nooteboom.com\/pl\/?s={search_term_string}"},"query-input":{"@type":"PropertyValueSpecification","valueRequired":true,"valueName":"search_term_string"}}],"inLanguage":"pl-PL"},{"@type":"Organization","@id":"https:\/\/www.nooteboom.com\/pl\/#organization","name":"Nooteboom Trailers","url":"https:\/\/www.nooteboom.com\/pl\/","logo":{"@type":"ImageObject","inLanguage":"pl-PL","@id":"https:\/\/www.nooteboom.com\/pl\/#\/schema\/logo\/image\/","url":"https:\/\/www.nooteboom.com\/wp-content\/uploads\/logo.png","contentUrl":"https:\/\/www.nooteboom.com\/wp-content\/uploads\/logo.png","width":111,"height":66,"caption":"Nooteboom Trailers"},"image":{"@id":"https:\/\/www.nooteboom.com\/pl\/#\/schema\/logo\/image\/"},"sameAs":["https:\/\/nl-nl.facebook.com\/nooteboomtrailers\/","https:\/\/nl.linkedin.com\/company\/nooteboom-trailers","https:\/\/www.youtube.com\/user\/Nooteboomtrailers"]}]}},"_links":{"self":[{"href":"https:\/\/www.nooteboom.com\/pl\/wp-json\/wp\/v2\/pages\/9881","targetHints":{"allow":["GET"]}}],"collection":[{"href":"https:\/\/www.nooteboom.com\/pl\/wp-json\/wp\/v2\/pages"}],"about":[{"href":"https:\/\/www.nooteboom.com\/pl\/wp-json\/wp\/v2\/types\/page"}],"author":[{"embeddable":true,"href":"https:\/\/www.nooteboom.com\/pl\/wp-json\/wp\/v2\/users\/45"}],"replies":[{"embeddable":true,"href":"https:\/\/www.nooteboom.com\/pl\/wp-json\/wp\/v2\/comments?post=9881"}],"version-history":[{"count":12,"href":"https:\/\/www.nooteboom.com\/pl\/wp-json\/wp\/v2\/pages\/9881\/revisions"}],"predecessor-version":[{"id":1984626,"href":"https:\/\/www.nooteboom.com\/pl\/wp-json\/wp\/v2\/pages\/9881\/revisions\/1984626"}],"wp:featuredmedia":[{"embeddable":true,"href":"https:\/\/www.nooteboom.com\/pl\/wp-json\/wp\/v2\/media\/6953"}],"wp:attachment":[{"href":"https:\/\/www.nooteboom.com\/pl\/wp-json\/wp\/v2\/media?parent=9881"}],"curies":[{"name":"wp","href":"https:\/\/api.w.org\/{rel}","templated":true}]}}