{"id":2008246,"date":"2023-05-02T12:17:44","date_gmt":"2023-05-02T10:17:44","guid":{"rendered":"https:\/\/www.nooteboom.com\/nooteboom-mwt-mega-windmill-transporter-instrukcje-wideo\/"},"modified":"2024-02-05T14:32:01","modified_gmt":"2024-02-05T13:32:01","slug":"nooteboom-mwt-mega-windmill-transporter-instrukcje-wideo","status":"publish","type":"page","link":"https:\/\/www.nooteboom.com\/pl\/nooteboom-mwt-mega-windmill-transporter-instrukcje-wideo\/","title":{"rendered":"Nooteboom MWT Mega Windmill Transporter Instrukcje wideo"},"content":{"rendered":"<div class=\"wpb-content-wrapper\"><p>[vc_row][vc_column width=&#8221;1\/2&#8243;][vc_column_text]To wideo instrukta\u017cowe s\u0142u\u017cy jedynie jako dodatek do instrukcji obs\u0142ugi. Instrukcja obs\u0142ugi dostarczona wraz z pojazdem prowadzi w obs\u0142udze pojazdu.<\/p>\n<p>Obs\u0142uga MWT Mega Windmill Transporter zale\u017cy od wybranej wersji i typu. Ca\u0142e wideo instrukta\u017cowe jest podzielone na oddzielne wideo instrukta\u017cowe, pokazuj\u0105ce krok po kroku jak obs\u0142ugiwa\u0107 MWT Mega Windmill Transporter.<\/p>\n<p>Aby obs\u0142u\u017cy\u0107 MWT Mega Windmill Transporter, wszystkie w\u0119\u017ce i kable do powietrza, elektryczno\u015bci oraz ewentualnie hydrauliki w przypadku PTO musz\u0105 by\u0107 pod\u0142\u0105czone mi\u0119dzy ci\u0105gnikiem a naczep\u0105.[\/vc_column_text][\/vc_column][vc_column width=&#8221;1\/2&#8243;][vc_video link=&#8221;https:\/\/youtu.be\/n4Y1BxCS4RY&#8221; align=&#8221;center&#8221; css_animation=&#8221;fadeIn&#8221;][vc_column_text]Jak zamocowa\u0107 MWT-XL do sekcji wie\u017cy[\/vc_column_text][vc_empty_space height=&#8221;20px&#8221;][vc_video link=&#8221;https:\/\/youtu.be\/QFKzLoDEljA&#8221; align=&#8221;center&#8221; css_animation=&#8221;fadeIn&#8221;][vc_column_text]Jak dostosowa\u0107 kierowanie MWT-XL[\/vc_column_text][\/vc_column][\/vc_row][vc_row][vc_column][vc_empty_space height=&#8221;20px&#8221;][\/vc_column][\/vc_row]<\/p>\n<\/div>","protected":false},"excerpt":{"rendered":"To wideo instrukta\u017cowe s\u0142u\u017cy jedynie jako dodatek do instrukcji obs\u0142ugi. Instrukcja obs\u0142ugi dostarczona wraz z pojazdem prowadzi w obs\u0142udze pojazdu. Obs\u0142uga MWT Mega Windmill Transporter zale\u017cy od wybranej wersji i typu.","protected":false},"author":45,"featured_media":0,"parent":0,"menu_order":0,"comment_status":"closed","ping_status":"closed","template":"","meta":{"_acf_changed":false,"inline_featured_image":false,"footnotes":""},"class_list":["post-2008246","page","type-page","status-publish","hentry"],"acf":[],"yoast_head":"<!-- This site is optimized with the Yoast SEO Premium plugin v25.7.1 (Yoast SEO v25.7) - https:\/\/yoast.com\/wordpress\/plugins\/seo\/ -->\n<title>Nooteboom MWT Mega Windmill Transporter Instrukcje wideo | Nooteboom Trailers<\/title>\n<meta name=\"description\" content=\"Ca\u0142e wideo instrukta\u017cowe jest podzielone na oddzielne wideo instrukta\u017cowe, pokazuj\u0105ce krok po kroku jak obs\u0142ugiwa\u0107 MWT Mega Windmill Transporter.\" \/>\n<meta name=\"robots\" content=\"index, follow, max-snippet:-1, max-image-preview:large, max-video-preview:-1\" \/>\n<link rel=\"canonical\" href=\"https:\/\/www.nooteboom.com\/pl\/nooteboom-mwt-mega-windmill-transporter-instrukcje-wideo\/\" \/>\n<meta property=\"og:locale\" content=\"pl_PL\" \/>\n<meta property=\"og:type\" content=\"article\" \/>\n<meta property=\"og:title\" content=\"Nooteboom MWT Mega Windmill Transporter Instrukcje wideo\" \/>\n<meta property=\"og:description\" content=\"Ca\u0142e wideo instrukta\u017cowe jest podzielone na oddzielne wideo instrukta\u017cowe, pokazuj\u0105ce krok po kroku jak obs\u0142ugiwa\u0107 MWT Mega Windmill Transporter.\" \/>\n<meta property=\"og:url\" content=\"https:\/\/www.nooteboom.com\/pl\/nooteboom-mwt-mega-windmill-transporter-instrukcje-wideo\/\" \/>\n<meta property=\"og:site_name\" content=\"Nooteboom Trailers\" \/>\n<meta property=\"article:publisher\" content=\"https:\/\/nl-nl.facebook.com\/nooteboomtrailers\/\" \/>\n<meta property=\"article:modified_time\" content=\"2024-02-05T13:32:01+00:00\" \/>\n<meta property=\"og:image\" content=\"https:\/\/www.nooteboom.com\/wp-content\/uploads\/splashnooteboom-square-1.jpg\" \/>\n\t<meta property=\"og:image:width\" content=\"757\" \/>\n\t<meta property=\"og:image:height\" content=\"757\" \/>\n\t<meta property=\"og:image:type\" content=\"image\/jpeg\" \/>\n<meta name=\"twitter:card\" content=\"summary_large_image\" \/>\n<meta name=\"twitter:label1\" content=\"Szacowany czas czytania\" \/>\n\t<meta name=\"twitter:data1\" content=\"1 minuta\" \/>\n<script type=\"application\/ld+json\" class=\"yoast-schema-graph\">{\"@context\":\"https:\/\/schema.org\",\"@graph\":[{\"@type\":\"WebPage\",\"@id\":\"https:\/\/www.nooteboom.com\/pl\/nooteboom-mwt-mega-windmill-transporter-instrukcje-wideo\/\",\"url\":\"https:\/\/www.nooteboom.com\/pl\/nooteboom-mwt-mega-windmill-transporter-instrukcje-wideo\/\",\"name\":\"Nooteboom MWT Mega Windmill Transporter Instrukcje wideo | Nooteboom Trailers\",\"isPartOf\":{\"@id\":\"https:\/\/www.nooteboom.com\/pl\/#website\"},\"datePublished\":\"2023-05-02T10:17:44+00:00\",\"dateModified\":\"2024-02-05T13:32:01+00:00\",\"description\":\"Ca\u0142e wideo instrukta\u017cowe jest podzielone na oddzielne wideo instrukta\u017cowe, pokazuj\u0105ce krok po kroku jak obs\u0142ugiwa\u0107 MWT Mega Windmill Transporter.\",\"breadcrumb\":{\"@id\":\"https:\/\/www.nooteboom.com\/pl\/nooteboom-mwt-mega-windmill-transporter-instrukcje-wideo\/#breadcrumb\"},\"inLanguage\":\"pl-PL\",\"potentialAction\":[{\"@type\":\"ReadAction\",\"target\":[\"https:\/\/www.nooteboom.com\/pl\/nooteboom-mwt-mega-windmill-transporter-instrukcje-wideo\/\"]}]},{\"@type\":\"BreadcrumbList\",\"@id\":\"https:\/\/www.nooteboom.com\/pl\/nooteboom-mwt-mega-windmill-transporter-instrukcje-wideo\/#breadcrumb\",\"itemListElement\":[{\"@type\":\"ListItem\",\"position\":1,\"name\":\"Home\",\"item\":\"https:\/\/www.nooteboom.com\/pl\/\"},{\"@type\":\"ListItem\",\"position\":2,\"name\":\"Nooteboom MWT Mega Windmill Transporter Instrukcje wideo\"}]},{\"@type\":\"WebSite\",\"@id\":\"https:\/\/www.nooteboom.com\/pl\/#website\",\"url\":\"https:\/\/www.nooteboom.com\/pl\/\",\"name\":\"Nooteboom Trailers\",\"description\":\"Gets you there.\",\"publisher\":{\"@id\":\"https:\/\/www.nooteboom.com\/pl\/#organization\"},\"potentialAction\":[{\"@type\":\"SearchAction\",\"target\":{\"@type\":\"EntryPoint\",\"urlTemplate\":\"https:\/\/www.nooteboom.com\/pl\/?s={search_term_string}\"},\"query-input\":{\"@type\":\"PropertyValueSpecification\",\"valueRequired\":true,\"valueName\":\"search_term_string\"}}],\"inLanguage\":\"pl-PL\"},{\"@type\":\"Organization\",\"@id\":\"https:\/\/www.nooteboom.com\/pl\/#organization\",\"name\":\"Nooteboom Trailers\",\"url\":\"https:\/\/www.nooteboom.com\/pl\/\",\"logo\":{\"@type\":\"ImageObject\",\"inLanguage\":\"pl-PL\",\"@id\":\"https:\/\/www.nooteboom.com\/pl\/#\/schema\/logo\/image\/\",\"url\":\"https:\/\/www.nooteboom.com\/wp-content\/uploads\/logo.png\",\"contentUrl\":\"https:\/\/www.nooteboom.com\/wp-content\/uploads\/logo.png\",\"width\":111,\"height\":66,\"caption\":\"Nooteboom Trailers\"},\"image\":{\"@id\":\"https:\/\/www.nooteboom.com\/pl\/#\/schema\/logo\/image\/\"},\"sameAs\":[\"https:\/\/nl-nl.facebook.com\/nooteboomtrailers\/\",\"https:\/\/nl.linkedin.com\/company\/nooteboom-trailers\",\"https:\/\/www.youtube.com\/user\/Nooteboomtrailers\"]}]}<\/script>\n<!-- \/ Yoast SEO Premium plugin. -->","yoast_head_json":{"title":"Nooteboom MWT Mega Windmill Transporter Instrukcje wideo | Nooteboom Trailers","description":"Ca\u0142e wideo instrukta\u017cowe jest podzielone na oddzielne wideo instrukta\u017cowe, pokazuj\u0105ce krok po kroku jak obs\u0142ugiwa\u0107 MWT Mega Windmill Transporter.","robots":{"index":"index","follow":"follow","max-snippet":"max-snippet:-1","max-image-preview":"max-image-preview:large","max-video-preview":"max-video-preview:-1"},"canonical":"https:\/\/www.nooteboom.com\/pl\/nooteboom-mwt-mega-windmill-transporter-instrukcje-wideo\/","og_locale":"pl_PL","og_type":"article","og_title":"Nooteboom MWT Mega Windmill Transporter Instrukcje wideo","og_description":"Ca\u0142e wideo instrukta\u017cowe jest podzielone na oddzielne wideo instrukta\u017cowe, pokazuj\u0105ce krok po kroku jak obs\u0142ugiwa\u0107 MWT Mega Windmill Transporter.","og_url":"https:\/\/www.nooteboom.com\/pl\/nooteboom-mwt-mega-windmill-transporter-instrukcje-wideo\/","og_site_name":"Nooteboom Trailers","article_publisher":"https:\/\/nl-nl.facebook.com\/nooteboomtrailers\/","article_modified_time":"2024-02-05T13:32:01+00:00","og_image":[{"width":757,"height":757,"url":"https:\/\/www.nooteboom.com\/wp-content\/uploads\/splashnooteboom-square-1.jpg","type":"image\/jpeg"}],"twitter_card":"summary_large_image","twitter_misc":{"Szacowany czas czytania":"1 minuta"},"schema":{"@context":"https:\/\/schema.org","@graph":[{"@type":"WebPage","@id":"https:\/\/www.nooteboom.com\/pl\/nooteboom-mwt-mega-windmill-transporter-instrukcje-wideo\/","url":"https:\/\/www.nooteboom.com\/pl\/nooteboom-mwt-mega-windmill-transporter-instrukcje-wideo\/","name":"Nooteboom MWT Mega Windmill Transporter Instrukcje wideo | Nooteboom Trailers","isPartOf":{"@id":"https:\/\/www.nooteboom.com\/pl\/#website"},"datePublished":"2023-05-02T10:17:44+00:00","dateModified":"2024-02-05T13:32:01+00:00","description":"Ca\u0142e wideo instrukta\u017cowe jest podzielone na oddzielne wideo instrukta\u017cowe, pokazuj\u0105ce krok po kroku jak obs\u0142ugiwa\u0107 MWT Mega Windmill Transporter.","breadcrumb":{"@id":"https:\/\/www.nooteboom.com\/pl\/nooteboom-mwt-mega-windmill-transporter-instrukcje-wideo\/#breadcrumb"},"inLanguage":"pl-PL","potentialAction":[{"@type":"ReadAction","target":["https:\/\/www.nooteboom.com\/pl\/nooteboom-mwt-mega-windmill-transporter-instrukcje-wideo\/"]}]},{"@type":"BreadcrumbList","@id":"https:\/\/www.nooteboom.com\/pl\/nooteboom-mwt-mega-windmill-transporter-instrukcje-wideo\/#breadcrumb","itemListElement":[{"@type":"ListItem","position":1,"name":"Home","item":"https:\/\/www.nooteboom.com\/pl\/"},{"@type":"ListItem","position":2,"name":"Nooteboom MWT Mega Windmill Transporter Instrukcje wideo"}]},{"@type":"WebSite","@id":"https:\/\/www.nooteboom.com\/pl\/#website","url":"https:\/\/www.nooteboom.com\/pl\/","name":"Nooteboom Trailers","description":"Gets you there.","publisher":{"@id":"https:\/\/www.nooteboom.com\/pl\/#organization"},"potentialAction":[{"@type":"SearchAction","target":{"@type":"EntryPoint","urlTemplate":"https:\/\/www.nooteboom.com\/pl\/?s={search_term_string}"},"query-input":{"@type":"PropertyValueSpecification","valueRequired":true,"valueName":"search_term_string"}}],"inLanguage":"pl-PL"},{"@type":"Organization","@id":"https:\/\/www.nooteboom.com\/pl\/#organization","name":"Nooteboom Trailers","url":"https:\/\/www.nooteboom.com\/pl\/","logo":{"@type":"ImageObject","inLanguage":"pl-PL","@id":"https:\/\/www.nooteboom.com\/pl\/#\/schema\/logo\/image\/","url":"https:\/\/www.nooteboom.com\/wp-content\/uploads\/logo.png","contentUrl":"https:\/\/www.nooteboom.com\/wp-content\/uploads\/logo.png","width":111,"height":66,"caption":"Nooteboom Trailers"},"image":{"@id":"https:\/\/www.nooteboom.com\/pl\/#\/schema\/logo\/image\/"},"sameAs":["https:\/\/nl-nl.facebook.com\/nooteboomtrailers\/","https:\/\/nl.linkedin.com\/company\/nooteboom-trailers","https:\/\/www.youtube.com\/user\/Nooteboomtrailers"]}]}},"_links":{"self":[{"href":"https:\/\/www.nooteboom.com\/pl\/wp-json\/wp\/v2\/pages\/2008246","targetHints":{"allow":["GET"]}}],"collection":[{"href":"https:\/\/www.nooteboom.com\/pl\/wp-json\/wp\/v2\/pages"}],"about":[{"href":"https:\/\/www.nooteboom.com\/pl\/wp-json\/wp\/v2\/types\/page"}],"author":[{"embeddable":true,"href":"https:\/\/www.nooteboom.com\/pl\/wp-json\/wp\/v2\/users\/45"}],"replies":[{"embeddable":true,"href":"https:\/\/www.nooteboom.com\/pl\/wp-json\/wp\/v2\/comments?post=2008246"}],"version-history":[{"count":4,"href":"https:\/\/www.nooteboom.com\/pl\/wp-json\/wp\/v2\/pages\/2008246\/revisions"}],"predecessor-version":[{"id":2008267,"href":"https:\/\/www.nooteboom.com\/pl\/wp-json\/wp\/v2\/pages\/2008246\/revisions\/2008267"}],"wp:attachment":[{"href":"https:\/\/www.nooteboom.com\/pl\/wp-json\/wp\/v2\/media?parent=2008246"}],"curies":[{"name":"wp","href":"https:\/\/api.w.org\/{rel}","templated":true}]}}