{"id":1823382,"date":"2020-06-08T10:58:53","date_gmt":"2020-06-08T08:58:53","guid":{"rendered":"https:\/\/www.nooteboom.com\/nowe-i-uzywane-pojazdy-z-magazynu\/"},"modified":"2020-06-08T11:07:57","modified_gmt":"2020-06-08T09:07:57","slug":"nowe-i-uzywane-pojazdy-z-magazynu","status":"publish","type":"page","link":"https:\/\/www.nooteboom.com\/pl\/nowe-i-uzywane-pojazdy-z-magazynu\/","title":{"rendered":"Nowe i u\u017cywane pojazdy z magazynu"},"content":{"rendered":"<div class=\"wpb-content-wrapper\"><p>[vc_row][vc_column width=&#8221;2\/4&#8243;][vc_column_text]<\/p>\n<h2>Pozw\u00f3l nam pom\u00f3c Ci znale\u017a\u0107 odpowiednie rozwi\u0105zanie transportowe!<\/h2>\n<p>[\/vc_column_text][vc_column_text]W naszym salonie online mo\u017cesz zobaczy\u0107 nasz\u0105 aktualn\u0105 ofert\u0119 nowych i u\u017cywanych pojazd\u00f3w, kt\u00f3re mo\u017cemy dostarczy\u0107 bezpo\u015brednio z magazynu. Dzi\u0119ki temu oferujemy mo\u017cliwo\u015b\u0107 szybkiego reagowania na potrzeby transportowe. Wszystkie pojazdy w naszym cyfrowym salonie s\u0105 zaprezentowane wraz ze szczeg\u00f3\u0142owymi specyfikacjami technicznymi, zdj\u0119ciami i \/ lub filmami wideo. Oczywi\u015bcie zapraszamy do obejrzenia naszego pe\u0142nego asortymentu w Wijchen. Nie mo\u017cesz znale\u017a\u0107 tego, czego szukasz? Skorzystaj z formularza na tej stronie, aby si\u0119 z nami skontaktowa\u0107.[\/vc_column_text][\/vc_column][vc_column width=&#8221;1\/4&#8243;]<div class=\"vc_teaser\">\n\n\t\n\t\t<div onclick=\"window.location.href='https:\/\/www.nooteboom.com\/pl\/stock\/naczepy-nowe\/';\" class=\"vc_teaser__inner clickable\">\n\n\t\t\t\t\t\t\t<figure>\n\t\t\t\t\t<img\n\t\t\t\t\t\t\tsrc=\"https:\/\/www.nooteboom.com\/wp-content\/uploads\/new-trailer-500x333.png\"\n\t\t\t\t\t\t\talt=\"Nowe i u\u017cywane pojazdy z magazynu\"\n\t\t\t\t\t\t\t\t\t\t\t\t\tsrcset=\"https:\/\/www.nooteboom.com\/wp-content\/uploads\/new-trailer-300x199.png 300w,https:\/\/www.nooteboom.com\/wp-content\/uploads\/new-trailer-768x511.png 768w,https:\/\/www.nooteboom.com\/wp-content\/uploads\/new-trailer-1024x681.png 1024w\"\n\t\t\t\t\t\t\tsizes=\"(max-width: 500px) 100vw, 500px\"\n\t\t\t\t\t\t\t\t\t\t\t>\n\t\t\t\t<\/figure>\n\t\t\t\n\t\t\t\t\t\t\t<a href=\"https:\/\/www.nooteboom.com\/pl\/stock\/naczepy-nowe\/\" target=\"\"\n\t\t\t\t   title=\"New trailers\" class=\"button red\">\n\t\t\t\t\tAsortyment naczep nowych\t\t\t\t\t<span class=\"fa fa-chevron-right\"><\/span>\n\t\t\t\t<\/a>\n\t\t\t\n\t\t<\/div>\n\n\t\n<\/div>[\/vc_column][vc_column width=&#8221;1\/4&#8243;]<div class=\"vc_teaser\">\n\n\t\n\t\t<div onclick=\"window.location.href='https:\/\/www.nooteboom.com\/pl\/stock\/naczepy-uzywane\/';\" class=\"vc_teaser__inner clickable\">\n\n\t\t\t\t\t\t\t<figure>\n\t\t\t\t\t<img\n\t\t\t\t\t\t\tsrc=\"https:\/\/www.nooteboom.com\/wp-content\/uploads\/used-trailer-500x333.png\"\n\t\t\t\t\t\t\talt=\"Nowe i u\u017cywane pojazdy z magazynu\"\n\t\t\t\t\t\t\t\t\t\t\t\t\tsrcset=\"https:\/\/www.nooteboom.com\/wp-content\/uploads\/used-trailer-300x199.png 300w,https:\/\/www.nooteboom.com\/wp-content\/uploads\/used-trailer-768x511.png 768w,https:\/\/www.nooteboom.com\/wp-content\/uploads\/used-trailer-1024x681.png 1024w\"\n\t\t\t\t\t\t\tsizes=\"(max-width: 500px) 100vw, 500px\"\n\t\t\t\t\t\t\t\t\t\t\t>\n\t\t\t\t<\/figure>\n\t\t\t\n\t\t\t\t\t\t\t<a href=\"https:\/\/www.nooteboom.com\/pl\/stock\/naczepy-uzywane\/\" target=\"\"\n\t\t\t\t   title=\"Used trailers\" class=\"button red\">\n\t\t\t\t\tAsortyment naczep u\u017cywanych\t\t\t\t\t<span class=\"fa fa-chevron-right\"><\/span>\n\t\t\t\t<\/a>\n\t\t\t\n\t\t<\/div>\n\n\t\n<\/div>[\/vc_column][\/vc_row][vc_row][vc_column][\/vc_column][\/vc_row][vc_row][vc_column][vc_share title=&#8221;Podziel si\u0119 t\u0105 stron\u0105&#8221;][\/vc_column][\/vc_row]<\/p>\n<\/div>","protected":false},"excerpt":{"rendered":"W naszym salonie online mo\u017cesz zobaczy\u0107 nasz\u0105 aktualn\u0105 ofert\u0119 nowych i u\u017cywanych pojazd\u00f3w, kt\u00f3re mo\u017cemy dostarczy\u0107 bezpo\u015brednio z magazynu. Dzi\u0119ki temu oferujemy mo\u017cliwo\u015b\u0107 szybkiego reagowania na potrzeby transportowe. ","protected":false},"author":45,"featured_media":6953,"parent":0,"menu_order":0,"comment_status":"closed","ping_status":"closed","template":"","meta":{"_acf_changed":false,"inline_featured_image":false,"footnotes":""},"class_list":["post-1823382","page","type-page","status-publish","has-post-thumbnail","hentry"],"acf":[],"yoast_head":"<!-- This site is optimized with the Yoast SEO Premium plugin v25.7.1 (Yoast SEO v25.7) - https:\/\/yoast.com\/wordpress\/plugins\/seo\/ -->\n<title>Nowe i u\u017cywane pojazdy z magazynu | Nooteboom Trailers<\/title>\n<meta name=\"description\" content=\"W naszym salonie online mo\u017cesz zobaczy\u0107 nasz\u0105 aktualn\u0105 ofert\u0119 nowych i u\u017cywanych pojazd\u00f3w, kt\u00f3re mo\u017cemy dostarczy\u0107 bezpo\u015brednio z magazynu.\" \/>\n<meta name=\"robots\" content=\"index, follow, max-snippet:-1, max-image-preview:large, max-video-preview:-1\" \/>\n<link rel=\"canonical\" href=\"https:\/\/www.nooteboom.com\/pl\/nowe-i-uzywane-pojazdy-z-magazynu\/\" \/>\n<meta property=\"og:locale\" content=\"pl_PL\" \/>\n<meta property=\"og:type\" content=\"article\" \/>\n<meta property=\"og:title\" content=\"Nowe i u\u017cywane pojazdy z magazynu\" \/>\n<meta property=\"og:description\" content=\"W naszym salonie online mo\u017cesz zobaczy\u0107 nasz\u0105 aktualn\u0105 ofert\u0119 nowych i u\u017cywanych pojazd\u00f3w, kt\u00f3re mo\u017cemy dostarczy\u0107 bezpo\u015brednio z magazynu.\" \/>\n<meta property=\"og:url\" content=\"https:\/\/www.nooteboom.com\/pl\/nowe-i-uzywane-pojazdy-z-magazynu\/\" \/>\n<meta property=\"og:site_name\" content=\"Nooteboom Trailers\" \/>\n<meta property=\"article:publisher\" content=\"https:\/\/nl-nl.facebook.com\/nooteboomtrailers\/\" \/>\n<meta property=\"article:modified_time\" content=\"2020-06-08T09:07:57+00:00\" \/>\n<meta property=\"og:image\" content=\"https:\/\/www.nooteboom.com\/wp-content\/uploads\/DJI_0016.jpg\" \/>\n\t<meta property=\"og:image:width\" content=\"2500\" \/>\n\t<meta property=\"og:image:height\" content=\"780\" \/>\n\t<meta property=\"og:image:type\" content=\"image\/jpeg\" \/>\n<meta name=\"twitter:card\" content=\"summary_large_image\" \/>\n<meta name=\"twitter:label1\" content=\"Szacowany czas czytania\" \/>\n\t<meta name=\"twitter:data1\" content=\"1 minuta\" \/>\n<script type=\"application\/ld+json\" class=\"yoast-schema-graph\">{\"@context\":\"https:\/\/schema.org\",\"@graph\":[{\"@type\":\"WebPage\",\"@id\":\"https:\/\/www.nooteboom.com\/pl\/nowe-i-uzywane-pojazdy-z-magazynu\/\",\"url\":\"https:\/\/www.nooteboom.com\/pl\/nowe-i-uzywane-pojazdy-z-magazynu\/\",\"name\":\"Nowe i u\u017cywane pojazdy z magazynu | Nooteboom Trailers\",\"isPartOf\":{\"@id\":\"https:\/\/www.nooteboom.com\/pl\/#website\"},\"primaryImageOfPage\":{\"@id\":\"https:\/\/www.nooteboom.com\/pl\/nowe-i-uzywane-pojazdy-z-magazynu\/#primaryimage\"},\"image\":{\"@id\":\"https:\/\/www.nooteboom.com\/pl\/nowe-i-uzywane-pojazdy-z-magazynu\/#primaryimage\"},\"thumbnailUrl\":\"https:\/\/www.nooteboom.com\/wp-content\/uploads\/DJI_0016.jpg\",\"datePublished\":\"2020-06-08T08:58:53+00:00\",\"dateModified\":\"2020-06-08T09:07:57+00:00\",\"description\":\"W naszym salonie online mo\u017cesz zobaczy\u0107 nasz\u0105 aktualn\u0105 ofert\u0119 nowych i u\u017cywanych pojazd\u00f3w, kt\u00f3re mo\u017cemy dostarczy\u0107 bezpo\u015brednio z magazynu.\",\"breadcrumb\":{\"@id\":\"https:\/\/www.nooteboom.com\/pl\/nowe-i-uzywane-pojazdy-z-magazynu\/#breadcrumb\"},\"inLanguage\":\"pl-PL\",\"potentialAction\":[{\"@type\":\"ReadAction\",\"target\":[\"https:\/\/www.nooteboom.com\/pl\/nowe-i-uzywane-pojazdy-z-magazynu\/\"]}]},{\"@type\":\"ImageObject\",\"inLanguage\":\"pl-PL\",\"@id\":\"https:\/\/www.nooteboom.com\/pl\/nowe-i-uzywane-pojazdy-z-magazynu\/#primaryimage\",\"url\":\"https:\/\/www.nooteboom.com\/wp-content\/uploads\/DJI_0016.jpg\",\"contentUrl\":\"https:\/\/www.nooteboom.com\/wp-content\/uploads\/DJI_0016.jpg\",\"width\":2500,\"height\":780},{\"@type\":\"BreadcrumbList\",\"@id\":\"https:\/\/www.nooteboom.com\/pl\/nowe-i-uzywane-pojazdy-z-magazynu\/#breadcrumb\",\"itemListElement\":[{\"@type\":\"ListItem\",\"position\":1,\"name\":\"Home\",\"item\":\"https:\/\/www.nooteboom.com\/pl\/\"},{\"@type\":\"ListItem\",\"position\":2,\"name\":\"Nowe i u\u017cywane pojazdy z magazynu\"}]},{\"@type\":\"WebSite\",\"@id\":\"https:\/\/www.nooteboom.com\/pl\/#website\",\"url\":\"https:\/\/www.nooteboom.com\/pl\/\",\"name\":\"Nooteboom Trailers\",\"description\":\"Gets you there.\",\"publisher\":{\"@id\":\"https:\/\/www.nooteboom.com\/pl\/#organization\"},\"potentialAction\":[{\"@type\":\"SearchAction\",\"target\":{\"@type\":\"EntryPoint\",\"urlTemplate\":\"https:\/\/www.nooteboom.com\/pl\/?s={search_term_string}\"},\"query-input\":{\"@type\":\"PropertyValueSpecification\",\"valueRequired\":true,\"valueName\":\"search_term_string\"}}],\"inLanguage\":\"pl-PL\"},{\"@type\":\"Organization\",\"@id\":\"https:\/\/www.nooteboom.com\/pl\/#organization\",\"name\":\"Nooteboom Trailers\",\"url\":\"https:\/\/www.nooteboom.com\/pl\/\",\"logo\":{\"@type\":\"ImageObject\",\"inLanguage\":\"pl-PL\",\"@id\":\"https:\/\/www.nooteboom.com\/pl\/#\/schema\/logo\/image\/\",\"url\":\"https:\/\/www.nooteboom.com\/wp-content\/uploads\/logo.png\",\"contentUrl\":\"https:\/\/www.nooteboom.com\/wp-content\/uploads\/logo.png\",\"width\":111,\"height\":66,\"caption\":\"Nooteboom Trailers\"},\"image\":{\"@id\":\"https:\/\/www.nooteboom.com\/pl\/#\/schema\/logo\/image\/\"},\"sameAs\":[\"https:\/\/nl-nl.facebook.com\/nooteboomtrailers\/\",\"https:\/\/nl.linkedin.com\/company\/nooteboom-trailers\",\"https:\/\/www.youtube.com\/user\/Nooteboomtrailers\"]}]}<\/script>\n<!-- \/ Yoast SEO Premium plugin. -->","yoast_head_json":{"title":"Nowe i u\u017cywane pojazdy z magazynu | Nooteboom Trailers","description":"W naszym salonie online mo\u017cesz zobaczy\u0107 nasz\u0105 aktualn\u0105 ofert\u0119 nowych i u\u017cywanych pojazd\u00f3w, kt\u00f3re mo\u017cemy dostarczy\u0107 bezpo\u015brednio z magazynu.","robots":{"index":"index","follow":"follow","max-snippet":"max-snippet:-1","max-image-preview":"max-image-preview:large","max-video-preview":"max-video-preview:-1"},"canonical":"https:\/\/www.nooteboom.com\/pl\/nowe-i-uzywane-pojazdy-z-magazynu\/","og_locale":"pl_PL","og_type":"article","og_title":"Nowe i u\u017cywane pojazdy z magazynu","og_description":"W naszym salonie online mo\u017cesz zobaczy\u0107 nasz\u0105 aktualn\u0105 ofert\u0119 nowych i u\u017cywanych pojazd\u00f3w, kt\u00f3re mo\u017cemy dostarczy\u0107 bezpo\u015brednio z magazynu.","og_url":"https:\/\/www.nooteboom.com\/pl\/nowe-i-uzywane-pojazdy-z-magazynu\/","og_site_name":"Nooteboom Trailers","article_publisher":"https:\/\/nl-nl.facebook.com\/nooteboomtrailers\/","article_modified_time":"2020-06-08T09:07:57+00:00","og_image":[{"width":2500,"height":780,"url":"https:\/\/www.nooteboom.com\/wp-content\/uploads\/DJI_0016.jpg","type":"image\/jpeg"}],"twitter_card":"summary_large_image","twitter_misc":{"Szacowany czas czytania":"1 minuta"},"schema":{"@context":"https:\/\/schema.org","@graph":[{"@type":"WebPage","@id":"https:\/\/www.nooteboom.com\/pl\/nowe-i-uzywane-pojazdy-z-magazynu\/","url":"https:\/\/www.nooteboom.com\/pl\/nowe-i-uzywane-pojazdy-z-magazynu\/","name":"Nowe i u\u017cywane pojazdy z magazynu | Nooteboom Trailers","isPartOf":{"@id":"https:\/\/www.nooteboom.com\/pl\/#website"},"primaryImageOfPage":{"@id":"https:\/\/www.nooteboom.com\/pl\/nowe-i-uzywane-pojazdy-z-magazynu\/#primaryimage"},"image":{"@id":"https:\/\/www.nooteboom.com\/pl\/nowe-i-uzywane-pojazdy-z-magazynu\/#primaryimage"},"thumbnailUrl":"https:\/\/www.nooteboom.com\/wp-content\/uploads\/DJI_0016.jpg","datePublished":"2020-06-08T08:58:53+00:00","dateModified":"2020-06-08T09:07:57+00:00","description":"W naszym salonie online mo\u017cesz zobaczy\u0107 nasz\u0105 aktualn\u0105 ofert\u0119 nowych i u\u017cywanych pojazd\u00f3w, kt\u00f3re mo\u017cemy dostarczy\u0107 bezpo\u015brednio z magazynu.","breadcrumb":{"@id":"https:\/\/www.nooteboom.com\/pl\/nowe-i-uzywane-pojazdy-z-magazynu\/#breadcrumb"},"inLanguage":"pl-PL","potentialAction":[{"@type":"ReadAction","target":["https:\/\/www.nooteboom.com\/pl\/nowe-i-uzywane-pojazdy-z-magazynu\/"]}]},{"@type":"ImageObject","inLanguage":"pl-PL","@id":"https:\/\/www.nooteboom.com\/pl\/nowe-i-uzywane-pojazdy-z-magazynu\/#primaryimage","url":"https:\/\/www.nooteboom.com\/wp-content\/uploads\/DJI_0016.jpg","contentUrl":"https:\/\/www.nooteboom.com\/wp-content\/uploads\/DJI_0016.jpg","width":2500,"height":780},{"@type":"BreadcrumbList","@id":"https:\/\/www.nooteboom.com\/pl\/nowe-i-uzywane-pojazdy-z-magazynu\/#breadcrumb","itemListElement":[{"@type":"ListItem","position":1,"name":"Home","item":"https:\/\/www.nooteboom.com\/pl\/"},{"@type":"ListItem","position":2,"name":"Nowe i u\u017cywane pojazdy z magazynu"}]},{"@type":"WebSite","@id":"https:\/\/www.nooteboom.com\/pl\/#website","url":"https:\/\/www.nooteboom.com\/pl\/","name":"Nooteboom Trailers","description":"Gets you there.","publisher":{"@id":"https:\/\/www.nooteboom.com\/pl\/#organization"},"potentialAction":[{"@type":"SearchAction","target":{"@type":"EntryPoint","urlTemplate":"https:\/\/www.nooteboom.com\/pl\/?s={search_term_string}"},"query-input":{"@type":"PropertyValueSpecification","valueRequired":true,"valueName":"search_term_string"}}],"inLanguage":"pl-PL"},{"@type":"Organization","@id":"https:\/\/www.nooteboom.com\/pl\/#organization","name":"Nooteboom Trailers","url":"https:\/\/www.nooteboom.com\/pl\/","logo":{"@type":"ImageObject","inLanguage":"pl-PL","@id":"https:\/\/www.nooteboom.com\/pl\/#\/schema\/logo\/image\/","url":"https:\/\/www.nooteboom.com\/wp-content\/uploads\/logo.png","contentUrl":"https:\/\/www.nooteboom.com\/wp-content\/uploads\/logo.png","width":111,"height":66,"caption":"Nooteboom Trailers"},"image":{"@id":"https:\/\/www.nooteboom.com\/pl\/#\/schema\/logo\/image\/"},"sameAs":["https:\/\/nl-nl.facebook.com\/nooteboomtrailers\/","https:\/\/nl.linkedin.com\/company\/nooteboom-trailers","https:\/\/www.youtube.com\/user\/Nooteboomtrailers"]}]}},"_links":{"self":[{"href":"https:\/\/www.nooteboom.com\/pl\/wp-json\/wp\/v2\/pages\/1823382","targetHints":{"allow":["GET"]}}],"collection":[{"href":"https:\/\/www.nooteboom.com\/pl\/wp-json\/wp\/v2\/pages"}],"about":[{"href":"https:\/\/www.nooteboom.com\/pl\/wp-json\/wp\/v2\/types\/page"}],"author":[{"embeddable":true,"href":"https:\/\/www.nooteboom.com\/pl\/wp-json\/wp\/v2\/users\/45"}],"replies":[{"embeddable":true,"href":"https:\/\/www.nooteboom.com\/pl\/wp-json\/wp\/v2\/comments?post=1823382"}],"version-history":[{"count":4,"href":"https:\/\/www.nooteboom.com\/pl\/wp-json\/wp\/v2\/pages\/1823382\/revisions"}],"predecessor-version":[{"id":1823388,"href":"https:\/\/www.nooteboom.com\/pl\/wp-json\/wp\/v2\/pages\/1823382\/revisions\/1823388"}],"wp:featuredmedia":[{"embeddable":true,"href":"https:\/\/www.nooteboom.com\/pl\/wp-json\/wp\/v2\/media\/6953"}],"wp:attachment":[{"href":"https:\/\/www.nooteboom.com\/pl\/wp-json\/wp\/v2\/media?parent=1823382"}],"curies":[{"name":"wp","href":"https:\/\/api.w.org\/{rel}","templated":true}]}}