{"id":1743906,"date":"2019-05-27T10:29:38","date_gmt":"2019-05-27T08:29:38","guid":{"rendered":"https:\/\/www.nooteboom.com\/pomoc\/novab-3-0-program-do-obliczania-naciskow-na-osie\/novab-nowe-funkcje-i-aktualizacje\/"},"modified":"2020-01-22T15:11:08","modified_gmt":"2020-01-22T14:11:08","slug":"novab-nowe-funkcje-i-aktualizacje","status":"publish","type":"page","link":"https:\/\/www.nooteboom.com\/pl\/pomoc\/novab-3-0-program-do-obliczania-naciskow-na-osie\/novab-nowe-funkcje-i-aktualizacje\/","title":{"rendered":"NOVAB nowe funkcje i aktualizacje"},"content":{"rendered":"<div class=\"wpb-content-wrapper\"><p>[vc_row][vc_column][vc_column_text]Nieustannie aktualizujemy i ulepszamy NOVAB 3.0.<\/p>\n<p>Na tej stronie znajdziesz przegl\u0105d ulepsze\u0144 i aktualizacji w czasie.[\/vc_column_text][\/vc_column][\/vc_row][vc_row][vc_column][vc_separator][\/vc_column][\/vc_row][vc_row][vc_column][vc_column_text]<\/p>\n<h2>Stycze\u0144 2020 \u2013 nowe cechy i uaktualnienia<\/h2>\n<p>[\/vc_column_text][vc_tta_accordion][vc_tta_section title=&#8221;Mo\u017cliwo\u015b\u0107 wykonania kalkulacji z szyj\u0105 kompensacyjn\u0105 &#8221; tab_id=&#8221;1559543497030-04ba01ec-3d15&#8243;][\/vc_tta_section][vc_tta_section title=&#8221;Widoczny nacisk na ka\u017cd\u0105 o\u015b ci\u0105gnika i naczepy&#8221; tab_id=&#8221;1559543497059-bcc695b2-4a58&#8243;][\/vc_tta_section][vc_tta_section title=&#8221;Nowa wyszukiwarka pojazd\u00f3w oraz prosty przegl\u0105d zestaw\u00f3w ci\u0105gnik + naczepa&#8221; tab_id=&#8221;1559543641846-85837c96-35ce&#8221;][vc_row_inner][vc_column_inner width=&#8221;1\/2&#8243;][vc_single_image image=&#8221;1748281&#8243; img_size=&#8221;large&#8221; onclick=&#8221;link_image&#8221;][\/vc_column_inner][vc_column_inner width=&#8221;1\/2&#8243;][vc_single_image image=&#8221;1748287&#8243; img_size=&#8221;large&#8221; onclick=&#8221;link_image&#8221;][\/vc_column_inner][\/vc_row_inner][\/vc_tta_section][vc_tta_section title=&#8221;Nowa wyszukiwarka \u0142adunk\u00f3w: mo\u017cliwo\u015b\u0107 wyszukania \u0142adunku po jego nazwie lub masie&#8221; tab_id=&#8221;1559543700552-1503ddc0-f8df&#8221;][vc_single_image image=&#8221;1748293&#8243; img_size=&#8221;large&#8221; onclick=&#8221;link_image&#8221;][\/vc_tta_section][vc_tta_section title=&#8221;Mo\u017cliwo\u015b\u0107 stworzenia kalkulacji Nooteboom Mega Windmill Transporter: od MWT 2+4 do MWT 4+7&#8243; tab_id=&#8221;1559543703471-62b2d7c0-c3fd&#8221;][vc_single_image image=&#8221;1748300&#8243; img_size=&#8221;large&#8221; onclick=&#8221;link_image&#8221;][\/vc_tta_section][vc_tta_section title=&#8221;Wy\u015bwietlanie tylnego zwisu \u0142adunku&#8221; tab_id=&#8221;1559543744189-b1829d57-7b07&#8243;][vc_single_image image=&#8221;1748306&#8243; img_size=&#8221;large&#8221; onclick=&#8221;link_image&#8221;][\/vc_tta_section][vc_tta_section title=&#8221;Pokazywanie dystansu od ostatniej osi ci\u0105gnika do pierwszej osi naczepy&#8221; tab_id=&#8221;1578913302906-2e2f9bc5-5c43&#8243;][vc_single_image image=&#8221;1748313&#8243; img_size=&#8221;large&#8221; onclick=&#8221;link_image&#8221;][\/vc_tta_section][vc_tta_section title=&#8221;Mo\u017cliwo\u015b\u0107 wyboru do kalkulacji ci\u0105gnika 10&#215;4&#8243; tab_id=&#8221;1578913357306-addb2716-bdaa&#8221;][vc_single_image image=&#8221;1748319&#8243; img_size=&#8221;large&#8221; onclick=&#8221;link_image&#8221;][\/vc_tta_section][vc_tta_section title=&#8221;Inne udogodnienia w celu uproszczenia obs\u0142ugi programu Novab&#8221; tab_id=&#8221;1578913404725-0f8db7c9-6216&#8243;][\/vc_tta_section][\/vc_tta_accordion][vc_separator color=&#8221;custom&#8221; accent_color=&#8221;#d6002a&#8221;][\/vc_column][\/vc_row][vc_row][vc_column][vc_column_text]<\/p>\n<h2>Maj 2019 &#8211; Nowe funkcje<\/h2>\n<p>[\/vc_column_text][vc_tta_accordion][vc_tta_section title=&#8221;Wy\u015bwietlenie odleg\u0142o\u015bci osi i \u0142adunku nad zawieszeniem w przegl\u0105dzie oblicze\u0144&#8221; tab_id=&#8221;1578905841704-c8484a30-ddc9&#8243;][vc_row_inner][vc_column_inner width=&#8221;1\/2&#8243;][vc_column_text]Odleg\u0142o\u015bci osi i wymiary wystawania \u0142adunku z ty\u0142u s\u0105 teraz widoczne w przegl\u0105dzie oblicze\u0144. Daje to jeszcze lepszy wgl\u0105d w ca\u0142kowit\u0105 d\u0142ugo\u015b\u0107 zestawu.[\/vc_column_text][\/vc_column_inner][vc_column_inner width=&#8221;1\/2&#8243;][vc_single_image image=&#8221;1743758&#8243; img_size=&#8221;large&#8221; alignment=&#8221;right&#8221; onclick=&#8221;link_image&#8221;][\/vc_column_inner][\/vc_row_inner][\/vc_tta_section][vc_tta_section title=&#8221;Mo\u017cna doda\u0107 wi\u0119cej ni\u017c jeden \u0142adunek&#8221; tab_id=&#8221;1578905841908-777bec54-d0b6&#8243;][vc_row_inner][vc_column_inner width=&#8221;1\/2&#8243;][vc_column_text]Bardzo po\u017c\u0105dana aktualizacja transportu balast\u00f3w d\u017awigowych. W najnowszej wersji mo\u017cliwe jest teraz dodanie wi\u0119cej ni\u017c jednego \u0142adunku.[\/vc_column_text][\/vc_column_inner][vc_column_inner width=&#8221;1\/2&#8243;][vc_single_image image=&#8221;1743764&#8243; img_size=&#8221;large&#8221; alignment=&#8221;right&#8221; onclick=&#8221;link_image&#8221;][\/vc_column_inner][\/vc_row_inner][\/vc_tta_section][vc_tta_section title=&#8221;Za\u0142aduj funkcj\u0119 kopiowania&#8221; tab_id=&#8221;1578905842129-e7c4c9e1-fd2d&#8221;][vc_row_inner][vc_column_inner width=&#8221;1\/2&#8243;][vc_column_text]Teraz mo\u017cna szybko i \u0142atwo doda\u0107 ten sam \u0142adunek, kopiuj\u0105c go, jak to cz\u0119sto ma miejsce w przypadku blok\u00f3w balastowych.[\/vc_column_text][\/vc_column_inner][vc_column_inner width=&#8221;1\/2&#8243;][vc_single_image image=&#8221;1743770&#8243; img_size=&#8221;large&#8221; alignment=&#8221;right&#8221; onclick=&#8221;link_image&#8221;][\/vc_column_inner][\/vc_row_inner][\/vc_tta_section][vc_tta_section title=&#8221;Wizualizacja klikni\u0119tego \u0142adunku&#8221; tab_id=&#8221;1578905842354-1a180223-aaaa&#8221;][vc_column_text]Aby uzyska\u0107 najlepsz\u0105 reprezentacj\u0119 oblicze\u0144 z wieloma \u0142adunkami. Dodawanie kolejno\u015bci \u0142adunk\u00f3w nie jest ju\u017c wa\u017cne dla wizualizacji, dzi\u0119ki czemu mo\u017cna \u0142atwo i szybko wybra\u0107 \u017c\u0105dane \u0142adunku.[\/vc_column_text][\/vc_tta_section][vc_tta_section title=&#8221;\u0141adunku mog\u0105 przesuwa\u0107 si\u0119 w pionie za pomoc\u0105 klawisza Shift.&#8221; tab_id=&#8221;1578905842453-48666b15-7632&#8243;][vc_column_text]Zgodnie z popularnym zapotrzebowaniem przej\u0119li\u015bmy t\u0119 funkcj\u0119 od Novab 2000, aby praca z Novabem 3.0 by\u0142a jeszcze \u0142atwiejsza.[\/vc_column_text][\/vc_tta_section][vc_tta_section title=&#8221;Other updates&#8221; tab_id=&#8221;1578905842558-1f1cd372-08dc&#8221;][vc_column_text]<strong>Poka\u017c obrazy we w\u0142asnym przegl\u0105dzie cargo.<\/strong><br \/>\nW swoim w\u0142asnym przegl\u0105dzie cargo elementy s\u0105 oznaczone obrazami, dzi\u0119ki czemu mo\u017cna znale\u017a\u0107 \u017c\u0105dany \u0142adunek jeszcze szybciej i \u0142atwiej.<\/p>\n<p><strong>Wiadomo\u015bci na ekranie g\u0142\u00f3wnym.<\/strong><br \/>\nNie zawsze by\u0142y one widoczne dla u\u017cytkownik\u00f3w, poprawili\u015bmy wy\u015bwietlanie wiadomo\u015bci.<\/p>\n<p><strong>Pod\u015bwietlenie wybranej osi w zarz\u0105dzaniu ci\u0119\u017car\u00f3wkami i naczepami<\/strong><br \/>\nNa ekranie edycji ci\u0119\u017car\u00f3wki i naczepy nie zawsze by\u0142o jasne, kt\u00f3re warto\u015bci zosta\u0142y wybrane, teraz wprowadzili\u015bmy aktualizacj\u0119 do obs\u0142ugi wizualnej.<\/p>\n<p><strong>Wsp\u00f3\u0142czynnik zaokr\u0105glenia: zaokr\u0105glenie do 1, 10 lub 100 na u\u017cytkownika.<\/strong><br \/>\nW przypadku wniosk\u00f3w o pozwolenie i powi\u0105zanych zasad zaokr\u0105glania, kt\u00f3re mog\u0105 si\u0119 r\u00f3\u017cni\u0107 w zale\u017cno\u015bci od kraju, mo\u017cliwe jest teraz ustawienie \u017c\u0105danego wsp\u00f3\u0142czynnika zaokr\u0105glania.<\/p>\n<p><strong>Zmniejszanie krok\u00f3w procentowych obrotu z 10 stopni na klikni\u0119cie do 3 stopni na klikni\u0119cie.<\/strong><br \/>\nUdoskonalenie reprezentacji, na przyk\u0142ad, za\u0142adunku platform lotniczych cz\u0119\u015bciowo na \u0142ab\u0119dziej szyi i pok\u0142adzie \u0142adunkowym.[\/vc_column_text][\/vc_tta_section][\/vc_tta_accordion][\/vc_column][\/vc_row]<\/p>\n<\/div>","protected":false},"excerpt":{"rendered":"[vc_row][vc_column][vc_column_text]Nieustannie aktualizujemy i ulepszamy NOVAB 3.0. Na tej stronie znajdziesz przegl\u0105d ulepsze\u0144 i aktualizacji w czasie.[\/vc_column_text][\/vc_column][\/vc_row][vc_row][vc_column][vc_separator][\/vc_column][\/vc_row][vc_row][vc_column][vc_column_text] Stycze\u0144 2020 \u2013 nowe&#8230;","protected":false},"author":45,"featured_media":0,"parent":1739665,"menu_order":0,"comment_status":"closed","ping_status":"closed","template":"","meta":{"_acf_changed":false,"inline_featured_image":false,"footnotes":""},"class_list":["post-1743906","page","type-page","status-publish","hentry"],"acf":[],"yoast_head":"<!-- This site is optimized with the Yoast SEO Premium plugin v25.7.1 (Yoast SEO v25.7) - https:\/\/yoast.com\/wordpress\/plugins\/seo\/ -->\n<title>NOVAB nowe funkcje i aktualizacje | Nooteboom Trailers<\/title>\n<meta name=\"robots\" content=\"index, follow, max-snippet:-1, max-image-preview:large, max-video-preview:-1\" \/>\n<link rel=\"canonical\" href=\"https:\/\/www.nooteboom.com\/pl\/pomoc\/novab-3-0-program-do-obliczania-naciskow-na-osie\/novab-nowe-funkcje-i-aktualizacje\/\" \/>\n<meta property=\"og:locale\" content=\"pl_PL\" \/>\n<meta property=\"og:type\" content=\"article\" \/>\n<meta property=\"og:title\" content=\"NOVAB nowe funkcje i aktualizacje\" \/>\n<meta property=\"og:description\" content=\"[vc_row][vc_column][vc_column_text]Nieustannie aktualizujemy i ulepszamy NOVAB 3.0. Na tej stronie znajdziesz przegl\u0105d ulepsze\u0144 i aktualizacji w czasie.[\/vc_column_text][\/vc_column][\/vc_row][vc_row][vc_column][vc_separator][\/vc_column][\/vc_row][vc_row][vc_column][vc_column_text] Stycze\u0144 2020 \u2013 nowe...\" \/>\n<meta property=\"og:url\" content=\"https:\/\/www.nooteboom.com\/pl\/pomoc\/novab-3-0-program-do-obliczania-naciskow-na-osie\/novab-nowe-funkcje-i-aktualizacje\/\" \/>\n<meta property=\"og:site_name\" content=\"Nooteboom Trailers\" \/>\n<meta property=\"article:publisher\" content=\"https:\/\/nl-nl.facebook.com\/nooteboomtrailers\/\" \/>\n<meta property=\"article:modified_time\" content=\"2020-01-22T14:11:08+00:00\" \/>\n<meta property=\"og:image\" content=\"https:\/\/www.nooteboom.com\/wp-content\/uploads\/splashnooteboom-square-1.jpg\" \/>\n\t<meta property=\"og:image:width\" content=\"757\" \/>\n\t<meta property=\"og:image:height\" content=\"757\" \/>\n\t<meta property=\"og:image:type\" content=\"image\/jpeg\" \/>\n<meta name=\"twitter:card\" content=\"summary_large_image\" \/>\n<meta name=\"twitter:label1\" content=\"Szacowany czas czytania\" \/>\n\t<meta name=\"twitter:data1\" content=\"5 minut\" \/>\n<script type=\"application\/ld+json\" class=\"yoast-schema-graph\">{\"@context\":\"https:\/\/schema.org\",\"@graph\":[{\"@type\":\"WebPage\",\"@id\":\"https:\/\/www.nooteboom.com\/pl\/pomoc\/novab-3-0-program-do-obliczania-naciskow-na-osie\/novab-nowe-funkcje-i-aktualizacje\/\",\"url\":\"https:\/\/www.nooteboom.com\/pl\/pomoc\/novab-3-0-program-do-obliczania-naciskow-na-osie\/novab-nowe-funkcje-i-aktualizacje\/\",\"name\":\"NOVAB nowe funkcje i aktualizacje | Nooteboom Trailers\",\"isPartOf\":{\"@id\":\"https:\/\/www.nooteboom.com\/pl\/#website\"},\"datePublished\":\"2019-05-27T08:29:38+00:00\",\"dateModified\":\"2020-01-22T14:11:08+00:00\",\"breadcrumb\":{\"@id\":\"https:\/\/www.nooteboom.com\/pl\/pomoc\/novab-3-0-program-do-obliczania-naciskow-na-osie\/novab-nowe-funkcje-i-aktualizacje\/#breadcrumb\"},\"inLanguage\":\"pl-PL\",\"potentialAction\":[{\"@type\":\"ReadAction\",\"target\":[\"https:\/\/www.nooteboom.com\/pl\/pomoc\/novab-3-0-program-do-obliczania-naciskow-na-osie\/novab-nowe-funkcje-i-aktualizacje\/\"]}]},{\"@type\":\"BreadcrumbList\",\"@id\":\"https:\/\/www.nooteboom.com\/pl\/pomoc\/novab-3-0-program-do-obliczania-naciskow-na-osie\/novab-nowe-funkcje-i-aktualizacje\/#breadcrumb\",\"itemListElement\":[{\"@type\":\"ListItem\",\"position\":1,\"name\":\"Home\",\"item\":\"https:\/\/www.nooteboom.com\/pl\/\"},{\"@type\":\"ListItem\",\"position\":2,\"name\":\"Pomoc\",\"item\":\"https:\/\/www.nooteboom.com\/pl\/pomoc\/\"},{\"@type\":\"ListItem\",\"position\":3,\"name\":\"NOVAB 3.0 &#8211; Program do obliczania nacisk\u00f3w na osie\",\"item\":\"https:\/\/www.nooteboom.com\/pl\/pomoc\/novab-3-0-program-do-obliczania-naciskow-na-osie\/\"},{\"@type\":\"ListItem\",\"position\":4,\"name\":\"NOVAB nowe funkcje i aktualizacje\"}]},{\"@type\":\"WebSite\",\"@id\":\"https:\/\/www.nooteboom.com\/pl\/#website\",\"url\":\"https:\/\/www.nooteboom.com\/pl\/\",\"name\":\"Nooteboom Trailers\",\"description\":\"Gets you there.\",\"publisher\":{\"@id\":\"https:\/\/www.nooteboom.com\/pl\/#organization\"},\"potentialAction\":[{\"@type\":\"SearchAction\",\"target\":{\"@type\":\"EntryPoint\",\"urlTemplate\":\"https:\/\/www.nooteboom.com\/pl\/?s={search_term_string}\"},\"query-input\":{\"@type\":\"PropertyValueSpecification\",\"valueRequired\":true,\"valueName\":\"search_term_string\"}}],\"inLanguage\":\"pl-PL\"},{\"@type\":\"Organization\",\"@id\":\"https:\/\/www.nooteboom.com\/pl\/#organization\",\"name\":\"Nooteboom Trailers\",\"url\":\"https:\/\/www.nooteboom.com\/pl\/\",\"logo\":{\"@type\":\"ImageObject\",\"inLanguage\":\"pl-PL\",\"@id\":\"https:\/\/www.nooteboom.com\/pl\/#\/schema\/logo\/image\/\",\"url\":\"https:\/\/www.nooteboom.com\/wp-content\/uploads\/logo.png\",\"contentUrl\":\"https:\/\/www.nooteboom.com\/wp-content\/uploads\/logo.png\",\"width\":111,\"height\":66,\"caption\":\"Nooteboom Trailers\"},\"image\":{\"@id\":\"https:\/\/www.nooteboom.com\/pl\/#\/schema\/logo\/image\/\"},\"sameAs\":[\"https:\/\/nl-nl.facebook.com\/nooteboomtrailers\/\",\"https:\/\/nl.linkedin.com\/company\/nooteboom-trailers\",\"https:\/\/www.youtube.com\/user\/Nooteboomtrailers\"]}]}<\/script>\n<!-- \/ Yoast SEO Premium plugin. -->","yoast_head_json":{"title":"NOVAB nowe funkcje i aktualizacje | Nooteboom Trailers","robots":{"index":"index","follow":"follow","max-snippet":"max-snippet:-1","max-image-preview":"max-image-preview:large","max-video-preview":"max-video-preview:-1"},"canonical":"https:\/\/www.nooteboom.com\/pl\/pomoc\/novab-3-0-program-do-obliczania-naciskow-na-osie\/novab-nowe-funkcje-i-aktualizacje\/","og_locale":"pl_PL","og_type":"article","og_title":"NOVAB nowe funkcje i aktualizacje","og_description":"[vc_row][vc_column][vc_column_text]Nieustannie aktualizujemy i ulepszamy NOVAB 3.0. Na tej stronie znajdziesz przegl\u0105d ulepsze\u0144 i aktualizacji w czasie.[\/vc_column_text][\/vc_column][\/vc_row][vc_row][vc_column][vc_separator][\/vc_column][\/vc_row][vc_row][vc_column][vc_column_text] Stycze\u0144 2020 \u2013 nowe...","og_url":"https:\/\/www.nooteboom.com\/pl\/pomoc\/novab-3-0-program-do-obliczania-naciskow-na-osie\/novab-nowe-funkcje-i-aktualizacje\/","og_site_name":"Nooteboom Trailers","article_publisher":"https:\/\/nl-nl.facebook.com\/nooteboomtrailers\/","article_modified_time":"2020-01-22T14:11:08+00:00","og_image":[{"width":757,"height":757,"url":"https:\/\/www.nooteboom.com\/wp-content\/uploads\/splashnooteboom-square-1.jpg","type":"image\/jpeg"}],"twitter_card":"summary_large_image","twitter_misc":{"Szacowany czas czytania":"5 minut"},"schema":{"@context":"https:\/\/schema.org","@graph":[{"@type":"WebPage","@id":"https:\/\/www.nooteboom.com\/pl\/pomoc\/novab-3-0-program-do-obliczania-naciskow-na-osie\/novab-nowe-funkcje-i-aktualizacje\/","url":"https:\/\/www.nooteboom.com\/pl\/pomoc\/novab-3-0-program-do-obliczania-naciskow-na-osie\/novab-nowe-funkcje-i-aktualizacje\/","name":"NOVAB nowe funkcje i aktualizacje | Nooteboom Trailers","isPartOf":{"@id":"https:\/\/www.nooteboom.com\/pl\/#website"},"datePublished":"2019-05-27T08:29:38+00:00","dateModified":"2020-01-22T14:11:08+00:00","breadcrumb":{"@id":"https:\/\/www.nooteboom.com\/pl\/pomoc\/novab-3-0-program-do-obliczania-naciskow-na-osie\/novab-nowe-funkcje-i-aktualizacje\/#breadcrumb"},"inLanguage":"pl-PL","potentialAction":[{"@type":"ReadAction","target":["https:\/\/www.nooteboom.com\/pl\/pomoc\/novab-3-0-program-do-obliczania-naciskow-na-osie\/novab-nowe-funkcje-i-aktualizacje\/"]}]},{"@type":"BreadcrumbList","@id":"https:\/\/www.nooteboom.com\/pl\/pomoc\/novab-3-0-program-do-obliczania-naciskow-na-osie\/novab-nowe-funkcje-i-aktualizacje\/#breadcrumb","itemListElement":[{"@type":"ListItem","position":1,"name":"Home","item":"https:\/\/www.nooteboom.com\/pl\/"},{"@type":"ListItem","position":2,"name":"Pomoc","item":"https:\/\/www.nooteboom.com\/pl\/pomoc\/"},{"@type":"ListItem","position":3,"name":"NOVAB 3.0 &#8211; Program do obliczania nacisk\u00f3w na osie","item":"https:\/\/www.nooteboom.com\/pl\/pomoc\/novab-3-0-program-do-obliczania-naciskow-na-osie\/"},{"@type":"ListItem","position":4,"name":"NOVAB nowe funkcje i aktualizacje"}]},{"@type":"WebSite","@id":"https:\/\/www.nooteboom.com\/pl\/#website","url":"https:\/\/www.nooteboom.com\/pl\/","name":"Nooteboom Trailers","description":"Gets you there.","publisher":{"@id":"https:\/\/www.nooteboom.com\/pl\/#organization"},"potentialAction":[{"@type":"SearchAction","target":{"@type":"EntryPoint","urlTemplate":"https:\/\/www.nooteboom.com\/pl\/?s={search_term_string}"},"query-input":{"@type":"PropertyValueSpecification","valueRequired":true,"valueName":"search_term_string"}}],"inLanguage":"pl-PL"},{"@type":"Organization","@id":"https:\/\/www.nooteboom.com\/pl\/#organization","name":"Nooteboom Trailers","url":"https:\/\/www.nooteboom.com\/pl\/","logo":{"@type":"ImageObject","inLanguage":"pl-PL","@id":"https:\/\/www.nooteboom.com\/pl\/#\/schema\/logo\/image\/","url":"https:\/\/www.nooteboom.com\/wp-content\/uploads\/logo.png","contentUrl":"https:\/\/www.nooteboom.com\/wp-content\/uploads\/logo.png","width":111,"height":66,"caption":"Nooteboom Trailers"},"image":{"@id":"https:\/\/www.nooteboom.com\/pl\/#\/schema\/logo\/image\/"},"sameAs":["https:\/\/nl-nl.facebook.com\/nooteboomtrailers\/","https:\/\/nl.linkedin.com\/company\/nooteboom-trailers","https:\/\/www.youtube.com\/user\/Nooteboomtrailers"]}]}},"_links":{"self":[{"href":"https:\/\/www.nooteboom.com\/pl\/wp-json\/wp\/v2\/pages\/1743906","targetHints":{"allow":["GET"]}}],"collection":[{"href":"https:\/\/www.nooteboom.com\/pl\/wp-json\/wp\/v2\/pages"}],"about":[{"href":"https:\/\/www.nooteboom.com\/pl\/wp-json\/wp\/v2\/types\/page"}],"author":[{"embeddable":true,"href":"https:\/\/www.nooteboom.com\/pl\/wp-json\/wp\/v2\/users\/45"}],"replies":[{"embeddable":true,"href":"https:\/\/www.nooteboom.com\/pl\/wp-json\/wp\/v2\/comments?post=1743906"}],"version-history":[{"count":5,"href":"https:\/\/www.nooteboom.com\/pl\/wp-json\/wp\/v2\/pages\/1743906\/revisions"}],"predecessor-version":[{"id":1751273,"href":"https:\/\/www.nooteboom.com\/pl\/wp-json\/wp\/v2\/pages\/1743906\/revisions\/1751273"}],"up":[{"embeddable":true,"href":"https:\/\/www.nooteboom.com\/pl\/wp-json\/wp\/v2\/pages\/1739665"}],"wp:attachment":[{"href":"https:\/\/www.nooteboom.com\/pl\/wp-json\/wp\/v2\/media?parent=1743906"}],"curies":[{"name":"wp","href":"https:\/\/api.w.org\/{rel}","templated":true}]}}