{"id":13638,"date":"2016-07-28T10:58:06","date_gmt":"2016-07-28T08:58:06","guid":{"rendered":"https:\/\/www.nooteboom.com\/pl\/disclaimer\/"},"modified":"2018-05-16T15:16:05","modified_gmt":"2018-05-16T13:16:05","slug":"disclaimer","status":"publish","type":"page","link":"https:\/\/www.nooteboom.com\/pl\/disclaimer\/","title":{"rendered":"Disclaimer"},"content":{"rendered":"<div class=\"wpb-content-wrapper\"><p>[vc_row][vc_column][vc_column_text]Nooteboom Trailers bardzo troszczy\u0142 si\u0119 kompilacj\u0119 i rozw\u00f3j tej strony internetowej oraz informacji, jakie zawiera. Informacje podawane przez t\u0119 stron\u0119 s\u0105 tylko dla cel\u00f3w og\u00f3lnych. Nooteboom Trailers w \u017cadnym przypadku nie odpowiada za jakiekolwiek straty lub szkody jakiejkolwiek natury wynik\u0142e z czynno\u015bci lub decyzji opartych na informacjach z tej strony lub poprzez ni\u0105, ani w zwi\u0105zku z nimi. Nooteboom Trailers nie gwarantuje, \u017ce informacje znajdowane na stronie s\u0105 zawsze kompletne, dok\u0142adne, wy\u0142\u0105czne lub aktualne i\/lub czy korzystanie z nich b\u0119dzie prowadzi\u0142o do celu za\u0142o\u017conego przez u\u017cytkownika lub czy b\u0119dzie do niego pasowa\u0107. Informacje na tej stronie mog\u0105 by\u0107 modyfikowane przez Nooteboom Trailers w dowolnym momencie. Je\u017celi ta strona zawiera linki do stron obcych, dotyczy to stron, za kt\u00f3re Nooteboom Trailers nie ponosi odpowiedzialno\u015bci. Nooteboom Trailers nie r\u0119czy za dok\u0142adno\u015b\u0107 link\u00f3w ani za informacje przez nie zdobywane. W\u0142\u0105czenie link\u00f3w do stron obcych nie implikuje tego, \u017ce Nooteboom Trailers popiera informacje, kt\u00f3re one przekazuj\u0105; s\u0105 one do\u0142\u0105czane tylko po to, by da\u0107 u\u017cytkownikowi mo\u017cliwo\u015b\u0107 zdobywania dodatkowych informacji.[\/vc_column_text][\/vc_column][\/vc_row]<\/p>\n<\/div>","protected":false},"excerpt":{"rendered":"[vc_row][vc_column][vc_column_text]Nooteboom Trailers bardzo troszczy\u0142 si\u0119 kompilacj\u0119 i rozw\u00f3j tej strony internetowej oraz informacji, jakie zawiera. Informacje podawane przez t\u0119 stron\u0119&#8230;","protected":false},"author":45,"featured_media":0,"parent":0,"menu_order":0,"comment_status":"closed","ping_status":"closed","template":"","meta":{"_acf_changed":false,"inline_featured_image":false,"footnotes":""},"class_list":["post-13638","page","type-page","status-publish","hentry"],"acf":[],"yoast_head":"<!-- This site is optimized with the Yoast SEO Premium plugin v25.7.1 (Yoast SEO v25.7) - https:\/\/yoast.com\/wordpress\/plugins\/seo\/ -->\n<title>Disclaimer | Nooteboom Trailers<\/title>\n<meta name=\"robots\" content=\"index, follow, max-snippet:-1, max-image-preview:large, max-video-preview:-1\" \/>\n<link rel=\"canonical\" href=\"https:\/\/www.nooteboom.com\/pl\/disclaimer\/\" \/>\n<meta property=\"og:locale\" content=\"pl_PL\" \/>\n<meta property=\"og:type\" content=\"article\" \/>\n<meta property=\"og:title\" content=\"Disclaimer\" \/>\n<meta property=\"og:description\" content=\"[vc_row][vc_column][vc_column_text]Nooteboom Trailers bardzo troszczy\u0142 si\u0119 kompilacj\u0119 i rozw\u00f3j tej strony internetowej oraz informacji, jakie zawiera. Informacje podawane przez t\u0119 stron\u0119...\" \/>\n<meta property=\"og:url\" content=\"https:\/\/www.nooteboom.com\/pl\/disclaimer\/\" \/>\n<meta property=\"og:site_name\" content=\"Nooteboom Trailers\" \/>\n<meta property=\"article:publisher\" content=\"https:\/\/nl-nl.facebook.com\/nooteboomtrailers\/\" \/>\n<meta property=\"article:modified_time\" content=\"2018-05-16T13:16:05+00:00\" \/>\n<meta property=\"og:image\" content=\"https:\/\/www.nooteboom.com\/wp-content\/uploads\/splashnooteboom-square-1.jpg\" \/>\n\t<meta property=\"og:image:width\" content=\"757\" \/>\n\t<meta property=\"og:image:height\" content=\"757\" \/>\n\t<meta property=\"og:image:type\" content=\"image\/jpeg\" \/>\n<meta name=\"twitter:card\" content=\"summary_large_image\" \/>\n<meta name=\"twitter:label1\" content=\"Szacowany czas czytania\" \/>\n\t<meta name=\"twitter:data1\" content=\"1 minuta\" \/>\n<script type=\"application\/ld+json\" class=\"yoast-schema-graph\">{\"@context\":\"https:\/\/schema.org\",\"@graph\":[{\"@type\":\"WebPage\",\"@id\":\"https:\/\/www.nooteboom.com\/pl\/disclaimer\/\",\"url\":\"https:\/\/www.nooteboom.com\/pl\/disclaimer\/\",\"name\":\"Disclaimer | Nooteboom Trailers\",\"isPartOf\":{\"@id\":\"https:\/\/www.nooteboom.com\/pl\/#website\"},\"datePublished\":\"2016-07-28T08:58:06+00:00\",\"dateModified\":\"2018-05-16T13:16:05+00:00\",\"breadcrumb\":{\"@id\":\"https:\/\/www.nooteboom.com\/pl\/disclaimer\/#breadcrumb\"},\"inLanguage\":\"pl-PL\",\"potentialAction\":[{\"@type\":\"ReadAction\",\"target\":[\"https:\/\/www.nooteboom.com\/pl\/disclaimer\/\"]}]},{\"@type\":\"BreadcrumbList\",\"@id\":\"https:\/\/www.nooteboom.com\/pl\/disclaimer\/#breadcrumb\",\"itemListElement\":[{\"@type\":\"ListItem\",\"position\":1,\"name\":\"Home\",\"item\":\"https:\/\/www.nooteboom.com\/pl\/\"},{\"@type\":\"ListItem\",\"position\":2,\"name\":\"Disclaimer\"}]},{\"@type\":\"WebSite\",\"@id\":\"https:\/\/www.nooteboom.com\/pl\/#website\",\"url\":\"https:\/\/www.nooteboom.com\/pl\/\",\"name\":\"Nooteboom Trailers\",\"description\":\"Gets you there.\",\"publisher\":{\"@id\":\"https:\/\/www.nooteboom.com\/pl\/#organization\"},\"potentialAction\":[{\"@type\":\"SearchAction\",\"target\":{\"@type\":\"EntryPoint\",\"urlTemplate\":\"https:\/\/www.nooteboom.com\/pl\/?s={search_term_string}\"},\"query-input\":{\"@type\":\"PropertyValueSpecification\",\"valueRequired\":true,\"valueName\":\"search_term_string\"}}],\"inLanguage\":\"pl-PL\"},{\"@type\":\"Organization\",\"@id\":\"https:\/\/www.nooteboom.com\/pl\/#organization\",\"name\":\"Nooteboom Trailers\",\"url\":\"https:\/\/www.nooteboom.com\/pl\/\",\"logo\":{\"@type\":\"ImageObject\",\"inLanguage\":\"pl-PL\",\"@id\":\"https:\/\/www.nooteboom.com\/pl\/#\/schema\/logo\/image\/\",\"url\":\"https:\/\/www.nooteboom.com\/wp-content\/uploads\/logo.png\",\"contentUrl\":\"https:\/\/www.nooteboom.com\/wp-content\/uploads\/logo.png\",\"width\":111,\"height\":66,\"caption\":\"Nooteboom Trailers\"},\"image\":{\"@id\":\"https:\/\/www.nooteboom.com\/pl\/#\/schema\/logo\/image\/\"},\"sameAs\":[\"https:\/\/nl-nl.facebook.com\/nooteboomtrailers\/\",\"https:\/\/nl.linkedin.com\/company\/nooteboom-trailers\",\"https:\/\/www.youtube.com\/user\/Nooteboomtrailers\"]}]}<\/script>\n<!-- \/ Yoast SEO Premium plugin. -->","yoast_head_json":{"title":"Disclaimer | Nooteboom Trailers","robots":{"index":"index","follow":"follow","max-snippet":"max-snippet:-1","max-image-preview":"max-image-preview:large","max-video-preview":"max-video-preview:-1"},"canonical":"https:\/\/www.nooteboom.com\/pl\/disclaimer\/","og_locale":"pl_PL","og_type":"article","og_title":"Disclaimer","og_description":"[vc_row][vc_column][vc_column_text]Nooteboom Trailers bardzo troszczy\u0142 si\u0119 kompilacj\u0119 i rozw\u00f3j tej strony internetowej oraz informacji, jakie zawiera. Informacje podawane przez t\u0119 stron\u0119...","og_url":"https:\/\/www.nooteboom.com\/pl\/disclaimer\/","og_site_name":"Nooteboom Trailers","article_publisher":"https:\/\/nl-nl.facebook.com\/nooteboomtrailers\/","article_modified_time":"2018-05-16T13:16:05+00:00","og_image":[{"width":757,"height":757,"url":"https:\/\/www.nooteboom.com\/wp-content\/uploads\/splashnooteboom-square-1.jpg","type":"image\/jpeg"}],"twitter_card":"summary_large_image","twitter_misc":{"Szacowany czas czytania":"1 minuta"},"schema":{"@context":"https:\/\/schema.org","@graph":[{"@type":"WebPage","@id":"https:\/\/www.nooteboom.com\/pl\/disclaimer\/","url":"https:\/\/www.nooteboom.com\/pl\/disclaimer\/","name":"Disclaimer | Nooteboom Trailers","isPartOf":{"@id":"https:\/\/www.nooteboom.com\/pl\/#website"},"datePublished":"2016-07-28T08:58:06+00:00","dateModified":"2018-05-16T13:16:05+00:00","breadcrumb":{"@id":"https:\/\/www.nooteboom.com\/pl\/disclaimer\/#breadcrumb"},"inLanguage":"pl-PL","potentialAction":[{"@type":"ReadAction","target":["https:\/\/www.nooteboom.com\/pl\/disclaimer\/"]}]},{"@type":"BreadcrumbList","@id":"https:\/\/www.nooteboom.com\/pl\/disclaimer\/#breadcrumb","itemListElement":[{"@type":"ListItem","position":1,"name":"Home","item":"https:\/\/www.nooteboom.com\/pl\/"},{"@type":"ListItem","position":2,"name":"Disclaimer"}]},{"@type":"WebSite","@id":"https:\/\/www.nooteboom.com\/pl\/#website","url":"https:\/\/www.nooteboom.com\/pl\/","name":"Nooteboom Trailers","description":"Gets you there.","publisher":{"@id":"https:\/\/www.nooteboom.com\/pl\/#organization"},"potentialAction":[{"@type":"SearchAction","target":{"@type":"EntryPoint","urlTemplate":"https:\/\/www.nooteboom.com\/pl\/?s={search_term_string}"},"query-input":{"@type":"PropertyValueSpecification","valueRequired":true,"valueName":"search_term_string"}}],"inLanguage":"pl-PL"},{"@type":"Organization","@id":"https:\/\/www.nooteboom.com\/pl\/#organization","name":"Nooteboom Trailers","url":"https:\/\/www.nooteboom.com\/pl\/","logo":{"@type":"ImageObject","inLanguage":"pl-PL","@id":"https:\/\/www.nooteboom.com\/pl\/#\/schema\/logo\/image\/","url":"https:\/\/www.nooteboom.com\/wp-content\/uploads\/logo.png","contentUrl":"https:\/\/www.nooteboom.com\/wp-content\/uploads\/logo.png","width":111,"height":66,"caption":"Nooteboom Trailers"},"image":{"@id":"https:\/\/www.nooteboom.com\/pl\/#\/schema\/logo\/image\/"},"sameAs":["https:\/\/nl-nl.facebook.com\/nooteboomtrailers\/","https:\/\/nl.linkedin.com\/company\/nooteboom-trailers","https:\/\/www.youtube.com\/user\/Nooteboomtrailers"]}]}},"_links":{"self":[{"href":"https:\/\/www.nooteboom.com\/pl\/wp-json\/wp\/v2\/pages\/13638","targetHints":{"allow":["GET"]}}],"collection":[{"href":"https:\/\/www.nooteboom.com\/pl\/wp-json\/wp\/v2\/pages"}],"about":[{"href":"https:\/\/www.nooteboom.com\/pl\/wp-json\/wp\/v2\/types\/page"}],"author":[{"embeddable":true,"href":"https:\/\/www.nooteboom.com\/pl\/wp-json\/wp\/v2\/users\/45"}],"replies":[{"embeddable":true,"href":"https:\/\/www.nooteboom.com\/pl\/wp-json\/wp\/v2\/comments?post=13638"}],"version-history":[{"count":2,"href":"https:\/\/www.nooteboom.com\/pl\/wp-json\/wp\/v2\/pages\/13638\/revisions"}],"predecessor-version":[{"id":1530690,"href":"https:\/\/www.nooteboom.com\/pl\/wp-json\/wp\/v2\/pages\/13638\/revisions\/1530690"}],"wp:attachment":[{"href":"https:\/\/www.nooteboom.com\/pl\/wp-json\/wp\/v2\/media?parent=13638"}],"curies":[{"name":"wp","href":"https:\/\/api.w.org\/{rel}","templated":true}]}}