{"id":13633,"date":"2016-07-28T10:59:32","date_gmt":"2016-07-28T08:59:32","guid":{"rendered":"https:\/\/www.nooteboom.com\/pl\/privacy-statement\/"},"modified":"2021-09-23T09:01:41","modified_gmt":"2021-09-23T07:01:41","slug":"privacy-statement","status":"publish","type":"page","link":"https:\/\/www.nooteboom.com\/pl\/privacy-statement\/","title":{"rendered":"Privacy statement"},"content":{"rendered":"<div class=\"wpb-content-wrapper\"><p>[vc_row][vc_column][vc_column_text]<strong>Polityka prywatno\u015bci<\/strong><\/p>\n<p>Nooteboom przywi\u0105zuje du\u017c\u0105 wag\u0119 do ochrony Waszych danych osobowych. W tej Polityce prywatno\u015bci wyja\u015bniamy, jak wykorzystujemy te dane.<\/p>\n<p>Nooteboom we wszystkich przypadkach stosuje si\u0119 do Przepis\u00f3w Og\u00f3lnych o Ochronie Danych (AVG). To oznacza, \u017ce w ka\u017cdym przypadku:<\/p>\n<ul>\n<li>Wykorzystujemy Wasze dane osobowe zgodnie z celem, dla kt\u00f3rego zosta\u0142y przekazane; te cele i typ danych osobowych s\u0105 opisane w Polityce prywatno\u015bci;<\/li>\n<li>Ograniczamy przetwarzanie Waszych danych osobowych tylko do tych, kt\u00f3re s\u0105 potrzebne dla cel\u00f3w, dla kt\u00f3rych s\u0105 przetwarzane;<\/li>\n<li>B\u0119dziemy prosi\u0107 o jawn\u0105 zgod\u0119, je\u017celi zajdzie potrzeba przetwarzania Waszych danych osobowych;<\/li>\n<li>Wdro\u017cyli\u015bmy odpowiednie \u015brodki techniczne i organizacyjne, aby chroni\u0107 Wasze dane osobowe;<\/li>\n<li>Nie przekazujemy danych osobowych stronom trzecim, o ile nie jest to konieczne dla realizacji cel\u00f3w, dla kt\u00f3rych zosta\u0142y przekazane.<\/li>\n<li>B\u0119dziemy informowa\u0107 o prawach, jakie Wam przys\u0142uguj\u0105 w zwi\u0105zku z przetwarzaniem Waszych danych osobowych.<\/li>\n<\/ul>\n<p><strong>Jakie dane osobowe przetwarzamy? <\/strong><\/p>\n<p>Przetwarzamy dane osobowe, jakie przekazali\u015bcie nam, na przyk\u0142ad w zwi\u0105zku z produktami i\/lub us\u0142ugami Wam dostarczanymi, lub uzyskane przez nas, dlatego \u017ce korzystali\u015bcie z naszej strony internetowej, wype\u0142nili\u015bcie formularz kontaktowy lub zaabonowali\u015bcie nasz biuletyn.<\/p>\n<p>Dane osobowe od Was, kt\u00f3re przetwarzamy, mog\u0105 zawiera\u0107 nast\u0119puj\u0105ce informacje:<\/p>\n<ul>\n<li>Nazwisko<\/li>\n<li>Adres<\/li>\n<li>Szczeg\u00f3\u0142y kontaktowe takie, jak numer telefonu i adres e-mail<\/li>\n<li>Inne dane takie, jak szczeg\u00f3\u0142y Waszego konta na Twitterze, LinkedIn lub innych mediach spo\u0142eczno\u015bciowych<\/li>\n<li>Adres IP komputera, jakiego u\u017cyli\u015bcie do odwiedzenia naszej strony (patrz tak\u017ce deklaracja na temat cookie)<\/li>\n<\/ul>\n<p><strong>Okre\u015blone cele <\/strong><\/p>\n<p>Wykorzystujemy Wasze dane osobowe do wielu r\u00f3\u017cnych cel\u00f3w. S\u0105 one nast\u0119puj\u0105ce.<\/p>\n<ol>\n<li>a) Wykonanie umowy.<\/li>\n<\/ol>\n<p>Wyja\u015bnienie:<\/p>\n<p>Gdy wchodzisz w umow\u0119 z nami, prosimy Ci\u0119 o dane kontaktowe. Mog\u0105 one by\u0107 u\u017cywane tak\u017ce do fakturowania.<\/p>\n<ol>\n<li>b) Podtrzymanie kontaktu z Wami.<\/li>\n<\/ol>\n<p>Wyja\u015bnienie:<\/p>\n<p>Wasze dane kontaktowe s\u0105 przechowywane w naszym systemie klienckim i \u2013 opr\u00f3cz innych rzeczy \u2013 mog\u0105 by\u0107 u\u017cywane do wysy\u0142ania biuletyn\u00f3w, aktualizacji, zaprosze\u0144 na imprezy i seminaria oraz do wysy\u0142ania informacji \u017c\u0105danych przez Was.<\/p>\n<ol>\n<li>c) Doskonalenie informacji o naszych produktach\/us\u0142ugach i prowadzenie ukierunkowanych dzia\u0142a\u0144 marketingowych.<\/li>\n<\/ol>\n<p>Wyja\u015bnienie:<\/p>\n<p>Chcemy dostarcza\u0107 Wam odpowiednie informacje. Dla tego celu analizujemy nast\u0119puj\u0105ce dane:<\/p>\n<ol>\n<li>i) Dane interakcji: dane osobowe otrzymywane przez kontakt mi\u0119dzy Nooteboom i Wami, na przyk\u0142ad poprzez nasz\u0105 stron\u0119 internetow\u0105.<\/li>\n<li>ii) Dane behawioralne: dane osobowe, kt\u00f3re Nooteboom przetwarza o Waszym zachowaniu, jak preferencje, opinie, \u017cyczenia i potrzeby. Mo\u017cemy zbiera\u0107 te dane np. z Waszego zachowania przy surfowaniu na naszej stronie, czytania naszych biuletyn\u00f3w lub po prostu, dlatego \u017ce prosili\u015bcie o informacje. Patrz tak\u017ce \u201eU\u017cywanie cookie\u201d.<\/li>\n<li>iii)\u00a0\u00a0\u00a0\u00a0\u00a0\u00a0 Analizowanie korzystania z naszej strony.<\/li>\n<\/ol>\n<p>Wyja\u015bnienie:<\/p>\n<p>Statystyka u\u017cytkownik\u00f3w umo\u017cliwia nam zyskanie wgl\u0105du np. w liczb\u0119 odwiedzaj\u0105cych, czas trwania ich wizyt i tego, jakie strony s\u0105 przegl\u0105dane. Dotyczy to zbierania danych rodzajowych bez informacji o osobach. Zdobyte informacje wykorzystujemy do ulepszania naszej strony.<\/p>\n<ol>\n<li>iv) Udoskonalanie naszej strony i czynienie jej bezpieczn\u0105.<\/li>\n<\/ol>\n<p><strong>Podstawa prawna przetwarzania<\/strong><\/p>\n<p>Dane osobowe przetwarzamy tylko wtedy, gdy istnieje podstawa prawna do tego. Podstawami prawnymi, na mocy kt\u00f3rych przetwarzamy dane osobowe, s\u0105:<\/p>\n<ul>\n<li>zgoda<\/li>\n<li>na podstawie umowy lub w przygotowaniu do zawarcia umowy.<\/li>\n<li>uzasadniony interes<\/li>\n<\/ul>\n<p><u>Zgoda<\/u><\/p>\n<p>Je\u017celi poprosili\u015bmy o zgod\u0119 na przetwarzanie Waszych danych osobowych i Wy jej udzielili\u015bcie, zawsze macie prawo wycofania tej zgody w dowolnym momencie.<\/p>\n<p><u>Umowa lub w przygotowaniu do zawarcia umowy<\/u><\/p>\n<p>Je\u017celi zawarli\u015bcie umow\u0119 z nami, b\u0119dziemy przetwarza\u0107 Wasze dane osobowe, je\u017celi, i tylko o tyle, jest to konieczne do wykonania zadania.<\/p>\n<p><u>Uzasadniony interes<\/u><\/p>\n<p>Mo\u017cemy tak\u017ce przetwarza\u0107 dane osobowe, je\u017celi mamy uzasadniony interes i czyni\u0105c tak niewsp\u00f3\u0142miernie nie naruszamy Waszej prywatno\u015bci. Na przyk\u0142ad, mo\u017cemy wykorzysta\u0107 Wasze dane kontaktowe w celu zaproszenia na odpowiednie spotkania.<\/p>\n<p><strong>Strony trzecie zaanga\u017cowane przez nas (przetwarzaj\u0105cy) <\/strong><\/p>\n<p>Mo\u017cemy zaanga\u017cowa\u0107 dostawc\u00f3w us\u0142ugi (przetwarzaj\u0105cych) do przetwarzania Waszych danych osobowych tylko w naszym imieniu. Zawieramy umow\u0119 o przetwarzanie z tymi podmiotami. Ta umowa o przetwarzanie zak\u0142ada m.in. to, \u017ce przetwarzaj\u0105cy dzia\u0142aj\u0105 wy\u0142\u0105cznie wed\u0142ug naszych instrukcji i nie wolno im wykorzystywa\u0107 danych osobowych do swoich w\u0142asnych cel\u00f3w.<\/p>\n<p>Przetwarzaj\u0105cy, z kt\u00f3rych mo\u017cemy korzysta\u0107, s\u0105 podmiotami, kt\u00f3re dostarczaj\u0105 oprogramowanie u\u017cywane przez nas i prowadz\u0105 jego hosting oprogramowania u\u017cywanego przez nas. Anga\u017cujemy tak\u017ce dostawc\u00f3w us\u0142ugi ICT do zarz\u0105dzania nasz\u0105 sieci\u0105 IT. Korzystamy tak\u017ce z us\u0142ug stron trzecich do dystrybucji biuletyn\u00f3w.<\/p>\n<p><strong>Dostarczanie danych osobowych stronom trzecim<\/strong><\/p>\n<p>Dla celu dostarczania naszej us\u0142ugi mo\u017ce by\u0107 konieczne dzielenie si\u0119 danymi osobowymi. Nie udost\u0119pniamy Waszych danych osobowych stronom trzecim dla cel\u00f3w komercyjnych.<\/p>\n<p>Do rozsy\u0142ania biuletyn\u00f3w mailowych korzystamy z dostawc\u00f3w us\u0142ugi (przetwarzaj\u0105cych) spoza Europejskiego Obszaru Gospodarczego (EEA). Te podmioty gwarantuj\u0105 wystarczaj\u0105cy poziom ochrony danych osobowych. W naszych relacjach kontraktowych z tym przetwarzaj\u0105cym korzystamy z um\u00f3w modelowych, kt\u00f3re zosta\u0142y zaaprobowane przez Komisj\u0119 Europejsk\u0105 (Decyzja 2010\/87\/UE), jako zapewniaj\u0105ce stosown\u0105 ochron\u0119.<\/p>\n<p><strong>Wasze prawa<\/strong><\/p>\n<p>Na mocy prawa ka\u017cda osoba mo\u017ce korzysta\u0107 z pewnych praw wzgl\u0119dem w\u0142asnych danych osobowych. Na przyk\u0142ad, macie prawo \u017c\u0105dania kontroli, sprostowania i\/lub usuni\u0119cia danych osobowych. Mo\u017cecie tak\u017ce sprzeciwi\u0107 si\u0119 u\u017cywaniu Waszych danych lub \u017c\u0105da\u0107 ograniczenia ich u\u017cywania. W pewnych przypadkach mo\u017cecie nawet wycofa\u0107 swoje dane i przekaza\u0107 je innemu podmiotowi. W sprawie wszystkich tych pyta\u0144 prosimy <a href=\"https:\/\/www.nooteboom.com\/pl\/kontakt\/\">kontaktowa\u0107<\/a> si\u0119.<\/p>\n<p><strong>Okres przechowywania<\/strong><\/p>\n<p>Wasze dane osobowe przechowujemy tak d\u0142ugo, jak potrzebujemy ich dla celu, dla kt\u00f3rego zosta\u0142y zgromadzone, o ile nie ma zastosowania prawny okres przechowywania.<\/p>\n<p><strong>Aplikacja o prac\u0119 poprzez stron\u0119 Nooteboom Trailers<\/strong><\/p>\n<p>Poprzez aplikowanie, wyra\u017cacie Pa\u0144stwo zgod\u0119 na przetwarzanie Pa\u0144stwa danych osobowych podczas procedur rekrutacji. Nooteboom Trailers B.V. zniszczy Pa\u0144stwa dane nie p\u00f3\u017aniej ni\u017c 1 rok po zako\u0144czeniu procedury aplikacyjnej.<\/p>\n<p><strong>Reklamacje? <\/strong><\/p>\n<p>Je\u017celi macie jakiekolwiek za\u017calenia w sprawie tego, jak korzystamy z Waszych danych osobowych, <a href=\"https:\/\/www.nooteboom.com\/pl\/kontakt\/\">kontaktujcie<\/a> si\u0119 z nami wysy\u0142aj\u0105c e-mail. Mi\u0142o nam b\u0119dzie pom\u00f3c w znalezieniu rozwi\u0105zania. W razie niepowodzenia zawsze macie opcj\u0119 kontaktu z Autoriteit Persoonsgegevens (Holenderski organ ochrony danych).[\/vc_column_text][\/vc_column][\/vc_row]<\/p>\n<\/div>","protected":false},"excerpt":{"rendered":"[vc_row][vc_column][vc_column_text]Polityka prywatno\u015bci Nooteboom przywi\u0105zuje du\u017c\u0105 wag\u0119 do ochrony Waszych danych osobowych. W tej Polityce prywatno\u015bci wyja\u015bniamy, jak wykorzystujemy te dane&#8230;.","protected":false},"author":45,"featured_media":0,"parent":0,"menu_order":0,"comment_status":"closed","ping_status":"closed","template":"","meta":{"_acf_changed":false,"inline_featured_image":false,"footnotes":""},"class_list":["post-13633","page","type-page","status-publish","hentry"],"acf":[],"yoast_head":"<!-- This site is optimized with the Yoast SEO Premium plugin v25.7.1 (Yoast SEO v25.7) - https:\/\/yoast.com\/wordpress\/plugins\/seo\/ -->\n<title>Privacy statement | Nooteboom Trailers<\/title>\n<meta name=\"robots\" content=\"index, follow, max-snippet:-1, max-image-preview:large, max-video-preview:-1\" \/>\n<link rel=\"canonical\" href=\"https:\/\/www.nooteboom.com\/pl\/privacy-statement\/\" \/>\n<meta property=\"og:locale\" content=\"pl_PL\" \/>\n<meta property=\"og:type\" content=\"article\" \/>\n<meta property=\"og:title\" content=\"Privacy statement\" \/>\n<meta property=\"og:description\" content=\"[vc_row][vc_column][vc_column_text]Polityka prywatno\u015bci Nooteboom przywi\u0105zuje du\u017c\u0105 wag\u0119 do ochrony Waszych danych osobowych. W tej Polityce prywatno\u015bci wyja\u015bniamy, jak wykorzystujemy te dane....\" \/>\n<meta property=\"og:url\" content=\"https:\/\/www.nooteboom.com\/pl\/privacy-statement\/\" \/>\n<meta property=\"og:site_name\" content=\"Nooteboom Trailers\" \/>\n<meta property=\"article:publisher\" content=\"https:\/\/nl-nl.facebook.com\/nooteboomtrailers\/\" \/>\n<meta property=\"article:modified_time\" content=\"2021-09-23T07:01:41+00:00\" \/>\n<meta property=\"og:image\" content=\"https:\/\/www.nooteboom.com\/wp-content\/uploads\/splashnooteboom-square-1.jpg\" \/>\n\t<meta property=\"og:image:width\" content=\"757\" \/>\n\t<meta property=\"og:image:height\" content=\"757\" \/>\n\t<meta property=\"og:image:type\" content=\"image\/jpeg\" \/>\n<meta name=\"twitter:card\" content=\"summary_large_image\" \/>\n<meta name=\"twitter:label1\" content=\"Szacowany czas czytania\" \/>\n\t<meta name=\"twitter:data1\" content=\"4 minuty\" \/>\n<script type=\"application\/ld+json\" class=\"yoast-schema-graph\">{\"@context\":\"https:\/\/schema.org\",\"@graph\":[{\"@type\":\"WebPage\",\"@id\":\"https:\/\/www.nooteboom.com\/pl\/privacy-statement\/\",\"url\":\"https:\/\/www.nooteboom.com\/pl\/privacy-statement\/\",\"name\":\"Privacy statement | Nooteboom Trailers\",\"isPartOf\":{\"@id\":\"https:\/\/www.nooteboom.com\/pl\/#website\"},\"datePublished\":\"2016-07-28T08:59:32+00:00\",\"dateModified\":\"2021-09-23T07:01:41+00:00\",\"breadcrumb\":{\"@id\":\"https:\/\/www.nooteboom.com\/pl\/privacy-statement\/#breadcrumb\"},\"inLanguage\":\"pl-PL\",\"potentialAction\":[{\"@type\":\"ReadAction\",\"target\":[\"https:\/\/www.nooteboom.com\/pl\/privacy-statement\/\"]}]},{\"@type\":\"BreadcrumbList\",\"@id\":\"https:\/\/www.nooteboom.com\/pl\/privacy-statement\/#breadcrumb\",\"itemListElement\":[{\"@type\":\"ListItem\",\"position\":1,\"name\":\"Home\",\"item\":\"https:\/\/www.nooteboom.com\/pl\/\"},{\"@type\":\"ListItem\",\"position\":2,\"name\":\"Privacy statement\"}]},{\"@type\":\"WebSite\",\"@id\":\"https:\/\/www.nooteboom.com\/pl\/#website\",\"url\":\"https:\/\/www.nooteboom.com\/pl\/\",\"name\":\"Nooteboom Trailers\",\"description\":\"Gets you there.\",\"publisher\":{\"@id\":\"https:\/\/www.nooteboom.com\/pl\/#organization\"},\"potentialAction\":[{\"@type\":\"SearchAction\",\"target\":{\"@type\":\"EntryPoint\",\"urlTemplate\":\"https:\/\/www.nooteboom.com\/pl\/?s={search_term_string}\"},\"query-input\":{\"@type\":\"PropertyValueSpecification\",\"valueRequired\":true,\"valueName\":\"search_term_string\"}}],\"inLanguage\":\"pl-PL\"},{\"@type\":\"Organization\",\"@id\":\"https:\/\/www.nooteboom.com\/pl\/#organization\",\"name\":\"Nooteboom Trailers\",\"url\":\"https:\/\/www.nooteboom.com\/pl\/\",\"logo\":{\"@type\":\"ImageObject\",\"inLanguage\":\"pl-PL\",\"@id\":\"https:\/\/www.nooteboom.com\/pl\/#\/schema\/logo\/image\/\",\"url\":\"https:\/\/www.nooteboom.com\/wp-content\/uploads\/logo.png\",\"contentUrl\":\"https:\/\/www.nooteboom.com\/wp-content\/uploads\/logo.png\",\"width\":111,\"height\":66,\"caption\":\"Nooteboom Trailers\"},\"image\":{\"@id\":\"https:\/\/www.nooteboom.com\/pl\/#\/schema\/logo\/image\/\"},\"sameAs\":[\"https:\/\/nl-nl.facebook.com\/nooteboomtrailers\/\",\"https:\/\/nl.linkedin.com\/company\/nooteboom-trailers\",\"https:\/\/www.youtube.com\/user\/Nooteboomtrailers\"]}]}<\/script>\n<!-- \/ Yoast SEO Premium plugin. -->","yoast_head_json":{"title":"Privacy statement | Nooteboom Trailers","robots":{"index":"index","follow":"follow","max-snippet":"max-snippet:-1","max-image-preview":"max-image-preview:large","max-video-preview":"max-video-preview:-1"},"canonical":"https:\/\/www.nooteboom.com\/pl\/privacy-statement\/","og_locale":"pl_PL","og_type":"article","og_title":"Privacy statement","og_description":"[vc_row][vc_column][vc_column_text]Polityka prywatno\u015bci Nooteboom przywi\u0105zuje du\u017c\u0105 wag\u0119 do ochrony Waszych danych osobowych. W tej Polityce prywatno\u015bci wyja\u015bniamy, jak wykorzystujemy te dane....","og_url":"https:\/\/www.nooteboom.com\/pl\/privacy-statement\/","og_site_name":"Nooteboom Trailers","article_publisher":"https:\/\/nl-nl.facebook.com\/nooteboomtrailers\/","article_modified_time":"2021-09-23T07:01:41+00:00","og_image":[{"width":757,"height":757,"url":"https:\/\/www.nooteboom.com\/wp-content\/uploads\/splashnooteboom-square-1.jpg","type":"image\/jpeg"}],"twitter_card":"summary_large_image","twitter_misc":{"Szacowany czas czytania":"4 minuty"},"schema":{"@context":"https:\/\/schema.org","@graph":[{"@type":"WebPage","@id":"https:\/\/www.nooteboom.com\/pl\/privacy-statement\/","url":"https:\/\/www.nooteboom.com\/pl\/privacy-statement\/","name":"Privacy statement | Nooteboom Trailers","isPartOf":{"@id":"https:\/\/www.nooteboom.com\/pl\/#website"},"datePublished":"2016-07-28T08:59:32+00:00","dateModified":"2021-09-23T07:01:41+00:00","breadcrumb":{"@id":"https:\/\/www.nooteboom.com\/pl\/privacy-statement\/#breadcrumb"},"inLanguage":"pl-PL","potentialAction":[{"@type":"ReadAction","target":["https:\/\/www.nooteboom.com\/pl\/privacy-statement\/"]}]},{"@type":"BreadcrumbList","@id":"https:\/\/www.nooteboom.com\/pl\/privacy-statement\/#breadcrumb","itemListElement":[{"@type":"ListItem","position":1,"name":"Home","item":"https:\/\/www.nooteboom.com\/pl\/"},{"@type":"ListItem","position":2,"name":"Privacy statement"}]},{"@type":"WebSite","@id":"https:\/\/www.nooteboom.com\/pl\/#website","url":"https:\/\/www.nooteboom.com\/pl\/","name":"Nooteboom Trailers","description":"Gets you there.","publisher":{"@id":"https:\/\/www.nooteboom.com\/pl\/#organization"},"potentialAction":[{"@type":"SearchAction","target":{"@type":"EntryPoint","urlTemplate":"https:\/\/www.nooteboom.com\/pl\/?s={search_term_string}"},"query-input":{"@type":"PropertyValueSpecification","valueRequired":true,"valueName":"search_term_string"}}],"inLanguage":"pl-PL"},{"@type":"Organization","@id":"https:\/\/www.nooteboom.com\/pl\/#organization","name":"Nooteboom Trailers","url":"https:\/\/www.nooteboom.com\/pl\/","logo":{"@type":"ImageObject","inLanguage":"pl-PL","@id":"https:\/\/www.nooteboom.com\/pl\/#\/schema\/logo\/image\/","url":"https:\/\/www.nooteboom.com\/wp-content\/uploads\/logo.png","contentUrl":"https:\/\/www.nooteboom.com\/wp-content\/uploads\/logo.png","width":111,"height":66,"caption":"Nooteboom Trailers"},"image":{"@id":"https:\/\/www.nooteboom.com\/pl\/#\/schema\/logo\/image\/"},"sameAs":["https:\/\/nl-nl.facebook.com\/nooteboomtrailers\/","https:\/\/nl.linkedin.com\/company\/nooteboom-trailers","https:\/\/www.youtube.com\/user\/Nooteboomtrailers"]}]}},"_links":{"self":[{"href":"https:\/\/www.nooteboom.com\/pl\/wp-json\/wp\/v2\/pages\/13633","targetHints":{"allow":["GET"]}}],"collection":[{"href":"https:\/\/www.nooteboom.com\/pl\/wp-json\/wp\/v2\/pages"}],"about":[{"href":"https:\/\/www.nooteboom.com\/pl\/wp-json\/wp\/v2\/types\/page"}],"author":[{"embeddable":true,"href":"https:\/\/www.nooteboom.com\/pl\/wp-json\/wp\/v2\/users\/45"}],"replies":[{"embeddable":true,"href":"https:\/\/www.nooteboom.com\/pl\/wp-json\/wp\/v2\/comments?post=13633"}],"version-history":[{"count":5,"href":"https:\/\/www.nooteboom.com\/pl\/wp-json\/wp\/v2\/pages\/13633\/revisions"}],"predecessor-version":[{"id":1875521,"href":"https:\/\/www.nooteboom.com\/pl\/wp-json\/wp\/v2\/pages\/13633\/revisions\/1875521"}],"wp:attachment":[{"href":"https:\/\/www.nooteboom.com\/pl\/wp-json\/wp\/v2\/media?parent=13633"}],"curies":[{"name":"wp","href":"https:\/\/api.w.org\/{rel}","templated":true}]}}