{"id":10028,"date":"2016-08-03T15:55:50","date_gmt":"2016-08-03T13:55:50","guid":{"rendered":"https:\/\/www.nooteboom.com\/?page_id=10028&#038;lang=pl"},"modified":"2016-08-10T13:44:20","modified_gmt":"2016-08-10T11:44:20","slug":"wizja-i-wartosci","status":"publish","type":"page","link":"https:\/\/www.nooteboom.com\/pl\/kim-jestesmy\/wizja-i-wartosci\/","title":{"rendered":"Wizja i warto\u015bci"},"content":{"rendered":"<div class=\"wpb-content-wrapper\"><p>[vc_row][vc_column][vc_column_text]Nooteboom kieruje si\u0119 czterema podstawowymi warto\u015bciami.<\/p>\n<ul>\n<li><strong><em>Zainteresowanie<br \/>\n<\/em><\/strong>Nooteboom naprawd\u0119 interesuje si\u0119 tym co zajmuje klient\u00f3w. Tym, to stanowi wyzwanie i jak mo\u017cna im pom\u00f3c dzi\u0119ki najlepszym rozwi\u0105zaniom problem\u00f3w z transportem. Dzi\u0119ki temu zrozumieniu, solidnej filozofii projektowania i nadzwyczajnym umiej\u0119tno\u015bciom produkcji, Nooteboom mo\u017ce zaoferowa\u0107 klientom najwy\u017csz\u0105 warto\u015b\u0107 dodan\u0105.<\/li>\n<\/ul>\n<p>&nbsp;<\/p>\n<ul>\n<li><strong><em>Niezawodno\u015b\u0107<br \/>\n<\/em><\/strong>Klienci Nooteboom musz\u0105 m\u00f3c polega\u0107 na swoich produktach, a co za tym idzie maj\u0105 dost\u0119p do sieci us\u0142ug, kt\u00f3re s\u0105 dla nich dost\u0119pne zawsze i wsz\u0119dzie. Nooteboom zawsze idzie o krok dalej, poniewa\u017c czynniki te s\u0105 istotne dla sukcesu naszych klient\u00f3w.<\/li>\n<\/ul>\n<p>&nbsp;<\/p>\n<ul>\n<li><strong><em>Prze\u0142omowo\u015b\u0107<br \/>\n<\/em><\/strong>Nooteboom ustanawia trendy ju\u017c od ponad 135 lat. Dotyczy to sprytnych rozwi\u0105za\u0144 technicznych, nowych koncepcji us\u0142ug lub wsparcia mi\u0119dzynarodowego.\u00a0 Nooteboom rzeczywi\u015bcie dokonuje prze\u0142om\u00f3w. Zawsze istnieje mo\u017cliwo\u015b\u0107 poprawy. Dlatego w\u0142a\u015bnie Nooteboom stawia sobie nowe wyzwania i pozostaje otwarta na innowacje.<\/li>\n<\/ul>\n<p>&nbsp;<\/p>\n<ul>\n<li><strong><em>Warto\u015b\u0107<br \/>\n<\/em><\/strong>Nooteboom dostarcza swoim klientom produkty o najni\u017cszym \u201eCa\u0142kowitym koszcie posiadania\u201c, poniewa\u017c naczepy wymagaj\u0105 bardzo niewielkiej konserwacji, sprawdzaj\u0105 si\u0119 najlepiej i maj\u0105 najwy\u017csz\u0105 warto\u015b\u0107 handlow\u0105. S\u0105 produkowane tak, aby zapewni\u0107 maksymalny zysk w \u0142a\u0144cuchu dostaw swoich klient\u00f3w.<\/li>\n<\/ul>\n<p>[\/vc_column_text][\/vc_column][\/vc_row]<\/p>\n<\/div>","protected":false},"excerpt":{"rendered":"[vc_row][vc_column][vc_column_text]Nooteboom kieruje si\u0119 czterema podstawowymi warto\u015bciami. Zainteresowanie Nooteboom naprawd\u0119 interesuje si\u0119 tym co zajmuje klient\u00f3w. Tym, to stanowi wyzwanie i&#8230;","protected":false},"author":45,"featured_media":3918,"parent":9972,"menu_order":2,"comment_status":"closed","ping_status":"closed","template":"","meta":{"_acf_changed":false,"inline_featured_image":false,"footnotes":""},"class_list":["post-10028","page","type-page","status-publish","has-post-thumbnail","hentry"],"acf":[],"yoast_head":"<!-- This site is optimized with the Yoast SEO Premium plugin v25.7.1 (Yoast SEO v25.7) - https:\/\/yoast.com\/wordpress\/plugins\/seo\/ -->\n<title>Wizja i warto\u015bci | Nooteboom Trailers<\/title>\n<meta name=\"description\" content=\"Nooteboom kieruje si\u0119 czterema podstawowymi warto\u015bciami.\" \/>\n<meta name=\"robots\" content=\"index, follow, max-snippet:-1, max-image-preview:large, max-video-preview:-1\" \/>\n<link rel=\"canonical\" href=\"https:\/\/www.nooteboom.com\/pl\/kim-jestesmy\/wizja-i-wartosci\/\" \/>\n<meta property=\"og:locale\" content=\"pl_PL\" \/>\n<meta property=\"og:type\" content=\"article\" \/>\n<meta property=\"og:title\" content=\"Wizja i warto\u015bci\" \/>\n<meta property=\"og:description\" content=\"Nooteboom kieruje si\u0119 czterema podstawowymi warto\u015bciami.\" \/>\n<meta property=\"og:url\" content=\"https:\/\/www.nooteboom.com\/pl\/kim-jestesmy\/wizja-i-wartosci\/\" \/>\n<meta property=\"og:site_name\" content=\"Nooteboom Trailers\" \/>\n<meta property=\"article:publisher\" content=\"https:\/\/nl-nl.facebook.com\/nooteboomtrailers\/\" \/>\n<meta property=\"article:modified_time\" content=\"2016-08-10T11:44:20+00:00\" \/>\n<meta property=\"og:image\" content=\"https:\/\/www.nooteboom.com\/wp-content\/uploads\/Vision-and-values.jpg\" \/>\n\t<meta property=\"og:image:width\" content=\"2048\" \/>\n\t<meta property=\"og:image:height\" content=\"942\" \/>\n\t<meta property=\"og:image:type\" content=\"image\/jpeg\" \/>\n<meta name=\"twitter:card\" content=\"summary_large_image\" \/>\n<meta name=\"twitter:label1\" content=\"Szacowany czas czytania\" \/>\n\t<meta name=\"twitter:data1\" content=\"1 minuta\" \/>\n<script type=\"application\/ld+json\" class=\"yoast-schema-graph\">{\"@context\":\"https:\/\/schema.org\",\"@graph\":[{\"@type\":\"WebPage\",\"@id\":\"https:\/\/www.nooteboom.com\/pl\/kim-jestesmy\/wizja-i-wartosci\/\",\"url\":\"https:\/\/www.nooteboom.com\/pl\/kim-jestesmy\/wizja-i-wartosci\/\",\"name\":\"Wizja i warto\u015bci | Nooteboom Trailers\",\"isPartOf\":{\"@id\":\"https:\/\/www.nooteboom.com\/pl\/#website\"},\"primaryImageOfPage\":{\"@id\":\"https:\/\/www.nooteboom.com\/pl\/kim-jestesmy\/wizja-i-wartosci\/#primaryimage\"},\"image\":{\"@id\":\"https:\/\/www.nooteboom.com\/pl\/kim-jestesmy\/wizja-i-wartosci\/#primaryimage\"},\"thumbnailUrl\":\"https:\/\/www.nooteboom.com\/wp-content\/uploads\/Vision-and-values.jpg\",\"datePublished\":\"2016-08-03T13:55:50+00:00\",\"dateModified\":\"2016-08-10T11:44:20+00:00\",\"description\":\"Nooteboom kieruje si\u0119 czterema podstawowymi warto\u015bciami.\",\"breadcrumb\":{\"@id\":\"https:\/\/www.nooteboom.com\/pl\/kim-jestesmy\/wizja-i-wartosci\/#breadcrumb\"},\"inLanguage\":\"pl-PL\",\"potentialAction\":[{\"@type\":\"ReadAction\",\"target\":[\"https:\/\/www.nooteboom.com\/pl\/kim-jestesmy\/wizja-i-wartosci\/\"]}]},{\"@type\":\"ImageObject\",\"inLanguage\":\"pl-PL\",\"@id\":\"https:\/\/www.nooteboom.com\/pl\/kim-jestesmy\/wizja-i-wartosci\/#primaryimage\",\"url\":\"https:\/\/www.nooteboom.com\/wp-content\/uploads\/Vision-and-values.jpg\",\"contentUrl\":\"https:\/\/www.nooteboom.com\/wp-content\/uploads\/Vision-and-values.jpg\",\"width\":2048,\"height\":942,\"caption\":\"Wizja i warto\u015bci\"},{\"@type\":\"BreadcrumbList\",\"@id\":\"https:\/\/www.nooteboom.com\/pl\/kim-jestesmy\/wizja-i-wartosci\/#breadcrumb\",\"itemListElement\":[{\"@type\":\"ListItem\",\"position\":1,\"name\":\"Home\",\"item\":\"https:\/\/www.nooteboom.com\/pl\/\"},{\"@type\":\"ListItem\",\"position\":2,\"name\":\"Kim jeste\u015bmy\",\"item\":\"https:\/\/www.nooteboom.com\/pl\/kim-jestesmy\/\"},{\"@type\":\"ListItem\",\"position\":3,\"name\":\"Wizja i warto\u015bci\"}]},{\"@type\":\"WebSite\",\"@id\":\"https:\/\/www.nooteboom.com\/pl\/#website\",\"url\":\"https:\/\/www.nooteboom.com\/pl\/\",\"name\":\"Nooteboom Trailers\",\"description\":\"Gets you there.\",\"publisher\":{\"@id\":\"https:\/\/www.nooteboom.com\/pl\/#organization\"},\"potentialAction\":[{\"@type\":\"SearchAction\",\"target\":{\"@type\":\"EntryPoint\",\"urlTemplate\":\"https:\/\/www.nooteboom.com\/pl\/?s={search_term_string}\"},\"query-input\":{\"@type\":\"PropertyValueSpecification\",\"valueRequired\":true,\"valueName\":\"search_term_string\"}}],\"inLanguage\":\"pl-PL\"},{\"@type\":\"Organization\",\"@id\":\"https:\/\/www.nooteboom.com\/pl\/#organization\",\"name\":\"Nooteboom Trailers\",\"url\":\"https:\/\/www.nooteboom.com\/pl\/\",\"logo\":{\"@type\":\"ImageObject\",\"inLanguage\":\"pl-PL\",\"@id\":\"https:\/\/www.nooteboom.com\/pl\/#\/schema\/logo\/image\/\",\"url\":\"https:\/\/www.nooteboom.com\/wp-content\/uploads\/logo.png\",\"contentUrl\":\"https:\/\/www.nooteboom.com\/wp-content\/uploads\/logo.png\",\"width\":111,\"height\":66,\"caption\":\"Nooteboom Trailers\"},\"image\":{\"@id\":\"https:\/\/www.nooteboom.com\/pl\/#\/schema\/logo\/image\/\"},\"sameAs\":[\"https:\/\/nl-nl.facebook.com\/nooteboomtrailers\/\",\"https:\/\/nl.linkedin.com\/company\/nooteboom-trailers\",\"https:\/\/www.youtube.com\/user\/Nooteboomtrailers\"]}]}<\/script>\n<!-- \/ Yoast SEO Premium plugin. -->","yoast_head_json":{"title":"Wizja i warto\u015bci | Nooteboom Trailers","description":"Nooteboom kieruje si\u0119 czterema podstawowymi warto\u015bciami.","robots":{"index":"index","follow":"follow","max-snippet":"max-snippet:-1","max-image-preview":"max-image-preview:large","max-video-preview":"max-video-preview:-1"},"canonical":"https:\/\/www.nooteboom.com\/pl\/kim-jestesmy\/wizja-i-wartosci\/","og_locale":"pl_PL","og_type":"article","og_title":"Wizja i warto\u015bci","og_description":"Nooteboom kieruje si\u0119 czterema podstawowymi warto\u015bciami.","og_url":"https:\/\/www.nooteboom.com\/pl\/kim-jestesmy\/wizja-i-wartosci\/","og_site_name":"Nooteboom Trailers","article_publisher":"https:\/\/nl-nl.facebook.com\/nooteboomtrailers\/","article_modified_time":"2016-08-10T11:44:20+00:00","og_image":[{"width":2048,"height":942,"url":"https:\/\/www.nooteboom.com\/wp-content\/uploads\/Vision-and-values.jpg","type":"image\/jpeg"}],"twitter_card":"summary_large_image","twitter_misc":{"Szacowany czas czytania":"1 minuta"},"schema":{"@context":"https:\/\/schema.org","@graph":[{"@type":"WebPage","@id":"https:\/\/www.nooteboom.com\/pl\/kim-jestesmy\/wizja-i-wartosci\/","url":"https:\/\/www.nooteboom.com\/pl\/kim-jestesmy\/wizja-i-wartosci\/","name":"Wizja i warto\u015bci | Nooteboom Trailers","isPartOf":{"@id":"https:\/\/www.nooteboom.com\/pl\/#website"},"primaryImageOfPage":{"@id":"https:\/\/www.nooteboom.com\/pl\/kim-jestesmy\/wizja-i-wartosci\/#primaryimage"},"image":{"@id":"https:\/\/www.nooteboom.com\/pl\/kim-jestesmy\/wizja-i-wartosci\/#primaryimage"},"thumbnailUrl":"https:\/\/www.nooteboom.com\/wp-content\/uploads\/Vision-and-values.jpg","datePublished":"2016-08-03T13:55:50+00:00","dateModified":"2016-08-10T11:44:20+00:00","description":"Nooteboom kieruje si\u0119 czterema podstawowymi warto\u015bciami.","breadcrumb":{"@id":"https:\/\/www.nooteboom.com\/pl\/kim-jestesmy\/wizja-i-wartosci\/#breadcrumb"},"inLanguage":"pl-PL","potentialAction":[{"@type":"ReadAction","target":["https:\/\/www.nooteboom.com\/pl\/kim-jestesmy\/wizja-i-wartosci\/"]}]},{"@type":"ImageObject","inLanguage":"pl-PL","@id":"https:\/\/www.nooteboom.com\/pl\/kim-jestesmy\/wizja-i-wartosci\/#primaryimage","url":"https:\/\/www.nooteboom.com\/wp-content\/uploads\/Vision-and-values.jpg","contentUrl":"https:\/\/www.nooteboom.com\/wp-content\/uploads\/Vision-and-values.jpg","width":2048,"height":942,"caption":"Wizja i warto\u015bci"},{"@type":"BreadcrumbList","@id":"https:\/\/www.nooteboom.com\/pl\/kim-jestesmy\/wizja-i-wartosci\/#breadcrumb","itemListElement":[{"@type":"ListItem","position":1,"name":"Home","item":"https:\/\/www.nooteboom.com\/pl\/"},{"@type":"ListItem","position":2,"name":"Kim jeste\u015bmy","item":"https:\/\/www.nooteboom.com\/pl\/kim-jestesmy\/"},{"@type":"ListItem","position":3,"name":"Wizja i warto\u015bci"}]},{"@type":"WebSite","@id":"https:\/\/www.nooteboom.com\/pl\/#website","url":"https:\/\/www.nooteboom.com\/pl\/","name":"Nooteboom Trailers","description":"Gets you there.","publisher":{"@id":"https:\/\/www.nooteboom.com\/pl\/#organization"},"potentialAction":[{"@type":"SearchAction","target":{"@type":"EntryPoint","urlTemplate":"https:\/\/www.nooteboom.com\/pl\/?s={search_term_string}"},"query-input":{"@type":"PropertyValueSpecification","valueRequired":true,"valueName":"search_term_string"}}],"inLanguage":"pl-PL"},{"@type":"Organization","@id":"https:\/\/www.nooteboom.com\/pl\/#organization","name":"Nooteboom Trailers","url":"https:\/\/www.nooteboom.com\/pl\/","logo":{"@type":"ImageObject","inLanguage":"pl-PL","@id":"https:\/\/www.nooteboom.com\/pl\/#\/schema\/logo\/image\/","url":"https:\/\/www.nooteboom.com\/wp-content\/uploads\/logo.png","contentUrl":"https:\/\/www.nooteboom.com\/wp-content\/uploads\/logo.png","width":111,"height":66,"caption":"Nooteboom Trailers"},"image":{"@id":"https:\/\/www.nooteboom.com\/pl\/#\/schema\/logo\/image\/"},"sameAs":["https:\/\/nl-nl.facebook.com\/nooteboomtrailers\/","https:\/\/nl.linkedin.com\/company\/nooteboom-trailers","https:\/\/www.youtube.com\/user\/Nooteboomtrailers"]}]}},"_links":{"self":[{"href":"https:\/\/www.nooteboom.com\/pl\/wp-json\/wp\/v2\/pages\/10028","targetHints":{"allow":["GET"]}}],"collection":[{"href":"https:\/\/www.nooteboom.com\/pl\/wp-json\/wp\/v2\/pages"}],"about":[{"href":"https:\/\/www.nooteboom.com\/pl\/wp-json\/wp\/v2\/types\/page"}],"author":[{"embeddable":true,"href":"https:\/\/www.nooteboom.com\/pl\/wp-json\/wp\/v2\/users\/45"}],"replies":[{"embeddable":true,"href":"https:\/\/www.nooteboom.com\/pl\/wp-json\/wp\/v2\/comments?post=10028"}],"version-history":[{"count":3,"href":"https:\/\/www.nooteboom.com\/pl\/wp-json\/wp\/v2\/pages\/10028\/revisions"}],"predecessor-version":[{"id":10092,"href":"https:\/\/www.nooteboom.com\/pl\/wp-json\/wp\/v2\/pages\/10028\/revisions\/10092"}],"up":[{"embeddable":true,"href":"https:\/\/www.nooteboom.com\/pl\/wp-json\/wp\/v2\/pages\/9972"}],"wp:featuredmedia":[{"embeddable":true,"href":"https:\/\/www.nooteboom.com\/pl\/wp-json\/wp\/v2\/media\/3918"}],"wp:attachment":[{"href":"https:\/\/www.nooteboom.com\/pl\/wp-json\/wp\/v2\/media?parent=10028"}],"curies":[{"name":"wp","href":"https:\/\/api.w.org\/{rel}","templated":true}]}}