{"id":10023,"date":"2016-08-03T15:54:25","date_gmt":"2016-08-03T13:54:25","guid":{"rendered":"https:\/\/www.nooteboom.com\/?page_id=10023&#038;lang=pl"},"modified":"2016-08-10T13:44:41","modified_gmt":"2016-08-10T11:44:41","slug":"jakosc-i-trwalosc","status":"publish","type":"page","link":"https:\/\/www.nooteboom.com\/pl\/kim-jestesmy\/jakosc-i-trwalosc\/","title":{"rendered":"Jako\u015b\u0107 i trwa\u0142o\u015b\u0107"},"content":{"rendered":"<div class=\"wpb-content-wrapper\"><p>[vc_row][vc_column width=&#8221;1\/2&#8243;][vc_column_text]Niezawodno\u015b\u0107 to jedna z podstawowych warto\u015bci w Nooteboom. Dostarczanie najwy\u017cszej jako\u015bci ma zatem zasadnicze znaczenie. Nooteboom nigdy nie idzie na ust\u0119pstwa je\u015bli chodzi o jako\u015b\u0107 ich produkt\u00f3w i us\u0142ug. Dlatego stosuje tylko materia\u0142y najwy\u017cszej jako\u015bci i pochodz\u0105ce od najlepszych marek komponenty z certyfikatami jako\u015bci.<\/p>\n<p>R\u00f3wnie\u017c w procesie produkcji du\u017co uwagi po\u015bwi\u0119ca si\u0119 jako\u015bci i redukcji czasu realizacji. Przyczyniaj\u0105 si\u0119 do tego najnowsze technologie i techniki, zastosowanie zarz\u0105dzania LEAN, kompleksowy system zapewnienia jako\u015bci i pierwszorz\u0119dne programy edukacyjne i szkoleniowe dla pracownik\u00f3w.<\/p>\n<h3><\/h3>\n<p>[\/vc_column_text][\/vc_column][vc_column width=&#8221;1\/2&#8243;][vc_single_image image=&#8221;1596&#8243; img_size=&#8221;large&#8221;][\/vc_column][\/vc_row][vc_row][vc_column][vc_column_text]W ca\u0142ej Europie Nooteboom posiada sie\u0107 w\u0142asnych centr\u00f3w serwisowych, mobilnych warsztat\u00f3w serwisowych i autoryzowanych partner\u00f3w serwisowych. Wsz\u0119dzie, gdzie mo\u017cesz spotka\u0107 Nooteboom, mo\u017cesz oczekiwa\u0107 takiego samego wysokiego poziomu profesjonalizmu i po\u015bwi\u0119cenia w stosunku do twojej firmy. W razie wypadku Nooteboom oferuje pogotowie serwisowe dost\u0119pne 24\/7.[\/vc_column_text][vc_separator][\/vc_column][\/vc_row][vc_row][vc_column width=&#8221;1\/2&#8243;][vc_column_text]<\/p>\n<h3>Niski ca\u0142kowity koszt posiadania<\/h3>\n<p>Wszystko to przyczynia si\u0119 do tego, \u017ce Nooteboom mo\u017ce zaoferowa\u0107 najwy\u017csz\u0105 niezawodno\u015b\u0107 przy najkorzystniejszym stosunku ceny do jako\u015bci. Oznacza to r\u00f3wnie\u017c, \u017ce pojazdy Nooteboom maj\u0105 wysok\u0105 warto\u015b\u0107 handlow\u0105.[\/vc_column_text][\/vc_column][vc_column width=&#8221;1\/2&#8243;][vc_column_text]<\/p>\n<h3>Zr\u00f3wnowa\u017cony rozw\u00f3j<\/h3>\n<p>Nooteboom dzia\u0142a w r\u00f3\u017cnych obszarach tak, aby rozw\u00f3j dzia\u0142alno\u015bci by\u0142 bardziej zr\u00f3wnowa\u017cony. Jest to wa\u017cne nie tylko dla \u015brodowiska, lecz r\u00f3wnie\u017c dla Nooteboom i ich klient\u00f3w.\u00a0 Zr\u00f3wnowa\u017cony sukces idzie w parze z prowadzeniem odpowiedzialnego przedsi\u0119biorstwa.[\/vc_column_text][\/vc_column][\/vc_row][vc_row][vc_column]<div class=\"content hidden\">\n\n\t<\/p>\n<ul>\n<li><em>Wydajne stosowanie materia\u0142\u00f3w i zasob\u00f3w<\/em><br \/>\nPodczas procesu produkcji surowce wykorzystywane s\u0105 na wiele sposob\u00f3w. Ponowne u\u017cycie materia\u0142\u00f3w; zastosowanie starannie dobranych farb i \u015brodk\u00f3w ochronnych, kt\u00f3re zawieraj\u0105 mo\u017cliwie najmniejsz\u0105 ilo\u015b\u0107 szkodliwych substancji; stosowanie mniejszej ilo\u015bci wody i energii podczas procesu produkcji; unikanie marnowania materia\u0142\u00f3w poprzez bezb\u0142\u0119dn\u0105 produkcj\u0119.\u00a0 Wszystko to pomaga.<\/li>\n<\/ul>\n<ul>\n<li><em>Bardziej zr\u00f3wnowa\u017cona konfiguracja proces\u00f3w produkcyjnych oraz \u015brodowiska pracy<\/em><br \/>\n\u015acis\u0142e monitorowanie strumieni odpad\u00f3w; redukcja zu\u017cycia energii podczas produkcji i w biurach poprzez reorganizacj\u0119 \u015brodowiska biurowego i produkcyjnego; poprawa strumieni produkcyjnych poprzez wdro\u017cenie metodologii LEAN. Ograniczy to wp\u0142yw proces\u00f3w produkcyjnych na \u015brodowisko.<\/li>\n<\/ul>\n<ul>\n<li><em>Poprawa wydajno\u015bci ekologicznej naczep Nooteboom poprzez uwzgl\u0119dnienie tego ju\u017c w pierwszej fazie projektowania.<br \/>\n<\/em>W fazie konstrukcyjnej naczepy Nooteboom zawsze stara si\u0119 odkry\u0107 tak inteligentne projekty i sposoby u\u017cycia materia\u0142\u00f3w, aby poprawi\u0107 wydajno\u015b\u0107 \u015brodowiskow\u0105 naczep Nooteboom. Poprzez zastosowanie l\u017cejszych materia\u0142\u00f3w i komponent\u00f3w; projektowanie inteligentnych system\u00f3w w celu redukcji zu\u017cycia; wyd\u0142u\u017cenie \u017cywotno\u015bci dzi\u0119ki u\u017cyciu materia\u0142\u00f3w najwy\u017cszej jako\u015bci i budowaniu solidnych konstrukcji, kt\u00f3re wyd\u0142u\u017caj\u0105 \u017cycie naczep.<\/li>\n<\/ul>\n<p>\n\n<\/div>\n\n<div class=\"vc_read_more print more\">\n\n\t\t\t<p>Nooteboom skupia si\u0119 na nast\u0119puj\u0105cych dzia\u0142aniach, kt\u00f3re maj\u0105 na celu popraw\u0119 \u015bladu ekologicznego:<\/p>\n\t\n\t<a href=\"#readmore\" data-less=\"Zwi\u0144\" data-more=\"Rozwi\u0144\" class=\"button\">\n\t\t<em>Rozwi\u0144<\/em>\n\t\t<span class=\"fa fa-chevron-right\"><\/span>\n\t<\/a>\n\n<\/div>[\/vc_column][\/vc_row]<\/p>\n<\/div>","protected":false},"excerpt":{"rendered":"[vc_row][vc_column width=&#8221;1\/2&#8243;][vc_column_text]Niezawodno\u015b\u0107 to jedna z podstawowych warto\u015bci w Nooteboom. Dostarczanie najwy\u017cszej jako\u015bci ma zatem zasadnicze znaczenie. Nooteboom nigdy nie idzie&#8230;","protected":false},"author":45,"featured_media":4058,"parent":9972,"menu_order":4,"comment_status":"closed","ping_status":"closed","template":"","meta":{"_acf_changed":false,"inline_featured_image":false,"footnotes":""},"class_list":["post-10023","page","type-page","status-publish","has-post-thumbnail","hentry"],"acf":[],"yoast_head":"<!-- This site is optimized with the Yoast SEO Premium plugin v25.7.1 (Yoast SEO v25.7) - https:\/\/yoast.com\/wordpress\/plugins\/seo\/ -->\n<title>Jako\u015b\u0107 i trwa\u0142o\u015b\u0107 | Nooteboom Trailers<\/title>\n<meta name=\"description\" content=\"Niezawodno\u015b\u0107 to jedna z podstawowych warto\u015bci w Nooteboom. Dostarczanie najwy\u017cszej jako\u015bci ma zatem zasadnicze znaczenie.\" \/>\n<meta name=\"robots\" content=\"index, follow, max-snippet:-1, max-image-preview:large, max-video-preview:-1\" \/>\n<link rel=\"canonical\" href=\"https:\/\/www.nooteboom.com\/pl\/kim-jestesmy\/jakosc-i-trwalosc\/\" \/>\n<meta property=\"og:locale\" content=\"pl_PL\" \/>\n<meta property=\"og:type\" content=\"article\" \/>\n<meta property=\"og:title\" content=\"Jako\u015b\u0107 i trwa\u0142o\u015b\u0107\" \/>\n<meta property=\"og:description\" content=\"Niezawodno\u015b\u0107 to jedna z podstawowych warto\u015bci w Nooteboom. Dostarczanie najwy\u017cszej jako\u015bci ma zatem zasadnicze znaczenie.\" \/>\n<meta property=\"og:url\" content=\"https:\/\/www.nooteboom.com\/pl\/kim-jestesmy\/jakosc-i-trwalosc\/\" \/>\n<meta property=\"og:site_name\" content=\"Nooteboom Trailers\" \/>\n<meta property=\"article:publisher\" content=\"https:\/\/nl-nl.facebook.com\/nooteboomtrailers\/\" \/>\n<meta property=\"article:modified_time\" content=\"2016-08-10T11:44:41+00:00\" \/>\n<meta property=\"og:image\" content=\"https:\/\/www.nooteboom.com\/wp-content\/uploads\/Quality-and-durability.jpg\" \/>\n\t<meta property=\"og:image:width\" content=\"2500\" \/>\n\t<meta property=\"og:image:height\" content=\"1663\" \/>\n\t<meta property=\"og:image:type\" content=\"image\/jpeg\" \/>\n<meta name=\"twitter:card\" content=\"summary_large_image\" \/>\n<meta name=\"twitter:label1\" content=\"Szacowany czas czytania\" \/>\n\t<meta name=\"twitter:data1\" content=\"3 minuty\" \/>\n<script type=\"application\/ld+json\" class=\"yoast-schema-graph\">{\"@context\":\"https:\/\/schema.org\",\"@graph\":[{\"@type\":\"WebPage\",\"@id\":\"https:\/\/www.nooteboom.com\/pl\/kim-jestesmy\/jakosc-i-trwalosc\/\",\"url\":\"https:\/\/www.nooteboom.com\/pl\/kim-jestesmy\/jakosc-i-trwalosc\/\",\"name\":\"Jako\u015b\u0107 i trwa\u0142o\u015b\u0107 | Nooteboom Trailers\",\"isPartOf\":{\"@id\":\"https:\/\/www.nooteboom.com\/pl\/#website\"},\"primaryImageOfPage\":{\"@id\":\"https:\/\/www.nooteboom.com\/pl\/kim-jestesmy\/jakosc-i-trwalosc\/#primaryimage\"},\"image\":{\"@id\":\"https:\/\/www.nooteboom.com\/pl\/kim-jestesmy\/jakosc-i-trwalosc\/#primaryimage\"},\"thumbnailUrl\":\"https:\/\/www.nooteboom.com\/wp-content\/uploads\/Quality-and-durability.jpg\",\"datePublished\":\"2016-08-03T13:54:25+00:00\",\"dateModified\":\"2016-08-10T11:44:41+00:00\",\"description\":\"Niezawodno\u015b\u0107 to jedna z podstawowych warto\u015bci w Nooteboom. Dostarczanie najwy\u017cszej jako\u015bci ma zatem zasadnicze znaczenie.\",\"breadcrumb\":{\"@id\":\"https:\/\/www.nooteboom.com\/pl\/kim-jestesmy\/jakosc-i-trwalosc\/#breadcrumb\"},\"inLanguage\":\"pl-PL\",\"potentialAction\":[{\"@type\":\"ReadAction\",\"target\":[\"https:\/\/www.nooteboom.com\/pl\/kim-jestesmy\/jakosc-i-trwalosc\/\"]}]},{\"@type\":\"ImageObject\",\"inLanguage\":\"pl-PL\",\"@id\":\"https:\/\/www.nooteboom.com\/pl\/kim-jestesmy\/jakosc-i-trwalosc\/#primaryimage\",\"url\":\"https:\/\/www.nooteboom.com\/wp-content\/uploads\/Quality-and-durability.jpg\",\"contentUrl\":\"https:\/\/www.nooteboom.com\/wp-content\/uploads\/Quality-and-durability.jpg\",\"width\":2500,\"height\":1663,\"caption\":\"Jako\u015b\u0107 i trwa\u0142o\u015b\u0107\"},{\"@type\":\"BreadcrumbList\",\"@id\":\"https:\/\/www.nooteboom.com\/pl\/kim-jestesmy\/jakosc-i-trwalosc\/#breadcrumb\",\"itemListElement\":[{\"@type\":\"ListItem\",\"position\":1,\"name\":\"Home\",\"item\":\"https:\/\/www.nooteboom.com\/pl\/\"},{\"@type\":\"ListItem\",\"position\":2,\"name\":\"Kim jeste\u015bmy\",\"item\":\"https:\/\/www.nooteboom.com\/pl\/kim-jestesmy\/\"},{\"@type\":\"ListItem\",\"position\":3,\"name\":\"Jako\u015b\u0107 i trwa\u0142o\u015b\u0107\"}]},{\"@type\":\"WebSite\",\"@id\":\"https:\/\/www.nooteboom.com\/pl\/#website\",\"url\":\"https:\/\/www.nooteboom.com\/pl\/\",\"name\":\"Nooteboom Trailers\",\"description\":\"Gets you there.\",\"publisher\":{\"@id\":\"https:\/\/www.nooteboom.com\/pl\/#organization\"},\"potentialAction\":[{\"@type\":\"SearchAction\",\"target\":{\"@type\":\"EntryPoint\",\"urlTemplate\":\"https:\/\/www.nooteboom.com\/pl\/?s={search_term_string}\"},\"query-input\":{\"@type\":\"PropertyValueSpecification\",\"valueRequired\":true,\"valueName\":\"search_term_string\"}}],\"inLanguage\":\"pl-PL\"},{\"@type\":\"Organization\",\"@id\":\"https:\/\/www.nooteboom.com\/pl\/#organization\",\"name\":\"Nooteboom Trailers\",\"url\":\"https:\/\/www.nooteboom.com\/pl\/\",\"logo\":{\"@type\":\"ImageObject\",\"inLanguage\":\"pl-PL\",\"@id\":\"https:\/\/www.nooteboom.com\/pl\/#\/schema\/logo\/image\/\",\"url\":\"https:\/\/www.nooteboom.com\/wp-content\/uploads\/logo.png\",\"contentUrl\":\"https:\/\/www.nooteboom.com\/wp-content\/uploads\/logo.png\",\"width\":111,\"height\":66,\"caption\":\"Nooteboom Trailers\"},\"image\":{\"@id\":\"https:\/\/www.nooteboom.com\/pl\/#\/schema\/logo\/image\/\"},\"sameAs\":[\"https:\/\/nl-nl.facebook.com\/nooteboomtrailers\/\",\"https:\/\/nl.linkedin.com\/company\/nooteboom-trailers\",\"https:\/\/www.youtube.com\/user\/Nooteboomtrailers\"]}]}<\/script>\n<!-- \/ Yoast SEO Premium plugin. -->","yoast_head_json":{"title":"Jako\u015b\u0107 i trwa\u0142o\u015b\u0107 | Nooteboom Trailers","description":"Niezawodno\u015b\u0107 to jedna z podstawowych warto\u015bci w Nooteboom. Dostarczanie najwy\u017cszej jako\u015bci ma zatem zasadnicze znaczenie.","robots":{"index":"index","follow":"follow","max-snippet":"max-snippet:-1","max-image-preview":"max-image-preview:large","max-video-preview":"max-video-preview:-1"},"canonical":"https:\/\/www.nooteboom.com\/pl\/kim-jestesmy\/jakosc-i-trwalosc\/","og_locale":"pl_PL","og_type":"article","og_title":"Jako\u015b\u0107 i trwa\u0142o\u015b\u0107","og_description":"Niezawodno\u015b\u0107 to jedna z podstawowych warto\u015bci w Nooteboom. Dostarczanie najwy\u017cszej jako\u015bci ma zatem zasadnicze znaczenie.","og_url":"https:\/\/www.nooteboom.com\/pl\/kim-jestesmy\/jakosc-i-trwalosc\/","og_site_name":"Nooteboom Trailers","article_publisher":"https:\/\/nl-nl.facebook.com\/nooteboomtrailers\/","article_modified_time":"2016-08-10T11:44:41+00:00","og_image":[{"width":2500,"height":1663,"url":"https:\/\/www.nooteboom.com\/wp-content\/uploads\/Quality-and-durability.jpg","type":"image\/jpeg"}],"twitter_card":"summary_large_image","twitter_misc":{"Szacowany czas czytania":"3 minuty"},"schema":{"@context":"https:\/\/schema.org","@graph":[{"@type":"WebPage","@id":"https:\/\/www.nooteboom.com\/pl\/kim-jestesmy\/jakosc-i-trwalosc\/","url":"https:\/\/www.nooteboom.com\/pl\/kim-jestesmy\/jakosc-i-trwalosc\/","name":"Jako\u015b\u0107 i trwa\u0142o\u015b\u0107 | Nooteboom Trailers","isPartOf":{"@id":"https:\/\/www.nooteboom.com\/pl\/#website"},"primaryImageOfPage":{"@id":"https:\/\/www.nooteboom.com\/pl\/kim-jestesmy\/jakosc-i-trwalosc\/#primaryimage"},"image":{"@id":"https:\/\/www.nooteboom.com\/pl\/kim-jestesmy\/jakosc-i-trwalosc\/#primaryimage"},"thumbnailUrl":"https:\/\/www.nooteboom.com\/wp-content\/uploads\/Quality-and-durability.jpg","datePublished":"2016-08-03T13:54:25+00:00","dateModified":"2016-08-10T11:44:41+00:00","description":"Niezawodno\u015b\u0107 to jedna z podstawowych warto\u015bci w Nooteboom. Dostarczanie najwy\u017cszej jako\u015bci ma zatem zasadnicze znaczenie.","breadcrumb":{"@id":"https:\/\/www.nooteboom.com\/pl\/kim-jestesmy\/jakosc-i-trwalosc\/#breadcrumb"},"inLanguage":"pl-PL","potentialAction":[{"@type":"ReadAction","target":["https:\/\/www.nooteboom.com\/pl\/kim-jestesmy\/jakosc-i-trwalosc\/"]}]},{"@type":"ImageObject","inLanguage":"pl-PL","@id":"https:\/\/www.nooteboom.com\/pl\/kim-jestesmy\/jakosc-i-trwalosc\/#primaryimage","url":"https:\/\/www.nooteboom.com\/wp-content\/uploads\/Quality-and-durability.jpg","contentUrl":"https:\/\/www.nooteboom.com\/wp-content\/uploads\/Quality-and-durability.jpg","width":2500,"height":1663,"caption":"Jako\u015b\u0107 i trwa\u0142o\u015b\u0107"},{"@type":"BreadcrumbList","@id":"https:\/\/www.nooteboom.com\/pl\/kim-jestesmy\/jakosc-i-trwalosc\/#breadcrumb","itemListElement":[{"@type":"ListItem","position":1,"name":"Home","item":"https:\/\/www.nooteboom.com\/pl\/"},{"@type":"ListItem","position":2,"name":"Kim jeste\u015bmy","item":"https:\/\/www.nooteboom.com\/pl\/kim-jestesmy\/"},{"@type":"ListItem","position":3,"name":"Jako\u015b\u0107 i trwa\u0142o\u015b\u0107"}]},{"@type":"WebSite","@id":"https:\/\/www.nooteboom.com\/pl\/#website","url":"https:\/\/www.nooteboom.com\/pl\/","name":"Nooteboom Trailers","description":"Gets you there.","publisher":{"@id":"https:\/\/www.nooteboom.com\/pl\/#organization"},"potentialAction":[{"@type":"SearchAction","target":{"@type":"EntryPoint","urlTemplate":"https:\/\/www.nooteboom.com\/pl\/?s={search_term_string}"},"query-input":{"@type":"PropertyValueSpecification","valueRequired":true,"valueName":"search_term_string"}}],"inLanguage":"pl-PL"},{"@type":"Organization","@id":"https:\/\/www.nooteboom.com\/pl\/#organization","name":"Nooteboom Trailers","url":"https:\/\/www.nooteboom.com\/pl\/","logo":{"@type":"ImageObject","inLanguage":"pl-PL","@id":"https:\/\/www.nooteboom.com\/pl\/#\/schema\/logo\/image\/","url":"https:\/\/www.nooteboom.com\/wp-content\/uploads\/logo.png","contentUrl":"https:\/\/www.nooteboom.com\/wp-content\/uploads\/logo.png","width":111,"height":66,"caption":"Nooteboom Trailers"},"image":{"@id":"https:\/\/www.nooteboom.com\/pl\/#\/schema\/logo\/image\/"},"sameAs":["https:\/\/nl-nl.facebook.com\/nooteboomtrailers\/","https:\/\/nl.linkedin.com\/company\/nooteboom-trailers","https:\/\/www.youtube.com\/user\/Nooteboomtrailers"]}]}},"_links":{"self":[{"href":"https:\/\/www.nooteboom.com\/pl\/wp-json\/wp\/v2\/pages\/10023","targetHints":{"allow":["GET"]}}],"collection":[{"href":"https:\/\/www.nooteboom.com\/pl\/wp-json\/wp\/v2\/pages"}],"about":[{"href":"https:\/\/www.nooteboom.com\/pl\/wp-json\/wp\/v2\/types\/page"}],"author":[{"embeddable":true,"href":"https:\/\/www.nooteboom.com\/pl\/wp-json\/wp\/v2\/users\/45"}],"replies":[{"embeddable":true,"href":"https:\/\/www.nooteboom.com\/pl\/wp-json\/wp\/v2\/comments?post=10023"}],"version-history":[{"count":4,"href":"https:\/\/www.nooteboom.com\/pl\/wp-json\/wp\/v2\/pages\/10023\/revisions"}],"predecessor-version":[{"id":10098,"href":"https:\/\/www.nooteboom.com\/pl\/wp-json\/wp\/v2\/pages\/10023\/revisions\/10098"}],"up":[{"embeddable":true,"href":"https:\/\/www.nooteboom.com\/pl\/wp-json\/wp\/v2\/pages\/9972"}],"wp:featuredmedia":[{"embeddable":true,"href":"https:\/\/www.nooteboom.com\/pl\/wp-json\/wp\/v2\/media\/4058"}],"wp:attachment":[{"href":"https:\/\/www.nooteboom.com\/pl\/wp-json\/wp\/v2\/media?parent=10023"}],"curies":[{"name":"wp","href":"https:\/\/api.w.org\/{rel}","templated":true}]}}