{"id":10021,"date":"2016-08-03T15:53:35","date_gmt":"2016-08-03T13:53:35","guid":{"rendered":"https:\/\/www.nooteboom.com\/?page_id=10021&#038;lang=pl"},"modified":"2025-07-04T14:41:51","modified_gmt":"2025-07-04T12:41:51","slug":"organizacja","status":"publish","type":"page","link":"https:\/\/www.nooteboom.com\/pl\/kim-jestesmy\/organizacja\/","title":{"rendered":"Organizacja"},"content":{"rendered":"<div class=\"wpb-content-wrapper\"><p>[vc_row][vc_column][vc_column_text]G\u0142\u00f3wna siedziba Nooteboom znajduje si\u0119 w Wijchen (Holandia). Z tego miejsca zarz\u0105dzana jest grupa, a tak\u017ce w\u0142a\u015bnie tutaj mieszcz\u0105 si\u0119 jednostki pomocnicze. W Wijchen znajduj\u0105 si\u0119 tak\u017ce trzy sp\u00f3\u0142ki zale\u017cne, kt\u00f3re specjalizuj\u0105 si\u0119 w rozwoju, produkcji, \u015bwiadczeniu us\u0142ug i sprzeda\u017cy rozwi\u0105za\u0144 transportowych w zakresie transportu nienormatywnego.[\/vc_column_text][\/vc_column][\/vc_row][vc_row][vc_column width=&#8221;1\/2&#8243;][vc_single_image image=&#8221;1060&#8243; img_size=&#8221;large&#8221;][\/vc_column][vc_column width=&#8221;1\/2&#8243;][vc_column_text]<\/p>\n<ul>\n<li>\n<h2>Nooteboom Trailers<\/h2>\n<p>Lider na europejskim rynku w dziedzinie rozwoju i produkcji pojazd\u00f3w nienormatywnego transportu drogowego o \u0142adowno\u015bci od 20 do 200 ton;<\/li>\n<\/ul>\n<ul>\n<li>\n<h2>Nooteboom Trailer Service<\/h2>\n<p>Zapewnia konserwacj\u0119, cz\u0119\u015bci, naprawy, modernizacj\u0119 i remont pojazd\u00f3w;<\/li>\n<\/ul>\n<ul>\n<li>\n<h2>Nooteboom Global Trailer Centre<\/h2>\n<p>Specjalista w dziedzinie kupna\/sprzeda\u017cy wszystkich marek ci\u0105gnik\u00f3w i naczep do nienormatywnego transportu drogowego.<\/li>\n<\/ul>\n<p>[\/vc_column_text][\/vc_column][\/vc_row][vc_row][vc_column][vc_column_text]Sprzeda\u017c w Europie prowadzona jest poprzez w\u0142asn\u0105 sie\u0107 sprzeda\u017cy oraz starannie dobran\u0105 sie\u0107 dystrybutor\u00f3w.\u00a0 Sprzeda\u017c\u0105 w krajach poza Europ\u0105 zajmuje si\u0119 centrala w Wijchen.<\/p>\n<p>Do zapewnienia us\u0142ug i przegl\u0105d\u00f3w Nooteboom posiada rozbudowan\u0105 sie\u0107 serwisow\u0105 w ca\u0142ej Europie. Dzi\u0119ki mobilnemu dzia\u0142owi serwisowemu i pogotowiu serwisowemu dost\u0119pnemu 24 godziny na dob\u0119, wsparcie Nooteboom nigdy nie jest daleko. W Wielkiej Brytanii Nooteboom ma sw\u00f3j w\u0142asny zak\u0142ad zajmuj\u0105cy si\u0119 Serwisem i Sprzeda\u017c\u0105, Nooteboom UK Ltd.<\/p>\n<p><a class=\"button\" href=\"https:\/\/www.nooteboom.com\/pl\/pl\/kontakt\/\">Kontakt<\/a>[\/vc_column_text][\/vc_column][\/vc_row]<\/p>\n<\/div>","protected":false},"excerpt":{"rendered":"[vc_row][vc_column][vc_column_text]G\u0142\u00f3wna siedziba Nooteboom znajduje si\u0119 w Wijchen (Holandia). Z tego miejsca zarz\u0105dzana jest grupa, a tak\u017ce w\u0142a\u015bnie tutaj mieszcz\u0105 si\u0119&#8230;","protected":false},"author":45,"featured_media":2607144,"parent":9972,"menu_order":9,"comment_status":"closed","ping_status":"closed","template":"","meta":{"_acf_changed":false,"inline_featured_image":false,"footnotes":""},"class_list":["post-10021","page","type-page","status-publish","has-post-thumbnail","hentry"],"acf":[],"yoast_head":"<!-- This site is optimized with the Yoast SEO Premium plugin v25.7.1 (Yoast SEO v25.7) - https:\/\/yoast.com\/wordpress\/plugins\/seo\/ -->\n<title>Organizacja | Nooteboom Trailers<\/title>\n<meta name=\"description\" content=\"G\u0142\u00f3wna siedziba Nooteboom znajduje si\u0119 w Wijchen (Holandia).\" \/>\n<meta name=\"robots\" content=\"index, follow, max-snippet:-1, max-image-preview:large, max-video-preview:-1\" \/>\n<link rel=\"canonical\" href=\"https:\/\/www.nooteboom.com\/pl\/kim-jestesmy\/organizacja\/\" \/>\n<meta property=\"og:locale\" content=\"pl_PL\" \/>\n<meta property=\"og:type\" content=\"article\" \/>\n<meta property=\"og:title\" content=\"Organizacja\" \/>\n<meta property=\"og:description\" content=\"G\u0142\u00f3wna siedziba Nooteboom znajduje si\u0119 w Wijchen (Holandia).\" \/>\n<meta property=\"og:url\" content=\"https:\/\/www.nooteboom.com\/pl\/kim-jestesmy\/organizacja\/\" \/>\n<meta property=\"og:site_name\" content=\"Nooteboom Trailers\" \/>\n<meta property=\"article:publisher\" content=\"https:\/\/nl-nl.facebook.com\/nooteboomtrailers\/\" \/>\n<meta property=\"article:modified_time\" content=\"2025-07-04T12:41:51+00:00\" \/>\n<meta property=\"og:image\" content=\"https:\/\/www.nooteboom.com\/wp-content\/uploads\/Handvat-Lasapparaat-IMG_3617-kopie-1-scaled.jpg\" \/>\n\t<meta property=\"og:image:width\" content=\"2048\" \/>\n\t<meta property=\"og:image:height\" content=\"1366\" \/>\n\t<meta property=\"og:image:type\" content=\"image\/jpeg\" \/>\n<meta name=\"twitter:card\" content=\"summary_large_image\" \/>\n<meta name=\"twitter:label1\" content=\"Szacowany czas czytania\" \/>\n\t<meta name=\"twitter:data1\" content=\"2 minuty\" \/>\n<script type=\"application\/ld+json\" class=\"yoast-schema-graph\">{\"@context\":\"https:\/\/schema.org\",\"@graph\":[{\"@type\":\"WebPage\",\"@id\":\"https:\/\/www.nooteboom.com\/pl\/kim-jestesmy\/organizacja\/\",\"url\":\"https:\/\/www.nooteboom.com\/pl\/kim-jestesmy\/organizacja\/\",\"name\":\"Organizacja | Nooteboom Trailers\",\"isPartOf\":{\"@id\":\"https:\/\/www.nooteboom.com\/pl\/#website\"},\"primaryImageOfPage\":{\"@id\":\"https:\/\/www.nooteboom.com\/pl\/kim-jestesmy\/organizacja\/#primaryimage\"},\"image\":{\"@id\":\"https:\/\/www.nooteboom.com\/pl\/kim-jestesmy\/organizacja\/#primaryimage\"},\"thumbnailUrl\":\"https:\/\/www.nooteboom.com\/wp-content\/uploads\/Handvat-Lasapparaat-IMG_3617-kopie-1-scaled.jpg\",\"datePublished\":\"2016-08-03T13:53:35+00:00\",\"dateModified\":\"2025-07-04T12:41:51+00:00\",\"description\":\"G\u0142\u00f3wna siedziba Nooteboom znajduje si\u0119 w Wijchen (Holandia).\",\"breadcrumb\":{\"@id\":\"https:\/\/www.nooteboom.com\/pl\/kim-jestesmy\/organizacja\/#breadcrumb\"},\"inLanguage\":\"pl-PL\",\"potentialAction\":[{\"@type\":\"ReadAction\",\"target\":[\"https:\/\/www.nooteboom.com\/pl\/kim-jestesmy\/organizacja\/\"]}]},{\"@type\":\"ImageObject\",\"inLanguage\":\"pl-PL\",\"@id\":\"https:\/\/www.nooteboom.com\/pl\/kim-jestesmy\/organizacja\/#primaryimage\",\"url\":\"https:\/\/www.nooteboom.com\/wp-content\/uploads\/Handvat-Lasapparaat-IMG_3617-kopie-1-scaled.jpg\",\"contentUrl\":\"https:\/\/www.nooteboom.com\/wp-content\/uploads\/Handvat-Lasapparaat-IMG_3617-kopie-1-scaled.jpg\",\"width\":2048,\"height\":1366},{\"@type\":\"BreadcrumbList\",\"@id\":\"https:\/\/www.nooteboom.com\/pl\/kim-jestesmy\/organizacja\/#breadcrumb\",\"itemListElement\":[{\"@type\":\"ListItem\",\"position\":1,\"name\":\"Home\",\"item\":\"https:\/\/www.nooteboom.com\/pl\/\"},{\"@type\":\"ListItem\",\"position\":2,\"name\":\"Kim jeste\u015bmy\",\"item\":\"https:\/\/www.nooteboom.com\/pl\/kim-jestesmy\/\"},{\"@type\":\"ListItem\",\"position\":3,\"name\":\"Organizacja\"}]},{\"@type\":\"WebSite\",\"@id\":\"https:\/\/www.nooteboom.com\/pl\/#website\",\"url\":\"https:\/\/www.nooteboom.com\/pl\/\",\"name\":\"Nooteboom Trailers\",\"description\":\"Gets you there.\",\"publisher\":{\"@id\":\"https:\/\/www.nooteboom.com\/pl\/#organization\"},\"potentialAction\":[{\"@type\":\"SearchAction\",\"target\":{\"@type\":\"EntryPoint\",\"urlTemplate\":\"https:\/\/www.nooteboom.com\/pl\/?s={search_term_string}\"},\"query-input\":{\"@type\":\"PropertyValueSpecification\",\"valueRequired\":true,\"valueName\":\"search_term_string\"}}],\"inLanguage\":\"pl-PL\"},{\"@type\":\"Organization\",\"@id\":\"https:\/\/www.nooteboom.com\/pl\/#organization\",\"name\":\"Nooteboom Trailers\",\"url\":\"https:\/\/www.nooteboom.com\/pl\/\",\"logo\":{\"@type\":\"ImageObject\",\"inLanguage\":\"pl-PL\",\"@id\":\"https:\/\/www.nooteboom.com\/pl\/#\/schema\/logo\/image\/\",\"url\":\"https:\/\/www.nooteboom.com\/wp-content\/uploads\/logo.png\",\"contentUrl\":\"https:\/\/www.nooteboom.com\/wp-content\/uploads\/logo.png\",\"width\":111,\"height\":66,\"caption\":\"Nooteboom Trailers\"},\"image\":{\"@id\":\"https:\/\/www.nooteboom.com\/pl\/#\/schema\/logo\/image\/\"},\"sameAs\":[\"https:\/\/nl-nl.facebook.com\/nooteboomtrailers\/\",\"https:\/\/nl.linkedin.com\/company\/nooteboom-trailers\",\"https:\/\/www.youtube.com\/user\/Nooteboomtrailers\"]}]}<\/script>\n<!-- \/ Yoast SEO Premium plugin. -->","yoast_head_json":{"title":"Organizacja | Nooteboom Trailers","description":"G\u0142\u00f3wna siedziba Nooteboom znajduje si\u0119 w Wijchen (Holandia).","robots":{"index":"index","follow":"follow","max-snippet":"max-snippet:-1","max-image-preview":"max-image-preview:large","max-video-preview":"max-video-preview:-1"},"canonical":"https:\/\/www.nooteboom.com\/pl\/kim-jestesmy\/organizacja\/","og_locale":"pl_PL","og_type":"article","og_title":"Organizacja","og_description":"G\u0142\u00f3wna siedziba Nooteboom znajduje si\u0119 w Wijchen (Holandia).","og_url":"https:\/\/www.nooteboom.com\/pl\/kim-jestesmy\/organizacja\/","og_site_name":"Nooteboom Trailers","article_publisher":"https:\/\/nl-nl.facebook.com\/nooteboomtrailers\/","article_modified_time":"2025-07-04T12:41:51+00:00","og_image":[{"width":2048,"height":1366,"url":"https:\/\/www.nooteboom.com\/wp-content\/uploads\/Handvat-Lasapparaat-IMG_3617-kopie-1-scaled.jpg","type":"image\/jpeg"}],"twitter_card":"summary_large_image","twitter_misc":{"Szacowany czas czytania":"2 minuty"},"schema":{"@context":"https:\/\/schema.org","@graph":[{"@type":"WebPage","@id":"https:\/\/www.nooteboom.com\/pl\/kim-jestesmy\/organizacja\/","url":"https:\/\/www.nooteboom.com\/pl\/kim-jestesmy\/organizacja\/","name":"Organizacja | Nooteboom Trailers","isPartOf":{"@id":"https:\/\/www.nooteboom.com\/pl\/#website"},"primaryImageOfPage":{"@id":"https:\/\/www.nooteboom.com\/pl\/kim-jestesmy\/organizacja\/#primaryimage"},"image":{"@id":"https:\/\/www.nooteboom.com\/pl\/kim-jestesmy\/organizacja\/#primaryimage"},"thumbnailUrl":"https:\/\/www.nooteboom.com\/wp-content\/uploads\/Handvat-Lasapparaat-IMG_3617-kopie-1-scaled.jpg","datePublished":"2016-08-03T13:53:35+00:00","dateModified":"2025-07-04T12:41:51+00:00","description":"G\u0142\u00f3wna siedziba Nooteboom znajduje si\u0119 w Wijchen (Holandia).","breadcrumb":{"@id":"https:\/\/www.nooteboom.com\/pl\/kim-jestesmy\/organizacja\/#breadcrumb"},"inLanguage":"pl-PL","potentialAction":[{"@type":"ReadAction","target":["https:\/\/www.nooteboom.com\/pl\/kim-jestesmy\/organizacja\/"]}]},{"@type":"ImageObject","inLanguage":"pl-PL","@id":"https:\/\/www.nooteboom.com\/pl\/kim-jestesmy\/organizacja\/#primaryimage","url":"https:\/\/www.nooteboom.com\/wp-content\/uploads\/Handvat-Lasapparaat-IMG_3617-kopie-1-scaled.jpg","contentUrl":"https:\/\/www.nooteboom.com\/wp-content\/uploads\/Handvat-Lasapparaat-IMG_3617-kopie-1-scaled.jpg","width":2048,"height":1366},{"@type":"BreadcrumbList","@id":"https:\/\/www.nooteboom.com\/pl\/kim-jestesmy\/organizacja\/#breadcrumb","itemListElement":[{"@type":"ListItem","position":1,"name":"Home","item":"https:\/\/www.nooteboom.com\/pl\/"},{"@type":"ListItem","position":2,"name":"Kim jeste\u015bmy","item":"https:\/\/www.nooteboom.com\/pl\/kim-jestesmy\/"},{"@type":"ListItem","position":3,"name":"Organizacja"}]},{"@type":"WebSite","@id":"https:\/\/www.nooteboom.com\/pl\/#website","url":"https:\/\/www.nooteboom.com\/pl\/","name":"Nooteboom Trailers","description":"Gets you there.","publisher":{"@id":"https:\/\/www.nooteboom.com\/pl\/#organization"},"potentialAction":[{"@type":"SearchAction","target":{"@type":"EntryPoint","urlTemplate":"https:\/\/www.nooteboom.com\/pl\/?s={search_term_string}"},"query-input":{"@type":"PropertyValueSpecification","valueRequired":true,"valueName":"search_term_string"}}],"inLanguage":"pl-PL"},{"@type":"Organization","@id":"https:\/\/www.nooteboom.com\/pl\/#organization","name":"Nooteboom Trailers","url":"https:\/\/www.nooteboom.com\/pl\/","logo":{"@type":"ImageObject","inLanguage":"pl-PL","@id":"https:\/\/www.nooteboom.com\/pl\/#\/schema\/logo\/image\/","url":"https:\/\/www.nooteboom.com\/wp-content\/uploads\/logo.png","contentUrl":"https:\/\/www.nooteboom.com\/wp-content\/uploads\/logo.png","width":111,"height":66,"caption":"Nooteboom Trailers"},"image":{"@id":"https:\/\/www.nooteboom.com\/pl\/#\/schema\/logo\/image\/"},"sameAs":["https:\/\/nl-nl.facebook.com\/nooteboomtrailers\/","https:\/\/nl.linkedin.com\/company\/nooteboom-trailers","https:\/\/www.youtube.com\/user\/Nooteboomtrailers"]}]}},"_links":{"self":[{"href":"https:\/\/www.nooteboom.com\/pl\/wp-json\/wp\/v2\/pages\/10021","targetHints":{"allow":["GET"]}}],"collection":[{"href":"https:\/\/www.nooteboom.com\/pl\/wp-json\/wp\/v2\/pages"}],"about":[{"href":"https:\/\/www.nooteboom.com\/pl\/wp-json\/wp\/v2\/types\/page"}],"author":[{"embeddable":true,"href":"https:\/\/www.nooteboom.com\/pl\/wp-json\/wp\/v2\/users\/45"}],"replies":[{"embeddable":true,"href":"https:\/\/www.nooteboom.com\/pl\/wp-json\/wp\/v2\/comments?post=10021"}],"version-history":[{"count":5,"href":"https:\/\/www.nooteboom.com\/pl\/wp-json\/wp\/v2\/pages\/10021\/revisions"}],"predecessor-version":[{"id":2607149,"href":"https:\/\/www.nooteboom.com\/pl\/wp-json\/wp\/v2\/pages\/10021\/revisions\/2607149"}],"up":[{"embeddable":true,"href":"https:\/\/www.nooteboom.com\/pl\/wp-json\/wp\/v2\/pages\/9972"}],"wp:featuredmedia":[{"embeddable":true,"href":"https:\/\/www.nooteboom.com\/pl\/wp-json\/wp\/v2\/media\/2607144"}],"wp:attachment":[{"href":"https:\/\/www.nooteboom.com\/pl\/wp-json\/wp\/v2\/media?parent=10021"}],"curies":[{"name":"wp","href":"https:\/\/api.w.org\/{rel}","templated":true}]}}