{"id":10003,"date":"2016-08-03T15:41:48","date_gmt":"2016-08-03T13:41:48","guid":{"rendered":"https:\/\/www.nooteboom.com\/?page_id=10003&#038;lang=pl"},"modified":"2017-11-09T13:31:16","modified_gmt":"2017-11-09T12:31:16","slug":"maszyny-budowlane-i-drogowe","status":"publish","type":"page","link":"https:\/\/www.nooteboom.com\/pl\/kim-jestesmy\/segmenty-rynku\/maszyny-budowlane-i-drogowe\/","title":{"rendered":"Maszyny budowlane i drogowe"},"content":{"rendered":"<div class=\"wpb-content-wrapper\"><p>[vc_row][vc_column][vc_column_text]Ju\u017c od wprowadzenia w latach pi\u0119\u0107dziesi\u0105tych XX wieku naczepy niskopodwoziowej z niezale\u017cnymi osiami odchylanymi na boki, Nooteboom osi\u0105gn\u0105\u0142 niepokonan\u0105 pozycj\u0119 lidera w dostarczaniu rozwi\u0105za\u0144 do transportu sprz\u0119tu budowlanego i drogowego, takich jak maszyny do rob\u00f3t ziemnych, palownice i pojazdy do recyklingu. Przez lata Nooteboom wsp\u00f3\u0142pracowa\u0142 blisko z producentami i operatorami transportu w segmencie maszynowym, czego rezultatem jest ci\u0105g\u0142e ustanawianie trend\u00f3w w opracowywaniu rozwi\u0105za\u0144 dla bran\u017cy budowlanej.[\/vc_column_text][\/vc_column][\/vc_row][vc_row][vc_column width=&#8221;1\/2&#8243;][vc_column_text]Nooteboom ma bogat\u0105 wiedz\u0119 o rynku maszyn budowlanych i specyficznych wymaganiach, kt\u00f3re musz\u0105 by\u0107 spe\u0142nione przy dostawie rozwi\u0105za\u0144 dla transportu takiego sprz\u0119tu. Pocz\u0105wszy od ma\u0142ych maszyn drogowych wa\u017c\u0105cych mniej ni\u017c 20 ton, ko\u0144cz\u0105c na wielkich pojazdach o masach do 150 ton \u2013 ka\u017cdy sprz\u0119t wymaga swoich specyficznych rozwi\u0105za\u0144, aby jego transport by\u0142 wydajny i bezpieczny, takich jak muldy mi\u0119dzyosiowe, wzmacniane rampy najazdowe czy te\u017c mo\u017cliwo\u015b\u0107 za\u0142adunku i roz\u0142adunku z boku pok\u0142adu \u0142adunkowego.[\/vc_column_text][\/vc_column][vc_column width=&#8221;1\/2&#8243;][vc_column_text]Jedn\u0105 z najbardziej rewolucyjnych innowacji Nooteboom jest specjalna, szeroka i g\u0142\u0119boka mulda w w\u00f3zku osiowym naczep niskopodwoziowych serii <a href=\"https:\/\/www.nooteboom.com\/pl\/trailers\/naczepa-niskopodwoziowa-euro-px\/\">EURO-PX<\/a> zbudowanych z wykorzystaniem osi Pendel. Nooteboom ma europejski patent dla tego rozwi\u0105zania, a zatem posiada wy\u0142\u0105czne prawa do budowania tego typu naczep. Dla transportu maszyn budowlanych cz\u0119sto u\u017cywane s\u0105 r\u00f3wnie\u017c naczepy z serii <a href=\"https:\/\/www.nooteboom.com\/pl\/cat\/supertrailers-pl\/\">SUPERTRAILER<\/a>, <a href=\"https:\/\/www.nooteboom.com\/pl\/cat\/multitrailers-pl\/\">MULTITRAILER<\/a> oraz <a href=\"https:\/\/www.nooteboom.com\/pl\/cat\/eurotrailers-pl\/\">EUROTRAILER<\/a>.[\/vc_column_text][\/vc_column][\/vc_row][vc_row][vc_column width=&#8221;1\/3&#8243;]<div class=\"vc_teaser\">\n\n\t\n\t\t<div onclick=\"window.location.href='https:\/\/www.nooteboom.com\/pl\/cat\/supertrailers-pl\/';\" class=\"vc_teaser__inner clickable\">\n\n\t\t\t\t\t\t\t<figure>\n\t\t\t\t\t<img\n\t\t\t\t\t\t\tsrc=\"https:\/\/www.nooteboom.com\/wp-content\/uploads\/Nooteboom_Foto5-1-e1470650028698-500x333.jpg\"\n\t\t\t\t\t\t\talt=\"Maszyny budowlane i drogowe\"\n\t\t\t\t\t\t\t\t\t\t\t\t\tsrcset=\"https:\/\/www.nooteboom.com\/wp-content\/uploads\/Nooteboom_Foto5-1-e1470650028698-300x199.jpg 300w,https:\/\/www.nooteboom.com\/wp-content\/uploads\/Nooteboom_Foto5-1-e1470650028698-768x511.jpg 768w,https:\/\/www.nooteboom.com\/wp-content\/uploads\/Nooteboom_Foto5-1-e1470650028698-1024x681.jpg 1024w\"\n\t\t\t\t\t\t\tsizes=\"(max-width: 500px) 100vw, 500px\"\n\t\t\t\t\t\t\t\t\t\t\t>\n\t\t\t\t<\/figure>\n\t\t\t\n\t\t\t\t\t\t\t<a href=\"https:\/\/www.nooteboom.com\/pl\/cat\/supertrailers-pl\/\" target=\"\"\n\t\t\t\t   title=\"\" class=\"button red\">\n\t\t\t\t\tSupertrailers\t\t\t\t\t<span class=\"fa fa-chevron-right\"><\/span>\n\t\t\t\t<\/a>\n\t\t\t\n\t\t<\/div>\n\n\t\n<\/div>[\/vc_column][vc_column width=&#8221;1\/3&#8243;]<div class=\"vc_teaser\">\n\n\t\n\t\t<div onclick=\"window.location.href='https:\/\/www.nooteboom.com\/pl\/cat\/multitrailers-pl\/';\" class=\"vc_teaser__inner clickable\">\n\n\t\t\t\t\t\t\t<figure>\n\t\t\t\t\t<img\n\t\t\t\t\t\t\tsrc=\"https:\/\/www.nooteboom.com\/wp-content\/uploads\/Nooteboom-3-axle-mcos-semi-low-loader-500x333.jpg\"\n\t\t\t\t\t\t\talt=\"Maszyny budowlane i drogowe\"\n\t\t\t\t\t\t\t\t\t\t\t\t\tsrcset=\"https:\/\/www.nooteboom.com\/wp-content\/uploads\/Nooteboom-3-axle-mcos-semi-low-loader-300x199.jpg 300w,https:\/\/www.nooteboom.com\/wp-content\/uploads\/Nooteboom-3-axle-mcos-semi-low-loader-768x511.jpg 768w,https:\/\/www.nooteboom.com\/wp-content\/uploads\/Nooteboom-3-axle-mcos-semi-low-loader-1024x681.jpg 1024w\"\n\t\t\t\t\t\t\tsizes=\"(max-width: 500px) 100vw, 500px\"\n\t\t\t\t\t\t\t\t\t\t\t>\n\t\t\t\t<\/figure>\n\t\t\t\n\t\t\t\t\t\t\t<a href=\"https:\/\/www.nooteboom.com\/pl\/cat\/multitrailers-pl\/\" target=\"\"\n\t\t\t\t   title=\"\" class=\"button red\">\n\t\t\t\t\tMultitrailers\t\t\t\t\t<span class=\"fa fa-chevron-right\"><\/span>\n\t\t\t\t<\/a>\n\t\t\t\n\t\t<\/div>\n\n\t\n<\/div>[\/vc_column][vc_column width=&#8221;1\/3&#8243;]<div class=\"vc_teaser\">\n\n\t\n\t\t<div onclick=\"window.location.href='https:\/\/www.nooteboom.com\/pl\/cat\/eurotrailers-pl\/';\" class=\"vc_teaser__inner clickable\">\n\n\t\t\t\t\t\t\t<figure>\n\t\t\t\t\t<img\n\t\t\t\t\t\t\tsrc=\"https:\/\/www.nooteboom.com\/wp-content\/uploads\/Nooteboom-Euro-PX-lowloader-e1471964318109-500x333.jpg\"\n\t\t\t\t\t\t\talt=\"Maszyny budowlane i drogowe\"\n\t\t\t\t\t\t\t\t\t\t\t\t\tsrcset=\"https:\/\/www.nooteboom.com\/wp-content\/uploads\/Nooteboom-Euro-PX-lowloader-e1471964318109-300x199.jpg 300w,https:\/\/www.nooteboom.com\/wp-content\/uploads\/Nooteboom-Euro-PX-lowloader-e1471964318109-768x511.jpg 768w,https:\/\/www.nooteboom.com\/wp-content\/uploads\/Nooteboom-Euro-PX-lowloader-e1471964318109-1024x681.jpg 1024w\"\n\t\t\t\t\t\t\tsizes=\"(max-width: 500px) 100vw, 500px\"\n\t\t\t\t\t\t\t\t\t\t\t>\n\t\t\t\t<\/figure>\n\t\t\t\n\t\t\t\t\t\t\t<a href=\"https:\/\/www.nooteboom.com\/pl\/cat\/eurotrailers-pl\/\" target=\"\"\n\t\t\t\t   title=\"\" class=\"button red\">\n\t\t\t\t\tEurotrailers\t\t\t\t\t<span class=\"fa fa-chevron-right\"><\/span>\n\t\t\t\t<\/a>\n\t\t\t\n\t\t<\/div>\n\n\t\n<\/div>[\/vc_column][\/vc_row][vc_row][vc_column]\t<div id=\"carousel-69f36eede24af\" class=\"vc_carousel_gallery carousel centered\">\n\n\t\t<div class=\"flexslider-carousel wrapper\">\n\n\t\t\t<ul class=\"slides\">\n\t\t\t\t\t\t\t\t\t\t\t\t\t\t\t<li class=\"carousel__slide\">\n\t\t\t\t\t\t\t<img decoding=\"async\" src=\"\" alt=\"\">\n\t\t\t\t\t\t<\/li>\n\t\t\t\t\t\n\t\t\t\t\t\t\t\t\t\t\t\t\t\t\t<li class=\"carousel__slide\">\n\t\t\t\t\t\t\t<img decoding=\"async\" src=\"https:\/\/www.nooteboom.com\/wp-content\/uploads\/34-BFZ-6025-275x195.jpg\" alt=\"\">\n\t\t\t\t\t\t<\/li>\n\t\t\t\t\t\n\t\t\t\t\t\t\t\t\t\t\t\t\t\t\t<li class=\"carousel__slide\">\n\t\t\t\t\t\t\t<img decoding=\"async\" src=\"https:\/\/www.nooteboom.com\/wp-content\/uploads\/244-275x195.jpg\" alt=\"\">\n\t\t\t\t\t\t<\/li>\n\t\t\t\t\t\n\t\t\t\t\t\t\t\t\t\t\t\t\t\t\t<li class=\"carousel__slide\">\n\t\t\t\t\t\t\t<img decoding=\"async\" src=\"https:\/\/www.nooteboom.com\/wp-content\/uploads\/2005_Pendel-X-dieplader_PXE-2-275x195.jpg\" alt=\"\">\n\t\t\t\t\t\t<\/li>\n\t\t\t\t\t\n\t\t\t\t\t\t\t\t\t\t\t\t\t\t\t<li class=\"carousel__slide\">\n\t\t\t\t\t\t\t<img decoding=\"async\" src=\"https:\/\/www.nooteboom.com\/wp-content\/uploads\/2012-CAZAL-2-275x195.jpg\" alt=\"\">\n\t\t\t\t\t\t<\/li>\n\t\t\t\t\t\n\t\t\t\t\t\t\t\t\t\t\t\t\t\t\t<li class=\"carousel__slide\">\n\t\t\t\t\t\t\t<img decoding=\"async\" src=\"https:\/\/www.nooteboom.com\/wp-content\/uploads\/2012-07-26-13.21.11-275x195.jpg\" alt=\"\">\n\t\t\t\t\t\t<\/li>\n\t\t\t\t\t\n\t\t\t\t\t\t\t\t\t\t\t\t\t\t\t<li class=\"carousel__slide\">\n\t\t\t\t\t\t\t<img decoding=\"async\" src=\"https:\/\/www.nooteboom.com\/wp-content\/uploads\/110925-30D-199-1119-Dennis-Bosman-275x195.jpg\" alt=\"\">\n\t\t\t\t\t\t<\/li>\n\t\t\t\t\t\n\t\t\t\t\t\t\t\t\t\t\t\t\t\t\t<li class=\"carousel__slide\">\n\t\t\t\t\t\t\t<img decoding=\"async\" src=\"\" alt=\"\">\n\t\t\t\t\t\t<\/li>\n\t\t\t\t\t\n\t\t\t\t\t\t\t\t\t\t\t\t\t\t\t<li class=\"carousel__slide\">\n\t\t\t\t\t\t\t<img decoding=\"async\" src=\"\" alt=\"\">\n\t\t\t\t\t\t<\/li>\n\t\t\t\t\t\n\t\t\t\t\t\t\t\t\t\t\t\t\t\t\t<li class=\"carousel__slide\">\n\t\t\t\t\t\t\t<img decoding=\"async\" src=\"\" alt=\"\">\n\t\t\t\t\t\t<\/li>\n\t\t\t\t\t\n\t\t\t\t\t\t\t\t\t\t\t\t\t\t\t<li class=\"carousel__slide\">\n\t\t\t\t\t\t\t<img decoding=\"async\" src=\"https:\/\/www.nooteboom.com\/wp-content\/uploads\/BM-WA18755-275x195.jpg\" alt=\"\">\n\t\t\t\t\t\t<\/li>\n\t\t\t\t\t\n\t\t\t\t\t\t\t\t\t\t\t\t\t\t\t<li class=\"carousel__slide\">\n\t\t\t\t\t\t\t<img decoding=\"async\" src=\"https:\/\/www.nooteboom.com\/wp-content\/uploads\/Burgstaller-1.15-275x195.jpg\" alt=\"\">\n\t\t\t\t\t\t<\/li>\n\t\t\t\t\t\n\t\t\t\t\t\t\t\t\t\t\t\t\t\t\t<li class=\"carousel__slide\">\n\t\t\t\t\t\t\t<img decoding=\"async\" src=\"https:\/\/www.nooteboom.com\/wp-content\/uploads\/Construction-275x195.jpg\" alt=\"\">\n\t\t\t\t\t\t<\/li>\n\t\t\t\t\t\n\t\t\t\t\t\t\t\t\t\t\t\t\t\t\t<li class=\"carousel__slide\">\n\t\t\t\t\t\t\t<img decoding=\"async\" src=\"https:\/\/www.nooteboom.com\/wp-content\/uploads\/Construction2-275x195.jpg\" alt=\"\">\n\t\t\t\t\t\t<\/li>\n\t\t\t\t\t\n\t\t\t\t\t\t\t\t\t\t\t\t\t\t\t<li class=\"carousel__slide\">\n\t\t\t\t\t\t\t<img decoding=\"async\" src=\"https:\/\/www.nooteboom.com\/wp-content\/uploads\/Construction3-275x195.jpg\" alt=\"\">\n\t\t\t\t\t\t<\/li>\n\t\t\t\t\t\n\t\t\t\t\t\t\t\t\t\t\t\t\t\t\t<li class=\"carousel__slide\">\n\t\t\t\t\t\t\t<img decoding=\"async\" src=\"https:\/\/www.nooteboom.com\/wp-content\/uploads\/DSC_6572-275x195.jpg\" alt=\"\">\n\t\t\t\t\t\t<\/li>\n\t\t\t\t\t\n\t\t\t\t\t\t\t\t\t\t\t\t\t\t\t<li class=\"carousel__slide\">\n\t\t\t\t\t\t\t<img decoding=\"async\" src=\"\" alt=\"\">\n\t\t\t\t\t\t<\/li>\n\t\t\t\t\t\n\t\t\t\t\t\t\t\t\t\t\t\t\t\t\t<li class=\"carousel__slide\">\n\t\t\t\t\t\t\t<img decoding=\"async\" src=\"\" alt=\"\">\n\t\t\t\t\t\t<\/li>\n\t\t\t\t\t\n\t\t\t\t\t\t\t\t\t\t\t\t\t\t\t<li class=\"carousel__slide\">\n\t\t\t\t\t\t\t<img decoding=\"async\" src=\"https:\/\/www.nooteboom.com\/wp-content\/uploads\/foto_jaunary-bigmachinery-275x195.jpg\" alt=\"Low loader for sale\">\n\t\t\t\t\t\t<\/li>\n\t\t\t\t\t\n\t\t\t\t\t\t\t\t\t\t\t\t\t\t\t<li class=\"carousel__slide\">\n\t\t\t\t\t\t\t<img decoding=\"async\" src=\"https:\/\/www.nooteboom.com\/wp-content\/uploads\/foto7zwatra-275x195.jpg\" alt=\"\">\n\t\t\t\t\t\t<\/li>\n\t\t\t\t\t\n\t\t\t\t\t\t\t\t\t\t\t\t\t\t\t<li class=\"carousel__slide\">\n\t\t\t\t\t\t\t<img decoding=\"async\" src=\"https:\/\/www.nooteboom.com\/wp-content\/uploads\/Holtrop-275x195.jpg\" alt=\"\">\n\t\t\t\t\t\t<\/li>\n\t\t\t\t\t\n\t\t\t\t\t\t\t\t\t\t\t\t\t\t\t<li class=\"carousel__slide\">\n\t\t\t\t\t\t\t<img decoding=\"async\" src=\"https:\/\/www.nooteboom.com\/wp-content\/uploads\/Huneke49-275x195.jpg\" alt=\"\">\n\t\t\t\t\t\t<\/li>\n\t\t\t\t\t\n\t\t\t\t\t\t\t\t\t\t\t\t\t\t\t<li class=\"carousel__slide\">\n\t\t\t\t\t\t\t<img decoding=\"async\" src=\"https:\/\/www.nooteboom.com\/wp-content\/uploads\/IMG_1103-275x195.jpg\" alt=\"\">\n\t\t\t\t\t\t<\/li>\n\t\t\t\t\t\n\t\t\t\t\t\t\t\t\t\t\t\t\t\t\t<li class=\"carousel__slide\">\n\t\t\t\t\t\t\t<img decoding=\"async\" src=\"https:\/\/www.nooteboom.com\/wp-content\/uploads\/IMG_6430-275x195.jpg\" alt=\"\">\n\t\t\t\t\t\t<\/li>\n\t\t\t\t\t\n\t\t\t\t\t\t\t\t\t\t\t\t\t\t\t<li class=\"carousel__slide\">\n\t\t\t\t\t\t\t<img decoding=\"async\" src=\"https:\/\/www.nooteboom.com\/wp-content\/uploads\/IMGP0803-275x195.jpg\" alt=\"\">\n\t\t\t\t\t\t<\/li>\n\t\t\t\t\t\n\t\t\t\t\t\t\t\t\t\t\t\t\t\t\t<li class=\"carousel__slide\">\n\t\t\t\t\t\t\t<img decoding=\"async\" src=\"https:\/\/www.nooteboom.com\/wp-content\/uploads\/IMGP0837-275x195.jpg\" alt=\"\">\n\t\t\t\t\t\t<\/li>\n\t\t\t\t\t\n\t\t\t\t\t\t\t\t\t\t\t\t\t\t\t<li class=\"carousel__slide\">\n\t\t\t\t\t\t\t<img decoding=\"async\" src=\"https:\/\/www.nooteboom.com\/wp-content\/uploads\/Nooteboom-EURO-PX-24-august-2016-1-e1470405006898-275x195.jpg\" alt=\"\">\n\t\t\t\t\t\t<\/li>\n\t\t\t\t\t\n\t\t\t\t\t\t\t\t\t\t\t\t\t\t\t<li class=\"carousel__slide\">\n\t\t\t\t\t\t\t<img decoding=\"async\" src=\"https:\/\/www.nooteboom.com\/wp-content\/uploads\/Nooteboom_Foto3-mid-res-275x195.jpg\" alt=\"\">\n\t\t\t\t\t\t<\/li>\n\t\t\t\t\t\n\t\t\t\t\t\t\t\t\t\t\t\t\t\t\t<li class=\"carousel__slide\">\n\t\t\t\t\t\t\t<img decoding=\"async\" src=\"https:\/\/www.nooteboom.com\/wp-content\/uploads\/Nooteboom_Foto5a-1-275x195.jpg\" alt=\"\">\n\t\t\t\t\t\t<\/li>\n\t\t\t\t\t\n\t\t\t\t\t\t\t\t\t\t\t\t\t\t\t<li class=\"carousel__slide\">\n\t\t\t\t\t\t\t<img decoding=\"async\" src=\"https:\/\/www.nooteboom.com\/wp-content\/uploads\/P1010265-275x195.jpg\" alt=\"\">\n\t\t\t\t\t\t<\/li>\n\t\t\t\t\t\n\t\t\t\t\t\t\t\t\t\t\t\t\t\t\t<li class=\"carousel__slide\">\n\t\t\t\t\t\t\t<img decoding=\"async\" src=\"https:\/\/www.nooteboom.com\/wp-content\/uploads\/P3130012-275x195.jpg\" alt=\"\">\n\t\t\t\t\t\t<\/li>\n\t\t\t\t\t\n\t\t\t\t\t\t\t\t\t\t\t\t\t\t\t<li class=\"carousel__slide\">\n\t\t\t\t\t\t\t<img decoding=\"async\" src=\"https:\/\/www.nooteboom.com\/wp-content\/uploads\/Picture-1-275x195.jpg\" alt=\"\">\n\t\t\t\t\t\t<\/li>\n\t\t\t\t\t\n\t\t\t\t\t\t\t\t\t\t\t\t\t\t\t<li class=\"carousel__slide\">\n\t\t\t\t\t\t\t<img decoding=\"async\" src=\"https:\/\/www.nooteboom.com\/wp-content\/uploads\/Rokado-275x195.jpg\" alt=\"\">\n\t\t\t\t\t\t<\/li>\n\t\t\t\t\t\n\t\t\t\t\t\t\t\t\t\t\t\t\t\t\t<li class=\"carousel__slide\">\n\t\t\t\t\t\t\t<img decoding=\"async\" src=\"https:\/\/www.nooteboom.com\/wp-content\/uploads\/Scotplant-2014-3288Nooteboom-calender-2014._-275x195.jpg\" alt=\"\">\n\t\t\t\t\t\t<\/li>\n\t\t\t\t\t\n\t\t\t\t\t\t\t\t\t\t\t\t\t\t\t<li class=\"carousel__slide\">\n\t\t\t\t\t\t\t<img decoding=\"async\" src=\"https:\/\/www.nooteboom.com\/wp-content\/uploads\/SIF-037-275x195.jpg\" alt=\"\">\n\t\t\t\t\t\t<\/li>\n\t\t\t\t\t\n\t\t\t\t\t\t\t\t\t\t\t\t\t\t\t<li class=\"carousel__slide\">\n\t\t\t\t\t\t\t<img decoding=\"async\" src=\"https:\/\/www.nooteboom.com\/wp-content\/uploads\/Wasel093-kopie-275x195.jpg\" alt=\"\">\n\t\t\t\t\t\t<\/li>\n\t\t\t\t\t\n\t\t\t\t\t\t\t<\/ul>\n\n\t\t<\/div>\n\n\t<\/div>\n\n\t<script type=\"text\/javascript\">\n\t\tjQuery( document ).ready( function( $ ) {\n\n\t\t\t$( '#carousel-69f36eede24af div.flexslider-carousel' ).flexslider( {\n\t\t\t\tanimation: 'slide',\n\t\t\t\tanimationLoop: false,\n\t\t\t\titemWidth: 275,\n\t\t\t\titemMargin: 0,\n\t\t\t\tminItems: 1,\n\t\t\t\tmaxItems: 4,\n\t\t\t\tmove: 1,\n\t\t\t\tdirectionNav: true,\n\t\t\t\tcontrolNav: false\n\t\t\t} );\n\n\t\t\t$( '#carousel-69f36eede24af .carousel__prev' ).on( 'click', function( event ) {\n\n\t\t\t\tevent.preventDefault();\n\t\t\t\t$( '#carousel-69f36eede24af div.flexslider-carousel' ).flexslider( 'prev' )\n\n\t\t\t} );\n\n\t\t\t$( '#carousel-69f36eede24af .carousel__next' ).on( 'click', function( event ) {\n\n\t\t\t\tevent.preventDefault();\n\t\t\t\t$( '#carousel-69f36eede24af div.flexslider-carousel' ).flexslider( 'next' )\n\n\t\t\t} );\n\n\t\t} );\n\t<\/script>\n\n[\/vc_column][\/vc_row]<\/p>\n<\/div>","protected":false},"excerpt":{"rendered":"[vc_row][vc_column][vc_column_text]Ju\u017c od wprowadzenia w latach pi\u0119\u0107dziesi\u0105tych XX wieku naczepy niskopodwoziowej z niezale\u017cnymi osiami odchylanymi na boki, Nooteboom osi\u0105gn\u0105\u0142 niepokonan\u0105 pozycj\u0119&#8230;","protected":false},"author":45,"featured_media":7038,"parent":9998,"menu_order":0,"comment_status":"closed","ping_status":"closed","template":"","meta":{"_acf_changed":false,"inline_featured_image":false,"footnotes":""},"class_list":["post-10003","page","type-page","status-publish","has-post-thumbnail","hentry"],"acf":[],"yoast_head":"<!-- This site is optimized with the Yoast SEO Premium plugin v25.7.1 (Yoast SEO v25.7) - https:\/\/yoast.com\/wordpress\/plugins\/seo\/ -->\n<title>Maszyny budowlane i drogowe | Nooteboom Trailers<\/title>\n<meta name=\"description\" content=\"Ju\u017c od wprowadzenia w latach pi\u0119\u0107dziesi\u0105tych XX wieku naczepy niskopodwoziowej z niezale\u017cnymi osiami odchylanymi na boki\" \/>\n<meta name=\"robots\" content=\"index, follow, max-snippet:-1, max-image-preview:large, max-video-preview:-1\" \/>\n<link rel=\"canonical\" href=\"https:\/\/www.nooteboom.com\/pl\/kim-jestesmy\/segmenty-rynku\/maszyny-budowlane-i-drogowe\/\" \/>\n<meta property=\"og:locale\" content=\"pl_PL\" \/>\n<meta property=\"og:type\" content=\"article\" \/>\n<meta property=\"og:title\" content=\"Maszyny budowlane i drogowe\" \/>\n<meta property=\"og:description\" content=\"Ju\u017c od wprowadzenia w latach pi\u0119\u0107dziesi\u0105tych XX wieku naczepy niskopodwoziowej z niezale\u017cnymi osiami odchylanymi na boki\" \/>\n<meta property=\"og:url\" content=\"https:\/\/www.nooteboom.com\/pl\/kim-jestesmy\/segmenty-rynku\/maszyny-budowlane-i-drogowe\/\" \/>\n<meta property=\"og:site_name\" content=\"Nooteboom Trailers\" \/>\n<meta property=\"article:publisher\" content=\"https:\/\/nl-nl.facebook.com\/nooteboomtrailers\/\" \/>\n<meta property=\"article:modified_time\" content=\"2017-11-09T12:31:16+00:00\" \/>\n<meta property=\"og:image\" content=\"https:\/\/www.nooteboom.com\/wp-content\/uploads\/shutterstock_318350696.jpg\" \/>\n\t<meta property=\"og:image:width\" content=\"2500\" \/>\n\t<meta property=\"og:image:height\" content=\"1668\" \/>\n\t<meta property=\"og:image:type\" content=\"image\/jpeg\" \/>\n<meta name=\"twitter:card\" content=\"summary_large_image\" \/>\n<meta name=\"twitter:label1\" content=\"Szacowany czas czytania\" \/>\n\t<meta name=\"twitter:data1\" content=\"2 minuty\" \/>\n<script type=\"application\/ld+json\" class=\"yoast-schema-graph\">{\"@context\":\"https:\/\/schema.org\",\"@graph\":[{\"@type\":\"WebPage\",\"@id\":\"https:\/\/www.nooteboom.com\/pl\/kim-jestesmy\/segmenty-rynku\/maszyny-budowlane-i-drogowe\/\",\"url\":\"https:\/\/www.nooteboom.com\/pl\/kim-jestesmy\/segmenty-rynku\/maszyny-budowlane-i-drogowe\/\",\"name\":\"Maszyny budowlane i drogowe | Nooteboom Trailers\",\"isPartOf\":{\"@id\":\"https:\/\/www.nooteboom.com\/pl\/#website\"},\"primaryImageOfPage\":{\"@id\":\"https:\/\/www.nooteboom.com\/pl\/kim-jestesmy\/segmenty-rynku\/maszyny-budowlane-i-drogowe\/#primaryimage\"},\"image\":{\"@id\":\"https:\/\/www.nooteboom.com\/pl\/kim-jestesmy\/segmenty-rynku\/maszyny-budowlane-i-drogowe\/#primaryimage\"},\"thumbnailUrl\":\"https:\/\/www.nooteboom.com\/wp-content\/uploads\/shutterstock_318350696.jpg\",\"datePublished\":\"2016-08-03T13:41:48+00:00\",\"dateModified\":\"2017-11-09T12:31:16+00:00\",\"description\":\"Ju\u017c od wprowadzenia w latach pi\u0119\u0107dziesi\u0105tych XX wieku naczepy niskopodwoziowej z niezale\u017cnymi osiami odchylanymi na boki\",\"breadcrumb\":{\"@id\":\"https:\/\/www.nooteboom.com\/pl\/kim-jestesmy\/segmenty-rynku\/maszyny-budowlane-i-drogowe\/#breadcrumb\"},\"inLanguage\":\"pl-PL\",\"potentialAction\":[{\"@type\":\"ReadAction\",\"target\":[\"https:\/\/www.nooteboom.com\/pl\/kim-jestesmy\/segmenty-rynku\/maszyny-budowlane-i-drogowe\/\"]}]},{\"@type\":\"ImageObject\",\"inLanguage\":\"pl-PL\",\"@id\":\"https:\/\/www.nooteboom.com\/pl\/kim-jestesmy\/segmenty-rynku\/maszyny-budowlane-i-drogowe\/#primaryimage\",\"url\":\"https:\/\/www.nooteboom.com\/wp-content\/uploads\/shutterstock_318350696.jpg\",\"contentUrl\":\"https:\/\/www.nooteboom.com\/wp-content\/uploads\/shutterstock_318350696.jpg\",\"width\":2500,\"height\":1668},{\"@type\":\"BreadcrumbList\",\"@id\":\"https:\/\/www.nooteboom.com\/pl\/kim-jestesmy\/segmenty-rynku\/maszyny-budowlane-i-drogowe\/#breadcrumb\",\"itemListElement\":[{\"@type\":\"ListItem\",\"position\":1,\"name\":\"Home\",\"item\":\"https:\/\/www.nooteboom.com\/pl\/\"},{\"@type\":\"ListItem\",\"position\":2,\"name\":\"Kim jeste\u015bmy\",\"item\":\"https:\/\/www.nooteboom.com\/pl\/kim-jestesmy\/\"},{\"@type\":\"ListItem\",\"position\":3,\"name\":\"Segmenty rynku\",\"item\":\"https:\/\/www.nooteboom.com\/pl\/kim-jestesmy\/segmenty-rynku\/\"},{\"@type\":\"ListItem\",\"position\":4,\"name\":\"Maszyny budowlane i drogowe\"}]},{\"@type\":\"WebSite\",\"@id\":\"https:\/\/www.nooteboom.com\/pl\/#website\",\"url\":\"https:\/\/www.nooteboom.com\/pl\/\",\"name\":\"Nooteboom Trailers\",\"description\":\"Gets you there.\",\"publisher\":{\"@id\":\"https:\/\/www.nooteboom.com\/pl\/#organization\"},\"potentialAction\":[{\"@type\":\"SearchAction\",\"target\":{\"@type\":\"EntryPoint\",\"urlTemplate\":\"https:\/\/www.nooteboom.com\/pl\/?s={search_term_string}\"},\"query-input\":{\"@type\":\"PropertyValueSpecification\",\"valueRequired\":true,\"valueName\":\"search_term_string\"}}],\"inLanguage\":\"pl-PL\"},{\"@type\":\"Organization\",\"@id\":\"https:\/\/www.nooteboom.com\/pl\/#organization\",\"name\":\"Nooteboom Trailers\",\"url\":\"https:\/\/www.nooteboom.com\/pl\/\",\"logo\":{\"@type\":\"ImageObject\",\"inLanguage\":\"pl-PL\",\"@id\":\"https:\/\/www.nooteboom.com\/pl\/#\/schema\/logo\/image\/\",\"url\":\"https:\/\/www.nooteboom.com\/wp-content\/uploads\/logo.png\",\"contentUrl\":\"https:\/\/www.nooteboom.com\/wp-content\/uploads\/logo.png\",\"width\":111,\"height\":66,\"caption\":\"Nooteboom Trailers\"},\"image\":{\"@id\":\"https:\/\/www.nooteboom.com\/pl\/#\/schema\/logo\/image\/\"},\"sameAs\":[\"https:\/\/nl-nl.facebook.com\/nooteboomtrailers\/\",\"https:\/\/nl.linkedin.com\/company\/nooteboom-trailers\",\"https:\/\/www.youtube.com\/user\/Nooteboomtrailers\"]}]}<\/script>\n<!-- \/ Yoast SEO Premium plugin. -->","yoast_head_json":{"title":"Maszyny budowlane i drogowe | Nooteboom Trailers","description":"Ju\u017c od wprowadzenia w latach pi\u0119\u0107dziesi\u0105tych XX wieku naczepy niskopodwoziowej z niezale\u017cnymi osiami odchylanymi na boki","robots":{"index":"index","follow":"follow","max-snippet":"max-snippet:-1","max-image-preview":"max-image-preview:large","max-video-preview":"max-video-preview:-1"},"canonical":"https:\/\/www.nooteboom.com\/pl\/kim-jestesmy\/segmenty-rynku\/maszyny-budowlane-i-drogowe\/","og_locale":"pl_PL","og_type":"article","og_title":"Maszyny budowlane i drogowe","og_description":"Ju\u017c od wprowadzenia w latach pi\u0119\u0107dziesi\u0105tych XX wieku naczepy niskopodwoziowej z niezale\u017cnymi osiami odchylanymi na boki","og_url":"https:\/\/www.nooteboom.com\/pl\/kim-jestesmy\/segmenty-rynku\/maszyny-budowlane-i-drogowe\/","og_site_name":"Nooteboom Trailers","article_publisher":"https:\/\/nl-nl.facebook.com\/nooteboomtrailers\/","article_modified_time":"2017-11-09T12:31:16+00:00","og_image":[{"width":2500,"height":1668,"url":"https:\/\/www.nooteboom.com\/wp-content\/uploads\/shutterstock_318350696.jpg","type":"image\/jpeg"}],"twitter_card":"summary_large_image","twitter_misc":{"Szacowany czas czytania":"2 minuty"},"schema":{"@context":"https:\/\/schema.org","@graph":[{"@type":"WebPage","@id":"https:\/\/www.nooteboom.com\/pl\/kim-jestesmy\/segmenty-rynku\/maszyny-budowlane-i-drogowe\/","url":"https:\/\/www.nooteboom.com\/pl\/kim-jestesmy\/segmenty-rynku\/maszyny-budowlane-i-drogowe\/","name":"Maszyny budowlane i drogowe | Nooteboom Trailers","isPartOf":{"@id":"https:\/\/www.nooteboom.com\/pl\/#website"},"primaryImageOfPage":{"@id":"https:\/\/www.nooteboom.com\/pl\/kim-jestesmy\/segmenty-rynku\/maszyny-budowlane-i-drogowe\/#primaryimage"},"image":{"@id":"https:\/\/www.nooteboom.com\/pl\/kim-jestesmy\/segmenty-rynku\/maszyny-budowlane-i-drogowe\/#primaryimage"},"thumbnailUrl":"https:\/\/www.nooteboom.com\/wp-content\/uploads\/shutterstock_318350696.jpg","datePublished":"2016-08-03T13:41:48+00:00","dateModified":"2017-11-09T12:31:16+00:00","description":"Ju\u017c od wprowadzenia w latach pi\u0119\u0107dziesi\u0105tych XX wieku naczepy niskopodwoziowej z niezale\u017cnymi osiami odchylanymi na boki","breadcrumb":{"@id":"https:\/\/www.nooteboom.com\/pl\/kim-jestesmy\/segmenty-rynku\/maszyny-budowlane-i-drogowe\/#breadcrumb"},"inLanguage":"pl-PL","potentialAction":[{"@type":"ReadAction","target":["https:\/\/www.nooteboom.com\/pl\/kim-jestesmy\/segmenty-rynku\/maszyny-budowlane-i-drogowe\/"]}]},{"@type":"ImageObject","inLanguage":"pl-PL","@id":"https:\/\/www.nooteboom.com\/pl\/kim-jestesmy\/segmenty-rynku\/maszyny-budowlane-i-drogowe\/#primaryimage","url":"https:\/\/www.nooteboom.com\/wp-content\/uploads\/shutterstock_318350696.jpg","contentUrl":"https:\/\/www.nooteboom.com\/wp-content\/uploads\/shutterstock_318350696.jpg","width":2500,"height":1668},{"@type":"BreadcrumbList","@id":"https:\/\/www.nooteboom.com\/pl\/kim-jestesmy\/segmenty-rynku\/maszyny-budowlane-i-drogowe\/#breadcrumb","itemListElement":[{"@type":"ListItem","position":1,"name":"Home","item":"https:\/\/www.nooteboom.com\/pl\/"},{"@type":"ListItem","position":2,"name":"Kim jeste\u015bmy","item":"https:\/\/www.nooteboom.com\/pl\/kim-jestesmy\/"},{"@type":"ListItem","position":3,"name":"Segmenty rynku","item":"https:\/\/www.nooteboom.com\/pl\/kim-jestesmy\/segmenty-rynku\/"},{"@type":"ListItem","position":4,"name":"Maszyny budowlane i drogowe"}]},{"@type":"WebSite","@id":"https:\/\/www.nooteboom.com\/pl\/#website","url":"https:\/\/www.nooteboom.com\/pl\/","name":"Nooteboom Trailers","description":"Gets you there.","publisher":{"@id":"https:\/\/www.nooteboom.com\/pl\/#organization"},"potentialAction":[{"@type":"SearchAction","target":{"@type":"EntryPoint","urlTemplate":"https:\/\/www.nooteboom.com\/pl\/?s={search_term_string}"},"query-input":{"@type":"PropertyValueSpecification","valueRequired":true,"valueName":"search_term_string"}}],"inLanguage":"pl-PL"},{"@type":"Organization","@id":"https:\/\/www.nooteboom.com\/pl\/#organization","name":"Nooteboom Trailers","url":"https:\/\/www.nooteboom.com\/pl\/","logo":{"@type":"ImageObject","inLanguage":"pl-PL","@id":"https:\/\/www.nooteboom.com\/pl\/#\/schema\/logo\/image\/","url":"https:\/\/www.nooteboom.com\/wp-content\/uploads\/logo.png","contentUrl":"https:\/\/www.nooteboom.com\/wp-content\/uploads\/logo.png","width":111,"height":66,"caption":"Nooteboom Trailers"},"image":{"@id":"https:\/\/www.nooteboom.com\/pl\/#\/schema\/logo\/image\/"},"sameAs":["https:\/\/nl-nl.facebook.com\/nooteboomtrailers\/","https:\/\/nl.linkedin.com\/company\/nooteboom-trailers","https:\/\/www.youtube.com\/user\/Nooteboomtrailers"]}]}},"_links":{"self":[{"href":"https:\/\/www.nooteboom.com\/pl\/wp-json\/wp\/v2\/pages\/10003","targetHints":{"allow":["GET"]}}],"collection":[{"href":"https:\/\/www.nooteboom.com\/pl\/wp-json\/wp\/v2\/pages"}],"about":[{"href":"https:\/\/www.nooteboom.com\/pl\/wp-json\/wp\/v2\/types\/page"}],"author":[{"embeddable":true,"href":"https:\/\/www.nooteboom.com\/pl\/wp-json\/wp\/v2\/users\/45"}],"replies":[{"embeddable":true,"href":"https:\/\/www.nooteboom.com\/pl\/wp-json\/wp\/v2\/comments?post=10003"}],"version-history":[{"count":5,"href":"https:\/\/www.nooteboom.com\/pl\/wp-json\/wp\/v2\/pages\/10003\/revisions"}],"predecessor-version":[{"id":12195,"href":"https:\/\/www.nooteboom.com\/pl\/wp-json\/wp\/v2\/pages\/10003\/revisions\/12195"}],"up":[{"embeddable":true,"href":"https:\/\/www.nooteboom.com\/pl\/wp-json\/wp\/v2\/pages\/9998"}],"wp:featuredmedia":[{"embeddable":true,"href":"https:\/\/www.nooteboom.com\/pl\/wp-json\/wp\/v2\/media\/7038"}],"wp:attachment":[{"href":"https:\/\/www.nooteboom.com\/pl\/wp-json\/wp\/v2\/media?parent=10003"}],"curies":[{"name":"wp","href":"https:\/\/api.w.org\/{rel}","templated":true}]}}