{"id":9551,"date":"2016-08-01T14:56:52","date_gmt":"2016-08-01T12:56:52","guid":{"rendered":"https:\/\/www.nooteboom.com\/?page_id=9551&#038;lang=fr"},"modified":"2016-08-10T13:49:49","modified_gmt":"2016-08-10T11:49:49","slug":"strategie","status":"publish","type":"page","link":"https:\/\/www.nooteboom.com\/fr\/qui-sommes-nous\/strategie\/","title":{"rendered":"Strat\u00e9gie"},"content":{"rendered":"<div class=\"wpb-content-wrapper\"><p>[vc_row][vc_column][vc_column_text]Chez Nooteboom le client occupe une place centrale.<br \/>\nTout est fait pour donner aux clients de Nooteboom la meilleure assistance possible.[\/vc_column_text][\/vc_column][\/vc_row][vc_row][vc_column width=\u00a0\u00bb1\/2&Prime;][vc_column_text]De la livraison des remorques, \u00e0 l&rsquo;entretien et la r\u00e9vision jusqu&rsquo;au changement de pi\u00e8ces et la livraison d&rsquo;une remorque remise \u00e0 neuf. La continuit\u00e9 est une priorit\u00e9. Pour l\u2019utilisation des remorques Nooteboom, mais aussi pour la coop\u00e9ration avec ses clients. Depuis de nombreuses ann\u00e9es maintenant, Nooteboom applique une philosophie de conception claire et coh\u00e9rente afin que les clients sachent \u00e0 quoi ils peuvent s&rsquo;attendre s&rsquo;ils investissent dans une remorque Nooteboom. Mais le service que Nooteboom offre ne se limite pas \u00e0 la livraison de nouvelles remorques. Nooteboom privil\u00e9gie le cycle de vie du v\u00e9hicule: des nouvelles constructions, \u00e0 la r\u00e9vision et la remise \u00e0 neuf jusqu&rsquo;au merchandising et aux pi\u00e8ces ou l&rsquo;achat \/ la vente de v\u00e9hicules d&rsquo;occasion.<\/p>\n<p>u cours des prochaines ann\u00e9es Nooteboom vise \u00e0 avoir une croissance contr\u00f4l\u00e9e avec une solide rentabilit\u00e9. Pour pouvoir continuer \u00e0 investir dans des remorques innovantes et des m\u00e9thodes de production, am\u00e9liorer la professionnalisation de ses employ\u00e9s et garantir des conditions de travail saines.[\/vc_column_text][\/vc_column][vc_column width=\u00a0\u00bb1\/2&Prime;][vc_single_image image=\u00a0\u00bb1031&Prime; img_size=\u00a0\u00bblarge\u00a0\u00bb][\/vc_column][\/vc_row]<\/p>\n<\/div>","protected":false},"excerpt":{"rendered":"[vc_row][vc_column][vc_column_text]Chez Nooteboom le client occupe une place centrale. Tout est fait pour donner aux clients de Nooteboom la meilleure assistance&#8230;","protected":false},"author":45,"featured_media":4070,"parent":9503,"menu_order":5,"comment_status":"closed","ping_status":"closed","template":"","meta":{"_acf_changed":false,"inline_featured_image":false,"footnotes":""},"class_list":["post-9551","page","type-page","status-publish","has-post-thumbnail","hentry"],"acf":[],"yoast_head":"<!-- This site is optimized with the Yoast SEO Premium plugin v25.7.1 (Yoast SEO v25.7) - https:\/\/yoast.com\/wordpress\/plugins\/seo\/ -->\n<title>Strat\u00e9gie | Nooteboom Trailers<\/title>\n<meta name=\"description\" content=\"Chez Nooteboom le client occupe une place centrale. Tout est fait pour donner aux clients de Nooteboom la meilleure assistance possible.\" \/>\n<meta name=\"robots\" content=\"index, follow, max-snippet:-1, max-image-preview:large, max-video-preview:-1\" \/>\n<link rel=\"canonical\" href=\"https:\/\/www.nooteboom.com\/fr\/qui-sommes-nous\/strategie\/\" \/>\n<meta property=\"og:locale\" content=\"fr_FR\" \/>\n<meta property=\"og:type\" content=\"article\" \/>\n<meta property=\"og:title\" content=\"Strat\u00e9gie\" \/>\n<meta property=\"og:description\" content=\"Chez Nooteboom le client occupe une place centrale. Tout est fait pour donner aux clients de Nooteboom la meilleure assistance possible.\" \/>\n<meta property=\"og:url\" content=\"https:\/\/www.nooteboom.com\/fr\/qui-sommes-nous\/strategie\/\" \/>\n<meta property=\"og:site_name\" content=\"Nooteboom Trailers\" \/>\n<meta property=\"article:publisher\" content=\"https:\/\/nl-nl.facebook.com\/nooteboomtrailers\/\" \/>\n<meta property=\"article:modified_time\" content=\"2016-08-10T11:49:49+00:00\" \/>\n<meta property=\"og:image\" content=\"https:\/\/www.nooteboom.com\/wp-content\/uploads\/srategy-header.jpg\" \/>\n\t<meta property=\"og:image:width\" content=\"2500\" \/>\n\t<meta property=\"og:image:height\" content=\"1281\" \/>\n\t<meta property=\"og:image:type\" content=\"image\/jpeg\" \/>\n<meta name=\"twitter:card\" content=\"summary_large_image\" \/>\n<meta name=\"twitter:label1\" content=\"Dur\u00e9e de lecture estim\u00e9e\" \/>\n\t<meta name=\"twitter:data1\" content=\"1 minute\" \/>\n<script type=\"application\/ld+json\" class=\"yoast-schema-graph\">{\"@context\":\"https:\/\/schema.org\",\"@graph\":[{\"@type\":\"WebPage\",\"@id\":\"https:\/\/www.nooteboom.com\/fr\/qui-sommes-nous\/strategie\/\",\"url\":\"https:\/\/www.nooteboom.com\/fr\/qui-sommes-nous\/strategie\/\",\"name\":\"Strat\u00e9gie | Nooteboom Trailers\",\"isPartOf\":{\"@id\":\"https:\/\/www.nooteboom.com\/fr\/#website\"},\"primaryImageOfPage\":{\"@id\":\"https:\/\/www.nooteboom.com\/fr\/qui-sommes-nous\/strategie\/#primaryimage\"},\"image\":{\"@id\":\"https:\/\/www.nooteboom.com\/fr\/qui-sommes-nous\/strategie\/#primaryimage\"},\"thumbnailUrl\":\"https:\/\/www.nooteboom.com\/wp-content\/uploads\/srategy-header.jpg\",\"datePublished\":\"2016-08-01T12:56:52+00:00\",\"dateModified\":\"2016-08-10T11:49:49+00:00\",\"description\":\"Chez Nooteboom le client occupe une place centrale. Tout est fait pour donner aux clients de Nooteboom la meilleure assistance possible.\",\"breadcrumb\":{\"@id\":\"https:\/\/www.nooteboom.com\/fr\/qui-sommes-nous\/strategie\/#breadcrumb\"},\"inLanguage\":\"fr-FR\",\"potentialAction\":[{\"@type\":\"ReadAction\",\"target\":[\"https:\/\/www.nooteboom.com\/fr\/qui-sommes-nous\/strategie\/\"]}]},{\"@type\":\"ImageObject\",\"inLanguage\":\"fr-FR\",\"@id\":\"https:\/\/www.nooteboom.com\/fr\/qui-sommes-nous\/strategie\/#primaryimage\",\"url\":\"https:\/\/www.nooteboom.com\/wp-content\/uploads\/srategy-header.jpg\",\"contentUrl\":\"https:\/\/www.nooteboom.com\/wp-content\/uploads\/srategy-header.jpg\",\"width\":2500,\"height\":1281,\"caption\":\"Strat\u00e9gie\"},{\"@type\":\"BreadcrumbList\",\"@id\":\"https:\/\/www.nooteboom.com\/fr\/qui-sommes-nous\/strategie\/#breadcrumb\",\"itemListElement\":[{\"@type\":\"ListItem\",\"position\":1,\"name\":\"Home\",\"item\":\"https:\/\/www.nooteboom.com\/fr\/\"},{\"@type\":\"ListItem\",\"position\":2,\"name\":\"Qui sommes nous\",\"item\":\"https:\/\/www.nooteboom.com\/fr\/qui-sommes-nous\/\"},{\"@type\":\"ListItem\",\"position\":3,\"name\":\"Strat\u00e9gie\"}]},{\"@type\":\"WebSite\",\"@id\":\"https:\/\/www.nooteboom.com\/fr\/#website\",\"url\":\"https:\/\/www.nooteboom.com\/fr\/\",\"name\":\"Nooteboom Trailers\",\"description\":\"Gets you there.\",\"publisher\":{\"@id\":\"https:\/\/www.nooteboom.com\/fr\/#organization\"},\"potentialAction\":[{\"@type\":\"SearchAction\",\"target\":{\"@type\":\"EntryPoint\",\"urlTemplate\":\"https:\/\/www.nooteboom.com\/fr\/?s={search_term_string}\"},\"query-input\":{\"@type\":\"PropertyValueSpecification\",\"valueRequired\":true,\"valueName\":\"search_term_string\"}}],\"inLanguage\":\"fr-FR\"},{\"@type\":\"Organization\",\"@id\":\"https:\/\/www.nooteboom.com\/fr\/#organization\",\"name\":\"Nooteboom Trailers\",\"url\":\"https:\/\/www.nooteboom.com\/fr\/\",\"logo\":{\"@type\":\"ImageObject\",\"inLanguage\":\"fr-FR\",\"@id\":\"https:\/\/www.nooteboom.com\/fr\/#\/schema\/logo\/image\/\",\"url\":\"https:\/\/www.nooteboom.com\/wp-content\/uploads\/logo.png\",\"contentUrl\":\"https:\/\/www.nooteboom.com\/wp-content\/uploads\/logo.png\",\"width\":111,\"height\":66,\"caption\":\"Nooteboom Trailers\"},\"image\":{\"@id\":\"https:\/\/www.nooteboom.com\/fr\/#\/schema\/logo\/image\/\"},\"sameAs\":[\"https:\/\/nl-nl.facebook.com\/nooteboomtrailers\/\",\"https:\/\/nl.linkedin.com\/company\/nooteboom-trailers\",\"https:\/\/www.youtube.com\/user\/Nooteboomtrailers\"]}]}<\/script>\n<!-- \/ Yoast SEO Premium plugin. -->","yoast_head_json":{"title":"Strat\u00e9gie | Nooteboom Trailers","description":"Chez Nooteboom le client occupe une place centrale. Tout est fait pour donner aux clients de Nooteboom la meilleure assistance possible.","robots":{"index":"index","follow":"follow","max-snippet":"max-snippet:-1","max-image-preview":"max-image-preview:large","max-video-preview":"max-video-preview:-1"},"canonical":"https:\/\/www.nooteboom.com\/fr\/qui-sommes-nous\/strategie\/","og_locale":"fr_FR","og_type":"article","og_title":"Strat\u00e9gie","og_description":"Chez Nooteboom le client occupe une place centrale. Tout est fait pour donner aux clients de Nooteboom la meilleure assistance possible.","og_url":"https:\/\/www.nooteboom.com\/fr\/qui-sommes-nous\/strategie\/","og_site_name":"Nooteboom Trailers","article_publisher":"https:\/\/nl-nl.facebook.com\/nooteboomtrailers\/","article_modified_time":"2016-08-10T11:49:49+00:00","og_image":[{"width":2500,"height":1281,"url":"https:\/\/www.nooteboom.com\/wp-content\/uploads\/srategy-header.jpg","type":"image\/jpeg"}],"twitter_card":"summary_large_image","twitter_misc":{"Dur\u00e9e de lecture estim\u00e9e":"1 minute"},"schema":{"@context":"https:\/\/schema.org","@graph":[{"@type":"WebPage","@id":"https:\/\/www.nooteboom.com\/fr\/qui-sommes-nous\/strategie\/","url":"https:\/\/www.nooteboom.com\/fr\/qui-sommes-nous\/strategie\/","name":"Strat\u00e9gie | Nooteboom Trailers","isPartOf":{"@id":"https:\/\/www.nooteboom.com\/fr\/#website"},"primaryImageOfPage":{"@id":"https:\/\/www.nooteboom.com\/fr\/qui-sommes-nous\/strategie\/#primaryimage"},"image":{"@id":"https:\/\/www.nooteboom.com\/fr\/qui-sommes-nous\/strategie\/#primaryimage"},"thumbnailUrl":"https:\/\/www.nooteboom.com\/wp-content\/uploads\/srategy-header.jpg","datePublished":"2016-08-01T12:56:52+00:00","dateModified":"2016-08-10T11:49:49+00:00","description":"Chez Nooteboom le client occupe une place centrale. Tout est fait pour donner aux clients de Nooteboom la meilleure assistance possible.","breadcrumb":{"@id":"https:\/\/www.nooteboom.com\/fr\/qui-sommes-nous\/strategie\/#breadcrumb"},"inLanguage":"fr-FR","potentialAction":[{"@type":"ReadAction","target":["https:\/\/www.nooteboom.com\/fr\/qui-sommes-nous\/strategie\/"]}]},{"@type":"ImageObject","inLanguage":"fr-FR","@id":"https:\/\/www.nooteboom.com\/fr\/qui-sommes-nous\/strategie\/#primaryimage","url":"https:\/\/www.nooteboom.com\/wp-content\/uploads\/srategy-header.jpg","contentUrl":"https:\/\/www.nooteboom.com\/wp-content\/uploads\/srategy-header.jpg","width":2500,"height":1281,"caption":"Strat\u00e9gie"},{"@type":"BreadcrumbList","@id":"https:\/\/www.nooteboom.com\/fr\/qui-sommes-nous\/strategie\/#breadcrumb","itemListElement":[{"@type":"ListItem","position":1,"name":"Home","item":"https:\/\/www.nooteboom.com\/fr\/"},{"@type":"ListItem","position":2,"name":"Qui sommes nous","item":"https:\/\/www.nooteboom.com\/fr\/qui-sommes-nous\/"},{"@type":"ListItem","position":3,"name":"Strat\u00e9gie"}]},{"@type":"WebSite","@id":"https:\/\/www.nooteboom.com\/fr\/#website","url":"https:\/\/www.nooteboom.com\/fr\/","name":"Nooteboom Trailers","description":"Gets you there.","publisher":{"@id":"https:\/\/www.nooteboom.com\/fr\/#organization"},"potentialAction":[{"@type":"SearchAction","target":{"@type":"EntryPoint","urlTemplate":"https:\/\/www.nooteboom.com\/fr\/?s={search_term_string}"},"query-input":{"@type":"PropertyValueSpecification","valueRequired":true,"valueName":"search_term_string"}}],"inLanguage":"fr-FR"},{"@type":"Organization","@id":"https:\/\/www.nooteboom.com\/fr\/#organization","name":"Nooteboom Trailers","url":"https:\/\/www.nooteboom.com\/fr\/","logo":{"@type":"ImageObject","inLanguage":"fr-FR","@id":"https:\/\/www.nooteboom.com\/fr\/#\/schema\/logo\/image\/","url":"https:\/\/www.nooteboom.com\/wp-content\/uploads\/logo.png","contentUrl":"https:\/\/www.nooteboom.com\/wp-content\/uploads\/logo.png","width":111,"height":66,"caption":"Nooteboom Trailers"},"image":{"@id":"https:\/\/www.nooteboom.com\/fr\/#\/schema\/logo\/image\/"},"sameAs":["https:\/\/nl-nl.facebook.com\/nooteboomtrailers\/","https:\/\/nl.linkedin.com\/company\/nooteboom-trailers","https:\/\/www.youtube.com\/user\/Nooteboomtrailers"]}]}},"_links":{"self":[{"href":"https:\/\/www.nooteboom.com\/fr\/wp-json\/wp\/v2\/pages\/9551","targetHints":{"allow":["GET"]}}],"collection":[{"href":"https:\/\/www.nooteboom.com\/fr\/wp-json\/wp\/v2\/pages"}],"about":[{"href":"https:\/\/www.nooteboom.com\/fr\/wp-json\/wp\/v2\/types\/page"}],"author":[{"embeddable":true,"href":"https:\/\/www.nooteboom.com\/fr\/wp-json\/wp\/v2\/users\/45"}],"replies":[{"embeddable":true,"href":"https:\/\/www.nooteboom.com\/fr\/wp-json\/wp\/v2\/comments?post=9551"}],"version-history":[{"count":3,"href":"https:\/\/www.nooteboom.com\/fr\/wp-json\/wp\/v2\/pages\/9551\/revisions"}],"predecessor-version":[{"id":9614,"href":"https:\/\/www.nooteboom.com\/fr\/wp-json\/wp\/v2\/pages\/9551\/revisions\/9614"}],"up":[{"embeddable":true,"href":"https:\/\/www.nooteboom.com\/fr\/wp-json\/wp\/v2\/pages\/9503"}],"wp:featuredmedia":[{"embeddable":true,"href":"https:\/\/www.nooteboom.com\/fr\/wp-json\/wp\/v2\/media\/4070"}],"wp:attachment":[{"href":"https:\/\/www.nooteboom.com\/fr\/wp-json\/wp\/v2\/media?parent=9551"}],"curies":[{"name":"wp","href":"https:\/\/api.w.org\/{rel}","templated":true}]}}