{"id":9546,"date":"2016-08-01T14:50:18","date_gmt":"2016-08-01T12:50:18","guid":{"rendered":"https:\/\/www.nooteboom.com\/?page_id=9546&#038;lang=fr"},"modified":"2025-07-04T14:40:14","modified_gmt":"2025-07-04T12:40:14","slug":"organisation","status":"publish","type":"page","link":"https:\/\/www.nooteboom.com\/fr\/qui-sommes-nous\/organisation\/","title":{"rendered":"Organisation"},"content":{"rendered":"<div class=\"wpb-content-wrapper\"><p>[vc_row][vc_column][vc_column_text]Le si\u00e8ge social de Nooteboom est situ\u00e9 \u00e0 Wijchen (Pays-Bas). Le Groupe est dirig\u00e9 depuis cet emplacement et les fonctions d&rsquo;assistance y sont bas\u00e9es. Il y a aussi trois filiales bas\u00e9es \u00e0 Wijchen qui se sp\u00e9cialisent dans le d\u00e9veloppement, la production, la prestation de services et la vente de solutions de transport pour le transport routier exceptionnel.[\/vc_column_text][\/vc_column][\/vc_row][vc_row][vc_column width=\u00a0\u00bb1\/2&Prime;][vc_single_image image=\u00a0\u00bb1060&Prime; img_size=\u00a0\u00bblarge\u00a0\u00bb][\/vc_column][vc_column width=\u00a0\u00bb1\/2&Prime;][vc_column_text]<\/p>\n<ul>\n<li>\n<h2>Nooteboom Trailers<\/h2>\n<p>Le leader du march\u00e9 en Europe dans le d\u00e9veloppement et la production de v\u00e9hicules pour le transport routier exceptionnel pouvant supporter une charge utile de 20 \u00e0 200 tonnes;<\/li>\n<\/ul>\n<ul>\n<li>\n<h2>Nooteboom Trailer Service<\/h2>\n<p>Fournit la maintenance, les pi\u00e8ces, l&rsquo;entretien, la modernisation et la remise \u00e0 neuf des v\u00e9hicules;<\/li>\n<\/ul>\n<ul>\n<li>\n<h2>Nooteboom Global Trailer Centre<\/h2>\n<p>Sp\u00e9cialis\u00e9 dans l&rsquo;achat \/ la vente de toutes les marques de camions tracteurs et de remorques utilis\u00e9s pour le transport routier exceptionnel.<\/li>\n<\/ul>\n<p>[\/vc_column_text][\/vc_column][\/vc_row][vc_row][vc_column][vc_column_text]Les ventes en Europe sont r\u00e9alis\u00e9es par son propre r\u00e9seau commercial et un r\u00e9seau de distributeurs soigneusement s\u00e9lectionn\u00e9s.\u00a0Les ventes dans les pays en dehors de l&rsquo;Europe sont g\u00e9r\u00e9es par le si\u00e8ge social \u00e0 Wijchen.<\/p>\n<p>Pour assurer l&rsquo;entretien et la remise \u00e0 neuf Nooteboom poss\u00e8de un vaste r\u00e9seau de services dans toute l&rsquo;Europe. Avec leur propre division d&rsquo;assistance mobile et un service d&rsquo;urgence 24 heures sur 24, pour l&rsquo;Europe, l&rsquo;assistance de Nooteboom n&rsquo;est jamais loin. En Grande-Bretagne Nooteboom poss\u00e8de son propre centre d&rsquo;entretien et de vente, Nooteboom UK Ltd.<\/p>\n<p><a class=\"button\" href=\"https:\/\/www.nooteboom.com\/fr\/fr\/contact\/\">Contact<\/a>[\/vc_column_text][\/vc_column][\/vc_row]<\/p>\n<\/div>","protected":false},"excerpt":{"rendered":"[vc_row][vc_column][vc_column_text]Le si\u00e8ge social de Nooteboom est situ\u00e9 \u00e0 Wijchen (Pays-Bas). Le Groupe est dirig\u00e9 depuis cet emplacement et les fonctions&#8230;","protected":false},"author":45,"featured_media":2607142,"parent":9503,"menu_order":9,"comment_status":"closed","ping_status":"closed","template":"","meta":{"_acf_changed":false,"inline_featured_image":false,"footnotes":""},"class_list":["post-9546","page","type-page","status-publish","has-post-thumbnail","hentry"],"acf":[],"yoast_head":"<!-- This site is optimized with the Yoast SEO Premium plugin v25.7.1 (Yoast SEO v25.7) - https:\/\/yoast.com\/wordpress\/plugins\/seo\/ -->\n<title>Organisation | Nooteboom Trailers<\/title>\n<meta name=\"description\" content=\"Le si\u00e8ge social de Nooteboom est situ\u00e9 \u00e0 Wijchen (Pays-Bas). Le Groupe est dirig\u00e9 depuis cet emplacement et les fonctions d&#039;assistance y sont bas\u00e9es.\" \/>\n<meta name=\"robots\" content=\"index, follow, max-snippet:-1, max-image-preview:large, max-video-preview:-1\" \/>\n<link rel=\"canonical\" href=\"https:\/\/www.nooteboom.com\/fr\/qui-sommes-nous\/organisation\/\" \/>\n<meta property=\"og:locale\" content=\"fr_FR\" \/>\n<meta property=\"og:type\" content=\"article\" \/>\n<meta property=\"og:title\" content=\"Organisation\" \/>\n<meta property=\"og:description\" content=\"Le si\u00e8ge social de Nooteboom est situ\u00e9 \u00e0 Wijchen (Pays-Bas). Le Groupe est dirig\u00e9 depuis cet emplacement et les fonctions d&#039;assistance y sont bas\u00e9es.\" \/>\n<meta property=\"og:url\" content=\"https:\/\/www.nooteboom.com\/fr\/qui-sommes-nous\/organisation\/\" \/>\n<meta property=\"og:site_name\" content=\"Nooteboom Trailers\" \/>\n<meta property=\"article:publisher\" content=\"https:\/\/nl-nl.facebook.com\/nooteboomtrailers\/\" \/>\n<meta property=\"article:modified_time\" content=\"2025-07-04T12:40:14+00:00\" \/>\n<meta property=\"og:image\" content=\"https:\/\/www.nooteboom.com\/wp-content\/uploads\/Handvat-Lasapparaat-IMG_3617-kopie-1-scaled.jpg\" \/>\n\t<meta property=\"og:image:width\" content=\"2048\" \/>\n\t<meta property=\"og:image:height\" content=\"1366\" \/>\n\t<meta property=\"og:image:type\" content=\"image\/jpeg\" \/>\n<meta name=\"twitter:card\" content=\"summary_large_image\" \/>\n<meta name=\"twitter:label1\" content=\"Dur\u00e9e de lecture estim\u00e9e\" \/>\n\t<meta name=\"twitter:data1\" content=\"2 minutes\" \/>\n<script type=\"application\/ld+json\" class=\"yoast-schema-graph\">{\"@context\":\"https:\/\/schema.org\",\"@graph\":[{\"@type\":\"WebPage\",\"@id\":\"https:\/\/www.nooteboom.com\/fr\/qui-sommes-nous\/organisation\/\",\"url\":\"https:\/\/www.nooteboom.com\/fr\/qui-sommes-nous\/organisation\/\",\"name\":\"Organisation | Nooteboom Trailers\",\"isPartOf\":{\"@id\":\"https:\/\/www.nooteboom.com\/fr\/#website\"},\"primaryImageOfPage\":{\"@id\":\"https:\/\/www.nooteboom.com\/fr\/qui-sommes-nous\/organisation\/#primaryimage\"},\"image\":{\"@id\":\"https:\/\/www.nooteboom.com\/fr\/qui-sommes-nous\/organisation\/#primaryimage\"},\"thumbnailUrl\":\"https:\/\/www.nooteboom.com\/wp-content\/uploads\/Handvat-Lasapparaat-IMG_3617-kopie-1-scaled.jpg\",\"datePublished\":\"2016-08-01T12:50:18+00:00\",\"dateModified\":\"2025-07-04T12:40:14+00:00\",\"description\":\"Le si\u00e8ge social de Nooteboom est situ\u00e9 \u00e0 Wijchen (Pays-Bas). Le Groupe est dirig\u00e9 depuis cet emplacement et les fonctions d'assistance y sont bas\u00e9es.\",\"breadcrumb\":{\"@id\":\"https:\/\/www.nooteboom.com\/fr\/qui-sommes-nous\/organisation\/#breadcrumb\"},\"inLanguage\":\"fr-FR\",\"potentialAction\":[{\"@type\":\"ReadAction\",\"target\":[\"https:\/\/www.nooteboom.com\/fr\/qui-sommes-nous\/organisation\/\"]}]},{\"@type\":\"ImageObject\",\"inLanguage\":\"fr-FR\",\"@id\":\"https:\/\/www.nooteboom.com\/fr\/qui-sommes-nous\/organisation\/#primaryimage\",\"url\":\"https:\/\/www.nooteboom.com\/wp-content\/uploads\/Handvat-Lasapparaat-IMG_3617-kopie-1-scaled.jpg\",\"contentUrl\":\"https:\/\/www.nooteboom.com\/wp-content\/uploads\/Handvat-Lasapparaat-IMG_3617-kopie-1-scaled.jpg\",\"width\":2048,\"height\":1366},{\"@type\":\"BreadcrumbList\",\"@id\":\"https:\/\/www.nooteboom.com\/fr\/qui-sommes-nous\/organisation\/#breadcrumb\",\"itemListElement\":[{\"@type\":\"ListItem\",\"position\":1,\"name\":\"Home\",\"item\":\"https:\/\/www.nooteboom.com\/fr\/\"},{\"@type\":\"ListItem\",\"position\":2,\"name\":\"Qui sommes nous\",\"item\":\"https:\/\/www.nooteboom.com\/fr\/qui-sommes-nous\/\"},{\"@type\":\"ListItem\",\"position\":3,\"name\":\"Organisation\"}]},{\"@type\":\"WebSite\",\"@id\":\"https:\/\/www.nooteboom.com\/fr\/#website\",\"url\":\"https:\/\/www.nooteboom.com\/fr\/\",\"name\":\"Nooteboom Trailers\",\"description\":\"Gets you there.\",\"publisher\":{\"@id\":\"https:\/\/www.nooteboom.com\/fr\/#organization\"},\"potentialAction\":[{\"@type\":\"SearchAction\",\"target\":{\"@type\":\"EntryPoint\",\"urlTemplate\":\"https:\/\/www.nooteboom.com\/fr\/?s={search_term_string}\"},\"query-input\":{\"@type\":\"PropertyValueSpecification\",\"valueRequired\":true,\"valueName\":\"search_term_string\"}}],\"inLanguage\":\"fr-FR\"},{\"@type\":\"Organization\",\"@id\":\"https:\/\/www.nooteboom.com\/fr\/#organization\",\"name\":\"Nooteboom Trailers\",\"url\":\"https:\/\/www.nooteboom.com\/fr\/\",\"logo\":{\"@type\":\"ImageObject\",\"inLanguage\":\"fr-FR\",\"@id\":\"https:\/\/www.nooteboom.com\/fr\/#\/schema\/logo\/image\/\",\"url\":\"https:\/\/www.nooteboom.com\/wp-content\/uploads\/logo.png\",\"contentUrl\":\"https:\/\/www.nooteboom.com\/wp-content\/uploads\/logo.png\",\"width\":111,\"height\":66,\"caption\":\"Nooteboom Trailers\"},\"image\":{\"@id\":\"https:\/\/www.nooteboom.com\/fr\/#\/schema\/logo\/image\/\"},\"sameAs\":[\"https:\/\/nl-nl.facebook.com\/nooteboomtrailers\/\",\"https:\/\/nl.linkedin.com\/company\/nooteboom-trailers\",\"https:\/\/www.youtube.com\/user\/Nooteboomtrailers\"]}]}<\/script>\n<!-- \/ Yoast SEO Premium plugin. -->","yoast_head_json":{"title":"Organisation | Nooteboom Trailers","description":"Le si\u00e8ge social de Nooteboom est situ\u00e9 \u00e0 Wijchen (Pays-Bas). Le Groupe est dirig\u00e9 depuis cet emplacement et les fonctions d'assistance y sont bas\u00e9es.","robots":{"index":"index","follow":"follow","max-snippet":"max-snippet:-1","max-image-preview":"max-image-preview:large","max-video-preview":"max-video-preview:-1"},"canonical":"https:\/\/www.nooteboom.com\/fr\/qui-sommes-nous\/organisation\/","og_locale":"fr_FR","og_type":"article","og_title":"Organisation","og_description":"Le si\u00e8ge social de Nooteboom est situ\u00e9 \u00e0 Wijchen (Pays-Bas). Le Groupe est dirig\u00e9 depuis cet emplacement et les fonctions d'assistance y sont bas\u00e9es.","og_url":"https:\/\/www.nooteboom.com\/fr\/qui-sommes-nous\/organisation\/","og_site_name":"Nooteboom Trailers","article_publisher":"https:\/\/nl-nl.facebook.com\/nooteboomtrailers\/","article_modified_time":"2025-07-04T12:40:14+00:00","og_image":[{"width":2048,"height":1366,"url":"https:\/\/www.nooteboom.com\/wp-content\/uploads\/Handvat-Lasapparaat-IMG_3617-kopie-1-scaled.jpg","type":"image\/jpeg"}],"twitter_card":"summary_large_image","twitter_misc":{"Dur\u00e9e de lecture estim\u00e9e":"2 minutes"},"schema":{"@context":"https:\/\/schema.org","@graph":[{"@type":"WebPage","@id":"https:\/\/www.nooteboom.com\/fr\/qui-sommes-nous\/organisation\/","url":"https:\/\/www.nooteboom.com\/fr\/qui-sommes-nous\/organisation\/","name":"Organisation | Nooteboom Trailers","isPartOf":{"@id":"https:\/\/www.nooteboom.com\/fr\/#website"},"primaryImageOfPage":{"@id":"https:\/\/www.nooteboom.com\/fr\/qui-sommes-nous\/organisation\/#primaryimage"},"image":{"@id":"https:\/\/www.nooteboom.com\/fr\/qui-sommes-nous\/organisation\/#primaryimage"},"thumbnailUrl":"https:\/\/www.nooteboom.com\/wp-content\/uploads\/Handvat-Lasapparaat-IMG_3617-kopie-1-scaled.jpg","datePublished":"2016-08-01T12:50:18+00:00","dateModified":"2025-07-04T12:40:14+00:00","description":"Le si\u00e8ge social de Nooteboom est situ\u00e9 \u00e0 Wijchen (Pays-Bas). Le Groupe est dirig\u00e9 depuis cet emplacement et les fonctions d'assistance y sont bas\u00e9es.","breadcrumb":{"@id":"https:\/\/www.nooteboom.com\/fr\/qui-sommes-nous\/organisation\/#breadcrumb"},"inLanguage":"fr-FR","potentialAction":[{"@type":"ReadAction","target":["https:\/\/www.nooteboom.com\/fr\/qui-sommes-nous\/organisation\/"]}]},{"@type":"ImageObject","inLanguage":"fr-FR","@id":"https:\/\/www.nooteboom.com\/fr\/qui-sommes-nous\/organisation\/#primaryimage","url":"https:\/\/www.nooteboom.com\/wp-content\/uploads\/Handvat-Lasapparaat-IMG_3617-kopie-1-scaled.jpg","contentUrl":"https:\/\/www.nooteboom.com\/wp-content\/uploads\/Handvat-Lasapparaat-IMG_3617-kopie-1-scaled.jpg","width":2048,"height":1366},{"@type":"BreadcrumbList","@id":"https:\/\/www.nooteboom.com\/fr\/qui-sommes-nous\/organisation\/#breadcrumb","itemListElement":[{"@type":"ListItem","position":1,"name":"Home","item":"https:\/\/www.nooteboom.com\/fr\/"},{"@type":"ListItem","position":2,"name":"Qui sommes nous","item":"https:\/\/www.nooteboom.com\/fr\/qui-sommes-nous\/"},{"@type":"ListItem","position":3,"name":"Organisation"}]},{"@type":"WebSite","@id":"https:\/\/www.nooteboom.com\/fr\/#website","url":"https:\/\/www.nooteboom.com\/fr\/","name":"Nooteboom Trailers","description":"Gets you there.","publisher":{"@id":"https:\/\/www.nooteboom.com\/fr\/#organization"},"potentialAction":[{"@type":"SearchAction","target":{"@type":"EntryPoint","urlTemplate":"https:\/\/www.nooteboom.com\/fr\/?s={search_term_string}"},"query-input":{"@type":"PropertyValueSpecification","valueRequired":true,"valueName":"search_term_string"}}],"inLanguage":"fr-FR"},{"@type":"Organization","@id":"https:\/\/www.nooteboom.com\/fr\/#organization","name":"Nooteboom Trailers","url":"https:\/\/www.nooteboom.com\/fr\/","logo":{"@type":"ImageObject","inLanguage":"fr-FR","@id":"https:\/\/www.nooteboom.com\/fr\/#\/schema\/logo\/image\/","url":"https:\/\/www.nooteboom.com\/wp-content\/uploads\/logo.png","contentUrl":"https:\/\/www.nooteboom.com\/wp-content\/uploads\/logo.png","width":111,"height":66,"caption":"Nooteboom Trailers"},"image":{"@id":"https:\/\/www.nooteboom.com\/fr\/#\/schema\/logo\/image\/"},"sameAs":["https:\/\/nl-nl.facebook.com\/nooteboomtrailers\/","https:\/\/nl.linkedin.com\/company\/nooteboom-trailers","https:\/\/www.youtube.com\/user\/Nooteboomtrailers"]}]}},"_links":{"self":[{"href":"https:\/\/www.nooteboom.com\/fr\/wp-json\/wp\/v2\/pages\/9546","targetHints":{"allow":["GET"]}}],"collection":[{"href":"https:\/\/www.nooteboom.com\/fr\/wp-json\/wp\/v2\/pages"}],"about":[{"href":"https:\/\/www.nooteboom.com\/fr\/wp-json\/wp\/v2\/types\/page"}],"author":[{"embeddable":true,"href":"https:\/\/www.nooteboom.com\/fr\/wp-json\/wp\/v2\/users\/45"}],"replies":[{"embeddable":true,"href":"https:\/\/www.nooteboom.com\/fr\/wp-json\/wp\/v2\/comments?post=9546"}],"version-history":[{"count":4,"href":"https:\/\/www.nooteboom.com\/fr\/wp-json\/wp\/v2\/pages\/9546\/revisions"}],"predecessor-version":[{"id":2607147,"href":"https:\/\/www.nooteboom.com\/fr\/wp-json\/wp\/v2\/pages\/9546\/revisions\/2607147"}],"up":[{"embeddable":true,"href":"https:\/\/www.nooteboom.com\/fr\/wp-json\/wp\/v2\/pages\/9503"}],"wp:featuredmedia":[{"embeddable":true,"href":"https:\/\/www.nooteboom.com\/fr\/wp-json\/wp\/v2\/media\/2607142"}],"wp:attachment":[{"href":"https:\/\/www.nooteboom.com\/fr\/wp-json\/wp\/v2\/media?parent=9546"}],"curies":[{"name":"wp","href":"https:\/\/api.w.org\/{rel}","templated":true}]}}