{"id":9522,"date":"2016-08-01T14:32:40","date_gmt":"2016-08-01T12:32:40","guid":{"rendered":"https:\/\/www.nooteboom.com\/?page_id=9522&#038;lang=fr"},"modified":"2021-10-12T09:36:50","modified_gmt":"2021-10-12T07:36:50","slug":"2012-jusqua-ce-jour-5eme-generation-marinka-nooteboom","status":"publish","type":"page","link":"https:\/\/www.nooteboom.com\/fr\/qui-sommes-nous\/histoire\/2012-jusqua-ce-jour-5eme-generation-marinka-nooteboom\/","title":{"rendered":"2012 &#8211; jusqu&rsquo;\u00e0 ce jour: 5\u00e8me g\u00e9n\u00e9ration: Marinka Nooteboom"},"content":{"rendered":"<div class=\"wpb-content-wrapper\"><p>[vc_row][vc_column][vc_column_text]En 2012, Marinka Nooteboom, la fille de Henk Nooteboom, est nomm\u00e9e directrice g\u00e9n\u00e9rale du groupe Nooteboom de Koninklijke, une entreprise de 500 personnes. Elle avait fait ses premiers pas dans le secteur bancaire. L&rsquo;efficacit\u00e9 de la gestion, ainsi que l&rsquo;optimisation des proc\u00e9d\u00e9s de production furent des facteurs importants qui ont n\u00e9cessit\u00e9 une attention toute particuli\u00e8re, dans la mesure o\u00f9 Marinka Nooteboom a repris la barre lors de la p\u00e9riode de r\u00e9cession en Europe.<\/p>\n<p>Toutefois, \u00e0 une p\u00e9riode o\u00f9 les co\u00fbts devaient \u00eatre minimis\u00e9s, Nooteboom continuera d&rsquo;investir dans la qualit\u00e9, le service et l&rsquo;innovation.\u00a0Tout en s&rsquo;assurant que le rapport qualit\u00e9 prix de leurs v\u00e9hicules haut de gamme demeure comp\u00e9titif.[\/vc_column_text][\/vc_column][\/vc_row][vc_row][vc_column width=\u00a0\u00bb1\/2&Prime;][vc_single_image image=\u00a0\u00bb1165&Prime; img_size=\u00a0\u00bblarge\u00a0\u00bb][\/vc_column][vc_column width=\u00a0\u00bb1\/2&Prime;][vc_column_text]Apr\u00e8s le point bas de la crise pan-europ\u00e9enne, une reprise suivra en 2013 et 2014. La quantit\u00e9 de travail est \u00e0 la hauteur et les prises de commandes augmentent progessivement. Apr\u00e8s des ann\u00e9es de compressions, les entreprises de transport sont pr\u00eates \u00e0 remplacer leur mat\u00e9riel roulant. Les investissements dans l&rsquo;innovation de produits, m\u00eame en temps de crise, donnent des r\u00e9sultats positifs. C\u2019est ainsi qu\u2019en 2013, la toute nouvelle extra-surbaiss\u00e9e PXE \u00e0 9 lignes d&rsquo;essieux fut un r\u00e9el succ\u00e8s. La position de leader dans les solutions de transport pour les \u00e9oliennes se r\u00e9v\u00e8le \u00e9galement pr\u00e9cieuse. En 2015, Nooteboom pr\u00e9sentera la semi-surbaiss\u00e9e Manoovr \u00e0 l\u2019occasion du salon de l\u2019Automobile RAI \u00e0 Amsterdam. Avec cette innovation r\u00e9volutionnaire, Nooteboom remporte de nombreux prix internationaux de l&rsquo;innovation. Dans les ann\u00e9es qui ont suivi, plusieurs innovations se sont succ\u00e9d\u00e9es dont le TeleLongrunner, l\u2019extra-surbaiss\u00e9e 6 essieux avec dolly 4 essieux ainsi que la surbaiss\u00e9e l\u00e9g\u00e8re extensible avec fosses \u00e0 roues. Outre l&rsquo;innovation produit, celle des proc\u00e9d\u00e9s joue \u00e9galement un r\u00f4le de plus en plus important et les premiers robots font leur entr\u00e9e dans l&rsquo;entreprise. Des op\u00e9rations commerciales efficaces et l&rsquo;optimisation du processus de production sont des domaines importants \u00e0 retenir. Malgr\u00e9 la pand\u00e9mie corona, Nooteboom est en mesure de cl\u00f4turer 2020 avec un bon r\u00e9sultat et le carnet de commandes est tr\u00e8s bien rempli. Afin de r\u00e9pondre \u00e0 la demande internationale croissante de v\u00e9hicules Nooteboom, la capacit\u00e9 de production sera encore augment\u00e9e en 2021.<\/p>\n<p><a class=\"button\" href=\"https:\/\/www.nooteboom.com\/fr\/qui-sommes-nous\/histoire\/\">Retour \u00e0 l&rsquo;histoire<\/a>[\/vc_column_text][\/vc_column][\/vc_row][vc_row full_width=\u00a0\u00bbstretch_row_content_no_spaces\u00a0\u00bb row_class=\u00a0\u00bb\u00a0\u00bb][vc_column]\n\t<div id=\"slider-6a072dedeadde\" class=\"vc_timeline timeline centered\">\n\n\t\t<ul class=\"slides\">\n\t\t\t\t\t\t\t<li>\n\t\t\t\t\t\t\t\t\t\t<a class=\"timeline__inner\" target=\"\" href=\"https:\/\/www.nooteboom.com\/fr\/qui-sommes-nous\/histoire\/1881-1921-1ere-generation\/\">\n\t\t\t\t\t\t\t\t\t\t\t\t\t\t\t\t\t\t<img decoding=\"async\" src=\"https:\/\/www.nooteboom.com\/wp-content\/uploads\/Nooteboom-horseshoes-fitting-275x165.jpg\" alt=\"1st generation\">\n\t\t\t\t\t\t\t\t\t\t\t\t\t\t\t\t\t\t\t<p class=\"timeline__title\">1881-1921: 1\u00c8RE G\u00c9N\u00c9RATION<\/p>\n\t\t\t\t\t\t\t\t\t\t\t\t\t\t\t\t\t\t\t<p>En 1881 Willem Nooteboom, alors \u00e2g\u00e9 de 26 ans, (photo de droite), le fils d'un forgeron de Schiebroek, ouvre sa propre forge dans le village de Kethel, \u00e0 deux pas de Rotterdam.<\/p>\n\t\t\t\t\t\t\t\t\t\t\t\t\t\t\t\t\t<\/a>\n\t\t\t\t\t\t\t\t\t<\/li>\n\t\t\t\t\t\t\t<li>\n\t\t\t\t\t\t\t\t\t\t<a class=\"timeline__inner\" target=\"\" href=\"https:\/\/www.nooteboom.com\/fr\/qui-sommes-nous\/histoire\/1921-1939-2eme-generation\/\">\n\t\t\t\t\t\t\t\t\t\t\t\t\t\t\t\t\t\t<img decoding=\"async\" src=\"https:\/\/www.nooteboom.com\/wp-content\/uploads\/Henk-Jan-Nooteboom-275x165.jpg\" alt=\"Henk Jan Nooteboom\">\n\t\t\t\t\t\t\t\t\t\t\t\t\t\t\t\t\t\t\t<p class=\"timeline__title\">1921-1939: 2\u00c8ME G\u00c9N\u00c9RATION<\/p>\n\t\t\t\t\t\t\t\t\t\t\t\t\t\t\t\t\t\t\t<p>Lorsqu'il rejoint la compagnie en 1921 Henk Jan Nooteboom (photo de droite) anticipe un d\u00e9veloppement du march\u00e9 des v\u00e9hicules.<\/p>\n\t\t\t\t\t\t\t\t\t\t\t\t\t\t\t\t\t<\/a>\n\t\t\t\t\t\t\t\t\t<\/li>\n\t\t\t\t\t\t\t<li>\n\t\t\t\t\t\t\t\t\t\t<a class=\"timeline__inner\" target=\"\" href=\"https:\/\/www.nooteboom.com\/fr\/qui-sommes-nous\/histoire\/1939-1953-3eme-generation\/\">\n\t\t\t\t\t\t\t\t\t\t\t\t\t\t\t\t\t\t<img decoding=\"async\" src=\"https:\/\/www.nooteboom.com\/wp-content\/uploads\/Nooteboom-Tipper-275x165.jpg\" alt=\"Nooteboom Tipper\">\n\t\t\t\t\t\t\t\t\t\t\t\t\t\t\t\t\t\t\t<p class=\"timeline__title\">1939 \u2013 1953: 3\u00c8ME G\u00c9N\u00c9RATION<\/p>\n\t\t\t\t\t\t\t\t\t\t\t\t\t\t\t\t\t\t\t<p>En 1939, Anton Nooteboom (photo de droite) rejoint une entreprise qui, dans les ann\u00e9es suivantes deviendra l'un des meilleurs fabricants de v\u00e9hicules de transport modernes.<\/p>\n\t\t\t\t\t\t\t\t\t\t\t\t\t\t\t\t\t<\/a>\n\t\t\t\t\t\t\t\t\t<\/li>\n\t\t\t\t\t\t\t<li>\n\t\t\t\t\t\t\t\t\t\t<a class=\"timeline__inner\" target=\"\" href=\"https:\/\/www.nooteboom.com\/fr\/qui-sommes-nous\/histoire\/1953-1979-3eme-generation\/\">\n\t\t\t\t\t\t\t\t\t\t\t\t\t\t\t\t\t\t<img decoding=\"async\" src=\"https:\/\/www.nooteboom.com\/wp-content\/uploads\/Nooteboom-Utrecht-275x165.jpg\" alt=\"Nooteboom Utrecht\">\n\t\t\t\t\t\t\t\t\t\t\t\t\t\t\t\t\t\t\t<p class=\"timeline__title\">1953 \u2013 1979: 3\u00c8ME G\u00c9N\u00c9RATION<\/p>\n\t\t\t\t\t\t\t\t\t\t\t\t\t\t\t\t\t\t\t<p>Apr\u00e8s les inondations d\u00e9sastreuses de Zeeland en 1953, la reconstruction commence et la demande de remorque surbaiss\u00e9es et de dragline explose.\nEn 1953 Nooteboom construit la premi\u00e8re remorque extra-surbaiss\u00e9e \u00e0 essieux amovibles.<\/p>\n\t\t\t\t\t\t\t\t\t\t\t\t\t\t\t\t\t<\/a>\n\t\t\t\t\t\t\t\t\t<\/li>\n\t\t\t\t\t\t\t<li>\n\t\t\t\t\t\t\t\t\t\t<a class=\"timeline__inner\" target=\"\" href=\"https:\/\/www.nooteboom.com\/fr\/qui-sommes-nous\/histoire\/1967-1979-4eme-generation\/\">\n\t\t\t\t\t\t\t\t\t\t\t\t\t\t\t\t\t\t<img decoding=\"async\" src=\"https:\/\/www.nooteboom.com\/wp-content\/uploads\/Nooteboom-ODU-low-loader-275x165.png\" alt=\"Nooteboom ODU low-loader\">\n\t\t\t\t\t\t\t\t\t\t\t\t\t\t\t\t\t\t\t<p class=\"timeline__title\">1967-1979: 4\u00c8ME G\u00c9N\u00c9RATION<\/p>\n\t\t\t\t\t\t\t\t\t\t\t\t\t\t\t\t\t\t\t<p>Anton Nooteboom dirige l'entreprise jusqu'\u00e0 1979, mais il a du renfort en 1967. Dick Nooteboom, apr\u00e8s avoir travaill\u00e9 \u00e0 l'\u00e9tranger, est le premier fils \u00e0 rejoindre la compagnie. En 1970, ses fr\u00e8res Henk et Ton Nooteboom le suivent.\n<\/p>\n\t\t\t\t\t\t\t\t\t\t\t\t\t\t\t\t\t<\/a>\n\t\t\t\t\t\t\t\t\t<\/li>\n\t\t\t\t\t\t\t<li>\n\t\t\t\t\t\t\t\t\t\t<a class=\"timeline__inner\" target=\"\" href=\"https:\/\/www.nooteboom.com\/fr\/qui-sommes-nous\/histoire\/1979-2012-4eme-generation\/\">\n\t\t\t\t\t\t\t\t\t\t\t\t\t\t\t\t\t\t<img decoding=\"async\" src=\"https:\/\/www.nooteboom.com\/wp-content\/uploads\/Opening-Nooteboom-Wijchen-with-Neelie-Smit-Kroes-275x165.jpg\" alt=\"Opening Nooteboom Wijchen with Neelie Smit Kroes\">\n\t\t\t\t\t\t\t\t\t\t\t\t\t\t\t\t\t\t\t<p class=\"timeline__title\">1979-2012: 4\u00c8ME G\u00c9N\u00c9RATION<\/p>\n\t\t\t\t\t\t\t\t\t\t\t\t\t\t\t\t\t\t\t<p>La reprise de C.M.K \u00e0 Wijchen m\u00e8ne \u00e0 la fondation de Nooteboom Trailers B.V. \u00e0 Wijchen. Les exportations augmentent et un syst\u00e8me de distribution internationale de pi\u00e8ces d\u00e9tach\u00e9es est mis en place.\n<\/p>\n\t\t\t\t\t\t\t\t\t\t\t\t\t\t\t\t\t<\/a>\n\t\t\t\t\t\t\t\t\t<\/li>\n\t\t\t\t\t\t\t<li>\n\t\t\t\t\t\t\t\t\t\t<a class=\"timeline__inner\" target=\"\" href=\"https:\/\/www.nooteboom.com\/fr\/qui-sommes-nous\/histoire\/2012-jusqua-ce-jour-5eme-generation-marinka-nooteboom\/\">\n\t\t\t\t\t\t\t\t\t\t\t\t\t\t\t\t\t\t<img decoding=\"async\" src=\"https:\/\/www.nooteboom.com\/wp-content\/uploads\/Marinka-Nooteboom-1-275x165.jpg\" alt=\"Marinka Nooteboom\">\n\t\t\t\t\t\t\t\t\t\t\t\t\t\t\t\t\t\t\t<p class=\"timeline__title\">2012 \u2013 \u00e0 aujourd\u2019hui : 5\u00e8me g\u00e9n\u00e9ration Marinka Nooteboom<\/p>\n\t\t\t\t\t\t\t\t\t\t\t\t\t\t\t\t\t\t\t<p>En 2012, Marinka Nooteboom, la fille de Henk Nooteboom, est nomm\u00e9e directrice g\u00e9n\u00e9rale du groupe Nooteboom de Koninklijke, une entreprise de 350 personnes.<\/p>\n\t\t\t\t\t\t\t\t\t\t\t\t\t\t\t\t\t<\/a>\n\t\t\t\t\t\t\t\t\t<\/li>\n\t\t\t\t\t<\/ul>\n\n\t<\/div>\n\n\t<script type=\"text\/javascript\">\n\t\tjQuery( document ).ready( function( $ ) {\n\n\t\t\t$( '#slider-6a072dedeadde' ).flexslider( {\n\t\t\t\tanimation: 'slide',\n\t\t\t\tanimationLoop: false,\n\t\t\t\titemWidth: 295,\n\t\t\t\titemMargin: 0,\n\t\t\t\tminItems: 1,\n\t\t\t\tmaxItems: 4,\n\t\t\t\tmove: 1,\n\t\t\t\tdirectionNav: true,\n\t\t\t\tcontrolNav: false\n\t\t\t} );\n\n\t\t\t$( '#slider-6a072dedeadde .timeline__prev' ).on( 'click', function( event ) {\n\n\t\t\t\tevent.preventDefault();\n\t\t\t\t$( '#slider-6a072dedeadde' ).flexslider( 'prev' )\n\n\t\t\t} );\n\n\t\t\t$( '#slider-6a072dedeadde .timeline__next' ).on( 'click', function( event ) {\n\n\t\t\t\tevent.preventDefault();\n\t\t\t\t$( '#slider-6a072dedeadde' ).flexslider( 'next' )\n\n\t\t\t} );\n\n\t\t} );\n\t<\/script>\n\n[\/vc_column][\/vc_row]<\/p>\n<\/div>","protected":false},"excerpt":{"rendered":"[vc_row][vc_column][vc_column_text]En 2012, Marinka Nooteboom, la fille de Henk Nooteboom, est nomm\u00e9e directrice g\u00e9n\u00e9rale du groupe Nooteboom de Koninklijke, une entreprise&#8230;","protected":false},"author":45,"featured_media":1875805,"parent":9507,"menu_order":0,"comment_status":"closed","ping_status":"closed","template":"","meta":{"_acf_changed":false,"inline_featured_image":false,"footnotes":""},"class_list":["post-9522","page","type-page","status-publish","has-post-thumbnail","hentry"],"acf":[],"yoast_head":"<!-- This site is optimized with the Yoast SEO Premium plugin v25.7.1 (Yoast SEO v25.7) - https:\/\/yoast.com\/wordpress\/plugins\/seo\/ -->\n<title>2012 - jusqu&#039;\u00e0 ce jour: 5\u00e8me g\u00e9n\u00e9ration: Marinka Nooteboom | Nooteboom Trailers<\/title>\n<meta name=\"description\" content=\"En 2012, Marinka Nooteboom, la fille de Henk Nooteboom, est nomm\u00e9e directrice g\u00e9n\u00e9rale du groupe Nooteboom de Koninklijke, une entreprise de 350 personnes.\" \/>\n<meta name=\"robots\" content=\"index, follow, max-snippet:-1, max-image-preview:large, max-video-preview:-1\" \/>\n<link rel=\"canonical\" href=\"https:\/\/www.nooteboom.com\/fr\/qui-sommes-nous\/histoire\/2012-jusqua-ce-jour-5eme-generation-marinka-nooteboom\/\" \/>\n<meta property=\"og:locale\" content=\"fr_FR\" \/>\n<meta property=\"og:type\" content=\"article\" \/>\n<meta property=\"og:title\" content=\"2012 - jusqu&#039;\u00e0 ce jour: 5\u00e8me g\u00e9n\u00e9ration: Marinka Nooteboom\" \/>\n<meta property=\"og:description\" content=\"En 2012, Marinka Nooteboom, la fille de Henk Nooteboom, est nomm\u00e9e directrice g\u00e9n\u00e9rale du groupe Nooteboom de Koninklijke, une entreprise de 350 personnes.\" \/>\n<meta property=\"og:url\" content=\"https:\/\/www.nooteboom.com\/fr\/qui-sommes-nous\/histoire\/2012-jusqua-ce-jour-5eme-generation-marinka-nooteboom\/\" \/>\n<meta property=\"og:site_name\" content=\"Nooteboom Trailers\" \/>\n<meta property=\"article:publisher\" content=\"https:\/\/nl-nl.facebook.com\/nooteboomtrailers\/\" \/>\n<meta property=\"article:modified_time\" content=\"2021-10-12T07:36:50+00:00\" \/>\n<meta property=\"og:image\" content=\"https:\/\/www.nooteboom.com\/wp-content\/uploads\/Marinka-Nooteboom_over_Nooteboom.jpg\" \/>\n\t<meta property=\"og:image:width\" content=\"1920\" \/>\n\t<meta property=\"og:image:height\" content=\"819\" \/>\n\t<meta property=\"og:image:type\" content=\"image\/jpeg\" \/>\n<meta name=\"twitter:card\" content=\"summary_large_image\" \/>\n<meta name=\"twitter:label1\" content=\"Dur\u00e9e de lecture estim\u00e9e\" \/>\n\t<meta name=\"twitter:data1\" content=\"5 minutes\" \/>\n<script type=\"application\/ld+json\" class=\"yoast-schema-graph\">{\"@context\":\"https:\/\/schema.org\",\"@graph\":[{\"@type\":\"WebPage\",\"@id\":\"https:\/\/www.nooteboom.com\/fr\/qui-sommes-nous\/histoire\/2012-jusqua-ce-jour-5eme-generation-marinka-nooteboom\/\",\"url\":\"https:\/\/www.nooteboom.com\/fr\/qui-sommes-nous\/histoire\/2012-jusqua-ce-jour-5eme-generation-marinka-nooteboom\/\",\"name\":\"2012 - jusqu'\u00e0 ce jour: 5\u00e8me g\u00e9n\u00e9ration: Marinka Nooteboom | Nooteboom Trailers\",\"isPartOf\":{\"@id\":\"https:\/\/www.nooteboom.com\/fr\/#website\"},\"primaryImageOfPage\":{\"@id\":\"https:\/\/www.nooteboom.com\/fr\/qui-sommes-nous\/histoire\/2012-jusqua-ce-jour-5eme-generation-marinka-nooteboom\/#primaryimage\"},\"image\":{\"@id\":\"https:\/\/www.nooteboom.com\/fr\/qui-sommes-nous\/histoire\/2012-jusqua-ce-jour-5eme-generation-marinka-nooteboom\/#primaryimage\"},\"thumbnailUrl\":\"https:\/\/www.nooteboom.com\/wp-content\/uploads\/Marinka-Nooteboom_over_Nooteboom.jpg\",\"datePublished\":\"2016-08-01T12:32:40+00:00\",\"dateModified\":\"2021-10-12T07:36:50+00:00\",\"description\":\"En 2012, Marinka Nooteboom, la fille de Henk Nooteboom, est nomm\u00e9e directrice g\u00e9n\u00e9rale du groupe Nooteboom de Koninklijke, une entreprise de 350 personnes.\",\"breadcrumb\":{\"@id\":\"https:\/\/www.nooteboom.com\/fr\/qui-sommes-nous\/histoire\/2012-jusqua-ce-jour-5eme-generation-marinka-nooteboom\/#breadcrumb\"},\"inLanguage\":\"fr-FR\",\"potentialAction\":[{\"@type\":\"ReadAction\",\"target\":[\"https:\/\/www.nooteboom.com\/fr\/qui-sommes-nous\/histoire\/2012-jusqua-ce-jour-5eme-generation-marinka-nooteboom\/\"]}]},{\"@type\":\"ImageObject\",\"inLanguage\":\"fr-FR\",\"@id\":\"https:\/\/www.nooteboom.com\/fr\/qui-sommes-nous\/histoire\/2012-jusqua-ce-jour-5eme-generation-marinka-nooteboom\/#primaryimage\",\"url\":\"https:\/\/www.nooteboom.com\/wp-content\/uploads\/Marinka-Nooteboom_over_Nooteboom.jpg\",\"contentUrl\":\"https:\/\/www.nooteboom.com\/wp-content\/uploads\/Marinka-Nooteboom_over_Nooteboom.jpg\",\"width\":1920,\"height\":819},{\"@type\":\"BreadcrumbList\",\"@id\":\"https:\/\/www.nooteboom.com\/fr\/qui-sommes-nous\/histoire\/2012-jusqua-ce-jour-5eme-generation-marinka-nooteboom\/#breadcrumb\",\"itemListElement\":[{\"@type\":\"ListItem\",\"position\":1,\"name\":\"Home\",\"item\":\"https:\/\/www.nooteboom.com\/fr\/\"},{\"@type\":\"ListItem\",\"position\":2,\"name\":\"Qui sommes nous\",\"item\":\"https:\/\/www.nooteboom.com\/fr\/qui-sommes-nous\/\"},{\"@type\":\"ListItem\",\"position\":3,\"name\":\"Histoire\",\"item\":\"https:\/\/www.nooteboom.com\/fr\/qui-sommes-nous\/histoire\/\"},{\"@type\":\"ListItem\",\"position\":4,\"name\":\"2012 &#8211; jusqu&rsquo;\u00e0 ce jour: 5\u00e8me g\u00e9n\u00e9ration: Marinka Nooteboom\"}]},{\"@type\":\"WebSite\",\"@id\":\"https:\/\/www.nooteboom.com\/fr\/#website\",\"url\":\"https:\/\/www.nooteboom.com\/fr\/\",\"name\":\"Nooteboom Trailers\",\"description\":\"Gets you there.\",\"publisher\":{\"@id\":\"https:\/\/www.nooteboom.com\/fr\/#organization\"},\"potentialAction\":[{\"@type\":\"SearchAction\",\"target\":{\"@type\":\"EntryPoint\",\"urlTemplate\":\"https:\/\/www.nooteboom.com\/fr\/?s={search_term_string}\"},\"query-input\":{\"@type\":\"PropertyValueSpecification\",\"valueRequired\":true,\"valueName\":\"search_term_string\"}}],\"inLanguage\":\"fr-FR\"},{\"@type\":\"Organization\",\"@id\":\"https:\/\/www.nooteboom.com\/fr\/#organization\",\"name\":\"Nooteboom Trailers\",\"url\":\"https:\/\/www.nooteboom.com\/fr\/\",\"logo\":{\"@type\":\"ImageObject\",\"inLanguage\":\"fr-FR\",\"@id\":\"https:\/\/www.nooteboom.com\/fr\/#\/schema\/logo\/image\/\",\"url\":\"https:\/\/www.nooteboom.com\/wp-content\/uploads\/logo.png\",\"contentUrl\":\"https:\/\/www.nooteboom.com\/wp-content\/uploads\/logo.png\",\"width\":111,\"height\":66,\"caption\":\"Nooteboom Trailers\"},\"image\":{\"@id\":\"https:\/\/www.nooteboom.com\/fr\/#\/schema\/logo\/image\/\"},\"sameAs\":[\"https:\/\/nl-nl.facebook.com\/nooteboomtrailers\/\",\"https:\/\/nl.linkedin.com\/company\/nooteboom-trailers\",\"https:\/\/www.youtube.com\/user\/Nooteboomtrailers\"]}]}<\/script>\n<!-- \/ Yoast SEO Premium plugin. -->","yoast_head_json":{"title":"2012 - jusqu'\u00e0 ce jour: 5\u00e8me g\u00e9n\u00e9ration: Marinka Nooteboom | Nooteboom Trailers","description":"En 2012, Marinka Nooteboom, la fille de Henk Nooteboom, est nomm\u00e9e directrice g\u00e9n\u00e9rale du groupe Nooteboom de Koninklijke, une entreprise de 350 personnes.","robots":{"index":"index","follow":"follow","max-snippet":"max-snippet:-1","max-image-preview":"max-image-preview:large","max-video-preview":"max-video-preview:-1"},"canonical":"https:\/\/www.nooteboom.com\/fr\/qui-sommes-nous\/histoire\/2012-jusqua-ce-jour-5eme-generation-marinka-nooteboom\/","og_locale":"fr_FR","og_type":"article","og_title":"2012 - jusqu'\u00e0 ce jour: 5\u00e8me g\u00e9n\u00e9ration: Marinka Nooteboom","og_description":"En 2012, Marinka Nooteboom, la fille de Henk Nooteboom, est nomm\u00e9e directrice g\u00e9n\u00e9rale du groupe Nooteboom de Koninklijke, une entreprise de 350 personnes.","og_url":"https:\/\/www.nooteboom.com\/fr\/qui-sommes-nous\/histoire\/2012-jusqua-ce-jour-5eme-generation-marinka-nooteboom\/","og_site_name":"Nooteboom Trailers","article_publisher":"https:\/\/nl-nl.facebook.com\/nooteboomtrailers\/","article_modified_time":"2021-10-12T07:36:50+00:00","og_image":[{"width":1920,"height":819,"url":"https:\/\/www.nooteboom.com\/wp-content\/uploads\/Marinka-Nooteboom_over_Nooteboom.jpg","type":"image\/jpeg"}],"twitter_card":"summary_large_image","twitter_misc":{"Dur\u00e9e de lecture estim\u00e9e":"5 minutes"},"schema":{"@context":"https:\/\/schema.org","@graph":[{"@type":"WebPage","@id":"https:\/\/www.nooteboom.com\/fr\/qui-sommes-nous\/histoire\/2012-jusqua-ce-jour-5eme-generation-marinka-nooteboom\/","url":"https:\/\/www.nooteboom.com\/fr\/qui-sommes-nous\/histoire\/2012-jusqua-ce-jour-5eme-generation-marinka-nooteboom\/","name":"2012 - jusqu'\u00e0 ce jour: 5\u00e8me g\u00e9n\u00e9ration: Marinka Nooteboom | Nooteboom Trailers","isPartOf":{"@id":"https:\/\/www.nooteboom.com\/fr\/#website"},"primaryImageOfPage":{"@id":"https:\/\/www.nooteboom.com\/fr\/qui-sommes-nous\/histoire\/2012-jusqua-ce-jour-5eme-generation-marinka-nooteboom\/#primaryimage"},"image":{"@id":"https:\/\/www.nooteboom.com\/fr\/qui-sommes-nous\/histoire\/2012-jusqua-ce-jour-5eme-generation-marinka-nooteboom\/#primaryimage"},"thumbnailUrl":"https:\/\/www.nooteboom.com\/wp-content\/uploads\/Marinka-Nooteboom_over_Nooteboom.jpg","datePublished":"2016-08-01T12:32:40+00:00","dateModified":"2021-10-12T07:36:50+00:00","description":"En 2012, Marinka Nooteboom, la fille de Henk Nooteboom, est nomm\u00e9e directrice g\u00e9n\u00e9rale du groupe Nooteboom de Koninklijke, une entreprise de 350 personnes.","breadcrumb":{"@id":"https:\/\/www.nooteboom.com\/fr\/qui-sommes-nous\/histoire\/2012-jusqua-ce-jour-5eme-generation-marinka-nooteboom\/#breadcrumb"},"inLanguage":"fr-FR","potentialAction":[{"@type":"ReadAction","target":["https:\/\/www.nooteboom.com\/fr\/qui-sommes-nous\/histoire\/2012-jusqua-ce-jour-5eme-generation-marinka-nooteboom\/"]}]},{"@type":"ImageObject","inLanguage":"fr-FR","@id":"https:\/\/www.nooteboom.com\/fr\/qui-sommes-nous\/histoire\/2012-jusqua-ce-jour-5eme-generation-marinka-nooteboom\/#primaryimage","url":"https:\/\/www.nooteboom.com\/wp-content\/uploads\/Marinka-Nooteboom_over_Nooteboom.jpg","contentUrl":"https:\/\/www.nooteboom.com\/wp-content\/uploads\/Marinka-Nooteboom_over_Nooteboom.jpg","width":1920,"height":819},{"@type":"BreadcrumbList","@id":"https:\/\/www.nooteboom.com\/fr\/qui-sommes-nous\/histoire\/2012-jusqua-ce-jour-5eme-generation-marinka-nooteboom\/#breadcrumb","itemListElement":[{"@type":"ListItem","position":1,"name":"Home","item":"https:\/\/www.nooteboom.com\/fr\/"},{"@type":"ListItem","position":2,"name":"Qui sommes nous","item":"https:\/\/www.nooteboom.com\/fr\/qui-sommes-nous\/"},{"@type":"ListItem","position":3,"name":"Histoire","item":"https:\/\/www.nooteboom.com\/fr\/qui-sommes-nous\/histoire\/"},{"@type":"ListItem","position":4,"name":"2012 &#8211; jusqu&rsquo;\u00e0 ce jour: 5\u00e8me g\u00e9n\u00e9ration: Marinka Nooteboom"}]},{"@type":"WebSite","@id":"https:\/\/www.nooteboom.com\/fr\/#website","url":"https:\/\/www.nooteboom.com\/fr\/","name":"Nooteboom Trailers","description":"Gets you there.","publisher":{"@id":"https:\/\/www.nooteboom.com\/fr\/#organization"},"potentialAction":[{"@type":"SearchAction","target":{"@type":"EntryPoint","urlTemplate":"https:\/\/www.nooteboom.com\/fr\/?s={search_term_string}"},"query-input":{"@type":"PropertyValueSpecification","valueRequired":true,"valueName":"search_term_string"}}],"inLanguage":"fr-FR"},{"@type":"Organization","@id":"https:\/\/www.nooteboom.com\/fr\/#organization","name":"Nooteboom Trailers","url":"https:\/\/www.nooteboom.com\/fr\/","logo":{"@type":"ImageObject","inLanguage":"fr-FR","@id":"https:\/\/www.nooteboom.com\/fr\/#\/schema\/logo\/image\/","url":"https:\/\/www.nooteboom.com\/wp-content\/uploads\/logo.png","contentUrl":"https:\/\/www.nooteboom.com\/wp-content\/uploads\/logo.png","width":111,"height":66,"caption":"Nooteboom Trailers"},"image":{"@id":"https:\/\/www.nooteboom.com\/fr\/#\/schema\/logo\/image\/"},"sameAs":["https:\/\/nl-nl.facebook.com\/nooteboomtrailers\/","https:\/\/nl.linkedin.com\/company\/nooteboom-trailers","https:\/\/www.youtube.com\/user\/Nooteboomtrailers"]}]}},"_links":{"self":[{"href":"https:\/\/www.nooteboom.com\/fr\/wp-json\/wp\/v2\/pages\/9522","targetHints":{"allow":["GET"]}}],"collection":[{"href":"https:\/\/www.nooteboom.com\/fr\/wp-json\/wp\/v2\/pages"}],"about":[{"href":"https:\/\/www.nooteboom.com\/fr\/wp-json\/wp\/v2\/types\/page"}],"author":[{"embeddable":true,"href":"https:\/\/www.nooteboom.com\/fr\/wp-json\/wp\/v2\/users\/45"}],"replies":[{"embeddable":true,"href":"https:\/\/www.nooteboom.com\/fr\/wp-json\/wp\/v2\/comments?post=9522"}],"version-history":[{"count":8,"href":"https:\/\/www.nooteboom.com\/fr\/wp-json\/wp\/v2\/pages\/9522\/revisions"}],"predecessor-version":[{"id":1872379,"href":"https:\/\/www.nooteboom.com\/fr\/wp-json\/wp\/v2\/pages\/9522\/revisions\/1872379"}],"up":[{"embeddable":true,"href":"https:\/\/www.nooteboom.com\/fr\/wp-json\/wp\/v2\/pages\/9507"}],"wp:featuredmedia":[{"embeddable":true,"href":"https:\/\/www.nooteboom.com\/fr\/wp-json\/wp\/v2\/media\/1875805"}],"wp:attachment":[{"href":"https:\/\/www.nooteboom.com\/fr\/wp-json\/wp\/v2\/media?parent=9522"}],"curies":[{"name":"wp","href":"https:\/\/api.w.org\/{rel}","templated":true}]}}