{"id":9514,"date":"2016-08-01T14:27:32","date_gmt":"2016-08-01T12:27:32","guid":{"rendered":"https:\/\/www.nooteboom.com\/?page_id=9514&#038;lang=fr"},"modified":"2017-10-30T13:22:48","modified_gmt":"2017-10-30T12:22:48","slug":"1939-1953-3eme-generation","status":"publish","type":"page","link":"https:\/\/www.nooteboom.com\/fr\/qui-sommes-nous\/histoire\/1939-1953-3eme-generation\/","title":{"rendered":"1939-1953: 3\u00e8me g\u00e9n\u00e9ration"},"content":{"rendered":"<div class=\"wpb-content-wrapper\"><p>[vc_row][vc_column][vc_column_text]En 1939, Anton Nooteboom (photo de droite) rejoint une entreprise qui, dans les ann\u00e9es suivantes deviendra l&rsquo;un des meilleurs fabricants de v\u00e9hicules de transport modernes.\u00a0Pendant la guerre de 1939-1945 Nooteboom d\u00e9veloppe une formule r\u00e9volutionnaire pour l&rsquo;entreprise.\u00a0La production de remorques agricoles modernes \u00e0 pneumatiques et dont les essieux sont pourvus de roulements \u00e0 bille rencontre un grand succ\u00e8s pour l&rsquo;entreprise.[\/vc_column_text][\/vc_column][\/vc_row][vc_row][vc_column width=\u00a0\u00bb1\/2&Prime;][vc_single_image image=\u00a0\u00bb1140&Prime; img_size=\u00a0\u00bblarge\u00a0\u00bb][vc_single_image image=\u00a0\u00bb1139&Prime; img_size=\u00a0\u00bblarge\u00a0\u00bb][\/vc_column][vc_column width=\u00a0\u00bb1\/2&Prime;][vc_column_text]En 1945 Nooteboom a 10 employ\u00e9s et vend 80 remorques par an.\u00a0En 1949 arrive la production de remorques basculantes et de semi-remorques et, dans la m\u00eame ann\u00e9e, Anton Nooteboom dessine le hayon \u00e9l\u00e9vateur.\u00a0L&rsquo;entreprise se sp\u00e9cialise dans les remorques basculantes, les grues, les remorques et les semi-remorques.<\/p>\n<p>La remorque basculante hydraulique devient une vedette,ainsi que le d\u00e9montre le slogan \u00ab nous sommes les sp\u00e9cialistes incontest\u00e9s de la remorque basculante \u00bb.\u00a0Gr\u00e2ce \u00e0 ses nombreuses innovations en inventions l&rsquo;entreprise est d\u00e9sormais trop petite.<\/p>\n<p>En 1953, Nooteboom investit dans de nouveau locaux et un grand entrep\u00f4t \u00e0 Utrecht.\u00a0L&rsquo;entrep\u00f4t d&rsquo;Utrecht devient l&rsquo;entreprise de production des remorques basculantes hydrauliques.<\/p>\n<p><a class=\"button\" href=\"https:\/\/www.nooteboom.com\/fr\/qui-sommes-nous\/histoire\/\">Retour \u00e0 l&rsquo;histoire<\/a>\u00a0<a class=\"button\" href=\"https:\/\/www.nooteboom.com\/fr\/qui-sommes-nous\/histoire\/1953-1979-3eme-generation\/\">1953 \u2013 1979: 3\u00e8me g\u00e9n\u00e9ration<\/a>[\/vc_column_text][\/vc_column][\/vc_row][vc_row full_width=\u00a0\u00bbstretch_row_content_no_spaces\u00a0\u00bb row_class=\u00a0\u00bb\u00a0\u00bb][vc_column]\n\t<div id=\"slider-69e1f0fd99d4e\" class=\"vc_timeline timeline centered\">\n\n\t\t<ul class=\"slides\">\n\t\t\t\t\t\t\t<li>\n\t\t\t\t\t\t\t\t\t\t<a class=\"timeline__inner\" target=\"\" href=\"https:\/\/www.nooteboom.com\/fr\/qui-sommes-nous\/histoire\/1881-1921-1ere-generation\/\">\n\t\t\t\t\t\t\t\t\t\t\t\t\t\t\t\t\t\t<img decoding=\"async\" src=\"https:\/\/www.nooteboom.com\/wp-content\/uploads\/Nooteboom-horseshoes-fitting-275x165.jpg\" alt=\"1st generation\">\n\t\t\t\t\t\t\t\t\t\t\t\t\t\t\t\t\t\t\t<p class=\"timeline__title\">1881-1921: 1\u00c8RE G\u00c9N\u00c9RATION<\/p>\n\t\t\t\t\t\t\t\t\t\t\t\t\t\t\t\t\t\t\t<p>En 1881 Willem Nooteboom, alors \u00e2g\u00e9 de 26 ans, (photo de droite), le fils d'un forgeron de Schiebroek, ouvre sa propre forge dans le village de Kethel, \u00e0 deux pas de Rotterdam.<\/p>\n\t\t\t\t\t\t\t\t\t\t\t\t\t\t\t\t\t<\/a>\n\t\t\t\t\t\t\t\t\t<\/li>\n\t\t\t\t\t\t\t<li>\n\t\t\t\t\t\t\t\t\t\t<a class=\"timeline__inner\" target=\"\" href=\"https:\/\/www.nooteboom.com\/fr\/qui-sommes-nous\/histoire\/1921-1939-2eme-generation\/\">\n\t\t\t\t\t\t\t\t\t\t\t\t\t\t\t\t\t\t<img decoding=\"async\" src=\"https:\/\/www.nooteboom.com\/wp-content\/uploads\/Henk-Jan-Nooteboom-275x165.jpg\" alt=\"Henk Jan Nooteboom\">\n\t\t\t\t\t\t\t\t\t\t\t\t\t\t\t\t\t\t\t<p class=\"timeline__title\">1921-1939: 2\u00c8ME G\u00c9N\u00c9RATION<\/p>\n\t\t\t\t\t\t\t\t\t\t\t\t\t\t\t\t\t\t\t<p>Lorsqu'il rejoint la compagnie en 1921 Henk Jan Nooteboom (photo de droite) anticipe un d\u00e9veloppement du march\u00e9 des v\u00e9hicules.<\/p>\n\t\t\t\t\t\t\t\t\t\t\t\t\t\t\t\t\t<\/a>\n\t\t\t\t\t\t\t\t\t<\/li>\n\t\t\t\t\t\t\t<li>\n\t\t\t\t\t\t\t\t\t\t<a class=\"timeline__inner\" target=\"\" href=\"https:\/\/www.nooteboom.com\/fr\/qui-sommes-nous\/histoire\/1939-1953-3eme-generation\/\">\n\t\t\t\t\t\t\t\t\t\t\t\t\t\t\t\t\t\t<img decoding=\"async\" src=\"https:\/\/www.nooteboom.com\/wp-content\/uploads\/Nooteboom-Tipper-275x165.jpg\" alt=\"Nooteboom Tipper\">\n\t\t\t\t\t\t\t\t\t\t\t\t\t\t\t\t\t\t\t<p class=\"timeline__title\">1939 \u2013 1953: 3\u00c8ME G\u00c9N\u00c9RATION<\/p>\n\t\t\t\t\t\t\t\t\t\t\t\t\t\t\t\t\t\t\t<p>En 1939, Anton Nooteboom (photo de droite) rejoint une entreprise qui, dans les ann\u00e9es suivantes deviendra l'un des meilleurs fabricants de v\u00e9hicules de transport modernes.<\/p>\n\t\t\t\t\t\t\t\t\t\t\t\t\t\t\t\t\t<\/a>\n\t\t\t\t\t\t\t\t\t<\/li>\n\t\t\t\t\t\t\t<li>\n\t\t\t\t\t\t\t\t\t\t<a class=\"timeline__inner\" target=\"\" href=\"https:\/\/www.nooteboom.com\/fr\/qui-sommes-nous\/histoire\/1953-1979-3eme-generation\/\">\n\t\t\t\t\t\t\t\t\t\t\t\t\t\t\t\t\t\t<img decoding=\"async\" src=\"https:\/\/www.nooteboom.com\/wp-content\/uploads\/Nooteboom-Utrecht-275x165.jpg\" alt=\"Nooteboom Utrecht\">\n\t\t\t\t\t\t\t\t\t\t\t\t\t\t\t\t\t\t\t<p class=\"timeline__title\">1953 \u2013 1979: 3\u00c8ME G\u00c9N\u00c9RATION<\/p>\n\t\t\t\t\t\t\t\t\t\t\t\t\t\t\t\t\t\t\t<p>Apr\u00e8s les inondations d\u00e9sastreuses de Zeeland en 1953, la reconstruction commence et la demande de remorque surbaiss\u00e9es et de dragline explose.\nEn 1953 Nooteboom construit la premi\u00e8re remorque extra-surbaiss\u00e9e \u00e0 essieux amovibles.<\/p>\n\t\t\t\t\t\t\t\t\t\t\t\t\t\t\t\t\t<\/a>\n\t\t\t\t\t\t\t\t\t<\/li>\n\t\t\t\t\t\t\t<li>\n\t\t\t\t\t\t\t\t\t\t<a class=\"timeline__inner\" target=\"\" href=\"https:\/\/www.nooteboom.com\/fr\/qui-sommes-nous\/histoire\/1967-1979-4eme-generation\/\">\n\t\t\t\t\t\t\t\t\t\t\t\t\t\t\t\t\t\t<img decoding=\"async\" src=\"https:\/\/www.nooteboom.com\/wp-content\/uploads\/Nooteboom-ODU-low-loader-275x165.png\" alt=\"Nooteboom ODU low-loader\">\n\t\t\t\t\t\t\t\t\t\t\t\t\t\t\t\t\t\t\t<p class=\"timeline__title\">1967-1979: 4\u00c8ME G\u00c9N\u00c9RATION<\/p>\n\t\t\t\t\t\t\t\t\t\t\t\t\t\t\t\t\t\t\t<p>Anton Nooteboom dirige l'entreprise jusqu'\u00e0 1979, mais il a du renfort en 1967. Dick Nooteboom, apr\u00e8s avoir travaill\u00e9 \u00e0 l'\u00e9tranger, est le premier fils \u00e0 rejoindre la compagnie. En 1970, ses fr\u00e8res Henk et Ton Nooteboom le suivent.\n<\/p>\n\t\t\t\t\t\t\t\t\t\t\t\t\t\t\t\t\t<\/a>\n\t\t\t\t\t\t\t\t\t<\/li>\n\t\t\t\t\t\t\t<li>\n\t\t\t\t\t\t\t\t\t\t<a class=\"timeline__inner\" target=\"\" href=\"https:\/\/www.nooteboom.com\/fr\/qui-sommes-nous\/histoire\/1979-2012-4eme-generation\/\">\n\t\t\t\t\t\t\t\t\t\t\t\t\t\t\t\t\t\t<img decoding=\"async\" src=\"https:\/\/www.nooteboom.com\/wp-content\/uploads\/Opening-Nooteboom-Wijchen-with-Neelie-Smit-Kroes-275x165.jpg\" alt=\"Opening Nooteboom Wijchen with Neelie Smit Kroes\">\n\t\t\t\t\t\t\t\t\t\t\t\t\t\t\t\t\t\t\t<p class=\"timeline__title\">1979-2012: 4\u00c8ME G\u00c9N\u00c9RATION<\/p>\n\t\t\t\t\t\t\t\t\t\t\t\t\t\t\t\t\t\t\t<p>La reprise de C.M.K \u00e0 Wijchen m\u00e8ne \u00e0 la fondation de Nooteboom Trailers B.V. \u00e0 Wijchen. Les exportations augmentent et un syst\u00e8me de distribution internationale de pi\u00e8ces d\u00e9tach\u00e9es est mis en place.\n<\/p>\n\t\t\t\t\t\t\t\t\t\t\t\t\t\t\t\t\t<\/a>\n\t\t\t\t\t\t\t\t\t<\/li>\n\t\t\t\t\t\t\t<li>\n\t\t\t\t\t\t\t\t\t\t<a class=\"timeline__inner\" target=\"\" href=\"https:\/\/www.nooteboom.com\/fr\/qui-sommes-nous\/histoire\/2012-jusqua-ce-jour-5eme-generation-marinka-nooteboom\/\">\n\t\t\t\t\t\t\t\t\t\t\t\t\t\t\t\t\t\t<img decoding=\"async\" src=\"https:\/\/www.nooteboom.com\/wp-content\/uploads\/Marinka-Nooteboom-1-275x165.jpg\" alt=\"Marinka Nooteboom\">\n\t\t\t\t\t\t\t\t\t\t\t\t\t\t\t\t\t\t\t<p class=\"timeline__title\">2012 \u2013 \u00e0 aujourd\u2019hui : 5\u00e8me g\u00e9n\u00e9ration Marinka Nooteboom<\/p>\n\t\t\t\t\t\t\t\t\t\t\t\t\t\t\t\t\t\t\t<p>En 2012, Marinka Nooteboom, la fille de Henk Nooteboom, est nomm\u00e9e directrice g\u00e9n\u00e9rale du groupe Nooteboom de Koninklijke, une entreprise de 350 personnes.<\/p>\n\t\t\t\t\t\t\t\t\t\t\t\t\t\t\t\t\t<\/a>\n\t\t\t\t\t\t\t\t\t<\/li>\n\t\t\t\t\t<\/ul>\n\n\t<\/div>\n\n\t<script type=\"text\/javascript\">\n\t\tjQuery( document ).ready( function( $ ) {\n\n\t\t\t$( '#slider-69e1f0fd99d4e' ).flexslider( {\n\t\t\t\tanimation: 'slide',\n\t\t\t\tanimationLoop: false,\n\t\t\t\titemWidth: 295,\n\t\t\t\titemMargin: 0,\n\t\t\t\tminItems: 1,\n\t\t\t\tmaxItems: 4,\n\t\t\t\tmove: 1,\n\t\t\t\tdirectionNav: true,\n\t\t\t\tcontrolNav: false\n\t\t\t} );\n\n\t\t\t$( '#slider-69e1f0fd99d4e .timeline__prev' ).on( 'click', function( event ) {\n\n\t\t\t\tevent.preventDefault();\n\t\t\t\t$( '#slider-69e1f0fd99d4e' ).flexslider( 'prev' )\n\n\t\t\t} );\n\n\t\t\t$( '#slider-69e1f0fd99d4e .timeline__next' ).on( 'click', function( event ) {\n\n\t\t\t\tevent.preventDefault();\n\t\t\t\t$( '#slider-69e1f0fd99d4e' ).flexslider( 'next' )\n\n\t\t\t} );\n\n\t\t} );\n\t<\/script>\n\n[\/vc_column][\/vc_row]<\/p>\n<\/div>","protected":false},"excerpt":{"rendered":"[vc_row][vc_column][vc_column_text]En 1939, Anton Nooteboom (photo de droite) rejoint une entreprise qui, dans les ann\u00e9es suivantes deviendra l&rsquo;un des meilleurs fabricants&#8230;","protected":false},"author":45,"featured_media":4190,"parent":9507,"menu_order":0,"comment_status":"closed","ping_status":"closed","template":"","meta":{"_acf_changed":false,"inline_featured_image":false,"footnotes":""},"class_list":["post-9514","page","type-page","status-publish","has-post-thumbnail","hentry"],"acf":[],"yoast_head":"<!-- This site is optimized with the Yoast SEO Premium plugin v25.7.1 (Yoast SEO v25.7) - https:\/\/yoast.com\/wordpress\/plugins\/seo\/ -->\n<title>1939-1953: 3\u00e8me g\u00e9n\u00e9ration | Nooteboom Trailers<\/title>\n<meta name=\"description\" content=\"En 1939, Anton Nooteboom (photo de droite) rejoint une entreprise qui, dans les ann\u00e9es suivantes deviendra l&#039;un des meilleurs fabricants de v\u00e9hicules...\" \/>\n<meta name=\"robots\" content=\"index, follow, max-snippet:-1, max-image-preview:large, max-video-preview:-1\" \/>\n<link rel=\"canonical\" href=\"https:\/\/www.nooteboom.com\/fr\/qui-sommes-nous\/histoire\/1939-1953-3eme-generation\/\" \/>\n<meta property=\"og:locale\" content=\"fr_FR\" \/>\n<meta property=\"og:type\" content=\"article\" \/>\n<meta property=\"og:title\" content=\"1939-1953: 3\u00e8me g\u00e9n\u00e9ration\" \/>\n<meta property=\"og:description\" content=\"En 1939, Anton Nooteboom (photo de droite) rejoint une entreprise qui, dans les ann\u00e9es suivantes deviendra l&#039;un des meilleurs fabricants de v\u00e9hicules...\" \/>\n<meta property=\"og:url\" content=\"https:\/\/www.nooteboom.com\/fr\/qui-sommes-nous\/histoire\/1939-1953-3eme-generation\/\" \/>\n<meta property=\"og:site_name\" content=\"Nooteboom Trailers\" \/>\n<meta property=\"article:publisher\" content=\"https:\/\/nl-nl.facebook.com\/nooteboomtrailers\/\" \/>\n<meta property=\"article:modified_time\" content=\"2017-10-30T12:22:48+00:00\" \/>\n<meta property=\"og:image\" content=\"https:\/\/www.nooteboom.com\/wp-content\/uploads\/Nooteboom-Kipper.jpg\" \/>\n\t<meta property=\"og:image:width\" content=\"1052\" \/>\n\t<meta property=\"og:image:height\" content=\"512\" \/>\n\t<meta property=\"og:image:type\" content=\"image\/jpeg\" \/>\n<meta name=\"twitter:card\" content=\"summary_large_image\" \/>\n<meta name=\"twitter:label1\" content=\"Dur\u00e9e de lecture estim\u00e9e\" \/>\n\t<meta name=\"twitter:data1\" content=\"4 minutes\" \/>\n<script type=\"application\/ld+json\" class=\"yoast-schema-graph\">{\"@context\":\"https:\/\/schema.org\",\"@graph\":[{\"@type\":\"WebPage\",\"@id\":\"https:\/\/www.nooteboom.com\/fr\/qui-sommes-nous\/histoire\/1939-1953-3eme-generation\/\",\"url\":\"https:\/\/www.nooteboom.com\/fr\/qui-sommes-nous\/histoire\/1939-1953-3eme-generation\/\",\"name\":\"1939-1953: 3\u00e8me g\u00e9n\u00e9ration | Nooteboom Trailers\",\"isPartOf\":{\"@id\":\"https:\/\/www.nooteboom.com\/fr\/#website\"},\"primaryImageOfPage\":{\"@id\":\"https:\/\/www.nooteboom.com\/fr\/qui-sommes-nous\/histoire\/1939-1953-3eme-generation\/#primaryimage\"},\"image\":{\"@id\":\"https:\/\/www.nooteboom.com\/fr\/qui-sommes-nous\/histoire\/1939-1953-3eme-generation\/#primaryimage\"},\"thumbnailUrl\":\"https:\/\/www.nooteboom.com\/wp-content\/uploads\/Nooteboom-Kipper.jpg\",\"datePublished\":\"2016-08-01T12:27:32+00:00\",\"dateModified\":\"2017-10-30T12:22:48+00:00\",\"description\":\"En 1939, Anton Nooteboom (photo de droite) rejoint une entreprise qui, dans les ann\u00e9es suivantes deviendra l'un des meilleurs fabricants de v\u00e9hicules...\",\"breadcrumb\":{\"@id\":\"https:\/\/www.nooteboom.com\/fr\/qui-sommes-nous\/histoire\/1939-1953-3eme-generation\/#breadcrumb\"},\"inLanguage\":\"fr-FR\",\"potentialAction\":[{\"@type\":\"ReadAction\",\"target\":[\"https:\/\/www.nooteboom.com\/fr\/qui-sommes-nous\/histoire\/1939-1953-3eme-generation\/\"]}]},{\"@type\":\"ImageObject\",\"inLanguage\":\"fr-FR\",\"@id\":\"https:\/\/www.nooteboom.com\/fr\/qui-sommes-nous\/histoire\/1939-1953-3eme-generation\/#primaryimage\",\"url\":\"https:\/\/www.nooteboom.com\/wp-content\/uploads\/Nooteboom-Kipper.jpg\",\"contentUrl\":\"https:\/\/www.nooteboom.com\/wp-content\/uploads\/Nooteboom-Kipper.jpg\",\"width\":1052,\"height\":512},{\"@type\":\"BreadcrumbList\",\"@id\":\"https:\/\/www.nooteboom.com\/fr\/qui-sommes-nous\/histoire\/1939-1953-3eme-generation\/#breadcrumb\",\"itemListElement\":[{\"@type\":\"ListItem\",\"position\":1,\"name\":\"Home\",\"item\":\"https:\/\/www.nooteboom.com\/fr\/\"},{\"@type\":\"ListItem\",\"position\":2,\"name\":\"Qui sommes nous\",\"item\":\"https:\/\/www.nooteboom.com\/fr\/qui-sommes-nous\/\"},{\"@type\":\"ListItem\",\"position\":3,\"name\":\"Histoire\",\"item\":\"https:\/\/www.nooteboom.com\/fr\/qui-sommes-nous\/histoire\/\"},{\"@type\":\"ListItem\",\"position\":4,\"name\":\"1939-1953: 3\u00e8me g\u00e9n\u00e9ration\"}]},{\"@type\":\"WebSite\",\"@id\":\"https:\/\/www.nooteboom.com\/fr\/#website\",\"url\":\"https:\/\/www.nooteboom.com\/fr\/\",\"name\":\"Nooteboom Trailers\",\"description\":\"Gets you there.\",\"publisher\":{\"@id\":\"https:\/\/www.nooteboom.com\/fr\/#organization\"},\"potentialAction\":[{\"@type\":\"SearchAction\",\"target\":{\"@type\":\"EntryPoint\",\"urlTemplate\":\"https:\/\/www.nooteboom.com\/fr\/?s={search_term_string}\"},\"query-input\":{\"@type\":\"PropertyValueSpecification\",\"valueRequired\":true,\"valueName\":\"search_term_string\"}}],\"inLanguage\":\"fr-FR\"},{\"@type\":\"Organization\",\"@id\":\"https:\/\/www.nooteboom.com\/fr\/#organization\",\"name\":\"Nooteboom Trailers\",\"url\":\"https:\/\/www.nooteboom.com\/fr\/\",\"logo\":{\"@type\":\"ImageObject\",\"inLanguage\":\"fr-FR\",\"@id\":\"https:\/\/www.nooteboom.com\/fr\/#\/schema\/logo\/image\/\",\"url\":\"https:\/\/www.nooteboom.com\/wp-content\/uploads\/logo.png\",\"contentUrl\":\"https:\/\/www.nooteboom.com\/wp-content\/uploads\/logo.png\",\"width\":111,\"height\":66,\"caption\":\"Nooteboom Trailers\"},\"image\":{\"@id\":\"https:\/\/www.nooteboom.com\/fr\/#\/schema\/logo\/image\/\"},\"sameAs\":[\"https:\/\/nl-nl.facebook.com\/nooteboomtrailers\/\",\"https:\/\/nl.linkedin.com\/company\/nooteboom-trailers\",\"https:\/\/www.youtube.com\/user\/Nooteboomtrailers\"]}]}<\/script>\n<!-- \/ Yoast SEO Premium plugin. -->","yoast_head_json":{"title":"1939-1953: 3\u00e8me g\u00e9n\u00e9ration | Nooteboom Trailers","description":"En 1939, Anton Nooteboom (photo de droite) rejoint une entreprise qui, dans les ann\u00e9es suivantes deviendra l'un des meilleurs fabricants de v\u00e9hicules...","robots":{"index":"index","follow":"follow","max-snippet":"max-snippet:-1","max-image-preview":"max-image-preview:large","max-video-preview":"max-video-preview:-1"},"canonical":"https:\/\/www.nooteboom.com\/fr\/qui-sommes-nous\/histoire\/1939-1953-3eme-generation\/","og_locale":"fr_FR","og_type":"article","og_title":"1939-1953: 3\u00e8me g\u00e9n\u00e9ration","og_description":"En 1939, Anton Nooteboom (photo de droite) rejoint une entreprise qui, dans les ann\u00e9es suivantes deviendra l'un des meilleurs fabricants de v\u00e9hicules...","og_url":"https:\/\/www.nooteboom.com\/fr\/qui-sommes-nous\/histoire\/1939-1953-3eme-generation\/","og_site_name":"Nooteboom Trailers","article_publisher":"https:\/\/nl-nl.facebook.com\/nooteboomtrailers\/","article_modified_time":"2017-10-30T12:22:48+00:00","og_image":[{"width":1052,"height":512,"url":"https:\/\/www.nooteboom.com\/wp-content\/uploads\/Nooteboom-Kipper.jpg","type":"image\/jpeg"}],"twitter_card":"summary_large_image","twitter_misc":{"Dur\u00e9e de lecture estim\u00e9e":"4 minutes"},"schema":{"@context":"https:\/\/schema.org","@graph":[{"@type":"WebPage","@id":"https:\/\/www.nooteboom.com\/fr\/qui-sommes-nous\/histoire\/1939-1953-3eme-generation\/","url":"https:\/\/www.nooteboom.com\/fr\/qui-sommes-nous\/histoire\/1939-1953-3eme-generation\/","name":"1939-1953: 3\u00e8me g\u00e9n\u00e9ration | Nooteboom Trailers","isPartOf":{"@id":"https:\/\/www.nooteboom.com\/fr\/#website"},"primaryImageOfPage":{"@id":"https:\/\/www.nooteboom.com\/fr\/qui-sommes-nous\/histoire\/1939-1953-3eme-generation\/#primaryimage"},"image":{"@id":"https:\/\/www.nooteboom.com\/fr\/qui-sommes-nous\/histoire\/1939-1953-3eme-generation\/#primaryimage"},"thumbnailUrl":"https:\/\/www.nooteboom.com\/wp-content\/uploads\/Nooteboom-Kipper.jpg","datePublished":"2016-08-01T12:27:32+00:00","dateModified":"2017-10-30T12:22:48+00:00","description":"En 1939, Anton Nooteboom (photo de droite) rejoint une entreprise qui, dans les ann\u00e9es suivantes deviendra l'un des meilleurs fabricants de v\u00e9hicules...","breadcrumb":{"@id":"https:\/\/www.nooteboom.com\/fr\/qui-sommes-nous\/histoire\/1939-1953-3eme-generation\/#breadcrumb"},"inLanguage":"fr-FR","potentialAction":[{"@type":"ReadAction","target":["https:\/\/www.nooteboom.com\/fr\/qui-sommes-nous\/histoire\/1939-1953-3eme-generation\/"]}]},{"@type":"ImageObject","inLanguage":"fr-FR","@id":"https:\/\/www.nooteboom.com\/fr\/qui-sommes-nous\/histoire\/1939-1953-3eme-generation\/#primaryimage","url":"https:\/\/www.nooteboom.com\/wp-content\/uploads\/Nooteboom-Kipper.jpg","contentUrl":"https:\/\/www.nooteboom.com\/wp-content\/uploads\/Nooteboom-Kipper.jpg","width":1052,"height":512},{"@type":"BreadcrumbList","@id":"https:\/\/www.nooteboom.com\/fr\/qui-sommes-nous\/histoire\/1939-1953-3eme-generation\/#breadcrumb","itemListElement":[{"@type":"ListItem","position":1,"name":"Home","item":"https:\/\/www.nooteboom.com\/fr\/"},{"@type":"ListItem","position":2,"name":"Qui sommes nous","item":"https:\/\/www.nooteboom.com\/fr\/qui-sommes-nous\/"},{"@type":"ListItem","position":3,"name":"Histoire","item":"https:\/\/www.nooteboom.com\/fr\/qui-sommes-nous\/histoire\/"},{"@type":"ListItem","position":4,"name":"1939-1953: 3\u00e8me g\u00e9n\u00e9ration"}]},{"@type":"WebSite","@id":"https:\/\/www.nooteboom.com\/fr\/#website","url":"https:\/\/www.nooteboom.com\/fr\/","name":"Nooteboom Trailers","description":"Gets you there.","publisher":{"@id":"https:\/\/www.nooteboom.com\/fr\/#organization"},"potentialAction":[{"@type":"SearchAction","target":{"@type":"EntryPoint","urlTemplate":"https:\/\/www.nooteboom.com\/fr\/?s={search_term_string}"},"query-input":{"@type":"PropertyValueSpecification","valueRequired":true,"valueName":"search_term_string"}}],"inLanguage":"fr-FR"},{"@type":"Organization","@id":"https:\/\/www.nooteboom.com\/fr\/#organization","name":"Nooteboom Trailers","url":"https:\/\/www.nooteboom.com\/fr\/","logo":{"@type":"ImageObject","inLanguage":"fr-FR","@id":"https:\/\/www.nooteboom.com\/fr\/#\/schema\/logo\/image\/","url":"https:\/\/www.nooteboom.com\/wp-content\/uploads\/logo.png","contentUrl":"https:\/\/www.nooteboom.com\/wp-content\/uploads\/logo.png","width":111,"height":66,"caption":"Nooteboom Trailers"},"image":{"@id":"https:\/\/www.nooteboom.com\/fr\/#\/schema\/logo\/image\/"},"sameAs":["https:\/\/nl-nl.facebook.com\/nooteboomtrailers\/","https:\/\/nl.linkedin.com\/company\/nooteboom-trailers","https:\/\/www.youtube.com\/user\/Nooteboomtrailers"]}]}},"_links":{"self":[{"href":"https:\/\/www.nooteboom.com\/fr\/wp-json\/wp\/v2\/pages\/9514","targetHints":{"allow":["GET"]}}],"collection":[{"href":"https:\/\/www.nooteboom.com\/fr\/wp-json\/wp\/v2\/pages"}],"about":[{"href":"https:\/\/www.nooteboom.com\/fr\/wp-json\/wp\/v2\/types\/page"}],"author":[{"embeddable":true,"href":"https:\/\/www.nooteboom.com\/fr\/wp-json\/wp\/v2\/users\/45"}],"replies":[{"embeddable":true,"href":"https:\/\/www.nooteboom.com\/fr\/wp-json\/wp\/v2\/comments?post=9514"}],"version-history":[{"count":7,"href":"https:\/\/www.nooteboom.com\/fr\/wp-json\/wp\/v2\/pages\/9514\/revisions"}],"predecessor-version":[{"id":1175864,"href":"https:\/\/www.nooteboom.com\/fr\/wp-json\/wp\/v2\/pages\/9514\/revisions\/1175864"}],"up":[{"embeddable":true,"href":"https:\/\/www.nooteboom.com\/fr\/wp-json\/wp\/v2\/pages\/9507"}],"wp:featuredmedia":[{"embeddable":true,"href":"https:\/\/www.nooteboom.com\/fr\/wp-json\/wp\/v2\/media\/4190"}],"wp:attachment":[{"href":"https:\/\/www.nooteboom.com\/fr\/wp-json\/wp\/v2\/media?parent=9514"}],"curies":[{"name":"wp","href":"https:\/\/api.w.org\/{rel}","templated":true}]}}