{"id":9505,"date":"2016-08-01T14:22:50","date_gmt":"2016-08-01T12:22:50","guid":{"rendered":"https:\/\/www.nooteboom.com\/?page_id=9505&#038;lang=fr"},"modified":"2021-04-07T09:11:15","modified_gmt":"2021-04-07T07:11:15","slug":"propos-de-nooteboom","status":"publish","type":"page","link":"https:\/\/www.nooteboom.com\/fr\/qui-sommes-nous\/propos-de-nooteboom\/","title":{"rendered":"\u00c0 propos de Nooteboom"},"content":{"rendered":"<div class=\"wpb-content-wrapper\"><p>[vc_row][vc_column][vc_column_text]Nooteboom Trailers B.V., une entreprise familiale fond\u00e9e en 1881, est une soci\u00e9t\u00e9 internationale qui propose \u00e0 ses clients des solutions globales dans le secteur du transport exceptionnel. Nooteboom con\u00e7oit et construit des remorques de la plus haute qualit\u00e9 pouvant supporter une charge utile de 20 \u00e0 200 tonnes.\u00a0Nooteboom s&rsquo;efforce toujours d&rsquo;am\u00e9liorer ses services en investissant continuellement dans les meilleures solutions pour ses clients. Pour ce faire l&rsquo;entreprise axe sa r\u00e9flexion et son travail dans le but d&rsquo;innover en permanence. Qu\u2019il s&rsquo;agisse de la qualit\u00e9 de ses produits, de l&rsquo;assistance qu&rsquo;elle offre dans le cadre du concept de service de cycle de vie ou des nombreuses solutions innovantes, Nooteboom ne cesse de d\u00e9finir de nouvelles tendances.<\/p>\n<p>Avec son concept de service international, Nooteboom fournit \u00e9galement des services fiables d&rsquo;entretien, de r\u00e9vision, de remise \u00e0 neuf et de livraison de pi\u00e8ces de rechange. La soci\u00e9t\u00e9 rach\u00e8te et vend \u00e9galement des remorques d&rsquo;occasion.[\/vc_column_text][\/vc_column][\/vc_row][vc_row][vc_column width=\u00a0\u00bb1\/2&Prime;][vc_single_image image=\u00a0\u00bb30467&Prime; img_size=\u00a0\u00bblarge\u00a0\u00bb css_animation=\u00a0\u00bbleft-to-right\u00a0\u00bb][\/vc_column][vc_column width=\u00a0\u00bb1\/2&Prime;][vc_column_text]Nooteboom aide les acheteurs \u00e0 optimiser le rendement total de leur investissement gr\u00e2ce \u00e0 un faible co\u00fbt total de propri\u00e9t\u00e9. Cela signifie qu&rsquo;il y a moins de travaux entretien en atelier, que le v\u00e9hicule peut \u00eatre utilis\u00e9 de mani\u00e8re plus rentable et que le chauffeur conduit un v\u00e9hicule extr\u00eamement facile \u00e0 utiliser. En un mot: Nooteboom. <strong><em>Gets you there.<\/em><\/strong><\/p>\n<p>Le si\u00e8ge social de Nooteboom est situ\u00e9 \u00e0 Wijchen, au Pays-Bas, avec plus de 500 employ\u00e9s. Le chiffre d&rsquo;affaires de l&rsquo;entreprise est d&rsquo;environ 100 millions \u20ac avec un r\u00e9sultat solide.<\/p>\n<p><a class=\"button\" href=\"https:\/\/www.nooteboom.com\/fr\/qui-sommes-nous\/valeurs\/\">Valeurs<\/a>[\/vc_column_text][\/vc_column][\/vc_row]<\/p>\n<\/div>","protected":false},"excerpt":{"rendered":"[vc_row][vc_column][vc_column_text]Nooteboom Trailers B.V., une entreprise familiale fond\u00e9e en 1881, est une soci\u00e9t\u00e9 internationale qui propose \u00e0 ses clients des solutions&#8230;","protected":false},"author":45,"featured_media":2383474,"parent":9503,"menu_order":1,"comment_status":"closed","ping_status":"closed","template":"","meta":{"_acf_changed":false,"inline_featured_image":false,"footnotes":""},"class_list":["post-9505","page","type-page","status-publish","has-post-thumbnail","hentry"],"acf":[],"yoast_head":"<!-- This site is optimized with the Yoast SEO Premium plugin v25.7.1 (Yoast SEO v25.7) - https:\/\/yoast.com\/wordpress\/plugins\/seo\/ -->\n<title>\u00c0 propos de Nooteboom | Nooteboom Trailers<\/title>\n<meta name=\"description\" content=\"Nooteboom Trailers B.V., une entreprise familiale fond\u00e9e en 1881, est une soci\u00e9t\u00e9 internationale qui propose \u00e0 ses clients des solutions globales\" \/>\n<meta name=\"robots\" content=\"index, follow, max-snippet:-1, max-image-preview:large, max-video-preview:-1\" \/>\n<link rel=\"canonical\" href=\"https:\/\/www.nooteboom.com\/fr\/qui-sommes-nous\/propos-de-nooteboom\/\" \/>\n<meta property=\"og:locale\" content=\"fr_FR\" \/>\n<meta property=\"og:type\" content=\"article\" \/>\n<meta property=\"og:title\" content=\"\u00c0 propos de Nooteboom\" \/>\n<meta property=\"og:description\" content=\"Nooteboom Trailers B.V., une entreprise familiale fond\u00e9e en 1881, est une soci\u00e9t\u00e9 internationale qui propose \u00e0 ses clients des solutions globales\" \/>\n<meta property=\"og:url\" content=\"https:\/\/www.nooteboom.com\/fr\/qui-sommes-nous\/propos-de-nooteboom\/\" \/>\n<meta property=\"og:site_name\" content=\"Nooteboom Trailers\" \/>\n<meta property=\"article:publisher\" content=\"https:\/\/nl-nl.facebook.com\/nooteboomtrailers\/\" \/>\n<meta property=\"article:modified_time\" content=\"2021-04-07T07:11:15+00:00\" \/>\n<meta property=\"og:image\" content=\"https:\/\/www.nooteboom.com\/wp-content\/uploads\/who-we-are-1.jpg\" \/>\n\t<meta property=\"og:image:width\" content=\"2000\" \/>\n\t<meta property=\"og:image:height\" content=\"980\" \/>\n\t<meta property=\"og:image:type\" content=\"image\/jpeg\" \/>\n<meta name=\"twitter:card\" content=\"summary_large_image\" \/>\n<meta name=\"twitter:label1\" content=\"Dur\u00e9e de lecture estim\u00e9e\" \/>\n\t<meta name=\"twitter:data1\" content=\"1 minute\" \/>\n<script type=\"application\/ld+json\" class=\"yoast-schema-graph\">{\"@context\":\"https:\/\/schema.org\",\"@graph\":[{\"@type\":\"WebPage\",\"@id\":\"https:\/\/www.nooteboom.com\/fr\/qui-sommes-nous\/propos-de-nooteboom\/\",\"url\":\"https:\/\/www.nooteboom.com\/fr\/qui-sommes-nous\/propos-de-nooteboom\/\",\"name\":\"\u00c0 propos de Nooteboom | Nooteboom Trailers\",\"isPartOf\":{\"@id\":\"https:\/\/www.nooteboom.com\/fr\/#website\"},\"primaryImageOfPage\":{\"@id\":\"https:\/\/www.nooteboom.com\/fr\/qui-sommes-nous\/propos-de-nooteboom\/#primaryimage\"},\"image\":{\"@id\":\"https:\/\/www.nooteboom.com\/fr\/qui-sommes-nous\/propos-de-nooteboom\/#primaryimage\"},\"thumbnailUrl\":\"https:\/\/www.nooteboom.com\/wp-content\/uploads\/Cover-nooteboom.jpg\",\"datePublished\":\"2016-08-01T12:22:50+00:00\",\"dateModified\":\"2021-04-07T07:11:15+00:00\",\"description\":\"Nooteboom Trailers B.V., une entreprise familiale fond\u00e9e en 1881, est une soci\u00e9t\u00e9 internationale qui propose \u00e0 ses clients des solutions globales\",\"breadcrumb\":{\"@id\":\"https:\/\/www.nooteboom.com\/fr\/qui-sommes-nous\/propos-de-nooteboom\/#breadcrumb\"},\"inLanguage\":\"fr-FR\",\"potentialAction\":[{\"@type\":\"ReadAction\",\"target\":[\"https:\/\/www.nooteboom.com\/fr\/qui-sommes-nous\/propos-de-nooteboom\/\"]}]},{\"@type\":\"ImageObject\",\"inLanguage\":\"fr-FR\",\"@id\":\"https:\/\/www.nooteboom.com\/fr\/qui-sommes-nous\/propos-de-nooteboom\/#primaryimage\",\"url\":\"https:\/\/www.nooteboom.com\/wp-content\/uploads\/Cover-nooteboom.jpg\",\"contentUrl\":\"https:\/\/www.nooteboom.com\/wp-content\/uploads\/Cover-nooteboom.jpg\",\"width\":1920,\"height\":1235},{\"@type\":\"BreadcrumbList\",\"@id\":\"https:\/\/www.nooteboom.com\/fr\/qui-sommes-nous\/propos-de-nooteboom\/#breadcrumb\",\"itemListElement\":[{\"@type\":\"ListItem\",\"position\":1,\"name\":\"Home\",\"item\":\"https:\/\/www.nooteboom.com\/fr\/\"},{\"@type\":\"ListItem\",\"position\":2,\"name\":\"Qui sommes nous\",\"item\":\"https:\/\/www.nooteboom.com\/fr\/qui-sommes-nous\/\"},{\"@type\":\"ListItem\",\"position\":3,\"name\":\"\u00c0 propos de Nooteboom\"}]},{\"@type\":\"WebSite\",\"@id\":\"https:\/\/www.nooteboom.com\/fr\/#website\",\"url\":\"https:\/\/www.nooteboom.com\/fr\/\",\"name\":\"Nooteboom Trailers\",\"description\":\"Gets you there.\",\"publisher\":{\"@id\":\"https:\/\/www.nooteboom.com\/fr\/#organization\"},\"potentialAction\":[{\"@type\":\"SearchAction\",\"target\":{\"@type\":\"EntryPoint\",\"urlTemplate\":\"https:\/\/www.nooteboom.com\/fr\/?s={search_term_string}\"},\"query-input\":{\"@type\":\"PropertyValueSpecification\",\"valueRequired\":true,\"valueName\":\"search_term_string\"}}],\"inLanguage\":\"fr-FR\"},{\"@type\":\"Organization\",\"@id\":\"https:\/\/www.nooteboom.com\/fr\/#organization\",\"name\":\"Nooteboom Trailers\",\"url\":\"https:\/\/www.nooteboom.com\/fr\/\",\"logo\":{\"@type\":\"ImageObject\",\"inLanguage\":\"fr-FR\",\"@id\":\"https:\/\/www.nooteboom.com\/fr\/#\/schema\/logo\/image\/\",\"url\":\"https:\/\/www.nooteboom.com\/wp-content\/uploads\/logo.png\",\"contentUrl\":\"https:\/\/www.nooteboom.com\/wp-content\/uploads\/logo.png\",\"width\":111,\"height\":66,\"caption\":\"Nooteboom Trailers\"},\"image\":{\"@id\":\"https:\/\/www.nooteboom.com\/fr\/#\/schema\/logo\/image\/\"},\"sameAs\":[\"https:\/\/nl-nl.facebook.com\/nooteboomtrailers\/\",\"https:\/\/nl.linkedin.com\/company\/nooteboom-trailers\",\"https:\/\/www.youtube.com\/user\/Nooteboomtrailers\"]}]}<\/script>\n<!-- \/ Yoast SEO Premium plugin. -->","yoast_head_json":{"title":"\u00c0 propos de Nooteboom | Nooteboom Trailers","description":"Nooteboom Trailers B.V., une entreprise familiale fond\u00e9e en 1881, est une soci\u00e9t\u00e9 internationale qui propose \u00e0 ses clients des solutions globales","robots":{"index":"index","follow":"follow","max-snippet":"max-snippet:-1","max-image-preview":"max-image-preview:large","max-video-preview":"max-video-preview:-1"},"canonical":"https:\/\/www.nooteboom.com\/fr\/qui-sommes-nous\/propos-de-nooteboom\/","og_locale":"fr_FR","og_type":"article","og_title":"\u00c0 propos de Nooteboom","og_description":"Nooteboom Trailers B.V., une entreprise familiale fond\u00e9e en 1881, est une soci\u00e9t\u00e9 internationale qui propose \u00e0 ses clients des solutions globales","og_url":"https:\/\/www.nooteboom.com\/fr\/qui-sommes-nous\/propos-de-nooteboom\/","og_site_name":"Nooteboom Trailers","article_publisher":"https:\/\/nl-nl.facebook.com\/nooteboomtrailers\/","article_modified_time":"2021-04-07T07:11:15+00:00","og_image":[{"width":2000,"height":980,"url":"https:\/\/www.nooteboom.com\/wp-content\/uploads\/who-we-are-1.jpg","type":"image\/jpeg"}],"twitter_card":"summary_large_image","twitter_misc":{"Dur\u00e9e de lecture estim\u00e9e":"1 minute"},"schema":{"@context":"https:\/\/schema.org","@graph":[{"@type":"WebPage","@id":"https:\/\/www.nooteboom.com\/fr\/qui-sommes-nous\/propos-de-nooteboom\/","url":"https:\/\/www.nooteboom.com\/fr\/qui-sommes-nous\/propos-de-nooteboom\/","name":"\u00c0 propos de Nooteboom | Nooteboom Trailers","isPartOf":{"@id":"https:\/\/www.nooteboom.com\/fr\/#website"},"primaryImageOfPage":{"@id":"https:\/\/www.nooteboom.com\/fr\/qui-sommes-nous\/propos-de-nooteboom\/#primaryimage"},"image":{"@id":"https:\/\/www.nooteboom.com\/fr\/qui-sommes-nous\/propos-de-nooteboom\/#primaryimage"},"thumbnailUrl":"https:\/\/www.nooteboom.com\/wp-content\/uploads\/Cover-nooteboom.jpg","datePublished":"2016-08-01T12:22:50+00:00","dateModified":"2021-04-07T07:11:15+00:00","description":"Nooteboom Trailers B.V., une entreprise familiale fond\u00e9e en 1881, est une soci\u00e9t\u00e9 internationale qui propose \u00e0 ses clients des solutions globales","breadcrumb":{"@id":"https:\/\/www.nooteboom.com\/fr\/qui-sommes-nous\/propos-de-nooteboom\/#breadcrumb"},"inLanguage":"fr-FR","potentialAction":[{"@type":"ReadAction","target":["https:\/\/www.nooteboom.com\/fr\/qui-sommes-nous\/propos-de-nooteboom\/"]}]},{"@type":"ImageObject","inLanguage":"fr-FR","@id":"https:\/\/www.nooteboom.com\/fr\/qui-sommes-nous\/propos-de-nooteboom\/#primaryimage","url":"https:\/\/www.nooteboom.com\/wp-content\/uploads\/Cover-nooteboom.jpg","contentUrl":"https:\/\/www.nooteboom.com\/wp-content\/uploads\/Cover-nooteboom.jpg","width":1920,"height":1235},{"@type":"BreadcrumbList","@id":"https:\/\/www.nooteboom.com\/fr\/qui-sommes-nous\/propos-de-nooteboom\/#breadcrumb","itemListElement":[{"@type":"ListItem","position":1,"name":"Home","item":"https:\/\/www.nooteboom.com\/fr\/"},{"@type":"ListItem","position":2,"name":"Qui sommes nous","item":"https:\/\/www.nooteboom.com\/fr\/qui-sommes-nous\/"},{"@type":"ListItem","position":3,"name":"\u00c0 propos de Nooteboom"}]},{"@type":"WebSite","@id":"https:\/\/www.nooteboom.com\/fr\/#website","url":"https:\/\/www.nooteboom.com\/fr\/","name":"Nooteboom Trailers","description":"Gets you there.","publisher":{"@id":"https:\/\/www.nooteboom.com\/fr\/#organization"},"potentialAction":[{"@type":"SearchAction","target":{"@type":"EntryPoint","urlTemplate":"https:\/\/www.nooteboom.com\/fr\/?s={search_term_string}"},"query-input":{"@type":"PropertyValueSpecification","valueRequired":true,"valueName":"search_term_string"}}],"inLanguage":"fr-FR"},{"@type":"Organization","@id":"https:\/\/www.nooteboom.com\/fr\/#organization","name":"Nooteboom Trailers","url":"https:\/\/www.nooteboom.com\/fr\/","logo":{"@type":"ImageObject","inLanguage":"fr-FR","@id":"https:\/\/www.nooteboom.com\/fr\/#\/schema\/logo\/image\/","url":"https:\/\/www.nooteboom.com\/wp-content\/uploads\/logo.png","contentUrl":"https:\/\/www.nooteboom.com\/wp-content\/uploads\/logo.png","width":111,"height":66,"caption":"Nooteboom Trailers"},"image":{"@id":"https:\/\/www.nooteboom.com\/fr\/#\/schema\/logo\/image\/"},"sameAs":["https:\/\/nl-nl.facebook.com\/nooteboomtrailers\/","https:\/\/nl.linkedin.com\/company\/nooteboom-trailers","https:\/\/www.youtube.com\/user\/Nooteboomtrailers"]}]}},"_links":{"self":[{"href":"https:\/\/www.nooteboom.com\/fr\/wp-json\/wp\/v2\/pages\/9505","targetHints":{"allow":["GET"]}}],"collection":[{"href":"https:\/\/www.nooteboom.com\/fr\/wp-json\/wp\/v2\/pages"}],"about":[{"href":"https:\/\/www.nooteboom.com\/fr\/wp-json\/wp\/v2\/types\/page"}],"author":[{"embeddable":true,"href":"https:\/\/www.nooteboom.com\/fr\/wp-json\/wp\/v2\/users\/45"}],"replies":[{"embeddable":true,"href":"https:\/\/www.nooteboom.com\/fr\/wp-json\/wp\/v2\/comments?post=9505"}],"version-history":[{"count":10,"href":"https:\/\/www.nooteboom.com\/fr\/wp-json\/wp\/v2\/pages\/9505\/revisions"}],"predecessor-version":[{"id":1872256,"href":"https:\/\/www.nooteboom.com\/fr\/wp-json\/wp\/v2\/pages\/9505\/revisions\/1872256"}],"up":[{"embeddable":true,"href":"https:\/\/www.nooteboom.com\/fr\/wp-json\/wp\/v2\/pages\/9503"}],"wp:featuredmedia":[{"embeddable":true,"href":"https:\/\/www.nooteboom.com\/fr\/wp-json\/wp\/v2\/media\/2383474"}],"wp:attachment":[{"href":"https:\/\/www.nooteboom.com\/fr\/wp-json\/wp\/v2\/media?parent=9505"}],"curies":[{"name":"wp","href":"https:\/\/api.w.org\/{rel}","templated":true}]}}