{"id":9503,"date":"2016-08-01T14:22:01","date_gmt":"2016-08-01T12:22:01","guid":{"rendered":"https:\/\/www.nooteboom.com\/?page_id=9503&#038;lang=fr"},"modified":"2023-02-08T08:19:19","modified_gmt":"2023-02-08T07:19:19","slug":"qui-sommes-nous","status":"publish","type":"page","link":"https:\/\/www.nooteboom.com\/fr\/qui-sommes-nous\/","title":{"rendered":"Qui sommes nous"},"content":{"rendered":"<div class=\"wpb-content-wrapper\"><p>[vc_row][vc_column][vc_column_text]<\/p>\n<h2>Entreprise<\/h2>\n<p>Nooteboom Trailers B.V., une entreprise familiale fond\u00e9e en 1881, est une soci\u00e9t\u00e9 internationale qui propose \u00e0 ses clients des solutions globales dans le secteur du transport exceptionnel. Nooteboom con\u00e7oit et construit des remorques de la plus haute qualit\u00e9 pouvant supporter une charge utile de 20 \u00e0 200 tonnes.<\/p>\n<p>Avec son concept de service international, Nooteboom fournit \u00e9galement des services fiables d&rsquo;entretien, de r\u00e9vision, de remise \u00e0 neuf et de livraison de pi\u00e8ces de rechange. La soci\u00e9t\u00e9 rach\u00e8te et vend \u00e9galement des remorques d&rsquo;occasion.<\/p>\n<p><a class=\"button\" href=\"https:\/\/www.nooteboom.com\/fr\/qui-nous-sommes\/propos-de-nooteboom\/\">Lire la suite<\/a>[\/vc_column_text][\/vc_column][\/vc_row][vc_row][vc_column width=\u00a0\u00bb1\/2&Prime;][vc_single_image image=\u00a0\u00bb960&Prime; img_size=\u00a0\u00bblarge\u00a0\u00bb][vc_column_text]<\/p>\n<h2>\u00catre innovant<\/h2>\n<p>Depuis la cr\u00e9ation de l&rsquo;entreprise en 1881, l&rsquo;innovation a \u00e9t\u00e9 au centre des activit\u00e9s de Nooteboom. Gr\u00e2ce \u00e0 des innovations r\u00e9volutionnaires, les remorques Nooteboom sont pionni\u00e8res dans le march\u00e9 du transport routier exceptionnel.<\/p>\n<p><a class=\"button\" href=\"https:\/\/www.nooteboom.com\/fr\/qui-nous-sommes\/innovation\/\">Lire la suite<\/a>[\/vc_column_text][\/vc_column][vc_column width=\u00a0\u00bb1\/2&Prime;][vc_single_image image=\u00a0\u00bb972&Prime; img_size=\u00a0\u00bblarge\u00a0\u00bb][vc_column_text]<\/p>\n<h2>Histoire<\/h2>\n<p>Marinka Nooteboom est Directeur G\u00e9n\u00e9ral du Groupe Nooteboom Koninklijke. La premi\u00e8re femme \u00e0 prendre la t\u00eate de l&rsquo;entreprise familiale qui a \u00e9t\u00e9 fond\u00e9e en 1881 par son arri\u00e8re-grand-p\u00e8re, le forgeron Willem Nooteboom.<\/p>\n<p><a class=\"button\" href=\"https:\/\/www.nooteboom.com\/fr\/qui-nous-sommes\/histoire\/\">Lire la suite<\/a>[\/vc_column_text][\/vc_column][\/vc_row]<\/p>\n<\/div>","protected":false},"excerpt":{"rendered":"[vc_row][vc_column][vc_column_text] Entreprise Nooteboom Trailers B.V., une entreprise familiale fond\u00e9e en 1881, est une soci\u00e9t\u00e9 internationale qui propose \u00e0 ses clients&#8230;","protected":false},"author":45,"featured_media":3900,"parent":0,"menu_order":0,"comment_status":"closed","ping_status":"closed","template":"","meta":{"_acf_changed":false,"inline_featured_image":false,"footnotes":""},"class_list":["post-9503","page","type-page","status-publish","has-post-thumbnail","hentry"],"acf":[],"yoast_head":"<!-- This site is optimized with the Yoast SEO Premium plugin v25.7.1 (Yoast SEO v25.7) - https:\/\/yoast.com\/wordpress\/plugins\/seo\/ -->\n<title>Qui sommes nous | Nooteboom Trailers<\/title>\n<meta name=\"description\" content=\"Nooteboom Trailers B.V., une entreprise familiale fond\u00e9e en 1881, est une soci\u00e9t\u00e9 internationale qui propose \u00e0 ses clients des solutions globales...\" \/>\n<meta name=\"robots\" content=\"index, follow, max-snippet:-1, max-image-preview:large, max-video-preview:-1\" \/>\n<link rel=\"canonical\" href=\"https:\/\/www.nooteboom.com\/fr\/qui-sommes-nous\/\" \/>\n<meta property=\"og:locale\" content=\"fr_FR\" \/>\n<meta property=\"og:type\" content=\"article\" \/>\n<meta property=\"og:title\" content=\"Qui sommes nous\" \/>\n<meta property=\"og:description\" content=\"Nooteboom Trailers B.V., une entreprise familiale fond\u00e9e en 1881, est une soci\u00e9t\u00e9 internationale qui propose \u00e0 ses clients des solutions globales...\" \/>\n<meta property=\"og:url\" content=\"https:\/\/www.nooteboom.com\/fr\/qui-sommes-nous\/\" \/>\n<meta property=\"og:site_name\" content=\"Nooteboom Trailers\" \/>\n<meta property=\"article:publisher\" content=\"https:\/\/nl-nl.facebook.com\/nooteboomtrailers\/\" \/>\n<meta property=\"article:modified_time\" content=\"2023-02-08T07:19:19+00:00\" \/>\n<meta property=\"og:image\" content=\"https:\/\/www.nooteboom.com\/wp-content\/uploads\/who-we-are-1.jpg\" \/>\n\t<meta property=\"og:image:width\" content=\"2000\" \/>\n\t<meta property=\"og:image:height\" content=\"980\" \/>\n\t<meta property=\"og:image:type\" content=\"image\/jpeg\" \/>\n<meta name=\"twitter:card\" content=\"summary_large_image\" \/>\n<meta name=\"twitter:label1\" content=\"Dur\u00e9e de lecture estim\u00e9e\" \/>\n\t<meta name=\"twitter:data1\" content=\"1 minute\" \/>\n<script type=\"application\/ld+json\" class=\"yoast-schema-graph\">{\"@context\":\"https:\/\/schema.org\",\"@graph\":[{\"@type\":\"WebPage\",\"@id\":\"https:\/\/www.nooteboom.com\/fr\/qui-sommes-nous\/\",\"url\":\"https:\/\/www.nooteboom.com\/fr\/qui-sommes-nous\/\",\"name\":\"Qui sommes nous | Nooteboom Trailers\",\"isPartOf\":{\"@id\":\"https:\/\/www.nooteboom.com\/fr\/#website\"},\"primaryImageOfPage\":{\"@id\":\"https:\/\/www.nooteboom.com\/fr\/qui-sommes-nous\/#primaryimage\"},\"image\":{\"@id\":\"https:\/\/www.nooteboom.com\/fr\/qui-sommes-nous\/#primaryimage\"},\"thumbnailUrl\":\"https:\/\/www.nooteboom.com\/wp-content\/uploads\/who-we-are-1.jpg\",\"datePublished\":\"2016-08-01T12:22:01+00:00\",\"dateModified\":\"2023-02-08T07:19:19+00:00\",\"description\":\"Nooteboom Trailers B.V., une entreprise familiale fond\u00e9e en 1881, est une soci\u00e9t\u00e9 internationale qui propose \u00e0 ses clients des solutions globales...\",\"breadcrumb\":{\"@id\":\"https:\/\/www.nooteboom.com\/fr\/qui-sommes-nous\/#breadcrumb\"},\"inLanguage\":\"fr-FR\",\"potentialAction\":[{\"@type\":\"ReadAction\",\"target\":[\"https:\/\/www.nooteboom.com\/fr\/qui-sommes-nous\/\"]}]},{\"@type\":\"ImageObject\",\"inLanguage\":\"fr-FR\",\"@id\":\"https:\/\/www.nooteboom.com\/fr\/qui-sommes-nous\/#primaryimage\",\"url\":\"https:\/\/www.nooteboom.com\/wp-content\/uploads\/who-we-are-1.jpg\",\"contentUrl\":\"https:\/\/www.nooteboom.com\/wp-content\/uploads\/who-we-are-1.jpg\",\"width\":2000,\"height\":980,\"caption\":\"Nooteboom Trailers\"},{\"@type\":\"BreadcrumbList\",\"@id\":\"https:\/\/www.nooteboom.com\/fr\/qui-sommes-nous\/#breadcrumb\",\"itemListElement\":[{\"@type\":\"ListItem\",\"position\":1,\"name\":\"Home\",\"item\":\"https:\/\/www.nooteboom.com\/fr\/\"},{\"@type\":\"ListItem\",\"position\":2,\"name\":\"Qui sommes nous\"}]},{\"@type\":\"WebSite\",\"@id\":\"https:\/\/www.nooteboom.com\/fr\/#website\",\"url\":\"https:\/\/www.nooteboom.com\/fr\/\",\"name\":\"Nooteboom Trailers\",\"description\":\"Gets you there.\",\"publisher\":{\"@id\":\"https:\/\/www.nooteboom.com\/fr\/#organization\"},\"potentialAction\":[{\"@type\":\"SearchAction\",\"target\":{\"@type\":\"EntryPoint\",\"urlTemplate\":\"https:\/\/www.nooteboom.com\/fr\/?s={search_term_string}\"},\"query-input\":{\"@type\":\"PropertyValueSpecification\",\"valueRequired\":true,\"valueName\":\"search_term_string\"}}],\"inLanguage\":\"fr-FR\"},{\"@type\":\"Organization\",\"@id\":\"https:\/\/www.nooteboom.com\/fr\/#organization\",\"name\":\"Nooteboom Trailers\",\"url\":\"https:\/\/www.nooteboom.com\/fr\/\",\"logo\":{\"@type\":\"ImageObject\",\"inLanguage\":\"fr-FR\",\"@id\":\"https:\/\/www.nooteboom.com\/fr\/#\/schema\/logo\/image\/\",\"url\":\"https:\/\/www.nooteboom.com\/wp-content\/uploads\/logo.png\",\"contentUrl\":\"https:\/\/www.nooteboom.com\/wp-content\/uploads\/logo.png\",\"width\":111,\"height\":66,\"caption\":\"Nooteboom Trailers\"},\"image\":{\"@id\":\"https:\/\/www.nooteboom.com\/fr\/#\/schema\/logo\/image\/\"},\"sameAs\":[\"https:\/\/nl-nl.facebook.com\/nooteboomtrailers\/\",\"https:\/\/nl.linkedin.com\/company\/nooteboom-trailers\",\"https:\/\/www.youtube.com\/user\/Nooteboomtrailers\"]}]}<\/script>\n<!-- \/ Yoast SEO Premium plugin. -->","yoast_head_json":{"title":"Qui sommes nous | Nooteboom Trailers","description":"Nooteboom Trailers B.V., une entreprise familiale fond\u00e9e en 1881, est une soci\u00e9t\u00e9 internationale qui propose \u00e0 ses clients des solutions globales...","robots":{"index":"index","follow":"follow","max-snippet":"max-snippet:-1","max-image-preview":"max-image-preview:large","max-video-preview":"max-video-preview:-1"},"canonical":"https:\/\/www.nooteboom.com\/fr\/qui-sommes-nous\/","og_locale":"fr_FR","og_type":"article","og_title":"Qui sommes nous","og_description":"Nooteboom Trailers B.V., une entreprise familiale fond\u00e9e en 1881, est une soci\u00e9t\u00e9 internationale qui propose \u00e0 ses clients des solutions globales...","og_url":"https:\/\/www.nooteboom.com\/fr\/qui-sommes-nous\/","og_site_name":"Nooteboom Trailers","article_publisher":"https:\/\/nl-nl.facebook.com\/nooteboomtrailers\/","article_modified_time":"2023-02-08T07:19:19+00:00","og_image":[{"width":2000,"height":980,"url":"https:\/\/www.nooteboom.com\/wp-content\/uploads\/who-we-are-1.jpg","type":"image\/jpeg"}],"twitter_card":"summary_large_image","twitter_misc":{"Dur\u00e9e de lecture estim\u00e9e":"1 minute"},"schema":{"@context":"https:\/\/schema.org","@graph":[{"@type":"WebPage","@id":"https:\/\/www.nooteboom.com\/fr\/qui-sommes-nous\/","url":"https:\/\/www.nooteboom.com\/fr\/qui-sommes-nous\/","name":"Qui sommes nous | Nooteboom Trailers","isPartOf":{"@id":"https:\/\/www.nooteboom.com\/fr\/#website"},"primaryImageOfPage":{"@id":"https:\/\/www.nooteboom.com\/fr\/qui-sommes-nous\/#primaryimage"},"image":{"@id":"https:\/\/www.nooteboom.com\/fr\/qui-sommes-nous\/#primaryimage"},"thumbnailUrl":"https:\/\/www.nooteboom.com\/wp-content\/uploads\/who-we-are-1.jpg","datePublished":"2016-08-01T12:22:01+00:00","dateModified":"2023-02-08T07:19:19+00:00","description":"Nooteboom Trailers B.V., une entreprise familiale fond\u00e9e en 1881, est une soci\u00e9t\u00e9 internationale qui propose \u00e0 ses clients des solutions globales...","breadcrumb":{"@id":"https:\/\/www.nooteboom.com\/fr\/qui-sommes-nous\/#breadcrumb"},"inLanguage":"fr-FR","potentialAction":[{"@type":"ReadAction","target":["https:\/\/www.nooteboom.com\/fr\/qui-sommes-nous\/"]}]},{"@type":"ImageObject","inLanguage":"fr-FR","@id":"https:\/\/www.nooteboom.com\/fr\/qui-sommes-nous\/#primaryimage","url":"https:\/\/www.nooteboom.com\/wp-content\/uploads\/who-we-are-1.jpg","contentUrl":"https:\/\/www.nooteboom.com\/wp-content\/uploads\/who-we-are-1.jpg","width":2000,"height":980,"caption":"Nooteboom Trailers"},{"@type":"BreadcrumbList","@id":"https:\/\/www.nooteboom.com\/fr\/qui-sommes-nous\/#breadcrumb","itemListElement":[{"@type":"ListItem","position":1,"name":"Home","item":"https:\/\/www.nooteboom.com\/fr\/"},{"@type":"ListItem","position":2,"name":"Qui sommes nous"}]},{"@type":"WebSite","@id":"https:\/\/www.nooteboom.com\/fr\/#website","url":"https:\/\/www.nooteboom.com\/fr\/","name":"Nooteboom Trailers","description":"Gets you there.","publisher":{"@id":"https:\/\/www.nooteboom.com\/fr\/#organization"},"potentialAction":[{"@type":"SearchAction","target":{"@type":"EntryPoint","urlTemplate":"https:\/\/www.nooteboom.com\/fr\/?s={search_term_string}"},"query-input":{"@type":"PropertyValueSpecification","valueRequired":true,"valueName":"search_term_string"}}],"inLanguage":"fr-FR"},{"@type":"Organization","@id":"https:\/\/www.nooteboom.com\/fr\/#organization","name":"Nooteboom Trailers","url":"https:\/\/www.nooteboom.com\/fr\/","logo":{"@type":"ImageObject","inLanguage":"fr-FR","@id":"https:\/\/www.nooteboom.com\/fr\/#\/schema\/logo\/image\/","url":"https:\/\/www.nooteboom.com\/wp-content\/uploads\/logo.png","contentUrl":"https:\/\/www.nooteboom.com\/wp-content\/uploads\/logo.png","width":111,"height":66,"caption":"Nooteboom Trailers"},"image":{"@id":"https:\/\/www.nooteboom.com\/fr\/#\/schema\/logo\/image\/"},"sameAs":["https:\/\/nl-nl.facebook.com\/nooteboomtrailers\/","https:\/\/nl.linkedin.com\/company\/nooteboom-trailers","https:\/\/www.youtube.com\/user\/Nooteboomtrailers"]}]}},"_links":{"self":[{"href":"https:\/\/www.nooteboom.com\/fr\/wp-json\/wp\/v2\/pages\/9503","targetHints":{"allow":["GET"]}}],"collection":[{"href":"https:\/\/www.nooteboom.com\/fr\/wp-json\/wp\/v2\/pages"}],"about":[{"href":"https:\/\/www.nooteboom.com\/fr\/wp-json\/wp\/v2\/types\/page"}],"author":[{"embeddable":true,"href":"https:\/\/www.nooteboom.com\/fr\/wp-json\/wp\/v2\/users\/45"}],"replies":[{"embeddable":true,"href":"https:\/\/www.nooteboom.com\/fr\/wp-json\/wp\/v2\/comments?post=9503"}],"version-history":[{"count":7,"href":"https:\/\/www.nooteboom.com\/fr\/wp-json\/wp\/v2\/pages\/9503\/revisions"}],"predecessor-version":[{"id":1984609,"href":"https:\/\/www.nooteboom.com\/fr\/wp-json\/wp\/v2\/pages\/9503\/revisions\/1984609"}],"wp:featuredmedia":[{"embeddable":true,"href":"https:\/\/www.nooteboom.com\/fr\/wp-json\/wp\/v2\/media\/3900"}],"wp:attachment":[{"href":"https:\/\/www.nooteboom.com\/fr\/wp-json\/wp\/v2\/media?parent=9503"}],"curies":[{"name":"wp","href":"https:\/\/api.w.org\/{rel}","templated":true}]}}