{"id":9480,"date":"2016-08-01T14:09:00","date_gmt":"2016-08-01T12:09:00","guid":{"rendered":"https:\/\/www.nooteboom.com\/?page_id=9480&#038;lang=fr"},"modified":"2025-08-21T14:10:29","modified_gmt":"2025-08-21T12:10:29","slug":"surbaissee-osd","status":"publish","type":"page","link":"https:\/\/www.nooteboom.com\/fr\/surbaissee-osd\/","title":{"rendered":"Surbaiss\u00e9e OSD"},"content":{"rendered":"<div class=\"wpb-content-wrapper\"><p>[vc_row][vc_column][vc_column_text]<\/p>\n<h2><strong><img loading=\"lazy\" decoding=\"async\" class=\"size-full wp-image-1448 alignright\" src=\"https:\/\/www.nooteboom.com\/wp-content\/uploads\/Multitrailers.png\" alt=\"Multitrailers\" width=\"115\" height=\"115\" \/><\/strong><\/h2>\n<p><strong>Surbaiss\u00e9e OSD auto-vireur<\/strong><\/p>\n<p>Nooteboom peut adapter l&rsquo;OSD surbaiss\u00e9e pour r\u00e9pondre \u00e0 toutes les besoins du transporteur routier professionnel. Le programme OSD comprend une gamme extr\u00eamement large de surbaiss\u00e9es auto-vireur,disponibles dans de nombreuses versions pour les applications les plus diverses. Lorsque les options de l&rsquo;OSDS du programme SMART sont \u00e9puis\u00e9es, l&rsquo;OSD du programme PRO Nooteboom prend le relais.<\/p>\n<p>[\/vc_column_text][vc_column_text]<\/p>\n<ul>\n<li><strong>Conception robuste :<\/strong> structure simple avec peu de pi\u00e8ces mobiles et une fiabilit\u00e9 maximale.<\/li>\n<li><strong>Plateau extensible :<\/strong> utilisation flexible pour les machines longues ou les transports exceptionnels.<\/li>\n<li><strong>\u00c9largissement hydraulique du plancher :<\/strong> r\u00e9glable en continu de 2.540 mm \u00e0 3.210 mm, rapide, ergonomique et avec surface antid\u00e9rapante en caoutchouc.<\/li>\n<li><strong>Conforme \u00e0 la r\u00e9glementation :<\/strong> en position r\u00e9tract\u00e9e, la largeur reste dans les limites l\u00e9gales (2.550 mm), permettant aussi le transport de charges divisibles.<\/li>\n<\/ul>\n<p><strong>L\u2019OSD-73-04 est le choix intelligent pour transporter large et lourd, avec confort, contr\u00f4le et rentabilit\u00e9.<\/strong>[\/vc_column_text][\/vc_column][\/vc_row][vc_row][vc_column width=\u00a0\u00bb1\/2&Prime;][vc_column_text]<\/p>\n<h2>Surbaiss\u00e9e et ultra-surbaiss\u00e9e<\/h2>\n<p>L&rsquo;OSD Nooteboom comprend deux groupes de surbaiss\u00e9es avec diff\u00e9rentes hauteurs de plateau de chargement. Les semi-surbaiss\u00e9es OSD, avec une hauteur de plateau en charge standard d&rsquo;env. 88 cm en position route, sont disponibles en versions 10 t\/essieu ou 12 t\/essieu \u00e0 80 km\/h. Par ailleurs Nooteboom offre une semi-surbaiss\u00e9e OSD avec une hauteur de plateau ultra-basse d&rsquo;env. 78 cm en position route, avec des pneus extra-bas, qui sont techniquement adapt\u00e9s pour 8 t\/essieu \u00e0 80 km\/h.<\/p>\n<h2>Offre d&rsquo;options compl\u00e8te et sur-mesure<\/h2>\n<p>Avec une offre d&rsquo;options compl\u00e8te les dimensions et les \u00e9quipements de la surbaiss\u00e9e OSD peuvent \u00eatre adapt\u00e9s \u00e0 des applications sp\u00e9cifiques. En plus des options habituelles, Nooteboom peut \u00e9galement fournir des OSD sur-mesure. La surbaiss\u00e9e peut \u00eatre fabriqu\u00e9e pour r\u00e9pondre aux exigences sp\u00e9cifiques du client. La finition et la conservation sont d&rsquo;une qualit\u00e9 sup\u00e9rieure, le ch\u00e2ssis \u00e9tant enti\u00e8rement galvanis\u00e9 par pulv\u00e9risation thermique.[\/vc_column_text][\/vc_column][vc_column width=\u00a0\u00bb1\/2&Prime;][vc_single_image image=\u00a0\u00bb1628&Prime; img_size=\u00a0\u00bblarge\u00a0\u00bb][vc_single_image image=\u00a0\u00bb1692&Prime; img_size=\u00a0\u00bblarge\u00a0\u00bb][\/vc_column][\/vc_row][vc_row][vc_column]<div class=\"content hidden\">\n\n\t<\/p>\n<div class=\"wrapper\">\n<div class=\"more-detail__col more-detail__co--img\">\n<p>La surbaiss\u00e9e OSD est notamment disponible \u00e9quip\u00e9e de :<\/p>\n<ul>\n<li>2 \u00e0 5 essieux<\/li>\n<li>1 ou 2 essieu(x) auro-vireur(s)<\/li>\n<li>Col de cygne en versions 18 t ou 25 t<\/li>\n<li>Plateau de chargement fixe ou simple extensible<\/li>\n<li>Une suspension pneumatique ou une suspension hydropneumatique avec fonction de monte\/baisse<\/li>\n<li>Hauteur de plateau en charge en position route d&rsquo;env. 780 mm, avec des pneus 205\/65R17.5 et une charge technique par essieu de 8 t\/essieu \u00e0 80 km\/h<\/li>\n<li>Hauteur de plateau en charge en position route d&rsquo;env. 880 mm, avec des pneus 235\/75R17.5 ou 245\/70R17.5 et une charge technique par essieu de 10 t\/essieu ou 12 t\/essieu \u00e0 80 km\/h<\/li>\n<li>Essieux SAF ou BPW<\/li>\n<li>Entraxe de 1360 mm<\/li>\n<li>Largeur de plateau de 2520 mm ou 2740 mm<\/li>\n<li>Large gamme de rampes pour diff\u00e9rentes applications &#8211; avec un faible angle de mont\u00e9e et une jonction parfaite avec le plateau de chargement<\/li>\n<li>Diverses options ax\u00e9es sur l&rsquo;application comme des fosses \u00e0 bras de pelle et \u00e0 roues<\/li>\n<\/ul>\n<\/div>\n<\/div>\n<p>\n\n<\/div>\n\n<div class=\"vc_read_more print more\">\n\n\t\t\t<p>En savoir plus sur le Surbaiss\u00e9e OSD auto-vireur<\/p>\n\t\n\t<a href=\"#readmore\" data-less=\"Lire moins\" data-more=\"Lire la suite\" class=\"button\">\n\t\t<em>Lire la suite<\/em>\n\t\t<span class=\"fa fa-chevron-right\"><\/span>\n\t<\/a>\n\n<\/div>[\/vc_column][\/vc_row][vc_row][vc_column width=\u00a0\u00bb1\/2&Prime;]<div class=\"vc_contact\">\n\n\t\t\t<h3>Questions ou plus d'informations ?<\/h3>\n\t\n\t<p>Nous <a href=\"https:\/\/www.nooteboom.com\/fr\/fr\/contact\/\">contacter<\/a><\/p>\n\n\t\t\t<a target=\"\" href=\"https:\/\/www.nooteboom.com\/fr\/contact\/\" class=\"button\">\n\t\t\tTrouver votre interlocuteur\t\t\t<span class=\"fa fa-chevron-right\"><\/span>\n\t\t<\/a>\n\t\n<\/div>[\/vc_column][vc_column width=\u00a0\u00bb1\/2&Prime;][\/vc_column][\/vc_row]<\/p>\n<\/div>","protected":false},"excerpt":{"rendered":"[vc_row][vc_column][vc_column_text] Surbaiss\u00e9e OSD auto-vireur Nooteboom peut adapter l&rsquo;OSD surbaiss\u00e9e pour r\u00e9pondre \u00e0 toutes les besoins du transporteur routier professionnel. Le&#8230;","protected":false},"author":45,"featured_media":2699728,"parent":0,"menu_order":0,"comment_status":"closed","ping_status":"closed","template":"","meta":{"_acf_changed":false,"inline_featured_image":false,"footnotes":""},"class_list":["post-9480","page","type-page","status-publish","has-post-thumbnail","hentry"],"acf":[],"yoast_head":"<!-- This site is optimized with the Yoast SEO Premium plugin v25.7.1 (Yoast SEO v25.7) - https:\/\/yoast.com\/wordpress\/plugins\/seo\/ -->\n<title>Surbaiss\u00e9e OSD | Nooteboom Trailers<\/title>\n<meta name=\"description\" content=\"Nooteboom peut adapter l&#039;OSD surbaiss\u00e9e pour r\u00e9pondre \u00e0 toutes les besoins du transporteur routier professionnel.\" \/>\n<meta name=\"robots\" content=\"index, follow, max-snippet:-1, max-image-preview:large, max-video-preview:-1\" \/>\n<link rel=\"canonical\" href=\"https:\/\/www.nooteboom.com\/fr\/surbaissee-osd\/\" \/>\n<meta property=\"og:locale\" content=\"fr_FR\" \/>\n<meta property=\"og:type\" content=\"article\" \/>\n<meta property=\"og:title\" content=\"Surbaiss\u00e9e OSD\" \/>\n<meta property=\"og:description\" content=\"Nooteboom peut adapter l&#039;OSD surbaiss\u00e9e pour r\u00e9pondre \u00e0 toutes les besoins du transporteur routier professionnel.\" \/>\n<meta property=\"og:url\" content=\"https:\/\/www.nooteboom.com\/fr\/surbaissee-osd\/\" \/>\n<meta property=\"og:site_name\" content=\"Nooteboom Trailers\" \/>\n<meta property=\"article:publisher\" content=\"https:\/\/nl-nl.facebook.com\/nooteboomtrailers\/\" \/>\n<meta property=\"article:modified_time\" content=\"2025-08-21T12:10:29+00:00\" \/>\n<meta property=\"og:image\" content=\"https:\/\/www.nooteboom.com\/wp-content\/uploads\/osd7304.jpg\" \/>\n\t<meta property=\"og:image:width\" content=\"1850\" \/>\n\t<meta property=\"og:image:height\" content=\"1040\" \/>\n\t<meta property=\"og:image:type\" content=\"image\/jpeg\" \/>\n<meta name=\"twitter:card\" content=\"summary_large_image\" \/>\n<meta name=\"twitter:label1\" content=\"Dur\u00e9e de lecture estim\u00e9e\" \/>\n\t<meta name=\"twitter:data1\" content=\"3 minutes\" \/>\n<script type=\"application\/ld+json\" class=\"yoast-schema-graph\">{\"@context\":\"https:\/\/schema.org\",\"@graph\":[{\"@type\":\"WebPage\",\"@id\":\"https:\/\/www.nooteboom.com\/fr\/surbaissee-osd\/\",\"url\":\"https:\/\/www.nooteboom.com\/fr\/surbaissee-osd\/\",\"name\":\"Surbaiss\u00e9e OSD | Nooteboom Trailers\",\"isPartOf\":{\"@id\":\"https:\/\/www.nooteboom.com\/fr\/#website\"},\"primaryImageOfPage\":{\"@id\":\"https:\/\/www.nooteboom.com\/fr\/surbaissee-osd\/#primaryimage\"},\"image\":{\"@id\":\"https:\/\/www.nooteboom.com\/fr\/surbaissee-osd\/#primaryimage\"},\"thumbnailUrl\":\"https:\/\/www.nooteboom.com\/wp-content\/uploads\/osd7304.jpg\",\"datePublished\":\"2016-08-01T12:09:00+00:00\",\"dateModified\":\"2025-08-21T12:10:29+00:00\",\"description\":\"Nooteboom peut adapter l'OSD surbaiss\u00e9e pour r\u00e9pondre \u00e0 toutes les besoins du transporteur routier professionnel.\",\"breadcrumb\":{\"@id\":\"https:\/\/www.nooteboom.com\/fr\/surbaissee-osd\/#breadcrumb\"},\"inLanguage\":\"fr-FR\",\"potentialAction\":[{\"@type\":\"ReadAction\",\"target\":[\"https:\/\/www.nooteboom.com\/fr\/surbaissee-osd\/\"]}]},{\"@type\":\"ImageObject\",\"inLanguage\":\"fr-FR\",\"@id\":\"https:\/\/www.nooteboom.com\/fr\/surbaissee-osd\/#primaryimage\",\"url\":\"https:\/\/www.nooteboom.com\/wp-content\/uploads\/osd7304.jpg\",\"contentUrl\":\"https:\/\/www.nooteboom.com\/wp-content\/uploads\/osd7304.jpg\",\"width\":1850,\"height\":1040},{\"@type\":\"BreadcrumbList\",\"@id\":\"https:\/\/www.nooteboom.com\/fr\/surbaissee-osd\/#breadcrumb\",\"itemListElement\":[{\"@type\":\"ListItem\",\"position\":1,\"name\":\"Home\",\"item\":\"https:\/\/www.nooteboom.com\/fr\/\"},{\"@type\":\"ListItem\",\"position\":2,\"name\":\"Surbaiss\u00e9e OSD\"}]},{\"@type\":\"WebSite\",\"@id\":\"https:\/\/www.nooteboom.com\/fr\/#website\",\"url\":\"https:\/\/www.nooteboom.com\/fr\/\",\"name\":\"Nooteboom Trailers\",\"description\":\"Gets you there.\",\"publisher\":{\"@id\":\"https:\/\/www.nooteboom.com\/fr\/#organization\"},\"potentialAction\":[{\"@type\":\"SearchAction\",\"target\":{\"@type\":\"EntryPoint\",\"urlTemplate\":\"https:\/\/www.nooteboom.com\/fr\/?s={search_term_string}\"},\"query-input\":{\"@type\":\"PropertyValueSpecification\",\"valueRequired\":true,\"valueName\":\"search_term_string\"}}],\"inLanguage\":\"fr-FR\"},{\"@type\":\"Organization\",\"@id\":\"https:\/\/www.nooteboom.com\/fr\/#organization\",\"name\":\"Nooteboom Trailers\",\"url\":\"https:\/\/www.nooteboom.com\/fr\/\",\"logo\":{\"@type\":\"ImageObject\",\"inLanguage\":\"fr-FR\",\"@id\":\"https:\/\/www.nooteboom.com\/fr\/#\/schema\/logo\/image\/\",\"url\":\"https:\/\/www.nooteboom.com\/wp-content\/uploads\/logo.png\",\"contentUrl\":\"https:\/\/www.nooteboom.com\/wp-content\/uploads\/logo.png\",\"width\":111,\"height\":66,\"caption\":\"Nooteboom Trailers\"},\"image\":{\"@id\":\"https:\/\/www.nooteboom.com\/fr\/#\/schema\/logo\/image\/\"},\"sameAs\":[\"https:\/\/nl-nl.facebook.com\/nooteboomtrailers\/\",\"https:\/\/nl.linkedin.com\/company\/nooteboom-trailers\",\"https:\/\/www.youtube.com\/user\/Nooteboomtrailers\"]}]}<\/script>\n<!-- \/ Yoast SEO Premium plugin. -->","yoast_head_json":{"title":"Surbaiss\u00e9e OSD | Nooteboom Trailers","description":"Nooteboom peut adapter l'OSD surbaiss\u00e9e pour r\u00e9pondre \u00e0 toutes les besoins du transporteur routier professionnel.","robots":{"index":"index","follow":"follow","max-snippet":"max-snippet:-1","max-image-preview":"max-image-preview:large","max-video-preview":"max-video-preview:-1"},"canonical":"https:\/\/www.nooteboom.com\/fr\/surbaissee-osd\/","og_locale":"fr_FR","og_type":"article","og_title":"Surbaiss\u00e9e OSD","og_description":"Nooteboom peut adapter l'OSD surbaiss\u00e9e pour r\u00e9pondre \u00e0 toutes les besoins du transporteur routier professionnel.","og_url":"https:\/\/www.nooteboom.com\/fr\/surbaissee-osd\/","og_site_name":"Nooteboom Trailers","article_publisher":"https:\/\/nl-nl.facebook.com\/nooteboomtrailers\/","article_modified_time":"2025-08-21T12:10:29+00:00","og_image":[{"width":1850,"height":1040,"url":"https:\/\/www.nooteboom.com\/wp-content\/uploads\/osd7304.jpg","type":"image\/jpeg"}],"twitter_card":"summary_large_image","twitter_misc":{"Dur\u00e9e de lecture estim\u00e9e":"3 minutes"},"schema":{"@context":"https:\/\/schema.org","@graph":[{"@type":"WebPage","@id":"https:\/\/www.nooteboom.com\/fr\/surbaissee-osd\/","url":"https:\/\/www.nooteboom.com\/fr\/surbaissee-osd\/","name":"Surbaiss\u00e9e OSD | Nooteboom Trailers","isPartOf":{"@id":"https:\/\/www.nooteboom.com\/fr\/#website"},"primaryImageOfPage":{"@id":"https:\/\/www.nooteboom.com\/fr\/surbaissee-osd\/#primaryimage"},"image":{"@id":"https:\/\/www.nooteboom.com\/fr\/surbaissee-osd\/#primaryimage"},"thumbnailUrl":"https:\/\/www.nooteboom.com\/wp-content\/uploads\/osd7304.jpg","datePublished":"2016-08-01T12:09:00+00:00","dateModified":"2025-08-21T12:10:29+00:00","description":"Nooteboom peut adapter l'OSD surbaiss\u00e9e pour r\u00e9pondre \u00e0 toutes les besoins du transporteur routier professionnel.","breadcrumb":{"@id":"https:\/\/www.nooteboom.com\/fr\/surbaissee-osd\/#breadcrumb"},"inLanguage":"fr-FR","potentialAction":[{"@type":"ReadAction","target":["https:\/\/www.nooteboom.com\/fr\/surbaissee-osd\/"]}]},{"@type":"ImageObject","inLanguage":"fr-FR","@id":"https:\/\/www.nooteboom.com\/fr\/surbaissee-osd\/#primaryimage","url":"https:\/\/www.nooteboom.com\/wp-content\/uploads\/osd7304.jpg","contentUrl":"https:\/\/www.nooteboom.com\/wp-content\/uploads\/osd7304.jpg","width":1850,"height":1040},{"@type":"BreadcrumbList","@id":"https:\/\/www.nooteboom.com\/fr\/surbaissee-osd\/#breadcrumb","itemListElement":[{"@type":"ListItem","position":1,"name":"Home","item":"https:\/\/www.nooteboom.com\/fr\/"},{"@type":"ListItem","position":2,"name":"Surbaiss\u00e9e OSD"}]},{"@type":"WebSite","@id":"https:\/\/www.nooteboom.com\/fr\/#website","url":"https:\/\/www.nooteboom.com\/fr\/","name":"Nooteboom Trailers","description":"Gets you there.","publisher":{"@id":"https:\/\/www.nooteboom.com\/fr\/#organization"},"potentialAction":[{"@type":"SearchAction","target":{"@type":"EntryPoint","urlTemplate":"https:\/\/www.nooteboom.com\/fr\/?s={search_term_string}"},"query-input":{"@type":"PropertyValueSpecification","valueRequired":true,"valueName":"search_term_string"}}],"inLanguage":"fr-FR"},{"@type":"Organization","@id":"https:\/\/www.nooteboom.com\/fr\/#organization","name":"Nooteboom Trailers","url":"https:\/\/www.nooteboom.com\/fr\/","logo":{"@type":"ImageObject","inLanguage":"fr-FR","@id":"https:\/\/www.nooteboom.com\/fr\/#\/schema\/logo\/image\/","url":"https:\/\/www.nooteboom.com\/wp-content\/uploads\/logo.png","contentUrl":"https:\/\/www.nooteboom.com\/wp-content\/uploads\/logo.png","width":111,"height":66,"caption":"Nooteboom Trailers"},"image":{"@id":"https:\/\/www.nooteboom.com\/fr\/#\/schema\/logo\/image\/"},"sameAs":["https:\/\/nl-nl.facebook.com\/nooteboomtrailers\/","https:\/\/nl.linkedin.com\/company\/nooteboom-trailers","https:\/\/www.youtube.com\/user\/Nooteboomtrailers"]}]}},"_links":{"self":[{"href":"https:\/\/www.nooteboom.com\/fr\/wp-json\/wp\/v2\/pages\/9480","targetHints":{"allow":["GET"]}}],"collection":[{"href":"https:\/\/www.nooteboom.com\/fr\/wp-json\/wp\/v2\/pages"}],"about":[{"href":"https:\/\/www.nooteboom.com\/fr\/wp-json\/wp\/v2\/types\/page"}],"author":[{"embeddable":true,"href":"https:\/\/www.nooteboom.com\/fr\/wp-json\/wp\/v2\/users\/45"}],"replies":[{"embeddable":true,"href":"https:\/\/www.nooteboom.com\/fr\/wp-json\/wp\/v2\/comments?post=9480"}],"version-history":[{"count":4,"href":"https:\/\/www.nooteboom.com\/fr\/wp-json\/wp\/v2\/pages\/9480\/revisions"}],"predecessor-version":[{"id":2724265,"href":"https:\/\/www.nooteboom.com\/fr\/wp-json\/wp\/v2\/pages\/9480\/revisions\/2724265"}],"wp:featuredmedia":[{"embeddable":true,"href":"https:\/\/www.nooteboom.com\/fr\/wp-json\/wp\/v2\/media\/2699728"}],"wp:attachment":[{"href":"https:\/\/www.nooteboom.com\/fr\/wp-json\/wp\/v2\/media?parent=9480"}],"curies":[{"name":"wp","href":"https:\/\/api.w.org\/{rel}","templated":true}]}}