{"id":9458,"date":"2016-08-01T13:54:26","date_gmt":"2016-08-01T11:54:26","guid":{"rendered":"https:\/\/www.nooteboom.com\/?page_id=9458&#038;lang=fr"},"modified":"2026-02-09T11:14:52","modified_gmt":"2026-02-09T10:14:52","slug":"evenements","status":"publish","type":"page","link":"https:\/\/www.nooteboom.com\/fr\/medias\/evenements\/","title":{"rendered":"\u00c9v\u00e9nements"},"content":{"rendered":"<div class=\"wpb-content-wrapper\"><p>[vc_row][vc_column][vc_column_text]Dans le monde entier, Nooteboom participe r\u00e9guli\u00e8rement \u00e0 des salons commerciaux r\u00e9gionaux, nationaux et internationaux dans les domaines des transports, de la mobilit\u00e9 et de la construction. Au-del\u00e0 de ces salons professionels Nooteboom participe souvent \u00e0 des conf\u00e9rences et des \u00e9v\u00e9nements li\u00e9s \u00e0 un secteur sp\u00e9cifique (elle en organise \u00e9galement).[\/vc_column_text][\/vc_column][\/vc_row][vc_row][vc_column width=\u00a0\u00bb1\/2&Prime;][vc_single_image image=\u00a0\u00bb1209&Prime; img_size=\u00a0\u00bblarge\u00a0\u00bb][\/vc_column][vc_column width=\u00a0\u00bb1\/2&Prime;][vc_column_text]<\/p>\n<table style=\"height: 438px; width: 100%; border-collapse: collapse; border-color: #e8e8e8;\" border=\"1\" cellspacing=\"2\">\n<tbody>\n<tr style=\"height: 48px;\">\n<td style=\"width: 10.6719%; vertical-align: top; height: 48px; text-align: left;\"><span style=\"font-size: 10pt; color: #000000;\">Modelshow Europe<\/span><\/td>\n<td style=\"width: 15.8929%; vertical-align: top; height: 48px; text-align: left;\"><span style=\"font-size: 10pt; color: #000000;\">14 March<\/span><\/td>\n<td style=\"width: 7.21112%; vertical-align: top; height: 48px; text-align: left;\"><span style=\"font-size: 10pt; color: #000000;\">2026<\/span><\/td>\n<td style=\"width: 8.94876%; vertical-align: top; height: 48px; text-align: left;\"><span style=\"font-size: 10pt; color: #000000;\">Ede<\/span><\/td>\n<td style=\"width: 12.4705%; vertical-align: top; height: 48px; text-align: left;\"><span style=\"font-size: 10pt; color: #000000;\">Netherlands<\/span><\/td>\n<td style=\"width: 5.15152%; vertical-align: top; height: 48px; text-align: left;\"><img loading=\"lazy\" decoding=\"async\" class=\"alignnone size-full wp-image-1979413\" src=\"https:\/\/www.nooteboom.com\/wp-content\/uploads\/Netherlands-flag.png\" alt=\"Netherlands-flag\" width=\"48\" height=\"48\" \/><\/td>\n<\/tr>\n<tr style=\"height: 48px;\">\n<td style=\"width: 10.6719%; vertical-align: top; height: 48px; text-align: left;\"><span style=\"font-size: 10pt; color: #000000;\">Smopyc<\/span><\/td>\n<td style=\"width: 15.8929%; vertical-align: top; height: 48px; text-align: left;\"><span style=\"font-size: 10pt; color: #000000;\">15-18 April<\/span><\/td>\n<td style=\"width: 7.21112%; vertical-align: top; height: 48px; text-align: left;\"><span style=\"font-size: 10pt; color: #000000;\">2026<\/span><\/td>\n<td style=\"width: 8.94876%; vertical-align: top; height: 48px; text-align: left;\"><span style=\"font-size: 10pt; color: #000000;\">Zaragoza<\/span><\/td>\n<td style=\"width: 12.4705%; vertical-align: top; height: 48px; text-align: left;\"><span style=\"font-size: 10pt; color: #000000;\">Spain<\/span><\/td>\n<td style=\"width: 5.15152%; vertical-align: top; height: 48px; text-align: left;\"><img loading=\"lazy\" decoding=\"async\" class=\"alignnone size-full wp-image-1979395\" src=\"https:\/\/www.nooteboom.com\/wp-content\/uploads\/Spain-flag.png\" alt=\"Spain-flag\" width=\"48\" height=\"48\" \/><\/td>\n<\/tr>\n<tr style=\"height: 24px;\">\n<td style=\"width: 10.6719%; vertical-align: top; height: 24px; text-align: left;\"><span style=\"font-size: 10pt; color: #000000;\">Scotplant<\/span><\/td>\n<td style=\"width: 15.8929%; vertical-align: top; height: 24px; text-align: left;\"><span style=\"font-size: 10pt; color: #000000;\">24-25 April<\/span><\/td>\n<td style=\"width: 7.21112%; vertical-align: top; height: 24px; text-align: left;\"><span style=\"font-size: 10pt; color: #000000;\">2026<\/span><\/td>\n<td style=\"width: 8.94876%; vertical-align: top; height: 24px; text-align: left;\"><span style=\"font-size: 10pt; color: #000000;\">Edinburgh<\/span><\/td>\n<td style=\"width: 12.4705%; vertical-align: top; height: 24px; text-align: left;\"><span style=\"font-size: 10pt; color: #000000;\">United Kingdom<\/span><\/td>\n<td style=\"width: 5.15152%; vertical-align: top; height: 24px; text-align: left;\"><img loading=\"lazy\" decoding=\"async\" class=\"alignnone size-full wp-image-1979401\" src=\"https:\/\/www.nooteboom.com\/wp-content\/uploads\/Scotland-1.png\" alt=\"Scotland-flag\" width=\"48\" height=\"48\" \/><\/td>\n<\/tr>\n<tr>\n<td style=\"width: 10.6719%; vertical-align: top; text-align: left;\"><span style=\"font-size: 10pt; color: #000000;\">Kipperevent<\/span><\/td>\n<td style=\"width: 15.8929%; vertical-align: top; text-align: left;\"><span style=\"font-size: 10pt; color: #000000;\">5-6 June<\/span><\/td>\n<td style=\"width: 7.21112%; vertical-align: top; text-align: left;\"><span style=\"font-size: 10pt; color: #000000;\">2026<\/span><\/td>\n<td style=\"width: 8.94876%; vertical-align: top; text-align: left;\"><span style=\"font-size: 10pt; color: #000000;\">Strand Nulde<\/span><\/td>\n<td style=\"width: 12.4705%; vertical-align: top; text-align: left;\"><span style=\"font-size: 10pt; color: #000000;\">Netherlands<\/span><\/td>\n<td style=\"width: 5.15152%; vertical-align: top; text-align: left;\"><img loading=\"lazy\" decoding=\"async\" class=\"alignnone size-full wp-image-1979413\" src=\"https:\/\/www.nooteboom.com\/wp-content\/uploads\/Netherlands-flag.png\" alt=\"Netherlands-flag\" width=\"48\" height=\"48\" \/><\/td>\n<\/tr>\n<tr>\n<td style=\"width: 10.6719%; vertical-align: top; text-align: left;\"><span style=\"font-size: 10pt; color: #000000;\">Hillhead<\/span><\/td>\n<td style=\"width: 15.8929%; vertical-align: top; text-align: left;\"><span style=\"font-size: 10pt; color: #000000;\">23-25 June<\/span><\/td>\n<td style=\"width: 7.21112%; vertical-align: top; text-align: left;\"><span style=\"font-size: 10pt; color: #000000;\">2026<\/span><\/td>\n<td style=\"width: 8.94876%; vertical-align: top; text-align: left;\"><span style=\"font-size: 10pt; color: #000000;\">Buxton<\/span><\/td>\n<td style=\"width: 12.4705%; vertical-align: top; text-align: left;\"><span style=\"font-size: 10pt; color: #000000;\">United Kingdom<\/span><\/td>\n<td style=\"width: 5.15152%; vertical-align: top; text-align: left;\"><img loading=\"lazy\" decoding=\"async\" class=\"alignnone size-full wp-image-1979389\" src=\"https:\/\/www.nooteboom.com\/wp-content\/uploads\/United-kingdom-flag.png\" alt=\"United-kingdom-flag\" width=\"48\" height=\"48\" \/><\/td>\n<\/tr>\n<tr style=\"height: 48px;\">\n<td style=\"width: 10.6719%; vertical-align: top; height: 48px; text-align: left;\"><span style=\"font-size: 10pt; color: #000000;\">Matexpo Demodays<\/span><\/td>\n<td style=\"width: 15.8929%; vertical-align: top; height: 48px; text-align: left;\"><span style=\"font-size: 10pt; color: #000000;\">4-5-6 September<\/span><\/td>\n<td style=\"width: 7.21112%; vertical-align: top; height: 48px; text-align: left;\"><span style=\"font-size: 10pt; color: #000000;\">2026<\/span><\/td>\n<td style=\"width: 8.94876%; vertical-align: top; height: 48px; text-align: left;\"><span style=\"font-size: 10pt; color: #000000;\">Bousu<\/span><\/td>\n<td style=\"width: 12.4705%; vertical-align: top; height: 48px; text-align: left;\"><span style=\"font-size: 10pt; color: #000000;\">Belgium<\/span><\/td>\n<td style=\"width: 5.15152%; vertical-align: top; height: 48px; text-align: left;\"><img loading=\"lazy\" decoding=\"async\" class=\"alignnone size-full wp-image-1979455\" src=\"https:\/\/www.nooteboom.com\/wp-content\/uploads\/Belgium-flag.png\" alt=\"Belgium-flag\" width=\"48\" height=\"48\" \/><\/td>\n<\/tr>\n<tr style=\"height: 48px;\">\n<td style=\"width: 10.6719%; vertical-align: top; height: 48px; text-align: left;\"><span style=\"font-size: 10pt; color: #000000;\">IAA<\/span><\/td>\n<td style=\"width: 15.8929%; vertical-align: top; height: 48px; text-align: left;\"><span style=\"font-size: 10pt; color: #000000;\">15-20 September<\/span><\/td>\n<td style=\"width: 7.21112%; vertical-align: top; height: 48px; text-align: left;\"><span style=\"font-size: 10pt; color: #000000;\">2026<\/span><\/td>\n<td style=\"width: 8.94876%; vertical-align: top; height: 48px; text-align: left;\"><span style=\"font-size: 10pt; color: #000000;\">Hannover<\/span><\/td>\n<td style=\"width: 12.4705%; vertical-align: top; height: 48px; text-align: left;\"><span style=\"font-size: 10pt; color: #000000;\">Germany<\/span><\/td>\n<td style=\"width: 5.15152%; vertical-align: top; height: 48px; text-align: left;\"><img loading=\"lazy\" decoding=\"async\" class=\"alignnone size-full wp-image-1979425\" src=\"https:\/\/www.nooteboom.com\/wp-content\/uploads\/Germany-flag.png\" alt=\"Germany-flag\" width=\"48\" height=\"48\" \/><\/td>\n<\/tr>\n<tr style=\"height: 39px;\">\n<td style=\"width: 10.6719%; vertical-align: top; height: 39px; text-align: left;\"><span style=\"font-size: 10pt; color: #000000;\">Mack &amp; Speciaaltransportdag<\/span><\/td>\n<td style=\"width: 15.8929%; vertical-align: top; height: 39px; text-align: left;\"><span style=\"font-size: 10pt; color: #000000;\">to be announced<\/span><\/td>\n<td style=\"width: 7.21112%; vertical-align: top; height: 39px; text-align: left;\"><span style=\"font-size: 10pt; color: #000000;\">2026<\/span><\/td>\n<td style=\"width: 8.94876%; vertical-align: top; height: 39px; text-align: left;\"><span style=\"font-size: 10pt; color: #000000;\">Soesterberg<\/span><\/td>\n<td style=\"width: 12.4705%; vertical-align: top; height: 39px; text-align: left;\"><span style=\"font-size: 10pt; color: #000000;\">Netherlands<\/span><\/td>\n<td style=\"width: 5.15152%; height: 39px; text-align: left; vertical-align: top;\">\u00a0<img loading=\"lazy\" decoding=\"async\" class=\"size-full wp-image-1979413 alignleft\" src=\"https:\/\/www.nooteboom.com\/wp-content\/uploads\/Netherlands-flag.png\" alt=\"Netherlands-flag\" width=\"48\" height=\"48\" \/><\/td>\n<\/tr>\n<\/tbody>\n<\/table>\n<p>[\/vc_column_text][vc_empty_space][\/vc_column][\/vc_row]<\/p>\n<\/div>","protected":false},"excerpt":{"rendered":"[vc_row][vc_column][vc_column_text]Dans le monde entier, Nooteboom participe r\u00e9guli\u00e8rement \u00e0 des salons commerciaux r\u00e9gionaux, nationaux et internationaux dans les domaines des transports,&#8230;","protected":false},"author":45,"featured_media":13597,"parent":9456,"menu_order":5,"comment_status":"closed","ping_status":"closed","template":"","meta":{"_acf_changed":false,"inline_featured_image":false,"footnotes":""},"class_list":["post-9458","page","type-page","status-publish","has-post-thumbnail","hentry"],"acf":[],"yoast_head":"<!-- This site is optimized with the Yoast SEO Premium plugin v25.7.1 (Yoast SEO v25.7) - https:\/\/yoast.com\/wordpress\/plugins\/seo\/ -->\n<title>\u00c9v\u00e9nements | Nooteboom Trailers<\/title>\n<meta name=\"description\" content=\"Dans le monde entier, Nooteboom participe r\u00e9guli\u00e8rement \u00e0 des salons commerciaux r\u00e9gionaux, nationaux et internationaux\" \/>\n<meta name=\"robots\" content=\"index, follow, max-snippet:-1, max-image-preview:large, max-video-preview:-1\" \/>\n<link rel=\"canonical\" href=\"https:\/\/www.nooteboom.com\/fr\/medias\/evenements\/\" \/>\n<meta property=\"og:locale\" content=\"fr_FR\" \/>\n<meta property=\"og:type\" content=\"article\" \/>\n<meta property=\"og:title\" content=\"\u00c9v\u00e9nements\" \/>\n<meta property=\"og:description\" content=\"Dans le monde entier, Nooteboom participe r\u00e9guli\u00e8rement \u00e0 des salons commerciaux r\u00e9gionaux, nationaux et internationaux\" \/>\n<meta property=\"og:url\" content=\"https:\/\/www.nooteboom.com\/fr\/medias\/evenements\/\" \/>\n<meta property=\"og:site_name\" content=\"Nooteboom Trailers\" \/>\n<meta property=\"article:publisher\" content=\"https:\/\/nl-nl.facebook.com\/nooteboomtrailers\/\" \/>\n<meta property=\"article:modified_time\" content=\"2026-02-09T10:14:52+00:00\" \/>\n<meta property=\"og:image\" content=\"https:\/\/www.nooteboom.com\/wp-content\/uploads\/IMG_2854.jpg\" \/>\n\t<meta property=\"og:image:width\" content=\"2500\" \/>\n\t<meta property=\"og:image:height\" content=\"1875\" \/>\n\t<meta property=\"og:image:type\" content=\"image\/jpeg\" \/>\n<meta name=\"twitter:card\" content=\"summary_large_image\" \/>\n<meta name=\"twitter:label1\" content=\"Dur\u00e9e de lecture estim\u00e9e\" \/>\n\t<meta name=\"twitter:data1\" content=\"3 minutes\" \/>\n<script type=\"application\/ld+json\" class=\"yoast-schema-graph\">{\"@context\":\"https:\/\/schema.org\",\"@graph\":[{\"@type\":\"WebPage\",\"@id\":\"https:\/\/www.nooteboom.com\/fr\/medias\/evenements\/\",\"url\":\"https:\/\/www.nooteboom.com\/fr\/medias\/evenements\/\",\"name\":\"\u00c9v\u00e9nements | Nooteboom Trailers\",\"isPartOf\":{\"@id\":\"https:\/\/www.nooteboom.com\/fr\/#website\"},\"primaryImageOfPage\":{\"@id\":\"https:\/\/www.nooteboom.com\/fr\/medias\/evenements\/#primaryimage\"},\"image\":{\"@id\":\"https:\/\/www.nooteboom.com\/fr\/medias\/evenements\/#primaryimage\"},\"thumbnailUrl\":\"https:\/\/www.nooteboom.com\/wp-content\/uploads\/IMG_2854.jpg\",\"datePublished\":\"2016-08-01T11:54:26+00:00\",\"dateModified\":\"2026-02-09T10:14:52+00:00\",\"description\":\"Dans le monde entier, Nooteboom participe r\u00e9guli\u00e8rement \u00e0 des salons commerciaux r\u00e9gionaux, nationaux et internationaux\",\"breadcrumb\":{\"@id\":\"https:\/\/www.nooteboom.com\/fr\/medias\/evenements\/#breadcrumb\"},\"inLanguage\":\"fr-FR\",\"potentialAction\":[{\"@type\":\"ReadAction\",\"target\":[\"https:\/\/www.nooteboom.com\/fr\/medias\/evenements\/\"]}]},{\"@type\":\"ImageObject\",\"inLanguage\":\"fr-FR\",\"@id\":\"https:\/\/www.nooteboom.com\/fr\/medias\/evenements\/#primaryimage\",\"url\":\"https:\/\/www.nooteboom.com\/wp-content\/uploads\/IMG_2854.jpg\",\"contentUrl\":\"https:\/\/www.nooteboom.com\/wp-content\/uploads\/IMG_2854.jpg\",\"width\":2500,\"height\":1875},{\"@type\":\"BreadcrumbList\",\"@id\":\"https:\/\/www.nooteboom.com\/fr\/medias\/evenements\/#breadcrumb\",\"itemListElement\":[{\"@type\":\"ListItem\",\"position\":1,\"name\":\"Home\",\"item\":\"https:\/\/www.nooteboom.com\/fr\/\"},{\"@type\":\"ListItem\",\"position\":2,\"name\":\"M\u00e9dias\",\"item\":\"https:\/\/www.nooteboom.com\/fr\/medias\/\"},{\"@type\":\"ListItem\",\"position\":3,\"name\":\"\u00c9v\u00e9nements\"}]},{\"@type\":\"WebSite\",\"@id\":\"https:\/\/www.nooteboom.com\/fr\/#website\",\"url\":\"https:\/\/www.nooteboom.com\/fr\/\",\"name\":\"Nooteboom Trailers\",\"description\":\"Gets you there.\",\"publisher\":{\"@id\":\"https:\/\/www.nooteboom.com\/fr\/#organization\"},\"potentialAction\":[{\"@type\":\"SearchAction\",\"target\":{\"@type\":\"EntryPoint\",\"urlTemplate\":\"https:\/\/www.nooteboom.com\/fr\/?s={search_term_string}\"},\"query-input\":{\"@type\":\"PropertyValueSpecification\",\"valueRequired\":true,\"valueName\":\"search_term_string\"}}],\"inLanguage\":\"fr-FR\"},{\"@type\":\"Organization\",\"@id\":\"https:\/\/www.nooteboom.com\/fr\/#organization\",\"name\":\"Nooteboom Trailers\",\"url\":\"https:\/\/www.nooteboom.com\/fr\/\",\"logo\":{\"@type\":\"ImageObject\",\"inLanguage\":\"fr-FR\",\"@id\":\"https:\/\/www.nooteboom.com\/fr\/#\/schema\/logo\/image\/\",\"url\":\"https:\/\/www.nooteboom.com\/wp-content\/uploads\/logo.png\",\"contentUrl\":\"https:\/\/www.nooteboom.com\/wp-content\/uploads\/logo.png\",\"width\":111,\"height\":66,\"caption\":\"Nooteboom Trailers\"},\"image\":{\"@id\":\"https:\/\/www.nooteboom.com\/fr\/#\/schema\/logo\/image\/\"},\"sameAs\":[\"https:\/\/nl-nl.facebook.com\/nooteboomtrailers\/\",\"https:\/\/nl.linkedin.com\/company\/nooteboom-trailers\",\"https:\/\/www.youtube.com\/user\/Nooteboomtrailers\"]}]}<\/script>\n<!-- \/ Yoast SEO Premium plugin. -->","yoast_head_json":{"title":"\u00c9v\u00e9nements | Nooteboom Trailers","description":"Dans le monde entier, Nooteboom participe r\u00e9guli\u00e8rement \u00e0 des salons commerciaux r\u00e9gionaux, nationaux et internationaux","robots":{"index":"index","follow":"follow","max-snippet":"max-snippet:-1","max-image-preview":"max-image-preview:large","max-video-preview":"max-video-preview:-1"},"canonical":"https:\/\/www.nooteboom.com\/fr\/medias\/evenements\/","og_locale":"fr_FR","og_type":"article","og_title":"\u00c9v\u00e9nements","og_description":"Dans le monde entier, Nooteboom participe r\u00e9guli\u00e8rement \u00e0 des salons commerciaux r\u00e9gionaux, nationaux et internationaux","og_url":"https:\/\/www.nooteboom.com\/fr\/medias\/evenements\/","og_site_name":"Nooteboom Trailers","article_publisher":"https:\/\/nl-nl.facebook.com\/nooteboomtrailers\/","article_modified_time":"2026-02-09T10:14:52+00:00","og_image":[{"width":2500,"height":1875,"url":"https:\/\/www.nooteboom.com\/wp-content\/uploads\/IMG_2854.jpg","type":"image\/jpeg"}],"twitter_card":"summary_large_image","twitter_misc":{"Dur\u00e9e de lecture estim\u00e9e":"3 minutes"},"schema":{"@context":"https:\/\/schema.org","@graph":[{"@type":"WebPage","@id":"https:\/\/www.nooteboom.com\/fr\/medias\/evenements\/","url":"https:\/\/www.nooteboom.com\/fr\/medias\/evenements\/","name":"\u00c9v\u00e9nements | Nooteboom Trailers","isPartOf":{"@id":"https:\/\/www.nooteboom.com\/fr\/#website"},"primaryImageOfPage":{"@id":"https:\/\/www.nooteboom.com\/fr\/medias\/evenements\/#primaryimage"},"image":{"@id":"https:\/\/www.nooteboom.com\/fr\/medias\/evenements\/#primaryimage"},"thumbnailUrl":"https:\/\/www.nooteboom.com\/wp-content\/uploads\/IMG_2854.jpg","datePublished":"2016-08-01T11:54:26+00:00","dateModified":"2026-02-09T10:14:52+00:00","description":"Dans le monde entier, Nooteboom participe r\u00e9guli\u00e8rement \u00e0 des salons commerciaux r\u00e9gionaux, nationaux et internationaux","breadcrumb":{"@id":"https:\/\/www.nooteboom.com\/fr\/medias\/evenements\/#breadcrumb"},"inLanguage":"fr-FR","potentialAction":[{"@type":"ReadAction","target":["https:\/\/www.nooteboom.com\/fr\/medias\/evenements\/"]}]},{"@type":"ImageObject","inLanguage":"fr-FR","@id":"https:\/\/www.nooteboom.com\/fr\/medias\/evenements\/#primaryimage","url":"https:\/\/www.nooteboom.com\/wp-content\/uploads\/IMG_2854.jpg","contentUrl":"https:\/\/www.nooteboom.com\/wp-content\/uploads\/IMG_2854.jpg","width":2500,"height":1875},{"@type":"BreadcrumbList","@id":"https:\/\/www.nooteboom.com\/fr\/medias\/evenements\/#breadcrumb","itemListElement":[{"@type":"ListItem","position":1,"name":"Home","item":"https:\/\/www.nooteboom.com\/fr\/"},{"@type":"ListItem","position":2,"name":"M\u00e9dias","item":"https:\/\/www.nooteboom.com\/fr\/medias\/"},{"@type":"ListItem","position":3,"name":"\u00c9v\u00e9nements"}]},{"@type":"WebSite","@id":"https:\/\/www.nooteboom.com\/fr\/#website","url":"https:\/\/www.nooteboom.com\/fr\/","name":"Nooteboom Trailers","description":"Gets you there.","publisher":{"@id":"https:\/\/www.nooteboom.com\/fr\/#organization"},"potentialAction":[{"@type":"SearchAction","target":{"@type":"EntryPoint","urlTemplate":"https:\/\/www.nooteboom.com\/fr\/?s={search_term_string}"},"query-input":{"@type":"PropertyValueSpecification","valueRequired":true,"valueName":"search_term_string"}}],"inLanguage":"fr-FR"},{"@type":"Organization","@id":"https:\/\/www.nooteboom.com\/fr\/#organization","name":"Nooteboom Trailers","url":"https:\/\/www.nooteboom.com\/fr\/","logo":{"@type":"ImageObject","inLanguage":"fr-FR","@id":"https:\/\/www.nooteboom.com\/fr\/#\/schema\/logo\/image\/","url":"https:\/\/www.nooteboom.com\/wp-content\/uploads\/logo.png","contentUrl":"https:\/\/www.nooteboom.com\/wp-content\/uploads\/logo.png","width":111,"height":66,"caption":"Nooteboom Trailers"},"image":{"@id":"https:\/\/www.nooteboom.com\/fr\/#\/schema\/logo\/image\/"},"sameAs":["https:\/\/nl-nl.facebook.com\/nooteboomtrailers\/","https:\/\/nl.linkedin.com\/company\/nooteboom-trailers","https:\/\/www.youtube.com\/user\/Nooteboomtrailers"]}]}},"_links":{"self":[{"href":"https:\/\/www.nooteboom.com\/fr\/wp-json\/wp\/v2\/pages\/9458","targetHints":{"allow":["GET"]}}],"collection":[{"href":"https:\/\/www.nooteboom.com\/fr\/wp-json\/wp\/v2\/pages"}],"about":[{"href":"https:\/\/www.nooteboom.com\/fr\/wp-json\/wp\/v2\/types\/page"}],"author":[{"embeddable":true,"href":"https:\/\/www.nooteboom.com\/fr\/wp-json\/wp\/v2\/users\/45"}],"replies":[{"embeddable":true,"href":"https:\/\/www.nooteboom.com\/fr\/wp-json\/wp\/v2\/comments?post=9458"}],"version-history":[{"count":62,"href":"https:\/\/www.nooteboom.com\/fr\/wp-json\/wp\/v2\/pages\/9458\/revisions"}],"predecessor-version":[{"id":3122592,"href":"https:\/\/www.nooteboom.com\/fr\/wp-json\/wp\/v2\/pages\/9458\/revisions\/3122592"}],"up":[{"embeddable":true,"href":"https:\/\/www.nooteboom.com\/fr\/wp-json\/wp\/v2\/pages\/9456"}],"wp:featuredmedia":[{"embeddable":true,"href":"https:\/\/www.nooteboom.com\/fr\/wp-json\/wp\/v2\/media\/13597"}],"wp:attachment":[{"href":"https:\/\/www.nooteboom.com\/fr\/wp-json\/wp\/v2\/media?parent=9458"}],"curies":[{"name":"wp","href":"https:\/\/api.w.org\/{rel}","templated":true}]}}