{"id":9453,"date":"2016-08-01T13:51:54","date_gmt":"2016-08-01T11:51:54","guid":{"rendered":"https:\/\/www.nooteboom.com\/?page_id=9453&#038;lang=fr"},"modified":"2016-08-18T13:38:31","modified_gmt":"2016-08-18T11:38:31","slug":"merchandising","status":"publish","type":"page","link":"https:\/\/www.nooteboom.com\/fr\/merchandising\/","title":{"rendered":"Merchandising"},"content":{"rendered":"<div class=\"wpb-content-wrapper\"><p>[vc_row][vc_column width=\u00a0\u00bb1\/2&Prime;][vc_column_text]Visitez notre boutique en ligne et d\u00e9couvrez notre gamme de mod\u00e8les r\u00e9duits r\u00e9alistes Nooteboom (1:50\u00e8me et 1:87\u00e8me), des livres, des DVD, des articles de collection et des v\u00eatements de loisir.<\/p>\n<p>Pour les collectionneurs et les fans de transport exceptionnels.<\/p>\n<p>Robuste et r\u00e9sistant. Livraison dans les deux jours, avec service de suivi et de localisation de votre colis.Paiement s\u00e9curis\u00e9 par carte de cr\u00e9dit, iDeal, PayPal ou par virement bancaire.<\/p>\n<p><a class=\"button\" href=\"https:\/\/www.nooteboomshop.com\">www.nooteboomshop.com<\/a>[\/vc_column_text][\/vc_column][vc_column width=\u00a0\u00bb1\/2&Prime;][vc_single_image image=\u00a0\u00bb1603&Prime; img_size=\u00a0\u00bblarge\u00a0\u00bb][\/vc_column][\/vc_row][vc_row][vc_column width=\u00a0\u00bb1\/4&Prime;]<div class=\"vc_teaser\">\n\n\t\n\t\t<div onclick=\"window.location.href='https:\/\/www.nooteboomshop.com\/fr\/scale-models';\" class=\"vc_teaser__inner clickable\">\n\n\t\t\t\t\t\t\t<figure>\n\t\t\t\t\t<img\n\t\t\t\t\t\t\tsrc=\"https:\/\/www.nooteboom.com\/wp-content\/uploads\/Scalemodels-500x333.jpg\"\n\t\t\t\t\t\t\talt=\"Merchandising\"\n\t\t\t\t\t\t\t\t\t\t\t\t\tsrcset=\"https:\/\/www.nooteboom.com\/wp-content\/uploads\/Scalemodels-300x199.jpg 300w,https:\/\/www.nooteboom.com\/wp-content\/uploads\/Scalemodels-768x511.jpg 768w,https:\/\/www.nooteboom.com\/wp-content\/uploads\/Scalemodels-1024x681.jpg 1024w\"\n\t\t\t\t\t\t\tsizes=\"(max-width: 500px) 100vw, 500px\"\n\t\t\t\t\t\t\t\t\t\t\t>\n\t\t\t\t<\/figure>\n\t\t\t\n\t\t\t\t\t\t\t<a href=\"https:\/\/www.nooteboomshop.com\/fr\/scale-models\" target=\"\"\n\t\t\t\t   title=\"Mod\u00e8les r\u00e9duits\" class=\"button red\">\n\t\t\t\t\tMod\u00e8les r\u00e9duits\t\t\t\t\t<span class=\"fa fa-chevron-right\"><\/span>\n\t\t\t\t<\/a>\n\t\t\t\n\t\t<\/div>\n\n\t\n<\/div>[vc_column_text]Tous les mod\u00e8les Nooteboom \u00e0 l&rsquo;\u00e9chelle de 1:50<sup>\u00e8me<\/sup> ou 1:87\u00e8me. Comprend la Red Line Nooteboom et les \u00e9ditions limit\u00e9es, disponibles avec des accessoires r\u00e9alistes et la charge.\u00a0Les mod\u00e8les sont tr\u00e8s d\u00e9taill\u00e9s.\u00a0 Livr\u00e9s dans un emballage cadeau luxueux.[\/vc_column_text][\/vc_column][vc_column width=\u00a0\u00bb1\/4&Prime;]<div class=\"vc_teaser\">\n\n\t\n\t\t<div onclick=\"window.location.href='https:\/\/www.nooteboomshop.com\/fr\/books-movies';\" class=\"vc_teaser__inner clickable\">\n\n\t\t\t\t\t\t\t<figure>\n\t\t\t\t\t<img\n\t\t\t\t\t\t\tsrc=\"https:\/\/www.nooteboom.com\/wp-content\/uploads\/books-500x333.jpg\"\n\t\t\t\t\t\t\talt=\"Merchandising\"\n\t\t\t\t\t\t\t\t\t\t\t\t\tsrcset=\"https:\/\/www.nooteboom.com\/wp-content\/uploads\/books-300x199.jpg 300w,https:\/\/www.nooteboom.com\/wp-content\/uploads\/books-768x511.jpg 768w,https:\/\/www.nooteboom.com\/wp-content\/uploads\/books-1024x681.jpg 1024w\"\n\t\t\t\t\t\t\tsizes=\"(max-width: 500px) 100vw, 500px\"\n\t\t\t\t\t\t\t\t\t\t\t>\n\t\t\t\t<\/figure>\n\t\t\t\n\t\t\t\t\t\t\t<a href=\"https:\/\/www.nooteboomshop.com\/fr\/books-movies\" target=\"\"\n\t\t\t\t   title=\"Books & DVD's\" class=\"button red\">\n\t\t\t\t\tLivres et DVD\t\t\t\t\t<span class=\"fa fa-chevron-right\"><\/span>\n\t\t\t\t<\/a>\n\t\t\t\n\t\t<\/div>\n\n\t\n<\/div>[vc_column_text]D\u00e9couvrez le monde du transport exceptionnel. Vous voulez en savoir plus sur les remorques et les charges qu&rsquo;elles peuvent transporter ? Plongez-vous dans ce monde avec nos DVD et nos livres, y compris la s\u00e9rie Giants on the Road.[\/vc_column_text][\/vc_column][vc_column width=\u00a0\u00bb1\/4&Prime;]<div class=\"vc_teaser\">\n\n\t\n\t\t<div onclick=\"window.location.href='https:\/\/www.nooteboomshop.com\/fr\/leisure-wear';\" class=\"vc_teaser__inner clickable\">\n\n\t\t\t\t\t\t\t<figure>\n\t\t\t\t\t<img\n\t\t\t\t\t\t\tsrc=\"https:\/\/www.nooteboom.com\/wp-content\/uploads\/Leisurewear-500x333.jpg\"\n\t\t\t\t\t\t\talt=\"Merchandising\"\n\t\t\t\t\t\t\t\t\t\t\t\t\tsrcset=\"https:\/\/www.nooteboom.com\/wp-content\/uploads\/Leisurewear-300x199.jpg 300w,https:\/\/www.nooteboom.com\/wp-content\/uploads\/Leisurewear-768x511.jpg 768w,https:\/\/www.nooteboom.com\/wp-content\/uploads\/Leisurewear-1024x681.jpg 1024w\"\n\t\t\t\t\t\t\tsizes=\"(max-width: 500px) 100vw, 500px\"\n\t\t\t\t\t\t\t\t\t\t\t>\n\t\t\t\t<\/figure>\n\t\t\t\n\t\t\t\t\t\t\t<a href=\"https:\/\/www.nooteboomshop.com\/fr\/leisure-wear\" target=\"\"\n\t\t\t\t   title=\"Casual wear\" class=\"button red\">\n\t\t\t\t\tV\u00eatements de loisir\t\t\t\t\t<span class=\"fa fa-chevron-right\"><\/span>\n\t\t\t\t<\/a>\n\t\t\t\n\t\t<\/div>\n\n\t\n<\/div>[vc_column_text]La gamme de v\u00eatements Nooteboom comprend des manteaux, des pantalons, des polos et des T-shirts.\u00a0 Une gamme r\u00e9sistante et utile. Pratiques, confortables et reconnaissables.[\/vc_column_text][\/vc_column][vc_column width=\u00a0\u00bb1\/4&Prime;]<div class=\"vc_teaser\">\n\n\t\n\t\t<div onclick=\"window.location.href='https:\/\/www.nooteboomshop.com\/fr\/accessories';\" class=\"vc_teaser__inner clickable\">\n\n\t\t\t\t\t\t\t<figure>\n\t\t\t\t\t<img\n\t\t\t\t\t\t\tsrc=\"https:\/\/www.nooteboom.com\/wp-content\/uploads\/collectibles-500x333.jpg\"\n\t\t\t\t\t\t\talt=\"Merchandising\"\n\t\t\t\t\t\t\t\t\t\t\t\t\tsrcset=\"https:\/\/www.nooteboom.com\/wp-content\/uploads\/collectibles-300x199.jpg 300w,https:\/\/www.nooteboom.com\/wp-content\/uploads\/collectibles-768x511.jpg 768w,https:\/\/www.nooteboom.com\/wp-content\/uploads\/collectibles-1024x681.jpg 1024w\"\n\t\t\t\t\t\t\tsizes=\"(max-width: 500px) 100vw, 500px\"\n\t\t\t\t\t\t\t\t\t\t\t>\n\t\t\t\t<\/figure>\n\t\t\t\n\t\t\t\t\t\t\t<a href=\"https:\/\/www.nooteboomshop.com\/fr\/accessories\" target=\"\"\n\t\t\t\t   title=\"Collectibles\" class=\"button red\">\n\t\t\t\t\tArticles collection\t\t\t\t\t<span class=\"fa fa-chevron-right\"><\/span>\n\t\t\t\t<\/a>\n\t\t\t\n\t\t<\/div>\n\n\t\n<\/div>[vc_column_text]Vous cherchez des objets surprenants et uniques pour compl\u00e9ter votre collection Nooteboom ? Faites votre s\u00e9lection ici. Vous trouverez des tapis de souris, des tasses \u00e0 caf\u00e9, des cl\u00e9s USB et m\u00eame des parapluies.[\/vc_column_text][\/vc_column][\/vc_row]<\/p>\n<\/div>","protected":false},"excerpt":{"rendered":"[vc_row][vc_column width=\u00a0\u00bb1\/2&Prime;][vc_column_text]Visitez notre boutique en ligne et d\u00e9couvrez notre gamme de mod\u00e8les r\u00e9duits r\u00e9alistes Nooteboom (1:50\u00e8me et 1:87\u00e8me), des livres,&#8230;","protected":false},"author":45,"featured_media":12413,"parent":0,"menu_order":0,"comment_status":"closed","ping_status":"closed","template":"","meta":{"_acf_changed":false,"inline_featured_image":false,"footnotes":""},"class_list":["post-9453","page","type-page","status-publish","has-post-thumbnail","hentry"],"acf":[],"yoast_head":"<!-- This site is optimized with the Yoast SEO Premium plugin v25.7.1 (Yoast SEO v25.7) - https:\/\/yoast.com\/wordpress\/plugins\/seo\/ -->\n<title>Merchandising | Nooteboom Trailers<\/title>\n<meta name=\"description\" content=\"Visitez notre boutique en ligne et d\u00e9couvrez notre gamme de mod\u00e8les r\u00e9duits r\u00e9alistes Nooteboom (1:50\u00e8me et 1:87\u00e8me)...\" \/>\n<meta name=\"robots\" content=\"index, follow, max-snippet:-1, max-image-preview:large, max-video-preview:-1\" \/>\n<link rel=\"canonical\" href=\"https:\/\/www.nooteboom.com\/fr\/merchandising\/\" \/>\n<meta property=\"og:locale\" content=\"fr_FR\" \/>\n<meta property=\"og:type\" content=\"article\" \/>\n<meta property=\"og:title\" content=\"Merchandising\" \/>\n<meta property=\"og:description\" content=\"Visitez notre boutique en ligne et d\u00e9couvrez notre gamme de mod\u00e8les r\u00e9duits r\u00e9alistes Nooteboom (1:50\u00e8me et 1:87\u00e8me)...\" \/>\n<meta property=\"og:url\" content=\"https:\/\/www.nooteboom.com\/fr\/merchandising\/\" \/>\n<meta property=\"og:site_name\" content=\"Nooteboom Trailers\" \/>\n<meta property=\"article:publisher\" content=\"https:\/\/nl-nl.facebook.com\/nooteboomtrailers\/\" \/>\n<meta property=\"article:modified_time\" content=\"2016-08-18T11:38:31+00:00\" \/>\n<meta property=\"og:image\" content=\"https:\/\/www.nooteboom.com\/wp-content\/uploads\/MPL-scalemodel.jpg\" \/>\n\t<meta property=\"og:image:width\" content=\"1400\" \/>\n\t<meta property=\"og:image:height\" content=\"693\" \/>\n\t<meta property=\"og:image:type\" content=\"image\/jpeg\" \/>\n<meta name=\"twitter:card\" content=\"summary_large_image\" \/>\n<meta name=\"twitter:label1\" content=\"Dur\u00e9e de lecture estim\u00e9e\" \/>\n\t<meta name=\"twitter:data1\" content=\"2 minutes\" \/>\n<script type=\"application\/ld+json\" class=\"yoast-schema-graph\">{\"@context\":\"https:\/\/schema.org\",\"@graph\":[{\"@type\":\"WebPage\",\"@id\":\"https:\/\/www.nooteboom.com\/fr\/merchandising\/\",\"url\":\"https:\/\/www.nooteboom.com\/fr\/merchandising\/\",\"name\":\"Merchandising | Nooteboom Trailers\",\"isPartOf\":{\"@id\":\"https:\/\/www.nooteboom.com\/fr\/#website\"},\"primaryImageOfPage\":{\"@id\":\"https:\/\/www.nooteboom.com\/fr\/merchandising\/#primaryimage\"},\"image\":{\"@id\":\"https:\/\/www.nooteboom.com\/fr\/merchandising\/#primaryimage\"},\"thumbnailUrl\":\"https:\/\/www.nooteboom.com\/wp-content\/uploads\/MPL-scalemodel.jpg\",\"datePublished\":\"2016-08-01T11:51:54+00:00\",\"dateModified\":\"2016-08-18T11:38:31+00:00\",\"description\":\"Visitez notre boutique en ligne et d\u00e9couvrez notre gamme de mod\u00e8les r\u00e9duits r\u00e9alistes Nooteboom (1:50\u00e8me et 1:87\u00e8me)...\",\"breadcrumb\":{\"@id\":\"https:\/\/www.nooteboom.com\/fr\/merchandising\/#breadcrumb\"},\"inLanguage\":\"fr-FR\",\"potentialAction\":[{\"@type\":\"ReadAction\",\"target\":[\"https:\/\/www.nooteboom.com\/fr\/merchandising\/\"]}]},{\"@type\":\"ImageObject\",\"inLanguage\":\"fr-FR\",\"@id\":\"https:\/\/www.nooteboom.com\/fr\/merchandising\/#primaryimage\",\"url\":\"https:\/\/www.nooteboom.com\/wp-content\/uploads\/MPL-scalemodel.jpg\",\"contentUrl\":\"https:\/\/www.nooteboom.com\/wp-content\/uploads\/MPL-scalemodel.jpg\",\"width\":1400,\"height\":693},{\"@type\":\"BreadcrumbList\",\"@id\":\"https:\/\/www.nooteboom.com\/fr\/merchandising\/#breadcrumb\",\"itemListElement\":[{\"@type\":\"ListItem\",\"position\":1,\"name\":\"Home\",\"item\":\"https:\/\/www.nooteboom.com\/fr\/\"},{\"@type\":\"ListItem\",\"position\":2,\"name\":\"Merchandising\"}]},{\"@type\":\"WebSite\",\"@id\":\"https:\/\/www.nooteboom.com\/fr\/#website\",\"url\":\"https:\/\/www.nooteboom.com\/fr\/\",\"name\":\"Nooteboom Trailers\",\"description\":\"Gets you there.\",\"publisher\":{\"@id\":\"https:\/\/www.nooteboom.com\/fr\/#organization\"},\"potentialAction\":[{\"@type\":\"SearchAction\",\"target\":{\"@type\":\"EntryPoint\",\"urlTemplate\":\"https:\/\/www.nooteboom.com\/fr\/?s={search_term_string}\"},\"query-input\":{\"@type\":\"PropertyValueSpecification\",\"valueRequired\":true,\"valueName\":\"search_term_string\"}}],\"inLanguage\":\"fr-FR\"},{\"@type\":\"Organization\",\"@id\":\"https:\/\/www.nooteboom.com\/fr\/#organization\",\"name\":\"Nooteboom Trailers\",\"url\":\"https:\/\/www.nooteboom.com\/fr\/\",\"logo\":{\"@type\":\"ImageObject\",\"inLanguage\":\"fr-FR\",\"@id\":\"https:\/\/www.nooteboom.com\/fr\/#\/schema\/logo\/image\/\",\"url\":\"https:\/\/www.nooteboom.com\/wp-content\/uploads\/logo.png\",\"contentUrl\":\"https:\/\/www.nooteboom.com\/wp-content\/uploads\/logo.png\",\"width\":111,\"height\":66,\"caption\":\"Nooteboom Trailers\"},\"image\":{\"@id\":\"https:\/\/www.nooteboom.com\/fr\/#\/schema\/logo\/image\/\"},\"sameAs\":[\"https:\/\/nl-nl.facebook.com\/nooteboomtrailers\/\",\"https:\/\/nl.linkedin.com\/company\/nooteboom-trailers\",\"https:\/\/www.youtube.com\/user\/Nooteboomtrailers\"]}]}<\/script>\n<!-- \/ Yoast SEO Premium plugin. -->","yoast_head_json":{"title":"Merchandising | Nooteboom Trailers","description":"Visitez notre boutique en ligne et d\u00e9couvrez notre gamme de mod\u00e8les r\u00e9duits r\u00e9alistes Nooteboom (1:50\u00e8me et 1:87\u00e8me)...","robots":{"index":"index","follow":"follow","max-snippet":"max-snippet:-1","max-image-preview":"max-image-preview:large","max-video-preview":"max-video-preview:-1"},"canonical":"https:\/\/www.nooteboom.com\/fr\/merchandising\/","og_locale":"fr_FR","og_type":"article","og_title":"Merchandising","og_description":"Visitez notre boutique en ligne et d\u00e9couvrez notre gamme de mod\u00e8les r\u00e9duits r\u00e9alistes Nooteboom (1:50\u00e8me et 1:87\u00e8me)...","og_url":"https:\/\/www.nooteboom.com\/fr\/merchandising\/","og_site_name":"Nooteboom Trailers","article_publisher":"https:\/\/nl-nl.facebook.com\/nooteboomtrailers\/","article_modified_time":"2016-08-18T11:38:31+00:00","og_image":[{"width":1400,"height":693,"url":"https:\/\/www.nooteboom.com\/wp-content\/uploads\/MPL-scalemodel.jpg","type":"image\/jpeg"}],"twitter_card":"summary_large_image","twitter_misc":{"Dur\u00e9e de lecture estim\u00e9e":"2 minutes"},"schema":{"@context":"https:\/\/schema.org","@graph":[{"@type":"WebPage","@id":"https:\/\/www.nooteboom.com\/fr\/merchandising\/","url":"https:\/\/www.nooteboom.com\/fr\/merchandising\/","name":"Merchandising | Nooteboom Trailers","isPartOf":{"@id":"https:\/\/www.nooteboom.com\/fr\/#website"},"primaryImageOfPage":{"@id":"https:\/\/www.nooteboom.com\/fr\/merchandising\/#primaryimage"},"image":{"@id":"https:\/\/www.nooteboom.com\/fr\/merchandising\/#primaryimage"},"thumbnailUrl":"https:\/\/www.nooteboom.com\/wp-content\/uploads\/MPL-scalemodel.jpg","datePublished":"2016-08-01T11:51:54+00:00","dateModified":"2016-08-18T11:38:31+00:00","description":"Visitez notre boutique en ligne et d\u00e9couvrez notre gamme de mod\u00e8les r\u00e9duits r\u00e9alistes Nooteboom (1:50\u00e8me et 1:87\u00e8me)...","breadcrumb":{"@id":"https:\/\/www.nooteboom.com\/fr\/merchandising\/#breadcrumb"},"inLanguage":"fr-FR","potentialAction":[{"@type":"ReadAction","target":["https:\/\/www.nooteboom.com\/fr\/merchandising\/"]}]},{"@type":"ImageObject","inLanguage":"fr-FR","@id":"https:\/\/www.nooteboom.com\/fr\/merchandising\/#primaryimage","url":"https:\/\/www.nooteboom.com\/wp-content\/uploads\/MPL-scalemodel.jpg","contentUrl":"https:\/\/www.nooteboom.com\/wp-content\/uploads\/MPL-scalemodel.jpg","width":1400,"height":693},{"@type":"BreadcrumbList","@id":"https:\/\/www.nooteboom.com\/fr\/merchandising\/#breadcrumb","itemListElement":[{"@type":"ListItem","position":1,"name":"Home","item":"https:\/\/www.nooteboom.com\/fr\/"},{"@type":"ListItem","position":2,"name":"Merchandising"}]},{"@type":"WebSite","@id":"https:\/\/www.nooteboom.com\/fr\/#website","url":"https:\/\/www.nooteboom.com\/fr\/","name":"Nooteboom Trailers","description":"Gets you there.","publisher":{"@id":"https:\/\/www.nooteboom.com\/fr\/#organization"},"potentialAction":[{"@type":"SearchAction","target":{"@type":"EntryPoint","urlTemplate":"https:\/\/www.nooteboom.com\/fr\/?s={search_term_string}"},"query-input":{"@type":"PropertyValueSpecification","valueRequired":true,"valueName":"search_term_string"}}],"inLanguage":"fr-FR"},{"@type":"Organization","@id":"https:\/\/www.nooteboom.com\/fr\/#organization","name":"Nooteboom Trailers","url":"https:\/\/www.nooteboom.com\/fr\/","logo":{"@type":"ImageObject","inLanguage":"fr-FR","@id":"https:\/\/www.nooteboom.com\/fr\/#\/schema\/logo\/image\/","url":"https:\/\/www.nooteboom.com\/wp-content\/uploads\/logo.png","contentUrl":"https:\/\/www.nooteboom.com\/wp-content\/uploads\/logo.png","width":111,"height":66,"caption":"Nooteboom Trailers"},"image":{"@id":"https:\/\/www.nooteboom.com\/fr\/#\/schema\/logo\/image\/"},"sameAs":["https:\/\/nl-nl.facebook.com\/nooteboomtrailers\/","https:\/\/nl.linkedin.com\/company\/nooteboom-trailers","https:\/\/www.youtube.com\/user\/Nooteboomtrailers"]}]}},"_links":{"self":[{"href":"https:\/\/www.nooteboom.com\/fr\/wp-json\/wp\/v2\/pages\/9453","targetHints":{"allow":["GET"]}}],"collection":[{"href":"https:\/\/www.nooteboom.com\/fr\/wp-json\/wp\/v2\/pages"}],"about":[{"href":"https:\/\/www.nooteboom.com\/fr\/wp-json\/wp\/v2\/types\/page"}],"author":[{"embeddable":true,"href":"https:\/\/www.nooteboom.com\/fr\/wp-json\/wp\/v2\/users\/45"}],"replies":[{"embeddable":true,"href":"https:\/\/www.nooteboom.com\/fr\/wp-json\/wp\/v2\/comments?post=9453"}],"version-history":[{"count":7,"href":"https:\/\/www.nooteboom.com\/fr\/wp-json\/wp\/v2\/pages\/9453\/revisions"}],"predecessor-version":[{"id":12281,"href":"https:\/\/www.nooteboom.com\/fr\/wp-json\/wp\/v2\/pages\/9453\/revisions\/12281"}],"wp:featuredmedia":[{"embeddable":true,"href":"https:\/\/www.nooteboom.com\/fr\/wp-json\/wp\/v2\/media\/12413"}],"wp:attachment":[{"href":"https:\/\/www.nooteboom.com\/fr\/wp-json\/wp\/v2\/media?parent=9453"}],"curies":[{"name":"wp","href":"https:\/\/api.w.org\/{rel}","templated":true}]}}