{"id":9451,"date":"2016-08-01T13:50:55","date_gmt":"2016-08-01T11:50:55","guid":{"rendered":"https:\/\/www.nooteboom.com\/?page_id=9451&#038;lang=fr"},"modified":"2016-08-02T14:54:05","modified_gmt":"2016-08-02T12:54:05","slug":"surbaissee-mcos-avec-direction-hydraulique","status":"publish","type":"page","link":"https:\/\/www.nooteboom.com\/fr\/surbaissee-mcos-avec-direction-hydraulique\/","title":{"rendered":"Surbaiss\u00e9e MCOS avec direction hydraulique"},"content":{"rendered":"<div class=\"wpb-content-wrapper\"><p>[vc_row][vc_column][vc_column_text]<img loading=\"lazy\" decoding=\"async\" class=\"size-full wp-image-1448 alignright\" src=\"https:\/\/www.nooteboom.com\/wp-content\/uploads\/Multitrailers.png\" alt=\"Multitrailers\" width=\"115\" height=\"115\" \/><\/p>\n<p>Au fil des ans Nooteboom s&rsquo;est affirm\u00e9 de fa\u00e7on convaincante \u00e0 l&rsquo;\u00e9chelle internationale avec son programme de surbaiss\u00e9es SMART 3 et 4 essieux OSDS auto-vireurs. Pour offrir des avantages suppl\u00e9mentaires au transporteur, Nooteboom propose d\u00e9sormais la direction hydraulique sur toutes les surbaiss\u00e9es dans le programme SMART, sous le nom de surbaiss\u00e9es MCOS.<\/p>\n<h2>L&rsquo;art de la simplicit\u00e9<\/h2>\n<p>Le syst\u00e8me de direction hydraulique de la surbaiss\u00e9e MCOS a \u00e9t\u00e9 con\u00e7u aussi simplement que possible tout en conservant tous les avantages d&rsquo;un syst\u00e8me de direction Nooteboom. Les essieux \u00e0 direction hydraulique ont un angle de braquage maximal de 45 degr\u00e9s, ce qui rend la remorque extr\u00eamement maniable et capable d&rsquo;atteindre des endroits de chargement \/ d\u00e9chargement o\u00f9 l&rsquo;acc\u00e8s est difficile. Le syst\u00e8me de direction fournit \u00e9galement des avantages consid\u00e9rables en termes d&rsquo;\u00e9conomies, car l&rsquo;usure des pneus est r\u00e9duite au minimum. Et qui plus est, le faible poids mort offre une capacit\u00e9 de charge tr\u00e8s g\u00e9n\u00e9reuse, pour le transport dans les limites de poids l\u00e9gales ainsi que le transport en convoi.<\/p>\n<p>[\/vc_column_text][\/vc_column][\/vc_row][vc_row][vc_column width=\u00a0\u00bb1\/2&Prime;][vc_column_text]<\/p>\n<h2>Disponible pour tous<\/h2>\n<p>Plusieurs milliers de surbaiss\u00e9es SMART Nooteboom-sont maintenant utilis\u00e9es pour le transport d&rsquo;engins de construction, de plates-formes d&rsquo;acc\u00e8s, d&rsquo;\u00e9quipements de construction de routes, de machines agricoles et de biens charg\u00e9s \u00e0 la grue. Avec la MCOS Nooteboom \u00e0 direction hydraulique, une surbaiss\u00e9e est maintenant \u00e0 port\u00e9e d&rsquo;un plus grand nombre de transporteurs. Les surbaiss\u00e9es MCOS sont extr\u00eamement conviviales et offrent une efficacit\u00e9 accrue de transport.<\/p>\n<h2><strong>Investissement Smart<\/strong><\/h2>\n<p>Les surbaiss\u00e9es Smart offrent un excellent rapport qualit\u00e9\/prix gr\u00e2ce au concept ax\u00e9 sur un march\u00e9 large et une m\u00e9thode de production sophistiqu\u00e9e. La finition et la conservation sont d&rsquo;une qualit\u00e9 vraiment sup\u00e9rieure, le ch\u00e2ssis \u00e9tant enti\u00e8rement galvanis\u00e9 par pulv\u00e9risation thermique. Durabilit\u00e9, faibles co\u00fbtsd&rsquo;entretien et un prix d&rsquo;achat concurrentiel garantissent que la surbaiss\u00e9e MCOS sera un excellent investissement.[\/vc_column_text][\/vc_column][vc_column width=\u00a0\u00bb1\/2&Prime;][vc_single_image image=\u00a0\u00bb1641&Prime; img_size=\u00a0\u00bblarge\u00a0\u00bb][vc_single_image image=\u00a0\u00bb1639&Prime; img_size=\u00a0\u00bblarge\u00a0\u00bb][\/vc_column][\/vc_row][vc_row][vc_column]<div class=\"content hidden\">\n\n\t<\/p>\n<div class=\"wrapper\">\n<div class=\"more-detail__col more-detail__co--img\">\n<p>La surbaiss\u00e9e MCOS est notamment disponible \u00e9quip\u00e9e de :<\/p>\n<ul>\n<li>3 ou 4 essieux<\/li>\n<li>2, 3 ou 4 essieux directionnels<\/li>\n<li>Direction manuelle avec t\u00e9l\u00e9commande<\/li>\n<li>Col de cygne fin mais extr\u00eamement solide<\/li>\n<li>Plateau de chargement fixe ou simple extensible<\/li>\n<li>Suspension pneumatique avec fonction monte\/baisse<\/li>\n<li>Charge technique par essieu de 9 t\/essieu ou 10 t\/essieu \u00e0 80 km\/h<\/li>\n<li>Essieux SAF<\/li>\n<li>Pneus 235\/75R17.5 ou 245\/70R17.5<\/li>\n<li>Entraxe de 1360 mm<\/li>\n<li>Largeur de plateau de 2520 mm<\/li>\n<li>Hauteur de plateau en charge env. 860 mm en position route<\/li>\n<li>Consoles d\u2019\u00e9largisseurs<\/li>\n<li>Rev\u00eatement du plateau de chargement en bois dur ou caillebotis<\/li>\n<li>Large gamme de rampes pour diff\u00e9rentes applications &#8211; avec un faible angle de mont\u00e9e et une jonction parfaite avec le plateau de chargement<\/li>\n<li>Choix diversifi\u00e9 de coffres de rangements<\/li>\n<li>Treuil avec t\u00e9l\u00e9commande et accessoires.<\/li>\n<\/ul>\n<\/div>\n<\/div>\n<p>\n\n<\/div>\n\n<div class=\"vc_read_more print more\">\n\n\t\t\t<p>En savoir plus sur le Surbaiss\u00e9e MCOS avec direction hydraulique<\/p>\n\t\n\t<a href=\"#readmore\" data-less=\"Lire moins\" data-more=\"Lire la suite\" class=\"button\">\n\t\t<em>Lire la suite<\/em>\n\t\t<span class=\"fa fa-chevron-right\"><\/span>\n\t<\/a>\n\n<\/div>[vc_video link=\u00a0\u00bbhttps:\/\/youtu.be\/fGZTHd3pnv0&Prime;][\/vc_column][\/vc_row][vc_row][vc_column width=\u00a0\u00bb1\/2&Prime;]<div class=\"vc_contact\">\n\n\t\t\t<h3>Questions ou plus d'informations ?<\/h3>\n\t\n\t<p>Nous <a href=\"https:\/\/www.nooteboom.com\/fr\/fr\/contact\/\">contacter<\/a><\/p>\n\n\t\t\t<a target=\"\" href=\"https:\/\/www.nooteboom.com\/fr\/contact\/\" class=\"button\">\n\t\t\tTrouver votre interlocuteur\t\t\t<span class=\"fa fa-chevron-right\"><\/span>\n\t\t<\/a>\n\t\n<\/div>[\/vc_column][vc_column width=\u00a0\u00bb1\/2&Prime;][\/vc_column][\/vc_row]<\/p>\n<\/div>","protected":false},"excerpt":{"rendered":"[vc_row][vc_column][vc_column_text] Au fil des ans Nooteboom s&rsquo;est affirm\u00e9 de fa\u00e7on convaincante \u00e0 l&rsquo;\u00e9chelle internationale avec son programme de surbaiss\u00e9es SMART&#8230;","protected":false},"author":45,"featured_media":2699406,"parent":0,"menu_order":0,"comment_status":"closed","ping_status":"closed","template":"","meta":{"_acf_changed":false,"inline_featured_image":false,"footnotes":""},"class_list":["post-9451","page","type-page","status-publish","has-post-thumbnail","hentry"],"acf":[],"yoast_head":"<!-- This site is optimized with the Yoast SEO Premium plugin v25.7.1 (Yoast SEO v25.7) - https:\/\/yoast.com\/wordpress\/plugins\/seo\/ -->\n<title>Surbaiss\u00e9e MCOS avec direction hydraulique | Nooteboom Trailers<\/title>\n<meta name=\"description\" content=\"Au fil des ans Nooteboom s&#039;est affirm\u00e9 de fa\u00e7on convaincante \u00e0 l&#039;\u00e9chelle internationale avec son programme de surbaiss\u00e9es SMART 3 et 4 essieux...\" \/>\n<meta name=\"robots\" content=\"index, follow, max-snippet:-1, max-image-preview:large, max-video-preview:-1\" \/>\n<link rel=\"canonical\" href=\"https:\/\/www.nooteboom.com\/fr\/surbaissee-mcos-avec-direction-hydraulique\/\" \/>\n<meta property=\"og:locale\" content=\"fr_FR\" \/>\n<meta property=\"og:type\" content=\"article\" \/>\n<meta property=\"og:title\" content=\"Surbaiss\u00e9e MCOS avec direction hydraulique\" \/>\n<meta property=\"og:description\" content=\"Au fil des ans Nooteboom s&#039;est affirm\u00e9 de fa\u00e7on convaincante \u00e0 l&#039;\u00e9chelle internationale avec son programme de surbaiss\u00e9es SMART 3 et 4 essieux...\" \/>\n<meta property=\"og:url\" content=\"https:\/\/www.nooteboom.com\/fr\/surbaissee-mcos-avec-direction-hydraulique\/\" \/>\n<meta property=\"og:site_name\" content=\"Nooteboom Trailers\" \/>\n<meta property=\"article:publisher\" content=\"https:\/\/nl-nl.facebook.com\/nooteboomtrailers\/\" \/>\n<meta property=\"article:modified_time\" content=\"2016-08-02T12:54:05+00:00\" \/>\n<meta property=\"og:image\" content=\"https:\/\/www.nooteboom.com\/wp-content\/uploads\/05-03-14-052-1.jpg\" \/>\n\t<meta property=\"og:image:width\" content=\"2500\" \/>\n\t<meta property=\"og:image:height\" content=\"1283\" \/>\n\t<meta property=\"og:image:type\" content=\"image\/jpeg\" \/>\n<meta name=\"twitter:card\" content=\"summary_large_image\" \/>\n<meta name=\"twitter:label1\" content=\"Dur\u00e9e de lecture estim\u00e9e\" \/>\n\t<meta name=\"twitter:data1\" content=\"3 minutes\" \/>\n<script type=\"application\/ld+json\" class=\"yoast-schema-graph\">{\"@context\":\"https:\/\/schema.org\",\"@graph\":[{\"@type\":\"WebPage\",\"@id\":\"https:\/\/www.nooteboom.com\/fr\/surbaissee-mcos-avec-direction-hydraulique\/\",\"url\":\"https:\/\/www.nooteboom.com\/fr\/surbaissee-mcos-avec-direction-hydraulique\/\",\"name\":\"Surbaiss\u00e9e MCOS avec direction hydraulique | Nooteboom Trailers\",\"isPartOf\":{\"@id\":\"https:\/\/www.nooteboom.com\/fr\/#website\"},\"primaryImageOfPage\":{\"@id\":\"https:\/\/www.nooteboom.com\/fr\/surbaissee-mcos-avec-direction-hydraulique\/#primaryimage\"},\"image\":{\"@id\":\"https:\/\/www.nooteboom.com\/fr\/surbaissee-mcos-avec-direction-hydraulique\/#primaryimage\"},\"thumbnailUrl\":\"https:\/\/www.nooteboom.com\/wp-content\/uploads\/Mateco-MULTITRAILER-1-1.jpg\",\"datePublished\":\"2016-08-01T11:50:55+00:00\",\"dateModified\":\"2016-08-02T12:54:05+00:00\",\"description\":\"Au fil des ans Nooteboom s'est affirm\u00e9 de fa\u00e7on convaincante \u00e0 l'\u00e9chelle internationale avec son programme de surbaiss\u00e9es SMART 3 et 4 essieux...\",\"breadcrumb\":{\"@id\":\"https:\/\/www.nooteboom.com\/fr\/surbaissee-mcos-avec-direction-hydraulique\/#breadcrumb\"},\"inLanguage\":\"fr-FR\",\"potentialAction\":[{\"@type\":\"ReadAction\",\"target\":[\"https:\/\/www.nooteboom.com\/fr\/surbaissee-mcos-avec-direction-hydraulique\/\"]}]},{\"@type\":\"ImageObject\",\"inLanguage\":\"fr-FR\",\"@id\":\"https:\/\/www.nooteboom.com\/fr\/surbaissee-mcos-avec-direction-hydraulique\/#primaryimage\",\"url\":\"https:\/\/www.nooteboom.com\/wp-content\/uploads\/Mateco-MULTITRAILER-1-1.jpg\",\"contentUrl\":\"https:\/\/www.nooteboom.com\/wp-content\/uploads\/Mateco-MULTITRAILER-1-1.jpg\",\"width\":1920,\"height\":1134,\"caption\":\"filter: 0; jpegRotation: 0; fileterIntensity: 0.000000; filterMask: 0; module:29facing:0; hw-remosaic: 0; touch: (-1.0, -1.0); modeInfo: ; sceneMode: Night; cct_value: 5714; AI_Scene: (-1, -1); aec_lux: 97.0; hist255: 0.0; hist252~255: 0.0; hist0~15: 0.0;\"},{\"@type\":\"BreadcrumbList\",\"@id\":\"https:\/\/www.nooteboom.com\/fr\/surbaissee-mcos-avec-direction-hydraulique\/#breadcrumb\",\"itemListElement\":[{\"@type\":\"ListItem\",\"position\":1,\"name\":\"Home\",\"item\":\"https:\/\/www.nooteboom.com\/fr\/\"},{\"@type\":\"ListItem\",\"position\":2,\"name\":\"Surbaiss\u00e9e MCOS avec direction hydraulique\"}]},{\"@type\":\"WebSite\",\"@id\":\"https:\/\/www.nooteboom.com\/fr\/#website\",\"url\":\"https:\/\/www.nooteboom.com\/fr\/\",\"name\":\"Nooteboom Trailers\",\"description\":\"Gets you there.\",\"publisher\":{\"@id\":\"https:\/\/www.nooteboom.com\/fr\/#organization\"},\"potentialAction\":[{\"@type\":\"SearchAction\",\"target\":{\"@type\":\"EntryPoint\",\"urlTemplate\":\"https:\/\/www.nooteboom.com\/fr\/?s={search_term_string}\"},\"query-input\":{\"@type\":\"PropertyValueSpecification\",\"valueRequired\":true,\"valueName\":\"search_term_string\"}}],\"inLanguage\":\"fr-FR\"},{\"@type\":\"Organization\",\"@id\":\"https:\/\/www.nooteboom.com\/fr\/#organization\",\"name\":\"Nooteboom Trailers\",\"url\":\"https:\/\/www.nooteboom.com\/fr\/\",\"logo\":{\"@type\":\"ImageObject\",\"inLanguage\":\"fr-FR\",\"@id\":\"https:\/\/www.nooteboom.com\/fr\/#\/schema\/logo\/image\/\",\"url\":\"https:\/\/www.nooteboom.com\/wp-content\/uploads\/logo.png\",\"contentUrl\":\"https:\/\/www.nooteboom.com\/wp-content\/uploads\/logo.png\",\"width\":111,\"height\":66,\"caption\":\"Nooteboom Trailers\"},\"image\":{\"@id\":\"https:\/\/www.nooteboom.com\/fr\/#\/schema\/logo\/image\/\"},\"sameAs\":[\"https:\/\/nl-nl.facebook.com\/nooteboomtrailers\/\",\"https:\/\/nl.linkedin.com\/company\/nooteboom-trailers\",\"https:\/\/www.youtube.com\/user\/Nooteboomtrailers\"]}]}<\/script>\n<!-- \/ Yoast SEO Premium plugin. -->","yoast_head_json":{"title":"Surbaiss\u00e9e MCOS avec direction hydraulique | Nooteboom Trailers","description":"Au fil des ans Nooteboom s'est affirm\u00e9 de fa\u00e7on convaincante \u00e0 l'\u00e9chelle internationale avec son programme de surbaiss\u00e9es SMART 3 et 4 essieux...","robots":{"index":"index","follow":"follow","max-snippet":"max-snippet:-1","max-image-preview":"max-image-preview:large","max-video-preview":"max-video-preview:-1"},"canonical":"https:\/\/www.nooteboom.com\/fr\/surbaissee-mcos-avec-direction-hydraulique\/","og_locale":"fr_FR","og_type":"article","og_title":"Surbaiss\u00e9e MCOS avec direction hydraulique","og_description":"Au fil des ans Nooteboom s'est affirm\u00e9 de fa\u00e7on convaincante \u00e0 l'\u00e9chelle internationale avec son programme de surbaiss\u00e9es SMART 3 et 4 essieux...","og_url":"https:\/\/www.nooteboom.com\/fr\/surbaissee-mcos-avec-direction-hydraulique\/","og_site_name":"Nooteboom Trailers","article_publisher":"https:\/\/nl-nl.facebook.com\/nooteboomtrailers\/","article_modified_time":"2016-08-02T12:54:05+00:00","og_image":[{"width":2500,"height":1283,"url":"https:\/\/www.nooteboom.com\/wp-content\/uploads\/05-03-14-052-1.jpg","type":"image\/jpeg"}],"twitter_card":"summary_large_image","twitter_misc":{"Dur\u00e9e de lecture estim\u00e9e":"3 minutes"},"schema":{"@context":"https:\/\/schema.org","@graph":[{"@type":"WebPage","@id":"https:\/\/www.nooteboom.com\/fr\/surbaissee-mcos-avec-direction-hydraulique\/","url":"https:\/\/www.nooteboom.com\/fr\/surbaissee-mcos-avec-direction-hydraulique\/","name":"Surbaiss\u00e9e MCOS avec direction hydraulique | Nooteboom Trailers","isPartOf":{"@id":"https:\/\/www.nooteboom.com\/fr\/#website"},"primaryImageOfPage":{"@id":"https:\/\/www.nooteboom.com\/fr\/surbaissee-mcos-avec-direction-hydraulique\/#primaryimage"},"image":{"@id":"https:\/\/www.nooteboom.com\/fr\/surbaissee-mcos-avec-direction-hydraulique\/#primaryimage"},"thumbnailUrl":"https:\/\/www.nooteboom.com\/wp-content\/uploads\/Mateco-MULTITRAILER-1-1.jpg","datePublished":"2016-08-01T11:50:55+00:00","dateModified":"2016-08-02T12:54:05+00:00","description":"Au fil des ans Nooteboom s'est affirm\u00e9 de fa\u00e7on convaincante \u00e0 l'\u00e9chelle internationale avec son programme de surbaiss\u00e9es SMART 3 et 4 essieux...","breadcrumb":{"@id":"https:\/\/www.nooteboom.com\/fr\/surbaissee-mcos-avec-direction-hydraulique\/#breadcrumb"},"inLanguage":"fr-FR","potentialAction":[{"@type":"ReadAction","target":["https:\/\/www.nooteboom.com\/fr\/surbaissee-mcos-avec-direction-hydraulique\/"]}]},{"@type":"ImageObject","inLanguage":"fr-FR","@id":"https:\/\/www.nooteboom.com\/fr\/surbaissee-mcos-avec-direction-hydraulique\/#primaryimage","url":"https:\/\/www.nooteboom.com\/wp-content\/uploads\/Mateco-MULTITRAILER-1-1.jpg","contentUrl":"https:\/\/www.nooteboom.com\/wp-content\/uploads\/Mateco-MULTITRAILER-1-1.jpg","width":1920,"height":1134,"caption":"filter: 0; jpegRotation: 0; fileterIntensity: 0.000000; filterMask: 0; module:29facing:0; hw-remosaic: 0; touch: (-1.0, -1.0); modeInfo: ; sceneMode: Night; cct_value: 5714; AI_Scene: (-1, -1); aec_lux: 97.0; hist255: 0.0; hist252~255: 0.0; hist0~15: 0.0;"},{"@type":"BreadcrumbList","@id":"https:\/\/www.nooteboom.com\/fr\/surbaissee-mcos-avec-direction-hydraulique\/#breadcrumb","itemListElement":[{"@type":"ListItem","position":1,"name":"Home","item":"https:\/\/www.nooteboom.com\/fr\/"},{"@type":"ListItem","position":2,"name":"Surbaiss\u00e9e MCOS avec direction hydraulique"}]},{"@type":"WebSite","@id":"https:\/\/www.nooteboom.com\/fr\/#website","url":"https:\/\/www.nooteboom.com\/fr\/","name":"Nooteboom Trailers","description":"Gets you there.","publisher":{"@id":"https:\/\/www.nooteboom.com\/fr\/#organization"},"potentialAction":[{"@type":"SearchAction","target":{"@type":"EntryPoint","urlTemplate":"https:\/\/www.nooteboom.com\/fr\/?s={search_term_string}"},"query-input":{"@type":"PropertyValueSpecification","valueRequired":true,"valueName":"search_term_string"}}],"inLanguage":"fr-FR"},{"@type":"Organization","@id":"https:\/\/www.nooteboom.com\/fr\/#organization","name":"Nooteboom Trailers","url":"https:\/\/www.nooteboom.com\/fr\/","logo":{"@type":"ImageObject","inLanguage":"fr-FR","@id":"https:\/\/www.nooteboom.com\/fr\/#\/schema\/logo\/image\/","url":"https:\/\/www.nooteboom.com\/wp-content\/uploads\/logo.png","contentUrl":"https:\/\/www.nooteboom.com\/wp-content\/uploads\/logo.png","width":111,"height":66,"caption":"Nooteboom Trailers"},"image":{"@id":"https:\/\/www.nooteboom.com\/fr\/#\/schema\/logo\/image\/"},"sameAs":["https:\/\/nl-nl.facebook.com\/nooteboomtrailers\/","https:\/\/nl.linkedin.com\/company\/nooteboom-trailers","https:\/\/www.youtube.com\/user\/Nooteboomtrailers"]}]}},"_links":{"self":[{"href":"https:\/\/www.nooteboom.com\/fr\/wp-json\/wp\/v2\/pages\/9451","targetHints":{"allow":["GET"]}}],"collection":[{"href":"https:\/\/www.nooteboom.com\/fr\/wp-json\/wp\/v2\/pages"}],"about":[{"href":"https:\/\/www.nooteboom.com\/fr\/wp-json\/wp\/v2\/types\/page"}],"author":[{"embeddable":true,"href":"https:\/\/www.nooteboom.com\/fr\/wp-json\/wp\/v2\/users\/45"}],"replies":[{"embeddable":true,"href":"https:\/\/www.nooteboom.com\/fr\/wp-json\/wp\/v2\/comments?post=9451"}],"version-history":[{"count":3,"href":"https:\/\/www.nooteboom.com\/fr\/wp-json\/wp\/v2\/pages\/9451\/revisions"}],"predecessor-version":[{"id":9689,"href":"https:\/\/www.nooteboom.com\/fr\/wp-json\/wp\/v2\/pages\/9451\/revisions\/9689"}],"wp:featuredmedia":[{"embeddable":true,"href":"https:\/\/www.nooteboom.com\/fr\/wp-json\/wp\/v2\/media\/2699406"}],"wp:attachment":[{"href":"https:\/\/www.nooteboom.com\/fr\/wp-json\/wp\/v2\/media?parent=9451"}],"curies":[{"name":"wp","href":"https:\/\/api.w.org\/{rel}","templated":true}]}}