{"id":9435,"date":"2016-08-01T13:41:42","date_gmt":"2016-08-01T11:41:42","guid":{"rendered":"https:\/\/www.nooteboom.com\/?page_id=9435&#038;lang=fr"},"modified":"2016-12-06T13:23:07","modified_gmt":"2016-12-06T12:23:07","slug":"connaissances-et-expertise","status":"publish","type":"page","link":"https:\/\/www.nooteboom.com\/fr\/recrutement\/connaissances-et-expertise\/","title":{"rendered":"Connaissances et expertise"},"content":{"rendered":"<div class=\"wpb-content-wrapper\"><p>[vc_row][vc_column width=\u00a0\u00bb1\/2&Prime;][vc_column_text]Nooteboom accorde une part importante \u00e0 la formation ax\u00e9e sur la pratique pour les \u00e9l\u00e8ves des \u00e9coles et coll\u00e8ges techniques.\u00a0Il y a une p\u00e9nurie structurelle de personnel technique qualifi\u00e9 dans l&rsquo;industrie de fabrication n\u00e9erlandaise.<\/p>\n<p>Nooteboom n&rsquo;attend pas des autorit\u00e9s qu&rsquo;elles trouvent une solution, mais investit dans la formation et les gens eux- \u00a0\u00a0m\u00eames. Localement, dans la r\u00e9gion de Nijmegen, Nooteboom apporte une contribution importante \u00e0 la formation ax\u00e9e sur la pratique des \u00e9l\u00e8ves des \u00e9coles et coll\u00e8ges techniques.\u00a0Ils travaillent en \u00e9troite collaboration avec diverses institutions de formation, dont l&rsquo;Universit\u00e9 d&rsquo;Arnhem et Nijmegen (HAN) et le Centre d&rsquo;enseignement r\u00e9gional (ROC).<\/p>\n<p>Nooteboom est \u00e9galement l&rsquo;initiateur de la cr\u00e9ation du Lean Lectorate \u00e0 HAN et le soutient par des contributions financi\u00e8res substantielles.[\/vc_column_text][\/vc_column][vc_column width=\u00a0\u00bb1\/2&Prime;][vc_single_image image=\u00a0\u00bb26409&Prime; img_size=\u00a0\u00bblarge\u00a0\u00bb][\/vc_column][\/vc_row][vc_row][vc_column]<div class=\"content hidden\">\n\n\t<p>Le Lectorat se concentre sur l&rsquo;optimisation des d\u00e9lais de livraison, les co\u00fbts et la qualit\u00e9. Cela correspond parfaitement au syst\u00e8me de production Lean chez Nooteboom, qui vise \u00e0 fournir au client une plus-value maximale. Le Lectorat est la cl\u00e9 de vo\u00fbte de l&rsquo;\u00e9troite collaboration entre l&rsquo;universit\u00e9, les \u00e9tudiants et Nooteboom.<\/p>\n<p>Nooteboom offre toujours des disponibilit\u00e9s pour des emplois, des sujets de projets en phase finale et une formation sp\u00e9cialis\u00e9e pour acqu\u00e9rir des comp\u00e9tences en mati\u00e8re de technologie, des achats, de l&rsquo;informatique, du marketing et l&rsquo;administration. Bien s\u00fbr, l&rsquo;investissement dans la connaissance et l&rsquo;expertise est destin\u00e9 \u00e0 faire en sorte que dans l&rsquo;avenir il n&rsquo;y aura pas de p\u00e9nurie de personnel bien form\u00e9.<\/p>\n\n<\/div>\n\n<div class=\"vc_read_more print more\">\n\n\t\n\t<a href=\"#readmore\" data-less=\"Lire moins\" data-more=\"Lire la suite\" class=\"button\">\n\t\t<em>Lire la suite<\/em>\n\t\t<span class=\"fa fa-chevron-right\"><\/span>\n\t<\/a>\n\n<\/div>[\/vc_column][\/vc_row]<\/p>\n<\/div>","protected":false},"excerpt":{"rendered":"[vc_row][vc_column width=\u00a0\u00bb1\/2&Prime;][vc_column_text]Nooteboom accorde une part importante \u00e0 la formation ax\u00e9e sur la pratique pour les \u00e9l\u00e8ves des \u00e9coles et coll\u00e8ges&#8230;","protected":false},"author":45,"featured_media":26403,"parent":9416,"menu_order":0,"comment_status":"closed","ping_status":"closed","template":"","meta":{"_acf_changed":false,"inline_featured_image":false,"footnotes":""},"class_list":["post-9435","page","type-page","status-publish","has-post-thumbnail","hentry"],"acf":[],"yoast_head":"<!-- This site is optimized with the Yoast SEO Premium plugin v25.7.1 (Yoast SEO v25.7) - https:\/\/yoast.com\/wordpress\/plugins\/seo\/ -->\n<title>Connaissances et expertise | Nooteboom Trailers<\/title>\n<meta name=\"description\" content=\"Nooteboom accorde une part importante \u00e0 la formation ax\u00e9e sur la pratique pour les \u00e9l\u00e8ves des \u00e9coles et coll\u00e8ges techniques.\" \/>\n<meta name=\"robots\" content=\"index, follow, max-snippet:-1, max-image-preview:large, max-video-preview:-1\" \/>\n<link rel=\"canonical\" href=\"https:\/\/www.nooteboom.com\/fr\/recrutement\/connaissances-et-expertise\/\" \/>\n<meta property=\"og:locale\" content=\"fr_FR\" \/>\n<meta property=\"og:type\" content=\"article\" \/>\n<meta property=\"og:title\" content=\"Connaissances et expertise\" \/>\n<meta property=\"og:description\" content=\"Nooteboom accorde une part importante \u00e0 la formation ax\u00e9e sur la pratique pour les \u00e9l\u00e8ves des \u00e9coles et coll\u00e8ges techniques.\" \/>\n<meta property=\"og:url\" content=\"https:\/\/www.nooteboom.com\/fr\/recrutement\/connaissances-et-expertise\/\" \/>\n<meta property=\"og:site_name\" content=\"Nooteboom Trailers\" \/>\n<meta property=\"article:publisher\" content=\"https:\/\/nl-nl.facebook.com\/nooteboomtrailers\/\" \/>\n<meta property=\"article:modified_time\" content=\"2016-12-06T12:23:07+00:00\" \/>\n<meta property=\"og:image\" content=\"https:\/\/www.nooteboom.com\/wp-content\/uploads\/Remco-Derks-en-Ruben-Fortuin-IMG_9907.jpg\" \/>\n\t<meta property=\"og:image:width\" content=\"1080\" \/>\n\t<meta property=\"og:image:height\" content=\"720\" \/>\n\t<meta property=\"og:image:type\" content=\"image\/jpeg\" \/>\n<meta name=\"twitter:card\" content=\"summary_large_image\" \/>\n<meta name=\"twitter:label1\" content=\"Dur\u00e9e de lecture estim\u00e9e\" \/>\n\t<meta name=\"twitter:data1\" content=\"1 minute\" \/>\n<script type=\"application\/ld+json\" class=\"yoast-schema-graph\">{\"@context\":\"https:\/\/schema.org\",\"@graph\":[{\"@type\":\"WebPage\",\"@id\":\"https:\/\/www.nooteboom.com\/fr\/recrutement\/connaissances-et-expertise\/\",\"url\":\"https:\/\/www.nooteboom.com\/fr\/recrutement\/connaissances-et-expertise\/\",\"name\":\"Connaissances et expertise | Nooteboom Trailers\",\"isPartOf\":{\"@id\":\"https:\/\/www.nooteboom.com\/fr\/#website\"},\"primaryImageOfPage\":{\"@id\":\"https:\/\/www.nooteboom.com\/fr\/recrutement\/connaissances-et-expertise\/#primaryimage\"},\"image\":{\"@id\":\"https:\/\/www.nooteboom.com\/fr\/recrutement\/connaissances-et-expertise\/#primaryimage\"},\"thumbnailUrl\":\"https:\/\/www.nooteboom.com\/wp-content\/uploads\/Remco-Derks-en-Ruben-Fortuin-IMG_9907.jpg\",\"datePublished\":\"2016-08-01T11:41:42+00:00\",\"dateModified\":\"2016-12-06T12:23:07+00:00\",\"description\":\"Nooteboom accorde une part importante \u00e0 la formation ax\u00e9e sur la pratique pour les \u00e9l\u00e8ves des \u00e9coles et coll\u00e8ges techniques.\",\"breadcrumb\":{\"@id\":\"https:\/\/www.nooteboom.com\/fr\/recrutement\/connaissances-et-expertise\/#breadcrumb\"},\"inLanguage\":\"fr-FR\",\"potentialAction\":[{\"@type\":\"ReadAction\",\"target\":[\"https:\/\/www.nooteboom.com\/fr\/recrutement\/connaissances-et-expertise\/\"]}]},{\"@type\":\"ImageObject\",\"inLanguage\":\"fr-FR\",\"@id\":\"https:\/\/www.nooteboom.com\/fr\/recrutement\/connaissances-et-expertise\/#primaryimage\",\"url\":\"https:\/\/www.nooteboom.com\/wp-content\/uploads\/Remco-Derks-en-Ruben-Fortuin-IMG_9907.jpg\",\"contentUrl\":\"https:\/\/www.nooteboom.com\/wp-content\/uploads\/Remco-Derks-en-Ruben-Fortuin-IMG_9907.jpg\",\"width\":1080,\"height\":720},{\"@type\":\"BreadcrumbList\",\"@id\":\"https:\/\/www.nooteboom.com\/fr\/recrutement\/connaissances-et-expertise\/#breadcrumb\",\"itemListElement\":[{\"@type\":\"ListItem\",\"position\":1,\"name\":\"Home\",\"item\":\"https:\/\/www.nooteboom.com\/fr\/\"},{\"@type\":\"ListItem\",\"position\":2,\"name\":\"Recrutement\",\"item\":\"https:\/\/www.nooteboom.com\/fr\/recrutement\/\"},{\"@type\":\"ListItem\",\"position\":3,\"name\":\"Connaissances et expertise\"}]},{\"@type\":\"WebSite\",\"@id\":\"https:\/\/www.nooteboom.com\/fr\/#website\",\"url\":\"https:\/\/www.nooteboom.com\/fr\/\",\"name\":\"Nooteboom Trailers\",\"description\":\"Gets you there.\",\"publisher\":{\"@id\":\"https:\/\/www.nooteboom.com\/fr\/#organization\"},\"potentialAction\":[{\"@type\":\"SearchAction\",\"target\":{\"@type\":\"EntryPoint\",\"urlTemplate\":\"https:\/\/www.nooteboom.com\/fr\/?s={search_term_string}\"},\"query-input\":{\"@type\":\"PropertyValueSpecification\",\"valueRequired\":true,\"valueName\":\"search_term_string\"}}],\"inLanguage\":\"fr-FR\"},{\"@type\":\"Organization\",\"@id\":\"https:\/\/www.nooteboom.com\/fr\/#organization\",\"name\":\"Nooteboom Trailers\",\"url\":\"https:\/\/www.nooteboom.com\/fr\/\",\"logo\":{\"@type\":\"ImageObject\",\"inLanguage\":\"fr-FR\",\"@id\":\"https:\/\/www.nooteboom.com\/fr\/#\/schema\/logo\/image\/\",\"url\":\"https:\/\/www.nooteboom.com\/wp-content\/uploads\/logo.png\",\"contentUrl\":\"https:\/\/www.nooteboom.com\/wp-content\/uploads\/logo.png\",\"width\":111,\"height\":66,\"caption\":\"Nooteboom Trailers\"},\"image\":{\"@id\":\"https:\/\/www.nooteboom.com\/fr\/#\/schema\/logo\/image\/\"},\"sameAs\":[\"https:\/\/nl-nl.facebook.com\/nooteboomtrailers\/\",\"https:\/\/nl.linkedin.com\/company\/nooteboom-trailers\",\"https:\/\/www.youtube.com\/user\/Nooteboomtrailers\"]}]}<\/script>\n<!-- \/ Yoast SEO Premium plugin. -->","yoast_head_json":{"title":"Connaissances et expertise | Nooteboom Trailers","description":"Nooteboom accorde une part importante \u00e0 la formation ax\u00e9e sur la pratique pour les \u00e9l\u00e8ves des \u00e9coles et coll\u00e8ges techniques.","robots":{"index":"index","follow":"follow","max-snippet":"max-snippet:-1","max-image-preview":"max-image-preview:large","max-video-preview":"max-video-preview:-1"},"canonical":"https:\/\/www.nooteboom.com\/fr\/recrutement\/connaissances-et-expertise\/","og_locale":"fr_FR","og_type":"article","og_title":"Connaissances et expertise","og_description":"Nooteboom accorde une part importante \u00e0 la formation ax\u00e9e sur la pratique pour les \u00e9l\u00e8ves des \u00e9coles et coll\u00e8ges techniques.","og_url":"https:\/\/www.nooteboom.com\/fr\/recrutement\/connaissances-et-expertise\/","og_site_name":"Nooteboom Trailers","article_publisher":"https:\/\/nl-nl.facebook.com\/nooteboomtrailers\/","article_modified_time":"2016-12-06T12:23:07+00:00","og_image":[{"width":1080,"height":720,"url":"https:\/\/www.nooteboom.com\/wp-content\/uploads\/Remco-Derks-en-Ruben-Fortuin-IMG_9907.jpg","type":"image\/jpeg"}],"twitter_card":"summary_large_image","twitter_misc":{"Dur\u00e9e de lecture estim\u00e9e":"1 minute"},"schema":{"@context":"https:\/\/schema.org","@graph":[{"@type":"WebPage","@id":"https:\/\/www.nooteboom.com\/fr\/recrutement\/connaissances-et-expertise\/","url":"https:\/\/www.nooteboom.com\/fr\/recrutement\/connaissances-et-expertise\/","name":"Connaissances et expertise | Nooteboom Trailers","isPartOf":{"@id":"https:\/\/www.nooteboom.com\/fr\/#website"},"primaryImageOfPage":{"@id":"https:\/\/www.nooteboom.com\/fr\/recrutement\/connaissances-et-expertise\/#primaryimage"},"image":{"@id":"https:\/\/www.nooteboom.com\/fr\/recrutement\/connaissances-et-expertise\/#primaryimage"},"thumbnailUrl":"https:\/\/www.nooteboom.com\/wp-content\/uploads\/Remco-Derks-en-Ruben-Fortuin-IMG_9907.jpg","datePublished":"2016-08-01T11:41:42+00:00","dateModified":"2016-12-06T12:23:07+00:00","description":"Nooteboom accorde une part importante \u00e0 la formation ax\u00e9e sur la pratique pour les \u00e9l\u00e8ves des \u00e9coles et coll\u00e8ges techniques.","breadcrumb":{"@id":"https:\/\/www.nooteboom.com\/fr\/recrutement\/connaissances-et-expertise\/#breadcrumb"},"inLanguage":"fr-FR","potentialAction":[{"@type":"ReadAction","target":["https:\/\/www.nooteboom.com\/fr\/recrutement\/connaissances-et-expertise\/"]}]},{"@type":"ImageObject","inLanguage":"fr-FR","@id":"https:\/\/www.nooteboom.com\/fr\/recrutement\/connaissances-et-expertise\/#primaryimage","url":"https:\/\/www.nooteboom.com\/wp-content\/uploads\/Remco-Derks-en-Ruben-Fortuin-IMG_9907.jpg","contentUrl":"https:\/\/www.nooteboom.com\/wp-content\/uploads\/Remco-Derks-en-Ruben-Fortuin-IMG_9907.jpg","width":1080,"height":720},{"@type":"BreadcrumbList","@id":"https:\/\/www.nooteboom.com\/fr\/recrutement\/connaissances-et-expertise\/#breadcrumb","itemListElement":[{"@type":"ListItem","position":1,"name":"Home","item":"https:\/\/www.nooteboom.com\/fr\/"},{"@type":"ListItem","position":2,"name":"Recrutement","item":"https:\/\/www.nooteboom.com\/fr\/recrutement\/"},{"@type":"ListItem","position":3,"name":"Connaissances et expertise"}]},{"@type":"WebSite","@id":"https:\/\/www.nooteboom.com\/fr\/#website","url":"https:\/\/www.nooteboom.com\/fr\/","name":"Nooteboom Trailers","description":"Gets you there.","publisher":{"@id":"https:\/\/www.nooteboom.com\/fr\/#organization"},"potentialAction":[{"@type":"SearchAction","target":{"@type":"EntryPoint","urlTemplate":"https:\/\/www.nooteboom.com\/fr\/?s={search_term_string}"},"query-input":{"@type":"PropertyValueSpecification","valueRequired":true,"valueName":"search_term_string"}}],"inLanguage":"fr-FR"},{"@type":"Organization","@id":"https:\/\/www.nooteboom.com\/fr\/#organization","name":"Nooteboom Trailers","url":"https:\/\/www.nooteboom.com\/fr\/","logo":{"@type":"ImageObject","inLanguage":"fr-FR","@id":"https:\/\/www.nooteboom.com\/fr\/#\/schema\/logo\/image\/","url":"https:\/\/www.nooteboom.com\/wp-content\/uploads\/logo.png","contentUrl":"https:\/\/www.nooteboom.com\/wp-content\/uploads\/logo.png","width":111,"height":66,"caption":"Nooteboom Trailers"},"image":{"@id":"https:\/\/www.nooteboom.com\/fr\/#\/schema\/logo\/image\/"},"sameAs":["https:\/\/nl-nl.facebook.com\/nooteboomtrailers\/","https:\/\/nl.linkedin.com\/company\/nooteboom-trailers","https:\/\/www.youtube.com\/user\/Nooteboomtrailers"]}]}},"_links":{"self":[{"href":"https:\/\/www.nooteboom.com\/fr\/wp-json\/wp\/v2\/pages\/9435","targetHints":{"allow":["GET"]}}],"collection":[{"href":"https:\/\/www.nooteboom.com\/fr\/wp-json\/wp\/v2\/pages"}],"about":[{"href":"https:\/\/www.nooteboom.com\/fr\/wp-json\/wp\/v2\/types\/page"}],"author":[{"embeddable":true,"href":"https:\/\/www.nooteboom.com\/fr\/wp-json\/wp\/v2\/users\/45"}],"replies":[{"embeddable":true,"href":"https:\/\/www.nooteboom.com\/fr\/wp-json\/wp\/v2\/comments?post=9435"}],"version-history":[{"count":4,"href":"https:\/\/www.nooteboom.com\/fr\/wp-json\/wp\/v2\/pages\/9435\/revisions"}],"predecessor-version":[{"id":26416,"href":"https:\/\/www.nooteboom.com\/fr\/wp-json\/wp\/v2\/pages\/9435\/revisions\/26416"}],"up":[{"embeddable":true,"href":"https:\/\/www.nooteboom.com\/fr\/wp-json\/wp\/v2\/pages\/9416"}],"wp:featuredmedia":[{"embeddable":true,"href":"https:\/\/www.nooteboom.com\/fr\/wp-json\/wp\/v2\/media\/26403"}],"wp:attachment":[{"href":"https:\/\/www.nooteboom.com\/fr\/wp-json\/wp\/v2\/media?parent=9435"}],"curies":[{"name":"wp","href":"https:\/\/api.w.org\/{rel}","templated":true}]}}