{"id":9433,"date":"2016-08-01T13:40:47","date_gmt":"2016-08-01T11:40:47","guid":{"rendered":"https:\/\/www.nooteboom.com\/?page_id=9433&#038;lang=fr"},"modified":"2021-05-12T13:36:17","modified_gmt":"2021-05-12T11:36:17","slug":"demandes-demploi","status":"publish","type":"page","link":"https:\/\/www.nooteboom.com\/fr\/recrutement\/demandes-demploi\/","title":{"rendered":"Demandes d&#8217;emploi"},"content":{"rendered":"<div class=\"wpb-content-wrapper\"><p>[vc_row][vc_column][vc_column_text]Vous cherchez un emploi stimulant et vari\u00e9 et une ambiance de travail amicale ?<\/p>\n<p>Il y a de nombreuses opportunit\u00e9s chez Nooteboom. Nooteboom recherche r\u00e9guli\u00e8rement des m\u00e9caniciens, des soudeurs, des installateurs de constructions, des peintres industriels, des ing\u00e9nieurs de l&rsquo;automobile. Des gens motiv\u00e9s avec une qualification enseignement professionnel sup\u00e9rieur (\u00ab\u00a0HBO\u00a0\u00bb) ou d&rsquo;enseignement secondaire professionnel (\u00ab\u00a0MBO\u00a0\u00bb), des ouvriers qualifi\u00e9s et comp\u00e9tents, des universitaires ayant le sens pratiques sont cordialement invit\u00e9s \u00e0 nous envoyer une candidature spontan\u00e9e.[\/vc_column_text][\/vc_column][\/vc_row][vc_row][vc_column width=\u00a0\u00bb1\/2&Prime;][vc_column_text]<strong>Int\u00e9ress\u00e9 ?<\/strong><\/p>\n<p>Nous aimerions recevoir votre candidature ouverte. Remplissez le formulaire ci-dessous et nous vous contacterons dans les plus brefs d\u00e9lais pour discuter des possibilit\u00e9s<\/p>\n<p><a class=\"button\" href=\"https:\/\/www.nooteboom.com\/fr\/recrutement\/demandes-demploi\/candidature-spontanee\/\">Candidature spontan\u00e9e<\/a>[\/vc_column_text][vc_text_separator title=\u00a0\u00bb\u00ab\u00a0Nooteboom offre d&rsquo;excellentes opportunit\u00e9s aux gens motiv\u00e9s avec une qualification d\u2019enseignement professionnel sup\u00e9rieur (\u00ab\u00a0HBO\u00ab\u00a0) ou d&rsquo;enseignement secondaire professionnel (\u00ab\u00a0MBO\u00ab\u00a0), des ouvriers qualifi\u00e9s et comp\u00e9tents, des universitaires ayant le sens pratique.\u00ab\u00a0\u00ab\u00a0][\/vc_column][vc_column width=\u00a0\u00bb1\/2&Prime;][vc_single_image image=\u00a0\u00bb1366&Prime; img_size=\u00a0\u00bblarge\u00a0\u00bb][\/vc_column][\/vc_row]<\/p>\n<\/div>","protected":false},"excerpt":{"rendered":"[vc_row][vc_column][vc_column_text]Vous cherchez un emploi stimulant et vari\u00e9 et une ambiance de travail amicale ? Il y a de nombreuses opportunit\u00e9s&#8230;","protected":false},"author":45,"featured_media":13609,"parent":9416,"menu_order":0,"comment_status":"closed","ping_status":"closed","template":"","meta":{"_acf_changed":false,"inline_featured_image":false,"footnotes":""},"class_list":["post-9433","page","type-page","status-publish","has-post-thumbnail","hentry"],"acf":[],"yoast_head":"<!-- This site is optimized with the Yoast SEO Premium plugin v25.7.1 (Yoast SEO v25.7) - https:\/\/yoast.com\/wordpress\/plugins\/seo\/ -->\n<title>Demandes d&#039;emploi | Nooteboom Trailers<\/title>\n<meta name=\"description\" content=\"Vous cherchez un emploi stimulant et vari\u00e9 et une ambiance de travail amicale ?\" \/>\n<meta name=\"robots\" content=\"index, follow, max-snippet:-1, max-image-preview:large, max-video-preview:-1\" \/>\n<link rel=\"canonical\" href=\"https:\/\/www.nooteboom.com\/fr\/recrutement\/demandes-demploi\/\" \/>\n<meta property=\"og:locale\" content=\"fr_FR\" \/>\n<meta property=\"og:type\" content=\"article\" \/>\n<meta property=\"og:title\" content=\"Demandes d&#039;emploi\" \/>\n<meta property=\"og:description\" content=\"Vous cherchez un emploi stimulant et vari\u00e9 et une ambiance de travail amicale ?\" \/>\n<meta property=\"og:url\" content=\"https:\/\/www.nooteboom.com\/fr\/recrutement\/demandes-demploi\/\" \/>\n<meta property=\"og:site_name\" content=\"Nooteboom Trailers\" \/>\n<meta property=\"article:publisher\" content=\"https:\/\/nl-nl.facebook.com\/nooteboomtrailers\/\" \/>\n<meta property=\"article:modified_time\" content=\"2021-05-12T11:36:17+00:00\" \/>\n<meta property=\"og:image\" content=\"https:\/\/www.nooteboom.com\/wp-content\/uploads\/Lars-Jeroen-Pascal-Wim-en-Max-IMG_5157.jpg\" \/>\n\t<meta property=\"og:image:width\" content=\"2500\" \/>\n\t<meta property=\"og:image:height\" content=\"1406\" \/>\n\t<meta property=\"og:image:type\" content=\"image\/jpeg\" \/>\n<meta name=\"twitter:card\" content=\"summary_large_image\" \/>\n<meta name=\"twitter:label1\" content=\"Dur\u00e9e de lecture estim\u00e9e\" \/>\n\t<meta name=\"twitter:data1\" content=\"1 minute\" \/>\n<script type=\"application\/ld+json\" class=\"yoast-schema-graph\">{\"@context\":\"https:\/\/schema.org\",\"@graph\":[{\"@type\":\"WebPage\",\"@id\":\"https:\/\/www.nooteboom.com\/fr\/recrutement\/demandes-demploi\/\",\"url\":\"https:\/\/www.nooteboom.com\/fr\/recrutement\/demandes-demploi\/\",\"name\":\"Demandes d'emploi | Nooteboom Trailers\",\"isPartOf\":{\"@id\":\"https:\/\/www.nooteboom.com\/fr\/#website\"},\"primaryImageOfPage\":{\"@id\":\"https:\/\/www.nooteboom.com\/fr\/recrutement\/demandes-demploi\/#primaryimage\"},\"image\":{\"@id\":\"https:\/\/www.nooteboom.com\/fr\/recrutement\/demandes-demploi\/#primaryimage\"},\"thumbnailUrl\":\"https:\/\/www.nooteboom.com\/wp-content\/uploads\/Lars-Jeroen-Pascal-Wim-en-Max-IMG_5157.jpg\",\"datePublished\":\"2016-08-01T11:40:47+00:00\",\"dateModified\":\"2021-05-12T11:36:17+00:00\",\"description\":\"Vous cherchez un emploi stimulant et vari\u00e9 et une ambiance de travail amicale ?\",\"breadcrumb\":{\"@id\":\"https:\/\/www.nooteboom.com\/fr\/recrutement\/demandes-demploi\/#breadcrumb\"},\"inLanguage\":\"fr-FR\",\"potentialAction\":[{\"@type\":\"ReadAction\",\"target\":[\"https:\/\/www.nooteboom.com\/fr\/recrutement\/demandes-demploi\/\"]}]},{\"@type\":\"ImageObject\",\"inLanguage\":\"fr-FR\",\"@id\":\"https:\/\/www.nooteboom.com\/fr\/recrutement\/demandes-demploi\/#primaryimage\",\"url\":\"https:\/\/www.nooteboom.com\/wp-content\/uploads\/Lars-Jeroen-Pascal-Wim-en-Max-IMG_5157.jpg\",\"contentUrl\":\"https:\/\/www.nooteboom.com\/wp-content\/uploads\/Lars-Jeroen-Pascal-Wim-en-Max-IMG_5157.jpg\",\"width\":2500,\"height\":1406},{\"@type\":\"BreadcrumbList\",\"@id\":\"https:\/\/www.nooteboom.com\/fr\/recrutement\/demandes-demploi\/#breadcrumb\",\"itemListElement\":[{\"@type\":\"ListItem\",\"position\":1,\"name\":\"Home\",\"item\":\"https:\/\/www.nooteboom.com\/fr\/\"},{\"@type\":\"ListItem\",\"position\":2,\"name\":\"Recrutement\",\"item\":\"https:\/\/www.nooteboom.com\/fr\/recrutement\/\"},{\"@type\":\"ListItem\",\"position\":3,\"name\":\"Demandes d&#8217;emploi\"}]},{\"@type\":\"WebSite\",\"@id\":\"https:\/\/www.nooteboom.com\/fr\/#website\",\"url\":\"https:\/\/www.nooteboom.com\/fr\/\",\"name\":\"Nooteboom Trailers\",\"description\":\"Gets you there.\",\"publisher\":{\"@id\":\"https:\/\/www.nooteboom.com\/fr\/#organization\"},\"potentialAction\":[{\"@type\":\"SearchAction\",\"target\":{\"@type\":\"EntryPoint\",\"urlTemplate\":\"https:\/\/www.nooteboom.com\/fr\/?s={search_term_string}\"},\"query-input\":{\"@type\":\"PropertyValueSpecification\",\"valueRequired\":true,\"valueName\":\"search_term_string\"}}],\"inLanguage\":\"fr-FR\"},{\"@type\":\"Organization\",\"@id\":\"https:\/\/www.nooteboom.com\/fr\/#organization\",\"name\":\"Nooteboom Trailers\",\"url\":\"https:\/\/www.nooteboom.com\/fr\/\",\"logo\":{\"@type\":\"ImageObject\",\"inLanguage\":\"fr-FR\",\"@id\":\"https:\/\/www.nooteboom.com\/fr\/#\/schema\/logo\/image\/\",\"url\":\"https:\/\/www.nooteboom.com\/wp-content\/uploads\/logo.png\",\"contentUrl\":\"https:\/\/www.nooteboom.com\/wp-content\/uploads\/logo.png\",\"width\":111,\"height\":66,\"caption\":\"Nooteboom Trailers\"},\"image\":{\"@id\":\"https:\/\/www.nooteboom.com\/fr\/#\/schema\/logo\/image\/\"},\"sameAs\":[\"https:\/\/nl-nl.facebook.com\/nooteboomtrailers\/\",\"https:\/\/nl.linkedin.com\/company\/nooteboom-trailers\",\"https:\/\/www.youtube.com\/user\/Nooteboomtrailers\"]}]}<\/script>\n<!-- \/ Yoast SEO Premium plugin. -->","yoast_head_json":{"title":"Demandes d'emploi | Nooteboom Trailers","description":"Vous cherchez un emploi stimulant et vari\u00e9 et une ambiance de travail amicale ?","robots":{"index":"index","follow":"follow","max-snippet":"max-snippet:-1","max-image-preview":"max-image-preview:large","max-video-preview":"max-video-preview:-1"},"canonical":"https:\/\/www.nooteboom.com\/fr\/recrutement\/demandes-demploi\/","og_locale":"fr_FR","og_type":"article","og_title":"Demandes d'emploi","og_description":"Vous cherchez un emploi stimulant et vari\u00e9 et une ambiance de travail amicale ?","og_url":"https:\/\/www.nooteboom.com\/fr\/recrutement\/demandes-demploi\/","og_site_name":"Nooteboom Trailers","article_publisher":"https:\/\/nl-nl.facebook.com\/nooteboomtrailers\/","article_modified_time":"2021-05-12T11:36:17+00:00","og_image":[{"width":2500,"height":1406,"url":"https:\/\/www.nooteboom.com\/wp-content\/uploads\/Lars-Jeroen-Pascal-Wim-en-Max-IMG_5157.jpg","type":"image\/jpeg"}],"twitter_card":"summary_large_image","twitter_misc":{"Dur\u00e9e de lecture estim\u00e9e":"1 minute"},"schema":{"@context":"https:\/\/schema.org","@graph":[{"@type":"WebPage","@id":"https:\/\/www.nooteboom.com\/fr\/recrutement\/demandes-demploi\/","url":"https:\/\/www.nooteboom.com\/fr\/recrutement\/demandes-demploi\/","name":"Demandes d'emploi | Nooteboom Trailers","isPartOf":{"@id":"https:\/\/www.nooteboom.com\/fr\/#website"},"primaryImageOfPage":{"@id":"https:\/\/www.nooteboom.com\/fr\/recrutement\/demandes-demploi\/#primaryimage"},"image":{"@id":"https:\/\/www.nooteboom.com\/fr\/recrutement\/demandes-demploi\/#primaryimage"},"thumbnailUrl":"https:\/\/www.nooteboom.com\/wp-content\/uploads\/Lars-Jeroen-Pascal-Wim-en-Max-IMG_5157.jpg","datePublished":"2016-08-01T11:40:47+00:00","dateModified":"2021-05-12T11:36:17+00:00","description":"Vous cherchez un emploi stimulant et vari\u00e9 et une ambiance de travail amicale ?","breadcrumb":{"@id":"https:\/\/www.nooteboom.com\/fr\/recrutement\/demandes-demploi\/#breadcrumb"},"inLanguage":"fr-FR","potentialAction":[{"@type":"ReadAction","target":["https:\/\/www.nooteboom.com\/fr\/recrutement\/demandes-demploi\/"]}]},{"@type":"ImageObject","inLanguage":"fr-FR","@id":"https:\/\/www.nooteboom.com\/fr\/recrutement\/demandes-demploi\/#primaryimage","url":"https:\/\/www.nooteboom.com\/wp-content\/uploads\/Lars-Jeroen-Pascal-Wim-en-Max-IMG_5157.jpg","contentUrl":"https:\/\/www.nooteboom.com\/wp-content\/uploads\/Lars-Jeroen-Pascal-Wim-en-Max-IMG_5157.jpg","width":2500,"height":1406},{"@type":"BreadcrumbList","@id":"https:\/\/www.nooteboom.com\/fr\/recrutement\/demandes-demploi\/#breadcrumb","itemListElement":[{"@type":"ListItem","position":1,"name":"Home","item":"https:\/\/www.nooteboom.com\/fr\/"},{"@type":"ListItem","position":2,"name":"Recrutement","item":"https:\/\/www.nooteboom.com\/fr\/recrutement\/"},{"@type":"ListItem","position":3,"name":"Demandes d&#8217;emploi"}]},{"@type":"WebSite","@id":"https:\/\/www.nooteboom.com\/fr\/#website","url":"https:\/\/www.nooteboom.com\/fr\/","name":"Nooteboom Trailers","description":"Gets you there.","publisher":{"@id":"https:\/\/www.nooteboom.com\/fr\/#organization"},"potentialAction":[{"@type":"SearchAction","target":{"@type":"EntryPoint","urlTemplate":"https:\/\/www.nooteboom.com\/fr\/?s={search_term_string}"},"query-input":{"@type":"PropertyValueSpecification","valueRequired":true,"valueName":"search_term_string"}}],"inLanguage":"fr-FR"},{"@type":"Organization","@id":"https:\/\/www.nooteboom.com\/fr\/#organization","name":"Nooteboom Trailers","url":"https:\/\/www.nooteboom.com\/fr\/","logo":{"@type":"ImageObject","inLanguage":"fr-FR","@id":"https:\/\/www.nooteboom.com\/fr\/#\/schema\/logo\/image\/","url":"https:\/\/www.nooteboom.com\/wp-content\/uploads\/logo.png","contentUrl":"https:\/\/www.nooteboom.com\/wp-content\/uploads\/logo.png","width":111,"height":66,"caption":"Nooteboom Trailers"},"image":{"@id":"https:\/\/www.nooteboom.com\/fr\/#\/schema\/logo\/image\/"},"sameAs":["https:\/\/nl-nl.facebook.com\/nooteboomtrailers\/","https:\/\/nl.linkedin.com\/company\/nooteboom-trailers","https:\/\/www.youtube.com\/user\/Nooteboomtrailers"]}]}},"_links":{"self":[{"href":"https:\/\/www.nooteboom.com\/fr\/wp-json\/wp\/v2\/pages\/9433","targetHints":{"allow":["GET"]}}],"collection":[{"href":"https:\/\/www.nooteboom.com\/fr\/wp-json\/wp\/v2\/pages"}],"about":[{"href":"https:\/\/www.nooteboom.com\/fr\/wp-json\/wp\/v2\/types\/page"}],"author":[{"embeddable":true,"href":"https:\/\/www.nooteboom.com\/fr\/wp-json\/wp\/v2\/users\/45"}],"replies":[{"embeddable":true,"href":"https:\/\/www.nooteboom.com\/fr\/wp-json\/wp\/v2\/comments?post=9433"}],"version-history":[{"count":4,"href":"https:\/\/www.nooteboom.com\/fr\/wp-json\/wp\/v2\/pages\/9433\/revisions"}],"predecessor-version":[{"id":9760,"href":"https:\/\/www.nooteboom.com\/fr\/wp-json\/wp\/v2\/pages\/9433\/revisions\/9760"}],"up":[{"embeddable":true,"href":"https:\/\/www.nooteboom.com\/fr\/wp-json\/wp\/v2\/pages\/9416"}],"wp:featuredmedia":[{"embeddable":true,"href":"https:\/\/www.nooteboom.com\/fr\/wp-json\/wp\/v2\/media\/13609"}],"wp:attachment":[{"href":"https:\/\/www.nooteboom.com\/fr\/wp-json\/wp\/v2\/media?parent=9433"}],"curies":[{"name":"wp","href":"https:\/\/api.w.org\/{rel}","templated":true}]}}