{"id":9431,"date":"2016-08-01T13:38:22","date_gmt":"2016-08-01T11:38:22","guid":{"rendered":"https:\/\/www.nooteboom.com\/?page_id=9431&#038;lang=fr"},"modified":"2016-08-03T10:31:22","modified_gmt":"2016-08-03T08:31:22","slug":"apprentissage-approuve","status":"publish","type":"page","link":"https:\/\/www.nooteboom.com\/fr\/recrutement\/apprentissage-approuve\/","title":{"rendered":"Apprentissage approuv\u00e9"},"content":{"rendered":"<div class=\"wpb-content-wrapper\"><p>[vc_row][vc_column width=\u00a0\u00bb1\/2&Prime;][vc_column_text]En collaboration avec le coll\u00e8ge technique ROC, Nooteboom a d\u00e9velopp\u00e9 un programme de formation interne pour les soudeurs et les m\u00e9caniciens. Nooteboom est une entreprise de formation agr\u00e9\u00e9e pour la soudure \/ la construction et la m\u00e9catronique.\u00a0Le service des ressources humaines, en collaboration avec ROC, a mis au point son propre programme de formation en interne.<\/p>\n<p>Ce cours de formation professionnelle de 2 ans (BBL) pour soudeurs et m\u00e9caniciens se d\u00e9roule \u00e0 Nooteboom. Les \u00e9l\u00e8ves passent un jour par semaine \u00e0 l&rsquo;\u00e9cole dans une salle de classe dans les locaux de Nooteboom o\u00f9 un professeur de ROC leur fournit un enseignement un jour par semaine.<\/p>\n<p>Les \u00e9l\u00e8ves passent les quatre autres jours ouvrables \u00e0 acqu\u00e9rir une exp\u00e9rience pratique en travaillant dans la production.\u00a0Nooteboom poss\u00e8de \u00e9galement sa propre \u00e9cole de soudure, o\u00f9 les \u00e9l\u00e8ves travaillent sur des missions qui se rapportent \u00e0 la production d&rsquo;une remorque.<\/p>\n<p>En plus de transmettre des connaissances et un savoir-faire, l&rsquo;\u00e9cole de soudure permet \u00e9galement de faire la transition entre l&rsquo;\u00e9cole et le monde professionnel.\u00a0Les \u00e9l\u00e8ves apprennent \u00e0 respecter les r\u00e8gles de l&rsquo;entreprise et \u00e0 appr\u00e9cient l&rsquo;importance de la camaraderie et de la responsabilit\u00e9.[\/vc_column_text][\/vc_column][vc_column width=\u00a0\u00bb1\/2&Prime;][vc_single_image image=\u00a0\u00bb1359&Prime; img_size=\u00a0\u00bblarge\u00a0\u00bb][\/vc_column][\/vc_row][vc_row][vc_column][\/vc_column][\/vc_row]<\/p>\n<\/div>","protected":false},"excerpt":{"rendered":"[vc_row][vc_column width=\u00a0\u00bb1\/2&Prime;][vc_column_text]En collaboration avec le coll\u00e8ge technique ROC, Nooteboom a d\u00e9velopp\u00e9 un programme de formation interne pour les soudeurs et&#8230;","protected":false},"author":45,"featured_media":13621,"parent":9416,"menu_order":0,"comment_status":"closed","ping_status":"closed","template":"","meta":{"_acf_changed":false,"inline_featured_image":false,"footnotes":""},"class_list":["post-9431","page","type-page","status-publish","has-post-thumbnail","hentry"],"acf":[],"yoast_head":"<!-- This site is optimized with the Yoast SEO Premium plugin v25.7.1 (Yoast SEO v25.7) - https:\/\/yoast.com\/wordpress\/plugins\/seo\/ -->\n<title>Apprentissage approuv\u00e9 | Nooteboom Trailers<\/title>\n<meta name=\"description\" content=\"En collaboration avec le coll\u00e8ge technique ROC, Nooteboom a d\u00e9velopp\u00e9 un programme de formation interne pour les soudeurs et les m\u00e9caniciens.\" \/>\n<meta name=\"robots\" content=\"index, follow, max-snippet:-1, max-image-preview:large, max-video-preview:-1\" \/>\n<link rel=\"canonical\" href=\"https:\/\/www.nooteboom.com\/fr\/recrutement\/apprentissage-approuve\/\" \/>\n<meta property=\"og:locale\" content=\"fr_FR\" \/>\n<meta property=\"og:type\" content=\"article\" \/>\n<meta property=\"og:title\" content=\"Apprentissage approuv\u00e9\" \/>\n<meta property=\"og:description\" content=\"En collaboration avec le coll\u00e8ge technique ROC, Nooteboom a d\u00e9velopp\u00e9 un programme de formation interne pour les soudeurs et les m\u00e9caniciens.\" \/>\n<meta property=\"og:url\" content=\"https:\/\/www.nooteboom.com\/fr\/recrutement\/apprentissage-approuve\/\" \/>\n<meta property=\"og:site_name\" content=\"Nooteboom Trailers\" \/>\n<meta property=\"article:publisher\" content=\"https:\/\/nl-nl.facebook.com\/nooteboomtrailers\/\" \/>\n<meta property=\"article:modified_time\" content=\"2016-08-03T08:31:22+00:00\" \/>\n<meta property=\"og:image\" content=\"https:\/\/www.nooteboom.com\/wp-content\/uploads\/DJP_6081.jpg\" \/>\n\t<meta property=\"og:image:width\" content=\"2500\" \/>\n\t<meta property=\"og:image:height\" content=\"1664\" \/>\n\t<meta property=\"og:image:type\" content=\"image\/jpeg\" \/>\n<meta name=\"twitter:card\" content=\"summary_large_image\" \/>\n<meta name=\"twitter:label1\" content=\"Dur\u00e9e de lecture estim\u00e9e\" \/>\n\t<meta name=\"twitter:data1\" content=\"1 minute\" \/>\n<script type=\"application\/ld+json\" class=\"yoast-schema-graph\">{\"@context\":\"https:\/\/schema.org\",\"@graph\":[{\"@type\":\"WebPage\",\"@id\":\"https:\/\/www.nooteboom.com\/fr\/recrutement\/apprentissage-approuve\/\",\"url\":\"https:\/\/www.nooteboom.com\/fr\/recrutement\/apprentissage-approuve\/\",\"name\":\"Apprentissage approuv\u00e9 | Nooteboom Trailers\",\"isPartOf\":{\"@id\":\"https:\/\/www.nooteboom.com\/fr\/#website\"},\"primaryImageOfPage\":{\"@id\":\"https:\/\/www.nooteboom.com\/fr\/recrutement\/apprentissage-approuve\/#primaryimage\"},\"image\":{\"@id\":\"https:\/\/www.nooteboom.com\/fr\/recrutement\/apprentissage-approuve\/#primaryimage\"},\"thumbnailUrl\":\"https:\/\/www.nooteboom.com\/wp-content\/uploads\/DJP_6081.jpg\",\"datePublished\":\"2016-08-01T11:38:22+00:00\",\"dateModified\":\"2016-08-03T08:31:22+00:00\",\"description\":\"En collaboration avec le coll\u00e8ge technique ROC, Nooteboom a d\u00e9velopp\u00e9 un programme de formation interne pour les soudeurs et les m\u00e9caniciens.\",\"breadcrumb\":{\"@id\":\"https:\/\/www.nooteboom.com\/fr\/recrutement\/apprentissage-approuve\/#breadcrumb\"},\"inLanguage\":\"fr-FR\",\"potentialAction\":[{\"@type\":\"ReadAction\",\"target\":[\"https:\/\/www.nooteboom.com\/fr\/recrutement\/apprentissage-approuve\/\"]}]},{\"@type\":\"ImageObject\",\"inLanguage\":\"fr-FR\",\"@id\":\"https:\/\/www.nooteboom.com\/fr\/recrutement\/apprentissage-approuve\/#primaryimage\",\"url\":\"https:\/\/www.nooteboom.com\/wp-content\/uploads\/DJP_6081.jpg\",\"contentUrl\":\"https:\/\/www.nooteboom.com\/wp-content\/uploads\/DJP_6081.jpg\",\"width\":2500,\"height\":1664},{\"@type\":\"BreadcrumbList\",\"@id\":\"https:\/\/www.nooteboom.com\/fr\/recrutement\/apprentissage-approuve\/#breadcrumb\",\"itemListElement\":[{\"@type\":\"ListItem\",\"position\":1,\"name\":\"Home\",\"item\":\"https:\/\/www.nooteboom.com\/fr\/\"},{\"@type\":\"ListItem\",\"position\":2,\"name\":\"Recrutement\",\"item\":\"https:\/\/www.nooteboom.com\/fr\/recrutement\/\"},{\"@type\":\"ListItem\",\"position\":3,\"name\":\"Apprentissage approuv\u00e9\"}]},{\"@type\":\"WebSite\",\"@id\":\"https:\/\/www.nooteboom.com\/fr\/#website\",\"url\":\"https:\/\/www.nooteboom.com\/fr\/\",\"name\":\"Nooteboom Trailers\",\"description\":\"Gets you there.\",\"publisher\":{\"@id\":\"https:\/\/www.nooteboom.com\/fr\/#organization\"},\"potentialAction\":[{\"@type\":\"SearchAction\",\"target\":{\"@type\":\"EntryPoint\",\"urlTemplate\":\"https:\/\/www.nooteboom.com\/fr\/?s={search_term_string}\"},\"query-input\":{\"@type\":\"PropertyValueSpecification\",\"valueRequired\":true,\"valueName\":\"search_term_string\"}}],\"inLanguage\":\"fr-FR\"},{\"@type\":\"Organization\",\"@id\":\"https:\/\/www.nooteboom.com\/fr\/#organization\",\"name\":\"Nooteboom Trailers\",\"url\":\"https:\/\/www.nooteboom.com\/fr\/\",\"logo\":{\"@type\":\"ImageObject\",\"inLanguage\":\"fr-FR\",\"@id\":\"https:\/\/www.nooteboom.com\/fr\/#\/schema\/logo\/image\/\",\"url\":\"https:\/\/www.nooteboom.com\/wp-content\/uploads\/logo.png\",\"contentUrl\":\"https:\/\/www.nooteboom.com\/wp-content\/uploads\/logo.png\",\"width\":111,\"height\":66,\"caption\":\"Nooteboom Trailers\"},\"image\":{\"@id\":\"https:\/\/www.nooteboom.com\/fr\/#\/schema\/logo\/image\/\"},\"sameAs\":[\"https:\/\/nl-nl.facebook.com\/nooteboomtrailers\/\",\"https:\/\/nl.linkedin.com\/company\/nooteboom-trailers\",\"https:\/\/www.youtube.com\/user\/Nooteboomtrailers\"]}]}<\/script>\n<!-- \/ Yoast SEO Premium plugin. -->","yoast_head_json":{"title":"Apprentissage approuv\u00e9 | Nooteboom Trailers","description":"En collaboration avec le coll\u00e8ge technique ROC, Nooteboom a d\u00e9velopp\u00e9 un programme de formation interne pour les soudeurs et les m\u00e9caniciens.","robots":{"index":"index","follow":"follow","max-snippet":"max-snippet:-1","max-image-preview":"max-image-preview:large","max-video-preview":"max-video-preview:-1"},"canonical":"https:\/\/www.nooteboom.com\/fr\/recrutement\/apprentissage-approuve\/","og_locale":"fr_FR","og_type":"article","og_title":"Apprentissage approuv\u00e9","og_description":"En collaboration avec le coll\u00e8ge technique ROC, Nooteboom a d\u00e9velopp\u00e9 un programme de formation interne pour les soudeurs et les m\u00e9caniciens.","og_url":"https:\/\/www.nooteboom.com\/fr\/recrutement\/apprentissage-approuve\/","og_site_name":"Nooteboom Trailers","article_publisher":"https:\/\/nl-nl.facebook.com\/nooteboomtrailers\/","article_modified_time":"2016-08-03T08:31:22+00:00","og_image":[{"width":2500,"height":1664,"url":"https:\/\/www.nooteboom.com\/wp-content\/uploads\/DJP_6081.jpg","type":"image\/jpeg"}],"twitter_card":"summary_large_image","twitter_misc":{"Dur\u00e9e de lecture estim\u00e9e":"1 minute"},"schema":{"@context":"https:\/\/schema.org","@graph":[{"@type":"WebPage","@id":"https:\/\/www.nooteboom.com\/fr\/recrutement\/apprentissage-approuve\/","url":"https:\/\/www.nooteboom.com\/fr\/recrutement\/apprentissage-approuve\/","name":"Apprentissage approuv\u00e9 | Nooteboom Trailers","isPartOf":{"@id":"https:\/\/www.nooteboom.com\/fr\/#website"},"primaryImageOfPage":{"@id":"https:\/\/www.nooteboom.com\/fr\/recrutement\/apprentissage-approuve\/#primaryimage"},"image":{"@id":"https:\/\/www.nooteboom.com\/fr\/recrutement\/apprentissage-approuve\/#primaryimage"},"thumbnailUrl":"https:\/\/www.nooteboom.com\/wp-content\/uploads\/DJP_6081.jpg","datePublished":"2016-08-01T11:38:22+00:00","dateModified":"2016-08-03T08:31:22+00:00","description":"En collaboration avec le coll\u00e8ge technique ROC, Nooteboom a d\u00e9velopp\u00e9 un programme de formation interne pour les soudeurs et les m\u00e9caniciens.","breadcrumb":{"@id":"https:\/\/www.nooteboom.com\/fr\/recrutement\/apprentissage-approuve\/#breadcrumb"},"inLanguage":"fr-FR","potentialAction":[{"@type":"ReadAction","target":["https:\/\/www.nooteboom.com\/fr\/recrutement\/apprentissage-approuve\/"]}]},{"@type":"ImageObject","inLanguage":"fr-FR","@id":"https:\/\/www.nooteboom.com\/fr\/recrutement\/apprentissage-approuve\/#primaryimage","url":"https:\/\/www.nooteboom.com\/wp-content\/uploads\/DJP_6081.jpg","contentUrl":"https:\/\/www.nooteboom.com\/wp-content\/uploads\/DJP_6081.jpg","width":2500,"height":1664},{"@type":"BreadcrumbList","@id":"https:\/\/www.nooteboom.com\/fr\/recrutement\/apprentissage-approuve\/#breadcrumb","itemListElement":[{"@type":"ListItem","position":1,"name":"Home","item":"https:\/\/www.nooteboom.com\/fr\/"},{"@type":"ListItem","position":2,"name":"Recrutement","item":"https:\/\/www.nooteboom.com\/fr\/recrutement\/"},{"@type":"ListItem","position":3,"name":"Apprentissage approuv\u00e9"}]},{"@type":"WebSite","@id":"https:\/\/www.nooteboom.com\/fr\/#website","url":"https:\/\/www.nooteboom.com\/fr\/","name":"Nooteboom Trailers","description":"Gets you there.","publisher":{"@id":"https:\/\/www.nooteboom.com\/fr\/#organization"},"potentialAction":[{"@type":"SearchAction","target":{"@type":"EntryPoint","urlTemplate":"https:\/\/www.nooteboom.com\/fr\/?s={search_term_string}"},"query-input":{"@type":"PropertyValueSpecification","valueRequired":true,"valueName":"search_term_string"}}],"inLanguage":"fr-FR"},{"@type":"Organization","@id":"https:\/\/www.nooteboom.com\/fr\/#organization","name":"Nooteboom Trailers","url":"https:\/\/www.nooteboom.com\/fr\/","logo":{"@type":"ImageObject","inLanguage":"fr-FR","@id":"https:\/\/www.nooteboom.com\/fr\/#\/schema\/logo\/image\/","url":"https:\/\/www.nooteboom.com\/wp-content\/uploads\/logo.png","contentUrl":"https:\/\/www.nooteboom.com\/wp-content\/uploads\/logo.png","width":111,"height":66,"caption":"Nooteboom Trailers"},"image":{"@id":"https:\/\/www.nooteboom.com\/fr\/#\/schema\/logo\/image\/"},"sameAs":["https:\/\/nl-nl.facebook.com\/nooteboomtrailers\/","https:\/\/nl.linkedin.com\/company\/nooteboom-trailers","https:\/\/www.youtube.com\/user\/Nooteboomtrailers"]}]}},"_links":{"self":[{"href":"https:\/\/www.nooteboom.com\/fr\/wp-json\/wp\/v2\/pages\/9431","targetHints":{"allow":["GET"]}}],"collection":[{"href":"https:\/\/www.nooteboom.com\/fr\/wp-json\/wp\/v2\/pages"}],"about":[{"href":"https:\/\/www.nooteboom.com\/fr\/wp-json\/wp\/v2\/types\/page"}],"author":[{"embeddable":true,"href":"https:\/\/www.nooteboom.com\/fr\/wp-json\/wp\/v2\/users\/45"}],"replies":[{"embeddable":true,"href":"https:\/\/www.nooteboom.com\/fr\/wp-json\/wp\/v2\/comments?post=9431"}],"version-history":[{"count":4,"href":"https:\/\/www.nooteboom.com\/fr\/wp-json\/wp\/v2\/pages\/9431\/revisions"}],"predecessor-version":[{"id":9769,"href":"https:\/\/www.nooteboom.com\/fr\/wp-json\/wp\/v2\/pages\/9431\/revisions\/9769"}],"up":[{"embeddable":true,"href":"https:\/\/www.nooteboom.com\/fr\/wp-json\/wp\/v2\/pages\/9416"}],"wp:featuredmedia":[{"embeddable":true,"href":"https:\/\/www.nooteboom.com\/fr\/wp-json\/wp\/v2\/media\/13621"}],"wp:attachment":[{"href":"https:\/\/www.nooteboom.com\/fr\/wp-json\/wp\/v2\/media?parent=9431"}],"curies":[{"name":"wp","href":"https:\/\/api.w.org\/{rel}","templated":true}]}}