{"id":9416,"date":"2016-08-01T13:17:21","date_gmt":"2016-08-01T11:17:21","guid":{"rendered":"https:\/\/www.nooteboom.com\/?page_id=9416&#038;lang=fr"},"modified":"2024-10-15T12:06:58","modified_gmt":"2024-10-15T10:06:58","slug":"recrutement","status":"publish","type":"page","link":"https:\/\/www.nooteboom.com\/fr\/recrutement\/","title":{"rendered":"Recrutement"},"content":{"rendered":"<div class=\"wpb-content-wrapper\"><p>[vc_row][vc_column width=\u00a0\u00bb1\/2&Prime;][vc_column_text]En Europe, Nooteboom est une entreprise internationale r\u00e9put\u00e9e dans le secteur des remorques et semi-remorques pour le transport routier exceptionnel. \u00c0 l&rsquo;\u00e9chelle r\u00e9gionale Nooteboom est un employeur appr\u00e9ci\u00e9 de plus de 500 travailleurs qualifi\u00e9s, sur son territoire et \u00e0 l&rsquo;\u00e9tranger. Tous les employ\u00e9s Nooteboom ont une chose en commun : ils ont une passion pour les remorques et sont tr\u00e8s int\u00e9ress\u00e9s par le produit.<\/p>\n<p>Le respect de fabrication et la qualit\u00e9 sont l&rsquo;\u00e9pine dorsale de l&rsquo;ensemble de l&rsquo;entreprise. Le d\u00e9sir de contribuer individuellement \u00e0 la fabrication d&rsquo;un produit innovant et fiable de haute qualit\u00e9 est ce qui nous unit. Des personnes ambitieuses qui aiment travailler pour une entreprise connue et innovante comme la n\u00f4tre. Parce que chez Nooteboom les opportunit\u00e9s d&rsquo;\u00e9volution et de faire carri\u00e8re sont nombreuses. La structure horizontale organisationnelle et l&rsquo;attribution des responsabilit\u00e9s et de comp\u00e9tence aux employ\u00e9s des ateliers de production sont les caract\u00e9ristique de l&rsquo;ambiance de travail chez Nooteboom. Les travaux de soudure m\u00e9ticuleux sont tout aussi importants que l&rsquo;achat de mat\u00e9riaux et de pi\u00e8ces conformes.[\/vc_column_text][\/vc_column][vc_column width=\u00a0\u00bb1\/2&Prime;]<div class=\"vc_calltoaction newsletter centered\">\n\n\t\n\t\t\t<a target=\"\" href=\"https:\/\/www.nooteboom.com\/career\/vacancies-internships\/\" class=\"button\">\n\t\t\tVacancies & Internships\t\t\t<span class=\"fa fa-chevron-right\"><\/span>\n\t\t<\/a>\n\t\n<\/div>[vc_single_image image=\u00a0\u00bb1354&Prime; img_size=\u00a0\u00bblarge\u00a0\u00bb][\/vc_column][\/vc_row][vc_row][vc_column]<div class=\"content hidden\">\n\n\t<p>Le travail d&rsquo;\u00e9quipe, l&rsquo;ouverture, la serviabilit\u00e9, le sens des responsabilit\u00e9s et des comp\u00e9tences sont tr\u00e8s appr\u00e9ci\u00e9s dans chaque service. Les employ\u00e9s travaillent en \u00e9quipe, dans une atmosph\u00e8re de travail amicale et au sein d\u2019une entreprise saine pour obtenir les meilleurs r\u00e9sultats.<\/p>\n<p>Avec la reconnaissance des r\u00e9alisations personnelles et de nombreuses possibilit\u00e9s de d\u00e9veloppement individuel.\u00a0Pour tous les employ\u00e9s de Nooteboom nous attendons un certain nombre de valeurs fondamentales bien particuli\u00e8res.<\/p>\n<p><strong>Les employ\u00e9s de Nooteboom :<\/strong><\/p>\n<ul>\n<li>Apportent une contribution personnelle \u00e0 la satisfaction des clients<\/li>\n<li>aiment travailler en \u00e9quipe et contribuer personnellement au produit final<\/li>\n<li>n&rsquo;ont pas peur de prendre des responsabilit\u00e9s et de montrer leur engagement<\/li>\n<li>disent ce qu&rsquo;ils font et font ce qu&rsquo;ils disent<\/li>\n<li>visent \u00e0 traiter leurs coll\u00e8gues avec respect et sont ouverts et honn\u00eates<\/li>\n<li>se passionnent pour les remorques et font preuve d&rsquo;initiative pour am\u00e9liorer les produits et les proc\u00e9d\u00e9s<\/li>\n<li>sont conscients que le travail m\u00e9ticuleux est d&rsquo;une importance vitale pour le produit final collectif<\/li>\n<li>sont des ambassadeurs pour Nooteboom<\/li>\n<\/ul>\n<p>\n\n<\/div>\n\n<div class=\"vc_read_more print more\">\n\n\t\n\t<a href=\"#readmore\" data-less=\"Lire moins\" data-more=\"Lire la suite\" class=\"button\">\n\t\t<em>Lire la suite<\/em>\n\t\t<span class=\"fa fa-chevron-right\"><\/span>\n\t<\/a>\n\n<\/div><div class=\"vc_calltoaction newsletter centered\">\n\n\t\n\t\t\t<a target=\"\" href=\"http:\/\/Neue \u2018Working At\u2019-Website\" class=\"button\">\n\t\t\tOffres d'emploi et stages\t\t\t<span class=\"fa fa-chevron-right\"><\/span>\n\t\t<\/a>\n\t\n<\/div>[\/vc_column][\/vc_row][vc_row][vc_column][vc_column_text]<\/p>\n<h2>Contact<\/h2>\n<p>[\/vc_column_text][\/vc_column][\/vc_row][vc_row][vc_column width=\u00a0\u00bb1\/3&Prime;]<div class=\"vc_teaser\">\n\n\t\n\t\t<div onclick=\"window.location.href='mailto:a.kroef@nooteboom.com';\" class=\"vc_teaser__inner clickable\">\n\n\t\t\t\t\t\t\t<figure>\n\t\t\t\t\t<img\n\t\t\t\t\t\t\tsrc=\"https:\/\/www.nooteboom.com\/wp-content\/uploads\/Anke-Kroef-IMG_8111-500x333.jpg\"\n\t\t\t\t\t\t\talt=\"Recrutement\"\n\t\t\t\t\t\t\t\t\t\t\t\t\tsrcset=\"https:\/\/www.nooteboom.com\/wp-content\/uploads\/Anke-Kroef-IMG_8111-300x199.jpg 300w,https:\/\/www.nooteboom.com\/wp-content\/uploads\/Anke-Kroef-IMG_8111-768x511.jpg 768w,https:\/\/www.nooteboom.com\/wp-content\/uploads\/Anke-Kroef-IMG_8111-1024x681.jpg 1024w\"\n\t\t\t\t\t\t\tsizes=\"(max-width: 400px) 100vw, 400px\"\n\t\t\t\t\t\t\t\t\t\t\t>\n\t\t\t\t<\/figure>\n\t\t\t\n\t\t\t\t\t\t\t<a href=\"mailto:a.kroef@nooteboom.com\" target=\"\"\n\t\t\t\t   title=\"a.kroef@nooteboom.com\" class=\"button red\">\n\t\t\t\t\tAnke Kroef\t\t\t\t\t<span class=\"fa fa-chevron-right\"><\/span>\n\t\t\t\t<\/a>\n\t\t\t\n\t\t<\/div>\n\n\t\n<\/div>[vc_column_text]<\/p>\n<table style=\"border-collapse: collapse; width: 100%;\">\n<tbody>\n<tr>\n<td style=\"width: 100%; text-align: center;\">\n<address>Manager HR<\/address>\n<address><strong>E<\/strong>\u00a0<a href=\"mailto:a.kroef@nooteboom.com\">a.kroef@nooteboom.com<\/a><\/address>\n<address><span style=\"color: #ffffff;\">|<\/span><\/address>\n<\/td>\n<\/tr>\n<\/tbody>\n<\/table>\n<p>[\/vc_column_text][\/vc_column][vc_column width=\u00a0\u00bb1\/3&Prime;]<div class=\"vc_teaser\">\n\n\t\n\t\t<div onclick=\"window.location.href='mailto:l.steur@nooteboom.com';\" class=\"vc_teaser__inner clickable\">\n\n\t\t\t\t\t\t\t<figure>\n\t\t\t\t\t<img\n\t\t\t\t\t\t\tsrc=\"https:\/\/www.nooteboom.com\/wp-content\/uploads\/liekesteur-500x333.jpg\"\n\t\t\t\t\t\t\talt=\"Recrutement\"\n\t\t\t\t\t\t\t\t\t\t\t\t\tsrcset=\"https:\/\/www.nooteboom.com\/wp-content\/uploads\/liekesteur-300x199.jpg 300w,https:\/\/www.nooteboom.com\/wp-content\/uploads\/liekesteur-768x511.jpg 768w,https:\/\/www.nooteboom.com\/wp-content\/uploads\/liekesteur-1024x681.jpg 1024w\"\n\t\t\t\t\t\t\tsizes=\"(max-width: 500px) 100vw, 500px\"\n\t\t\t\t\t\t\t\t\t\t\t>\n\t\t\t\t<\/figure>\n\t\t\t\n\t\t\t\t\t\t\t<a href=\"mailto:l.steur@nooteboom.com\" target=\"\"\n\t\t\t\t   title=\"l.steur@nooteboom.com\" class=\"button red\">\n\t\t\t\t\tGlenn Uijt den Boogaard\t\t\t\t\t<span class=\"fa fa-chevron-right\"><\/span>\n\t\t\t\t<\/a>\n\t\t\t\n\t\t<\/div>\n\n\t\n<\/div>[vc_column_text]<\/p>\n<table style=\"border-collapse: collapse; width: 100%;\">\n<tbody>\n<tr>\n<td style=\"width: 100%; text-align: center;\">\n<address>Recruiter<\/address>\n<address><strong>E<\/strong>\u00a0<a class=\"\" href=\"l.steur@nooteboom.com\">l.steur@nooteboom.com<\/a><\/address>\n<address><strong>T<\/strong> +31 641 68 0523<\/address>\n<\/td>\n<\/tr>\n<\/tbody>\n<\/table>\n<p>[\/vc_column_text][\/vc_column][vc_column width=\u00a0\u00bb1\/3&Prime;]<div class=\"vc_teaser\">\n\n\t\n\t\t<div onclick=\"window.location.href='mailto:m.verstegen@nooteboom.com';\" class=\"vc_teaser__inner clickable\">\n\n\t\t\t\t\t\t\t<figure>\n\t\t\t\t\t<img\n\t\t\t\t\t\t\tsrc=\"https:\/\/www.nooteboom.com\/wp-content\/uploads\/Marc-verstegen-500x333.jpg\"\n\t\t\t\t\t\t\talt=\"Recrutement\"\n\t\t\t\t\t\t\t\t\t\t\t\t\tsrcset=\"https:\/\/www.nooteboom.com\/wp-content\/uploads\/Marc-verstegen-300x199.jpg 300w,https:\/\/www.nooteboom.com\/wp-content\/uploads\/Marc-verstegen-768x511.jpg 768w,https:\/\/www.nooteboom.com\/wp-content\/uploads\/Marc-verstegen-1024x681.jpg 1024w\"\n\t\t\t\t\t\t\tsizes=\"(max-width: 400px) 100vw, 400px\"\n\t\t\t\t\t\t\t\t\t\t\t>\n\t\t\t\t<\/figure>\n\t\t\t\n\t\t\t\t\t\t\t<a href=\"mailto:m.verstegen@nooteboom.com\" target=\"\"\n\t\t\t\t   title=\"Marc Verstegen\" class=\"button red\">\n\t\t\t\t\tMarc Verstegen\t\t\t\t\t<span class=\"fa fa-chevron-right\"><\/span>\n\t\t\t\t<\/a>\n\t\t\t\n\t\t<\/div>\n\n\t\n<\/div>[vc_column_text]<\/p>\n<table style=\"border-collapse: collapse; width: 100%;\">\n<tbody>\n<tr>\n<td style=\"width: 100%; text-align: center;\">\n<address>HR adviseur<\/address>\n<address><strong>E<\/strong>\u00a0<a class=\"\" href=\"mailto:m.verstegen@nooteboom.com\">m.verstegen@nooteboom.com<\/a><\/address>\n<\/td>\n<\/tr>\n<\/tbody>\n<\/table>\n<p>[\/vc_column_text][\/vc_column][\/vc_row][vc_row][vc_column][vc_separator][\/vc_column][\/vc_row][vc_row][vc_column width=\u00a0\u00bb1\/2&Prime;][vc_column_text]<\/p>\n<h3><a href=\"https:\/\/www.linkedin.com\/company\/1385240\/\">FOLLOW US<\/a><img loading=\"lazy\" decoding=\"async\" class=\"wp-image-1079528 alignleft\" src=\"https:\/\/www.nooteboom.com\/wp-content\/uploads\/linkedin-300x300.png\" alt=\"linkedin\" width=\"43\" height=\"42\" srcset=\"https:\/\/www.nooteboom.com\/wp-content\/uploads\/linkedin-300x300.png 300w, https:\/\/www.nooteboom.com\/wp-content\/uploads\/linkedin-150x150.png 150w, https:\/\/www.nooteboom.com\/wp-content\/uploads\/linkedin.png 500w\" sizes=\"auto, (max-width: 43px) 100vw, 43px\" \/><\/h3>\n<p>[\/vc_column_text][vc_raw_html]JTNDc2NyaXB0JTIwc3JjJTNEJTIyJTJGJTJGcGxhdGZvcm0ubGlua2VkaW4uY29tJTJGaW4uanMlMjIlMjB0eXBlJTNEJTIydGV4dCUyRmphdmFzY3JpcHQlMjIlM0UlM0MlMkZzY3JpcHQlM0UlMEElM0NzY3JpcHQlMjB0eXBlJTNEJTIySU4lMkZDb21wYW55UHJvZmlsZSUyMiUyMGRhdGEtaWQlM0QlMjIxMzg1MjQwJTIyJTIwZGF0YS1mb3JtYXQlM0QlMjJpbmxpbmUlMjIlMjBkYXRhLXJlbGF0ZWQlM0QlMjJmYWxzZSUyMiUzRSUzQyUyRnNjcmlwdCUzRQ==[\/vc_raw_html][\/vc_column][vc_column width=\u00a0\u00bb1\/2&Prime;][\/vc_column][\/vc_row]<\/p>\n<\/div>","protected":false},"excerpt":{"rendered":"[vc_row][vc_column width=\u00a0\u00bb1\/2&Prime;][vc_column_text]En Europe, Nooteboom est une entreprise internationale r\u00e9put\u00e9e dans le secteur des remorques et semi-remorques pour le transport routier&#8230;","protected":false},"author":45,"featured_media":0,"parent":0,"menu_order":0,"comment_status":"closed","ping_status":"closed","template":"templates\/template-career.php","meta":{"_acf_changed":false,"inline_featured_image":false,"footnotes":""},"class_list":["post-9416","page","type-page","status-publish","hentry"],"acf":[],"yoast_head":"<!-- This site is optimized with the Yoast SEO Premium plugin v25.7.1 (Yoast SEO v25.7) - https:\/\/yoast.com\/wordpress\/plugins\/seo\/ -->\n<title>Recrutement | Nooteboom Trailers<\/title>\n<meta name=\"description\" content=\"En Europe, Nooteboom est une entreprise internationale r\u00e9put\u00e9e dans le secteur des remorques et semi-remorques pour le transport routier exceptionnel.\" \/>\n<meta name=\"robots\" content=\"index, follow, max-snippet:-1, max-image-preview:large, max-video-preview:-1\" \/>\n<link rel=\"canonical\" href=\"https:\/\/www.nooteboom.com\/fr\/recrutement\/\" \/>\n<meta property=\"og:locale\" content=\"fr_FR\" \/>\n<meta property=\"og:type\" content=\"article\" \/>\n<meta property=\"og:title\" content=\"Recrutement\" \/>\n<meta property=\"og:description\" content=\"En Europe, Nooteboom est une entreprise internationale r\u00e9put\u00e9e dans le secteur des remorques et semi-remorques pour le transport routier exceptionnel.\" \/>\n<meta property=\"og:url\" content=\"https:\/\/www.nooteboom.com\/fr\/recrutement\/\" \/>\n<meta property=\"og:site_name\" content=\"Nooteboom Trailers\" \/>\n<meta property=\"article:publisher\" content=\"https:\/\/nl-nl.facebook.com\/nooteboomtrailers\/\" \/>\n<meta property=\"article:modified_time\" content=\"2024-10-15T10:06:58+00:00\" \/>\n<meta property=\"og:image\" content=\"https:\/\/www.nooteboom.com\/wp-content\/uploads\/linkedin-300x300.png\" \/>\n<meta name=\"twitter:card\" content=\"summary_large_image\" \/>\n<meta name=\"twitter:label1\" content=\"Dur\u00e9e de lecture estim\u00e9e\" \/>\n\t<meta name=\"twitter:data1\" content=\"3 minutes\" \/>\n<script type=\"application\/ld+json\" class=\"yoast-schema-graph\">{\"@context\":\"https:\/\/schema.org\",\"@graph\":[{\"@type\":\"WebPage\",\"@id\":\"https:\/\/www.nooteboom.com\/fr\/recrutement\/\",\"url\":\"https:\/\/www.nooteboom.com\/fr\/recrutement\/\",\"name\":\"Recrutement | Nooteboom Trailers\",\"isPartOf\":{\"@id\":\"https:\/\/www.nooteboom.com\/fr\/#website\"},\"primaryImageOfPage\":{\"@id\":\"https:\/\/www.nooteboom.com\/fr\/recrutement\/#primaryimage\"},\"image\":{\"@id\":\"https:\/\/www.nooteboom.com\/fr\/recrutement\/#primaryimage\"},\"thumbnailUrl\":\"https:\/\/www.nooteboom.com\/wp-content\/uploads\/linkedin-300x300.png\",\"datePublished\":\"2016-08-01T11:17:21+00:00\",\"dateModified\":\"2024-10-15T10:06:58+00:00\",\"description\":\"En Europe, Nooteboom est une entreprise internationale r\u00e9put\u00e9e dans le secteur des remorques et semi-remorques pour le transport routier exceptionnel.\",\"breadcrumb\":{\"@id\":\"https:\/\/www.nooteboom.com\/fr\/recrutement\/#breadcrumb\"},\"inLanguage\":\"fr-FR\",\"potentialAction\":[{\"@type\":\"ReadAction\",\"target\":[\"https:\/\/www.nooteboom.com\/fr\/recrutement\/\"]}]},{\"@type\":\"ImageObject\",\"inLanguage\":\"fr-FR\",\"@id\":\"https:\/\/www.nooteboom.com\/fr\/recrutement\/#primaryimage\",\"url\":\"https:\/\/www.nooteboom.com\/wp-content\/uploads\/linkedin-300x300.png\",\"contentUrl\":\"https:\/\/www.nooteboom.com\/wp-content\/uploads\/linkedin-300x300.png\"},{\"@type\":\"BreadcrumbList\",\"@id\":\"https:\/\/www.nooteboom.com\/fr\/recrutement\/#breadcrumb\",\"itemListElement\":[{\"@type\":\"ListItem\",\"position\":1,\"name\":\"Home\",\"item\":\"https:\/\/www.nooteboom.com\/fr\/\"},{\"@type\":\"ListItem\",\"position\":2,\"name\":\"Recrutement\"}]},{\"@type\":\"WebSite\",\"@id\":\"https:\/\/www.nooteboom.com\/fr\/#website\",\"url\":\"https:\/\/www.nooteboom.com\/fr\/\",\"name\":\"Nooteboom Trailers\",\"description\":\"Gets you there.\",\"publisher\":{\"@id\":\"https:\/\/www.nooteboom.com\/fr\/#organization\"},\"potentialAction\":[{\"@type\":\"SearchAction\",\"target\":{\"@type\":\"EntryPoint\",\"urlTemplate\":\"https:\/\/www.nooteboom.com\/fr\/?s={search_term_string}\"},\"query-input\":{\"@type\":\"PropertyValueSpecification\",\"valueRequired\":true,\"valueName\":\"search_term_string\"}}],\"inLanguage\":\"fr-FR\"},{\"@type\":\"Organization\",\"@id\":\"https:\/\/www.nooteboom.com\/fr\/#organization\",\"name\":\"Nooteboom Trailers\",\"url\":\"https:\/\/www.nooteboom.com\/fr\/\",\"logo\":{\"@type\":\"ImageObject\",\"inLanguage\":\"fr-FR\",\"@id\":\"https:\/\/www.nooteboom.com\/fr\/#\/schema\/logo\/image\/\",\"url\":\"https:\/\/www.nooteboom.com\/wp-content\/uploads\/logo.png\",\"contentUrl\":\"https:\/\/www.nooteboom.com\/wp-content\/uploads\/logo.png\",\"width\":111,\"height\":66,\"caption\":\"Nooteboom Trailers\"},\"image\":{\"@id\":\"https:\/\/www.nooteboom.com\/fr\/#\/schema\/logo\/image\/\"},\"sameAs\":[\"https:\/\/nl-nl.facebook.com\/nooteboomtrailers\/\",\"https:\/\/nl.linkedin.com\/company\/nooteboom-trailers\",\"https:\/\/www.youtube.com\/user\/Nooteboomtrailers\"]}]}<\/script>\n<!-- \/ Yoast SEO Premium plugin. -->","yoast_head_json":{"title":"Recrutement | Nooteboom Trailers","description":"En Europe, Nooteboom est une entreprise internationale r\u00e9put\u00e9e dans le secteur des remorques et semi-remorques pour le transport routier exceptionnel.","robots":{"index":"index","follow":"follow","max-snippet":"max-snippet:-1","max-image-preview":"max-image-preview:large","max-video-preview":"max-video-preview:-1"},"canonical":"https:\/\/www.nooteboom.com\/fr\/recrutement\/","og_locale":"fr_FR","og_type":"article","og_title":"Recrutement","og_description":"En Europe, Nooteboom est une entreprise internationale r\u00e9put\u00e9e dans le secteur des remorques et semi-remorques pour le transport routier exceptionnel.","og_url":"https:\/\/www.nooteboom.com\/fr\/recrutement\/","og_site_name":"Nooteboom Trailers","article_publisher":"https:\/\/nl-nl.facebook.com\/nooteboomtrailers\/","article_modified_time":"2024-10-15T10:06:58+00:00","og_image":[{"url":"https:\/\/www.nooteboom.com\/wp-content\/uploads\/linkedin-300x300.png","type":"","width":"","height":""}],"twitter_card":"summary_large_image","twitter_misc":{"Dur\u00e9e de lecture estim\u00e9e":"3 minutes"},"schema":{"@context":"https:\/\/schema.org","@graph":[{"@type":"WebPage","@id":"https:\/\/www.nooteboom.com\/fr\/recrutement\/","url":"https:\/\/www.nooteboom.com\/fr\/recrutement\/","name":"Recrutement | Nooteboom Trailers","isPartOf":{"@id":"https:\/\/www.nooteboom.com\/fr\/#website"},"primaryImageOfPage":{"@id":"https:\/\/www.nooteboom.com\/fr\/recrutement\/#primaryimage"},"image":{"@id":"https:\/\/www.nooteboom.com\/fr\/recrutement\/#primaryimage"},"thumbnailUrl":"https:\/\/www.nooteboom.com\/wp-content\/uploads\/linkedin-300x300.png","datePublished":"2016-08-01T11:17:21+00:00","dateModified":"2024-10-15T10:06:58+00:00","description":"En Europe, Nooteboom est une entreprise internationale r\u00e9put\u00e9e dans le secteur des remorques et semi-remorques pour le transport routier exceptionnel.","breadcrumb":{"@id":"https:\/\/www.nooteboom.com\/fr\/recrutement\/#breadcrumb"},"inLanguage":"fr-FR","potentialAction":[{"@type":"ReadAction","target":["https:\/\/www.nooteboom.com\/fr\/recrutement\/"]}]},{"@type":"ImageObject","inLanguage":"fr-FR","@id":"https:\/\/www.nooteboom.com\/fr\/recrutement\/#primaryimage","url":"https:\/\/www.nooteboom.com\/wp-content\/uploads\/linkedin-300x300.png","contentUrl":"https:\/\/www.nooteboom.com\/wp-content\/uploads\/linkedin-300x300.png"},{"@type":"BreadcrumbList","@id":"https:\/\/www.nooteboom.com\/fr\/recrutement\/#breadcrumb","itemListElement":[{"@type":"ListItem","position":1,"name":"Home","item":"https:\/\/www.nooteboom.com\/fr\/"},{"@type":"ListItem","position":2,"name":"Recrutement"}]},{"@type":"WebSite","@id":"https:\/\/www.nooteboom.com\/fr\/#website","url":"https:\/\/www.nooteboom.com\/fr\/","name":"Nooteboom Trailers","description":"Gets you there.","publisher":{"@id":"https:\/\/www.nooteboom.com\/fr\/#organization"},"potentialAction":[{"@type":"SearchAction","target":{"@type":"EntryPoint","urlTemplate":"https:\/\/www.nooteboom.com\/fr\/?s={search_term_string}"},"query-input":{"@type":"PropertyValueSpecification","valueRequired":true,"valueName":"search_term_string"}}],"inLanguage":"fr-FR"},{"@type":"Organization","@id":"https:\/\/www.nooteboom.com\/fr\/#organization","name":"Nooteboom Trailers","url":"https:\/\/www.nooteboom.com\/fr\/","logo":{"@type":"ImageObject","inLanguage":"fr-FR","@id":"https:\/\/www.nooteboom.com\/fr\/#\/schema\/logo\/image\/","url":"https:\/\/www.nooteboom.com\/wp-content\/uploads\/logo.png","contentUrl":"https:\/\/www.nooteboom.com\/wp-content\/uploads\/logo.png","width":111,"height":66,"caption":"Nooteboom Trailers"},"image":{"@id":"https:\/\/www.nooteboom.com\/fr\/#\/schema\/logo\/image\/"},"sameAs":["https:\/\/nl-nl.facebook.com\/nooteboomtrailers\/","https:\/\/nl.linkedin.com\/company\/nooteboom-trailers","https:\/\/www.youtube.com\/user\/Nooteboomtrailers"]}]}},"_links":{"self":[{"href":"https:\/\/www.nooteboom.com\/fr\/wp-json\/wp\/v2\/pages\/9416","targetHints":{"allow":["GET"]}}],"collection":[{"href":"https:\/\/www.nooteboom.com\/fr\/wp-json\/wp\/v2\/pages"}],"about":[{"href":"https:\/\/www.nooteboom.com\/fr\/wp-json\/wp\/v2\/types\/page"}],"author":[{"embeddable":true,"href":"https:\/\/www.nooteboom.com\/fr\/wp-json\/wp\/v2\/users\/45"}],"replies":[{"embeddable":true,"href":"https:\/\/www.nooteboom.com\/fr\/wp-json\/wp\/v2\/comments?post=9416"}],"version-history":[{"count":15,"href":"https:\/\/www.nooteboom.com\/fr\/wp-json\/wp\/v2\/pages\/9416\/revisions"}],"predecessor-version":[{"id":2267464,"href":"https:\/\/www.nooteboom.com\/fr\/wp-json\/wp\/v2\/pages\/9416\/revisions\/2267464"}],"wp:attachment":[{"href":"https:\/\/www.nooteboom.com\/fr\/wp-json\/wp\/v2\/media?parent=9416"}],"curies":[{"name":"wp","href":"https:\/\/api.w.org\/{rel}","templated":true}]}}