{"id":2383306,"date":"2025-02-20T08:23:27","date_gmt":"2025-02-20T07:23:27","guid":{"rendered":"https:\/\/www.nooteboom.com\/?page_id=2383306"},"modified":"2025-02-27T07:48:32","modified_gmt":"2025-02-27T06:48:32","slug":"something-is-coming","status":"publish","type":"page","link":"https:\/\/www.nooteboom.com\/fr\/medias\/archives\/something-is-coming\/","title":{"rendered":"Something is coming"},"content":{"rendered":"<div class=\"wpb-content-wrapper\"><p>[vc_row full_width=\u00a0\u00bbstretch_row\u00a0\u00bb row_class=\u00a0\u00bb\u00a0\u00bb][vc_column parallax=\u00a0\u00bbcontent-moving-fade\u00a0\u00bb]\t<div id=\"banner-6a01ab63781da\" class=\"vc_banner banner\">\n\n\t\t<ul class=\"slides\">\n\t\t\t                \t\t\t\t<style>\n\t\t\t\t\t#slide-288312 {\n\t\t\t\t\t\tbackground-image: url('https:\/\/www.nooteboom.com\/wp-content\/uploads\/Nooteboom_SWC-XL_Still_tekst-800x400.jpg');\n\t\t\t\t\t}\n\t\t\t\t\t@media (min-width: 768px) {\n\t\t\t\t\t\t#slide-288312 {\n\t\t\t\t\t\t\tbackground-image: url('https:\/\/www.nooteboom.com\/wp-content\/uploads\/Nooteboom_SWC-XL_Still_tekst-1024x436.jpg');\n\t\t\t\t\t\t}\n\t\t\t\t\t}\n\t\t\t\t\t@media (min-width: 1200px) {\n\t\t\t\t\t\t#slide-288312 {\n\t\t\t\t\t\t\tbackground-image: url('https:\/\/www.nooteboom.com\/wp-content\/uploads\/Nooteboom_SWC-XL_Still_tekst-1920x960.jpg');\n\t\t\t\t\t\t}\n\t\t\t\t\t}\n\t\t\t\t\t@media (min-width: 1920px) {\n\t\t\t\t\t\t#slide-288312 {\n\t\t\t\t\t\t\tbackground-image: url('https:\/\/www.nooteboom.com\/wp-content\/uploads\/Nooteboom_SWC-XL_Still_tekst-scaled.jpg');\n\t\t\t\t\t\t}\n\t\t\t\t\t}\n\t\t\t\t<\/style>\n\t\t\t\t<li id=\"slide-288312\" class=\"banner__slide\">\n\n\t\t\t\t\t\n\t\t\t\t\t<div class=\"banner__ovelay\"><\/div>\n\n\t\t\t\t<\/li>\n\t\t\t\t\t\t\t\t\t<\/ul>\n\n\t<\/div>\n\n\t<script type=\"text\/javascript\">\n\t\tjQuery( document ).ready( function( $ ) {\n\n\t\t\t$( '#banner-6a01ab63781da' ).flexslider( {\n\t\t\t\tanimation: 'fade',\n\t\t\t\tdirectionNav: false,\n\t\t\t\tcontrolNav: true\n\t\t\t} );\n\n\t\t} );\n\t<\/script>\n\n\t<div class=\"banner__pager\">\n\t\t<span class=\"active\"><\/span><span><\/span><span><\/span>\n\t<\/div>\n\n[vc_column_text]<\/p>\n<h2 style=\"text-align: center;\">Stretching Limits with the Super Wing Carrier XL<\/h2>\n<p>[\/vc_column_text][vc_empty_space][\/vc_column][\/vc_row][vc_row full_width=\u00a0\u00bbstretch_row\u00a0\u00bb disable_element=\u00a0\u00bbyes\u00a0\u00bb row_class=\u00a0\u00bb\u00a0\u00bb][vc_column parallax=\u00a0\u00bbcontent-moving-fade\u00a0\u00bb]\t<div id=\"banner-6a01ab63785c4\" class=\"vc_banner banner\">\n\n\t\t<ul class=\"slides\">\n\t\t\t                \t\t\t\t<style>\n\t\t\t\t\t#slide-80103 {\n\t\t\t\t\t\tbackground-image: url('https:\/\/www.nooteboom.com\/wp-content\/uploads\/Nooteboom_SWC-XL_Still_tekst-800x400.jpg');\n\t\t\t\t\t}\n\t\t\t\t\t@media (min-width: 768px) {\n\t\t\t\t\t\t#slide-80103 {\n\t\t\t\t\t\t\tbackground-image: url('https:\/\/www.nooteboom.com\/wp-content\/uploads\/Nooteboom_SWC-XL_Still_tekst-1024x436.jpg');\n\t\t\t\t\t\t}\n\t\t\t\t\t}\n\t\t\t\t\t@media (min-width: 1200px) {\n\t\t\t\t\t\t#slide-80103 {\n\t\t\t\t\t\t\tbackground-image: url('https:\/\/www.nooteboom.com\/wp-content\/uploads\/Nooteboom_SWC-XL_Still_tekst-1920x960.jpg');\n\t\t\t\t\t\t}\n\t\t\t\t\t}\n\t\t\t\t\t@media (min-width: 1920px) {\n\t\t\t\t\t\t#slide-80103 {\n\t\t\t\t\t\t\tbackground-image: url('https:\/\/www.nooteboom.com\/wp-content\/uploads\/Nooteboom_SWC-XL_Still_tekst-scaled.jpg');\n\t\t\t\t\t\t}\n\t\t\t\t\t}\n\t\t\t\t<\/style>\n\t\t\t\t<li id=\"slide-80103\" class=\"banner__slide\">\n\n\t\t\t\t\t\n\t\t\t\t\t<div class=\"banner__ovelay\"><\/div>\n\n\t\t\t\t<\/li>\n\t\t\t\t\t\t\t\t\t<\/ul>\n\n\t<\/div>\n\n\t<script type=\"text\/javascript\">\n\t\tjQuery( document ).ready( function( $ ) {\n\n\t\t\t$( '#banner-6a01ab63785c4' ).flexslider( {\n\t\t\t\tanimation: 'fade',\n\t\t\t\tdirectionNav: false,\n\t\t\t\tcontrolNav: true\n\t\t\t} );\n\n\t\t} );\n\t<\/script>\n\n\t<div class=\"banner__pager\">\n\t\t<span class=\"active\"><\/span><span><\/span><span><\/span>\n\t<\/div>\n\n[vc_empty_space][\/vc_column][\/vc_row][vc_row][vc_column][vc_empty_space][vc_column_text]<\/p>\n<h2 style=\"text-align: center;\">Coming soon:<br \/>\n10 mars, 2025<\/h2>\n<p>[\/vc_column_text][vc_empty_space][\/vc_column][\/vc_row][vc_row disable_element=\u00a0\u00bbyes\u00a0\u00bb][vc_column][vc_empty_space][vc_column_text]<\/p>\n<h2 style=\"text-align: center;\">Voulez-vous \u00eatre le premier \u00e0 recevoir toutes les informations et \u00e0 rester inform\u00e9 des derni\u00e8res \u00e9volutions ?<br \/>\nRemplissez le formulaire ci-dessous.<\/h2>\n<p>[\/vc_column_text][vc_empty_space][\/vc_column][\/vc_row][vc_row disable_element=\u00a0\u00bbyes\u00a0\u00bb][vc_column][\/vc_column][\/vc_row][vc_row][vc_column][vc_video link=\u00a0\u00bbhttps:\/\/youtu.be\/_RNwmqine1E?si=Ihw3KAr5lfXHAhNl\u00a0\u00bb el_aspect=\u00a0\u00bb235&Prime;][\/vc_column][\/vc_row]<\/p>\n<\/div>","protected":false},"excerpt":{"rendered":"[vc_row full_width=\u00a0\u00bbstretch_row\u00a0\u00bb row_class=\u00a0\u00bb\u00a0\u00bb][vc_column parallax=\u00a0\u00bbcontent-moving-fade\u00a0\u00bb][vc_column_text] Stretching Limits with the Super Wing Carrier XL [\/vc_column_text][vc_empty_space][\/vc_column][\/vc_row][vc_row full_width=\u00a0\u00bbstretch_row\u00a0\u00bb disable_element=\u00a0\u00bbyes\u00a0\u00bb row_class=\u00a0\u00bb\u00a0\u00bb][vc_column parallax=\u00a0\u00bbcontent-moving-fade\u00a0\u00bb][vc_empty_space][\/vc_column][\/vc_row][vc_row][vc_column][vc_empty_space][vc_column_text] Coming soon: 10&#8230;","protected":false},"author":45,"featured_media":0,"parent":9472,"menu_order":0,"comment_status":"closed","ping_status":"closed","template":"","meta":{"_acf_changed":false,"inline_featured_image":false,"footnotes":""},"class_list":["post-2383306","page","type-page","status-publish","hentry"],"acf":[],"yoast_head":"<!-- This site is optimized with the Yoast SEO Premium plugin v25.7.1 (Yoast SEO v25.7) - https:\/\/yoast.com\/wordpress\/plugins\/seo\/ -->\n<title>Something is coming | Nooteboom Trailers<\/title>\n<meta name=\"robots\" content=\"index, follow, max-snippet:-1, max-image-preview:large, max-video-preview:-1\" \/>\n<link rel=\"canonical\" href=\"https:\/\/www.nooteboom.com\/fr\/medias\/archives\/something-is-coming\/\" \/>\n<meta property=\"og:locale\" content=\"fr_FR\" \/>\n<meta property=\"og:type\" content=\"article\" \/>\n<meta property=\"og:title\" content=\"Something is coming\" \/>\n<meta property=\"og:description\" content=\"[vc_row full_width=\u00a0\u00bbstretch_row\u00a0\u00bb row_class=\u00a0\u00bb\u00a0\u00bb][vc_column parallax=\u00a0\u00bbcontent-moving-fade\u00a0\u00bb][vc_column_text] Stretching Limits with the Super Wing Carrier XL [\/vc_column_text][vc_empty_space][\/vc_column][\/vc_row][vc_row full_width=\u00a0\u00bbstretch_row\u00a0\u00bb disable_element=\u00a0\u00bbyes\u00a0\u00bb row_class=\u00a0\u00bb\u00a0\u00bb][vc_column parallax=\u00a0\u00bbcontent-moving-fade\u00a0\u00bb][vc_empty_space][\/vc_column][\/vc_row][vc_row][vc_column][vc_empty_space][vc_column_text] Coming soon: 10...\" \/>\n<meta property=\"og:url\" content=\"https:\/\/www.nooteboom.com\/fr\/medias\/archives\/something-is-coming\/\" \/>\n<meta property=\"og:site_name\" content=\"Nooteboom Trailers\" \/>\n<meta property=\"article:publisher\" content=\"https:\/\/nl-nl.facebook.com\/nooteboomtrailers\/\" \/>\n<meta property=\"article:modified_time\" content=\"2025-02-27T06:48:32+00:00\" \/>\n<meta property=\"og:image\" content=\"https:\/\/www.nooteboom.com\/wp-content\/uploads\/splashnooteboom-square-1.jpg\" \/>\n\t<meta property=\"og:image:width\" content=\"757\" \/>\n\t<meta property=\"og:image:height\" content=\"757\" \/>\n\t<meta property=\"og:image:type\" content=\"image\/jpeg\" \/>\n<meta name=\"twitter:card\" content=\"summary_large_image\" \/>\n<meta name=\"twitter:label1\" content=\"Dur\u00e9e de lecture estim\u00e9e\" \/>\n\t<meta name=\"twitter:data1\" content=\"1 minute\" \/>\n<script type=\"application\/ld+json\" class=\"yoast-schema-graph\">{\"@context\":\"https:\/\/schema.org\",\"@graph\":[{\"@type\":\"WebPage\",\"@id\":\"https:\/\/www.nooteboom.com\/fr\/medias\/archives\/something-is-coming\/\",\"url\":\"https:\/\/www.nooteboom.com\/fr\/medias\/archives\/something-is-coming\/\",\"name\":\"Something is coming | Nooteboom Trailers\",\"isPartOf\":{\"@id\":\"https:\/\/www.nooteboom.com\/fr\/#website\"},\"datePublished\":\"2025-02-20T07:23:27+00:00\",\"dateModified\":\"2025-02-27T06:48:32+00:00\",\"breadcrumb\":{\"@id\":\"https:\/\/www.nooteboom.com\/fr\/medias\/archives\/something-is-coming\/#breadcrumb\"},\"inLanguage\":\"fr-FR\",\"potentialAction\":[{\"@type\":\"ReadAction\",\"target\":[\"https:\/\/www.nooteboom.com\/fr\/medias\/archives\/something-is-coming\/\"]}]},{\"@type\":\"BreadcrumbList\",\"@id\":\"https:\/\/www.nooteboom.com\/fr\/medias\/archives\/something-is-coming\/#breadcrumb\",\"itemListElement\":[{\"@type\":\"ListItem\",\"position\":1,\"name\":\"Home\",\"item\":\"https:\/\/www.nooteboom.com\/fr\/\"},{\"@type\":\"ListItem\",\"position\":2,\"name\":\"M\u00e9dias\",\"item\":\"https:\/\/www.nooteboom.com\/fr\/medias\/\"},{\"@type\":\"ListItem\",\"position\":3,\"name\":\"Archives\",\"item\":\"https:\/\/www.nooteboom.com\/fr\/medias\/archives\/\"},{\"@type\":\"ListItem\",\"position\":4,\"name\":\"Something is coming\"}]},{\"@type\":\"WebSite\",\"@id\":\"https:\/\/www.nooteboom.com\/fr\/#website\",\"url\":\"https:\/\/www.nooteboom.com\/fr\/\",\"name\":\"Nooteboom Trailers\",\"description\":\"Gets you there.\",\"publisher\":{\"@id\":\"https:\/\/www.nooteboom.com\/fr\/#organization\"},\"potentialAction\":[{\"@type\":\"SearchAction\",\"target\":{\"@type\":\"EntryPoint\",\"urlTemplate\":\"https:\/\/www.nooteboom.com\/fr\/?s={search_term_string}\"},\"query-input\":{\"@type\":\"PropertyValueSpecification\",\"valueRequired\":true,\"valueName\":\"search_term_string\"}}],\"inLanguage\":\"fr-FR\"},{\"@type\":\"Organization\",\"@id\":\"https:\/\/www.nooteboom.com\/fr\/#organization\",\"name\":\"Nooteboom Trailers\",\"url\":\"https:\/\/www.nooteboom.com\/fr\/\",\"logo\":{\"@type\":\"ImageObject\",\"inLanguage\":\"fr-FR\",\"@id\":\"https:\/\/www.nooteboom.com\/fr\/#\/schema\/logo\/image\/\",\"url\":\"https:\/\/www.nooteboom.com\/wp-content\/uploads\/logo.png\",\"contentUrl\":\"https:\/\/www.nooteboom.com\/wp-content\/uploads\/logo.png\",\"width\":111,\"height\":66,\"caption\":\"Nooteboom Trailers\"},\"image\":{\"@id\":\"https:\/\/www.nooteboom.com\/fr\/#\/schema\/logo\/image\/\"},\"sameAs\":[\"https:\/\/nl-nl.facebook.com\/nooteboomtrailers\/\",\"https:\/\/nl.linkedin.com\/company\/nooteboom-trailers\",\"https:\/\/www.youtube.com\/user\/Nooteboomtrailers\"]}]}<\/script>\n<!-- \/ Yoast SEO Premium plugin. -->","yoast_head_json":{"title":"Something is coming | Nooteboom Trailers","robots":{"index":"index","follow":"follow","max-snippet":"max-snippet:-1","max-image-preview":"max-image-preview:large","max-video-preview":"max-video-preview:-1"},"canonical":"https:\/\/www.nooteboom.com\/fr\/medias\/archives\/something-is-coming\/","og_locale":"fr_FR","og_type":"article","og_title":"Something is coming","og_description":"[vc_row full_width=\u00a0\u00bbstretch_row\u00a0\u00bb row_class=\u00a0\u00bb\u00a0\u00bb][vc_column parallax=\u00a0\u00bbcontent-moving-fade\u00a0\u00bb][vc_column_text] Stretching Limits with the Super Wing Carrier XL [\/vc_column_text][vc_empty_space][\/vc_column][\/vc_row][vc_row full_width=\u00a0\u00bbstretch_row\u00a0\u00bb disable_element=\u00a0\u00bbyes\u00a0\u00bb row_class=\u00a0\u00bb\u00a0\u00bb][vc_column parallax=\u00a0\u00bbcontent-moving-fade\u00a0\u00bb][vc_empty_space][\/vc_column][\/vc_row][vc_row][vc_column][vc_empty_space][vc_column_text] Coming soon: 10...","og_url":"https:\/\/www.nooteboom.com\/fr\/medias\/archives\/something-is-coming\/","og_site_name":"Nooteboom Trailers","article_publisher":"https:\/\/nl-nl.facebook.com\/nooteboomtrailers\/","article_modified_time":"2025-02-27T06:48:32+00:00","og_image":[{"width":757,"height":757,"url":"https:\/\/www.nooteboom.com\/wp-content\/uploads\/splashnooteboom-square-1.jpg","type":"image\/jpeg"}],"twitter_card":"summary_large_image","twitter_misc":{"Dur\u00e9e de lecture estim\u00e9e":"1 minute"},"schema":{"@context":"https:\/\/schema.org","@graph":[{"@type":"WebPage","@id":"https:\/\/www.nooteboom.com\/fr\/medias\/archives\/something-is-coming\/","url":"https:\/\/www.nooteboom.com\/fr\/medias\/archives\/something-is-coming\/","name":"Something is coming | Nooteboom Trailers","isPartOf":{"@id":"https:\/\/www.nooteboom.com\/fr\/#website"},"datePublished":"2025-02-20T07:23:27+00:00","dateModified":"2025-02-27T06:48:32+00:00","breadcrumb":{"@id":"https:\/\/www.nooteboom.com\/fr\/medias\/archives\/something-is-coming\/#breadcrumb"},"inLanguage":"fr-FR","potentialAction":[{"@type":"ReadAction","target":["https:\/\/www.nooteboom.com\/fr\/medias\/archives\/something-is-coming\/"]}]},{"@type":"BreadcrumbList","@id":"https:\/\/www.nooteboom.com\/fr\/medias\/archives\/something-is-coming\/#breadcrumb","itemListElement":[{"@type":"ListItem","position":1,"name":"Home","item":"https:\/\/www.nooteboom.com\/fr\/"},{"@type":"ListItem","position":2,"name":"M\u00e9dias","item":"https:\/\/www.nooteboom.com\/fr\/medias\/"},{"@type":"ListItem","position":3,"name":"Archives","item":"https:\/\/www.nooteboom.com\/fr\/medias\/archives\/"},{"@type":"ListItem","position":4,"name":"Something is coming"}]},{"@type":"WebSite","@id":"https:\/\/www.nooteboom.com\/fr\/#website","url":"https:\/\/www.nooteboom.com\/fr\/","name":"Nooteboom Trailers","description":"Gets you there.","publisher":{"@id":"https:\/\/www.nooteboom.com\/fr\/#organization"},"potentialAction":[{"@type":"SearchAction","target":{"@type":"EntryPoint","urlTemplate":"https:\/\/www.nooteboom.com\/fr\/?s={search_term_string}"},"query-input":{"@type":"PropertyValueSpecification","valueRequired":true,"valueName":"search_term_string"}}],"inLanguage":"fr-FR"},{"@type":"Organization","@id":"https:\/\/www.nooteboom.com\/fr\/#organization","name":"Nooteboom Trailers","url":"https:\/\/www.nooteboom.com\/fr\/","logo":{"@type":"ImageObject","inLanguage":"fr-FR","@id":"https:\/\/www.nooteboom.com\/fr\/#\/schema\/logo\/image\/","url":"https:\/\/www.nooteboom.com\/wp-content\/uploads\/logo.png","contentUrl":"https:\/\/www.nooteboom.com\/wp-content\/uploads\/logo.png","width":111,"height":66,"caption":"Nooteboom Trailers"},"image":{"@id":"https:\/\/www.nooteboom.com\/fr\/#\/schema\/logo\/image\/"},"sameAs":["https:\/\/nl-nl.facebook.com\/nooteboomtrailers\/","https:\/\/nl.linkedin.com\/company\/nooteboom-trailers","https:\/\/www.youtube.com\/user\/Nooteboomtrailers"]}]}},"_links":{"self":[{"href":"https:\/\/www.nooteboom.com\/fr\/wp-json\/wp\/v2\/pages\/2383306","targetHints":{"allow":["GET"]}}],"collection":[{"href":"https:\/\/www.nooteboom.com\/fr\/wp-json\/wp\/v2\/pages"}],"about":[{"href":"https:\/\/www.nooteboom.com\/fr\/wp-json\/wp\/v2\/types\/page"}],"author":[{"embeddable":true,"href":"https:\/\/www.nooteboom.com\/fr\/wp-json\/wp\/v2\/users\/45"}],"replies":[{"embeddable":true,"href":"https:\/\/www.nooteboom.com\/fr\/wp-json\/wp\/v2\/comments?post=2383306"}],"version-history":[{"count":12,"href":"https:\/\/www.nooteboom.com\/fr\/wp-json\/wp\/v2\/pages\/2383306\/revisions"}],"predecessor-version":[{"id":2402959,"href":"https:\/\/www.nooteboom.com\/fr\/wp-json\/wp\/v2\/pages\/2383306\/revisions\/2402959"}],"up":[{"embeddable":true,"href":"https:\/\/www.nooteboom.com\/fr\/wp-json\/wp\/v2\/pages\/9472"}],"wp:attachment":[{"href":"https:\/\/www.nooteboom.com\/fr\/wp-json\/wp\/v2\/media?parent=2383306"}],"curies":[{"name":"wp","href":"https:\/\/api.w.org\/{rel}","templated":true}]}}