{"id":1823372,"date":"2020-06-08T09:50:05","date_gmt":"2020-06-08T07:50:05","guid":{"rendered":"https:\/\/www.nooteboom.com\/vehicules-neufs-et-doccasion-en-stock\/"},"modified":"2020-06-08T09:57:16","modified_gmt":"2020-06-08T07:57:16","slug":"vehicules-neufs-et-doccasion-en-stock","status":"publish","type":"page","link":"https:\/\/www.nooteboom.com\/fr\/vehicules-neufs-et-doccasion-en-stock\/","title":{"rendered":"V\u00e9hicules neufs et d&rsquo;occasion en stock"},"content":{"rendered":"<div class=\"wpb-content-wrapper\"><p>[vc_row][vc_column width=\u00a0\u00bb2\/4&Prime;][vc_column_text]<\/p>\n<h2>Laissez-nous vous aider \u00e0 trouver la meilleure solution de transport !<\/h2>\n<p>[\/vc_column_text][vc_column_text]Sur notre parc en ligne, nous vous proposons notre gamme actuelle de v\u00e9hicules neufs et d\u2019occasion, qui peuvent \u00eatre livr\u00e9s directement \u00e0 partir du stock. Nous vous offrons ainsi la possibilit\u00e9 de r\u00e9pondre rapidement \u00e0 vos besoins en mati\u00e8re de transport. Tous les v\u00e9hicules de notre parc d\u2019exposition num\u00e9rique sont pr\u00e9sent\u00e9s avec leurs caract\u00e9ristiques compl\u00e8tes, des photos et\/ou des vid\u00e9os. Vous \u00eates, bien s\u00fbr, plus que les bienvenus pour d\u00e9couvrir notre gamme de solutions en stock, disponibles \u00e0 Wijchen. Vous n\u2019arrivez pas \u00e0 trouver ce que vous recherchez ? Remplissez le formulaire de contact situ\u00e9 sur cette page.[\/vc_column_text][\/vc_column][vc_column width=\u00a0\u00bb1\/4&Prime;]<div class=\"vc_teaser\">\n\n\t\n\t\t<div onclick=\"window.location.href='https:\/\/www.nooteboom.com\/fr\/stock\/vehicules-neufs\/';\" class=\"vc_teaser__inner clickable\">\n\n\t\t\t\t\t\t\t<figure>\n\t\t\t\t\t<img\n\t\t\t\t\t\t\tsrc=\"https:\/\/www.nooteboom.com\/wp-content\/uploads\/new-trailer-500x333.png\"\n\t\t\t\t\t\t\talt=\"V\u00e9hicules neufs et d&rsquo;occasion en stock\"\n\t\t\t\t\t\t\t\t\t\t\t\t\tsrcset=\"https:\/\/www.nooteboom.com\/wp-content\/uploads\/new-trailer-300x199.png 300w,https:\/\/www.nooteboom.com\/wp-content\/uploads\/new-trailer-768x511.png 768w,https:\/\/www.nooteboom.com\/wp-content\/uploads\/new-trailer-1024x681.png 1024w\"\n\t\t\t\t\t\t\tsizes=\"(max-width: 500px) 100vw, 500px\"\n\t\t\t\t\t\t\t\t\t\t\t>\n\t\t\t\t<\/figure>\n\t\t\t\n\t\t\t\t\t\t\t<a href=\"https:\/\/www.nooteboom.com\/fr\/stock\/vehicules-neufs\/\" target=\"\"\n\t\t\t\t   title=\"V\u00e9hicules neufs\" class=\"button red\">\n\t\t\t\t\tV\u00e9hicules neufs\t\t\t\t\t<span class=\"fa fa-chevron-right\"><\/span>\n\t\t\t\t<\/a>\n\t\t\t\n\t\t<\/div>\n\n\t\n<\/div>[\/vc_column][vc_column width=\u00a0\u00bb1\/4&Prime;]<div class=\"vc_teaser\">\n\n\t\n\t\t<div onclick=\"window.location.href='https:\/\/www.nooteboom.com\/fr\/stock\/vehicules-doccasions\/';\" class=\"vc_teaser__inner clickable\">\n\n\t\t\t\t\t\t\t<figure>\n\t\t\t\t\t<img\n\t\t\t\t\t\t\tsrc=\"https:\/\/www.nooteboom.com\/wp-content\/uploads\/used-trailer-500x333.png\"\n\t\t\t\t\t\t\talt=\"V\u00e9hicules neufs et d&rsquo;occasion en stock\"\n\t\t\t\t\t\t\t\t\t\t\t\t\tsrcset=\"https:\/\/www.nooteboom.com\/wp-content\/uploads\/used-trailer-300x199.png 300w,https:\/\/www.nooteboom.com\/wp-content\/uploads\/used-trailer-768x511.png 768w,https:\/\/www.nooteboom.com\/wp-content\/uploads\/used-trailer-1024x681.png 1024w\"\n\t\t\t\t\t\t\tsizes=\"(max-width: 500px) 100vw, 500px\"\n\t\t\t\t\t\t\t\t\t\t\t>\n\t\t\t\t<\/figure>\n\t\t\t\n\t\t\t\t\t\t\t<a href=\"https:\/\/www.nooteboom.com\/fr\/stock\/vehicules-doccasions\/\" target=\"\"\n\t\t\t\t   title=\"V\u00e9hicules d'occasions\" class=\"button red\">\n\t\t\t\t\tV\u00e9hicules d'occasion\t\t\t\t\t<span class=\"fa fa-chevron-right\"><\/span>\n\t\t\t\t<\/a>\n\t\t\t\n\t\t<\/div>\n\n\t\n<\/div>[\/vc_column][\/vc_row][vc_row][vc_column][\/vc_column][\/vc_row][vc_row][vc_column][vc_share title=\u00a0\u00bbPartager cette page\u00a0\u00bb][\/vc_column][\/vc_row]<\/p>\n<\/div>","protected":false},"excerpt":{"rendered":"Sur notre parc en ligne, nous vous proposons notre gamme actuelle de v\u00e9hicules neufs et d\u2019occasion, qui peuvent \u00eatre livr\u00e9s directement \u00e0 partir du stock. Nous vous offrons ainsi la possibilit\u00e9 de r\u00e9pondre rapidement \u00e0 vos besoins en mati\u00e8re de transport.","protected":false},"author":45,"featured_media":6950,"parent":0,"menu_order":0,"comment_status":"closed","ping_status":"closed","template":"","meta":{"_acf_changed":false,"inline_featured_image":false,"footnotes":""},"class_list":["post-1823372","page","type-page","status-publish","has-post-thumbnail","hentry"],"acf":[],"yoast_head":"<!-- This site is optimized with the Yoast SEO Premium plugin v25.7.1 (Yoast SEO v25.7) - https:\/\/yoast.com\/wordpress\/plugins\/seo\/ -->\n<title>V\u00e9hicules neufs et d&#039;occasion en stock | Nooteboom Trailers<\/title>\n<meta name=\"description\" content=\"Sur notre parc en ligne, nous vous proposons notre gamme actuelle de v\u00e9hicules neufs et d\u2019occasion, qui peuvent \u00eatre livr\u00e9s directement \u00e0 partir du stock.\" \/>\n<meta name=\"robots\" content=\"index, follow, max-snippet:-1, max-image-preview:large, max-video-preview:-1\" \/>\n<link rel=\"canonical\" href=\"https:\/\/www.nooteboom.com\/fr\/vehicules-neufs-et-doccasion-en-stock\/\" \/>\n<meta property=\"og:locale\" content=\"fr_FR\" \/>\n<meta property=\"og:type\" content=\"article\" \/>\n<meta property=\"og:title\" content=\"V\u00e9hicules neufs et d&#039;occasion en stock\" \/>\n<meta property=\"og:description\" content=\"Sur notre parc en ligne, nous vous proposons notre gamme actuelle de v\u00e9hicules neufs et d\u2019occasion, qui peuvent \u00eatre livr\u00e9s directement \u00e0 partir du stock.\" \/>\n<meta property=\"og:url\" content=\"https:\/\/www.nooteboom.com\/fr\/vehicules-neufs-et-doccasion-en-stock\/\" \/>\n<meta property=\"og:site_name\" content=\"Nooteboom Trailers\" \/>\n<meta property=\"article:publisher\" content=\"https:\/\/nl-nl.facebook.com\/nooteboomtrailers\/\" \/>\n<meta property=\"article:modified_time\" content=\"2020-06-08T07:57:16+00:00\" \/>\n<meta property=\"og:image\" content=\"https:\/\/www.nooteboom.com\/wp-content\/uploads\/DJI_0016.jpg\" \/>\n\t<meta property=\"og:image:width\" content=\"2500\" \/>\n\t<meta property=\"og:image:height\" content=\"780\" \/>\n\t<meta property=\"og:image:type\" content=\"image\/jpeg\" \/>\n<meta name=\"twitter:card\" content=\"summary_large_image\" \/>\n<meta name=\"twitter:label1\" content=\"Dur\u00e9e de lecture estim\u00e9e\" \/>\n\t<meta name=\"twitter:data1\" content=\"1 minute\" \/>\n<script type=\"application\/ld+json\" class=\"yoast-schema-graph\">{\"@context\":\"https:\/\/schema.org\",\"@graph\":[{\"@type\":\"WebPage\",\"@id\":\"https:\/\/www.nooteboom.com\/fr\/vehicules-neufs-et-doccasion-en-stock\/\",\"url\":\"https:\/\/www.nooteboom.com\/fr\/vehicules-neufs-et-doccasion-en-stock\/\",\"name\":\"V\u00e9hicules neufs et d'occasion en stock | Nooteboom Trailers\",\"isPartOf\":{\"@id\":\"https:\/\/www.nooteboom.com\/fr\/#website\"},\"primaryImageOfPage\":{\"@id\":\"https:\/\/www.nooteboom.com\/fr\/vehicules-neufs-et-doccasion-en-stock\/#primaryimage\"},\"image\":{\"@id\":\"https:\/\/www.nooteboom.com\/fr\/vehicules-neufs-et-doccasion-en-stock\/#primaryimage\"},\"thumbnailUrl\":\"https:\/\/www.nooteboom.com\/wp-content\/uploads\/DJI_0016.jpg\",\"datePublished\":\"2020-06-08T07:50:05+00:00\",\"dateModified\":\"2020-06-08T07:57:16+00:00\",\"description\":\"Sur notre parc en ligne, nous vous proposons notre gamme actuelle de v\u00e9hicules neufs et d\u2019occasion, qui peuvent \u00eatre livr\u00e9s directement \u00e0 partir du stock.\",\"breadcrumb\":{\"@id\":\"https:\/\/www.nooteboom.com\/fr\/vehicules-neufs-et-doccasion-en-stock\/#breadcrumb\"},\"inLanguage\":\"fr-FR\",\"potentialAction\":[{\"@type\":\"ReadAction\",\"target\":[\"https:\/\/www.nooteboom.com\/fr\/vehicules-neufs-et-doccasion-en-stock\/\"]}]},{\"@type\":\"ImageObject\",\"inLanguage\":\"fr-FR\",\"@id\":\"https:\/\/www.nooteboom.com\/fr\/vehicules-neufs-et-doccasion-en-stock\/#primaryimage\",\"url\":\"https:\/\/www.nooteboom.com\/wp-content\/uploads\/DJI_0016.jpg\",\"contentUrl\":\"https:\/\/www.nooteboom.com\/wp-content\/uploads\/DJI_0016.jpg\",\"width\":2500,\"height\":780},{\"@type\":\"BreadcrumbList\",\"@id\":\"https:\/\/www.nooteboom.com\/fr\/vehicules-neufs-et-doccasion-en-stock\/#breadcrumb\",\"itemListElement\":[{\"@type\":\"ListItem\",\"position\":1,\"name\":\"Home\",\"item\":\"https:\/\/www.nooteboom.com\/fr\/\"},{\"@type\":\"ListItem\",\"position\":2,\"name\":\"V\u00e9hicules neufs et d&rsquo;occasion en stock\"}]},{\"@type\":\"WebSite\",\"@id\":\"https:\/\/www.nooteboom.com\/fr\/#website\",\"url\":\"https:\/\/www.nooteboom.com\/fr\/\",\"name\":\"Nooteboom Trailers\",\"description\":\"Gets you there.\",\"publisher\":{\"@id\":\"https:\/\/www.nooteboom.com\/fr\/#organization\"},\"potentialAction\":[{\"@type\":\"SearchAction\",\"target\":{\"@type\":\"EntryPoint\",\"urlTemplate\":\"https:\/\/www.nooteboom.com\/fr\/?s={search_term_string}\"},\"query-input\":{\"@type\":\"PropertyValueSpecification\",\"valueRequired\":true,\"valueName\":\"search_term_string\"}}],\"inLanguage\":\"fr-FR\"},{\"@type\":\"Organization\",\"@id\":\"https:\/\/www.nooteboom.com\/fr\/#organization\",\"name\":\"Nooteboom Trailers\",\"url\":\"https:\/\/www.nooteboom.com\/fr\/\",\"logo\":{\"@type\":\"ImageObject\",\"inLanguage\":\"fr-FR\",\"@id\":\"https:\/\/www.nooteboom.com\/fr\/#\/schema\/logo\/image\/\",\"url\":\"https:\/\/www.nooteboom.com\/wp-content\/uploads\/logo.png\",\"contentUrl\":\"https:\/\/www.nooteboom.com\/wp-content\/uploads\/logo.png\",\"width\":111,\"height\":66,\"caption\":\"Nooteboom Trailers\"},\"image\":{\"@id\":\"https:\/\/www.nooteboom.com\/fr\/#\/schema\/logo\/image\/\"},\"sameAs\":[\"https:\/\/nl-nl.facebook.com\/nooteboomtrailers\/\",\"https:\/\/nl.linkedin.com\/company\/nooteboom-trailers\",\"https:\/\/www.youtube.com\/user\/Nooteboomtrailers\"]}]}<\/script>\n<!-- \/ Yoast SEO Premium plugin. -->","yoast_head_json":{"title":"V\u00e9hicules neufs et d'occasion en stock | Nooteboom Trailers","description":"Sur notre parc en ligne, nous vous proposons notre gamme actuelle de v\u00e9hicules neufs et d\u2019occasion, qui peuvent \u00eatre livr\u00e9s directement \u00e0 partir du stock.","robots":{"index":"index","follow":"follow","max-snippet":"max-snippet:-1","max-image-preview":"max-image-preview:large","max-video-preview":"max-video-preview:-1"},"canonical":"https:\/\/www.nooteboom.com\/fr\/vehicules-neufs-et-doccasion-en-stock\/","og_locale":"fr_FR","og_type":"article","og_title":"V\u00e9hicules neufs et d'occasion en stock","og_description":"Sur notre parc en ligne, nous vous proposons notre gamme actuelle de v\u00e9hicules neufs et d\u2019occasion, qui peuvent \u00eatre livr\u00e9s directement \u00e0 partir du stock.","og_url":"https:\/\/www.nooteboom.com\/fr\/vehicules-neufs-et-doccasion-en-stock\/","og_site_name":"Nooteboom Trailers","article_publisher":"https:\/\/nl-nl.facebook.com\/nooteboomtrailers\/","article_modified_time":"2020-06-08T07:57:16+00:00","og_image":[{"width":2500,"height":780,"url":"https:\/\/www.nooteboom.com\/wp-content\/uploads\/DJI_0016.jpg","type":"image\/jpeg"}],"twitter_card":"summary_large_image","twitter_misc":{"Dur\u00e9e de lecture estim\u00e9e":"1 minute"},"schema":{"@context":"https:\/\/schema.org","@graph":[{"@type":"WebPage","@id":"https:\/\/www.nooteboom.com\/fr\/vehicules-neufs-et-doccasion-en-stock\/","url":"https:\/\/www.nooteboom.com\/fr\/vehicules-neufs-et-doccasion-en-stock\/","name":"V\u00e9hicules neufs et d'occasion en stock | Nooteboom Trailers","isPartOf":{"@id":"https:\/\/www.nooteboom.com\/fr\/#website"},"primaryImageOfPage":{"@id":"https:\/\/www.nooteboom.com\/fr\/vehicules-neufs-et-doccasion-en-stock\/#primaryimage"},"image":{"@id":"https:\/\/www.nooteboom.com\/fr\/vehicules-neufs-et-doccasion-en-stock\/#primaryimage"},"thumbnailUrl":"https:\/\/www.nooteboom.com\/wp-content\/uploads\/DJI_0016.jpg","datePublished":"2020-06-08T07:50:05+00:00","dateModified":"2020-06-08T07:57:16+00:00","description":"Sur notre parc en ligne, nous vous proposons notre gamme actuelle de v\u00e9hicules neufs et d\u2019occasion, qui peuvent \u00eatre livr\u00e9s directement \u00e0 partir du stock.","breadcrumb":{"@id":"https:\/\/www.nooteboom.com\/fr\/vehicules-neufs-et-doccasion-en-stock\/#breadcrumb"},"inLanguage":"fr-FR","potentialAction":[{"@type":"ReadAction","target":["https:\/\/www.nooteboom.com\/fr\/vehicules-neufs-et-doccasion-en-stock\/"]}]},{"@type":"ImageObject","inLanguage":"fr-FR","@id":"https:\/\/www.nooteboom.com\/fr\/vehicules-neufs-et-doccasion-en-stock\/#primaryimage","url":"https:\/\/www.nooteboom.com\/wp-content\/uploads\/DJI_0016.jpg","contentUrl":"https:\/\/www.nooteboom.com\/wp-content\/uploads\/DJI_0016.jpg","width":2500,"height":780},{"@type":"BreadcrumbList","@id":"https:\/\/www.nooteboom.com\/fr\/vehicules-neufs-et-doccasion-en-stock\/#breadcrumb","itemListElement":[{"@type":"ListItem","position":1,"name":"Home","item":"https:\/\/www.nooteboom.com\/fr\/"},{"@type":"ListItem","position":2,"name":"V\u00e9hicules neufs et d&rsquo;occasion en stock"}]},{"@type":"WebSite","@id":"https:\/\/www.nooteboom.com\/fr\/#website","url":"https:\/\/www.nooteboom.com\/fr\/","name":"Nooteboom Trailers","description":"Gets you there.","publisher":{"@id":"https:\/\/www.nooteboom.com\/fr\/#organization"},"potentialAction":[{"@type":"SearchAction","target":{"@type":"EntryPoint","urlTemplate":"https:\/\/www.nooteboom.com\/fr\/?s={search_term_string}"},"query-input":{"@type":"PropertyValueSpecification","valueRequired":true,"valueName":"search_term_string"}}],"inLanguage":"fr-FR"},{"@type":"Organization","@id":"https:\/\/www.nooteboom.com\/fr\/#organization","name":"Nooteboom Trailers","url":"https:\/\/www.nooteboom.com\/fr\/","logo":{"@type":"ImageObject","inLanguage":"fr-FR","@id":"https:\/\/www.nooteboom.com\/fr\/#\/schema\/logo\/image\/","url":"https:\/\/www.nooteboom.com\/wp-content\/uploads\/logo.png","contentUrl":"https:\/\/www.nooteboom.com\/wp-content\/uploads\/logo.png","width":111,"height":66,"caption":"Nooteboom Trailers"},"image":{"@id":"https:\/\/www.nooteboom.com\/fr\/#\/schema\/logo\/image\/"},"sameAs":["https:\/\/nl-nl.facebook.com\/nooteboomtrailers\/","https:\/\/nl.linkedin.com\/company\/nooteboom-trailers","https:\/\/www.youtube.com\/user\/Nooteboomtrailers"]}]}},"_links":{"self":[{"href":"https:\/\/www.nooteboom.com\/fr\/wp-json\/wp\/v2\/pages\/1823372","targetHints":{"allow":["GET"]}}],"collection":[{"href":"https:\/\/www.nooteboom.com\/fr\/wp-json\/wp\/v2\/pages"}],"about":[{"href":"https:\/\/www.nooteboom.com\/fr\/wp-json\/wp\/v2\/types\/page"}],"author":[{"embeddable":true,"href":"https:\/\/www.nooteboom.com\/fr\/wp-json\/wp\/v2\/users\/45"}],"replies":[{"embeddable":true,"href":"https:\/\/www.nooteboom.com\/fr\/wp-json\/wp\/v2\/comments?post=1823372"}],"version-history":[{"count":4,"href":"https:\/\/www.nooteboom.com\/fr\/wp-json\/wp\/v2\/pages\/1823372\/revisions"}],"predecessor-version":[{"id":1823376,"href":"https:\/\/www.nooteboom.com\/fr\/wp-json\/wp\/v2\/pages\/1823372\/revisions\/1823376"}],"wp:featuredmedia":[{"embeddable":true,"href":"https:\/\/www.nooteboom.com\/fr\/wp-json\/wp\/v2\/media\/6950"}],"wp:attachment":[{"href":"https:\/\/www.nooteboom.com\/fr\/wp-json\/wp\/v2\/media?parent=1823372"}],"curies":[{"name":"wp","href":"https:\/\/api.w.org\/{rel}","templated":true}]}}