{"id":1743903,"date":"2019-05-27T10:06:04","date_gmt":"2019-05-27T08:06:04","guid":{"rendered":"https:\/\/www.nooteboom.com\/assistance\/calculateur-de-charge-dessieu-novab-3-0\/nouvelles-fonctionnalites-et-mises-a-jour-novab\/"},"modified":"2020-01-21T14:58:53","modified_gmt":"2020-01-21T13:58:53","slug":"nouvelles-fonctionnalites-et-mises-a-jour-novab","status":"publish","type":"page","link":"https:\/\/www.nooteboom.com\/fr\/assistance\/calculateur-de-charge-dessieu-novab-3-0\/nouvelles-fonctionnalites-et-mises-a-jour-novab\/","title":{"rendered":"Nouvelles fonctionnalit\u00e9s et mises \u00e0 jour NOVAB"},"content":{"rendered":"<div class=\"wpb-content-wrapper\"><p>[vc_row][vc_column][vc_column_text]Nous continuons sans cesse d\u2019am\u00e9liorer et de mettre \u00e0 jour NOVAB 3.0.<\/p>\n<p>Cette page donne un aper\u00e7u des fonctionnalit\u00e9s et mises \u00e0 jour au fil du temps.[\/vc_column_text][\/vc_column][\/vc_row][vc_row][vc_column][vc_separator][\/vc_column][\/vc_row][vc_row][vc_column][vc_column_text]<\/p>\n<h2>Janvier 2020 &#8211; Mises \u00e0 jour<\/h2>\n<p>[\/vc_column_text][vc_tta_accordion][vc_tta_section title=\u00a0\u00bbPossibilit\u00e9 de faire des calcus avec un col de cygne \u00e0 compensation hydraulique\u00a0\u00bb tab_id=\u00a0\u00bb1559543497030-04ba01ec-3d15&Prime;][\/vc_tta_section][vc_tta_section title=\u00a0\u00bbVoir la charge par essieu de chaque essieu du tracteur \/ de la semi\u00a0\u00bb tab_id=\u00a0\u00bb1559543497059-bcc695b2-4a58&Prime;][\/vc_tta_section][vc_tta_section title=\u00a0\u00bbRecherche des v\u00e9hicules et aper\u00e7u plus clair des camions \/ v\u00e9hicules de la biblioth\u00e8que\u00a0\u00bb tab_id=\u00a0\u00bb1559543641846-85837c96-35ce\u00a0\u00bb][vc_row_inner][vc_column_inner width=\u00a0\u00bb1\/2&Prime;][vc_single_image image=\u00a0\u00bb1748281&Prime; img_size=\u00a0\u00bblarge\u00a0\u00bb onclick=\u00a0\u00bblink_image\u00a0\u00bb][\/vc_column_inner][vc_column_inner width=\u00a0\u00bb1\/2&Prime;][vc_single_image image=\u00a0\u00bb1748287&Prime; img_size=\u00a0\u00bblarge\u00a0\u00bb onclick=\u00a0\u00bblink_image\u00a0\u00bb][\/vc_column_inner][\/vc_row_inner][\/vc_tta_section][vc_tta_section title=\u00a0\u00bbMoteur de recherche pour les charges : possibilit\u00e9 de rechercher une charge par nom ou par poids\u00a0\u00bb tab_id=\u00a0\u00bb1559543700552-1503ddc0-f8df\u00a0\u00bb][vc_single_image image=\u00a0\u00bb1748293&Prime; img_size=\u00a0\u00bblarge\u00a0\u00bb onclick=\u00a0\u00bblink_image\u00a0\u00bb][\/vc_tta_section][vc_tta_section title=\u00a0\u00bbFaire vos calculs sur le Mega Windmill Transporter (de la version 2+4 \u00e0 la version 4+7)\u00a0\u00bb tab_id=\u00a0\u00bb1559543703471-62b2d7c0-c3fd\u00a0\u00bb][vc_single_image image=\u00a0\u00bb1748300&Prime; img_size=\u00a0\u00bblarge\u00a0\u00bb onclick=\u00a0\u00bblink_image\u00a0\u00bb][\/vc_tta_section][vc_tta_section title=\u00a0\u00bbVoir le porte-\u00e0-faux arri\u00e8re de la charge\u00a0\u00bb tab_id=\u00a0\u00bb1559543744189-b1829d57-7b07&Prime;][vc_single_image image=\u00a0\u00bb1748306&Prime; img_size=\u00a0\u00bblarge\u00a0\u00bb onclick=\u00a0\u00bblink_image\u00a0\u00bb][\/vc_tta_section][vc_tta_section title=\u00a0\u00bbVoir la distance entre le dernier essieu du camion et le 1er essieu de la semi-remorque\u00a0\u00bb tab_id=\u00a0\u00bb1578913302906-2e2f9bc5-5c43&Prime;][vc_single_image image=\u00a0\u00bb1748313&Prime; img_size=\u00a0\u00bblarge\u00a0\u00bb onclick=\u00a0\u00bblink_image\u00a0\u00bb][\/vc_tta_section][vc_tta_section title=\u00a0\u00bbPossibilit\u00e9 de s\u00e9lectionner un camion 10&#215;4&Prime; tab_id=\u00a0\u00bb1578913357306-addb2716-bdaa\u00a0\u00bb][vc_single_image image=\u00a0\u00bb1748319&Prime; img_size=\u00a0\u00bblarge\u00a0\u00bb onclick=\u00a0\u00bblink_image\u00a0\u00bb][\/vc_tta_section][vc_tta_section title=\u00a0\u00bbEt plusieurs autres mises \u00e0 jour rendant Novab encore plus facile d\u2019utilisation !\u00a0\u00bb tab_id=\u00a0\u00bb1578913404725-0f8db7c9-6216&Prime;][\/vc_tta_section][\/vc_tta_accordion][vc_separator color=\u00a0\u00bbcustom\u00a0\u00bb accent_color=\u00a0\u00bb#d6002a\u00a0\u00bb][\/vc_column][\/vc_row][vc_row][vc_column][vc_column_text]<\/p>\n<h2>Mai 2019 \u2013 Nouvelles fonctionnalit\u00e9s<\/h2>\n<p>[\/vc_column_text][vc_tta_accordion][vc_tta_section title=\u00a0\u00bbAffichages des distances entre essieux et du d\u00e9passement arri\u00e8re de la charge dans l\u2019aper\u00e7u des calculs\u00a0\u00bb tab_id=\u00a0\u00bb1578905841704-c8484a30-ddc9&Prime;][vc_row_inner][vc_column_inner width=\u00a0\u00bb1\/2&Prime;][vc_column_text]Les distances entre essieux et le d\u00e9passement arri\u00e8re de la charge apparaissent maintenant dans l\u2019aper\u00e7u des calculs. Cela vous permet d\u2019avoir une meilleure vue sur la longueur totale de l\u2019ensemble.[\/vc_column_text][\/vc_column_inner][vc_column_inner width=\u00a0\u00bb1\/2&Prime;][vc_single_image image=\u00a0\u00bb1743758&Prime; img_size=\u00a0\u00bblarge\u00a0\u00bb alignment=\u00a0\u00bbright\u00a0\u00bb onclick=\u00a0\u00bblink_image\u00a0\u00bb][\/vc_column_inner][\/vc_row_inner][\/vc_tta_section][vc_tta_section title=\u00a0\u00bbAjout possible de plusieurs charges\u00a0\u00bb tab_id=\u00a0\u00bb1578905841908-777bec54-d0b6&Prime;][vc_row_inner][vc_column_inner width=\u00a0\u00bb1\/2&Prime;][vc_column_text]Une mise \u00e0 jour tr\u00e8s demand\u00e9e pour le transport d\u2019\u00e9l\u00e9ments de contrepoids de grue. La toute derni\u00e8re version permet d\u2019ajouter plusieurs charges.[\/vc_column_text][\/vc_column_inner][vc_column_inner width=\u00a0\u00bb1\/2&Prime;][vc_single_image image=\u00a0\u00bb1743764&Prime; img_size=\u00a0\u00bblarge\u00a0\u00bb alignment=\u00a0\u00bbright\u00a0\u00bb onclick=\u00a0\u00bblink_image\u00a0\u00bb][\/vc_column_inner][\/vc_row_inner][\/vc_tta_section][vc_tta_section title=\u00a0\u00bbFonction de copie de charge\u00a0\u00bb tab_id=\u00a0\u00bb1578905842129-e7c4c9e1-fd2d\u00a0\u00bb][vc_row_inner][vc_column_inner width=\u00a0\u00bb1\/2&Prime;][vc_column_text]Il est maintenant possible d\u2019ajouter la m\u00eame charge rapidement et facilement en la copiant, comme c\u2019est souvent le cas pour les contrepoids.[\/vc_column_text][\/vc_column_inner][vc_column_inner width=\u00a0\u00bb1\/2&Prime;][vc_single_image image=\u00a0\u00bb1743770&Prime; img_size=\u00a0\u00bblarge\u00a0\u00bb alignment=\u00a0\u00bbright\u00a0\u00bb onclick=\u00a0\u00bblink_image\u00a0\u00bb][\/vc_column_inner][\/vc_row_inner][\/vc_tta_section][vc_tta_section title=\u00a0\u00bbVisualisation de la charge s\u00e9lectionn\u00e9e\u00a0\u00bb tab_id=\u00a0\u00bb1578905842354-1a180223-aaaa\u00a0\u00bb][vc_column_text]Pour repr\u00e9senter au mieux un calcul avec plusieurs charges. L\u2019ordre des charges n\u2019est plus important pour la visualisation\u00a0: maintenant vous pouvez rapidement et facilement s\u00e9lectionner les charges souhait\u00e9es.[\/vc_column_text][\/vc_tta_section][vc_tta_section title=\u00a0\u00bbLes charges peuvent facilement coulisser verticalement\u00a0\u00bb tab_id=\u00a0\u00bb1578905842453-48666b15-7632&Prime;][vc_column_text]\u00c0 la demande g\u00e9n\u00e9rale, nous avons pris cette fonctionnalit\u00e9 du Novab 2000 pour rendre le travail avec le Novab 3.0 bien plus facile.[\/vc_column_text][\/vc_tta_section][vc_tta_section title=\u00a0\u00bbAutres mises \u00e0 jour\u00a0\u00bb tab_id=\u00a0\u00bb1578905842558-1f1cd372-08dc\u00a0\u00bb][vc_column_text]<strong>Affichage des images dans l\u2019aper\u00e7u du propre chargement.<\/strong><br \/>\nDans l\u2019aper\u00e7u de votre propre charge, les \u00e9l\u00e9ments sont repr\u00e9sent\u00e9s par des images\u00a0: vous pouvez ainsi trouver la charge souhait\u00e9e\u00a0encore plus rapidement et facilement.<\/p>\n<p><strong>Nouveaux messages dans l\u2019\u00e9cran d\u2019accueil<\/strong><br \/>\nComme ils n\u2019\u00e9taient pas toujours visibles pour les utilisateurs, nous avons am\u00e9lior\u00e9 l\u2019affichage des nouveaux messages.<\/p>\n<p><strong>Essieu s\u00e9lectionn\u00e9 mis en valeur dans la gestion de remorque et de camion<\/strong><br \/>\nDans l\u2019\u00e9cran de modification de remorques et de camions, il n\u2019\u00e9tait pas toujours facile de cerner les valeurs s\u00e9lectionn\u00e9es, nous avons maintenant mis \u00e0 jour le support visuel.<\/p>\n<p><strong>Valeur d\u2019arrondi\u00a0: \u00e0 1, 10 ou\u00a0100\u00a0par utilisateur.<\/strong><br \/>\nPour les demandes de permis et les r\u00e8gles d\u2019arrondis respectives qui peuvent varier selon le pays, il est maintenant \u00e9galement possible de d\u00e9finir la valeur d\u2019arrondi souhait\u00e9e.<\/p>\n<p><strong>Diminution des tranches de pourcentage de rotation de 10 \u00e0 3\u00a0degr\u00e9s par clic<\/strong><br \/>\nPour affiner la repr\u00e9sentation, par exemple, du chargement de plateformes \u00e9l\u00e9vatrices en partie sur le col de cygne et la surface de chargement.[\/vc_column_text][\/vc_tta_section][\/vc_tta_accordion][\/vc_column][\/vc_row]<\/p>\n<\/div>","protected":false},"excerpt":{"rendered":"[vc_row][vc_column][vc_column_text]Nous continuons sans cesse d\u2019am\u00e9liorer et de mettre \u00e0 jour NOVAB 3.0. Cette page donne un aper\u00e7u des fonctionnalit\u00e9s et&#8230;","protected":false},"author":45,"featured_media":0,"parent":1739716,"menu_order":0,"comment_status":"closed","ping_status":"closed","template":"","meta":{"_acf_changed":false,"inline_featured_image":false,"footnotes":""},"class_list":["post-1743903","page","type-page","status-publish","hentry"],"acf":[],"yoast_head":"<!-- This site is optimized with the Yoast SEO Premium plugin v25.7.1 (Yoast SEO v25.7) - https:\/\/yoast.com\/wordpress\/plugins\/seo\/ -->\n<title>Nouvelles fonctionnalit\u00e9s et mises \u00e0 jour NOVAB | Nooteboom Trailers<\/title>\n<meta name=\"robots\" content=\"index, follow, max-snippet:-1, max-image-preview:large, max-video-preview:-1\" \/>\n<link rel=\"canonical\" href=\"https:\/\/www.nooteboom.com\/fr\/assistance\/calculateur-de-charge-dessieu-novab-3-0\/nouvelles-fonctionnalites-et-mises-a-jour-novab\/\" \/>\n<meta property=\"og:locale\" content=\"fr_FR\" \/>\n<meta property=\"og:type\" content=\"article\" \/>\n<meta property=\"og:title\" content=\"Nouvelles fonctionnalit\u00e9s et mises \u00e0 jour NOVAB\" \/>\n<meta property=\"og:description\" content=\"[vc_row][vc_column][vc_column_text]Nous continuons sans cesse d\u2019am\u00e9liorer et de mettre \u00e0 jour NOVAB 3.0. Cette page donne un aper\u00e7u des fonctionnalit\u00e9s et...\" \/>\n<meta property=\"og:url\" content=\"https:\/\/www.nooteboom.com\/fr\/assistance\/calculateur-de-charge-dessieu-novab-3-0\/nouvelles-fonctionnalites-et-mises-a-jour-novab\/\" \/>\n<meta property=\"og:site_name\" content=\"Nooteboom Trailers\" \/>\n<meta property=\"article:publisher\" content=\"https:\/\/nl-nl.facebook.com\/nooteboomtrailers\/\" \/>\n<meta property=\"article:modified_time\" content=\"2020-01-21T13:58:53+00:00\" \/>\n<meta property=\"og:image\" content=\"https:\/\/www.nooteboom.com\/wp-content\/uploads\/splashnooteboom-square-1.jpg\" \/>\n\t<meta property=\"og:image:width\" content=\"757\" \/>\n\t<meta property=\"og:image:height\" content=\"757\" \/>\n\t<meta property=\"og:image:type\" content=\"image\/jpeg\" \/>\n<meta name=\"twitter:card\" content=\"summary_large_image\" \/>\n<meta name=\"twitter:label1\" content=\"Dur\u00e9e de lecture estim\u00e9e\" \/>\n\t<meta name=\"twitter:data1\" content=\"5 minutes\" \/>\n<script type=\"application\/ld+json\" class=\"yoast-schema-graph\">{\"@context\":\"https:\/\/schema.org\",\"@graph\":[{\"@type\":\"WebPage\",\"@id\":\"https:\/\/www.nooteboom.com\/fr\/assistance\/calculateur-de-charge-dessieu-novab-3-0\/nouvelles-fonctionnalites-et-mises-a-jour-novab\/\",\"url\":\"https:\/\/www.nooteboom.com\/fr\/assistance\/calculateur-de-charge-dessieu-novab-3-0\/nouvelles-fonctionnalites-et-mises-a-jour-novab\/\",\"name\":\"Nouvelles fonctionnalit\u00e9s et mises \u00e0 jour NOVAB | Nooteboom Trailers\",\"isPartOf\":{\"@id\":\"https:\/\/www.nooteboom.com\/fr\/#website\"},\"datePublished\":\"2019-05-27T08:06:04+00:00\",\"dateModified\":\"2020-01-21T13:58:53+00:00\",\"breadcrumb\":{\"@id\":\"https:\/\/www.nooteboom.com\/fr\/assistance\/calculateur-de-charge-dessieu-novab-3-0\/nouvelles-fonctionnalites-et-mises-a-jour-novab\/#breadcrumb\"},\"inLanguage\":\"fr-FR\",\"potentialAction\":[{\"@type\":\"ReadAction\",\"target\":[\"https:\/\/www.nooteboom.com\/fr\/assistance\/calculateur-de-charge-dessieu-novab-3-0\/nouvelles-fonctionnalites-et-mises-a-jour-novab\/\"]}]},{\"@type\":\"BreadcrumbList\",\"@id\":\"https:\/\/www.nooteboom.com\/fr\/assistance\/calculateur-de-charge-dessieu-novab-3-0\/nouvelles-fonctionnalites-et-mises-a-jour-novab\/#breadcrumb\",\"itemListElement\":[{\"@type\":\"ListItem\",\"position\":1,\"name\":\"Home\",\"item\":\"https:\/\/www.nooteboom.com\/fr\/\"},{\"@type\":\"ListItem\",\"position\":2,\"name\":\"Assistance\",\"item\":\"https:\/\/www.nooteboom.com\/fr\/assistance\/\"},{\"@type\":\"ListItem\",\"position\":3,\"name\":\"Calculateur de charge d&#8217;essieu NOVAB 3.0\",\"item\":\"https:\/\/www.nooteboom.com\/fr\/assistance\/calculateur-de-charge-dessieu-novab-3-0\/\"},{\"@type\":\"ListItem\",\"position\":4,\"name\":\"Nouvelles fonctionnalit\u00e9s et mises \u00e0 jour NOVAB\"}]},{\"@type\":\"WebSite\",\"@id\":\"https:\/\/www.nooteboom.com\/fr\/#website\",\"url\":\"https:\/\/www.nooteboom.com\/fr\/\",\"name\":\"Nooteboom Trailers\",\"description\":\"Gets you there.\",\"publisher\":{\"@id\":\"https:\/\/www.nooteboom.com\/fr\/#organization\"},\"potentialAction\":[{\"@type\":\"SearchAction\",\"target\":{\"@type\":\"EntryPoint\",\"urlTemplate\":\"https:\/\/www.nooteboom.com\/fr\/?s={search_term_string}\"},\"query-input\":{\"@type\":\"PropertyValueSpecification\",\"valueRequired\":true,\"valueName\":\"search_term_string\"}}],\"inLanguage\":\"fr-FR\"},{\"@type\":\"Organization\",\"@id\":\"https:\/\/www.nooteboom.com\/fr\/#organization\",\"name\":\"Nooteboom Trailers\",\"url\":\"https:\/\/www.nooteboom.com\/fr\/\",\"logo\":{\"@type\":\"ImageObject\",\"inLanguage\":\"fr-FR\",\"@id\":\"https:\/\/www.nooteboom.com\/fr\/#\/schema\/logo\/image\/\",\"url\":\"https:\/\/www.nooteboom.com\/wp-content\/uploads\/logo.png\",\"contentUrl\":\"https:\/\/www.nooteboom.com\/wp-content\/uploads\/logo.png\",\"width\":111,\"height\":66,\"caption\":\"Nooteboom Trailers\"},\"image\":{\"@id\":\"https:\/\/www.nooteboom.com\/fr\/#\/schema\/logo\/image\/\"},\"sameAs\":[\"https:\/\/nl-nl.facebook.com\/nooteboomtrailers\/\",\"https:\/\/nl.linkedin.com\/company\/nooteboom-trailers\",\"https:\/\/www.youtube.com\/user\/Nooteboomtrailers\"]}]}<\/script>\n<!-- \/ Yoast SEO Premium plugin. -->","yoast_head_json":{"title":"Nouvelles fonctionnalit\u00e9s et mises \u00e0 jour NOVAB | Nooteboom Trailers","robots":{"index":"index","follow":"follow","max-snippet":"max-snippet:-1","max-image-preview":"max-image-preview:large","max-video-preview":"max-video-preview:-1"},"canonical":"https:\/\/www.nooteboom.com\/fr\/assistance\/calculateur-de-charge-dessieu-novab-3-0\/nouvelles-fonctionnalites-et-mises-a-jour-novab\/","og_locale":"fr_FR","og_type":"article","og_title":"Nouvelles fonctionnalit\u00e9s et mises \u00e0 jour NOVAB","og_description":"[vc_row][vc_column][vc_column_text]Nous continuons sans cesse d\u2019am\u00e9liorer et de mettre \u00e0 jour NOVAB 3.0. Cette page donne un aper\u00e7u des fonctionnalit\u00e9s et...","og_url":"https:\/\/www.nooteboom.com\/fr\/assistance\/calculateur-de-charge-dessieu-novab-3-0\/nouvelles-fonctionnalites-et-mises-a-jour-novab\/","og_site_name":"Nooteboom Trailers","article_publisher":"https:\/\/nl-nl.facebook.com\/nooteboomtrailers\/","article_modified_time":"2020-01-21T13:58:53+00:00","og_image":[{"width":757,"height":757,"url":"https:\/\/www.nooteboom.com\/wp-content\/uploads\/splashnooteboom-square-1.jpg","type":"image\/jpeg"}],"twitter_card":"summary_large_image","twitter_misc":{"Dur\u00e9e de lecture estim\u00e9e":"5 minutes"},"schema":{"@context":"https:\/\/schema.org","@graph":[{"@type":"WebPage","@id":"https:\/\/www.nooteboom.com\/fr\/assistance\/calculateur-de-charge-dessieu-novab-3-0\/nouvelles-fonctionnalites-et-mises-a-jour-novab\/","url":"https:\/\/www.nooteboom.com\/fr\/assistance\/calculateur-de-charge-dessieu-novab-3-0\/nouvelles-fonctionnalites-et-mises-a-jour-novab\/","name":"Nouvelles fonctionnalit\u00e9s et mises \u00e0 jour NOVAB | Nooteboom Trailers","isPartOf":{"@id":"https:\/\/www.nooteboom.com\/fr\/#website"},"datePublished":"2019-05-27T08:06:04+00:00","dateModified":"2020-01-21T13:58:53+00:00","breadcrumb":{"@id":"https:\/\/www.nooteboom.com\/fr\/assistance\/calculateur-de-charge-dessieu-novab-3-0\/nouvelles-fonctionnalites-et-mises-a-jour-novab\/#breadcrumb"},"inLanguage":"fr-FR","potentialAction":[{"@type":"ReadAction","target":["https:\/\/www.nooteboom.com\/fr\/assistance\/calculateur-de-charge-dessieu-novab-3-0\/nouvelles-fonctionnalites-et-mises-a-jour-novab\/"]}]},{"@type":"BreadcrumbList","@id":"https:\/\/www.nooteboom.com\/fr\/assistance\/calculateur-de-charge-dessieu-novab-3-0\/nouvelles-fonctionnalites-et-mises-a-jour-novab\/#breadcrumb","itemListElement":[{"@type":"ListItem","position":1,"name":"Home","item":"https:\/\/www.nooteboom.com\/fr\/"},{"@type":"ListItem","position":2,"name":"Assistance","item":"https:\/\/www.nooteboom.com\/fr\/assistance\/"},{"@type":"ListItem","position":3,"name":"Calculateur de charge d&#8217;essieu NOVAB 3.0","item":"https:\/\/www.nooteboom.com\/fr\/assistance\/calculateur-de-charge-dessieu-novab-3-0\/"},{"@type":"ListItem","position":4,"name":"Nouvelles fonctionnalit\u00e9s et mises \u00e0 jour NOVAB"}]},{"@type":"WebSite","@id":"https:\/\/www.nooteboom.com\/fr\/#website","url":"https:\/\/www.nooteboom.com\/fr\/","name":"Nooteboom Trailers","description":"Gets you there.","publisher":{"@id":"https:\/\/www.nooteboom.com\/fr\/#organization"},"potentialAction":[{"@type":"SearchAction","target":{"@type":"EntryPoint","urlTemplate":"https:\/\/www.nooteboom.com\/fr\/?s={search_term_string}"},"query-input":{"@type":"PropertyValueSpecification","valueRequired":true,"valueName":"search_term_string"}}],"inLanguage":"fr-FR"},{"@type":"Organization","@id":"https:\/\/www.nooteboom.com\/fr\/#organization","name":"Nooteboom Trailers","url":"https:\/\/www.nooteboom.com\/fr\/","logo":{"@type":"ImageObject","inLanguage":"fr-FR","@id":"https:\/\/www.nooteboom.com\/fr\/#\/schema\/logo\/image\/","url":"https:\/\/www.nooteboom.com\/wp-content\/uploads\/logo.png","contentUrl":"https:\/\/www.nooteboom.com\/wp-content\/uploads\/logo.png","width":111,"height":66,"caption":"Nooteboom Trailers"},"image":{"@id":"https:\/\/www.nooteboom.com\/fr\/#\/schema\/logo\/image\/"},"sameAs":["https:\/\/nl-nl.facebook.com\/nooteboomtrailers\/","https:\/\/nl.linkedin.com\/company\/nooteboom-trailers","https:\/\/www.youtube.com\/user\/Nooteboomtrailers"]}]}},"_links":{"self":[{"href":"https:\/\/www.nooteboom.com\/fr\/wp-json\/wp\/v2\/pages\/1743903","targetHints":{"allow":["GET"]}}],"collection":[{"href":"https:\/\/www.nooteboom.com\/fr\/wp-json\/wp\/v2\/pages"}],"about":[{"href":"https:\/\/www.nooteboom.com\/fr\/wp-json\/wp\/v2\/types\/page"}],"author":[{"embeddable":true,"href":"https:\/\/www.nooteboom.com\/fr\/wp-json\/wp\/v2\/users\/45"}],"replies":[{"embeddable":true,"href":"https:\/\/www.nooteboom.com\/fr\/wp-json\/wp\/v2\/comments?post=1743903"}],"version-history":[{"count":6,"href":"https:\/\/www.nooteboom.com\/fr\/wp-json\/wp\/v2\/pages\/1743903\/revisions"}],"predecessor-version":[{"id":1748510,"href":"https:\/\/www.nooteboom.com\/fr\/wp-json\/wp\/v2\/pages\/1743903\/revisions\/1748510"}],"up":[{"embeddable":true,"href":"https:\/\/www.nooteboom.com\/fr\/wp-json\/wp\/v2\/pages\/1739716"}],"wp:attachment":[{"href":"https:\/\/www.nooteboom.com\/fr\/wp-json\/wp\/v2\/media?parent=1743903"}],"curies":[{"name":"wp","href":"https:\/\/api.w.org\/{rel}","templated":true}]}}