{"id":1530683,"date":"2018-05-16T14:26:43","date_gmt":"2018-05-16T12:26:43","guid":{"rendered":"https:\/\/www.nooteboom.com\/cookie-statement\/"},"modified":"2018-05-16T14:27:24","modified_gmt":"2018-05-16T12:27:24","slug":"cookie-statement","status":"publish","type":"page","link":"https:\/\/www.nooteboom.com\/fr\/cookie-statement\/","title":{"rendered":"Cookie statement"},"content":{"rendered":"<div class=\"wpb-content-wrapper\"><p>[vc_row][vc_column][vc_column_text]<strong>Utilisation des cookies<\/strong><\/p>\n<p>Sur notre site Internet, diff\u00e9rents types de cookies sont utilis\u00e9s. cela concerne le site Internet : www.nooteboom.com<\/p>\n<p>Vous trouverez ci-dessous les caract\u00e9ristiques de ces cookies, leurs fonctions, ainsi que les cookies utilis\u00e9s sur le site Internet Nooteboom et les raisons de leur pr\u00e9sence.<\/p>\n<p><strong>\u00c0 quoi servent les cookies ?<\/strong><\/p>\n<p>Les cookies sont des petits fichiers (textes) qui placent un serveur de page web sur votre ordinateur, tablette ou autre appareil \u00e9lectronique (ci-apr\u00e8s d\u00e9nomm\u00e9 \u00ab\u00a0ordinateur\u00a0\u00bb). Le cookie plac\u00e9 sur votre ordinateur permet au serveur de page Internet de reconna\u00eetre votre ordinateur. Un cookie ne peut pas lancer des programmes ou propager des virus.<\/p>\n<p>Les cookies expirent apr\u00e8s un certain temps, \u00e0 compter de leur installation sur un ordinateur. Votre navigateur supprimera le cookie une fois sa p\u00e9riode de validit\u00e9 expir\u00e9e. Pour certains cookies, la dur\u00e9e de validit\u00e9 d\u00e9pendra de la dur\u00e9e de la session du navigateur, mais d&rsquo;autres cookies restent valides plus longtemps pour qu&rsquo;ils puissent \u00eatre lus \u00e0 la prochaine visite de notre site Internet. Ainsi, nous utilisons des cookies pour r\u00e9cup\u00e9rer vos donn\u00e9es personnelles que nous traitons conform\u00e9ment \u00e0 notre d\u00e9claration de confidentialit\u00e9.<\/p>\n<p><strong>Cookies sur notre site Internet<\/strong><\/p>\n<p>Sur notre site Internet, nous mettons en place des cookies de fonctionnalit\u00e9 (n\u00e9cessaires), des cookies analytiques, ainsi que des cookies li\u00e9s aux r\u00e9seaux sociaux et des cookies de suivi pour proposer un contenu appropri\u00e9.<\/p>\n<p><strong>Cookies de fonctionnalit\u00e9 (n\u00e9cessaires)<\/strong><\/p>\n<p>Un cookie de fonctionnalit\u00e9 est n\u00e9cessaire pour pouvoir naviguer sur le site Internet. Ce cookie est uniquement valide pour la dur\u00e9e de la session de votre navigateur. Pour m\u00e9moriser votre choix d&rsquo;accepter ou de refuser nos cookies, nous devons placer un cookie fonctionnel (cookieAccept\u00e9). La validit\u00e9 de ce cookie est fix\u00e9e \u00e0 une p\u00e9riode maximum de deux ans.<\/p>\n<p>Il s&rsquo;agit de nos propres cookies, et ils peuvent \u00eatre uniquement lus par un personnel Nooteboom qualifi\u00e9. Nooteboom ne partage pas les donn\u00e9es obtenues au moyen de tierces parties et ne sera soumis \u00e0 aucune obligation en ce sens.<\/p>\n<p><strong>Cookies analytiques<\/strong><\/p>\n<p>Les cookies analytiques permettent d&rsquo;enregistrer le volume de fr\u00e9quentation de notre site Internet. L&rsquo;utilisation de notre site Internet peut \u00eatre analys\u00e9e gr\u00e2ce \u00e0 cette information. Elle nous sert \u00e0 am\u00e9liorer notre site Internet.<\/p>\n<p>Pour cela, nous utilisons le service Google Analytics. Dans le contexte pr\u00e9sent, le fournisseur de ce service : Google Inc. place des cookies analytiques dans notre site Internet. \u00c0 partir des donn\u00e9es collect\u00e9es par ces cookies, Google \u00e9tablit des rapports anonymes pour Nooteboom sur l&rsquo;utilisation de notre site Internet. Nous avons configur\u00e9 les cookies Google Analytics dans le respect de la vie priv\u00e9e, tel que recommand\u00e9 par Autoriteit Persoonsgegevens (Autorit\u00e9 n\u00e9erlandaise pour la protection des donn\u00e9es). Ainsi, nous traitons un nombre r\u00e9duit de vos donn\u00e9es. Pour plus d&rsquo;informations sur ces cookies et leur p\u00e9riode de validit\u00e9, veuillez visiter le site Internet de Google (<a href=\"https:\/\/developers.google.com\/analytics\/devguides\/collection\/gajs\/cookie-usage\">lien<\/a>). Google fournit \u00e9galement une option de non-participation de la collecte de donn\u00e9es dans le cadre de Google Analytics (<a href=\"https:\/\/tools.google.com\/dlpage\/gaoptout?hl=nl\">lien<\/a>). Plus d&rsquo;informations sur l&rsquo;utilisation des cookies par Google sont disponibles <a href=\"https:\/\/policies.google.com\/technologies\/cookies?hl=nl\">ic<\/a>i.<\/p>\n<p><strong>Cookies de r\u00e9seaux sociaux <\/strong><\/p>\n<p>Pour permettre aux visiteurs de notre blog et de notre site Internet de partager du contenu, nous avons plac\u00e9 des boutons de partage de r\u00e9seaux sociaux sur notre site Internet.<\/p>\n<p>Pour le fonctionnement de ces boutons, les r\u00e9seaux sociaux tels que Twitter, Facebook, YouTube et Google, placent des cookies pour pouvoir vous reconna\u00eetre lorsque vous vous connectez \u00e0 ce r\u00e9seau social. Ils les utilisent \u00e9galement pour collecter des donn\u00e9es sur la page que vous partagez. Pour plus d&rsquo;informations sur les donn\u00e9es r\u00e9unies par les r\u00e9seaux sociaux, nous vous renvoyons aux d\u00e9clarations de confidentialit\u00e9 des ces entreprises, sous r\u00e9serve de modifications (qui peuvent \u00eatre fr\u00e9quentes).<\/p>\n<ul>\n<li><a href=\"https:\/\/www.facebook.com\/policy.php\">Facebook<\/a><\/li>\n<li><a href=\"https:\/\/twitter.com\/privacy\">Twitter<\/a><\/li>\n<li><a href=\"https:\/\/www.linkedin.com\/legal\/privacy-policy?trk=hb_ft_priv\">LinkedIn<\/a><\/li>\n<li><a href=\"https:\/\/www.google.com\/intl\/nl\/policies\/privacy\/\">Google+<\/a><\/li>\n<\/ul>\n<p>Les cookies li\u00e9s au r\u00e9seau social ne sont pas plac\u00e9s ou lus par nos soins, mais par le r\u00e9seau social en question. Nos connaissances sont limit\u00e9es, et nous n&rsquo;avons aucun contr\u00f4le sur ces cookies. Nous d\u00e9clinons ainsi toute responsabilit\u00e9 pour ces cookies de r\u00e9seaux sociaux ou pour la fa\u00e7on dont les r\u00e9seaux sociaux en question utilisent les donn\u00e9es collect\u00e9es.<\/p>\n<p><strong>Cookies de suivi<\/strong><\/p>\n<p>Avec votre autorisation, nous pla\u00e7ons des cookies sur vos appareils, accessibles d\u00e8s que vous consultez nos sites Internet. Lorsque vous utilisez nos sites Internet, nous r\u00e9unissons (une partie) des donn\u00e9es vous concernant telles que l&rsquo;adresse IP, le type de navigateur, le syst\u00e8me d&rsquo;exploitation et la version d&rsquo;application, les param\u00e8tres de la langue, la page qui vous a redirig\u00e9 vers notre site Internet et les pages de notre site Internet que vous avez visit\u00e9es. Nous collectons \u00e9galement des informations sur la r\u00e9ponse aux messages par e-mail. Si vous visitez notre site Internet au moyen d&rsquo;un appareil mobile, nous collectons \u00e9galement des informations sur la marque de votre appareil mobile et autres caract\u00e9ristiques propres \u00e0 l&rsquo;appareil.<\/p>\n<p>Le profil ainsi dress\u00e9 n&rsquo;est pas li\u00e9 \u00e0 vos nom, adresse, adresse e-mail et autres, mais est utilis\u00e9 uniquement pour adapter le contenu \u00e0 votre profil et \u00eatre le plus pertinent possible pour vous.<\/p>\n<p><strong>Refuser et supprimer les cookies<\/strong><\/p>\n<p>Vous pouvez configurer votre navigateur afin de ne pas m\u00e9moriser des cookies, d&rsquo;autoriser ou de refuser chaque cookie, ou de supprimer tous les cookies lorsque vous fermez le navigateur. Une proc\u00e9dure de gestion des cookies utile et par \u00e9tape est disponible sur le site Internet de \u2018de Consumentenbond\u2019 (<a href=\"https:\/\/www.consumentenbond.nl\/internet-privacy\/cookies-verwijderen\">ic<\/a>i).<\/p>\n<p>Les cookies sont plac\u00e9s sur tous les ordinateurs que vous utilisez pour visiter les sites Internet. Si vous ne souhaitez plus du tout recevoir des cookies, vous devez ajuster les param\u00e8tres sur tous les ordinateurs utilis\u00e9s.<\/p>\n<p>Veuillez noter que, si vous refusez et\/ou supprimez des cookies, cela affecte \u00e9galement les cookies strictement n\u00e9cessaires. La fonctionnalit\u00e9 de notre site Internet peut ainsi \u00eatre limit\u00e9e.<\/p>\n<p>N&rsquo;h\u00e9sitez pas \u00e0 nous contacter pour toute question sur l&rsquo;utilisation des cookies.[\/vc_column_text][\/vc_column][\/vc_row]<\/p>\n<\/div>","protected":false},"excerpt":{"rendered":"[vc_row][vc_column][vc_column_text]Utilisation des cookies Sur notre site Internet, diff\u00e9rents types de cookies sont utilis\u00e9s. cela concerne le site Internet : www.nooteboom.com&#8230;","protected":false},"author":45,"featured_media":0,"parent":0,"menu_order":0,"comment_status":"closed","ping_status":"closed","template":"","meta":{"_acf_changed":false,"inline_featured_image":false,"footnotes":""},"class_list":["post-1530683","page","type-page","status-publish","hentry"],"acf":[],"yoast_head":"<!-- This site is optimized with the Yoast SEO Premium plugin v25.7.1 (Yoast SEO v25.7) - https:\/\/yoast.com\/wordpress\/plugins\/seo\/ -->\n<title>Cookie statement | Nooteboom Trailers<\/title>\n<meta name=\"robots\" content=\"index, follow, max-snippet:-1, max-image-preview:large, max-video-preview:-1\" \/>\n<link rel=\"canonical\" href=\"https:\/\/www.nooteboom.com\/fr\/cookie-statement\/\" \/>\n<meta property=\"og:locale\" content=\"fr_FR\" \/>\n<meta property=\"og:type\" content=\"article\" \/>\n<meta property=\"og:title\" content=\"Cookie statement\" \/>\n<meta property=\"og:description\" content=\"[vc_row][vc_column][vc_column_text]Utilisation des cookies Sur notre site Internet, diff\u00e9rents types de cookies sont utilis\u00e9s. cela concerne le site Internet : www.nooteboom.com...\" \/>\n<meta property=\"og:url\" content=\"https:\/\/www.nooteboom.com\/fr\/cookie-statement\/\" \/>\n<meta property=\"og:site_name\" content=\"Nooteboom Trailers\" \/>\n<meta property=\"article:publisher\" content=\"https:\/\/nl-nl.facebook.com\/nooteboomtrailers\/\" \/>\n<meta property=\"article:modified_time\" content=\"2018-05-16T12:27:24+00:00\" \/>\n<meta property=\"og:image\" content=\"https:\/\/www.nooteboom.com\/wp-content\/uploads\/splashnooteboom-square-1.jpg\" \/>\n\t<meta property=\"og:image:width\" content=\"757\" \/>\n\t<meta property=\"og:image:height\" content=\"757\" \/>\n\t<meta property=\"og:image:type\" content=\"image\/jpeg\" \/>\n<meta name=\"twitter:card\" content=\"summary_large_image\" \/>\n<meta name=\"twitter:label1\" content=\"Dur\u00e9e de lecture estim\u00e9e\" \/>\n\t<meta name=\"twitter:data1\" content=\"5 minutes\" \/>\n<script type=\"application\/ld+json\" class=\"yoast-schema-graph\">{\"@context\":\"https:\/\/schema.org\",\"@graph\":[{\"@type\":\"WebPage\",\"@id\":\"https:\/\/www.nooteboom.com\/fr\/cookie-statement\/\",\"url\":\"https:\/\/www.nooteboom.com\/fr\/cookie-statement\/\",\"name\":\"Cookie statement | Nooteboom Trailers\",\"isPartOf\":{\"@id\":\"https:\/\/www.nooteboom.com\/fr\/#website\"},\"datePublished\":\"2018-05-16T12:26:43+00:00\",\"dateModified\":\"2018-05-16T12:27:24+00:00\",\"breadcrumb\":{\"@id\":\"https:\/\/www.nooteboom.com\/fr\/cookie-statement\/#breadcrumb\"},\"inLanguage\":\"fr-FR\",\"potentialAction\":[{\"@type\":\"ReadAction\",\"target\":[\"https:\/\/www.nooteboom.com\/fr\/cookie-statement\/\"]}]},{\"@type\":\"BreadcrumbList\",\"@id\":\"https:\/\/www.nooteboom.com\/fr\/cookie-statement\/#breadcrumb\",\"itemListElement\":[{\"@type\":\"ListItem\",\"position\":1,\"name\":\"Home\",\"item\":\"https:\/\/www.nooteboom.com\/fr\/\"},{\"@type\":\"ListItem\",\"position\":2,\"name\":\"Cookie statement\"}]},{\"@type\":\"WebSite\",\"@id\":\"https:\/\/www.nooteboom.com\/fr\/#website\",\"url\":\"https:\/\/www.nooteboom.com\/fr\/\",\"name\":\"Nooteboom Trailers\",\"description\":\"Gets you there.\",\"publisher\":{\"@id\":\"https:\/\/www.nooteboom.com\/fr\/#organization\"},\"potentialAction\":[{\"@type\":\"SearchAction\",\"target\":{\"@type\":\"EntryPoint\",\"urlTemplate\":\"https:\/\/www.nooteboom.com\/fr\/?s={search_term_string}\"},\"query-input\":{\"@type\":\"PropertyValueSpecification\",\"valueRequired\":true,\"valueName\":\"search_term_string\"}}],\"inLanguage\":\"fr-FR\"},{\"@type\":\"Organization\",\"@id\":\"https:\/\/www.nooteboom.com\/fr\/#organization\",\"name\":\"Nooteboom Trailers\",\"url\":\"https:\/\/www.nooteboom.com\/fr\/\",\"logo\":{\"@type\":\"ImageObject\",\"inLanguage\":\"fr-FR\",\"@id\":\"https:\/\/www.nooteboom.com\/fr\/#\/schema\/logo\/image\/\",\"url\":\"https:\/\/www.nooteboom.com\/wp-content\/uploads\/logo.png\",\"contentUrl\":\"https:\/\/www.nooteboom.com\/wp-content\/uploads\/logo.png\",\"width\":111,\"height\":66,\"caption\":\"Nooteboom Trailers\"},\"image\":{\"@id\":\"https:\/\/www.nooteboom.com\/fr\/#\/schema\/logo\/image\/\"},\"sameAs\":[\"https:\/\/nl-nl.facebook.com\/nooteboomtrailers\/\",\"https:\/\/nl.linkedin.com\/company\/nooteboom-trailers\",\"https:\/\/www.youtube.com\/user\/Nooteboomtrailers\"]}]}<\/script>\n<!-- \/ Yoast SEO Premium plugin. -->","yoast_head_json":{"title":"Cookie statement | Nooteboom Trailers","robots":{"index":"index","follow":"follow","max-snippet":"max-snippet:-1","max-image-preview":"max-image-preview:large","max-video-preview":"max-video-preview:-1"},"canonical":"https:\/\/www.nooteboom.com\/fr\/cookie-statement\/","og_locale":"fr_FR","og_type":"article","og_title":"Cookie statement","og_description":"[vc_row][vc_column][vc_column_text]Utilisation des cookies Sur notre site Internet, diff\u00e9rents types de cookies sont utilis\u00e9s. cela concerne le site Internet : www.nooteboom.com...","og_url":"https:\/\/www.nooteboom.com\/fr\/cookie-statement\/","og_site_name":"Nooteboom Trailers","article_publisher":"https:\/\/nl-nl.facebook.com\/nooteboomtrailers\/","article_modified_time":"2018-05-16T12:27:24+00:00","og_image":[{"width":757,"height":757,"url":"https:\/\/www.nooteboom.com\/wp-content\/uploads\/splashnooteboom-square-1.jpg","type":"image\/jpeg"}],"twitter_card":"summary_large_image","twitter_misc":{"Dur\u00e9e de lecture estim\u00e9e":"5 minutes"},"schema":{"@context":"https:\/\/schema.org","@graph":[{"@type":"WebPage","@id":"https:\/\/www.nooteboom.com\/fr\/cookie-statement\/","url":"https:\/\/www.nooteboom.com\/fr\/cookie-statement\/","name":"Cookie statement | Nooteboom Trailers","isPartOf":{"@id":"https:\/\/www.nooteboom.com\/fr\/#website"},"datePublished":"2018-05-16T12:26:43+00:00","dateModified":"2018-05-16T12:27:24+00:00","breadcrumb":{"@id":"https:\/\/www.nooteboom.com\/fr\/cookie-statement\/#breadcrumb"},"inLanguage":"fr-FR","potentialAction":[{"@type":"ReadAction","target":["https:\/\/www.nooteboom.com\/fr\/cookie-statement\/"]}]},{"@type":"BreadcrumbList","@id":"https:\/\/www.nooteboom.com\/fr\/cookie-statement\/#breadcrumb","itemListElement":[{"@type":"ListItem","position":1,"name":"Home","item":"https:\/\/www.nooteboom.com\/fr\/"},{"@type":"ListItem","position":2,"name":"Cookie statement"}]},{"@type":"WebSite","@id":"https:\/\/www.nooteboom.com\/fr\/#website","url":"https:\/\/www.nooteboom.com\/fr\/","name":"Nooteboom Trailers","description":"Gets you there.","publisher":{"@id":"https:\/\/www.nooteboom.com\/fr\/#organization"},"potentialAction":[{"@type":"SearchAction","target":{"@type":"EntryPoint","urlTemplate":"https:\/\/www.nooteboom.com\/fr\/?s={search_term_string}"},"query-input":{"@type":"PropertyValueSpecification","valueRequired":true,"valueName":"search_term_string"}}],"inLanguage":"fr-FR"},{"@type":"Organization","@id":"https:\/\/www.nooteboom.com\/fr\/#organization","name":"Nooteboom Trailers","url":"https:\/\/www.nooteboom.com\/fr\/","logo":{"@type":"ImageObject","inLanguage":"fr-FR","@id":"https:\/\/www.nooteboom.com\/fr\/#\/schema\/logo\/image\/","url":"https:\/\/www.nooteboom.com\/wp-content\/uploads\/logo.png","contentUrl":"https:\/\/www.nooteboom.com\/wp-content\/uploads\/logo.png","width":111,"height":66,"caption":"Nooteboom Trailers"},"image":{"@id":"https:\/\/www.nooteboom.com\/fr\/#\/schema\/logo\/image\/"},"sameAs":["https:\/\/nl-nl.facebook.com\/nooteboomtrailers\/","https:\/\/nl.linkedin.com\/company\/nooteboom-trailers","https:\/\/www.youtube.com\/user\/Nooteboomtrailers"]}]}},"_links":{"self":[{"href":"https:\/\/www.nooteboom.com\/fr\/wp-json\/wp\/v2\/pages\/1530683","targetHints":{"allow":["GET"]}}],"collection":[{"href":"https:\/\/www.nooteboom.com\/fr\/wp-json\/wp\/v2\/pages"}],"about":[{"href":"https:\/\/www.nooteboom.com\/fr\/wp-json\/wp\/v2\/types\/page"}],"author":[{"embeddable":true,"href":"https:\/\/www.nooteboom.com\/fr\/wp-json\/wp\/v2\/users\/45"}],"replies":[{"embeddable":true,"href":"https:\/\/www.nooteboom.com\/fr\/wp-json\/wp\/v2\/comments?post=1530683"}],"version-history":[{"count":1,"href":"https:\/\/www.nooteboom.com\/fr\/wp-json\/wp\/v2\/pages\/1530683\/revisions"}],"predecessor-version":[{"id":1530684,"href":"https:\/\/www.nooteboom.com\/fr\/wp-json\/wp\/v2\/pages\/1530683\/revisions\/1530684"}],"wp:attachment":[{"href":"https:\/\/www.nooteboom.com\/fr\/wp-json\/wp\/v2\/media?parent=1530683"}],"curies":[{"name":"wp","href":"https:\/\/api.w.org\/{rel}","templated":true}]}}