{"id":1824047,"date":"2020-06-10T09:57:09","date_gmt":"2020-06-10T07:57:09","guid":{"rendered":"https:\/\/www.nooteboom.com\/vehiculos-nuevos-y-usados-%e2%80%8b%e2%80%8ben-stock\/"},"modified":"2020-06-10T10:26:06","modified_gmt":"2020-06-10T08:26:06","slug":"vehiculos-nuevos-y-usados-en-stock","status":"publish","type":"page","link":"https:\/\/www.nooteboom.com\/es\/vehiculos-nuevos-y-usados-en-stock\/","title":{"rendered":"Veh\u00edculos nuevos y usados \u200b\u200ben stock"},"content":{"rendered":"<div class=\"wpb-content-wrapper\"><p>[vc_row][vc_column width=\u00bb2\/4&#8243;][vc_column_text]<\/p>\n<h2>\u00a1Deje que le ayudemos a encontrar la mejor soluci\u00f3n de transporte!<\/h2>\n<p>[\/vc_column_text][vc_column_text]En nuestra sala de exposiciones online, le ofrecemos la gama actual de veh\u00edculos nuevos y usados que podemos entregar directamente del stock. De esta forma, tenemos la posibilidad de responder r\u00e1pidamente a sus necesidades de transporte. Todos los veh\u00edculos de nuestra sala de exposiciones digital se presentan con especificaciones detalladas, fotos y, en algunos casos, incluso con v\u00eddeos. Por supuesto, puede ver las existencias disponibles en Wijchen. \u00bfNo encuentra lo que busca? Use el formulario de esta p\u00e1gina para ponerse en contacto con nosotros.[\/vc_column_text][\/vc_column][vc_column width=\u00bb1\/4&#8243;]<div class=\"vc_teaser\">\n\n\t\n\t\t<div onclick=\"window.location.href='https:\/\/www.nooteboom.com\/es\/stock\/nuevo-de-stock\/';\" class=\"vc_teaser__inner clickable\">\n\n\t\t\t\t\t\t\t<figure>\n\t\t\t\t\t<img\n\t\t\t\t\t\t\tsrc=\"https:\/\/www.nooteboom.com\/wp-content\/uploads\/new-trailer-500x333.png\"\n\t\t\t\t\t\t\talt=\"Veh\u00edculos nuevos y usados \u200b\u200ben stock\"\n\t\t\t\t\t\t\t\t\t\t\t\t\tsrcset=\"https:\/\/www.nooteboom.com\/wp-content\/uploads\/new-trailer-300x199.png 300w,https:\/\/www.nooteboom.com\/wp-content\/uploads\/new-trailer-768x511.png 768w,https:\/\/www.nooteboom.com\/wp-content\/uploads\/new-trailer-1024x681.png 1024w\"\n\t\t\t\t\t\t\tsizes=\"(max-width: 500px) 100vw, 500px\"\n\t\t\t\t\t\t\t\t\t\t\t>\n\t\t\t\t<\/figure>\n\t\t\t\n\t\t\t\t\t\t\t<a href=\"https:\/\/www.nooteboom.com\/es\/stock\/nuevo-de-stock\/\" target=\"\"\n\t\t\t\t   title=\"Nuevo de stock\" class=\"button red\">\n\t\t\t\t\tStock de remolques nuevos\t\t\t\t\t<span class=\"fa fa-chevron-right\"><\/span>\n\t\t\t\t<\/a>\n\t\t\t\n\t\t<\/div>\n\n\t\n<\/div>[\/vc_column][vc_column width=\u00bb1\/4&#8243;]<div class=\"vc_teaser\">\n\n\t\n\t\t<div onclick=\"window.location.href='https:\/\/www.nooteboom.com\/es\/stock\/usado-del-stock\/';\" class=\"vc_teaser__inner clickable\">\n\n\t\t\t\t\t\t\t<figure>\n\t\t\t\t\t<img\n\t\t\t\t\t\t\tsrc=\"https:\/\/www.nooteboom.com\/wp-content\/uploads\/used-trailer-500x333.png\"\n\t\t\t\t\t\t\talt=\"Veh\u00edculos nuevos y usados \u200b\u200ben stock\"\n\t\t\t\t\t\t\t\t\t\t\t\t\tsrcset=\"https:\/\/www.nooteboom.com\/wp-content\/uploads\/used-trailer-300x199.png 300w,https:\/\/www.nooteboom.com\/wp-content\/uploads\/used-trailer-768x511.png 768w,https:\/\/www.nooteboom.com\/wp-content\/uploads\/used-trailer-1024x681.png 1024w\"\n\t\t\t\t\t\t\tsizes=\"(max-width: 500px) 100vw, 500px\"\n\t\t\t\t\t\t\t\t\t\t\t>\n\t\t\t\t<\/figure>\n\t\t\t\n\t\t\t\t\t\t\t<a href=\"https:\/\/www.nooteboom.com\/es\/stock\/usado-del-stock\/\" target=\"\"\n\t\t\t\t   title=\"Usado del stock\" class=\"button red\">\n\t\t\t\t\tStock de remolques usados\t\t\t\t\t<span class=\"fa fa-chevron-right\"><\/span>\n\t\t\t\t<\/a>\n\t\t\t\n\t\t<\/div>\n\n\t\n<\/div>[\/vc_column][\/vc_row][vc_row][vc_column][\/vc_column][\/vc_row][vc_row][vc_column][vc_share title=\u00bbComparte esta p\u00e1gina\u00bb][\/vc_column][\/vc_row]<\/p>\n<\/div>","protected":false},"excerpt":{"rendered":"En nuestra sala de exposiciones online, le ofrecemos la gama actual de veh\u00edculos nuevos y usados que podemos entregar directamente del stock. De esta forma, tenemos la posibilidad de responder r\u00e1pidamente a sus necesidades de transporte. ","protected":false},"author":45,"featured_media":6952,"parent":0,"menu_order":0,"comment_status":"closed","ping_status":"closed","template":"","meta":{"_acf_changed":false,"inline_featured_image":false,"footnotes":""},"class_list":["post-1824047","page","type-page","status-publish","has-post-thumbnail","hentry"],"acf":[],"yoast_head":"<!-- This site is optimized with the Yoast SEO Premium plugin v25.7.1 (Yoast SEO v25.7) - https:\/\/yoast.com\/wordpress\/plugins\/seo\/ -->\n<title>Veh\u00edculos nuevos y usados \u200b\u200ben stock | Nooteboom Trailers<\/title>\n<meta name=\"description\" content=\"En nuestra sala de exposiciones online, le ofrecemos la gama actual de veh\u00edculos nuevos y usados que podemos entregar directamente del stock.\" \/>\n<meta name=\"robots\" content=\"index, follow, max-snippet:-1, max-image-preview:large, max-video-preview:-1\" \/>\n<link rel=\"canonical\" href=\"https:\/\/www.nooteboom.com\/es\/vehiculos-nuevos-y-usados-en-stock\/\" \/>\n<meta property=\"og:locale\" content=\"es_ES\" \/>\n<meta property=\"og:type\" content=\"article\" \/>\n<meta property=\"og:title\" content=\"Veh\u00edculos nuevos y usados \u200b\u200ben stock\" \/>\n<meta property=\"og:description\" content=\"En nuestra sala de exposiciones online, le ofrecemos la gama actual de veh\u00edculos nuevos y usados que podemos entregar directamente del stock.\" \/>\n<meta property=\"og:url\" content=\"https:\/\/www.nooteboom.com\/es\/vehiculos-nuevos-y-usados-en-stock\/\" \/>\n<meta property=\"og:site_name\" content=\"Nooteboom Trailers\" \/>\n<meta property=\"article:publisher\" content=\"https:\/\/nl-nl.facebook.com\/nooteboomtrailers\/\" \/>\n<meta property=\"article:modified_time\" content=\"2020-06-10T08:26:06+00:00\" \/>\n<meta property=\"og:image\" content=\"https:\/\/www.nooteboom.com\/wp-content\/uploads\/DJI_0016.jpg\" \/>\n\t<meta property=\"og:image:width\" content=\"2500\" \/>\n\t<meta property=\"og:image:height\" content=\"780\" \/>\n\t<meta property=\"og:image:type\" content=\"image\/jpeg\" \/>\n<meta name=\"twitter:card\" content=\"summary_large_image\" \/>\n<meta name=\"twitter:label1\" content=\"Tiempo de lectura\" \/>\n\t<meta name=\"twitter:data1\" content=\"1 minuto\" \/>\n<script type=\"application\/ld+json\" class=\"yoast-schema-graph\">{\"@context\":\"https:\/\/schema.org\",\"@graph\":[{\"@type\":\"WebPage\",\"@id\":\"https:\/\/www.nooteboom.com\/es\/vehiculos-nuevos-y-usados-en-stock\/\",\"url\":\"https:\/\/www.nooteboom.com\/es\/vehiculos-nuevos-y-usados-en-stock\/\",\"name\":\"Veh\u00edculos nuevos y usados \u200b\u200ben stock | Nooteboom Trailers\",\"isPartOf\":{\"@id\":\"https:\/\/www.nooteboom.com\/es\/#website\"},\"primaryImageOfPage\":{\"@id\":\"https:\/\/www.nooteboom.com\/es\/vehiculos-nuevos-y-usados-en-stock\/#primaryimage\"},\"image\":{\"@id\":\"https:\/\/www.nooteboom.com\/es\/vehiculos-nuevos-y-usados-en-stock\/#primaryimage\"},\"thumbnailUrl\":\"https:\/\/www.nooteboom.com\/wp-content\/uploads\/DJI_0016.jpg\",\"datePublished\":\"2020-06-10T07:57:09+00:00\",\"dateModified\":\"2020-06-10T08:26:06+00:00\",\"description\":\"En nuestra sala de exposiciones online, le ofrecemos la gama actual de veh\u00edculos nuevos y usados que podemos entregar directamente del stock.\",\"breadcrumb\":{\"@id\":\"https:\/\/www.nooteboom.com\/es\/vehiculos-nuevos-y-usados-en-stock\/#breadcrumb\"},\"inLanguage\":\"es\",\"potentialAction\":[{\"@type\":\"ReadAction\",\"target\":[\"https:\/\/www.nooteboom.com\/es\/vehiculos-nuevos-y-usados-en-stock\/\"]}]},{\"@type\":\"ImageObject\",\"inLanguage\":\"es\",\"@id\":\"https:\/\/www.nooteboom.com\/es\/vehiculos-nuevos-y-usados-en-stock\/#primaryimage\",\"url\":\"https:\/\/www.nooteboom.com\/wp-content\/uploads\/DJI_0016.jpg\",\"contentUrl\":\"https:\/\/www.nooteboom.com\/wp-content\/uploads\/DJI_0016.jpg\",\"width\":2500,\"height\":780},{\"@type\":\"BreadcrumbList\",\"@id\":\"https:\/\/www.nooteboom.com\/es\/vehiculos-nuevos-y-usados-en-stock\/#breadcrumb\",\"itemListElement\":[{\"@type\":\"ListItem\",\"position\":1,\"name\":\"Home\",\"item\":\"https:\/\/www.nooteboom.com\/es\/\"},{\"@type\":\"ListItem\",\"position\":2,\"name\":\"Veh\u00edculos nuevos y usados \u200b\u200ben stock\"}]},{\"@type\":\"WebSite\",\"@id\":\"https:\/\/www.nooteboom.com\/es\/#website\",\"url\":\"https:\/\/www.nooteboom.com\/es\/\",\"name\":\"Nooteboom Trailers\",\"description\":\"Gets you there.\",\"publisher\":{\"@id\":\"https:\/\/www.nooteboom.com\/es\/#organization\"},\"potentialAction\":[{\"@type\":\"SearchAction\",\"target\":{\"@type\":\"EntryPoint\",\"urlTemplate\":\"https:\/\/www.nooteboom.com\/es\/?s={search_term_string}\"},\"query-input\":{\"@type\":\"PropertyValueSpecification\",\"valueRequired\":true,\"valueName\":\"search_term_string\"}}],\"inLanguage\":\"es\"},{\"@type\":\"Organization\",\"@id\":\"https:\/\/www.nooteboom.com\/es\/#organization\",\"name\":\"Nooteboom Trailers\",\"url\":\"https:\/\/www.nooteboom.com\/es\/\",\"logo\":{\"@type\":\"ImageObject\",\"inLanguage\":\"es\",\"@id\":\"https:\/\/www.nooteboom.com\/es\/#\/schema\/logo\/image\/\",\"url\":\"https:\/\/www.nooteboom.com\/wp-content\/uploads\/logo.png\",\"contentUrl\":\"https:\/\/www.nooteboom.com\/wp-content\/uploads\/logo.png\",\"width\":111,\"height\":66,\"caption\":\"Nooteboom Trailers\"},\"image\":{\"@id\":\"https:\/\/www.nooteboom.com\/es\/#\/schema\/logo\/image\/\"},\"sameAs\":[\"https:\/\/nl-nl.facebook.com\/nooteboomtrailers\/\",\"https:\/\/nl.linkedin.com\/company\/nooteboom-trailers\",\"https:\/\/www.youtube.com\/user\/Nooteboomtrailers\"]}]}<\/script>\n<!-- \/ Yoast SEO Premium plugin. -->","yoast_head_json":{"title":"Veh\u00edculos nuevos y usados \u200b\u200ben stock | Nooteboom Trailers","description":"En nuestra sala de exposiciones online, le ofrecemos la gama actual de veh\u00edculos nuevos y usados que podemos entregar directamente del stock.","robots":{"index":"index","follow":"follow","max-snippet":"max-snippet:-1","max-image-preview":"max-image-preview:large","max-video-preview":"max-video-preview:-1"},"canonical":"https:\/\/www.nooteboom.com\/es\/vehiculos-nuevos-y-usados-en-stock\/","og_locale":"es_ES","og_type":"article","og_title":"Veh\u00edculos nuevos y usados \u200b\u200ben stock","og_description":"En nuestra sala de exposiciones online, le ofrecemos la gama actual de veh\u00edculos nuevos y usados que podemos entregar directamente del stock.","og_url":"https:\/\/www.nooteboom.com\/es\/vehiculos-nuevos-y-usados-en-stock\/","og_site_name":"Nooteboom Trailers","article_publisher":"https:\/\/nl-nl.facebook.com\/nooteboomtrailers\/","article_modified_time":"2020-06-10T08:26:06+00:00","og_image":[{"width":2500,"height":780,"url":"https:\/\/www.nooteboom.com\/wp-content\/uploads\/DJI_0016.jpg","type":"image\/jpeg"}],"twitter_card":"summary_large_image","twitter_misc":{"Tiempo de lectura":"1 minuto"},"schema":{"@context":"https:\/\/schema.org","@graph":[{"@type":"WebPage","@id":"https:\/\/www.nooteboom.com\/es\/vehiculos-nuevos-y-usados-en-stock\/","url":"https:\/\/www.nooteboom.com\/es\/vehiculos-nuevos-y-usados-en-stock\/","name":"Veh\u00edculos nuevos y usados \u200b\u200ben stock | Nooteboom Trailers","isPartOf":{"@id":"https:\/\/www.nooteboom.com\/es\/#website"},"primaryImageOfPage":{"@id":"https:\/\/www.nooteboom.com\/es\/vehiculos-nuevos-y-usados-en-stock\/#primaryimage"},"image":{"@id":"https:\/\/www.nooteboom.com\/es\/vehiculos-nuevos-y-usados-en-stock\/#primaryimage"},"thumbnailUrl":"https:\/\/www.nooteboom.com\/wp-content\/uploads\/DJI_0016.jpg","datePublished":"2020-06-10T07:57:09+00:00","dateModified":"2020-06-10T08:26:06+00:00","description":"En nuestra sala de exposiciones online, le ofrecemos la gama actual de veh\u00edculos nuevos y usados que podemos entregar directamente del stock.","breadcrumb":{"@id":"https:\/\/www.nooteboom.com\/es\/vehiculos-nuevos-y-usados-en-stock\/#breadcrumb"},"inLanguage":"es","potentialAction":[{"@type":"ReadAction","target":["https:\/\/www.nooteboom.com\/es\/vehiculos-nuevos-y-usados-en-stock\/"]}]},{"@type":"ImageObject","inLanguage":"es","@id":"https:\/\/www.nooteboom.com\/es\/vehiculos-nuevos-y-usados-en-stock\/#primaryimage","url":"https:\/\/www.nooteboom.com\/wp-content\/uploads\/DJI_0016.jpg","contentUrl":"https:\/\/www.nooteboom.com\/wp-content\/uploads\/DJI_0016.jpg","width":2500,"height":780},{"@type":"BreadcrumbList","@id":"https:\/\/www.nooteboom.com\/es\/vehiculos-nuevos-y-usados-en-stock\/#breadcrumb","itemListElement":[{"@type":"ListItem","position":1,"name":"Home","item":"https:\/\/www.nooteboom.com\/es\/"},{"@type":"ListItem","position":2,"name":"Veh\u00edculos nuevos y usados \u200b\u200ben stock"}]},{"@type":"WebSite","@id":"https:\/\/www.nooteboom.com\/es\/#website","url":"https:\/\/www.nooteboom.com\/es\/","name":"Nooteboom Trailers","description":"Gets you there.","publisher":{"@id":"https:\/\/www.nooteboom.com\/es\/#organization"},"potentialAction":[{"@type":"SearchAction","target":{"@type":"EntryPoint","urlTemplate":"https:\/\/www.nooteboom.com\/es\/?s={search_term_string}"},"query-input":{"@type":"PropertyValueSpecification","valueRequired":true,"valueName":"search_term_string"}}],"inLanguage":"es"},{"@type":"Organization","@id":"https:\/\/www.nooteboom.com\/es\/#organization","name":"Nooteboom Trailers","url":"https:\/\/www.nooteboom.com\/es\/","logo":{"@type":"ImageObject","inLanguage":"es","@id":"https:\/\/www.nooteboom.com\/es\/#\/schema\/logo\/image\/","url":"https:\/\/www.nooteboom.com\/wp-content\/uploads\/logo.png","contentUrl":"https:\/\/www.nooteboom.com\/wp-content\/uploads\/logo.png","width":111,"height":66,"caption":"Nooteboom Trailers"},"image":{"@id":"https:\/\/www.nooteboom.com\/es\/#\/schema\/logo\/image\/"},"sameAs":["https:\/\/nl-nl.facebook.com\/nooteboomtrailers\/","https:\/\/nl.linkedin.com\/company\/nooteboom-trailers","https:\/\/www.youtube.com\/user\/Nooteboomtrailers"]}]}},"_links":{"self":[{"href":"https:\/\/www.nooteboom.com\/es\/wp-json\/wp\/v2\/pages\/1824047","targetHints":{"allow":["GET"]}}],"collection":[{"href":"https:\/\/www.nooteboom.com\/es\/wp-json\/wp\/v2\/pages"}],"about":[{"href":"https:\/\/www.nooteboom.com\/es\/wp-json\/wp\/v2\/types\/page"}],"author":[{"embeddable":true,"href":"https:\/\/www.nooteboom.com\/es\/wp-json\/wp\/v2\/users\/45"}],"replies":[{"embeddable":true,"href":"https:\/\/www.nooteboom.com\/es\/wp-json\/wp\/v2\/comments?post=1824047"}],"version-history":[{"count":3,"href":"https:\/\/www.nooteboom.com\/es\/wp-json\/wp\/v2\/pages\/1824047\/revisions"}],"predecessor-version":[{"id":1824050,"href":"https:\/\/www.nooteboom.com\/es\/wp-json\/wp\/v2\/pages\/1824047\/revisions\/1824050"}],"wp:featuredmedia":[{"embeddable":true,"href":"https:\/\/www.nooteboom.com\/es\/wp-json\/wp\/v2\/media\/6952"}],"wp:attachment":[{"href":"https:\/\/www.nooteboom.com\/es\/wp-json\/wp\/v2\/media?parent=1824047"}],"curies":[{"name":"wp","href":"https:\/\/api.w.org\/{rel}","templated":true}]}}