{"id":1743995,"date":"2019-06-03T08:30:19","date_gmt":"2019-06-03T06:30:19","guid":{"rendered":"https:\/\/www.nooteboom.com\/asistencia\/programa-de-calculo-de-carga-por-eje-novab-3-0\/nuevas-caracteristicas-y-actualizaciones-de-novab\/"},"modified":"2020-01-21T15:00:30","modified_gmt":"2020-01-21T14:00:30","slug":"nuevas-caracteristicas-y-actualizaciones-de-novab","status":"publish","type":"page","link":"https:\/\/www.nooteboom.com\/es\/asistencia\/programa-de-calculo-de-carga-por-eje-novab-3-0\/nuevas-caracteristicas-y-actualizaciones-de-novab\/","title":{"rendered":"Nuevas caracter\u00edsticas y actualizaciones de NOVAB"},"content":{"rendered":"<div class=\"wpb-content-wrapper\"><p>[vc_row][vc_column][vc_column_text]Actualizamos y mejoramos constantemente NOVAB 3.0.<\/p>\n<p>En esta p\u00e1gina puede encontrar un resumen de las mejoras y actualizaciones.[\/vc_column_text][\/vc_column][\/vc_row][vc_row][vc_column][vc_column_text]<\/p>\n<h2>Enero de 2020 &#8211; Nuevas caracter\u00edsticas<\/h2>\n<p>[\/vc_column_text][vc_tta_accordion][vc_tta_section title=\u00bbPosibilidad de calcular con un cuello compensador\u00bb tab_id=\u00bb1559543497030-04ba01ec-3d151579075398149&#8243;][\/vc_tta_section][vc_tta_section title=\u00bbMostrar la carga por eje en cada eje del cami\u00f3n \/ remolque\u00bb tab_id=\u00bb1559543497059-bcc695b2-4a581579075398149&#8243;][\/vc_tta_section][vc_tta_section title=\u00bbMotor de b\u00fasqueda de veh\u00edculos y una visi\u00f3n clara de los camiones + remolques\u00bb tab_id=\u00bb1559543641846-85837c96-35ce1579075398149&#8243;][vc_row_inner][vc_column_inner width=\u00bb1\/2&#8243;][vc_single_image image=\u00bb1748281&#8243; img_size=\u00bblarge\u00bb onclick=\u00bblink_image\u00bb][\/vc_column_inner][vc_column_inner width=\u00bb1\/2&#8243;][vc_single_image image=\u00bb1748287&#8243; img_size=\u00bblarge\u00bb onclick=\u00bblink_image\u00bb][\/vc_column_inner][\/vc_row_inner][\/vc_tta_section][vc_tta_section title=\u00bbBuscador de carga : posibilidad para buscar por nombre de la carga o por los pesos de cargas\u00bb tab_id=\u00bb1559543700552-1503ddc0-f8df1579075398149&#8243;][vc_single_image image=\u00bb1748293&#8243; img_size=\u00bblarge\u00bb onclick=\u00bblink_image\u00bb][\/vc_tta_section][vc_tta_section title=\u00bbCree su c\u00e1lculo para el Nooteboom Mega Windmill Transporter: desde MWT 2+4 hasta MWT 4+7&#8243; tab_id=\u00bb1559543703471-62b2d7c0-c3fd1579075398149&#8243;][vc_single_image image=\u00bb1748300&#8243; img_size=\u00bblarge\u00bb onclick=\u00bblink_image\u00bb][\/vc_tta_section][vc_tta_section title=\u00bbMuestra el voladizo de carga\u00bb tab_id=\u00bb1559543744189-b1829d57-7b071579075398149&#8243;][vc_single_image image=\u00bb1748306&#8243; img_size=\u00bblarge\u00bb onclick=\u00bblink_image\u00bb][\/vc_tta_section][vc_tta_section title=\u00bbMuestra la distancia entre el ultimo eje del cami\u00f3n \u2013 primer eje del remolque\u00bb tab_id=\u00bb1578913302906-2e2f9bc5-5c431579075398149&#8243;][vc_single_image image=\u00bb1748313&#8243; img_size=\u00bblarge\u00bb onclick=\u00bblink_image\u00bb][\/vc_tta_section][vc_tta_section title=\u00bbPosibilidad de selecci\u00f3n de una cabeza 10&#215;4&#8243; tab_id=\u00bb1578913357306-addb2716-bdaa1579075398149&#8243;][vc_single_image image=\u00bb1748319&#8243; img_size=\u00bblarge\u00bb onclick=\u00bblink_image\u00bb][\/vc_tta_section][vc_tta_section title=\u00bb\u00a1Diferentes cambios para que el Novab sea f\u00e1cil de usar!\u00bb tab_id=\u00bb1578913404725-0f8db7c9-62161579075398149&#8243;][\/vc_tta_section][\/vc_tta_accordion][vc_separator color=\u00bbcustom\u00bb accent_color=\u00bb#d6002a\u00bb][\/vc_column][\/vc_row][vc_row][vc_column][vc_column_text]<\/p>\n<h2>Mayo de 2019 &#8211; Nuevas caracter\u00edsticas<\/h2>\n<p>[\/vc_column_text][vc_tta_accordion][vc_tta_section title=\u00bbIndicaciones de distancias de ejes y voladizo de la carga en el resumen de c\u00e1lculo\u00bb tab_id=\u00bb1559546996559-e8d0e35d-5594&#8243;][vc_row_inner][vc_column_inner width=\u00bb1\/2&#8243;][vc_column_text]Las distancias de eje y dimensiones del voladizo trasero de la carga pueden visualizarse en el resumen de c\u00e1lculo. De este modo obtiene una mejor percepci\u00f3n de la longitud total de la combinaci\u00f3n.[\/vc_column_text][\/vc_column_inner][vc_column_inner width=\u00bb1\/2&#8243;][vc_single_image image=\u00bb1743758&#8243; img_size=\u00bblarge\u00bb alignment=\u00bbright\u00bb onclick=\u00bblink_image\u00bb][\/vc_column_inner][\/vc_row_inner][\/vc_tta_section][vc_tta_section title=\u00bbPuede a\u00f1adir m\u00e1s de una carga\u00bb tab_id=\u00bb1559546996651-db87f437-5137&#8243;][vc_row_inner][vc_column_inner width=\u00bb1\/2&#8243;][vc_column_text]Una actualizaci\u00f3n muy solicitada para transportes de contrapesos de gr\u00faas. En la \u00faltima edici\u00f3n tambi\u00e9n puede a\u00f1adirse m\u00e1s de una carga[\/vc_column_text][\/vc_column_inner][vc_column_inner width=\u00bb1\/2&#8243;][vc_single_image image=\u00bb1743764&#8243; img_size=\u00bblarge\u00bb alignment=\u00bbright\u00bb onclick=\u00bblink_image\u00bb][\/vc_column_inner][\/vc_row_inner][\/vc_tta_section][vc_tta_section title=\u00bbFunci\u00f3n de copiado de carga\u00bb tab_id=\u00bb1559547101670-b5d0a88a-c02c\u00bb][vc_row_inner][vc_column_inner width=\u00bb1\/2&#8243;][vc_column_text]Ahora puede a\u00f1adir la misma carga r\u00e1pida y f\u00e1cilmente copi\u00e1ndola, como se da frecuentemente en el caso con contrapesos.[\/vc_column_text][\/vc_column_inner][vc_column_inner width=\u00bb1\/2&#8243;][vc_single_image image=\u00bb1743770&#8243; img_size=\u00bblarge\u00bb alignment=\u00bbright\u00bb onclick=\u00bblink_image\u00bb][\/vc_column_inner][\/vc_row_inner][\/vc_tta_section][vc_tta_section title=\u00bbVisualizaci\u00f3n de la carga seleccionada\u00bb tab_id=\u00bb1559547103724-eeb4ebfe-7a4a\u00bb][vc_column_text]Para la mejor representaci\u00f3n de un c\u00e1lculo con m\u00faltiples cargas. A\u00f1adir el \u00a0orden de las cargas ya no tiene importancia para la visualizaci\u00f3n, de modo que puede seleccionar r\u00e1pida y f\u00e1cilmente las cargas deseadas.[\/vc_column_text][\/vc_tta_section][vc_tta_section title=\u00bbLas cargas pueden deslizarse verticalmente mediante la tecla may\u00fasculas\u00bb tab_id=\u00bb1559547104555-14e17a98-74cd\u00bb][vc_column_text]Por petici\u00f3n popular, hemos incorporado esta funcionalidad de Novab 2000 para que trabajar con Novab 3.0 sea a\u00fan m\u00e1s sencillo.[\/vc_column_text][\/vc_tta_section][vc_tta_section title=\u00bbMejoras y actualizaciones\u00bb tab_id=\u00bb1559547348855-1a0a4a6d-5b0d\u00bb][vc_column_text]<strong>Mostrar im\u00e1genes en el resumen de carga propia.<\/strong><br \/>\nEn su resumen de carga propia los elementos se indican con im\u00e1genes, de forma que pueda encontrar la carga deseada con a\u00fan m\u00e1s rapidez y facilidad.<\/p>\n<p><strong>Mensajes nuevos en la pantalla de inicio<\/strong><br \/>\nNo eran claramente visibles para los usuarios, por lo que hemos mejorado la indicaci\u00f3n de mensajes nuevos.<\/p>\n<p><strong>Destacado de eje seleccionado en gesti\u00f3n de cami\u00f3n y remolque<\/strong><br \/>\nEn la pantalla de edici\u00f3n de cami\u00f3n y remolque no estaban siempre claros los valores seleccionados, hemos implementado una actualizaci\u00f3n para soporte visual.<\/p>\n<p><strong>Factor de redondeo: redondeo a 1, 10 o 100 por usuario.<\/strong><br \/>\nPara solicitudes de permiso y las normas de redondeo correspondientes, que pueden variar seg\u00fan el pa\u00eds, ahora se puede establecer el factor de redondeo como se desee.<\/p>\n<p><strong>Reducir los pasos de porcentaje de rotaci\u00f3n de 10 grados por pulsaci\u00f3n a 3 grados por pulsaci\u00f3n<\/strong><br \/>\nPara hacer m\u00e1s precisa la representaci\u00f3n de, por ejemplo, la carga de plataformas a\u00e9reas, parcialmente en el cuello y en la superficie de carga.[\/vc_column_text][\/vc_tta_section][\/vc_tta_accordion][vc_separator color=\u00bbcustom\u00bb accent_color=\u00bb#d6002a\u00bb][\/vc_column][\/vc_row]<\/p>\n<\/div>","protected":false},"excerpt":{"rendered":"[vc_row][vc_column][vc_column_text]Actualizamos y mejoramos constantemente NOVAB 3.0. En esta p\u00e1gina puede encontrar un resumen de las mejoras y actualizaciones.[\/vc_column_text][\/vc_column][\/vc_row][vc_row][vc_column][vc_column_text] Enero de&#8230;","protected":false},"author":45,"featured_media":0,"parent":1739712,"menu_order":0,"comment_status":"closed","ping_status":"closed","template":"","meta":{"_acf_changed":false,"inline_featured_image":false,"footnotes":""},"class_list":["post-1743995","page","type-page","status-publish","hentry"],"acf":[],"yoast_head":"<!-- This site is optimized with the Yoast SEO Premium plugin v25.7.1 (Yoast SEO v25.7) - https:\/\/yoast.com\/wordpress\/plugins\/seo\/ -->\n<title>Nuevas caracter\u00edsticas y actualizaciones de NOVAB | Nooteboom Trailers<\/title>\n<meta name=\"robots\" content=\"index, follow, max-snippet:-1, max-image-preview:large, max-video-preview:-1\" \/>\n<link rel=\"canonical\" href=\"https:\/\/www.nooteboom.com\/es\/asistencia\/programa-de-calculo-de-carga-por-eje-novab-3-0\/nuevas-caracteristicas-y-actualizaciones-de-novab\/\" \/>\n<meta property=\"og:locale\" content=\"es_ES\" \/>\n<meta property=\"og:type\" content=\"article\" \/>\n<meta property=\"og:title\" content=\"Nuevas caracter\u00edsticas y actualizaciones de NOVAB\" \/>\n<meta property=\"og:description\" content=\"[vc_row][vc_column][vc_column_text]Actualizamos y mejoramos constantemente NOVAB 3.0. En esta p\u00e1gina puede encontrar un resumen de las mejoras y actualizaciones.[\/vc_column_text][\/vc_column][\/vc_row][vc_row][vc_column][vc_column_text] Enero de...\" \/>\n<meta property=\"og:url\" content=\"https:\/\/www.nooteboom.com\/es\/asistencia\/programa-de-calculo-de-carga-por-eje-novab-3-0\/nuevas-caracteristicas-y-actualizaciones-de-novab\/\" \/>\n<meta property=\"og:site_name\" content=\"Nooteboom Trailers\" \/>\n<meta property=\"article:publisher\" content=\"https:\/\/nl-nl.facebook.com\/nooteboomtrailers\/\" \/>\n<meta property=\"article:modified_time\" content=\"2020-01-21T14:00:30+00:00\" \/>\n<meta property=\"og:image\" content=\"https:\/\/www.nooteboom.com\/wp-content\/uploads\/splashnooteboom-square-1.jpg\" \/>\n\t<meta property=\"og:image:width\" content=\"757\" \/>\n\t<meta property=\"og:image:height\" content=\"757\" \/>\n\t<meta property=\"og:image:type\" content=\"image\/jpeg\" \/>\n<meta name=\"twitter:card\" content=\"summary_large_image\" \/>\n<meta name=\"twitter:label1\" content=\"Tiempo de lectura\" \/>\n\t<meta name=\"twitter:data1\" content=\"5 minutos\" \/>\n<script type=\"application\/ld+json\" class=\"yoast-schema-graph\">{\"@context\":\"https:\/\/schema.org\",\"@graph\":[{\"@type\":\"WebPage\",\"@id\":\"https:\/\/www.nooteboom.com\/es\/asistencia\/programa-de-calculo-de-carga-por-eje-novab-3-0\/nuevas-caracteristicas-y-actualizaciones-de-novab\/\",\"url\":\"https:\/\/www.nooteboom.com\/es\/asistencia\/programa-de-calculo-de-carga-por-eje-novab-3-0\/nuevas-caracteristicas-y-actualizaciones-de-novab\/\",\"name\":\"Nuevas caracter\u00edsticas y actualizaciones de NOVAB | Nooteboom Trailers\",\"isPartOf\":{\"@id\":\"https:\/\/www.nooteboom.com\/es\/#website\"},\"datePublished\":\"2019-06-03T06:30:19+00:00\",\"dateModified\":\"2020-01-21T14:00:30+00:00\",\"breadcrumb\":{\"@id\":\"https:\/\/www.nooteboom.com\/es\/asistencia\/programa-de-calculo-de-carga-por-eje-novab-3-0\/nuevas-caracteristicas-y-actualizaciones-de-novab\/#breadcrumb\"},\"inLanguage\":\"es\",\"potentialAction\":[{\"@type\":\"ReadAction\",\"target\":[\"https:\/\/www.nooteboom.com\/es\/asistencia\/programa-de-calculo-de-carga-por-eje-novab-3-0\/nuevas-caracteristicas-y-actualizaciones-de-novab\/\"]}]},{\"@type\":\"BreadcrumbList\",\"@id\":\"https:\/\/www.nooteboom.com\/es\/asistencia\/programa-de-calculo-de-carga-por-eje-novab-3-0\/nuevas-caracteristicas-y-actualizaciones-de-novab\/#breadcrumb\",\"itemListElement\":[{\"@type\":\"ListItem\",\"position\":1,\"name\":\"Home\",\"item\":\"https:\/\/www.nooteboom.com\/es\/\"},{\"@type\":\"ListItem\",\"position\":2,\"name\":\"Asistencia\",\"item\":\"https:\/\/www.nooteboom.com\/es\/asistencia\/\"},{\"@type\":\"ListItem\",\"position\":3,\"name\":\"Programa de c\u00e1lculo de carga por eje NOVAB 3.0\",\"item\":\"https:\/\/www.nooteboom.com\/es\/asistencia\/programa-de-calculo-de-carga-por-eje-novab-3-0\/\"},{\"@type\":\"ListItem\",\"position\":4,\"name\":\"Nuevas caracter\u00edsticas y actualizaciones de NOVAB\"}]},{\"@type\":\"WebSite\",\"@id\":\"https:\/\/www.nooteboom.com\/es\/#website\",\"url\":\"https:\/\/www.nooteboom.com\/es\/\",\"name\":\"Nooteboom Trailers\",\"description\":\"Gets you there.\",\"publisher\":{\"@id\":\"https:\/\/www.nooteboom.com\/es\/#organization\"},\"potentialAction\":[{\"@type\":\"SearchAction\",\"target\":{\"@type\":\"EntryPoint\",\"urlTemplate\":\"https:\/\/www.nooteboom.com\/es\/?s={search_term_string}\"},\"query-input\":{\"@type\":\"PropertyValueSpecification\",\"valueRequired\":true,\"valueName\":\"search_term_string\"}}],\"inLanguage\":\"es\"},{\"@type\":\"Organization\",\"@id\":\"https:\/\/www.nooteboom.com\/es\/#organization\",\"name\":\"Nooteboom Trailers\",\"url\":\"https:\/\/www.nooteboom.com\/es\/\",\"logo\":{\"@type\":\"ImageObject\",\"inLanguage\":\"es\",\"@id\":\"https:\/\/www.nooteboom.com\/es\/#\/schema\/logo\/image\/\",\"url\":\"https:\/\/www.nooteboom.com\/wp-content\/uploads\/logo.png\",\"contentUrl\":\"https:\/\/www.nooteboom.com\/wp-content\/uploads\/logo.png\",\"width\":111,\"height\":66,\"caption\":\"Nooteboom Trailers\"},\"image\":{\"@id\":\"https:\/\/www.nooteboom.com\/es\/#\/schema\/logo\/image\/\"},\"sameAs\":[\"https:\/\/nl-nl.facebook.com\/nooteboomtrailers\/\",\"https:\/\/nl.linkedin.com\/company\/nooteboom-trailers\",\"https:\/\/www.youtube.com\/user\/Nooteboomtrailers\"]}]}<\/script>\n<!-- \/ Yoast SEO Premium plugin. -->","yoast_head_json":{"title":"Nuevas caracter\u00edsticas y actualizaciones de NOVAB | Nooteboom Trailers","robots":{"index":"index","follow":"follow","max-snippet":"max-snippet:-1","max-image-preview":"max-image-preview:large","max-video-preview":"max-video-preview:-1"},"canonical":"https:\/\/www.nooteboom.com\/es\/asistencia\/programa-de-calculo-de-carga-por-eje-novab-3-0\/nuevas-caracteristicas-y-actualizaciones-de-novab\/","og_locale":"es_ES","og_type":"article","og_title":"Nuevas caracter\u00edsticas y actualizaciones de NOVAB","og_description":"[vc_row][vc_column][vc_column_text]Actualizamos y mejoramos constantemente NOVAB 3.0. En esta p\u00e1gina puede encontrar un resumen de las mejoras y actualizaciones.[\/vc_column_text][\/vc_column][\/vc_row][vc_row][vc_column][vc_column_text] Enero de...","og_url":"https:\/\/www.nooteboom.com\/es\/asistencia\/programa-de-calculo-de-carga-por-eje-novab-3-0\/nuevas-caracteristicas-y-actualizaciones-de-novab\/","og_site_name":"Nooteboom Trailers","article_publisher":"https:\/\/nl-nl.facebook.com\/nooteboomtrailers\/","article_modified_time":"2020-01-21T14:00:30+00:00","og_image":[{"width":757,"height":757,"url":"https:\/\/www.nooteboom.com\/wp-content\/uploads\/splashnooteboom-square-1.jpg","type":"image\/jpeg"}],"twitter_card":"summary_large_image","twitter_misc":{"Tiempo de lectura":"5 minutos"},"schema":{"@context":"https:\/\/schema.org","@graph":[{"@type":"WebPage","@id":"https:\/\/www.nooteboom.com\/es\/asistencia\/programa-de-calculo-de-carga-por-eje-novab-3-0\/nuevas-caracteristicas-y-actualizaciones-de-novab\/","url":"https:\/\/www.nooteboom.com\/es\/asistencia\/programa-de-calculo-de-carga-por-eje-novab-3-0\/nuevas-caracteristicas-y-actualizaciones-de-novab\/","name":"Nuevas caracter\u00edsticas y actualizaciones de NOVAB | Nooteboom Trailers","isPartOf":{"@id":"https:\/\/www.nooteboom.com\/es\/#website"},"datePublished":"2019-06-03T06:30:19+00:00","dateModified":"2020-01-21T14:00:30+00:00","breadcrumb":{"@id":"https:\/\/www.nooteboom.com\/es\/asistencia\/programa-de-calculo-de-carga-por-eje-novab-3-0\/nuevas-caracteristicas-y-actualizaciones-de-novab\/#breadcrumb"},"inLanguage":"es","potentialAction":[{"@type":"ReadAction","target":["https:\/\/www.nooteboom.com\/es\/asistencia\/programa-de-calculo-de-carga-por-eje-novab-3-0\/nuevas-caracteristicas-y-actualizaciones-de-novab\/"]}]},{"@type":"BreadcrumbList","@id":"https:\/\/www.nooteboom.com\/es\/asistencia\/programa-de-calculo-de-carga-por-eje-novab-3-0\/nuevas-caracteristicas-y-actualizaciones-de-novab\/#breadcrumb","itemListElement":[{"@type":"ListItem","position":1,"name":"Home","item":"https:\/\/www.nooteboom.com\/es\/"},{"@type":"ListItem","position":2,"name":"Asistencia","item":"https:\/\/www.nooteboom.com\/es\/asistencia\/"},{"@type":"ListItem","position":3,"name":"Programa de c\u00e1lculo de carga por eje NOVAB 3.0","item":"https:\/\/www.nooteboom.com\/es\/asistencia\/programa-de-calculo-de-carga-por-eje-novab-3-0\/"},{"@type":"ListItem","position":4,"name":"Nuevas caracter\u00edsticas y actualizaciones de NOVAB"}]},{"@type":"WebSite","@id":"https:\/\/www.nooteboom.com\/es\/#website","url":"https:\/\/www.nooteboom.com\/es\/","name":"Nooteboom Trailers","description":"Gets you there.","publisher":{"@id":"https:\/\/www.nooteboom.com\/es\/#organization"},"potentialAction":[{"@type":"SearchAction","target":{"@type":"EntryPoint","urlTemplate":"https:\/\/www.nooteboom.com\/es\/?s={search_term_string}"},"query-input":{"@type":"PropertyValueSpecification","valueRequired":true,"valueName":"search_term_string"}}],"inLanguage":"es"},{"@type":"Organization","@id":"https:\/\/www.nooteboom.com\/es\/#organization","name":"Nooteboom Trailers","url":"https:\/\/www.nooteboom.com\/es\/","logo":{"@type":"ImageObject","inLanguage":"es","@id":"https:\/\/www.nooteboom.com\/es\/#\/schema\/logo\/image\/","url":"https:\/\/www.nooteboom.com\/wp-content\/uploads\/logo.png","contentUrl":"https:\/\/www.nooteboom.com\/wp-content\/uploads\/logo.png","width":111,"height":66,"caption":"Nooteboom Trailers"},"image":{"@id":"https:\/\/www.nooteboom.com\/es\/#\/schema\/logo\/image\/"},"sameAs":["https:\/\/nl-nl.facebook.com\/nooteboomtrailers\/","https:\/\/nl.linkedin.com\/company\/nooteboom-trailers","https:\/\/www.youtube.com\/user\/Nooteboomtrailers"]}]}},"_links":{"self":[{"href":"https:\/\/www.nooteboom.com\/es\/wp-json\/wp\/v2\/pages\/1743995","targetHints":{"allow":["GET"]}}],"collection":[{"href":"https:\/\/www.nooteboom.com\/es\/wp-json\/wp\/v2\/pages"}],"about":[{"href":"https:\/\/www.nooteboom.com\/es\/wp-json\/wp\/v2\/types\/page"}],"author":[{"embeddable":true,"href":"https:\/\/www.nooteboom.com\/es\/wp-json\/wp\/v2\/users\/45"}],"replies":[{"embeddable":true,"href":"https:\/\/www.nooteboom.com\/es\/wp-json\/wp\/v2\/comments?post=1743995"}],"version-history":[{"count":6,"href":"https:\/\/www.nooteboom.com\/es\/wp-json\/wp\/v2\/pages\/1743995\/revisions"}],"predecessor-version":[{"id":1748511,"href":"https:\/\/www.nooteboom.com\/es\/wp-json\/wp\/v2\/pages\/1743995\/revisions\/1748511"}],"up":[{"embeddable":true,"href":"https:\/\/www.nooteboom.com\/es\/wp-json\/wp\/v2\/pages\/1739712"}],"wp:attachment":[{"href":"https:\/\/www.nooteboom.com\/es\/wp-json\/wp\/v2\/media?parent=1743995"}],"curies":[{"name":"wp","href":"https:\/\/api.w.org\/{rel}","templated":true}]}}