{"id":1530932,"date":"2018-05-17T08:35:43","date_gmt":"2018-05-17T06:35:43","guid":{"rendered":"https:\/\/www.nooteboom.com\/cookie-statement\/"},"modified":"2018-05-17T08:36:05","modified_gmt":"2018-05-17T06:36:05","slug":"cookie-statement","status":"publish","type":"page","link":"https:\/\/www.nooteboom.com\/es\/cookie-statement\/","title":{"rendered":"Cookie statement"},"content":{"rendered":"<div class=\"wpb-content-wrapper\"><p>[vc_row][vc_column][vc_column_text]<strong>Declaraci\u00f3n sobre cookies<\/strong><\/p>\n<p>Utilizamos diferentes tipos de cookies en nuestra web. Esto concierne al sitio web www.nooteboom.com.<\/p>\n<p>A continuaci\u00f3n explicamos qu\u00e9 son las cookies, qu\u00e9 hacen y qu\u00e9 cookies se utilizan en el sitio web de Nooteboom y por qu\u00e9.<\/p>\n<p><strong>\u00bfQu\u00e9 hacen las cookies?<\/strong><\/p>\n<p>Las cookies son peque\u00f1os archivos (de texto) que un servidor web descarga y almacena en su ordenador, tableta u otro dispositivo electr\u00f3nico (en adelante, \u00abordenador\u00bb). La cookie permite que el servidor de la p\u00e1gina web reconozca su ordenador. Una cookie no es un archivo ejecutable ni un programa, por lo tanto no puede propagar un virus.<\/p>\n<p>Las cookies caducan despu\u00e9s de un cierto periodo de tiempo desde el momento en que se almacenan en un ordenador. Cuando expire su periodo de validez, el navegador eliminar\u00e1 la cookie. El periodo de validez de algunas cookies se limita al tiempo que dure la sesi\u00f3n en el sitio web, pero hay otras cookies que siguen siendo v\u00e1lidas durante m\u00e1s tiempo para que puedan leerse la pr\u00f3xima vez que se visite nuestro sitio web. En la medida en que utilizamos cookies para recopilar informaci\u00f3n personal, la procesamos de acuerdo con nuestra declaraci\u00f3n de privacidad.<\/p>\n<p><strong>Cookies utilizadas en nuestro sitio web<\/strong><\/p>\n<p>A trav\u00e9s de nuestro sitio web, colocamos cookies funcionales (necesarias), cookies anal\u00edticas, as\u00ed como cookies relacionadas con las redes sociales y cookies de rastreo para ofrecerle contenido relevante.<\/p>\n<p><strong>Cookies funcionales (necesarias)<\/strong><\/p>\n<p>Utilizamos una cookie funcional, la cual es necesaria para moverse por el sitio web. Esta cookie solo es v\u00e1lida mientras dura la sesi\u00f3n de su navegador. Para recordarle que debe aceptar o rechazar nuestras cookies, debemos colocar una cookie funcional (cookieAccepted). Esta cookie es v\u00e1lida durante un periodo m\u00e1ximo de dos a\u00f1os.<\/p>\n<p>Estas son nuestras cookies propias y solo las pueden leer el personal autorizado de Nooteboom. Nooteboom no comparte los datos que recopila con terceros y no est\u00e1 sujeto a ninguna obligaci\u00f3n en este sentido.<\/p>\n<p><strong>Cookies anal\u00edticas<\/strong><\/p>\n<p>Las cookies anal\u00edticas registran la forma en la que nuestros visitantes navegan por nuestra web. Con esta informaci\u00f3n, podemos analizar el uso de nuestra web y mejorarla.<\/p>\n<p>Para ello, usamos el servicio de Google Analytics. En ese contexto, el proveedor de este servicio, Google Inc., coloca cookies anal\u00edticas a trav\u00e9s de nuestro sitio web. En base a los datos recopilados por estas cookies, Google elabora informes an\u00f3nimos para Nooteboom sobre el uso de nuestra web. Hemos configurado las cookies de Google Analytics de manera \u00abrespetuosa con la privacidad\u00bb, tal como recomienda Autoriteit Persoonsgegevens (autoridad holandesa de protecci\u00f3n de datos). Esto significa que procesamos una menor cantidad de datos. Para obtener m\u00e1s informaci\u00f3n sobre estas cookies y su periodo de validez, visite el sitio web de Google (<a href=\"https:\/\/developers.google.com\/analytics\/devguides\/collection\/gajs\/cookie-usage\">enlace<\/a>). Google tambi\u00e9n proporciona una opci\u00f3n de exclusi\u00f3n voluntaria de la recopilaci\u00f3n de datos en el contexto de Google Analytics (<a href=\"https:\/\/tools.google.com\/dlpage\/gaoptout?hl=nl\">enlace<\/a>). Puede encontrar m\u00e1s informaci\u00f3n sobre el uso de las cookies de Google <a href=\"https:\/\/policies.google.com\/technologies\/cookies?hl=nl\">aqu<\/a>\u00ed.<\/p>\n<p><strong>Cookies de redes sociales <\/strong><\/p>\n<p>Con el fin de brindar a los usuarios del blog de nuestra web la oportunidad de compartir contenido, hemos colocado botones de redes sociales en nuestra web.<\/p>\n<p>Para que estos botones funcionen, las empresas de las redes sociales como Twitter, Facebook, YouTube y Google colocan cookies para que puedan reconocerlo cuando inicia sesi\u00f3n en esa red social. Tambi\u00e9n las usan para recopilar datos sobre la p\u00e1gina que comparte. Para obtener m\u00e1s informaci\u00f3n sobre los datos recopilados por las empresas de redes sociales, nos remitimos a las declaraciones de privacidad de estas empresas. Estas pueden cambiar peri\u00f3dicamente.<\/p>\n<ul>\n<li><a href=\"https:\/\/www.facebook.com\/policy.php\">Facebook<\/a><\/li>\n<li><a href=\"https:\/\/twitter.com\/privacy\">Twitter<\/a><\/li>\n<li><a href=\"https:\/\/www.linkedin.com\/legal\/privacy-policy?trk=hb_ft_priv\">LinkedIn<\/a><\/li>\n<li><a href=\"https:\/\/www.google.com\/intl\/nl\/policies\/privacy\/\">Google+<\/a><\/li>\n<\/ul>\n<p>El proveedor de la red social en cuesti\u00f3n es quien coloca y lee las cookies relacionadas con dicha red social; nosotros no las colocamos ni las leemos. Tenemos un conocimiento limitado sobre estas cookies y no las controlamos. Por lo tanto, no nos hacemos responsables de las cookies de redes sociales ni de la forma en que los proveedores de redes sociales en cuesti\u00f3n utilizan la informaci\u00f3n recopilada.<\/p>\n<p><strong>Cookies de rastreo<\/strong><\/p>\n<p>Con su permiso, colocamos cookies en los dispositivos a los que podemos acceder en el momento en el que visita nuestra web. Cuando navega por nuestra web, recopilamos (parte) de su direcci\u00f3n IP, el tipo de explorador, el sistema operativo y la versi\u00f3n de la aplicaci\u00f3n, la configuraci\u00f3n del idioma, la p\u00e1gina a trav\u00e9s de la cual accedi\u00f3 a nuestra web y las p\u00e1ginas de nuestra web que ha visitado. Asimismo, recopilamos informaci\u00f3n sobre la respuesta a los mensajes de correo electr\u00f3nico. Si visita nuestra web a trav\u00e9s de un dispositivo m\u00f3vil, tambi\u00e9n recopilamos informaci\u00f3n sobre la marca de su dispositivo m\u00f3vil y otras caracter\u00edsticas espec\u00edficas del dispositivo.<\/p>\n<p>El perfil que creamos no est\u00e1 vinculado a su nombre, direcci\u00f3n, direcci\u00f3n de correo electr\u00f3nico o similares, sino que se usa solo para ajustar el contenido a su perfil, de manera que sea lo m\u00e1s relevante posible para usted.<\/p>\n<p><strong>Rechazar y eliminar cookies<\/strong><\/p>\n<p>Puede configurar su navegador para que no almacene cookies, para que permita o rechace cada cookie, o para que se eliminen todas las cookies al cerrar el navegador. Puede encontrar un plan paso a paso muy \u00fatil para administrar cookies en la web de \u00abde Consumentenbond\u00bb (<a href=\"https:\/\/www.consumentenbond.nl\/internet-privacy\/cookies-verwijderen\">aqu<\/a>\u00ed).<\/p>\n<p>Las cookies se almacenan en cada ordenador que utilice para visitar sitios web. Si no desea recibir ninguna cookie, debe ajustar la configuraci\u00f3n en todos los ordenadores que utilice.<\/p>\n<p>Tenga en cuenta que si rechaza o elimina las cookies, tambi\u00e9n afecta a las cookies que son estrictamente necesarias. Esto puede restringir la funcionalidad de nuestra web.<\/p>\n<p>No dude en ponerse en contacto con nosotros si tiene alguna pregunta sobre el uso de las cookies.[\/vc_column_text][\/vc_column][\/vc_row]<\/p>\n<\/div>","protected":false},"excerpt":{"rendered":"[vc_row][vc_column][vc_column_text]Declaraci\u00f3n sobre cookies Utilizamos diferentes tipos de cookies en nuestra web. Esto concierne al sitio web www.nooteboom.com. A continuaci\u00f3n explicamos&#8230;","protected":false},"author":45,"featured_media":0,"parent":0,"menu_order":0,"comment_status":"closed","ping_status":"closed","template":"","meta":{"_acf_changed":false,"inline_featured_image":false,"footnotes":""},"class_list":["post-1530932","page","type-page","status-publish","hentry"],"acf":[],"yoast_head":"<!-- This site is optimized with the Yoast SEO Premium plugin v25.7.1 (Yoast SEO v25.7) - https:\/\/yoast.com\/wordpress\/plugins\/seo\/ -->\n<title>Cookie statement | Nooteboom Trailers<\/title>\n<meta name=\"robots\" content=\"index, follow, max-snippet:-1, max-image-preview:large, max-video-preview:-1\" \/>\n<link rel=\"canonical\" href=\"https:\/\/www.nooteboom.com\/es\/cookie-statement\/\" \/>\n<meta property=\"og:locale\" content=\"es_ES\" \/>\n<meta property=\"og:type\" content=\"article\" \/>\n<meta property=\"og:title\" content=\"Cookie statement\" \/>\n<meta property=\"og:description\" content=\"[vc_row][vc_column][vc_column_text]Declaraci\u00f3n sobre cookies Utilizamos diferentes tipos de cookies en nuestra web. Esto concierne al sitio web www.nooteboom.com. A continuaci\u00f3n explicamos...\" \/>\n<meta property=\"og:url\" content=\"https:\/\/www.nooteboom.com\/es\/cookie-statement\/\" \/>\n<meta property=\"og:site_name\" content=\"Nooteboom Trailers\" \/>\n<meta property=\"article:publisher\" content=\"https:\/\/nl-nl.facebook.com\/nooteboomtrailers\/\" \/>\n<meta property=\"article:modified_time\" content=\"2018-05-17T06:36:05+00:00\" \/>\n<meta property=\"og:image\" content=\"https:\/\/www.nooteboom.com\/wp-content\/uploads\/splashnooteboom-square-1.jpg\" \/>\n\t<meta property=\"og:image:width\" content=\"757\" \/>\n\t<meta property=\"og:image:height\" content=\"757\" \/>\n\t<meta property=\"og:image:type\" content=\"image\/jpeg\" \/>\n<meta name=\"twitter:card\" content=\"summary_large_image\" \/>\n<meta name=\"twitter:label1\" content=\"Tiempo de lectura\" \/>\n\t<meta name=\"twitter:data1\" content=\"5 minutos\" \/>\n<script type=\"application\/ld+json\" class=\"yoast-schema-graph\">{\"@context\":\"https:\/\/schema.org\",\"@graph\":[{\"@type\":\"WebPage\",\"@id\":\"https:\/\/www.nooteboom.com\/es\/cookie-statement\/\",\"url\":\"https:\/\/www.nooteboom.com\/es\/cookie-statement\/\",\"name\":\"Cookie statement | Nooteboom Trailers\",\"isPartOf\":{\"@id\":\"https:\/\/www.nooteboom.com\/es\/#website\"},\"datePublished\":\"2018-05-17T06:35:43+00:00\",\"dateModified\":\"2018-05-17T06:36:05+00:00\",\"breadcrumb\":{\"@id\":\"https:\/\/www.nooteboom.com\/es\/cookie-statement\/#breadcrumb\"},\"inLanguage\":\"es\",\"potentialAction\":[{\"@type\":\"ReadAction\",\"target\":[\"https:\/\/www.nooteboom.com\/es\/cookie-statement\/\"]}]},{\"@type\":\"BreadcrumbList\",\"@id\":\"https:\/\/www.nooteboom.com\/es\/cookie-statement\/#breadcrumb\",\"itemListElement\":[{\"@type\":\"ListItem\",\"position\":1,\"name\":\"Home\",\"item\":\"https:\/\/www.nooteboom.com\/es\/\"},{\"@type\":\"ListItem\",\"position\":2,\"name\":\"Cookie statement\"}]},{\"@type\":\"WebSite\",\"@id\":\"https:\/\/www.nooteboom.com\/es\/#website\",\"url\":\"https:\/\/www.nooteboom.com\/es\/\",\"name\":\"Nooteboom Trailers\",\"description\":\"Gets you there.\",\"publisher\":{\"@id\":\"https:\/\/www.nooteboom.com\/es\/#organization\"},\"potentialAction\":[{\"@type\":\"SearchAction\",\"target\":{\"@type\":\"EntryPoint\",\"urlTemplate\":\"https:\/\/www.nooteboom.com\/es\/?s={search_term_string}\"},\"query-input\":{\"@type\":\"PropertyValueSpecification\",\"valueRequired\":true,\"valueName\":\"search_term_string\"}}],\"inLanguage\":\"es\"},{\"@type\":\"Organization\",\"@id\":\"https:\/\/www.nooteboom.com\/es\/#organization\",\"name\":\"Nooteboom Trailers\",\"url\":\"https:\/\/www.nooteboom.com\/es\/\",\"logo\":{\"@type\":\"ImageObject\",\"inLanguage\":\"es\",\"@id\":\"https:\/\/www.nooteboom.com\/es\/#\/schema\/logo\/image\/\",\"url\":\"https:\/\/www.nooteboom.com\/wp-content\/uploads\/logo.png\",\"contentUrl\":\"https:\/\/www.nooteboom.com\/wp-content\/uploads\/logo.png\",\"width\":111,\"height\":66,\"caption\":\"Nooteboom Trailers\"},\"image\":{\"@id\":\"https:\/\/www.nooteboom.com\/es\/#\/schema\/logo\/image\/\"},\"sameAs\":[\"https:\/\/nl-nl.facebook.com\/nooteboomtrailers\/\",\"https:\/\/nl.linkedin.com\/company\/nooteboom-trailers\",\"https:\/\/www.youtube.com\/user\/Nooteboomtrailers\"]}]}<\/script>\n<!-- \/ Yoast SEO Premium plugin. -->","yoast_head_json":{"title":"Cookie statement | Nooteboom Trailers","robots":{"index":"index","follow":"follow","max-snippet":"max-snippet:-1","max-image-preview":"max-image-preview:large","max-video-preview":"max-video-preview:-1"},"canonical":"https:\/\/www.nooteboom.com\/es\/cookie-statement\/","og_locale":"es_ES","og_type":"article","og_title":"Cookie statement","og_description":"[vc_row][vc_column][vc_column_text]Declaraci\u00f3n sobre cookies Utilizamos diferentes tipos de cookies en nuestra web. Esto concierne al sitio web www.nooteboom.com. A continuaci\u00f3n explicamos...","og_url":"https:\/\/www.nooteboom.com\/es\/cookie-statement\/","og_site_name":"Nooteboom Trailers","article_publisher":"https:\/\/nl-nl.facebook.com\/nooteboomtrailers\/","article_modified_time":"2018-05-17T06:36:05+00:00","og_image":[{"width":757,"height":757,"url":"https:\/\/www.nooteboom.com\/wp-content\/uploads\/splashnooteboom-square-1.jpg","type":"image\/jpeg"}],"twitter_card":"summary_large_image","twitter_misc":{"Tiempo de lectura":"5 minutos"},"schema":{"@context":"https:\/\/schema.org","@graph":[{"@type":"WebPage","@id":"https:\/\/www.nooteboom.com\/es\/cookie-statement\/","url":"https:\/\/www.nooteboom.com\/es\/cookie-statement\/","name":"Cookie statement | Nooteboom Trailers","isPartOf":{"@id":"https:\/\/www.nooteboom.com\/es\/#website"},"datePublished":"2018-05-17T06:35:43+00:00","dateModified":"2018-05-17T06:36:05+00:00","breadcrumb":{"@id":"https:\/\/www.nooteboom.com\/es\/cookie-statement\/#breadcrumb"},"inLanguage":"es","potentialAction":[{"@type":"ReadAction","target":["https:\/\/www.nooteboom.com\/es\/cookie-statement\/"]}]},{"@type":"BreadcrumbList","@id":"https:\/\/www.nooteboom.com\/es\/cookie-statement\/#breadcrumb","itemListElement":[{"@type":"ListItem","position":1,"name":"Home","item":"https:\/\/www.nooteboom.com\/es\/"},{"@type":"ListItem","position":2,"name":"Cookie statement"}]},{"@type":"WebSite","@id":"https:\/\/www.nooteboom.com\/es\/#website","url":"https:\/\/www.nooteboom.com\/es\/","name":"Nooteboom Trailers","description":"Gets you there.","publisher":{"@id":"https:\/\/www.nooteboom.com\/es\/#organization"},"potentialAction":[{"@type":"SearchAction","target":{"@type":"EntryPoint","urlTemplate":"https:\/\/www.nooteboom.com\/es\/?s={search_term_string}"},"query-input":{"@type":"PropertyValueSpecification","valueRequired":true,"valueName":"search_term_string"}}],"inLanguage":"es"},{"@type":"Organization","@id":"https:\/\/www.nooteboom.com\/es\/#organization","name":"Nooteboom Trailers","url":"https:\/\/www.nooteboom.com\/es\/","logo":{"@type":"ImageObject","inLanguage":"es","@id":"https:\/\/www.nooteboom.com\/es\/#\/schema\/logo\/image\/","url":"https:\/\/www.nooteboom.com\/wp-content\/uploads\/logo.png","contentUrl":"https:\/\/www.nooteboom.com\/wp-content\/uploads\/logo.png","width":111,"height":66,"caption":"Nooteboom Trailers"},"image":{"@id":"https:\/\/www.nooteboom.com\/es\/#\/schema\/logo\/image\/"},"sameAs":["https:\/\/nl-nl.facebook.com\/nooteboomtrailers\/","https:\/\/nl.linkedin.com\/company\/nooteboom-trailers","https:\/\/www.youtube.com\/user\/Nooteboomtrailers"]}]}},"_links":{"self":[{"href":"https:\/\/www.nooteboom.com\/es\/wp-json\/wp\/v2\/pages\/1530932","targetHints":{"allow":["GET"]}}],"collection":[{"href":"https:\/\/www.nooteboom.com\/es\/wp-json\/wp\/v2\/pages"}],"about":[{"href":"https:\/\/www.nooteboom.com\/es\/wp-json\/wp\/v2\/types\/page"}],"author":[{"embeddable":true,"href":"https:\/\/www.nooteboom.com\/es\/wp-json\/wp\/v2\/users\/45"}],"replies":[{"embeddable":true,"href":"https:\/\/www.nooteboom.com\/es\/wp-json\/wp\/v2\/comments?post=1530932"}],"version-history":[{"count":1,"href":"https:\/\/www.nooteboom.com\/es\/wp-json\/wp\/v2\/pages\/1530932\/revisions"}],"predecessor-version":[{"id":1530933,"href":"https:\/\/www.nooteboom.com\/es\/wp-json\/wp\/v2\/pages\/1530932\/revisions\/1530933"}],"wp:attachment":[{"href":"https:\/\/www.nooteboom.com\/es\/wp-json\/wp\/v2\/media?parent=1530932"}],"curies":[{"name":"wp","href":"https:\/\/api.w.org\/{rel}","templated":true}]}}