{"id":13632,"date":"2016-07-28T10:59:32","date_gmt":"2016-07-28T08:59:32","guid":{"rendered":"https:\/\/www.nooteboom.com\/es\/privacy-statement\/"},"modified":"2021-09-23T09:02:43","modified_gmt":"2021-09-23T07:02:43","slug":"privacy-statement","status":"publish","type":"page","link":"https:\/\/www.nooteboom.com\/es\/privacy-statement\/","title":{"rendered":"Privacy statement"},"content":{"rendered":"<div class=\"wpb-content-wrapper\"><p>[vc_row][vc_column][vc_column_text]<strong>Pol\u00edtica de privacidad<\/strong><\/p>\n<p>Nooteboom concede una gran importancia a la protecci\u00f3n de sus datos personales. En esta pol\u00edtica de privacidad, explicamos c\u00f3mo usamos los datos personales.<\/p>\n<p>Nooteboom cumple, en todos los casos, con las leyes de privacidad aplicables, incluido el Reglamento General de Protecci\u00f3n de Datos (RGPD). Esto significa que nosotros, en cualquier caso:<\/p>\n<ul>\n<li>Utilizamos sus datos personales de acuerdo con el prop\u00f3sito para el que se han proporcionado. Estos fines y el tipo de datos personales se describen en esta Pol\u00edtica de privacidad;<\/li>\n<li>Limitamos el procesamiento de sus datos personales a aquellos datos que sean necesarios para los fines para los que se procesan;<\/li>\n<li>Le solicitamos su consentimiento expl\u00edcito, si es necesario, para el procesamiento de sus datos personales;<\/li>\n<li>Hemos tomado las medidas t\u00e9cnicas y organizativas apropiadas para proteger sus datos personales;<\/li>\n<li>No transmitimos datos personales a terceros, a menos que esto sea necesario para la aplicaci\u00f3n de los fines para los que fueron transmitidos;<\/li>\n<li>Le informaremos sobre los derechos que tiene con respecto al procesamiento de sus datos personales.<\/li>\n<\/ul>\n<p><strong>\u00bfQu\u00e9 datos personales procesamos? <\/strong><\/p>\n<p>Procesamos los datos personales que nos ha transmitido, por ejemplo, cuando le hemos proporcionado alg\u00fan producto o servicio, o los que hemos obtenido durante su visita a nuestro sitio web, al completar un formulario de contacto o suscribirse a nuestro bolet\u00edn.<\/p>\n<p>Los datos personales que procesamos pueden incluir lo siguiente:<\/p>\n<ul>\n<li>Su nombre;<\/li>\n<li>Su direcci\u00f3n;<\/li>\n<li>Detalles de contacto, como su n\u00famero de tel\u00e9fono y direcci\u00f3n de correo electr\u00f3nico;<\/li>\n<li>Otros datos, como detalles sobre su cuenta en Twitter, LinkedIn u otras redes sociales;<\/li>\n<li>La direcci\u00f3n IP del ordenador que utiliz\u00f3 para visitar nuestra web (consulte tambi\u00e9n nuestra declaraci\u00f3n sobre cookies).<\/li>\n<\/ul>\n<p><strong>Fines espec\u00edficos <\/strong><\/p>\n<p>Usamos su informaci\u00f3n personal para diferentes prop\u00f3sitos. Son los siguientes.<\/p>\n<ol>\n<li>a) La ejecuci\u00f3n de un contrato.<\/li>\n<\/ol>\n<p>Explicaci\u00f3n:<\/p>\n<p>Cuando formaliza un contrato con nosotros, le solicitamos sus datos de contacto. Los cuales tambi\u00e9n se pueden utilizar para la facturaci\u00f3n.<\/p>\n<ol>\n<li>b) Mantener el contacto con usted.<\/li>\n<\/ol>\n<p>Explicaci\u00f3n:<\/p>\n<p>Sus datos de contacto se conservan en nuestro sistema de clientes y se pueden utilizar, entre otras cosas, para el env\u00edo de boletines informativos, actualizaciones, invitaciones a eventos y seminarios y para enviarle la informaci\u00f3n que nos solicite.<\/p>\n<ol>\n<li>c) Mejorar nuestra informaci\u00f3n de productos o servicios y realizar acciones de marketing espec\u00edficas.<\/li>\n<\/ol>\n<p>Explicaci\u00f3n:<\/p>\n<p>Nos gusta proporcionarle informaci\u00f3n relevante. Para ello, analizamos los siguientes datos:<\/p>\n<ol>\n<li>i) Datos de interacci\u00f3n: Datos personales obtenidos del contacto entre Nooteboom y usted, por ejemplo, a trav\u00e9s de nuestra web.<\/li>\n<li>ii) Datos de comportamiento: Datos personales que Nooteboom procesa sobre su comportamiento, como sus preferencias, opiniones, deseos y necesidades. Podemos obtener estos datos, por ejemplo, de su comportamiento de navegaci\u00f3n en nuestra web, al leer nuestros boletines o solicitar alguna informaci\u00f3n. Ver tambi\u00e9n \u00abUso de cookies\u00bb.<\/li>\n<li>iii) Analizar el uso de nuestra web.<\/li>\n<\/ol>\n<p>Explicaci\u00f3n:<\/p>\n<p>Las estad\u00edsticas de los usuarios nos permiten obtener informaci\u00f3n, por ejemplo, sobre el n\u00famero de visitantes, la duraci\u00f3n de su visita y qu\u00e9 p\u00e1ginas de la web se ven. Se trata de recopilar datos gen\u00e9ricos, sin informaci\u00f3n sobre personas. Usamos la informaci\u00f3n obtenida para mejorar nuestra web.<\/p>\n<ol>\n<li>iv) Mejorar nuestro sitio web y hacerlo seguro.<\/li>\n<\/ol>\n<p><strong>Base jur\u00eddica del tratamiento<\/strong><\/p>\n<p>Solo procesamos datos personales si existe una base jur\u00eddica para ello. Las bases jur\u00eddicas en virtud de las cuales procesamos los datos personales son las siguientes:<\/p>\n<ul>\n<li>Consentimiento;<\/li>\n<li>Conforme a un acuerdo o en el periodo previo a la firma de un acuerdo.<\/li>\n<li>Un inter\u00e9s leg\u00edtimo<\/li>\n<\/ul>\n<p><u>Consentimiento<\/u><\/p>\n<p>Si le hemos solicitado su consentimiento para procesar sus datos personales y ha concedido este consentimiento, siempre tiene derecho a retirar este consentimiento en cualquier momento.<\/p>\n<p><u>Acuerdo o en el periodo previo a la firma de un acuerdo<\/u><\/p>\n<p>Si firm\u00f3 un acuerdo con nosotros, procesaremos sus datos personales si es necesario, y en la medida en que sea necesario, para completar la tarea.<\/p>\n<p><u>Inter\u00e9s leg\u00edtimo<\/u><\/p>\n<p>Tambi\u00e9n podemos procesar datos personales si tenemos un inter\u00e9s leg\u00edtimo y, al hacerlo, no violamos de manera desproporcionada su privacidad. Por ejemplo, podemos usar su informaci\u00f3n de contacto para invitarlo a reuniones de su inter\u00e9s.<\/p>\n<p><strong>Terceros contratados por nosotros (encargados del tratamiento) <\/strong><\/p>\n<p>Podemos contratar proveedores de servicios (encargados del tratamiento) para que, solo en nuestro nombre, procesen sus datos personales. Determinamos un contrato de procesamiento con estos encargados del tratamiento. Este contrato de procesamiento estipula, entre otras cosas, que los encargados del tratamiento act\u00faan exclusivamente seg\u00fan nuestras instrucciones y no pueden utilizar los datos personales para sus propios fines.<\/p>\n<p>Los encargados del tratamiento que usamos nos proporcionan y alojan el software que utilizamos. Tambi\u00e9n involucramos a proveedores de servicios TIC para administrar nuestra red inform\u00e1tica. Asimismo, hacemos uso del servicio de terceros para la distribuci\u00f3n de boletines informativos.<\/p>\n<p><strong>Cesi\u00f3n de datos personales a terceros<\/strong><\/p>\n<p>Con el fin de prestar servicios, puede que sea necesario compartir datos personales. Sus datos personales no se comparten con terceros con fines comerciales.<\/p>\n<p>Para enviar boletines electr\u00f3nicos usamos proveedores de servicios (encargados del tratamiento) externos al Espacio Econ\u00f3mico Europeo (EEE). Estas partes garantizan un nivel adecuado de protecci\u00f3n de datos personales. En nuestra relaci\u00f3n contractual con este encargado del tratamiento, utilizamos contratos modelo aprobados por la Comisi\u00f3n Europea (Decisi\u00f3n 2010\/87\/UE) para prestarle una adecuada protecci\u00f3n.<\/p>\n<p><strong>Sus derechos<\/strong><\/p>\n<p>De conformidad con la ley, cualquier persona puede ejercer ciertos derechos con respecto a sus datos personales. Por ejemplo, tiene derecho a solicitar la revisi\u00f3n, rectificaci\u00f3n o eliminaci\u00f3n de datos personales. Tambi\u00e9n puede oponerse al uso de sus datos o limitar este uso. En ciertos casos, incluso puede recuperar sus datos y transferirlos a otra entidad. Para todas estas cuestiones, p\u00f3ngase en <a href=\"https:\/\/www.nooteboom.com\/es\/contacto\/\">contacto<\/a> con nosotros.<\/p>\n<p><strong>Solicitud de empleo a trav\u00e9s de la p\u00e1gina web de Nooteboom Trailers<\/strong><\/p>\n<p>Al presentar una solicitud, el solicitante otorga permiso a Nooteboom Trailers B.V. para que sus datos de solicitud de empleo se conserven durante el proceso de solicitud. Nooteboom Trailers B.V. destruir\u00e1 estos datos no m\u00e1s tarde de 1 a\u00f1o despu\u00e9s de la finalizaci\u00f3n de dicho proceso de solicitud.<\/p>\n<p><strong>Periodo de retenci\u00f3n<\/strong><\/p>\n<p>Conservamos sus datos personales siempre que los necesitemos para el fin para el que los obtuvimos, a menos que se aplique un periodo de retenci\u00f3n estatutario.<\/p>\n<p><strong>Quejas <\/strong><\/p>\n<p>Si tiene alguna queja sobre la forma en que usamos sus datos personales, puede ponerse en <a href=\"https:\/\/www.nooteboom.com\/es\/contacto\/\">contacto<\/a> con nosotros. Estaremos encantados de ayudarle a encontrar una soluci\u00f3n. Si no obtiene el resultado esperado, siempre tiene la opci\u00f3n de ponerse en contacto con Autoriteit Persoonsgegevens (autoridad holandesa de protecci\u00f3n de datos).[\/vc_column_text][\/vc_column][\/vc_row]<\/p>\n<\/div>","protected":false},"excerpt":{"rendered":"[vc_row][vc_column][vc_column_text]Pol\u00edtica de privacidad Nooteboom concede una gran importancia a la protecci\u00f3n de sus datos personales. En esta pol\u00edtica de privacidad,&#8230;","protected":false},"author":45,"featured_media":0,"parent":0,"menu_order":0,"comment_status":"closed","ping_status":"closed","template":"","meta":{"_acf_changed":false,"inline_featured_image":false,"footnotes":""},"class_list":["post-13632","page","type-page","status-publish","hentry"],"acf":[],"yoast_head":"<!-- This site is optimized with the Yoast SEO Premium plugin v25.7.1 (Yoast SEO v25.7) - https:\/\/yoast.com\/wordpress\/plugins\/seo\/ -->\n<title>Privacy statement | Nooteboom Trailers<\/title>\n<meta name=\"robots\" content=\"index, follow, max-snippet:-1, max-image-preview:large, max-video-preview:-1\" \/>\n<link rel=\"canonical\" href=\"https:\/\/www.nooteboom.com\/es\/privacy-statement\/\" \/>\n<meta property=\"og:locale\" content=\"es_ES\" \/>\n<meta property=\"og:type\" content=\"article\" \/>\n<meta property=\"og:title\" content=\"Privacy statement\" \/>\n<meta property=\"og:description\" content=\"[vc_row][vc_column][vc_column_text]Pol\u00edtica de privacidad Nooteboom concede una gran importancia a la protecci\u00f3n de sus datos personales. En esta pol\u00edtica de privacidad,...\" \/>\n<meta property=\"og:url\" content=\"https:\/\/www.nooteboom.com\/es\/privacy-statement\/\" \/>\n<meta property=\"og:site_name\" content=\"Nooteboom Trailers\" \/>\n<meta property=\"article:publisher\" content=\"https:\/\/nl-nl.facebook.com\/nooteboomtrailers\/\" \/>\n<meta property=\"article:modified_time\" content=\"2021-09-23T07:02:43+00:00\" \/>\n<meta property=\"og:image\" content=\"https:\/\/www.nooteboom.com\/wp-content\/uploads\/splashnooteboom-square-1.jpg\" \/>\n\t<meta property=\"og:image:width\" content=\"757\" \/>\n\t<meta property=\"og:image:height\" content=\"757\" \/>\n\t<meta property=\"og:image:type\" content=\"image\/jpeg\" \/>\n<meta name=\"twitter:card\" content=\"summary_large_image\" \/>\n<meta name=\"twitter:label1\" content=\"Tiempo de lectura\" \/>\n\t<meta name=\"twitter:data1\" content=\"5 minutos\" \/>\n<script type=\"application\/ld+json\" class=\"yoast-schema-graph\">{\"@context\":\"https:\/\/schema.org\",\"@graph\":[{\"@type\":\"WebPage\",\"@id\":\"https:\/\/www.nooteboom.com\/es\/privacy-statement\/\",\"url\":\"https:\/\/www.nooteboom.com\/es\/privacy-statement\/\",\"name\":\"Privacy statement | Nooteboom Trailers\",\"isPartOf\":{\"@id\":\"https:\/\/www.nooteboom.com\/es\/#website\"},\"datePublished\":\"2016-07-28T08:59:32+00:00\",\"dateModified\":\"2021-09-23T07:02:43+00:00\",\"breadcrumb\":{\"@id\":\"https:\/\/www.nooteboom.com\/es\/privacy-statement\/#breadcrumb\"},\"inLanguage\":\"es\",\"potentialAction\":[{\"@type\":\"ReadAction\",\"target\":[\"https:\/\/www.nooteboom.com\/es\/privacy-statement\/\"]}]},{\"@type\":\"BreadcrumbList\",\"@id\":\"https:\/\/www.nooteboom.com\/es\/privacy-statement\/#breadcrumb\",\"itemListElement\":[{\"@type\":\"ListItem\",\"position\":1,\"name\":\"Home\",\"item\":\"https:\/\/www.nooteboom.com\/es\/\"},{\"@type\":\"ListItem\",\"position\":2,\"name\":\"Privacy statement\"}]},{\"@type\":\"WebSite\",\"@id\":\"https:\/\/www.nooteboom.com\/es\/#website\",\"url\":\"https:\/\/www.nooteboom.com\/es\/\",\"name\":\"Nooteboom Trailers\",\"description\":\"Gets you there.\",\"publisher\":{\"@id\":\"https:\/\/www.nooteboom.com\/es\/#organization\"},\"potentialAction\":[{\"@type\":\"SearchAction\",\"target\":{\"@type\":\"EntryPoint\",\"urlTemplate\":\"https:\/\/www.nooteboom.com\/es\/?s={search_term_string}\"},\"query-input\":{\"@type\":\"PropertyValueSpecification\",\"valueRequired\":true,\"valueName\":\"search_term_string\"}}],\"inLanguage\":\"es\"},{\"@type\":\"Organization\",\"@id\":\"https:\/\/www.nooteboom.com\/es\/#organization\",\"name\":\"Nooteboom Trailers\",\"url\":\"https:\/\/www.nooteboom.com\/es\/\",\"logo\":{\"@type\":\"ImageObject\",\"inLanguage\":\"es\",\"@id\":\"https:\/\/www.nooteboom.com\/es\/#\/schema\/logo\/image\/\",\"url\":\"https:\/\/www.nooteboom.com\/wp-content\/uploads\/logo.png\",\"contentUrl\":\"https:\/\/www.nooteboom.com\/wp-content\/uploads\/logo.png\",\"width\":111,\"height\":66,\"caption\":\"Nooteboom Trailers\"},\"image\":{\"@id\":\"https:\/\/www.nooteboom.com\/es\/#\/schema\/logo\/image\/\"},\"sameAs\":[\"https:\/\/nl-nl.facebook.com\/nooteboomtrailers\/\",\"https:\/\/nl.linkedin.com\/company\/nooteboom-trailers\",\"https:\/\/www.youtube.com\/user\/Nooteboomtrailers\"]}]}<\/script>\n<!-- \/ Yoast SEO Premium plugin. -->","yoast_head_json":{"title":"Privacy statement | Nooteboom Trailers","robots":{"index":"index","follow":"follow","max-snippet":"max-snippet:-1","max-image-preview":"max-image-preview:large","max-video-preview":"max-video-preview:-1"},"canonical":"https:\/\/www.nooteboom.com\/es\/privacy-statement\/","og_locale":"es_ES","og_type":"article","og_title":"Privacy statement","og_description":"[vc_row][vc_column][vc_column_text]Pol\u00edtica de privacidad Nooteboom concede una gran importancia a la protecci\u00f3n de sus datos personales. En esta pol\u00edtica de privacidad,...","og_url":"https:\/\/www.nooteboom.com\/es\/privacy-statement\/","og_site_name":"Nooteboom Trailers","article_publisher":"https:\/\/nl-nl.facebook.com\/nooteboomtrailers\/","article_modified_time":"2021-09-23T07:02:43+00:00","og_image":[{"width":757,"height":757,"url":"https:\/\/www.nooteboom.com\/wp-content\/uploads\/splashnooteboom-square-1.jpg","type":"image\/jpeg"}],"twitter_card":"summary_large_image","twitter_misc":{"Tiempo de lectura":"5 minutos"},"schema":{"@context":"https:\/\/schema.org","@graph":[{"@type":"WebPage","@id":"https:\/\/www.nooteboom.com\/es\/privacy-statement\/","url":"https:\/\/www.nooteboom.com\/es\/privacy-statement\/","name":"Privacy statement | Nooteboom Trailers","isPartOf":{"@id":"https:\/\/www.nooteboom.com\/es\/#website"},"datePublished":"2016-07-28T08:59:32+00:00","dateModified":"2021-09-23T07:02:43+00:00","breadcrumb":{"@id":"https:\/\/www.nooteboom.com\/es\/privacy-statement\/#breadcrumb"},"inLanguage":"es","potentialAction":[{"@type":"ReadAction","target":["https:\/\/www.nooteboom.com\/es\/privacy-statement\/"]}]},{"@type":"BreadcrumbList","@id":"https:\/\/www.nooteboom.com\/es\/privacy-statement\/#breadcrumb","itemListElement":[{"@type":"ListItem","position":1,"name":"Home","item":"https:\/\/www.nooteboom.com\/es\/"},{"@type":"ListItem","position":2,"name":"Privacy statement"}]},{"@type":"WebSite","@id":"https:\/\/www.nooteboom.com\/es\/#website","url":"https:\/\/www.nooteboom.com\/es\/","name":"Nooteboom Trailers","description":"Gets you there.","publisher":{"@id":"https:\/\/www.nooteboom.com\/es\/#organization"},"potentialAction":[{"@type":"SearchAction","target":{"@type":"EntryPoint","urlTemplate":"https:\/\/www.nooteboom.com\/es\/?s={search_term_string}"},"query-input":{"@type":"PropertyValueSpecification","valueRequired":true,"valueName":"search_term_string"}}],"inLanguage":"es"},{"@type":"Organization","@id":"https:\/\/www.nooteboom.com\/es\/#organization","name":"Nooteboom Trailers","url":"https:\/\/www.nooteboom.com\/es\/","logo":{"@type":"ImageObject","inLanguage":"es","@id":"https:\/\/www.nooteboom.com\/es\/#\/schema\/logo\/image\/","url":"https:\/\/www.nooteboom.com\/wp-content\/uploads\/logo.png","contentUrl":"https:\/\/www.nooteboom.com\/wp-content\/uploads\/logo.png","width":111,"height":66,"caption":"Nooteboom Trailers"},"image":{"@id":"https:\/\/www.nooteboom.com\/es\/#\/schema\/logo\/image\/"},"sameAs":["https:\/\/nl-nl.facebook.com\/nooteboomtrailers\/","https:\/\/nl.linkedin.com\/company\/nooteboom-trailers","https:\/\/www.youtube.com\/user\/Nooteboomtrailers"]}]}},"_links":{"self":[{"href":"https:\/\/www.nooteboom.com\/es\/wp-json\/wp\/v2\/pages\/13632","targetHints":{"allow":["GET"]}}],"collection":[{"href":"https:\/\/www.nooteboom.com\/es\/wp-json\/wp\/v2\/pages"}],"about":[{"href":"https:\/\/www.nooteboom.com\/es\/wp-json\/wp\/v2\/types\/page"}],"author":[{"embeddable":true,"href":"https:\/\/www.nooteboom.com\/es\/wp-json\/wp\/v2\/users\/45"}],"replies":[{"embeddable":true,"href":"https:\/\/www.nooteboom.com\/es\/wp-json\/wp\/v2\/comments?post=13632"}],"version-history":[{"count":6,"href":"https:\/\/www.nooteboom.com\/es\/wp-json\/wp\/v2\/pages\/13632\/revisions"}],"predecessor-version":[{"id":1875522,"href":"https:\/\/www.nooteboom.com\/es\/wp-json\/wp\/v2\/pages\/13632\/revisions\/1875522"}],"wp:attachment":[{"href":"https:\/\/www.nooteboom.com\/es\/wp-json\/wp\/v2\/media?parent=13632"}],"curies":[{"name":"wp","href":"https:\/\/api.w.org\/{rel}","templated":true}]}}