{"id":10561,"date":"2016-08-08T11:10:16","date_gmt":"2016-08-08T09:10:16","guid":{"rendered":"https:\/\/www.nooteboom.com\/?page_id=10561&#038;lang=es"},"modified":"2016-08-23T09:22:49","modified_gmt":"2016-08-23T07:22:49","slug":"valores","status":"publish","type":"page","link":"https:\/\/www.nooteboom.com\/es\/quienes-somos\/valores\/","title":{"rendered":"Valores"},"content":{"rendered":"<div class=\"wpb-content-wrapper\"><p>[vc_row][vc_column][vc_column_text]Nooteboom tiene cuatro valores fundamentales en los que se apoya la empresa.<\/p>\n<ul>\n<li><strong><em>Inter\u00e9s<br \/>\n<\/em><\/strong>Nooteboom tiene un inter\u00e9s genuino en la ocupaci\u00f3n real de sus clientes. D\u00f3nde se encuentran sus retos y c\u00f3mo se puede ayudar con las mejores soluciones para sus asuntos de transporte. Comprendiendo esto, una filosof\u00eda de dise\u00f1o s\u00f3lido y grandes habilidades de producci\u00f3n, a los clientes de Nooteboom se les puede ofrecer el valor a\u00f1adido m\u00e1s alto posible.<\/li>\n<\/ul>\n<ul>\n<li><strong><em>Fiable<br \/>\n<\/em><\/strong>Los clientes de Nooteboom\u00a0 deben poder confiar en sus productos y por lo tanto tienen acceso a una red de servicio que est\u00e1 disponible siempre y en cualquier lugar. Nooteboom siempre va un paso por delante porque estos factores son cruciales para el \u00e9xito de nuestros clientes.<\/li>\n<\/ul>\n<ul>\n<li><strong><em>Innovaci\u00f3n<br \/>\n<\/em><\/strong>Nooteboom ha marcado tendencia durante m\u00e1s de 135 a\u00f1os. Ya sea concerniente a soluciones t\u00e9cnicas ingeniosas, nuevos conceptos de servicio o soporte internacional. Nooteboom actualmente sigue siendo pionera. Siempre hay sitio para mejorar. Esto es por lo que se da la bienvenida a nuevos retos y se est\u00e1 abierto a la innovaci\u00f3n.<\/li>\n<\/ul>\n<ul>\n<li><strong><em>Valioso<br \/>\n<\/em><\/strong>Nooteboom entrega productos a sus clientes que tiene el menor \u201cCoste de propiedad total\u201d porque los remolques necesitan muy poco mantenimiento, tienen las mejores prestaciones y tienen el mayor valor de recompra. Productos que son fabricados para proporcionar un m\u00e1ximo beneficio en la cadena de suministros a sus clientes.<\/li>\n<\/ul>\n<p>[\/vc_column_text][\/vc_column][\/vc_row]<\/p>\n<\/div>","protected":false},"excerpt":{"rendered":"[vc_row][vc_column][vc_column_text]Nooteboom tiene cuatro valores fundamentales en los que se apoya la empresa. Inter\u00e9s Nooteboom tiene un inter\u00e9s genuino en la&#8230;","protected":false},"author":45,"featured_media":3917,"parent":10513,"menu_order":2,"comment_status":"closed","ping_status":"closed","template":"","meta":{"_acf_changed":false,"inline_featured_image":false,"footnotes":""},"class_list":["post-10561","page","type-page","status-publish","has-post-thumbnail","hentry"],"acf":[],"yoast_head":"<!-- This site is optimized with the Yoast SEO Premium plugin v25.7.1 (Yoast SEO v25.7) - https:\/\/yoast.com\/wordpress\/plugins\/seo\/ -->\n<title>Valores | Nooteboom Trailers<\/title>\n<meta name=\"description\" content=\"Nooteboom tiene cuatro valores fundamentales en los que se apoya la empresa.\" \/>\n<meta name=\"robots\" content=\"index, follow, max-snippet:-1, max-image-preview:large, max-video-preview:-1\" \/>\n<link rel=\"canonical\" href=\"https:\/\/www.nooteboom.com\/es\/quienes-somos\/valores\/\" \/>\n<meta property=\"og:locale\" content=\"es_ES\" \/>\n<meta property=\"og:type\" content=\"article\" \/>\n<meta property=\"og:title\" content=\"Valores\" \/>\n<meta property=\"og:description\" content=\"Nooteboom tiene cuatro valores fundamentales en los que se apoya la empresa.\" \/>\n<meta property=\"og:url\" content=\"https:\/\/www.nooteboom.com\/es\/quienes-somos\/valores\/\" \/>\n<meta property=\"og:site_name\" content=\"Nooteboom Trailers\" \/>\n<meta property=\"article:publisher\" content=\"https:\/\/nl-nl.facebook.com\/nooteboomtrailers\/\" \/>\n<meta property=\"article:modified_time\" content=\"2016-08-23T07:22:49+00:00\" \/>\n<meta property=\"og:image\" content=\"https:\/\/www.nooteboom.com\/wp-content\/uploads\/Vision-and-values.jpg\" \/>\n\t<meta property=\"og:image:width\" content=\"2048\" \/>\n\t<meta property=\"og:image:height\" content=\"942\" \/>\n\t<meta property=\"og:image:type\" content=\"image\/jpeg\" \/>\n<meta name=\"twitter:card\" content=\"summary_large_image\" \/>\n<meta name=\"twitter:label1\" content=\"Tiempo de lectura\" \/>\n\t<meta name=\"twitter:data1\" content=\"1 minuto\" \/>\n<script type=\"application\/ld+json\" class=\"yoast-schema-graph\">{\"@context\":\"https:\/\/schema.org\",\"@graph\":[{\"@type\":\"WebPage\",\"@id\":\"https:\/\/www.nooteboom.com\/es\/quienes-somos\/valores\/\",\"url\":\"https:\/\/www.nooteboom.com\/es\/quienes-somos\/valores\/\",\"name\":\"Valores | Nooteboom Trailers\",\"isPartOf\":{\"@id\":\"https:\/\/www.nooteboom.com\/es\/#website\"},\"primaryImageOfPage\":{\"@id\":\"https:\/\/www.nooteboom.com\/es\/quienes-somos\/valores\/#primaryimage\"},\"image\":{\"@id\":\"https:\/\/www.nooteboom.com\/es\/quienes-somos\/valores\/#primaryimage\"},\"thumbnailUrl\":\"https:\/\/www.nooteboom.com\/wp-content\/uploads\/Vision-and-values.jpg\",\"datePublished\":\"2016-08-08T09:10:16+00:00\",\"dateModified\":\"2016-08-23T07:22:49+00:00\",\"description\":\"Nooteboom tiene cuatro valores fundamentales en los que se apoya la empresa.\",\"breadcrumb\":{\"@id\":\"https:\/\/www.nooteboom.com\/es\/quienes-somos\/valores\/#breadcrumb\"},\"inLanguage\":\"es\",\"potentialAction\":[{\"@type\":\"ReadAction\",\"target\":[\"https:\/\/www.nooteboom.com\/es\/quienes-somos\/valores\/\"]}]},{\"@type\":\"ImageObject\",\"inLanguage\":\"es\",\"@id\":\"https:\/\/www.nooteboom.com\/es\/quienes-somos\/valores\/#primaryimage\",\"url\":\"https:\/\/www.nooteboom.com\/wp-content\/uploads\/Vision-and-values.jpg\",\"contentUrl\":\"https:\/\/www.nooteboom.com\/wp-content\/uploads\/Vision-and-values.jpg\",\"width\":2048,\"height\":942,\"caption\":\"Visi\u00f3n y valores\"},{\"@type\":\"BreadcrumbList\",\"@id\":\"https:\/\/www.nooteboom.com\/es\/quienes-somos\/valores\/#breadcrumb\",\"itemListElement\":[{\"@type\":\"ListItem\",\"position\":1,\"name\":\"Home\",\"item\":\"https:\/\/www.nooteboom.com\/es\/\"},{\"@type\":\"ListItem\",\"position\":2,\"name\":\"Quienes somos\",\"item\":\"https:\/\/www.nooteboom.com\/es\/quienes-somos\/\"},{\"@type\":\"ListItem\",\"position\":3,\"name\":\"Valores\"}]},{\"@type\":\"WebSite\",\"@id\":\"https:\/\/www.nooteboom.com\/es\/#website\",\"url\":\"https:\/\/www.nooteboom.com\/es\/\",\"name\":\"Nooteboom Trailers\",\"description\":\"Gets you there.\",\"publisher\":{\"@id\":\"https:\/\/www.nooteboom.com\/es\/#organization\"},\"potentialAction\":[{\"@type\":\"SearchAction\",\"target\":{\"@type\":\"EntryPoint\",\"urlTemplate\":\"https:\/\/www.nooteboom.com\/es\/?s={search_term_string}\"},\"query-input\":{\"@type\":\"PropertyValueSpecification\",\"valueRequired\":true,\"valueName\":\"search_term_string\"}}],\"inLanguage\":\"es\"},{\"@type\":\"Organization\",\"@id\":\"https:\/\/www.nooteboom.com\/es\/#organization\",\"name\":\"Nooteboom Trailers\",\"url\":\"https:\/\/www.nooteboom.com\/es\/\",\"logo\":{\"@type\":\"ImageObject\",\"inLanguage\":\"es\",\"@id\":\"https:\/\/www.nooteboom.com\/es\/#\/schema\/logo\/image\/\",\"url\":\"https:\/\/www.nooteboom.com\/wp-content\/uploads\/logo.png\",\"contentUrl\":\"https:\/\/www.nooteboom.com\/wp-content\/uploads\/logo.png\",\"width\":111,\"height\":66,\"caption\":\"Nooteboom Trailers\"},\"image\":{\"@id\":\"https:\/\/www.nooteboom.com\/es\/#\/schema\/logo\/image\/\"},\"sameAs\":[\"https:\/\/nl-nl.facebook.com\/nooteboomtrailers\/\",\"https:\/\/nl.linkedin.com\/company\/nooteboom-trailers\",\"https:\/\/www.youtube.com\/user\/Nooteboomtrailers\"]}]}<\/script>\n<!-- \/ Yoast SEO Premium plugin. -->","yoast_head_json":{"title":"Valores | Nooteboom Trailers","description":"Nooteboom tiene cuatro valores fundamentales en los que se apoya la empresa.","robots":{"index":"index","follow":"follow","max-snippet":"max-snippet:-1","max-image-preview":"max-image-preview:large","max-video-preview":"max-video-preview:-1"},"canonical":"https:\/\/www.nooteboom.com\/es\/quienes-somos\/valores\/","og_locale":"es_ES","og_type":"article","og_title":"Valores","og_description":"Nooteboom tiene cuatro valores fundamentales en los que se apoya la empresa.","og_url":"https:\/\/www.nooteboom.com\/es\/quienes-somos\/valores\/","og_site_name":"Nooteboom Trailers","article_publisher":"https:\/\/nl-nl.facebook.com\/nooteboomtrailers\/","article_modified_time":"2016-08-23T07:22:49+00:00","og_image":[{"width":2048,"height":942,"url":"https:\/\/www.nooteboom.com\/wp-content\/uploads\/Vision-and-values.jpg","type":"image\/jpeg"}],"twitter_card":"summary_large_image","twitter_misc":{"Tiempo de lectura":"1 minuto"},"schema":{"@context":"https:\/\/schema.org","@graph":[{"@type":"WebPage","@id":"https:\/\/www.nooteboom.com\/es\/quienes-somos\/valores\/","url":"https:\/\/www.nooteboom.com\/es\/quienes-somos\/valores\/","name":"Valores | Nooteboom Trailers","isPartOf":{"@id":"https:\/\/www.nooteboom.com\/es\/#website"},"primaryImageOfPage":{"@id":"https:\/\/www.nooteboom.com\/es\/quienes-somos\/valores\/#primaryimage"},"image":{"@id":"https:\/\/www.nooteboom.com\/es\/quienes-somos\/valores\/#primaryimage"},"thumbnailUrl":"https:\/\/www.nooteboom.com\/wp-content\/uploads\/Vision-and-values.jpg","datePublished":"2016-08-08T09:10:16+00:00","dateModified":"2016-08-23T07:22:49+00:00","description":"Nooteboom tiene cuatro valores fundamentales en los que se apoya la empresa.","breadcrumb":{"@id":"https:\/\/www.nooteboom.com\/es\/quienes-somos\/valores\/#breadcrumb"},"inLanguage":"es","potentialAction":[{"@type":"ReadAction","target":["https:\/\/www.nooteboom.com\/es\/quienes-somos\/valores\/"]}]},{"@type":"ImageObject","inLanguage":"es","@id":"https:\/\/www.nooteboom.com\/es\/quienes-somos\/valores\/#primaryimage","url":"https:\/\/www.nooteboom.com\/wp-content\/uploads\/Vision-and-values.jpg","contentUrl":"https:\/\/www.nooteboom.com\/wp-content\/uploads\/Vision-and-values.jpg","width":2048,"height":942,"caption":"Visi\u00f3n y valores"},{"@type":"BreadcrumbList","@id":"https:\/\/www.nooteboom.com\/es\/quienes-somos\/valores\/#breadcrumb","itemListElement":[{"@type":"ListItem","position":1,"name":"Home","item":"https:\/\/www.nooteboom.com\/es\/"},{"@type":"ListItem","position":2,"name":"Quienes somos","item":"https:\/\/www.nooteboom.com\/es\/quienes-somos\/"},{"@type":"ListItem","position":3,"name":"Valores"}]},{"@type":"WebSite","@id":"https:\/\/www.nooteboom.com\/es\/#website","url":"https:\/\/www.nooteboom.com\/es\/","name":"Nooteboom Trailers","description":"Gets you there.","publisher":{"@id":"https:\/\/www.nooteboom.com\/es\/#organization"},"potentialAction":[{"@type":"SearchAction","target":{"@type":"EntryPoint","urlTemplate":"https:\/\/www.nooteboom.com\/es\/?s={search_term_string}"},"query-input":{"@type":"PropertyValueSpecification","valueRequired":true,"valueName":"search_term_string"}}],"inLanguage":"es"},{"@type":"Organization","@id":"https:\/\/www.nooteboom.com\/es\/#organization","name":"Nooteboom Trailers","url":"https:\/\/www.nooteboom.com\/es\/","logo":{"@type":"ImageObject","inLanguage":"es","@id":"https:\/\/www.nooteboom.com\/es\/#\/schema\/logo\/image\/","url":"https:\/\/www.nooteboom.com\/wp-content\/uploads\/logo.png","contentUrl":"https:\/\/www.nooteboom.com\/wp-content\/uploads\/logo.png","width":111,"height":66,"caption":"Nooteboom Trailers"},"image":{"@id":"https:\/\/www.nooteboom.com\/es\/#\/schema\/logo\/image\/"},"sameAs":["https:\/\/nl-nl.facebook.com\/nooteboomtrailers\/","https:\/\/nl.linkedin.com\/company\/nooteboom-trailers","https:\/\/www.youtube.com\/user\/Nooteboomtrailers"]}]}},"_links":{"self":[{"href":"https:\/\/www.nooteboom.com\/es\/wp-json\/wp\/v2\/pages\/10561","targetHints":{"allow":["GET"]}}],"collection":[{"href":"https:\/\/www.nooteboom.com\/es\/wp-json\/wp\/v2\/pages"}],"about":[{"href":"https:\/\/www.nooteboom.com\/es\/wp-json\/wp\/v2\/types\/page"}],"author":[{"embeddable":true,"href":"https:\/\/www.nooteboom.com\/es\/wp-json\/wp\/v2\/users\/45"}],"replies":[{"embeddable":true,"href":"https:\/\/www.nooteboom.com\/es\/wp-json\/wp\/v2\/comments?post=10561"}],"version-history":[{"count":5,"href":"https:\/\/www.nooteboom.com\/es\/wp-json\/wp\/v2\/pages\/10561\/revisions"}],"predecessor-version":[{"id":12554,"href":"https:\/\/www.nooteboom.com\/es\/wp-json\/wp\/v2\/pages\/10561\/revisions\/12554"}],"up":[{"embeddable":true,"href":"https:\/\/www.nooteboom.com\/es\/wp-json\/wp\/v2\/pages\/10513"}],"wp:featuredmedia":[{"embeddable":true,"href":"https:\/\/www.nooteboom.com\/es\/wp-json\/wp\/v2\/media\/3917"}],"wp:attachment":[{"href":"https:\/\/www.nooteboom.com\/es\/wp-json\/wp\/v2\/media?parent=10561"}],"curies":[{"name":"wp","href":"https:\/\/api.w.org\/{rel}","templated":true}]}}