{"id":10557,"date":"2016-08-08T11:08:41","date_gmt":"2016-08-08T09:08:41","guid":{"rendered":"https:\/\/www.nooteboom.com\/?page_id=10557&#038;lang=es"},"modified":"2016-08-18T14:14:23","modified_gmt":"2016-08-18T12:14:23","slug":"calidad-y-durabilidad","status":"publish","type":"page","link":"https:\/\/www.nooteboom.com\/es\/quienes-somos\/calidad-y-durabilidad\/","title":{"rendered":"Calidad y durabilidad"},"content":{"rendered":"<div class=\"wpb-content-wrapper\"><p>[vc_row][vc_column width=\u00bb1\/2&#8243;][vc_column_text]La fiabilidad es uno de nuestros valores fundamentales en Nooteboom. Por lo tanto es esencial la entrega de una calidad suprema. Nooteboom nunca hace concesiones a la calidad de sus productos o servicios. Esto es porque ellos s\u00f3lo usan materiales de m\u00e1xima calidad y componentes de las mejores marcas con certificaci\u00f3n en calidad.<\/p>\n<p>En el proceso de producci\u00f3n tambi\u00e9n se presta mucha atenci\u00f3n a la calidad y a la reducci\u00f3n de los plazos de entrega. Las \u00faltimas tecnolog\u00edas y t\u00e9cnicas, la aplicaci\u00f3n de LEAN, un sistema completo de aseguramiento de la calidad y programas educativos y formativos de primera clase para los empleados contribuyen a esto.[\/vc_column_text][\/vc_column][vc_column width=\u00bb1\/2&#8243;][vc_single_image image=\u00bb1596&#8243; img_size=\u00bblarge\u00bb][\/vc_column][\/vc_row][vc_row][vc_column][vc_column_text]En Europa Nooteboom tiene una red de centros de servicio propios, talleres de servicio m\u00f3viles y socios de servicio autorizados. Y dondequiera que se encuentre con Nooteboom se espera el mismo alto nivel de profesionalidad y dedicaci\u00f3n para su negocio. En caso de una desgracia Nooteboom ofrece un servicio de emergencias 24h-7d\u00edas.[\/vc_column_text][vc_separator][\/vc_column][\/vc_row][vc_row][vc_column width=\u00bb1\/2&#8243;][vc_column_text]<\/p>\n<h3>Bajo coste de propiedad total<\/h3>\n<p>Todo esto contribuye a que Nooteboom pueda ofrecer la fiabilidad m\u00e1s alta con la relaci\u00f3n precio\/calidad m\u00e1s ventajosa. Tambi\u00e9n significa que los veh\u00edculos de Nooteboom tienen un alto valor de recompra.[\/vc_column_text][\/vc_column][vc_column width=\u00bb1\/2&#8243;][vc_column_text]<\/p>\n<h3>Sostenibilidad<\/h3>\n<p>Nooteboom trabaja en diversas \u00e1reas para hacer que sus actividades sean m\u00e1s sostenibles. Esto no solo es importante para el medioambiente sino tambi\u00e9n para Nooteboom y sus clientes. Porque tener \u00e9xito de una manera sostenible va de la mano con gestionar una empresa responsable.[\/vc_column_text][\/vc_column][\/vc_row][vc_row][vc_column]<div class=\"content hidden\">\n\n\t<\/p>\n<ul>\n<li><em>Uso eficiente de materiales y recursos<\/em><br \/>\nDurante el proceso de producci\u00f3n se utilizan materias primas de muchas maneras. Reutilizando materiales; aplicando cuidadosamente pinturas y agentes conservantes elegidos que contienen la menor cantidad posible de sustancias da\u00f1inas; usando menos agua y energ\u00eda durante el proceso de producci\u00f3n; evitando gastar materiales al producir sin errores. Todo esto ayuda.<\/li>\n<\/ul>\n<ul>\n<li><em>Preparaci\u00f3n m\u00e1s sostenible de procesos de producci\u00f3n y ambientes de trabajo<\/em><br \/>\nMonitorizando m\u00e1s de cerca los flujos de desperdicios; reduciendo el consumo de energ\u00eda en la producci\u00f3n y en las oficinas al reorganizar las oficinas y el ambiente de producci\u00f3n; mejorando el flujo de producci\u00f3n al implementar metodolog\u00edas LEAN. Esto reducir\u00e1 el impacto del proceso de producci\u00f3n en el medio ambiente.<\/li>\n<\/ul>\n<ul>\n<li><em>Mejorando el comportamiento medioambiental de los remolques de Nooteboom fabric\u00e1ndolos as\u00ed desde la primera fase de dise\u00f1o<br \/>\n<\/em>En la fase de ingenier\u00eda del remolque, siempre se realiza un esfuerzo por encontrar dise\u00f1os y uso de materiales m\u00e1s inteligentes con el fin de mejorar el comportamiento medioambiental de los remolques de Nooteboom. Utilizando materiales y componentes m\u00e1s ligeros; dise\u00f1ando sistemas inteligentes para reducir el desgaste; prolongando la vida \u00fatil al utilizar materiales de m\u00e1xima calidad y construir construcciones robustas que proporcionan a los remolques una vida m\u00e1s larga.<\/li>\n<\/ul>\n<p>\n\n<\/div>\n\n<div class=\"vc_read_more print more\">\n\n\t\t\t<p> Nooteboom se concentra en las siguientes actividades para mejorar su huella ecol\u00f3gica:<\/p>\n\t\n\t<a href=\"#readmore\" data-less=\"Leer menos \" data-more=\"Leer m\u00e1s\" class=\"button\">\n\t\t<em>Leer m\u00e1s<\/em>\n\t\t<span class=\"fa fa-chevron-right\"><\/span>\n\t<\/a>\n\n<\/div>[\/vc_column][\/vc_row]<\/p>\n<\/div>","protected":false},"excerpt":{"rendered":"[vc_row][vc_column width=\u00bb1\/2&#8243;][vc_column_text]La fiabilidad es uno de nuestros valores fundamentales en Nooteboom. Por lo tanto es esencial la entrega de una&#8230;","protected":false},"author":45,"featured_media":4057,"parent":10513,"menu_order":4,"comment_status":"closed","ping_status":"closed","template":"","meta":{"_acf_changed":false,"inline_featured_image":false,"footnotes":""},"class_list":["post-10557","page","type-page","status-publish","has-post-thumbnail","hentry"],"acf":[],"yoast_head":"<!-- This site is optimized with the Yoast SEO Premium plugin v25.7.1 (Yoast SEO v25.7) - https:\/\/yoast.com\/wordpress\/plugins\/seo\/ -->\n<title>Calidad y durabilidad | Nooteboom Trailers<\/title>\n<meta name=\"description\" content=\"La fiabilidad es uno de nuestros valores fundamentales en Nooteboom. Por lo tanto es esencial la entrega de una calidad suprema.\" \/>\n<meta name=\"robots\" content=\"index, follow, max-snippet:-1, max-image-preview:large, max-video-preview:-1\" \/>\n<link rel=\"canonical\" href=\"https:\/\/www.nooteboom.com\/es\/quienes-somos\/calidad-y-durabilidad\/\" \/>\n<meta property=\"og:locale\" content=\"es_ES\" \/>\n<meta property=\"og:type\" content=\"article\" \/>\n<meta property=\"og:title\" content=\"Calidad y durabilidad\" \/>\n<meta property=\"og:description\" content=\"La fiabilidad es uno de nuestros valores fundamentales en Nooteboom. Por lo tanto es esencial la entrega de una calidad suprema.\" \/>\n<meta property=\"og:url\" content=\"https:\/\/www.nooteboom.com\/es\/quienes-somos\/calidad-y-durabilidad\/\" \/>\n<meta property=\"og:site_name\" content=\"Nooteboom Trailers\" \/>\n<meta property=\"article:publisher\" content=\"https:\/\/nl-nl.facebook.com\/nooteboomtrailers\/\" \/>\n<meta property=\"article:modified_time\" content=\"2016-08-18T12:14:23+00:00\" \/>\n<meta property=\"og:image\" content=\"https:\/\/www.nooteboom.com\/wp-content\/uploads\/Quality-and-durability.jpg\" \/>\n\t<meta property=\"og:image:width\" content=\"2500\" \/>\n\t<meta property=\"og:image:height\" content=\"1663\" \/>\n\t<meta property=\"og:image:type\" content=\"image\/jpeg\" \/>\n<meta name=\"twitter:card\" content=\"summary_large_image\" \/>\n<meta name=\"twitter:label1\" content=\"Tiempo de lectura\" \/>\n\t<meta name=\"twitter:data1\" content=\"3 minutos\" \/>\n<script type=\"application\/ld+json\" class=\"yoast-schema-graph\">{\"@context\":\"https:\/\/schema.org\",\"@graph\":[{\"@type\":\"WebPage\",\"@id\":\"https:\/\/www.nooteboom.com\/es\/quienes-somos\/calidad-y-durabilidad\/\",\"url\":\"https:\/\/www.nooteboom.com\/es\/quienes-somos\/calidad-y-durabilidad\/\",\"name\":\"Calidad y durabilidad | Nooteboom Trailers\",\"isPartOf\":{\"@id\":\"https:\/\/www.nooteboom.com\/es\/#website\"},\"primaryImageOfPage\":{\"@id\":\"https:\/\/www.nooteboom.com\/es\/quienes-somos\/calidad-y-durabilidad\/#primaryimage\"},\"image\":{\"@id\":\"https:\/\/www.nooteboom.com\/es\/quienes-somos\/calidad-y-durabilidad\/#primaryimage\"},\"thumbnailUrl\":\"https:\/\/www.nooteboom.com\/wp-content\/uploads\/Quality-and-durability.jpg\",\"datePublished\":\"2016-08-08T09:08:41+00:00\",\"dateModified\":\"2016-08-18T12:14:23+00:00\",\"description\":\"La fiabilidad es uno de nuestros valores fundamentales en Nooteboom. Por lo tanto es esencial la entrega de una calidad suprema.\",\"breadcrumb\":{\"@id\":\"https:\/\/www.nooteboom.com\/es\/quienes-somos\/calidad-y-durabilidad\/#breadcrumb\"},\"inLanguage\":\"es\",\"potentialAction\":[{\"@type\":\"ReadAction\",\"target\":[\"https:\/\/www.nooteboom.com\/es\/quienes-somos\/calidad-y-durabilidad\/\"]}]},{\"@type\":\"ImageObject\",\"inLanguage\":\"es\",\"@id\":\"https:\/\/www.nooteboom.com\/es\/quienes-somos\/calidad-y-durabilidad\/#primaryimage\",\"url\":\"https:\/\/www.nooteboom.com\/wp-content\/uploads\/Quality-and-durability.jpg\",\"contentUrl\":\"https:\/\/www.nooteboom.com\/wp-content\/uploads\/Quality-and-durability.jpg\",\"width\":2500,\"height\":1663},{\"@type\":\"BreadcrumbList\",\"@id\":\"https:\/\/www.nooteboom.com\/es\/quienes-somos\/calidad-y-durabilidad\/#breadcrumb\",\"itemListElement\":[{\"@type\":\"ListItem\",\"position\":1,\"name\":\"Home\",\"item\":\"https:\/\/www.nooteboom.com\/es\/\"},{\"@type\":\"ListItem\",\"position\":2,\"name\":\"Quienes somos\",\"item\":\"https:\/\/www.nooteboom.com\/es\/quienes-somos\/\"},{\"@type\":\"ListItem\",\"position\":3,\"name\":\"Calidad y durabilidad\"}]},{\"@type\":\"WebSite\",\"@id\":\"https:\/\/www.nooteboom.com\/es\/#website\",\"url\":\"https:\/\/www.nooteboom.com\/es\/\",\"name\":\"Nooteboom Trailers\",\"description\":\"Gets you there.\",\"publisher\":{\"@id\":\"https:\/\/www.nooteboom.com\/es\/#organization\"},\"potentialAction\":[{\"@type\":\"SearchAction\",\"target\":{\"@type\":\"EntryPoint\",\"urlTemplate\":\"https:\/\/www.nooteboom.com\/es\/?s={search_term_string}\"},\"query-input\":{\"@type\":\"PropertyValueSpecification\",\"valueRequired\":true,\"valueName\":\"search_term_string\"}}],\"inLanguage\":\"es\"},{\"@type\":\"Organization\",\"@id\":\"https:\/\/www.nooteboom.com\/es\/#organization\",\"name\":\"Nooteboom Trailers\",\"url\":\"https:\/\/www.nooteboom.com\/es\/\",\"logo\":{\"@type\":\"ImageObject\",\"inLanguage\":\"es\",\"@id\":\"https:\/\/www.nooteboom.com\/es\/#\/schema\/logo\/image\/\",\"url\":\"https:\/\/www.nooteboom.com\/wp-content\/uploads\/logo.png\",\"contentUrl\":\"https:\/\/www.nooteboom.com\/wp-content\/uploads\/logo.png\",\"width\":111,\"height\":66,\"caption\":\"Nooteboom Trailers\"},\"image\":{\"@id\":\"https:\/\/www.nooteboom.com\/es\/#\/schema\/logo\/image\/\"},\"sameAs\":[\"https:\/\/nl-nl.facebook.com\/nooteboomtrailers\/\",\"https:\/\/nl.linkedin.com\/company\/nooteboom-trailers\",\"https:\/\/www.youtube.com\/user\/Nooteboomtrailers\"]}]}<\/script>\n<!-- \/ Yoast SEO Premium plugin. -->","yoast_head_json":{"title":"Calidad y durabilidad | Nooteboom Trailers","description":"La fiabilidad es uno de nuestros valores fundamentales en Nooteboom. Por lo tanto es esencial la entrega de una calidad suprema.","robots":{"index":"index","follow":"follow","max-snippet":"max-snippet:-1","max-image-preview":"max-image-preview:large","max-video-preview":"max-video-preview:-1"},"canonical":"https:\/\/www.nooteboom.com\/es\/quienes-somos\/calidad-y-durabilidad\/","og_locale":"es_ES","og_type":"article","og_title":"Calidad y durabilidad","og_description":"La fiabilidad es uno de nuestros valores fundamentales en Nooteboom. Por lo tanto es esencial la entrega de una calidad suprema.","og_url":"https:\/\/www.nooteboom.com\/es\/quienes-somos\/calidad-y-durabilidad\/","og_site_name":"Nooteboom Trailers","article_publisher":"https:\/\/nl-nl.facebook.com\/nooteboomtrailers\/","article_modified_time":"2016-08-18T12:14:23+00:00","og_image":[{"width":2500,"height":1663,"url":"https:\/\/www.nooteboom.com\/wp-content\/uploads\/Quality-and-durability.jpg","type":"image\/jpeg"}],"twitter_card":"summary_large_image","twitter_misc":{"Tiempo de lectura":"3 minutos"},"schema":{"@context":"https:\/\/schema.org","@graph":[{"@type":"WebPage","@id":"https:\/\/www.nooteboom.com\/es\/quienes-somos\/calidad-y-durabilidad\/","url":"https:\/\/www.nooteboom.com\/es\/quienes-somos\/calidad-y-durabilidad\/","name":"Calidad y durabilidad | Nooteboom Trailers","isPartOf":{"@id":"https:\/\/www.nooteboom.com\/es\/#website"},"primaryImageOfPage":{"@id":"https:\/\/www.nooteboom.com\/es\/quienes-somos\/calidad-y-durabilidad\/#primaryimage"},"image":{"@id":"https:\/\/www.nooteboom.com\/es\/quienes-somos\/calidad-y-durabilidad\/#primaryimage"},"thumbnailUrl":"https:\/\/www.nooteboom.com\/wp-content\/uploads\/Quality-and-durability.jpg","datePublished":"2016-08-08T09:08:41+00:00","dateModified":"2016-08-18T12:14:23+00:00","description":"La fiabilidad es uno de nuestros valores fundamentales en Nooteboom. Por lo tanto es esencial la entrega de una calidad suprema.","breadcrumb":{"@id":"https:\/\/www.nooteboom.com\/es\/quienes-somos\/calidad-y-durabilidad\/#breadcrumb"},"inLanguage":"es","potentialAction":[{"@type":"ReadAction","target":["https:\/\/www.nooteboom.com\/es\/quienes-somos\/calidad-y-durabilidad\/"]}]},{"@type":"ImageObject","inLanguage":"es","@id":"https:\/\/www.nooteboom.com\/es\/quienes-somos\/calidad-y-durabilidad\/#primaryimage","url":"https:\/\/www.nooteboom.com\/wp-content\/uploads\/Quality-and-durability.jpg","contentUrl":"https:\/\/www.nooteboom.com\/wp-content\/uploads\/Quality-and-durability.jpg","width":2500,"height":1663},{"@type":"BreadcrumbList","@id":"https:\/\/www.nooteboom.com\/es\/quienes-somos\/calidad-y-durabilidad\/#breadcrumb","itemListElement":[{"@type":"ListItem","position":1,"name":"Home","item":"https:\/\/www.nooteboom.com\/es\/"},{"@type":"ListItem","position":2,"name":"Quienes somos","item":"https:\/\/www.nooteboom.com\/es\/quienes-somos\/"},{"@type":"ListItem","position":3,"name":"Calidad y durabilidad"}]},{"@type":"WebSite","@id":"https:\/\/www.nooteboom.com\/es\/#website","url":"https:\/\/www.nooteboom.com\/es\/","name":"Nooteboom Trailers","description":"Gets you there.","publisher":{"@id":"https:\/\/www.nooteboom.com\/es\/#organization"},"potentialAction":[{"@type":"SearchAction","target":{"@type":"EntryPoint","urlTemplate":"https:\/\/www.nooteboom.com\/es\/?s={search_term_string}"},"query-input":{"@type":"PropertyValueSpecification","valueRequired":true,"valueName":"search_term_string"}}],"inLanguage":"es"},{"@type":"Organization","@id":"https:\/\/www.nooteboom.com\/es\/#organization","name":"Nooteboom Trailers","url":"https:\/\/www.nooteboom.com\/es\/","logo":{"@type":"ImageObject","inLanguage":"es","@id":"https:\/\/www.nooteboom.com\/es\/#\/schema\/logo\/image\/","url":"https:\/\/www.nooteboom.com\/wp-content\/uploads\/logo.png","contentUrl":"https:\/\/www.nooteboom.com\/wp-content\/uploads\/logo.png","width":111,"height":66,"caption":"Nooteboom Trailers"},"image":{"@id":"https:\/\/www.nooteboom.com\/es\/#\/schema\/logo\/image\/"},"sameAs":["https:\/\/nl-nl.facebook.com\/nooteboomtrailers\/","https:\/\/nl.linkedin.com\/company\/nooteboom-trailers","https:\/\/www.youtube.com\/user\/Nooteboomtrailers"]}]}},"_links":{"self":[{"href":"https:\/\/www.nooteboom.com\/es\/wp-json\/wp\/v2\/pages\/10557","targetHints":{"allow":["GET"]}}],"collection":[{"href":"https:\/\/www.nooteboom.com\/es\/wp-json\/wp\/v2\/pages"}],"about":[{"href":"https:\/\/www.nooteboom.com\/es\/wp-json\/wp\/v2\/types\/page"}],"author":[{"embeddable":true,"href":"https:\/\/www.nooteboom.com\/es\/wp-json\/wp\/v2\/users\/45"}],"replies":[{"embeddable":true,"href":"https:\/\/www.nooteboom.com\/es\/wp-json\/wp\/v2\/comments?post=10557"}],"version-history":[{"count":7,"href":"https:\/\/www.nooteboom.com\/es\/wp-json\/wp\/v2\/pages\/10557\/revisions"}],"predecessor-version":[{"id":12296,"href":"https:\/\/www.nooteboom.com\/es\/wp-json\/wp\/v2\/pages\/10557\/revisions\/12296"}],"up":[{"embeddable":true,"href":"https:\/\/www.nooteboom.com\/es\/wp-json\/wp\/v2\/pages\/10513"}],"wp:featuredmedia":[{"embeddable":true,"href":"https:\/\/www.nooteboom.com\/es\/wp-json\/wp\/v2\/media\/4057"}],"wp:attachment":[{"href":"https:\/\/www.nooteboom.com\/es\/wp-json\/wp\/v2\/media?parent=10557"}],"curies":[{"name":"wp","href":"https:\/\/api.w.org\/{rel}","templated":true}]}}