{"id":10545,"date":"2016-08-08T10:59:53","date_gmt":"2016-08-08T08:59:53","guid":{"rendered":"https:\/\/www.nooteboom.com\/?page_id=10545&#038;lang=es"},"modified":"2017-11-09T13:25:38","modified_gmt":"2017-11-09T12:25:38","slug":"productos-industriales","status":"publish","type":"page","link":"https:\/\/www.nooteboom.com\/es\/quienes-somos\/segmentos-de-mercado\/productos-industriales\/","title":{"rendered":"Productos industriales"},"content":{"rendered":"<div class=\"wpb-content-wrapper\"><p>[vc_row][vc_column][vc_column_text]El transporte de mercanc\u00edas industriales comprende una diversidad de productos. Por ejemplo, el transporte de cargas muy pesadas y altamente concentradas sobre una distancia corta, tales como un transformador o una prensa. O componentes largos y voluminosos para el sector de procesamiento, tales como envases y silos.<\/p>\n<p>Estos productos normalmente se cargan sobre el veh\u00edculo con una gr\u00faa. A veces se pueden alzar estas cargas utilizando la suspensi\u00f3n hidroneum\u00e1tica del veh\u00edculo por lo que no hay necesidad de una gr\u00faa. La inmensa variedad de cargas requiere el uso de una amplia gama de veh\u00edculos. Para el transporte de estas mercanc\u00edas normalmente se usa <a href=\"https:\/\/www.nooteboom.com\/es\/cat\/teletrailers-es\/\">TELETRAILER<\/a>, <a href=\"https:\/\/www.nooteboom.com\/es\/cat\/multitrailers-es\/\">MULTITRAILER <\/a>y <a href=\"https:\/\/www.nooteboom.com\/es\/cat\/eurotrailers-es\/\">EUROTRAILER<\/a>.[\/vc_column_text][\/vc_column][\/vc_row][vc_row][vc_column width=\u00bb1\/3&#8243;]<div class=\"vc_teaser\">\n\n\t\n\t\t<div onclick=\"window.location.href='https:\/\/www.nooteboom.com\/es\/cat\/teletrailers-es\/';\" class=\"vc_teaser__inner clickable\">\n\n\t\t\t\t\t\t\t<figure>\n\t\t\t\t\t<img\n\t\t\t\t\t\t\tsrc=\"https:\/\/www.nooteboom.com\/wp-content\/uploads\/6724-500x333.jpeg\"\n\t\t\t\t\t\t\talt=\"Productos industriales\"\n\t\t\t\t\t\t\t\t\t\t\t\t\tsrcset=\"https:\/\/www.nooteboom.com\/wp-content\/uploads\/6724-300x199.jpeg 300w,https:\/\/www.nooteboom.com\/wp-content\/uploads\/6724-768x511.jpeg 768w,https:\/\/www.nooteboom.com\/wp-content\/uploads\/6724-1024x681.jpeg 1024w\"\n\t\t\t\t\t\t\tsizes=\"(max-width: 500px) 100vw, 500px\"\n\t\t\t\t\t\t\t\t\t\t\t>\n\t\t\t\t<\/figure>\n\t\t\t\n\t\t\t\t\t\t\t<a href=\"https:\/\/www.nooteboom.com\/es\/cat\/teletrailers-es\/\" target=\"\"\n\t\t\t\t   title=\"\" class=\"button red\">\n\t\t\t\t\tTeletrailers\t\t\t\t\t<span class=\"fa fa-chevron-right\"><\/span>\n\t\t\t\t<\/a>\n\t\t\t\n\t\t<\/div>\n\n\t\n<\/div>[\/vc_column][vc_column width=\u00bb1\/3&#8243;]<div class=\"vc_teaser\">\n\n\t\n\t\t<div onclick=\"window.location.href='https:\/\/www.nooteboom.com\/es\/cat\/multitrailers-es\/';\" class=\"vc_teaser__inner clickable\">\n\n\t\t\t\t\t\t\t<figure>\n\t\t\t\t\t<img\n\t\t\t\t\t\t\tsrc=\"https:\/\/www.nooteboom.com\/wp-content\/uploads\/Nooteboom-Multi-PX-37-mercedes-8x4--500x333.jpg\"\n\t\t\t\t\t\t\talt=\"Productos industriales\"\n\t\t\t\t\t\t\t\t\t\t\t\t\tsrcset=\"https:\/\/www.nooteboom.com\/wp-content\/uploads\/Nooteboom-Multi-PX-37-mercedes-8x4--300x199.jpg 300w,https:\/\/www.nooteboom.com\/wp-content\/uploads\/Nooteboom-Multi-PX-37-mercedes-8x4--768x511.jpg 768w,https:\/\/www.nooteboom.com\/wp-content\/uploads\/Nooteboom-Multi-PX-37-mercedes-8x4--1024x681.jpg 1024w\"\n\t\t\t\t\t\t\tsizes=\"(max-width: 500px) 100vw, 500px\"\n\t\t\t\t\t\t\t\t\t\t\t>\n\t\t\t\t<\/figure>\n\t\t\t\n\t\t\t\t\t\t\t<a href=\"https:\/\/www.nooteboom.com\/es\/cat\/multitrailers-es\/\" target=\"\"\n\t\t\t\t   title=\"\" class=\"button red\">\n\t\t\t\t\tMultitrailers\t\t\t\t\t<span class=\"fa fa-chevron-right\"><\/span>\n\t\t\t\t<\/a>\n\t\t\t\n\t\t<\/div>\n\n\t\n<\/div>[\/vc_column][vc_column width=\u00bb1\/3&#8243;]<div class=\"vc_teaser\">\n\n\t\n\t\t<div onclick=\"window.location.href='https:\/\/www.nooteboom.com\/es\/cat\/eurotrailers-es\/';\" class=\"vc_teaser__inner clickable\">\n\n\t\t\t\t\t\t\t<figure>\n\t\t\t\t\t<img\n\t\t\t\t\t\t\tsrc=\"https:\/\/www.nooteboom.com\/wp-content\/uploads\/Brouwer-500x333.jpg\"\n\t\t\t\t\t\t\talt=\"Productos industriales\"\n\t\t\t\t\t\t\t\t\t\t\t\t\tsrcset=\"https:\/\/www.nooteboom.com\/wp-content\/uploads\/Brouwer-300x199.jpg 300w,https:\/\/www.nooteboom.com\/wp-content\/uploads\/Brouwer-768x511.jpg 768w,https:\/\/www.nooteboom.com\/wp-content\/uploads\/Brouwer-1024x681.jpg 1024w\"\n\t\t\t\t\t\t\tsizes=\"(max-width: 500px) 100vw, 500px\"\n\t\t\t\t\t\t\t\t\t\t\t>\n\t\t\t\t<\/figure>\n\t\t\t\n\t\t\t\t\t\t\t<a href=\"https:\/\/www.nooteboom.com\/es\/cat\/eurotrailers-es\/\" target=\"\"\n\t\t\t\t   title=\"\" class=\"button red\">\n\t\t\t\t\tEurotrailers\t\t\t\t\t<span class=\"fa fa-chevron-right\"><\/span>\n\t\t\t\t<\/a>\n\t\t\t\n\t\t<\/div>\n\n\t\n<\/div>[\/vc_column][\/vc_row][vc_row][vc_column]\t<div id=\"carousel-69d1a59dc40f1\" class=\"vc_carousel_gallery carousel centered\">\n\n\t\t<div class=\"flexslider-carousel wrapper\">\n\n\t\t\t<ul class=\"slides\">\n\t\t\t\t\t\t\t\t\t\t\t\t\t\t\t<li class=\"carousel__slide\">\n\t\t\t\t\t\t\t<img decoding=\"async\" src=\"https:\/\/www.nooteboom.com\/wp-content\/uploads\/1-DKM-157090-275x195.jpg\" alt=\"\">\n\t\t\t\t\t\t<\/li>\n\t\t\t\t\t\n\t\t\t\t\t\t\t\t\t\t\t\t\t\t\t<li class=\"carousel__slide\">\n\t\t\t\t\t\t\t<img decoding=\"async\" src=\"https:\/\/www.nooteboom.com\/wp-content\/uploads\/26-27.5.16314-275x195.jpg\" alt=\"\">\n\t\t\t\t\t\t<\/li>\n\t\t\t\t\t\n\t\t\t\t\t\t\t\t\t\t\t\t\t\t\t<li class=\"carousel__slide\">\n\t\t\t\t\t\t\t<img decoding=\"async\" src=\"\" alt=\"\">\n\t\t\t\t\t\t<\/li>\n\t\t\t\t\t\n\t\t\t\t\t\t\t\t\t\t\t\t\t\t\t<li class=\"carousel__slide\">\n\t\t\t\t\t\t\t<img decoding=\"async\" src=\"https:\/\/www.nooteboom.com\/wp-content\/uploads\/Beha\u0748ltertransport-Passau-Burghausen-15-275x195.jpg\" alt=\"\">\n\t\t\t\t\t\t<\/li>\n\t\t\t\t\t\n\t\t\t\t\t\t\t\t\t\t\t\t\t\t\t<li class=\"carousel__slide\">\n\t\t\t\t\t\t\t<img decoding=\"async\" src=\"https:\/\/www.nooteboom.com\/wp-content\/uploads\/BV-FT-2010-275x195.jpg\" alt=\"\">\n\t\t\t\t\t\t<\/li>\n\t\t\t\t\t\n\t\t\t\t\t\t\t\t\t\t\t\t\t\t\t<li class=\"carousel__slide\">\n\t\t\t\t\t\t\t<img decoding=\"async\" src=\"https:\/\/www.nooteboom.com\/wp-content\/uploads\/DSC_0879-aangepast-275x195.jpg\" alt=\"\">\n\t\t\t\t\t\t<\/li>\n\t\t\t\t\t\n\t\t\t\t\t\t\t\t\t\t\t\t\t\t\t<li class=\"carousel__slide\">\n\t\t\t\t\t\t\t<img decoding=\"async\" src=\"\" alt=\"\">\n\t\t\t\t\t\t<\/li>\n\t\t\t\t\t\n\t\t\t\t\t\t\t\t\t\t\t\t\t\t\t<li class=\"carousel__slide\">\n\t\t\t\t\t\t\t<img decoding=\"async\" src=\"https:\/\/www.nooteboom.com\/wp-content\/uploads\/DSCN7482-275x195.jpg\" alt=\"\">\n\t\t\t\t\t\t<\/li>\n\t\t\t\t\t\n\t\t\t\t\t\t\t\t\t\t\t\t\t\t\t<li class=\"carousel__slide\">\n\t\t\t\t\t\t\t<img decoding=\"async\" src=\"https:\/\/www.nooteboom.com\/wp-content\/uploads\/FOTO_01_january-275x195.jpg\" alt=\"\">\n\t\t\t\t\t\t<\/li>\n\t\t\t\t\t\n\t\t\t\t\t\t\t\t\t\t\t\t\t\t\t<li class=\"carousel__slide\">\n\t\t\t\t\t\t\t<img decoding=\"async\" src=\"https:\/\/www.nooteboom.com\/wp-content\/uploads\/FOTO_02_january-275x195.jpg\" alt=\"\">\n\t\t\t\t\t\t<\/li>\n\t\t\t\t\t\n\t\t\t\t\t\t\t\t\t\t\t\t\t\t\t<li class=\"carousel__slide\">\n\t\t\t\t\t\t\t<img decoding=\"async\" src=\"https:\/\/www.nooteboom.com\/wp-content\/uploads\/IMG_3101a-275x195.jpg\" alt=\"\">\n\t\t\t\t\t\t<\/li>\n\t\t\t\t\t\n\t\t\t\t\t\t\t\t\t\t\t\t\t\t\t<li class=\"carousel__slide\">\n\t\t\t\t\t\t\t<img decoding=\"async\" src=\"https:\/\/www.nooteboom.com\/wp-content\/uploads\/IMG_3581-275x195.jpg\" alt=\"\">\n\t\t\t\t\t\t<\/li>\n\t\t\t\t\t\n\t\t\t\t\t\t\t\t\t\t\t\t\t\t\t<li class=\"carousel__slide\">\n\t\t\t\t\t\t\t<img decoding=\"async\" src=\"https:\/\/www.nooteboom.com\/wp-content\/uploads\/industrial-goods-275x195.jpg\" alt=\"\">\n\t\t\t\t\t\t<\/li>\n\t\t\t\t\t\n\t\t\t\t\t\t\t\t\t\t\t\t\t\t\t<li class=\"carousel__slide\">\n\t\t\t\t\t\t\t<img decoding=\"async\" src=\"https:\/\/www.nooteboom.com\/wp-content\/uploads\/industrial-goods2-275x195.jpg\" alt=\"\">\n\t\t\t\t\t\t<\/li>\n\t\t\t\t\t\n\t\t\t\t\t\t\t\t\t\t\t\t\t\t\t<li class=\"carousel__slide\">\n\t\t\t\t\t\t\t<img decoding=\"async\" src=\"https:\/\/www.nooteboom.com\/wp-content\/uploads\/industrial-goods3-275x195.jpg\" alt=\"\">\n\t\t\t\t\t\t<\/li>\n\t\t\t\t\t\n\t\t\t\t\t\t\t\t\t\t\t\t\t\t\t<li class=\"carousel__slide\">\n\t\t\t\t\t\t\t<img decoding=\"async\" src=\"https:\/\/www.nooteboom.com\/wp-content\/uploads\/Mulit-PX-37_nooteboom_multipx_february-2016-1-275x195.jpg\" alt=\"\">\n\t\t\t\t\t\t<\/li>\n\t\t\t\t\t\n\t\t\t\t\t\t\t\t\t\t\t\t\t\t\t<li class=\"carousel__slide\">\n\t\t\t\t\t\t\t<img decoding=\"async\" src=\"https:\/\/www.nooteboom.com\/wp-content\/uploads\/Nooteboom-LR-13-275x195.jpg\" alt=\"\">\n\t\t\t\t\t\t<\/li>\n\t\t\t\t\t\n\t\t\t\t\t\t\t\t\t\t\t\t\t\t\t<li class=\"carousel__slide\">\n\t\t\t\t\t\t\t<img decoding=\"async\" src=\"https:\/\/www.nooteboom.com\/wp-content\/uploads\/Nooteboom-MULTI_PX-BOLK_IMG_4887-275x195.jpg\" alt=\"\">\n\t\t\t\t\t\t<\/li>\n\t\t\t\t\t\n\t\t\t\t\t\t\t\t\t\t\t\t\t\t\t<li class=\"carousel__slide\">\n\t\t\t\t\t\t\t<img decoding=\"async\" src=\"https:\/\/www.nooteboom.com\/wp-content\/uploads\/Nooteboom-Multi-PX-37-mercedes-8x4-Ocotber-2016-1-275x195.jpg\" alt=\"\">\n\t\t\t\t\t\t<\/li>\n\t\t\t\t\t\n\t\t\t\t\t\t\t\t\t\t\t\t\t\t\t<li class=\"carousel__slide\">\n\t\t\t\t\t\t\t<img decoding=\"async\" src=\"https:\/\/www.nooteboom.com\/wp-content\/uploads\/Nooteboom_Foto2a-1-275x195.jpg\" alt=\"\">\n\t\t\t\t\t\t<\/li>\n\t\t\t\t\t\n\t\t\t\t\t\t\t\t\t\t\t\t\t\t\t<li class=\"carousel__slide\">\n\t\t\t\t\t\t\t<img decoding=\"async\" src=\"https:\/\/www.nooteboom.com\/wp-content\/uploads\/Saavedra-275x195.jpg\" alt=\"\">\n\t\t\t\t\t\t<\/li>\n\t\t\t\t\t\n\t\t\t\t\t\t\t<\/ul>\n\n\t\t<\/div>\n\n\t<\/div>\n\n\t<script type=\"text\/javascript\">\n\t\tjQuery( document ).ready( function( $ ) {\n\n\t\t\t$( '#carousel-69d1a59dc40f1 div.flexslider-carousel' ).flexslider( {\n\t\t\t\tanimation: 'slide',\n\t\t\t\tanimationLoop: false,\n\t\t\t\titemWidth: 275,\n\t\t\t\titemMargin: 0,\n\t\t\t\tminItems: 1,\n\t\t\t\tmaxItems: 4,\n\t\t\t\tmove: 1,\n\t\t\t\tdirectionNav: true,\n\t\t\t\tcontrolNav: false\n\t\t\t} );\n\n\t\t\t$( '#carousel-69d1a59dc40f1 .carousel__prev' ).on( 'click', function( event ) {\n\n\t\t\t\tevent.preventDefault();\n\t\t\t\t$( '#carousel-69d1a59dc40f1 div.flexslider-carousel' ).flexslider( 'prev' )\n\n\t\t\t} );\n\n\t\t\t$( '#carousel-69d1a59dc40f1 .carousel__next' ).on( 'click', function( event ) {\n\n\t\t\t\tevent.preventDefault();\n\t\t\t\t$( '#carousel-69d1a59dc40f1 div.flexslider-carousel' ).flexslider( 'next' )\n\n\t\t\t} );\n\n\t\t} );\n\t<\/script>\n\n[\/vc_column][\/vc_row]<\/p>\n<\/div>","protected":false},"excerpt":{"rendered":"[vc_row][vc_column][vc_column_text]El transporte de mercanc\u00edas industriales comprende una diversidad de productos. Por ejemplo, el transporte de cargas muy pesadas y altamente&#8230;","protected":false},"author":45,"featured_media":7042,"parent":10537,"menu_order":0,"comment_status":"closed","ping_status":"closed","template":"","meta":{"_acf_changed":false,"inline_featured_image":false,"footnotes":""},"class_list":["post-10545","page","type-page","status-publish","has-post-thumbnail","hentry"],"acf":[],"yoast_head":"<!-- This site is optimized with the Yoast SEO Premium plugin v25.7.1 (Yoast SEO v25.7) - https:\/\/yoast.com\/wordpress\/plugins\/seo\/ -->\n<title>Productos industriales | Nooteboom Trailers<\/title>\n<meta name=\"description\" content=\"El transporte de mercanc\u00edas industriales comprende una diversidad de productos. Por ejemplo, el transporte de cargas muy pesadas y altamente...\" \/>\n<meta name=\"robots\" content=\"index, follow, max-snippet:-1, max-image-preview:large, max-video-preview:-1\" \/>\n<link rel=\"canonical\" href=\"https:\/\/www.nooteboom.com\/es\/quienes-somos\/segmentos-de-mercado\/productos-industriales\/\" \/>\n<meta property=\"og:locale\" content=\"es_ES\" \/>\n<meta property=\"og:type\" content=\"article\" \/>\n<meta property=\"og:title\" content=\"Productos industriales\" \/>\n<meta property=\"og:description\" content=\"El transporte de mercanc\u00edas industriales comprende una diversidad de productos. Por ejemplo, el transporte de cargas muy pesadas y altamente...\" \/>\n<meta property=\"og:url\" content=\"https:\/\/www.nooteboom.com\/es\/quienes-somos\/segmentos-de-mercado\/productos-industriales\/\" \/>\n<meta property=\"og:site_name\" content=\"Nooteboom Trailers\" \/>\n<meta property=\"article:publisher\" content=\"https:\/\/nl-nl.facebook.com\/nooteboomtrailers\/\" \/>\n<meta property=\"article:modified_time\" content=\"2017-11-09T12:25:38+00:00\" \/>\n<meta property=\"og:image\" content=\"https:\/\/www.nooteboom.com\/wp-content\/uploads\/shutterstock_93338584.jpg\" \/>\n\t<meta property=\"og:image:width\" content=\"2500\" \/>\n\t<meta property=\"og:image:height\" content=\"1951\" \/>\n\t<meta property=\"og:image:type\" content=\"image\/jpeg\" \/>\n<meta name=\"twitter:card\" content=\"summary_large_image\" \/>\n<meta name=\"twitter:label1\" content=\"Tiempo de lectura\" \/>\n\t<meta name=\"twitter:data1\" content=\"1 minuto\" \/>\n<script type=\"application\/ld+json\" class=\"yoast-schema-graph\">{\"@context\":\"https:\/\/schema.org\",\"@graph\":[{\"@type\":\"WebPage\",\"@id\":\"https:\/\/www.nooteboom.com\/es\/quienes-somos\/segmentos-de-mercado\/productos-industriales\/\",\"url\":\"https:\/\/www.nooteboom.com\/es\/quienes-somos\/segmentos-de-mercado\/productos-industriales\/\",\"name\":\"Productos industriales | Nooteboom Trailers\",\"isPartOf\":{\"@id\":\"https:\/\/www.nooteboom.com\/es\/#website\"},\"primaryImageOfPage\":{\"@id\":\"https:\/\/www.nooteboom.com\/es\/quienes-somos\/segmentos-de-mercado\/productos-industriales\/#primaryimage\"},\"image\":{\"@id\":\"https:\/\/www.nooteboom.com\/es\/quienes-somos\/segmentos-de-mercado\/productos-industriales\/#primaryimage\"},\"thumbnailUrl\":\"https:\/\/www.nooteboom.com\/wp-content\/uploads\/shutterstock_93338584.jpg\",\"datePublished\":\"2016-08-08T08:59:53+00:00\",\"dateModified\":\"2017-11-09T12:25:38+00:00\",\"description\":\"El transporte de mercanc\u00edas industriales comprende una diversidad de productos. Por ejemplo, el transporte de cargas muy pesadas y altamente...\",\"breadcrumb\":{\"@id\":\"https:\/\/www.nooteboom.com\/es\/quienes-somos\/segmentos-de-mercado\/productos-industriales\/#breadcrumb\"},\"inLanguage\":\"es\",\"potentialAction\":[{\"@type\":\"ReadAction\",\"target\":[\"https:\/\/www.nooteboom.com\/es\/quienes-somos\/segmentos-de-mercado\/productos-industriales\/\"]}]},{\"@type\":\"ImageObject\",\"inLanguage\":\"es\",\"@id\":\"https:\/\/www.nooteboom.com\/es\/quienes-somos\/segmentos-de-mercado\/productos-industriales\/#primaryimage\",\"url\":\"https:\/\/www.nooteboom.com\/wp-content\/uploads\/shutterstock_93338584.jpg\",\"contentUrl\":\"https:\/\/www.nooteboom.com\/wp-content\/uploads\/shutterstock_93338584.jpg\",\"width\":2500,\"height\":1951,\"caption\":\"Productos industriales\"},{\"@type\":\"BreadcrumbList\",\"@id\":\"https:\/\/www.nooteboom.com\/es\/quienes-somos\/segmentos-de-mercado\/productos-industriales\/#breadcrumb\",\"itemListElement\":[{\"@type\":\"ListItem\",\"position\":1,\"name\":\"Home\",\"item\":\"https:\/\/www.nooteboom.com\/es\/\"},{\"@type\":\"ListItem\",\"position\":2,\"name\":\"Quienes somos\",\"item\":\"https:\/\/www.nooteboom.com\/es\/quienes-somos\/\"},{\"@type\":\"ListItem\",\"position\":3,\"name\":\"Segmentos de mercado\",\"item\":\"https:\/\/www.nooteboom.com\/es\/quienes-somos\/segmentos-de-mercado\/\"},{\"@type\":\"ListItem\",\"position\":4,\"name\":\"Productos industriales\"}]},{\"@type\":\"WebSite\",\"@id\":\"https:\/\/www.nooteboom.com\/es\/#website\",\"url\":\"https:\/\/www.nooteboom.com\/es\/\",\"name\":\"Nooteboom Trailers\",\"description\":\"Gets you there.\",\"publisher\":{\"@id\":\"https:\/\/www.nooteboom.com\/es\/#organization\"},\"potentialAction\":[{\"@type\":\"SearchAction\",\"target\":{\"@type\":\"EntryPoint\",\"urlTemplate\":\"https:\/\/www.nooteboom.com\/es\/?s={search_term_string}\"},\"query-input\":{\"@type\":\"PropertyValueSpecification\",\"valueRequired\":true,\"valueName\":\"search_term_string\"}}],\"inLanguage\":\"es\"},{\"@type\":\"Organization\",\"@id\":\"https:\/\/www.nooteboom.com\/es\/#organization\",\"name\":\"Nooteboom Trailers\",\"url\":\"https:\/\/www.nooteboom.com\/es\/\",\"logo\":{\"@type\":\"ImageObject\",\"inLanguage\":\"es\",\"@id\":\"https:\/\/www.nooteboom.com\/es\/#\/schema\/logo\/image\/\",\"url\":\"https:\/\/www.nooteboom.com\/wp-content\/uploads\/logo.png\",\"contentUrl\":\"https:\/\/www.nooteboom.com\/wp-content\/uploads\/logo.png\",\"width\":111,\"height\":66,\"caption\":\"Nooteboom Trailers\"},\"image\":{\"@id\":\"https:\/\/www.nooteboom.com\/es\/#\/schema\/logo\/image\/\"},\"sameAs\":[\"https:\/\/nl-nl.facebook.com\/nooteboomtrailers\/\",\"https:\/\/nl.linkedin.com\/company\/nooteboom-trailers\",\"https:\/\/www.youtube.com\/user\/Nooteboomtrailers\"]}]}<\/script>\n<!-- \/ Yoast SEO Premium plugin. -->","yoast_head_json":{"title":"Productos industriales | Nooteboom Trailers","description":"El transporte de mercanc\u00edas industriales comprende una diversidad de productos. Por ejemplo, el transporte de cargas muy pesadas y altamente...","robots":{"index":"index","follow":"follow","max-snippet":"max-snippet:-1","max-image-preview":"max-image-preview:large","max-video-preview":"max-video-preview:-1"},"canonical":"https:\/\/www.nooteboom.com\/es\/quienes-somos\/segmentos-de-mercado\/productos-industriales\/","og_locale":"es_ES","og_type":"article","og_title":"Productos industriales","og_description":"El transporte de mercanc\u00edas industriales comprende una diversidad de productos. Por ejemplo, el transporte de cargas muy pesadas y altamente...","og_url":"https:\/\/www.nooteboom.com\/es\/quienes-somos\/segmentos-de-mercado\/productos-industriales\/","og_site_name":"Nooteboom Trailers","article_publisher":"https:\/\/nl-nl.facebook.com\/nooteboomtrailers\/","article_modified_time":"2017-11-09T12:25:38+00:00","og_image":[{"width":2500,"height":1951,"url":"https:\/\/www.nooteboom.com\/wp-content\/uploads\/shutterstock_93338584.jpg","type":"image\/jpeg"}],"twitter_card":"summary_large_image","twitter_misc":{"Tiempo de lectura":"1 minuto"},"schema":{"@context":"https:\/\/schema.org","@graph":[{"@type":"WebPage","@id":"https:\/\/www.nooteboom.com\/es\/quienes-somos\/segmentos-de-mercado\/productos-industriales\/","url":"https:\/\/www.nooteboom.com\/es\/quienes-somos\/segmentos-de-mercado\/productos-industriales\/","name":"Productos industriales | Nooteboom Trailers","isPartOf":{"@id":"https:\/\/www.nooteboom.com\/es\/#website"},"primaryImageOfPage":{"@id":"https:\/\/www.nooteboom.com\/es\/quienes-somos\/segmentos-de-mercado\/productos-industriales\/#primaryimage"},"image":{"@id":"https:\/\/www.nooteboom.com\/es\/quienes-somos\/segmentos-de-mercado\/productos-industriales\/#primaryimage"},"thumbnailUrl":"https:\/\/www.nooteboom.com\/wp-content\/uploads\/shutterstock_93338584.jpg","datePublished":"2016-08-08T08:59:53+00:00","dateModified":"2017-11-09T12:25:38+00:00","description":"El transporte de mercanc\u00edas industriales comprende una diversidad de productos. Por ejemplo, el transporte de cargas muy pesadas y altamente...","breadcrumb":{"@id":"https:\/\/www.nooteboom.com\/es\/quienes-somos\/segmentos-de-mercado\/productos-industriales\/#breadcrumb"},"inLanguage":"es","potentialAction":[{"@type":"ReadAction","target":["https:\/\/www.nooteboom.com\/es\/quienes-somos\/segmentos-de-mercado\/productos-industriales\/"]}]},{"@type":"ImageObject","inLanguage":"es","@id":"https:\/\/www.nooteboom.com\/es\/quienes-somos\/segmentos-de-mercado\/productos-industriales\/#primaryimage","url":"https:\/\/www.nooteboom.com\/wp-content\/uploads\/shutterstock_93338584.jpg","contentUrl":"https:\/\/www.nooteboom.com\/wp-content\/uploads\/shutterstock_93338584.jpg","width":2500,"height":1951,"caption":"Productos industriales"},{"@type":"BreadcrumbList","@id":"https:\/\/www.nooteboom.com\/es\/quienes-somos\/segmentos-de-mercado\/productos-industriales\/#breadcrumb","itemListElement":[{"@type":"ListItem","position":1,"name":"Home","item":"https:\/\/www.nooteboom.com\/es\/"},{"@type":"ListItem","position":2,"name":"Quienes somos","item":"https:\/\/www.nooteboom.com\/es\/quienes-somos\/"},{"@type":"ListItem","position":3,"name":"Segmentos de mercado","item":"https:\/\/www.nooteboom.com\/es\/quienes-somos\/segmentos-de-mercado\/"},{"@type":"ListItem","position":4,"name":"Productos industriales"}]},{"@type":"WebSite","@id":"https:\/\/www.nooteboom.com\/es\/#website","url":"https:\/\/www.nooteboom.com\/es\/","name":"Nooteboom Trailers","description":"Gets you there.","publisher":{"@id":"https:\/\/www.nooteboom.com\/es\/#organization"},"potentialAction":[{"@type":"SearchAction","target":{"@type":"EntryPoint","urlTemplate":"https:\/\/www.nooteboom.com\/es\/?s={search_term_string}"},"query-input":{"@type":"PropertyValueSpecification","valueRequired":true,"valueName":"search_term_string"}}],"inLanguage":"es"},{"@type":"Organization","@id":"https:\/\/www.nooteboom.com\/es\/#organization","name":"Nooteboom Trailers","url":"https:\/\/www.nooteboom.com\/es\/","logo":{"@type":"ImageObject","inLanguage":"es","@id":"https:\/\/www.nooteboom.com\/es\/#\/schema\/logo\/image\/","url":"https:\/\/www.nooteboom.com\/wp-content\/uploads\/logo.png","contentUrl":"https:\/\/www.nooteboom.com\/wp-content\/uploads\/logo.png","width":111,"height":66,"caption":"Nooteboom Trailers"},"image":{"@id":"https:\/\/www.nooteboom.com\/es\/#\/schema\/logo\/image\/"},"sameAs":["https:\/\/nl-nl.facebook.com\/nooteboomtrailers\/","https:\/\/nl.linkedin.com\/company\/nooteboom-trailers","https:\/\/www.youtube.com\/user\/Nooteboomtrailers"]}]}},"_links":{"self":[{"href":"https:\/\/www.nooteboom.com\/es\/wp-json\/wp\/v2\/pages\/10545","targetHints":{"allow":["GET"]}}],"collection":[{"href":"https:\/\/www.nooteboom.com\/es\/wp-json\/wp\/v2\/pages"}],"about":[{"href":"https:\/\/www.nooteboom.com\/es\/wp-json\/wp\/v2\/types\/page"}],"author":[{"embeddable":true,"href":"https:\/\/www.nooteboom.com\/es\/wp-json\/wp\/v2\/users\/45"}],"replies":[{"embeddable":true,"href":"https:\/\/www.nooteboom.com\/es\/wp-json\/wp\/v2\/comments?post=10545"}],"version-history":[{"count":6,"href":"https:\/\/www.nooteboom.com\/es\/wp-json\/wp\/v2\/pages\/10545\/revisions"}],"predecessor-version":[{"id":12299,"href":"https:\/\/www.nooteboom.com\/es\/wp-json\/wp\/v2\/pages\/10545\/revisions\/12299"}],"up":[{"embeddable":true,"href":"https:\/\/www.nooteboom.com\/es\/wp-json\/wp\/v2\/pages\/10537"}],"wp:featuredmedia":[{"embeddable":true,"href":"https:\/\/www.nooteboom.com\/es\/wp-json\/wp\/v2\/media\/7042"}],"wp:attachment":[{"href":"https:\/\/www.nooteboom.com\/es\/wp-json\/wp\/v2\/media?parent=10545"}],"curies":[{"name":"wp","href":"https:\/\/api.w.org\/{rel}","templated":true}]}}