{"id":10539,"date":"2016-08-08T10:57:36","date_gmt":"2016-08-08T08:57:36","guid":{"rendered":"https:\/\/www.nooteboom.com\/?page_id=10539&#038;lang=es"},"modified":"2017-11-09T13:22:55","modified_gmt":"2017-11-09T12:22:55","slug":"plataformas-de-acceso-y-manipuladoras-telescopicas","status":"publish","type":"page","link":"https:\/\/www.nooteboom.com\/es\/quienes-somos\/segmentos-de-mercado\/plataformas-de-acceso-y-manipuladoras-telescopicas\/","title":{"rendered":"Plataformas de acceso y manipuladoras telesc\u00f3picas"},"content":{"rendered":"<div class=\"wpb-content-wrapper\"><p>[vc_row][vc_column][vc_column_text]Nooteboom trabaja junto con fabricantes y operadores de transporte de plataformas de acceso y manipuladoras telesc\u00f3picas. Nooteboom ha desarrollado un programa de veh\u00edculo especial para ellos que cumple con todos los requisitos y necesidades espec\u00edficas en este segmento.<\/p>\n<p>Por ejemplo, la cama tiene un alta resistencia contra pesos puntiagudos y est\u00e1 equipada con equipos de agarre extra. Un mayor n\u00famero de sistemas de amarre con certificaci\u00f3n T\u00dcV tambi\u00e9n permiten que varias m\u00e1quinas m\u00e1s peque\u00f1as se puedan transportar con seguridad, de acuerdo a las \u00faltimas directrices. Con unas rampas hidr\u00e1ulicas extralargas, que tienen un peque\u00f1o \u00e1ngulo de inclinaci\u00f3n y puntas extrapuntiagudas en la rampa, se puede cargar\/descargar r\u00e1pidamente y con seguridad cualquier tipo de maquinaria. Las rampas hidr\u00e1ulicas de acceso al cuello opcionales hacen posible colocar f\u00e1cilmente las m\u00e1quinas sobre el cuello de cisne. Para el transporte de plataformas de acceso y manipuladoras telesc\u00f3picas normalmente se usa el <a href=\"https:\/\/www.nooteboom.com\/es\/cat\/multitrailers-es\/\">MULTITRAILER<\/a>.[\/vc_column_text][\/vc_column][\/vc_row][vc_row][vc_column width=\u00bb1\/3&#8243;]<div class=\"vc_teaser\">\n\n\t\n\t\t<div onclick=\"window.location.href='https:\/\/www.nooteboom.com\/es\/cat\/multitrailers-es\/';\" class=\"vc_teaser__inner clickable\">\n\n\t\t\t\t\t\t\t<figure>\n\t\t\t\t\t<img\n\t\t\t\t\t\t\tsrc=\"https:\/\/www.nooteboom.com\/wp-content\/uploads\/Nooteboom-mcos-semi-low-loader-500x333.jpg\"\n\t\t\t\t\t\t\talt=\"Plataformas de acceso y manipuladoras telesc\u00f3picas\"\n\t\t\t\t\t\t\t\t\t\t\t\t\tsrcset=\"https:\/\/www.nooteboom.com\/wp-content\/uploads\/Nooteboom-mcos-semi-low-loader-300x199.jpg 300w,https:\/\/www.nooteboom.com\/wp-content\/uploads\/Nooteboom-mcos-semi-low-loader-768x511.jpg 768w,https:\/\/www.nooteboom.com\/wp-content\/uploads\/Nooteboom-mcos-semi-low-loader-1024x681.jpg 1024w\"\n\t\t\t\t\t\t\tsizes=\"(max-width: 500px) 100vw, 500px\"\n\t\t\t\t\t\t\t\t\t\t\t>\n\t\t\t\t<\/figure>\n\t\t\t\n\t\t\t\t\t\t\t<a href=\"https:\/\/www.nooteboom.com\/es\/cat\/multitrailers-es\/\" target=\"\"\n\t\t\t\t   title=\"\" class=\"button red\">\n\t\t\t\t\tMultitrailers\t\t\t\t\t<span class=\"fa fa-chevron-right\"><\/span>\n\t\t\t\t<\/a>\n\t\t\t\n\t\t<\/div>\n\n\t\n<\/div>[\/vc_column][vc_column width=\u00bb1\/3&#8243;][\/vc_column][vc_column width=\u00bb1\/3&#8243;][\/vc_column][\/vc_row][vc_row][vc_column]\t<div id=\"carousel-69f3b9efc764d\" class=\"vc_carousel_gallery carousel centered\">\n\n\t\t<div class=\"flexslider-carousel wrapper\">\n\n\t\t\t<ul class=\"slides\">\n\t\t\t\t\t\t\t\t\t\t\t\t\t\t\t<li class=\"carousel__slide\">\n\t\t\t\t\t\t\t<img decoding=\"async\" src=\"\" alt=\"\">\n\t\t\t\t\t\t<\/li>\n\t\t\t\t\t\n\t\t\t\t\t\t\t\t\t\t\t\t\t\t\t<li class=\"carousel__slide\">\n\t\t\t\t\t\t\t<img decoding=\"async\" src=\"https:\/\/www.nooteboom.com\/wp-content\/uploads\/access_platforms-275x195.jpg\" alt=\"\">\n\t\t\t\t\t\t<\/li>\n\t\t\t\t\t\n\t\t\t\t\t\t\t\t\t\t\t\t\t\t\t<li class=\"carousel__slide\">\n\t\t\t\t\t\t\t<img decoding=\"async\" src=\"https:\/\/www.nooteboom.com\/wp-content\/uploads\/BE1006574-275x195.jpg\" alt=\"\">\n\t\t\t\t\t\t<\/li>\n\t\t\t\t\t\n\t\t\t\t\t\t\t\t\t\t\t\t\t\t\t<li class=\"carousel__slide\">\n\t\t\t\t\t\t\t<img decoding=\"async\" src=\"https:\/\/www.nooteboom.com\/wp-content\/uploads\/BZ-LH-49091-275x195.jpg\" alt=\"\">\n\t\t\t\t\t\t<\/li>\n\t\t\t\t\t\n\t\t\t\t\t\t\t\t\t\t\t\t\t\t\t<li class=\"carousel__slide\">\n\t\t\t\t\t\t\t<img decoding=\"async\" src=\"https:\/\/www.nooteboom.com\/wp-content\/uploads\/DSC_5609-275x195.jpg\" alt=\"\">\n\t\t\t\t\t\t<\/li>\n\t\t\t\t\t\n\t\t\t\t\t\t\t\t\t\t\t\t\t\t\t<li class=\"carousel__slide\">\n\t\t\t\t\t\t\t<img decoding=\"async\" src=\"https:\/\/www.nooteboom.com\/wp-content\/uploads\/DSCN0226-275x195.jpg\" alt=\"\">\n\t\t\t\t\t\t<\/li>\n\t\t\t\t\t\n\t\t\t\t\t\t\t\t\t\t\t\t\t\t\t<li class=\"carousel__slide\">\n\t\t\t\t\t\t\t<img decoding=\"async\" src=\"https:\/\/www.nooteboom.com\/wp-content\/uploads\/foto5israel-275x195.jpg\" alt=\"\">\n\t\t\t\t\t\t<\/li>\n\t\t\t\t\t\n\t\t\t\t\t\t\t\t\t\t\t\t\t\t\t<li class=\"carousel__slide\">\n\t\t\t\t\t\t\t<img decoding=\"async\" src=\"https:\/\/www.nooteboom.com\/wp-content\/uploads\/KH-8173116-275x195.jpg\" alt=\"\">\n\t\t\t\t\t\t<\/li>\n\t\t\t\t\t\n\t\t\t\t\t\t\t\t\t\t\t\t\t\t\t<li class=\"carousel__slide\">\n\t\t\t\t\t\t\t<img decoding=\"async\" src=\"https:\/\/www.nooteboom.com\/wp-content\/uploads\/Nooteboom-OSD-hebebuhne-semi-275x195.jpg\" alt=\"\">\n\t\t\t\t\t\t<\/li>\n\t\t\t\t\t\n\t\t\t\t\t\t\t<\/ul>\n\n\t\t<\/div>\n\n\t<\/div>\n\n\t<script type=\"text\/javascript\">\n\t\tjQuery( document ).ready( function( $ ) {\n\n\t\t\t$( '#carousel-69f3b9efc764d div.flexslider-carousel' ).flexslider( {\n\t\t\t\tanimation: 'slide',\n\t\t\t\tanimationLoop: false,\n\t\t\t\titemWidth: 275,\n\t\t\t\titemMargin: 0,\n\t\t\t\tminItems: 1,\n\t\t\t\tmaxItems: 4,\n\t\t\t\tmove: 1,\n\t\t\t\tdirectionNav: true,\n\t\t\t\tcontrolNav: false\n\t\t\t} );\n\n\t\t\t$( '#carousel-69f3b9efc764d .carousel__prev' ).on( 'click', function( event ) {\n\n\t\t\t\tevent.preventDefault();\n\t\t\t\t$( '#carousel-69f3b9efc764d div.flexslider-carousel' ).flexslider( 'prev' )\n\n\t\t\t} );\n\n\t\t\t$( '#carousel-69f3b9efc764d .carousel__next' ).on( 'click', function( event ) {\n\n\t\t\t\tevent.preventDefault();\n\t\t\t\t$( '#carousel-69f3b9efc764d div.flexslider-carousel' ).flexslider( 'next' )\n\n\t\t\t} );\n\n\t\t} );\n\t<\/script>\n\n[\/vc_column][\/vc_row]<\/p>\n<\/div>","protected":false},"excerpt":{"rendered":"[vc_row][vc_column][vc_column_text]Nooteboom trabaja junto con fabricantes y operadores de transporte de plataformas de acceso y manipuladoras telesc\u00f3picas. Nooteboom ha desarrollado un&#8230;","protected":false},"author":45,"featured_media":7062,"parent":10537,"menu_order":0,"comment_status":"closed","ping_status":"closed","template":"","meta":{"_acf_changed":false,"inline_featured_image":false,"footnotes":""},"class_list":["post-10539","page","type-page","status-publish","has-post-thumbnail","hentry"],"acf":[],"yoast_head":"<!-- This site is optimized with the Yoast SEO Premium plugin v25.7.1 (Yoast SEO v25.7) - https:\/\/yoast.com\/wordpress\/plugins\/seo\/ -->\n<title>Plataformas de acceso y manipuladoras telesc\u00f3picas | Nooteboom Trailers<\/title>\n<meta name=\"description\" content=\"Nooteboom trabaja junto con fabricantes y operadores de transporte de plataformas de acceso y manipuladoras telesc\u00f3picas.\" \/>\n<meta name=\"robots\" content=\"index, follow, max-snippet:-1, max-image-preview:large, max-video-preview:-1\" \/>\n<link rel=\"canonical\" href=\"https:\/\/www.nooteboom.com\/es\/quienes-somos\/segmentos-de-mercado\/plataformas-de-acceso-y-manipuladoras-telescopicas\/\" \/>\n<meta property=\"og:locale\" content=\"es_ES\" \/>\n<meta property=\"og:type\" content=\"article\" \/>\n<meta property=\"og:title\" content=\"Plataformas de acceso y manipuladoras telesc\u00f3picas\" \/>\n<meta property=\"og:description\" content=\"Nooteboom trabaja junto con fabricantes y operadores de transporte de plataformas de acceso y manipuladoras telesc\u00f3picas.\" \/>\n<meta property=\"og:url\" content=\"https:\/\/www.nooteboom.com\/es\/quienes-somos\/segmentos-de-mercado\/plataformas-de-acceso-y-manipuladoras-telescopicas\/\" \/>\n<meta property=\"og:site_name\" content=\"Nooteboom Trailers\" \/>\n<meta property=\"article:publisher\" content=\"https:\/\/nl-nl.facebook.com\/nooteboomtrailers\/\" \/>\n<meta property=\"article:modified_time\" content=\"2017-11-09T12:22:55+00:00\" \/>\n<meta property=\"og:image\" content=\"https:\/\/www.nooteboom.com\/wp-content\/uploads\/shutterstock_389476762.jpg\" \/>\n\t<meta property=\"og:image:width\" content=\"2500\" \/>\n\t<meta property=\"og:image:height\" content=\"1667\" \/>\n\t<meta property=\"og:image:type\" content=\"image\/jpeg\" \/>\n<meta name=\"twitter:card\" content=\"summary_large_image\" \/>\n<meta name=\"twitter:label1\" content=\"Tiempo de lectura\" \/>\n\t<meta name=\"twitter:data1\" content=\"1 minuto\" \/>\n<script type=\"application\/ld+json\" class=\"yoast-schema-graph\">{\"@context\":\"https:\/\/schema.org\",\"@graph\":[{\"@type\":\"WebPage\",\"@id\":\"https:\/\/www.nooteboom.com\/es\/quienes-somos\/segmentos-de-mercado\/plataformas-de-acceso-y-manipuladoras-telescopicas\/\",\"url\":\"https:\/\/www.nooteboom.com\/es\/quienes-somos\/segmentos-de-mercado\/plataformas-de-acceso-y-manipuladoras-telescopicas\/\",\"name\":\"Plataformas de acceso y manipuladoras telesc\u00f3picas | Nooteboom Trailers\",\"isPartOf\":{\"@id\":\"https:\/\/www.nooteboom.com\/es\/#website\"},\"primaryImageOfPage\":{\"@id\":\"https:\/\/www.nooteboom.com\/es\/quienes-somos\/segmentos-de-mercado\/plataformas-de-acceso-y-manipuladoras-telescopicas\/#primaryimage\"},\"image\":{\"@id\":\"https:\/\/www.nooteboom.com\/es\/quienes-somos\/segmentos-de-mercado\/plataformas-de-acceso-y-manipuladoras-telescopicas\/#primaryimage\"},\"thumbnailUrl\":\"https:\/\/www.nooteboom.com\/wp-content\/uploads\/shutterstock_389476762.jpg\",\"datePublished\":\"2016-08-08T08:57:36+00:00\",\"dateModified\":\"2017-11-09T12:22:55+00:00\",\"description\":\"Nooteboom trabaja junto con fabricantes y operadores de transporte de plataformas de acceso y manipuladoras telesc\u00f3picas.\",\"breadcrumb\":{\"@id\":\"https:\/\/www.nooteboom.com\/es\/quienes-somos\/segmentos-de-mercado\/plataformas-de-acceso-y-manipuladoras-telescopicas\/#breadcrumb\"},\"inLanguage\":\"es\",\"potentialAction\":[{\"@type\":\"ReadAction\",\"target\":[\"https:\/\/www.nooteboom.com\/es\/quienes-somos\/segmentos-de-mercado\/plataformas-de-acceso-y-manipuladoras-telescopicas\/\"]}]},{\"@type\":\"ImageObject\",\"inLanguage\":\"es\",\"@id\":\"https:\/\/www.nooteboom.com\/es\/quienes-somos\/segmentos-de-mercado\/plataformas-de-acceso-y-manipuladoras-telescopicas\/#primaryimage\",\"url\":\"https:\/\/www.nooteboom.com\/wp-content\/uploads\/shutterstock_389476762.jpg\",\"contentUrl\":\"https:\/\/www.nooteboom.com\/wp-content\/uploads\/shutterstock_389476762.jpg\",\"width\":2500,\"height\":1667,\"caption\":\"Plataformas de acceso\"},{\"@type\":\"BreadcrumbList\",\"@id\":\"https:\/\/www.nooteboom.com\/es\/quienes-somos\/segmentos-de-mercado\/plataformas-de-acceso-y-manipuladoras-telescopicas\/#breadcrumb\",\"itemListElement\":[{\"@type\":\"ListItem\",\"position\":1,\"name\":\"Home\",\"item\":\"https:\/\/www.nooteboom.com\/es\/\"},{\"@type\":\"ListItem\",\"position\":2,\"name\":\"Quienes somos\",\"item\":\"https:\/\/www.nooteboom.com\/es\/quienes-somos\/\"},{\"@type\":\"ListItem\",\"position\":3,\"name\":\"Segmentos de mercado\",\"item\":\"https:\/\/www.nooteboom.com\/es\/quienes-somos\/segmentos-de-mercado\/\"},{\"@type\":\"ListItem\",\"position\":4,\"name\":\"Plataformas de acceso y manipuladoras telesc\u00f3picas\"}]},{\"@type\":\"WebSite\",\"@id\":\"https:\/\/www.nooteboom.com\/es\/#website\",\"url\":\"https:\/\/www.nooteboom.com\/es\/\",\"name\":\"Nooteboom Trailers\",\"description\":\"Gets you there.\",\"publisher\":{\"@id\":\"https:\/\/www.nooteboom.com\/es\/#organization\"},\"potentialAction\":[{\"@type\":\"SearchAction\",\"target\":{\"@type\":\"EntryPoint\",\"urlTemplate\":\"https:\/\/www.nooteboom.com\/es\/?s={search_term_string}\"},\"query-input\":{\"@type\":\"PropertyValueSpecification\",\"valueRequired\":true,\"valueName\":\"search_term_string\"}}],\"inLanguage\":\"es\"},{\"@type\":\"Organization\",\"@id\":\"https:\/\/www.nooteboom.com\/es\/#organization\",\"name\":\"Nooteboom Trailers\",\"url\":\"https:\/\/www.nooteboom.com\/es\/\",\"logo\":{\"@type\":\"ImageObject\",\"inLanguage\":\"es\",\"@id\":\"https:\/\/www.nooteboom.com\/es\/#\/schema\/logo\/image\/\",\"url\":\"https:\/\/www.nooteboom.com\/wp-content\/uploads\/logo.png\",\"contentUrl\":\"https:\/\/www.nooteboom.com\/wp-content\/uploads\/logo.png\",\"width\":111,\"height\":66,\"caption\":\"Nooteboom Trailers\"},\"image\":{\"@id\":\"https:\/\/www.nooteboom.com\/es\/#\/schema\/logo\/image\/\"},\"sameAs\":[\"https:\/\/nl-nl.facebook.com\/nooteboomtrailers\/\",\"https:\/\/nl.linkedin.com\/company\/nooteboom-trailers\",\"https:\/\/www.youtube.com\/user\/Nooteboomtrailers\"]}]}<\/script>\n<!-- \/ Yoast SEO Premium plugin. -->","yoast_head_json":{"title":"Plataformas de acceso y manipuladoras telesc\u00f3picas | Nooteboom Trailers","description":"Nooteboom trabaja junto con fabricantes y operadores de transporte de plataformas de acceso y manipuladoras telesc\u00f3picas.","robots":{"index":"index","follow":"follow","max-snippet":"max-snippet:-1","max-image-preview":"max-image-preview:large","max-video-preview":"max-video-preview:-1"},"canonical":"https:\/\/www.nooteboom.com\/es\/quienes-somos\/segmentos-de-mercado\/plataformas-de-acceso-y-manipuladoras-telescopicas\/","og_locale":"es_ES","og_type":"article","og_title":"Plataformas de acceso y manipuladoras telesc\u00f3picas","og_description":"Nooteboom trabaja junto con fabricantes y operadores de transporte de plataformas de acceso y manipuladoras telesc\u00f3picas.","og_url":"https:\/\/www.nooteboom.com\/es\/quienes-somos\/segmentos-de-mercado\/plataformas-de-acceso-y-manipuladoras-telescopicas\/","og_site_name":"Nooteboom Trailers","article_publisher":"https:\/\/nl-nl.facebook.com\/nooteboomtrailers\/","article_modified_time":"2017-11-09T12:22:55+00:00","og_image":[{"width":2500,"height":1667,"url":"https:\/\/www.nooteboom.com\/wp-content\/uploads\/shutterstock_389476762.jpg","type":"image\/jpeg"}],"twitter_card":"summary_large_image","twitter_misc":{"Tiempo de lectura":"1 minuto"},"schema":{"@context":"https:\/\/schema.org","@graph":[{"@type":"WebPage","@id":"https:\/\/www.nooteboom.com\/es\/quienes-somos\/segmentos-de-mercado\/plataformas-de-acceso-y-manipuladoras-telescopicas\/","url":"https:\/\/www.nooteboom.com\/es\/quienes-somos\/segmentos-de-mercado\/plataformas-de-acceso-y-manipuladoras-telescopicas\/","name":"Plataformas de acceso y manipuladoras telesc\u00f3picas | Nooteboom Trailers","isPartOf":{"@id":"https:\/\/www.nooteboom.com\/es\/#website"},"primaryImageOfPage":{"@id":"https:\/\/www.nooteboom.com\/es\/quienes-somos\/segmentos-de-mercado\/plataformas-de-acceso-y-manipuladoras-telescopicas\/#primaryimage"},"image":{"@id":"https:\/\/www.nooteboom.com\/es\/quienes-somos\/segmentos-de-mercado\/plataformas-de-acceso-y-manipuladoras-telescopicas\/#primaryimage"},"thumbnailUrl":"https:\/\/www.nooteboom.com\/wp-content\/uploads\/shutterstock_389476762.jpg","datePublished":"2016-08-08T08:57:36+00:00","dateModified":"2017-11-09T12:22:55+00:00","description":"Nooteboom trabaja junto con fabricantes y operadores de transporte de plataformas de acceso y manipuladoras telesc\u00f3picas.","breadcrumb":{"@id":"https:\/\/www.nooteboom.com\/es\/quienes-somos\/segmentos-de-mercado\/plataformas-de-acceso-y-manipuladoras-telescopicas\/#breadcrumb"},"inLanguage":"es","potentialAction":[{"@type":"ReadAction","target":["https:\/\/www.nooteboom.com\/es\/quienes-somos\/segmentos-de-mercado\/plataformas-de-acceso-y-manipuladoras-telescopicas\/"]}]},{"@type":"ImageObject","inLanguage":"es","@id":"https:\/\/www.nooteboom.com\/es\/quienes-somos\/segmentos-de-mercado\/plataformas-de-acceso-y-manipuladoras-telescopicas\/#primaryimage","url":"https:\/\/www.nooteboom.com\/wp-content\/uploads\/shutterstock_389476762.jpg","contentUrl":"https:\/\/www.nooteboom.com\/wp-content\/uploads\/shutterstock_389476762.jpg","width":2500,"height":1667,"caption":"Plataformas de acceso"},{"@type":"BreadcrumbList","@id":"https:\/\/www.nooteboom.com\/es\/quienes-somos\/segmentos-de-mercado\/plataformas-de-acceso-y-manipuladoras-telescopicas\/#breadcrumb","itemListElement":[{"@type":"ListItem","position":1,"name":"Home","item":"https:\/\/www.nooteboom.com\/es\/"},{"@type":"ListItem","position":2,"name":"Quienes somos","item":"https:\/\/www.nooteboom.com\/es\/quienes-somos\/"},{"@type":"ListItem","position":3,"name":"Segmentos de mercado","item":"https:\/\/www.nooteboom.com\/es\/quienes-somos\/segmentos-de-mercado\/"},{"@type":"ListItem","position":4,"name":"Plataformas de acceso y manipuladoras telesc\u00f3picas"}]},{"@type":"WebSite","@id":"https:\/\/www.nooteboom.com\/es\/#website","url":"https:\/\/www.nooteboom.com\/es\/","name":"Nooteboom Trailers","description":"Gets you there.","publisher":{"@id":"https:\/\/www.nooteboom.com\/es\/#organization"},"potentialAction":[{"@type":"SearchAction","target":{"@type":"EntryPoint","urlTemplate":"https:\/\/www.nooteboom.com\/es\/?s={search_term_string}"},"query-input":{"@type":"PropertyValueSpecification","valueRequired":true,"valueName":"search_term_string"}}],"inLanguage":"es"},{"@type":"Organization","@id":"https:\/\/www.nooteboom.com\/es\/#organization","name":"Nooteboom Trailers","url":"https:\/\/www.nooteboom.com\/es\/","logo":{"@type":"ImageObject","inLanguage":"es","@id":"https:\/\/www.nooteboom.com\/es\/#\/schema\/logo\/image\/","url":"https:\/\/www.nooteboom.com\/wp-content\/uploads\/logo.png","contentUrl":"https:\/\/www.nooteboom.com\/wp-content\/uploads\/logo.png","width":111,"height":66,"caption":"Nooteboom Trailers"},"image":{"@id":"https:\/\/www.nooteboom.com\/es\/#\/schema\/logo\/image\/"},"sameAs":["https:\/\/nl-nl.facebook.com\/nooteboomtrailers\/","https:\/\/nl.linkedin.com\/company\/nooteboom-trailers","https:\/\/www.youtube.com\/user\/Nooteboomtrailers"]}]}},"_links":{"self":[{"href":"https:\/\/www.nooteboom.com\/es\/wp-json\/wp\/v2\/pages\/10539","targetHints":{"allow":["GET"]}}],"collection":[{"href":"https:\/\/www.nooteboom.com\/es\/wp-json\/wp\/v2\/pages"}],"about":[{"href":"https:\/\/www.nooteboom.com\/es\/wp-json\/wp\/v2\/types\/page"}],"author":[{"embeddable":true,"href":"https:\/\/www.nooteboom.com\/es\/wp-json\/wp\/v2\/users\/45"}],"replies":[{"embeddable":true,"href":"https:\/\/www.nooteboom.com\/es\/wp-json\/wp\/v2\/comments?post=10539"}],"version-history":[{"count":6,"href":"https:\/\/www.nooteboom.com\/es\/wp-json\/wp\/v2\/pages\/10539\/revisions"}],"predecessor-version":[{"id":12298,"href":"https:\/\/www.nooteboom.com\/es\/wp-json\/wp\/v2\/pages\/10539\/revisions\/12298"}],"up":[{"embeddable":true,"href":"https:\/\/www.nooteboom.com\/es\/wp-json\/wp\/v2\/pages\/10537"}],"wp:featuredmedia":[{"embeddable":true,"href":"https:\/\/www.nooteboom.com\/es\/wp-json\/wp\/v2\/media\/7062"}],"wp:attachment":[{"href":"https:\/\/www.nooteboom.com\/es\/wp-json\/wp\/v2\/media?parent=10539"}],"curies":[{"name":"wp","href":"https:\/\/api.w.org\/{rel}","templated":true}]}}