{"id":10515,"date":"2016-08-08T10:39:31","date_gmt":"2016-08-08T08:39:31","guid":{"rendered":"https:\/\/www.nooteboom.com\/?page_id=10515&#038;lang=es"},"modified":"2021-04-07T09:11:46","modified_gmt":"2021-04-07T07:11:46","slug":"acerca-de-nooteboom","status":"publish","type":"page","link":"https:\/\/www.nooteboom.com\/es\/quienes-somos\/acerca-de-nooteboom\/","title":{"rendered":"Acerca de Nooteboom"},"content":{"rendered":"<div class=\"wpb-content-wrapper\"><p>[vc_row][vc_column][vc_column_text]Nooteboom Trailers B.V., un negocio familiar fundado en 1881, es una organizaci\u00f3n internacional que ofrece a sus clientes soluciones completas en el campo del transporte especial. Nooteboom dise\u00f1a y construye remolques de la m\u00e1s alta calidad con una carga \u00fatil de 20 a 200 toneladas.\u00a0Nooteboom se esfuerza continuamente por mejorar mediante una continua inversi\u00f3n en las mejores soluciones para sus clientes. Pensando y trabajando realmente de una manera pionera. Ya sea en lo relativo a la calidad de sus productos, el soporte ofrecido con el concepto de servicio para el ciclo de vida o las muchas soluciones innovadoras con las que Nooteboom marca tendencia una y otra vez.<\/p>\n<p>Con su concepto de servicio internacional Nooteboom tambi\u00e9n proporciona mantenimiento fiable, servicio y reacondicionamiento, entrega de repuestos y compraventa de remolques usados.[\/vc_column_text][\/vc_column][\/vc_row][vc_row][vc_column width=\u00bb1\/2&#8243;][vc_single_image image=\u00bb30467&#8243; img_size=\u00bblarge\u00bb css_animation=\u00bbleft-to-right\u00bb][\/vc_column][vc_column width=\u00bb1\/2&#8243;][vc_column_text]Nooteboom ayuda a los propietarios a maximizar su retorno de la inversi\u00f3n debido al bajo coste de propiedad total. Esto significa que se debe hacer menos mantenimiento en el taller, el veh\u00edculo se puede utilizar de manera m\u00e1s eficiente y el conductor disfruta de un manejo del veh\u00edculo m\u00e1s f\u00e1cil. En una palabra: Nooteboom. <strong><em>Gets you there.<\/em><\/strong><\/p>\n<p>La sede central de Nooteboom est\u00e1 ubicada en Wijchen, Pa\u00edses Bajos, y tienen una plantilla m\u00e1s de 500 empleados. La facturaci\u00f3n de la empresa son aprox. 100 millones de \u20ac con unos resultados considerables.<\/p>\n<p><a class=\"button\" href=\"https:\/\/www.nooteboom.com\/es\/quienes-somos\/valores\/\">Valores<\/a>[\/vc_column_text][\/vc_column][\/vc_row]<\/p>\n<\/div>","protected":false},"excerpt":{"rendered":"[vc_row][vc_column][vc_column_text]Nooteboom Trailers B.V., un negocio familiar fundado en 1881, es una organizaci\u00f3n internacional que ofrece a sus clientes soluciones completas&#8230;","protected":false},"author":45,"featured_media":2383477,"parent":10513,"menu_order":1,"comment_status":"closed","ping_status":"closed","template":"","meta":{"_acf_changed":false,"inline_featured_image":false,"footnotes":""},"class_list":["post-10515","page","type-page","status-publish","has-post-thumbnail","hentry"],"acf":[],"yoast_head":"<!-- This site is optimized with the Yoast SEO Premium plugin v25.7.1 (Yoast SEO v25.7) - https:\/\/yoast.com\/wordpress\/plugins\/seo\/ -->\n<title>Acerca de Nooteboom | Nooteboom Trailers<\/title>\n<meta name=\"description\" content=\"Nooteboom Trailers B.V., un negocio familiar fundado en 1881, es una organizaci\u00f3n internacional que ofrece a sus clientes soluciones completas...\" \/>\n<meta name=\"robots\" content=\"index, follow, max-snippet:-1, max-image-preview:large, max-video-preview:-1\" \/>\n<link rel=\"canonical\" href=\"https:\/\/www.nooteboom.com\/es\/quienes-somos\/acerca-de-nooteboom\/\" \/>\n<meta property=\"og:locale\" content=\"es_ES\" \/>\n<meta property=\"og:type\" content=\"article\" \/>\n<meta property=\"og:title\" content=\"Acerca de Nooteboom\" \/>\n<meta property=\"og:description\" content=\"Nooteboom Trailers B.V., un negocio familiar fundado en 1881, es una organizaci\u00f3n internacional que ofrece a sus clientes soluciones completas...\" \/>\n<meta property=\"og:url\" content=\"https:\/\/www.nooteboom.com\/es\/quienes-somos\/acerca-de-nooteboom\/\" \/>\n<meta property=\"og:site_name\" content=\"Nooteboom Trailers\" \/>\n<meta property=\"article:publisher\" content=\"https:\/\/nl-nl.facebook.com\/nooteboomtrailers\/\" \/>\n<meta property=\"article:modified_time\" content=\"2021-04-07T07:11:46+00:00\" \/>\n<meta property=\"og:image\" content=\"https:\/\/www.nooteboom.com\/wp-content\/uploads\/who-we-are-1.jpg\" \/>\n\t<meta property=\"og:image:width\" content=\"2000\" \/>\n\t<meta property=\"og:image:height\" content=\"980\" \/>\n\t<meta property=\"og:image:type\" content=\"image\/jpeg\" \/>\n<meta name=\"twitter:card\" content=\"summary_large_image\" \/>\n<meta name=\"twitter:label1\" content=\"Tiempo de lectura\" \/>\n\t<meta name=\"twitter:data1\" content=\"1 minuto\" \/>\n<script type=\"application\/ld+json\" class=\"yoast-schema-graph\">{\"@context\":\"https:\/\/schema.org\",\"@graph\":[{\"@type\":\"WebPage\",\"@id\":\"https:\/\/www.nooteboom.com\/es\/quienes-somos\/acerca-de-nooteboom\/\",\"url\":\"https:\/\/www.nooteboom.com\/es\/quienes-somos\/acerca-de-nooteboom\/\",\"name\":\"Acerca de Nooteboom | Nooteboom Trailers\",\"isPartOf\":{\"@id\":\"https:\/\/www.nooteboom.com\/es\/#website\"},\"primaryImageOfPage\":{\"@id\":\"https:\/\/www.nooteboom.com\/es\/quienes-somos\/acerca-de-nooteboom\/#primaryimage\"},\"image\":{\"@id\":\"https:\/\/www.nooteboom.com\/es\/quienes-somos\/acerca-de-nooteboom\/#primaryimage\"},\"thumbnailUrl\":\"https:\/\/www.nooteboom.com\/wp-content\/uploads\/Cover-nooteboom.jpg\",\"datePublished\":\"2016-08-08T08:39:31+00:00\",\"dateModified\":\"2021-04-07T07:11:46+00:00\",\"description\":\"Nooteboom Trailers B.V., un negocio familiar fundado en 1881, es una organizaci\u00f3n internacional que ofrece a sus clientes soluciones completas...\",\"breadcrumb\":{\"@id\":\"https:\/\/www.nooteboom.com\/es\/quienes-somos\/acerca-de-nooteboom\/#breadcrumb\"},\"inLanguage\":\"es\",\"potentialAction\":[{\"@type\":\"ReadAction\",\"target\":[\"https:\/\/www.nooteboom.com\/es\/quienes-somos\/acerca-de-nooteboom\/\"]}]},{\"@type\":\"ImageObject\",\"inLanguage\":\"es\",\"@id\":\"https:\/\/www.nooteboom.com\/es\/quienes-somos\/acerca-de-nooteboom\/#primaryimage\",\"url\":\"https:\/\/www.nooteboom.com\/wp-content\/uploads\/Cover-nooteboom.jpg\",\"contentUrl\":\"https:\/\/www.nooteboom.com\/wp-content\/uploads\/Cover-nooteboom.jpg\",\"width\":1920,\"height\":1235},{\"@type\":\"BreadcrumbList\",\"@id\":\"https:\/\/www.nooteboom.com\/es\/quienes-somos\/acerca-de-nooteboom\/#breadcrumb\",\"itemListElement\":[{\"@type\":\"ListItem\",\"position\":1,\"name\":\"Home\",\"item\":\"https:\/\/www.nooteboom.com\/es\/\"},{\"@type\":\"ListItem\",\"position\":2,\"name\":\"Quienes somos\",\"item\":\"https:\/\/www.nooteboom.com\/es\/quienes-somos\/\"},{\"@type\":\"ListItem\",\"position\":3,\"name\":\"Acerca de Nooteboom\"}]},{\"@type\":\"WebSite\",\"@id\":\"https:\/\/www.nooteboom.com\/es\/#website\",\"url\":\"https:\/\/www.nooteboom.com\/es\/\",\"name\":\"Nooteboom Trailers\",\"description\":\"Gets you there.\",\"publisher\":{\"@id\":\"https:\/\/www.nooteboom.com\/es\/#organization\"},\"potentialAction\":[{\"@type\":\"SearchAction\",\"target\":{\"@type\":\"EntryPoint\",\"urlTemplate\":\"https:\/\/www.nooteboom.com\/es\/?s={search_term_string}\"},\"query-input\":{\"@type\":\"PropertyValueSpecification\",\"valueRequired\":true,\"valueName\":\"search_term_string\"}}],\"inLanguage\":\"es\"},{\"@type\":\"Organization\",\"@id\":\"https:\/\/www.nooteboom.com\/es\/#organization\",\"name\":\"Nooteboom Trailers\",\"url\":\"https:\/\/www.nooteboom.com\/es\/\",\"logo\":{\"@type\":\"ImageObject\",\"inLanguage\":\"es\",\"@id\":\"https:\/\/www.nooteboom.com\/es\/#\/schema\/logo\/image\/\",\"url\":\"https:\/\/www.nooteboom.com\/wp-content\/uploads\/logo.png\",\"contentUrl\":\"https:\/\/www.nooteboom.com\/wp-content\/uploads\/logo.png\",\"width\":111,\"height\":66,\"caption\":\"Nooteboom Trailers\"},\"image\":{\"@id\":\"https:\/\/www.nooteboom.com\/es\/#\/schema\/logo\/image\/\"},\"sameAs\":[\"https:\/\/nl-nl.facebook.com\/nooteboomtrailers\/\",\"https:\/\/nl.linkedin.com\/company\/nooteboom-trailers\",\"https:\/\/www.youtube.com\/user\/Nooteboomtrailers\"]}]}<\/script>\n<!-- \/ Yoast SEO Premium plugin. -->","yoast_head_json":{"title":"Acerca de Nooteboom | Nooteboom Trailers","description":"Nooteboom Trailers B.V., un negocio familiar fundado en 1881, es una organizaci\u00f3n internacional que ofrece a sus clientes soluciones completas...","robots":{"index":"index","follow":"follow","max-snippet":"max-snippet:-1","max-image-preview":"max-image-preview:large","max-video-preview":"max-video-preview:-1"},"canonical":"https:\/\/www.nooteboom.com\/es\/quienes-somos\/acerca-de-nooteboom\/","og_locale":"es_ES","og_type":"article","og_title":"Acerca de Nooteboom","og_description":"Nooteboom Trailers B.V., un negocio familiar fundado en 1881, es una organizaci\u00f3n internacional que ofrece a sus clientes soluciones completas...","og_url":"https:\/\/www.nooteboom.com\/es\/quienes-somos\/acerca-de-nooteboom\/","og_site_name":"Nooteboom Trailers","article_publisher":"https:\/\/nl-nl.facebook.com\/nooteboomtrailers\/","article_modified_time":"2021-04-07T07:11:46+00:00","og_image":[{"width":2000,"height":980,"url":"https:\/\/www.nooteboom.com\/wp-content\/uploads\/who-we-are-1.jpg","type":"image\/jpeg"}],"twitter_card":"summary_large_image","twitter_misc":{"Tiempo de lectura":"1 minuto"},"schema":{"@context":"https:\/\/schema.org","@graph":[{"@type":"WebPage","@id":"https:\/\/www.nooteboom.com\/es\/quienes-somos\/acerca-de-nooteboom\/","url":"https:\/\/www.nooteboom.com\/es\/quienes-somos\/acerca-de-nooteboom\/","name":"Acerca de Nooteboom | Nooteboom Trailers","isPartOf":{"@id":"https:\/\/www.nooteboom.com\/es\/#website"},"primaryImageOfPage":{"@id":"https:\/\/www.nooteboom.com\/es\/quienes-somos\/acerca-de-nooteboom\/#primaryimage"},"image":{"@id":"https:\/\/www.nooteboom.com\/es\/quienes-somos\/acerca-de-nooteboom\/#primaryimage"},"thumbnailUrl":"https:\/\/www.nooteboom.com\/wp-content\/uploads\/Cover-nooteboom.jpg","datePublished":"2016-08-08T08:39:31+00:00","dateModified":"2021-04-07T07:11:46+00:00","description":"Nooteboom Trailers B.V., un negocio familiar fundado en 1881, es una organizaci\u00f3n internacional que ofrece a sus clientes soluciones completas...","breadcrumb":{"@id":"https:\/\/www.nooteboom.com\/es\/quienes-somos\/acerca-de-nooteboom\/#breadcrumb"},"inLanguage":"es","potentialAction":[{"@type":"ReadAction","target":["https:\/\/www.nooteboom.com\/es\/quienes-somos\/acerca-de-nooteboom\/"]}]},{"@type":"ImageObject","inLanguage":"es","@id":"https:\/\/www.nooteboom.com\/es\/quienes-somos\/acerca-de-nooteboom\/#primaryimage","url":"https:\/\/www.nooteboom.com\/wp-content\/uploads\/Cover-nooteboom.jpg","contentUrl":"https:\/\/www.nooteboom.com\/wp-content\/uploads\/Cover-nooteboom.jpg","width":1920,"height":1235},{"@type":"BreadcrumbList","@id":"https:\/\/www.nooteboom.com\/es\/quienes-somos\/acerca-de-nooteboom\/#breadcrumb","itemListElement":[{"@type":"ListItem","position":1,"name":"Home","item":"https:\/\/www.nooteboom.com\/es\/"},{"@type":"ListItem","position":2,"name":"Quienes somos","item":"https:\/\/www.nooteboom.com\/es\/quienes-somos\/"},{"@type":"ListItem","position":3,"name":"Acerca de Nooteboom"}]},{"@type":"WebSite","@id":"https:\/\/www.nooteboom.com\/es\/#website","url":"https:\/\/www.nooteboom.com\/es\/","name":"Nooteboom Trailers","description":"Gets you there.","publisher":{"@id":"https:\/\/www.nooteboom.com\/es\/#organization"},"potentialAction":[{"@type":"SearchAction","target":{"@type":"EntryPoint","urlTemplate":"https:\/\/www.nooteboom.com\/es\/?s={search_term_string}"},"query-input":{"@type":"PropertyValueSpecification","valueRequired":true,"valueName":"search_term_string"}}],"inLanguage":"es"},{"@type":"Organization","@id":"https:\/\/www.nooteboom.com\/es\/#organization","name":"Nooteboom Trailers","url":"https:\/\/www.nooteboom.com\/es\/","logo":{"@type":"ImageObject","inLanguage":"es","@id":"https:\/\/www.nooteboom.com\/es\/#\/schema\/logo\/image\/","url":"https:\/\/www.nooteboom.com\/wp-content\/uploads\/logo.png","contentUrl":"https:\/\/www.nooteboom.com\/wp-content\/uploads\/logo.png","width":111,"height":66,"caption":"Nooteboom Trailers"},"image":{"@id":"https:\/\/www.nooteboom.com\/es\/#\/schema\/logo\/image\/"},"sameAs":["https:\/\/nl-nl.facebook.com\/nooteboomtrailers\/","https:\/\/nl.linkedin.com\/company\/nooteboom-trailers","https:\/\/www.youtube.com\/user\/Nooteboomtrailers"]}]}},"_links":{"self":[{"href":"https:\/\/www.nooteboom.com\/es\/wp-json\/wp\/v2\/pages\/10515","targetHints":{"allow":["GET"]}}],"collection":[{"href":"https:\/\/www.nooteboom.com\/es\/wp-json\/wp\/v2\/pages"}],"about":[{"href":"https:\/\/www.nooteboom.com\/es\/wp-json\/wp\/v2\/types\/page"}],"author":[{"embeddable":true,"href":"https:\/\/www.nooteboom.com\/es\/wp-json\/wp\/v2\/users\/45"}],"replies":[{"embeddable":true,"href":"https:\/\/www.nooteboom.com\/es\/wp-json\/wp\/v2\/comments?post=10515"}],"version-history":[{"count":11,"href":"https:\/\/www.nooteboom.com\/es\/wp-json\/wp\/v2\/pages\/10515\/revisions"}],"predecessor-version":[{"id":1872259,"href":"https:\/\/www.nooteboom.com\/es\/wp-json\/wp\/v2\/pages\/10515\/revisions\/1872259"}],"up":[{"embeddable":true,"href":"https:\/\/www.nooteboom.com\/es\/wp-json\/wp\/v2\/pages\/10513"}],"wp:featuredmedia":[{"embeddable":true,"href":"https:\/\/www.nooteboom.com\/es\/wp-json\/wp\/v2\/media\/2383477"}],"wp:attachment":[{"href":"https:\/\/www.nooteboom.com\/es\/wp-json\/wp\/v2\/media?parent=10515"}],"curies":[{"name":"wp","href":"https:\/\/api.w.org\/{rel}","templated":true}]}}