{"id":10513,"date":"2016-08-08T10:38:52","date_gmt":"2016-08-08T08:38:52","guid":{"rendered":"https:\/\/www.nooteboom.com\/?page_id=10513&#038;lang=es"},"modified":"2023-02-08T08:19:42","modified_gmt":"2023-02-08T07:19:42","slug":"quienes-somos","status":"publish","type":"page","link":"https:\/\/www.nooteboom.com\/es\/quienes-somos\/","title":{"rendered":"Quienes somos"},"content":{"rendered":"<div class=\"wpb-content-wrapper\"><p>[vc_row][vc_column][vc_column_text]<\/p>\n<h2>Empresa<\/h2>\n<p>Nooteboom Trailers B.V., un negocio familiar fundado en 1881, es una organizaci\u00f3n internacional que ofrece a sus clientes soluciones completas en el campo del transporte especial. Nooteboom dise\u00f1a y construye remolques de la m\u00e1s alta calidad con una carga \u00fatil de 20 a 200 toneladas.<\/p>\n<p>Con su concepto de servicio internacional Nooteboom tambi\u00e9n proporciona mantenimiento fiable, servicio y reacondicionamiento, entrega de repuestos y compraventa de remolques usados.<\/p>\n<p><a class=\"button\" href=\"https:\/\/www.nooteboom.com\/es\/quienes-somos\/acerca-de-nooteboom\/\">Leer m\u00e1s&#8230;<\/a>[\/vc_column_text][\/vc_column][\/vc_row][vc_row][vc_column width=\u00bb1\/2&#8243;][vc_single_image image=\u00bb960&#8243; img_size=\u00bblarge\u00bb][vc_column_text]<\/p>\n<h2>Innovaci\u00f3n<\/h2>\n<p>Desde la constituci\u00f3n de la empresa en 1881, la innovaci\u00f3n ha sido crucial en Nooteboom. Innovaciones pioneras aseguran que los remolques de Nooteboom marquen la pauta en el mercado del transporte especial por carretera.<\/p>\n<p><a class=\"button\" href=\"https:\/\/www.nooteboom.com\/es\/quienes-somos\/innovacion\/\">Leer m\u00e1s&#8230;<\/a>[\/vc_column_text][\/vc_column][vc_column width=\u00bb1\/2&#8243;][vc_single_image image=\u00bb972&#8243; img_size=\u00bblarge\u00bb][vc_column_text]<\/p>\n<h2>Historia<\/h2>\n<p>Marinka Nooteboom es la Directora General de Koninklijke Nooteboom Group. La primera mujer en coger el tim\u00f3n de la empresa familiar, la cual fue fundada en 1881 por su tatarabuelo, el herrero Willem Nooteboom.<\/p>\n<p><a class=\"button\" href=\"https:\/\/www.nooteboom.com\/es\/quienes-somos\/historia\/\">Leer m\u00e1s&#8230;<\/a>[\/vc_column_text][\/vc_column][\/vc_row]<\/p>\n<\/div>","protected":false},"excerpt":{"rendered":"[vc_row][vc_column][vc_column_text] Empresa Nooteboom Trailers B.V., un negocio familiar fundado en 1881, es una organizaci\u00f3n internacional que ofrece a sus clientes&#8230;","protected":false},"author":45,"featured_media":3902,"parent":0,"menu_order":0,"comment_status":"closed","ping_status":"closed","template":"","meta":{"_acf_changed":false,"inline_featured_image":false,"footnotes":""},"class_list":["post-10513","page","type-page","status-publish","has-post-thumbnail","hentry"],"acf":[],"yoast_head":"<!-- This site is optimized with the Yoast SEO Premium plugin v25.7.1 (Yoast SEO v25.7) - https:\/\/yoast.com\/wordpress\/plugins\/seo\/ -->\n<title>Quienes somos | Nooteboom Trailers<\/title>\n<meta name=\"description\" content=\"Nooteboom Trailers B.V., un negocio familiar fundado en 1881, es una organizaci\u00f3n internacional que ofrece a sus clientes soluciones completas...\" \/>\n<meta name=\"robots\" content=\"index, follow, max-snippet:-1, max-image-preview:large, max-video-preview:-1\" \/>\n<link rel=\"canonical\" href=\"https:\/\/www.nooteboom.com\/es\/quienes-somos\/\" \/>\n<meta property=\"og:locale\" content=\"es_ES\" \/>\n<meta property=\"og:type\" content=\"article\" \/>\n<meta property=\"og:title\" content=\"Quienes somos\" \/>\n<meta property=\"og:description\" content=\"Nooteboom Trailers B.V., un negocio familiar fundado en 1881, es una organizaci\u00f3n internacional que ofrece a sus clientes soluciones completas...\" \/>\n<meta property=\"og:url\" content=\"https:\/\/www.nooteboom.com\/es\/quienes-somos\/\" \/>\n<meta property=\"og:site_name\" content=\"Nooteboom Trailers\" \/>\n<meta property=\"article:publisher\" content=\"https:\/\/nl-nl.facebook.com\/nooteboomtrailers\/\" \/>\n<meta property=\"article:modified_time\" content=\"2023-02-08T07:19:42+00:00\" \/>\n<meta property=\"og:image\" content=\"https:\/\/www.nooteboom.com\/wp-content\/uploads\/who-we-are-1.jpg\" \/>\n\t<meta property=\"og:image:width\" content=\"2000\" \/>\n\t<meta property=\"og:image:height\" content=\"980\" \/>\n\t<meta property=\"og:image:type\" content=\"image\/jpeg\" \/>\n<meta name=\"twitter:card\" content=\"summary_large_image\" \/>\n<meta name=\"twitter:label1\" content=\"Tiempo de lectura\" \/>\n\t<meta name=\"twitter:data1\" content=\"1 minuto\" \/>\n<script type=\"application\/ld+json\" class=\"yoast-schema-graph\">{\"@context\":\"https:\/\/schema.org\",\"@graph\":[{\"@type\":\"WebPage\",\"@id\":\"https:\/\/www.nooteboom.com\/es\/quienes-somos\/\",\"url\":\"https:\/\/www.nooteboom.com\/es\/quienes-somos\/\",\"name\":\"Quienes somos | Nooteboom Trailers\",\"isPartOf\":{\"@id\":\"https:\/\/www.nooteboom.com\/es\/#website\"},\"primaryImageOfPage\":{\"@id\":\"https:\/\/www.nooteboom.com\/es\/quienes-somos\/#primaryimage\"},\"image\":{\"@id\":\"https:\/\/www.nooteboom.com\/es\/quienes-somos\/#primaryimage\"},\"thumbnailUrl\":\"https:\/\/www.nooteboom.com\/wp-content\/uploads\/who-we-are-1.jpg\",\"datePublished\":\"2016-08-08T08:38:52+00:00\",\"dateModified\":\"2023-02-08T07:19:42+00:00\",\"description\":\"Nooteboom Trailers B.V., un negocio familiar fundado en 1881, es una organizaci\u00f3n internacional que ofrece a sus clientes soluciones completas...\",\"breadcrumb\":{\"@id\":\"https:\/\/www.nooteboom.com\/es\/quienes-somos\/#breadcrumb\"},\"inLanguage\":\"es\",\"potentialAction\":[{\"@type\":\"ReadAction\",\"target\":[\"https:\/\/www.nooteboom.com\/es\/quienes-somos\/\"]}]},{\"@type\":\"ImageObject\",\"inLanguage\":\"es\",\"@id\":\"https:\/\/www.nooteboom.com\/es\/quienes-somos\/#primaryimage\",\"url\":\"https:\/\/www.nooteboom.com\/wp-content\/uploads\/who-we-are-1.jpg\",\"contentUrl\":\"https:\/\/www.nooteboom.com\/wp-content\/uploads\/who-we-are-1.jpg\",\"width\":2000,\"height\":980,\"caption\":\"Nooteboom who we are\"},{\"@type\":\"BreadcrumbList\",\"@id\":\"https:\/\/www.nooteboom.com\/es\/quienes-somos\/#breadcrumb\",\"itemListElement\":[{\"@type\":\"ListItem\",\"position\":1,\"name\":\"Home\",\"item\":\"https:\/\/www.nooteboom.com\/es\/\"},{\"@type\":\"ListItem\",\"position\":2,\"name\":\"Quienes somos\"}]},{\"@type\":\"WebSite\",\"@id\":\"https:\/\/www.nooteboom.com\/es\/#website\",\"url\":\"https:\/\/www.nooteboom.com\/es\/\",\"name\":\"Nooteboom Trailers\",\"description\":\"Gets you there.\",\"publisher\":{\"@id\":\"https:\/\/www.nooteboom.com\/es\/#organization\"},\"potentialAction\":[{\"@type\":\"SearchAction\",\"target\":{\"@type\":\"EntryPoint\",\"urlTemplate\":\"https:\/\/www.nooteboom.com\/es\/?s={search_term_string}\"},\"query-input\":{\"@type\":\"PropertyValueSpecification\",\"valueRequired\":true,\"valueName\":\"search_term_string\"}}],\"inLanguage\":\"es\"},{\"@type\":\"Organization\",\"@id\":\"https:\/\/www.nooteboom.com\/es\/#organization\",\"name\":\"Nooteboom Trailers\",\"url\":\"https:\/\/www.nooteboom.com\/es\/\",\"logo\":{\"@type\":\"ImageObject\",\"inLanguage\":\"es\",\"@id\":\"https:\/\/www.nooteboom.com\/es\/#\/schema\/logo\/image\/\",\"url\":\"https:\/\/www.nooteboom.com\/wp-content\/uploads\/logo.png\",\"contentUrl\":\"https:\/\/www.nooteboom.com\/wp-content\/uploads\/logo.png\",\"width\":111,\"height\":66,\"caption\":\"Nooteboom Trailers\"},\"image\":{\"@id\":\"https:\/\/www.nooteboom.com\/es\/#\/schema\/logo\/image\/\"},\"sameAs\":[\"https:\/\/nl-nl.facebook.com\/nooteboomtrailers\/\",\"https:\/\/nl.linkedin.com\/company\/nooteboom-trailers\",\"https:\/\/www.youtube.com\/user\/Nooteboomtrailers\"]}]}<\/script>\n<!-- \/ Yoast SEO Premium plugin. -->","yoast_head_json":{"title":"Quienes somos | Nooteboom Trailers","description":"Nooteboom Trailers B.V., un negocio familiar fundado en 1881, es una organizaci\u00f3n internacional que ofrece a sus clientes soluciones completas...","robots":{"index":"index","follow":"follow","max-snippet":"max-snippet:-1","max-image-preview":"max-image-preview:large","max-video-preview":"max-video-preview:-1"},"canonical":"https:\/\/www.nooteboom.com\/es\/quienes-somos\/","og_locale":"es_ES","og_type":"article","og_title":"Quienes somos","og_description":"Nooteboom Trailers B.V., un negocio familiar fundado en 1881, es una organizaci\u00f3n internacional que ofrece a sus clientes soluciones completas...","og_url":"https:\/\/www.nooteboom.com\/es\/quienes-somos\/","og_site_name":"Nooteboom Trailers","article_publisher":"https:\/\/nl-nl.facebook.com\/nooteboomtrailers\/","article_modified_time":"2023-02-08T07:19:42+00:00","og_image":[{"width":2000,"height":980,"url":"https:\/\/www.nooteboom.com\/wp-content\/uploads\/who-we-are-1.jpg","type":"image\/jpeg"}],"twitter_card":"summary_large_image","twitter_misc":{"Tiempo de lectura":"1 minuto"},"schema":{"@context":"https:\/\/schema.org","@graph":[{"@type":"WebPage","@id":"https:\/\/www.nooteboom.com\/es\/quienes-somos\/","url":"https:\/\/www.nooteboom.com\/es\/quienes-somos\/","name":"Quienes somos | Nooteboom Trailers","isPartOf":{"@id":"https:\/\/www.nooteboom.com\/es\/#website"},"primaryImageOfPage":{"@id":"https:\/\/www.nooteboom.com\/es\/quienes-somos\/#primaryimage"},"image":{"@id":"https:\/\/www.nooteboom.com\/es\/quienes-somos\/#primaryimage"},"thumbnailUrl":"https:\/\/www.nooteboom.com\/wp-content\/uploads\/who-we-are-1.jpg","datePublished":"2016-08-08T08:38:52+00:00","dateModified":"2023-02-08T07:19:42+00:00","description":"Nooteboom Trailers B.V., un negocio familiar fundado en 1881, es una organizaci\u00f3n internacional que ofrece a sus clientes soluciones completas...","breadcrumb":{"@id":"https:\/\/www.nooteboom.com\/es\/quienes-somos\/#breadcrumb"},"inLanguage":"es","potentialAction":[{"@type":"ReadAction","target":["https:\/\/www.nooteboom.com\/es\/quienes-somos\/"]}]},{"@type":"ImageObject","inLanguage":"es","@id":"https:\/\/www.nooteboom.com\/es\/quienes-somos\/#primaryimage","url":"https:\/\/www.nooteboom.com\/wp-content\/uploads\/who-we-are-1.jpg","contentUrl":"https:\/\/www.nooteboom.com\/wp-content\/uploads\/who-we-are-1.jpg","width":2000,"height":980,"caption":"Nooteboom who we are"},{"@type":"BreadcrumbList","@id":"https:\/\/www.nooteboom.com\/es\/quienes-somos\/#breadcrumb","itemListElement":[{"@type":"ListItem","position":1,"name":"Home","item":"https:\/\/www.nooteboom.com\/es\/"},{"@type":"ListItem","position":2,"name":"Quienes somos"}]},{"@type":"WebSite","@id":"https:\/\/www.nooteboom.com\/es\/#website","url":"https:\/\/www.nooteboom.com\/es\/","name":"Nooteboom Trailers","description":"Gets you there.","publisher":{"@id":"https:\/\/www.nooteboom.com\/es\/#organization"},"potentialAction":[{"@type":"SearchAction","target":{"@type":"EntryPoint","urlTemplate":"https:\/\/www.nooteboom.com\/es\/?s={search_term_string}"},"query-input":{"@type":"PropertyValueSpecification","valueRequired":true,"valueName":"search_term_string"}}],"inLanguage":"es"},{"@type":"Organization","@id":"https:\/\/www.nooteboom.com\/es\/#organization","name":"Nooteboom Trailers","url":"https:\/\/www.nooteboom.com\/es\/","logo":{"@type":"ImageObject","inLanguage":"es","@id":"https:\/\/www.nooteboom.com\/es\/#\/schema\/logo\/image\/","url":"https:\/\/www.nooteboom.com\/wp-content\/uploads\/logo.png","contentUrl":"https:\/\/www.nooteboom.com\/wp-content\/uploads\/logo.png","width":111,"height":66,"caption":"Nooteboom Trailers"},"image":{"@id":"https:\/\/www.nooteboom.com\/es\/#\/schema\/logo\/image\/"},"sameAs":["https:\/\/nl-nl.facebook.com\/nooteboomtrailers\/","https:\/\/nl.linkedin.com\/company\/nooteboom-trailers","https:\/\/www.youtube.com\/user\/Nooteboomtrailers"]}]}},"_links":{"self":[{"href":"https:\/\/www.nooteboom.com\/es\/wp-json\/wp\/v2\/pages\/10513","targetHints":{"allow":["GET"]}}],"collection":[{"href":"https:\/\/www.nooteboom.com\/es\/wp-json\/wp\/v2\/pages"}],"about":[{"href":"https:\/\/www.nooteboom.com\/es\/wp-json\/wp\/v2\/types\/page"}],"author":[{"embeddable":true,"href":"https:\/\/www.nooteboom.com\/es\/wp-json\/wp\/v2\/users\/45"}],"replies":[{"embeddable":true,"href":"https:\/\/www.nooteboom.com\/es\/wp-json\/wp\/v2\/comments?post=10513"}],"version-history":[{"count":7,"href":"https:\/\/www.nooteboom.com\/es\/wp-json\/wp\/v2\/pages\/10513\/revisions"}],"predecessor-version":[{"id":1984610,"href":"https:\/\/www.nooteboom.com\/es\/wp-json\/wp\/v2\/pages\/10513\/revisions\/1984610"}],"wp:featuredmedia":[{"embeddable":true,"href":"https:\/\/www.nooteboom.com\/es\/wp-json\/wp\/v2\/media\/3902"}],"wp:attachment":[{"href":"https:\/\/www.nooteboom.com\/es\/wp-json\/wp\/v2\/media?parent=10513"}],"curies":[{"name":"wp","href":"https:\/\/api.w.org\/{rel}","templated":true}]}}